{"id":262839,"date":"2026-04-03T16:16:48","date_gmt":"2026-04-03T14:16:48","guid":{"rendered":"https:\/\/schweizversand.ch\/produkt\/10er-pack-balthasar-duftkerze\/"},"modified":"2026-04-03T16:54:51","modified_gmt":"2026-04-03T14:54:51","slug":"10er-pack-balthasar-duftkerze","status":"publish","type":"product","link":"https:\/\/schweizversand.ch\/fr\/produkt\/10er-pack-balthasar-duftkerze\/","title":{"rendered":"Pack de 10 bougies parfum\u00e9es Balthasar"},"content":{"rendered":"<p><strong>Profitez des chaudes soir\u00e9es d\u2019\u00e9t\u00e9 en plein air \u2013 sans insectes g\u00eanants !<\/strong><\/p>\n<p>Notre <strong>Lot de 10 Balthasar parfum\u00e9s \u00e0 la citronnelle bougie<\/strong> combine un design attrayant avec un anti-moustique naturel tr\u00e8s efficace.<\/p>\n<p><strong>Design \u00e9l\u00e9gant et protection naturelle<\/strong><\/p>\n<p>Les bougies en verre transparent de haute qualit\u00e9 avec une cire orange vif et un \u00e9l\u00e9gant gaufrage \u00ab SUMMER LIGHT \u00bb attirent tous les regards. Le parfum frais d\u2019agrumes de citronnelle \u00e9loigne les insectes efficacement et sans produits chimiques.<\/p>\n<p><strong>Parfait pour toute occasion en plein air<\/strong><\/p>\n<p>Qu\u2019il s\u2019agisse d\u2019une garden-party, d\u2019un barbecue ou d\u2019un verre de vin agr\u00e9able sur le balcon : Avec 10 bougies, vous pouvez facilement cr\u00e9er une barri\u00e8re anti-odeur protectrice autour de votre coin salon. Le verre robuste prot\u00e8ge la flamme de mani\u00e8re fiable contre le vent l\u00e9ger.<\/p>\n<p><strong>Vos avantages dans le lot de 10 :<\/strong><\/p>\n<ul>\n<li>R\u00e9pulsif naturel contre les moustiques gr\u00e2ce au v\u00e9ritable parfum de citronnelle<\/li>\n<li>Effet longue dur\u00e9e : env. 22 heures de combustion par bougie<\/li>\n<li>Flamme prot\u00e9g\u00e9e du vent gr\u00e2ce \u00e0 un verre transparent robuste<\/li>\n<li>Design attrayant en orange vif<\/li>\n<li>Forfait d\u2019\u00e9conomies id\u00e9al pour toute la saison ext\u00e9rieure<\/li>\n<\/ul>\n<p><strong>D\u00e9tails du produit par bougie :<\/strong><\/p>\n<ul>\n<li>Dimensions : 9 x 9 cm (\u00d8 x H)<\/li>\n<li>Couleur : Orange<\/li>\n<li>Conteneur : verre transparent<\/li>\n<li>Contenu de la livraison : 10x bougie parfum\u00e9e Balthasar Citronnelle<\/li>\n<\/ul>\n","protected":false},"excerpt":{"rendered":"<p>Passez une soir\u00e9e d\u2019\u00e9t\u00e9 parfaite avec notre lot exclusif de 10 les populaires bougies parfum\u00e9es Balthasar Citronnelle dans un verre !<\/p>\n","protected":false},"featured_media":262840,"comment_status":"open","ping_status":"closed","template":"","meta":[],"product_brand":[],"product_cat":[38163,39209],"product_tag":[],"class_list":{"0":"post-262839","1":"product","2":"type-product","3":"status-publish","4":"has-post-thumbnail","6":"product_cat-kerzen-feuer","7":"product_cat-lots-de-produits","9":"first","10":"instock","11":"sale","12":"taxable","13":"shipping-taxable","14":"purchasable","15":"product-type-yith_bundle"},"yoast_head":"<!-- This site is optimized with the Yoast SEO plugin v27.3 - https:\/\/yoast.com\/product\/yoast-seo-wordpress\/ -->\n<title>Pack de 10 bougies parfum\u00e9es Balthasar | Jetzt kaufen | Schweizversand.ch<\/title>\n<meta name=\"description\" content=\"Pack de 10 bougies parfum\u00e9es Balthasar g\u00fcnstig kaufen bei Schweizversand.ch. Schnelle Lieferung in der Schweiz. Gratisversand ab CHF 50.\" \/>\n<meta name=\"robots\" content=\"index, follow, max-snippet:-1, max-image-preview:large, max-video-preview:-1\" \/>\n<link rel=\"canonical\" href=\"https:\/\/schweizversand.ch\/fr\/produkt\/10er-pack-balthasar-duftkerze\/\" \/>\n<meta property=\"og:locale\" content=\"fr_FR\" \/>\n<meta property=\"og:type\" content=\"article\" \/>\n<meta property=\"og:title\" content=\"Pack de 10 bougies parfum\u00e9es Balthasar | Jetzt kaufen | Schweizversand.ch\" \/>\n<meta property=\"og:description\" content=\"Pack de 10 bougies parfum\u00e9es Balthasar g\u00fcnstig kaufen bei Schweizversand.ch. Schnelle Lieferung in der Schweiz. Gratisversand ab CHF 50.\" \/>\n<meta property=\"og:url\" content=\"https:\/\/schweizversand.ch\/fr\/produkt\/10er-pack-balthasar-duftkerze\/\" \/>\n<meta property=\"og:site_name\" content=\"Schweizer Shop f\u00fcr Sport, Spiel und Freizeit\" \/>\n<meta property=\"article:publisher\" content=\"https:\/\/www.facebook.com\/Schweizversand\" \/>\n<meta property=\"article:modified_time\" content=\"2026-04-03T14:54:51+00:00\" \/>\n<meta property=\"og:image\" content=\"https:\/\/schweizversand.ch\/wp-content\/uploads\/2026\/04\/bild_01_hauptbild-8-1024x1024.png\" \/>\n\t<meta property=\"og:image:width\" content=\"1024\" \/>\n\t<meta property=\"og:image:height\" content=\"1024\" \/>\n\t<meta property=\"og:image:type\" content=\"image\/png\" \/>\n<meta name=\"twitter:card\" content=\"summary_large_image\" \/>\n<meta name=\"twitter:label1\" content=\"Dur\u00e9e de lecture estim\u00e9e\" \/>\n\t<meta name=\"twitter:data1\" content=\"1 minute\" \/>\n<script type=\"application\/ld+json\" class=\"yoast-schema-graph\">{\"@context\":\"https:\\\/\\\/schema.org\",\"@graph\":[{\"@type\":\"WebPage\",\"@id\":\"https:\\\/\\\/schweizversand.ch\\\/fr\\\/produkt\\\/10er-pack-balthasar-duftkerze\\\/\",\"url\":\"https:\\\/\\\/schweizversand.ch\\\/fr\\\/produkt\\\/10er-pack-balthasar-duftkerze\\\/\",\"name\":\"Pack de 10 bougies parfum\u00e9es Balthasar | Jetzt kaufen | Schweizversand.ch\",\"isPartOf\":{\"@id\":\"https:\\\/\\\/schweizversand.ch\\\/fr\\\/#website\"},\"primaryImageOfPage\":{\"@id\":\"https:\\\/\\\/schweizversand.ch\\\/fr\\\/produkt\\\/10er-pack-balthasar-duftkerze\\\/#primaryimage\"},\"image\":{\"@id\":\"https:\\\/\\\/schweizversand.ch\\\/fr\\\/produkt\\\/10er-pack-balthasar-duftkerze\\\/#primaryimage\"},\"thumbnailUrl\":\"https:\\\/\\\/schweizversand.ch\\\/wp-content\\\/uploads\\\/2026\\\/04\\\/bild_01_hauptbild-8.png\",\"datePublished\":\"2026-04-03T14:16:48+00:00\",\"dateModified\":\"2026-04-03T14:54:51+00:00\",\"description\":\"Pack de 10 bougies parfum\u00e9es Balthasar g\u00fcnstig kaufen bei Schweizversand.ch. Schnelle Lieferung in der Schweiz. Gratisversand ab CHF 50.\",\"breadcrumb\":{\"@id\":\"https:\\\/\\\/schweizversand.ch\\\/fr\\\/produkt\\\/10er-pack-balthasar-duftkerze\\\/#breadcrumb\"},\"inLanguage\":\"fr-FR\",\"potentialAction\":[{\"@type\":\"ReadAction\",\"target\":[\"https:\\\/\\\/schweizversand.ch\\\/fr\\\/produkt\\\/10er-pack-balthasar-duftkerze\\\/\"]}]},{\"@type\":\"ImageObject\",\"inLanguage\":\"fr-FR\",\"@id\":\"https:\\\/\\\/schweizversand.ch\\\/fr\\\/produkt\\\/10er-pack-balthasar-duftkerze\\\/#primaryimage\",\"url\":\"https:\\\/\\\/schweizversand.ch\\\/wp-content\\\/uploads\\\/2026\\\/04\\\/bild_01_hauptbild-8.png\",\"contentUrl\":\"https:\\\/\\\/schweizversand.ch\\\/wp-content\\\/uploads\\\/2026\\\/04\\\/bild_01_hauptbild-8.png\",\"width\":2048,\"height\":2048},{\"@type\":\"BreadcrumbList\",\"@id\":\"https:\\\/\\\/schweizversand.ch\\\/fr\\\/produkt\\\/10er-pack-balthasar-duftkerze\\\/#breadcrumb\",\"itemListElement\":[{\"@type\":\"ListItem\",\"position\":1,\"name\":\"Startseite\",\"item\":\"https:\\\/\\\/schweizversand.ch\\\/fr\\\/\"},{\"@type\":\"ListItem\",\"position\":2,\"name\":\"Boutique\",\"item\":\"https:\\\/\\\/schweizversand.ch\\\/fr\\\/boutique\\\/\"},{\"@type\":\"ListItem\",\"position\":3,\"name\":\"Pack de 10 bougies parfum\u00e9es Balthasar\"}]},{\"@type\":\"WebSite\",\"@id\":\"https:\\\/\\\/schweizversand.ch\\\/fr\\\/#website\",\"url\":\"https:\\\/\\\/schweizversand.ch\\\/fr\\\/\",\"name\":\"Schweizer Shop f\u00fcr Sport, Spiel und Freizeit\",\"description\":\"Gratisversand ab 50.- (netto), ab eigenem schweizer Lager, Lieferung innert 48h\",\"publisher\":{\"@id\":\"https:\\\/\\\/schweizversand.ch\\\/fr\\\/#organization\"},\"alternateName\":\"Schweizversand.ch\",\"potentialAction\":[{\"@type\":\"SearchAction\",\"target\":{\"@type\":\"EntryPoint\",\"urlTemplate\":\"https:\\\/\\\/schweizversand.ch\\\/fr\\\/?s={search_term_string}\"},\"query-input\":{\"@type\":\"PropertyValueSpecification\",\"valueRequired\":true,\"valueName\":\"search_term_string\"}}],\"inLanguage\":\"fr-FR\"},{\"@type\":\"Organization\",\"@id\":\"https:\\\/\\\/schweizversand.ch\\\/fr\\\/#organization\",\"name\":\"Schweizversand.ch\",\"url\":\"https:\\\/\\\/schweizversand.ch\\\/fr\\\/\",\"logo\":{\"@type\":\"ImageObject\",\"inLanguage\":\"fr-FR\",\"@id\":\"https:\\\/\\\/schweizversand.ch\\\/fr\\\/#\\\/schema\\\/logo\\\/image\\\/\",\"url\":\"https:\\\/\\\/schweizversand.ch\\\/wp-content\\\/uploads\\\/2026\\\/03\\\/Logo_Rund_Final-1.png\",\"contentUrl\":\"https:\\\/\\\/schweizversand.ch\\\/wp-content\\\/uploads\\\/2026\\\/03\\\/Logo_Rund_Final-1.png\",\"width\":404,\"height\":404,\"caption\":\"Schweizversand.ch\"},\"image\":{\"@id\":\"https:\\\/\\\/schweizversand.ch\\\/fr\\\/#\\\/schema\\\/logo\\\/image\\\/\"},\"sameAs\":[\"https:\\\/\\\/www.facebook.com\\\/Schweizversand\",\"https:\\\/\\\/www.instagram.com\\\/schweizversand.ch\\\/\"]}]}<\/script>\n<!-- \/ Yoast SEO plugin. -->","yoast_head_json":{"title":"Pack de 10 bougies parfum\u00e9es Balthasar | Jetzt kaufen | Schweizversand.ch","description":"Pack de 10 bougies parfum\u00e9es Balthasar g\u00fcnstig kaufen bei Schweizversand.ch. Schnelle Lieferung in der Schweiz. Gratisversand ab CHF 50.","robots":{"index":"index","follow":"follow","max-snippet":"max-snippet:-1","max-image-preview":"max-image-preview:large","max-video-preview":"max-video-preview:-1"},"canonical":"https:\/\/schweizversand.ch\/fr\/produkt\/10er-pack-balthasar-duftkerze\/","og_locale":"fr_FR","og_type":"article","og_title":"Pack de 10 bougies parfum\u00e9es Balthasar | Jetzt kaufen | Schweizversand.ch","og_description":"Pack de 10 bougies parfum\u00e9es Balthasar g\u00fcnstig kaufen bei Schweizversand.ch. Schnelle Lieferung in der Schweiz. Gratisversand ab CHF 50.","og_url":"https:\/\/schweizversand.ch\/fr\/produkt\/10er-pack-balthasar-duftkerze\/","og_site_name":"Schweizer Shop f\u00fcr Sport, Spiel und Freizeit","article_publisher":"https:\/\/www.facebook.com\/Schweizversand","article_modified_time":"2026-04-03T14:54:51+00:00","og_image":[{"width":1024,"height":1024,"url":"https:\/\/schweizversand.ch\/wp-content\/uploads\/2026\/04\/bild_01_hauptbild-8-1024x1024.png","type":"image\/png"}],"twitter_card":"summary_large_image","twitter_misc":{"Dur\u00e9e de lecture estim\u00e9e":"1 minute"},"schema":{"@context":"https:\/\/schema.org","@graph":[{"@type":"WebPage","@id":"https:\/\/schweizversand.ch\/fr\/produkt\/10er-pack-balthasar-duftkerze\/","url":"https:\/\/schweizversand.ch\/fr\/produkt\/10er-pack-balthasar-duftkerze\/","name":"Pack de 10 bougies parfum\u00e9es Balthasar | Jetzt kaufen | Schweizversand.ch","isPartOf":{"@id":"https:\/\/schweizversand.ch\/fr\/#website"},"primaryImageOfPage":{"@id":"https:\/\/schweizversand.ch\/fr\/produkt\/10er-pack-balthasar-duftkerze\/#primaryimage"},"image":{"@id":"https:\/\/schweizversand.ch\/fr\/produkt\/10er-pack-balthasar-duftkerze\/#primaryimage"},"thumbnailUrl":"https:\/\/schweizversand.ch\/wp-content\/uploads\/2026\/04\/bild_01_hauptbild-8.png","datePublished":"2026-04-03T14:16:48+00:00","dateModified":"2026-04-03T14:54:51+00:00","description":"Pack de 10 bougies parfum\u00e9es Balthasar g\u00fcnstig kaufen bei Schweizversand.ch. Schnelle Lieferung in der Schweiz. Gratisversand ab CHF 50.","breadcrumb":{"@id":"https:\/\/schweizversand.ch\/fr\/produkt\/10er-pack-balthasar-duftkerze\/#breadcrumb"},"inLanguage":"fr-FR","potentialAction":[{"@type":"ReadAction","target":["https:\/\/schweizversand.ch\/fr\/produkt\/10er-pack-balthasar-duftkerze\/"]}]},{"@type":"ImageObject","inLanguage":"fr-FR","@id":"https:\/\/schweizversand.ch\/fr\/produkt\/10er-pack-balthasar-duftkerze\/#primaryimage","url":"https:\/\/schweizversand.ch\/wp-content\/uploads\/2026\/04\/bild_01_hauptbild-8.png","contentUrl":"https:\/\/schweizversand.ch\/wp-content\/uploads\/2026\/04\/bild_01_hauptbild-8.png","width":2048,"height":2048},{"@type":"BreadcrumbList","@id":"https:\/\/schweizversand.ch\/fr\/produkt\/10er-pack-balthasar-duftkerze\/#breadcrumb","itemListElement":[{"@type":"ListItem","position":1,"name":"Startseite","item":"https:\/\/schweizversand.ch\/fr\/"},{"@type":"ListItem","position":2,"name":"Boutique","item":"https:\/\/schweizversand.ch\/fr\/boutique\/"},{"@type":"ListItem","position":3,"name":"Pack de 10 bougies parfum\u00e9es Balthasar"}]},{"@type":"WebSite","@id":"https:\/\/schweizversand.ch\/fr\/#website","url":"https:\/\/schweizversand.ch\/fr\/","name":"Schweizer Shop f\u00fcr Sport, Spiel und Freizeit","description":"Gratisversand ab 50.- (netto), ab eigenem schweizer Lager, Lieferung innert 48h","publisher":{"@id":"https:\/\/schweizversand.ch\/fr\/#organization"},"alternateName":"Schweizversand.ch","potentialAction":[{"@type":"SearchAction","target":{"@type":"EntryPoint","urlTemplate":"https:\/\/schweizversand.ch\/fr\/?s={search_term_string}"},"query-input":{"@type":"PropertyValueSpecification","valueRequired":true,"valueName":"search_term_string"}}],"inLanguage":"fr-FR"},{"@type":"Organization","@id":"https:\/\/schweizversand.ch\/fr\/#organization","name":"Schweizversand.ch","url":"https:\/\/schweizversand.ch\/fr\/","logo":{"@type":"ImageObject","inLanguage":"fr-FR","@id":"https:\/\/schweizversand.ch\/fr\/#\/schema\/logo\/image\/","url":"https:\/\/schweizversand.ch\/wp-content\/uploads\/2026\/03\/Logo_Rund_Final-1.png","contentUrl":"https:\/\/schweizversand.ch\/wp-content\/uploads\/2026\/03\/Logo_Rund_Final-1.png","width":404,"height":404,"caption":"Schweizversand.ch"},"image":{"@id":"https:\/\/schweizversand.ch\/fr\/#\/schema\/logo\/image\/"},"sameAs":["https:\/\/www.facebook.com\/Schweizversand","https:\/\/www.instagram.com\/schweizversand.ch\/"]}]}},"jetpack_sharing_enabled":true,"_links":{"self":[{"href":"https:\/\/schweizversand.ch\/fr\/wp-json\/wp\/v2\/product\/262839","targetHints":{"allow":["GET"]}}],"collection":[{"href":"https:\/\/schweizversand.ch\/fr\/wp-json\/wp\/v2\/product"}],"about":[{"href":"https:\/\/schweizversand.ch\/fr\/wp-json\/wp\/v2\/types\/product"}],"replies":[{"embeddable":true,"href":"https:\/\/schweizversand.ch\/fr\/wp-json\/wp\/v2\/comments?post=262839"}],"wp:featuredmedia":[{"embeddable":true,"href":"https:\/\/schweizversand.ch\/fr\/wp-json\/wp\/v2\/media\/262840"}],"wp:attachment":[{"href":"https:\/\/schweizversand.ch\/fr\/wp-json\/wp\/v2\/media?parent=262839"}],"wp:term":[{"taxonomy":"product_brand","embeddable":true,"href":"https:\/\/schweizversand.ch\/fr\/wp-json\/wp\/v2\/product_brand?post=262839"},{"taxonomy":"product_cat","embeddable":true,"href":"https:\/\/schweizversand.ch\/fr\/wp-json\/wp\/v2\/product_cat?post=262839"},{"taxonomy":"product_tag","embeddable":true,"href":"https:\/\/schweizversand.ch\/fr\/wp-json\/wp\/v2\/product_tag?post=262839"}],"curies":[{"name":"wp","href":"https:\/\/api.w.org\/{rel}","templated":true}]}}