{"id":263062,"date":"2026-04-08T02:00:43","date_gmt":"2026-04-08T00:00:43","guid":{"rendered":"https:\/\/schweizversand.ch\/produkt\/hudora-first-trampolin-250v\/"},"modified":"2026-04-19T02:05:24","modified_gmt":"2026-04-19T00:05:24","slug":"hudora-first-trampolin-250v","status":"publish","type":"product","link":"https:\/\/schweizversand.ch\/fr\/produkt\/hudora-first-trampolin-250v\/","title":{"rendered":"Trampoline Hudora First 250V"},"content":{"rendered":"<p>Plongez dans l&rsquo;univers du trampoline\u00a0: trampoline avec filet de s\u00e9curit\u00e9, 250\u00a0cm de diam\u00e8tre. \u00c0 vos marques, pr\u00eats, sautez\u00a0! Le trampoline First 250 est le choix id\u00e9al pour s&rsquo;amuser en toute s\u00e9curit\u00e9. Son filet de s\u00e9curit\u00e9 int\u00e9gr\u00e9 se fixe facilement et solidement \u00e0 l&rsquo;anneau en acier situ\u00e9 en haut. Ainsi, m\u00eame les plus casse-cou peuvent sauter, s&rsquo;amuser et faire des saltos sans se blesser. Sa structure \u00e0 6\u00a0pieds, extr\u00eamement stable, et son large rebord de protection, qui recouvre enti\u00e8rement les ressorts, font partie de ses atouts de haute qualit\u00e9. Les 48\u00a0ressorts offrent une puissance de rebond exceptionnelle. Ce mod\u00e8le b\u00e9n\u00e9ficie d&rsquo;une stabilit\u00e9 impressionnante gr\u00e2ce \u00e0 son cadre en m\u00e9tal galvanis\u00e9 \u00e0 chaud, incluant les trois poteaux principaux rembourr\u00e9s. Et le meilleur\u00a0? Le trampoline First ne se contente pas d&rsquo;offrir aux enfants cette merveilleuse sensation d&rsquo;apesanteur. Les adultes aussi peuvent facilement effectuer quelques sauts, avec un poids maximal de 100\u00a0kg. Pas \u00e9tonnant qu&rsquo;un trampoline figure en t\u00eate de liste de nombreuses personnes. Id\u00e9al pour faire de l&rsquo;exercice, mais aussi parfait pour se d\u00e9tendre et profiter du soleil. Caract\u00e9ristiques\u00a0:\u00a0<br \/>Dimensions assembl\u00e9es (L x l x H en cm)\u00a0: 250 x 250 x 240\u00a0<br \/>Pour qui\u00a0: adultes, adolescents, enfants <br \/>Diam\u00e8tre (cm) : 250 <br \/>Nombre de ressorts\u00a0: 48 <br \/>Type de construction\u00a0: particuli\u00e8rement stable en cas d&rsquo;inclinaison<\/br> <br \/>Utilisation\u00a0: Ext\u00e9rieur<\/br> <br \/>Conditionn\u00e9 en 2 cartons\u00a0: 17,10\u00a0kg\/19,70\u00a0kg<\/p>\n<\/div>\n","protected":false},"excerpt":{"rendered":"<p>Hudora First Trampolin 250V bietet sichere Spr\u00fcnge dank stabilem 6-Bein-Gestell, innenliegendem Sicherheitsnetz und komplett gesch\u00fctztem Rand \u2013 perfekt f\u00fcr die ganze Familie.<\/p>\n","protected":false},"featured_media":263065,"comment_status":"open","ping_status":"closed","template":"","meta":[],"product_brand":[],"product_cat":[38526],"product_tag":[],"class_list":{"0":"post-263062","1":"product","2":"type-product","3":"status-publish","4":"has-post-thumbnail","6":"product_cat-gartenspielgeraete","7":"product_shipping_class-global_methods","9":"first","10":"instock","11":"taxable","12":"shipping-taxable","13":"purchasable","14":"product-type-simple"},"yoast_head":"<!-- This site is optimized with the Yoast SEO plugin v27.4 - https:\/\/yoast.com\/product\/yoast-seo-wordpress\/ -->\n<title>Hudora First Trampolin 250V<\/title>\n<meta name=\"description\" content=\"Hinein ins Sprungvergn\u00fcgen: Trampolin mit Sicherheitsnetz, 250 cm Durchmesser. Ready, set, go!\u00a0 \u00a0 \u00a0 \u00a0 \u00a0 \u00a0 \u00a0 \u00a0 \u00a0 \u00a0\u00a0 Das Trampolin First 250 ist die richtige Wahl\" \/>\n<meta name=\"robots\" content=\"index, follow, max-snippet:-1, max-image-preview:large, max-video-preview:-1\" \/>\n<link rel=\"canonical\" href=\"https:\/\/schweizversand.ch\/fr\/produkt\/hudora-first-trampolin-250v\/\" \/>\n<meta property=\"og:locale\" content=\"fr_FR\" \/>\n<meta property=\"og:type\" content=\"article\" \/>\n<meta property=\"og:title\" content=\"Hudora First Trampolin 250V\" \/>\n<meta property=\"og:description\" content=\"Hinein ins Sprungvergn\u00fcgen: Trampolin mit Sicherheitsnetz, 250 cm Durchmesser. Ready, set, go!\u00a0 \u00a0 \u00a0 \u00a0 \u00a0 \u00a0 \u00a0 \u00a0 \u00a0 \u00a0\u00a0 Das Trampolin First 250 ist die richtige Wahl\" \/>\n<meta property=\"og:url\" content=\"https:\/\/schweizversand.ch\/fr\/produkt\/hudora-first-trampolin-250v\/\" \/>\n<meta property=\"og:site_name\" content=\"Schweizer Shop f\u00fcr Sport, Spiel und Freizeit\" \/>\n<meta property=\"article:publisher\" content=\"https:\/\/www.facebook.com\/Schweizversand\" \/>\n<meta property=\"article:modified_time\" content=\"2026-04-19T00:05:24+00:00\" \/>\n<meta name=\"twitter:card\" content=\"summary_large_image\" \/>\n<meta name=\"twitter:label1\" content=\"Dur\u00e9e de lecture estim\u00e9e\" \/>\n\t<meta name=\"twitter:data1\" content=\"1 minute\" \/>\n<script type=\"application\/ld+json\" class=\"yoast-schema-graph\">{\"@context\":\"https:\\\/\\\/schema.org\",\"@graph\":[{\"@type\":\"WebPage\",\"@id\":\"https:\\\/\\\/schweizversand.ch\\\/fr\\\/produkt\\\/hudora-first-trampolin-250v\\\/\",\"url\":\"https:\\\/\\\/schweizversand.ch\\\/fr\\\/produkt\\\/hudora-first-trampolin-250v\\\/\",\"name\":\"Hudora First Trampolin 250V\",\"isPartOf\":{\"@id\":\"https:\\\/\\\/schweizversand.ch\\\/fr\\\/#website\"},\"primaryImageOfPage\":{\"@id\":\"https:\\\/\\\/schweizversand.ch\\\/fr\\\/produkt\\\/hudora-first-trampolin-250v\\\/#primaryimage\"},\"image\":{\"@id\":\"https:\\\/\\\/schweizversand.ch\\\/fr\\\/produkt\\\/hudora-first-trampolin-250v\\\/#primaryimage\"},\"thumbnailUrl\":\"https:\\\/\\\/schweizversand.ch\\\/wp-content\\\/uploads\\\/2026\\\/04\\\/5488591259-1.jpg\",\"datePublished\":\"2026-04-08T00:00:43+00:00\",\"dateModified\":\"2026-04-19T00:05:24+00:00\",\"description\":\"Hinein ins Sprungvergn\u00fcgen: Trampolin mit Sicherheitsnetz, 250 cm Durchmesser. Ready, set, go!\u00a0 \u00a0 \u00a0 \u00a0 \u00a0 \u00a0 \u00a0 \u00a0 \u00a0 \u00a0\u00a0 Das Trampolin First 250 ist die richtige Wahl\",\"breadcrumb\":{\"@id\":\"https:\\\/\\\/schweizversand.ch\\\/fr\\\/produkt\\\/hudora-first-trampolin-250v\\\/#breadcrumb\"},\"inLanguage\":\"fr-FR\",\"potentialAction\":[{\"@type\":\"ReadAction\",\"target\":[\"https:\\\/\\\/schweizversand.ch\\\/fr\\\/produkt\\\/hudora-first-trampolin-250v\\\/\"]}]},{\"@type\":\"ImageObject\",\"inLanguage\":\"fr-FR\",\"@id\":\"https:\\\/\\\/schweizversand.ch\\\/fr\\\/produkt\\\/hudora-first-trampolin-250v\\\/#primaryimage\",\"url\":\"https:\\\/\\\/schweizversand.ch\\\/wp-content\\\/uploads\\\/2026\\\/04\\\/5488591259-1.jpg\",\"contentUrl\":\"https:\\\/\\\/schweizversand.ch\\\/wp-content\\\/uploads\\\/2026\\\/04\\\/5488591259-1.jpg\",\"width\":925,\"height\":1024},{\"@type\":\"BreadcrumbList\",\"@id\":\"https:\\\/\\\/schweizversand.ch\\\/fr\\\/produkt\\\/hudora-first-trampolin-250v\\\/#breadcrumb\",\"itemListElement\":[{\"@type\":\"ListItem\",\"position\":1,\"name\":\"Startseite\",\"item\":\"https:\\\/\\\/schweizversand.ch\\\/fr\\\/home\\\/\"},{\"@type\":\"ListItem\",\"position\":2,\"name\":\"Boutique\",\"item\":\"https:\\\/\\\/schweizversand.ch\\\/fr\\\/boutique\\\/\"},{\"@type\":\"ListItem\",\"position\":3,\"name\":\"Jouets et jeux\",\"item\":\"https:\\\/\\\/schweizversand.ch\\\/fr\\\/produkt-kategorie\\\/jouets-et-jeux\\\/\"},{\"@type\":\"ListItem\",\"position\":4,\"name\":\"Jeux d'ext\u00e9rieur\",\"item\":\"https:\\\/\\\/schweizversand.ch\\\/fr\\\/produkt-kategorie\\\/jouets-et-jeux\\\/jeux-dexterieur\\\/\"},{\"@type\":\"ListItem\",\"position\":5,\"name\":\"\u00c9quipement de jeux de jardin\",\"item\":\"https:\\\/\\\/schweizversand.ch\\\/fr\\\/produkt-kategorie\\\/jouets-et-jeux\\\/jeux-dexterieur\\\/gartenspielgeraete\\\/\"},{\"@type\":\"ListItem\",\"position\":6,\"name\":\"Trampoline Hudora First 250V\"}]},{\"@type\":\"WebSite\",\"@id\":\"https:\\\/\\\/schweizversand.ch\\\/fr\\\/#website\",\"url\":\"https:\\\/\\\/schweizversand.ch\\\/fr\\\/\",\"name\":\"Schweizer Shop f\u00fcr Sport, Spiel und Freizeit\",\"description\":\"Gratisversand ab 50.- (netto), ab eigenem schweizer Lager, Lieferung innert 48h\",\"publisher\":{\"@id\":\"https:\\\/\\\/schweizversand.ch\\\/fr\\\/#organization\"},\"alternateName\":\"Schweizversand.ch\",\"potentialAction\":[{\"@type\":\"SearchAction\",\"target\":{\"@type\":\"EntryPoint\",\"urlTemplate\":\"https:\\\/\\\/schweizversand.ch\\\/fr\\\/?s={search_term_string}\"},\"query-input\":{\"@type\":\"PropertyValueSpecification\",\"valueRequired\":true,\"valueName\":\"search_term_string\"}}],\"inLanguage\":\"fr-FR\"},{\"@type\":\"Organization\",\"@id\":\"https:\\\/\\\/schweizversand.ch\\\/fr\\\/#organization\",\"name\":\"Schweizversand.ch\",\"url\":\"https:\\\/\\\/schweizversand.ch\\\/fr\\\/\",\"logo\":{\"@type\":\"ImageObject\",\"inLanguage\":\"fr-FR\",\"@id\":\"https:\\\/\\\/schweizversand.ch\\\/fr\\\/#\\\/schema\\\/logo\\\/image\\\/\",\"url\":\"https:\\\/\\\/schweizversand.ch\\\/wp-content\\\/uploads\\\/2026\\\/03\\\/Logo_Rund_Final-1.png\",\"contentUrl\":\"https:\\\/\\\/schweizversand.ch\\\/wp-content\\\/uploads\\\/2026\\\/03\\\/Logo_Rund_Final-1.png\",\"width\":404,\"height\":404,\"caption\":\"Schweizversand.ch\"},\"image\":{\"@id\":\"https:\\\/\\\/schweizversand.ch\\\/fr\\\/#\\\/schema\\\/logo\\\/image\\\/\"},\"sameAs\":[\"https:\\\/\\\/www.facebook.com\\\/Schweizversand\",\"https:\\\/\\\/www.instagram.com\\\/schweizversand.ch\\\/\"]}]}<\/script>\n<!-- \/ Yoast SEO plugin. -->","yoast_head_json":{"title":"Hudora First Trampolin 250V","description":"Hinein ins Sprungvergn\u00fcgen: Trampolin mit Sicherheitsnetz, 250 cm Durchmesser. Ready, set, go!\u00a0 \u00a0 \u00a0 \u00a0 \u00a0 \u00a0 \u00a0 \u00a0 \u00a0 \u00a0\u00a0 Das Trampolin First 250 ist die richtige Wahl","robots":{"index":"index","follow":"follow","max-snippet":"max-snippet:-1","max-image-preview":"max-image-preview:large","max-video-preview":"max-video-preview:-1"},"canonical":"https:\/\/schweizversand.ch\/fr\/produkt\/hudora-first-trampolin-250v\/","og_locale":"fr_FR","og_type":"article","og_title":"Hudora First Trampolin 250V","og_description":"Hinein ins Sprungvergn\u00fcgen: Trampolin mit Sicherheitsnetz, 250 cm Durchmesser. Ready, set, go!\u00a0 \u00a0 \u00a0 \u00a0 \u00a0 \u00a0 \u00a0 \u00a0 \u00a0 \u00a0\u00a0 Das Trampolin First 250 ist die richtige Wahl","og_url":"https:\/\/schweizversand.ch\/fr\/produkt\/hudora-first-trampolin-250v\/","og_site_name":"Schweizer Shop f\u00fcr Sport, Spiel und Freizeit","article_publisher":"https:\/\/www.facebook.com\/Schweizversand","article_modified_time":"2026-04-19T00:05:24+00:00","twitter_card":"summary_large_image","twitter_misc":{"Dur\u00e9e de lecture estim\u00e9e":"1 minute"},"schema":{"@context":"https:\/\/schema.org","@graph":[{"@type":"WebPage","@id":"https:\/\/schweizversand.ch\/fr\/produkt\/hudora-first-trampolin-250v\/","url":"https:\/\/schweizversand.ch\/fr\/produkt\/hudora-first-trampolin-250v\/","name":"Hudora First Trampolin 250V","isPartOf":{"@id":"https:\/\/schweizversand.ch\/fr\/#website"},"primaryImageOfPage":{"@id":"https:\/\/schweizversand.ch\/fr\/produkt\/hudora-first-trampolin-250v\/#primaryimage"},"image":{"@id":"https:\/\/schweizversand.ch\/fr\/produkt\/hudora-first-trampolin-250v\/#primaryimage"},"thumbnailUrl":"https:\/\/schweizversand.ch\/wp-content\/uploads\/2026\/04\/5488591259-1.jpg","datePublished":"2026-04-08T00:00:43+00:00","dateModified":"2026-04-19T00:05:24+00:00","description":"Hinein ins Sprungvergn\u00fcgen: Trampolin mit Sicherheitsnetz, 250 cm Durchmesser. Ready, set, go!\u00a0 \u00a0 \u00a0 \u00a0 \u00a0 \u00a0 \u00a0 \u00a0 \u00a0 \u00a0\u00a0 Das Trampolin First 250 ist die richtige Wahl","breadcrumb":{"@id":"https:\/\/schweizversand.ch\/fr\/produkt\/hudora-first-trampolin-250v\/#breadcrumb"},"inLanguage":"fr-FR","potentialAction":[{"@type":"ReadAction","target":["https:\/\/schweizversand.ch\/fr\/produkt\/hudora-first-trampolin-250v\/"]}]},{"@type":"ImageObject","inLanguage":"fr-FR","@id":"https:\/\/schweizversand.ch\/fr\/produkt\/hudora-first-trampolin-250v\/#primaryimage","url":"https:\/\/schweizversand.ch\/wp-content\/uploads\/2026\/04\/5488591259-1.jpg","contentUrl":"https:\/\/schweizversand.ch\/wp-content\/uploads\/2026\/04\/5488591259-1.jpg","width":925,"height":1024},{"@type":"BreadcrumbList","@id":"https:\/\/schweizversand.ch\/fr\/produkt\/hudora-first-trampolin-250v\/#breadcrumb","itemListElement":[{"@type":"ListItem","position":1,"name":"Startseite","item":"https:\/\/schweizversand.ch\/fr\/home\/"},{"@type":"ListItem","position":2,"name":"Boutique","item":"https:\/\/schweizversand.ch\/fr\/boutique\/"},{"@type":"ListItem","position":3,"name":"Jouets et jeux","item":"https:\/\/schweizversand.ch\/fr\/produkt-kategorie\/jouets-et-jeux\/"},{"@type":"ListItem","position":4,"name":"Jeux d'ext\u00e9rieur","item":"https:\/\/schweizversand.ch\/fr\/produkt-kategorie\/jouets-et-jeux\/jeux-dexterieur\/"},{"@type":"ListItem","position":5,"name":"\u00c9quipement de jeux de jardin","item":"https:\/\/schweizversand.ch\/fr\/produkt-kategorie\/jouets-et-jeux\/jeux-dexterieur\/gartenspielgeraete\/"},{"@type":"ListItem","position":6,"name":"Trampoline Hudora First 250V"}]},{"@type":"WebSite","@id":"https:\/\/schweizversand.ch\/fr\/#website","url":"https:\/\/schweizversand.ch\/fr\/","name":"Schweizer Shop f\u00fcr Sport, Spiel und Freizeit","description":"Gratisversand ab 50.- (netto), ab eigenem schweizer Lager, Lieferung innert 48h","publisher":{"@id":"https:\/\/schweizversand.ch\/fr\/#organization"},"alternateName":"Schweizversand.ch","potentialAction":[{"@type":"SearchAction","target":{"@type":"EntryPoint","urlTemplate":"https:\/\/schweizversand.ch\/fr\/?s={search_term_string}"},"query-input":{"@type":"PropertyValueSpecification","valueRequired":true,"valueName":"search_term_string"}}],"inLanguage":"fr-FR"},{"@type":"Organization","@id":"https:\/\/schweizversand.ch\/fr\/#organization","name":"Schweizversand.ch","url":"https:\/\/schweizversand.ch\/fr\/","logo":{"@type":"ImageObject","inLanguage":"fr-FR","@id":"https:\/\/schweizversand.ch\/fr\/#\/schema\/logo\/image\/","url":"https:\/\/schweizversand.ch\/wp-content\/uploads\/2026\/03\/Logo_Rund_Final-1.png","contentUrl":"https:\/\/schweizversand.ch\/wp-content\/uploads\/2026\/03\/Logo_Rund_Final-1.png","width":404,"height":404,"caption":"Schweizversand.ch"},"image":{"@id":"https:\/\/schweizversand.ch\/fr\/#\/schema\/logo\/image\/"},"sameAs":["https:\/\/www.facebook.com\/Schweizversand","https:\/\/www.instagram.com\/schweizversand.ch\/"]}]}},"jetpack_sharing_enabled":true,"_links":{"self":[{"href":"https:\/\/schweizversand.ch\/fr\/wp-json\/wp\/v2\/product\/263062","targetHints":{"allow":["GET"]}}],"collection":[{"href":"https:\/\/schweizversand.ch\/fr\/wp-json\/wp\/v2\/product"}],"about":[{"href":"https:\/\/schweizversand.ch\/fr\/wp-json\/wp\/v2\/types\/product"}],"replies":[{"embeddable":true,"href":"https:\/\/schweizversand.ch\/fr\/wp-json\/wp\/v2\/comments?post=263062"}],"wp:featuredmedia":[{"embeddable":true,"href":"https:\/\/schweizversand.ch\/fr\/wp-json\/wp\/v2\/media\/263065"}],"wp:attachment":[{"href":"https:\/\/schweizversand.ch\/fr\/wp-json\/wp\/v2\/media?parent=263062"}],"wp:term":[{"taxonomy":"product_brand","embeddable":true,"href":"https:\/\/schweizversand.ch\/fr\/wp-json\/wp\/v2\/product_brand?post=263062"},{"taxonomy":"product_cat","embeddable":true,"href":"https:\/\/schweizversand.ch\/fr\/wp-json\/wp\/v2\/product_cat?post=263062"},{"taxonomy":"product_tag","embeddable":true,"href":"https:\/\/schweizversand.ch\/fr\/wp-json\/wp\/v2\/product_tag?post=263062"}],"curies":[{"name":"wp","href":"https:\/\/api.w.org\/{rel}","templated":true}]}}