{"id":263116,"date":"2026-04-08T15:30:43","date_gmt":"2026-04-08T13:30:43","guid":{"rendered":"https:\/\/schweizversand.ch\/produkt\/sponeta-tischtennistisch-s-1-43-e\/"},"modified":"2026-04-11T15:34:41","modified_gmt":"2026-04-11T13:34:41","slug":"sponeta-tischtennistisch-s-1-43-e","status":"publish","type":"product","link":"https:\/\/schweizversand.ch\/fr\/produkt\/sponeta-tischtennistisch-s-1-43-e\/","title":{"rendered":"Table de ping-pong Sponeta S 1-43 e"},"content":{"rendered":"<p>La table de ping-pong Sponeta S 1-43 e est un excellent choix pour les amateurs de sports de plein air et id\u00e9ale pour les d\u00e9butants. Cette table de ping-pong r\u00e9sistante aux intemp\u00e9ries, issue de la gamme Sponeta Hobbyline, r\u00e9pond \u00e0 la norme europ\u00e9enne EN 14468-1 et, gr\u00e2ce \u00e0 sa construction robuste, est parfaite pour jouer en ext\u00e9rieur par tous les temps. D\u00e9tails du produit\u00a0: \u2022 Surface de jeu\u00a0: La table est compos\u00e9e d\u2019un plateau en r\u00e9sine m\u00e9lamin\u00e9e de 4\u00a0mm d\u2019\u00e9paisseur, solidement fix\u00e9 \u00e0 une structure m\u00e9tallique, garantissant une grande r\u00e9sistance aux intemp\u00e9ries. \u2022 Cadre et pied\u00a0: Le cadre en profil\u00e9 L-36\u00a0mm est rev\u00eatu d\u2019une peinture en poudre, offrant une protection suppl\u00e9mentaire contre la rouille. Le pied (type 4b) est constitu\u00e9 d\u2019un tube rond de 25\u00a0mm, \u00e9galement rev\u00eatu d\u2019une peinture en poudre. \u2022 Mobilit\u00e9\u00a0: \u00c9quip\u00e9e de quatre doubles roues pivotantes (125\u00a0mm de diam\u00e8tre), la table est facile \u00e0 d\u00e9placer et \u00e0 positionner. \u2022 Syst\u00e8me de verrouillage\u00a0: Un syst\u00e8me de poign\u00e9e rotative avec m\u00e9canisme de verrouillage permet de verrouiller la table facilement et en toute s\u00e9curit\u00e9 en position de rangement. \u2022 Dimensions : La table est conforme aux dimensions des tournois internationaux avec une longueur de 274 cm, une largeur de 152,5 cm et une hauteur de 76 cm. En position de rangement, elle mesure 155,5 cm de longueur, 74 cm de largeur et 165,5 cm de hauteur. \u2022 Poids : Le poids brut est de 51 kg et le poids net de 47 kg. La position de jeu permet \u00e9galement la pratique individuelle, ce qui la rend particuli\u00e8rement int\u00e9ressante pour l&rsquo;entra\u00eenement individuel. Gr\u00e2ce \u00e0 sa construction robuste et sa facilit\u00e9 d&rsquo;utilisation, la Sponeta S 1-43 e est un excellent choix pour tous ceux qui recherchent une solution ext\u00e9rieure durable et fiable.<\/p>\n","protected":false},"excerpt":{"rendered":"<p>Sponeta Tischtennistisch S 1-43 e bietet wetterfeste Robustheit und stabile Konstruktion f\u00fcr langlebigen Outdoor-Spa\u00df \u2013 ideal f\u00fcr Einsteiger und Hobbyspieler.<\/p>\n","protected":false},"featured_media":165204,"comment_status":"open","ping_status":"closed","template":"","meta":[],"product_brand":[],"product_cat":[39226],"product_tag":[],"class_list":{"0":"post-263116","1":"product","2":"type-product","3":"status-publish","4":"has-post-thumbnail","6":"product_cat-tischtennis","7":"product_shipping_class-global_methods","9":"first","10":"instock","11":"taxable","12":"shipping-taxable","13":"purchasable","14":"product-type-simple"},"yoast_head":"<!-- This site is optimized with the Yoast SEO plugin v27.3 - https:\/\/yoast.com\/product\/yoast-seo-wordpress\/ -->\n<title>Sponeta Tischtennistisch S 1-43 e<\/title>\n<meta name=\"description\" content=\"Der Sponeta Tischtennistisch S 1-43 e ist eine hervorragende Wahl f\u00fcr Outdoor-Sportbegeisterte und eignet sich ideal f\u00fcr Einsteiger. Dieser wetterfeste Tischten\" \/>\n<meta name=\"robots\" content=\"index, follow, max-snippet:-1, max-image-preview:large, max-video-preview:-1\" \/>\n<link rel=\"canonical\" href=\"https:\/\/schweizversand.ch\/fr\/produkt\/sponeta-tischtennistisch-s-1-43-e\/\" \/>\n<meta property=\"og:locale\" content=\"fr_FR\" \/>\n<meta property=\"og:type\" content=\"article\" \/>\n<meta property=\"og:title\" content=\"Sponeta Tischtennistisch S 1-43 e\" \/>\n<meta property=\"og:description\" content=\"Der Sponeta Tischtennistisch S 1-43 e ist eine hervorragende Wahl f\u00fcr Outdoor-Sportbegeisterte und eignet sich ideal f\u00fcr Einsteiger. Dieser wetterfeste Tischten\" \/>\n<meta property=\"og:url\" content=\"https:\/\/schweizversand.ch\/fr\/produkt\/sponeta-tischtennistisch-s-1-43-e\/\" \/>\n<meta property=\"og:site_name\" content=\"Schweizer Shop f\u00fcr Sport, Spiel und Freizeit\" \/>\n<meta property=\"article:publisher\" content=\"https:\/\/www.facebook.com\/Schweizversand\" \/>\n<meta property=\"article:modified_time\" content=\"2026-04-11T13:34:41+00:00\" \/>\n<meta name=\"twitter:card\" content=\"summary_large_image\" \/>\n<meta name=\"twitter:label1\" content=\"Dur\u00e9e de lecture estim\u00e9e\" \/>\n\t<meta name=\"twitter:data1\" content=\"2 minutes\" \/>\n<script type=\"application\/ld+json\" class=\"yoast-schema-graph\">{\"@context\":\"https:\\\/\\\/schema.org\",\"@graph\":[{\"@type\":\"WebPage\",\"@id\":\"https:\\\/\\\/schweizversand.ch\\\/fr\\\/produkt\\\/sponeta-tischtennistisch-s-1-43-e\\\/\",\"url\":\"https:\\\/\\\/schweizversand.ch\\\/fr\\\/produkt\\\/sponeta-tischtennistisch-s-1-43-e\\\/\",\"name\":\"Sponeta Tischtennistisch S 1-43 e\",\"isPartOf\":{\"@id\":\"https:\\\/\\\/schweizversand.ch\\\/fr\\\/#website\"},\"primaryImageOfPage\":{\"@id\":\"https:\\\/\\\/schweizversand.ch\\\/fr\\\/produkt\\\/sponeta-tischtennistisch-s-1-43-e\\\/#primaryimage\"},\"image\":{\"@id\":\"https:\\\/\\\/schweizversand.ch\\\/fr\\\/produkt\\\/sponeta-tischtennistisch-s-1-43-e\\\/#primaryimage\"},\"thumbnailUrl\":\"https:\\\/\\\/schweizversand.ch\\\/wp-content\\\/uploads\\\/2026\\\/02\\\/5471482017.jpg\",\"datePublished\":\"2026-04-08T13:30:43+00:00\",\"dateModified\":\"2026-04-11T13:34:41+00:00\",\"description\":\"Der Sponeta Tischtennistisch S 1-43 e ist eine hervorragende Wahl f\u00fcr Outdoor-Sportbegeisterte und eignet sich ideal f\u00fcr Einsteiger. Dieser wetterfeste Tischten\",\"breadcrumb\":{\"@id\":\"https:\\\/\\\/schweizversand.ch\\\/fr\\\/produkt\\\/sponeta-tischtennistisch-s-1-43-e\\\/#breadcrumb\"},\"inLanguage\":\"fr-FR\",\"potentialAction\":[{\"@type\":\"ReadAction\",\"target\":[\"https:\\\/\\\/schweizversand.ch\\\/fr\\\/produkt\\\/sponeta-tischtennistisch-s-1-43-e\\\/\"]}]},{\"@type\":\"ImageObject\",\"inLanguage\":\"fr-FR\",\"@id\":\"https:\\\/\\\/schweizversand.ch\\\/fr\\\/produkt\\\/sponeta-tischtennistisch-s-1-43-e\\\/#primaryimage\",\"url\":\"https:\\\/\\\/schweizversand.ch\\\/wp-content\\\/uploads\\\/2026\\\/02\\\/5471482017.jpg\",\"contentUrl\":\"https:\\\/\\\/schweizversand.ch\\\/wp-content\\\/uploads\\\/2026\\\/02\\\/5471482017.jpg\",\"width\":1024,\"height\":1024},{\"@type\":\"BreadcrumbList\",\"@id\":\"https:\\\/\\\/schweizversand.ch\\\/fr\\\/produkt\\\/sponeta-tischtennistisch-s-1-43-e\\\/#breadcrumb\",\"itemListElement\":[{\"@type\":\"ListItem\",\"position\":1,\"name\":\"Startseite\",\"item\":\"https:\\\/\\\/schweizversand.ch\\\/fr\\\/\"},{\"@type\":\"ListItem\",\"position\":2,\"name\":\"Boutique\",\"item\":\"https:\\\/\\\/schweizversand.ch\\\/fr\\\/boutique\\\/\"},{\"@type\":\"ListItem\",\"position\":3,\"name\":\"Table de ping-pong Sponeta S 1-43 e\"}]},{\"@type\":\"WebSite\",\"@id\":\"https:\\\/\\\/schweizversand.ch\\\/fr\\\/#website\",\"url\":\"https:\\\/\\\/schweizversand.ch\\\/fr\\\/\",\"name\":\"Schweizer Shop f\u00fcr Sport, Spiel und Freizeit\",\"description\":\"Gratisversand ab 50.- (netto), ab eigenem schweizer Lager, Lieferung innert 48h\",\"publisher\":{\"@id\":\"https:\\\/\\\/schweizversand.ch\\\/fr\\\/#organization\"},\"alternateName\":\"Schweizversand.ch\",\"potentialAction\":[{\"@type\":\"SearchAction\",\"target\":{\"@type\":\"EntryPoint\",\"urlTemplate\":\"https:\\\/\\\/schweizversand.ch\\\/fr\\\/?s={search_term_string}\"},\"query-input\":{\"@type\":\"PropertyValueSpecification\",\"valueRequired\":true,\"valueName\":\"search_term_string\"}}],\"inLanguage\":\"fr-FR\"},{\"@type\":\"Organization\",\"@id\":\"https:\\\/\\\/schweizversand.ch\\\/fr\\\/#organization\",\"name\":\"Schweizversand.ch\",\"url\":\"https:\\\/\\\/schweizversand.ch\\\/fr\\\/\",\"logo\":{\"@type\":\"ImageObject\",\"inLanguage\":\"fr-FR\",\"@id\":\"https:\\\/\\\/schweizversand.ch\\\/fr\\\/#\\\/schema\\\/logo\\\/image\\\/\",\"url\":\"https:\\\/\\\/schweizversand.ch\\\/wp-content\\\/uploads\\\/2026\\\/03\\\/Logo_Rund_Final-1.png\",\"contentUrl\":\"https:\\\/\\\/schweizversand.ch\\\/wp-content\\\/uploads\\\/2026\\\/03\\\/Logo_Rund_Final-1.png\",\"width\":404,\"height\":404,\"caption\":\"Schweizversand.ch\"},\"image\":{\"@id\":\"https:\\\/\\\/schweizversand.ch\\\/fr\\\/#\\\/schema\\\/logo\\\/image\\\/\"},\"sameAs\":[\"https:\\\/\\\/www.facebook.com\\\/Schweizversand\",\"https:\\\/\\\/www.instagram.com\\\/schweizversand.ch\\\/\"]}]}<\/script>\n<!-- \/ Yoast SEO plugin. -->","yoast_head_json":{"title":"Sponeta Tischtennistisch S 1-43 e","description":"Der Sponeta Tischtennistisch S 1-43 e ist eine hervorragende Wahl f\u00fcr Outdoor-Sportbegeisterte und eignet sich ideal f\u00fcr Einsteiger. Dieser wetterfeste Tischten","robots":{"index":"index","follow":"follow","max-snippet":"max-snippet:-1","max-image-preview":"max-image-preview:large","max-video-preview":"max-video-preview:-1"},"canonical":"https:\/\/schweizversand.ch\/fr\/produkt\/sponeta-tischtennistisch-s-1-43-e\/","og_locale":"fr_FR","og_type":"article","og_title":"Sponeta Tischtennistisch S 1-43 e","og_description":"Der Sponeta Tischtennistisch S 1-43 e ist eine hervorragende Wahl f\u00fcr Outdoor-Sportbegeisterte und eignet sich ideal f\u00fcr Einsteiger. Dieser wetterfeste Tischten","og_url":"https:\/\/schweizversand.ch\/fr\/produkt\/sponeta-tischtennistisch-s-1-43-e\/","og_site_name":"Schweizer Shop f\u00fcr Sport, Spiel und Freizeit","article_publisher":"https:\/\/www.facebook.com\/Schweizversand","article_modified_time":"2026-04-11T13:34:41+00:00","twitter_card":"summary_large_image","twitter_misc":{"Dur\u00e9e de lecture estim\u00e9e":"2 minutes"},"schema":{"@context":"https:\/\/schema.org","@graph":[{"@type":"WebPage","@id":"https:\/\/schweizversand.ch\/fr\/produkt\/sponeta-tischtennistisch-s-1-43-e\/","url":"https:\/\/schweizversand.ch\/fr\/produkt\/sponeta-tischtennistisch-s-1-43-e\/","name":"Sponeta Tischtennistisch S 1-43 e","isPartOf":{"@id":"https:\/\/schweizversand.ch\/fr\/#website"},"primaryImageOfPage":{"@id":"https:\/\/schweizversand.ch\/fr\/produkt\/sponeta-tischtennistisch-s-1-43-e\/#primaryimage"},"image":{"@id":"https:\/\/schweizversand.ch\/fr\/produkt\/sponeta-tischtennistisch-s-1-43-e\/#primaryimage"},"thumbnailUrl":"https:\/\/schweizversand.ch\/wp-content\/uploads\/2026\/02\/5471482017.jpg","datePublished":"2026-04-08T13:30:43+00:00","dateModified":"2026-04-11T13:34:41+00:00","description":"Der Sponeta Tischtennistisch S 1-43 e ist eine hervorragende Wahl f\u00fcr Outdoor-Sportbegeisterte und eignet sich ideal f\u00fcr Einsteiger. Dieser wetterfeste Tischten","breadcrumb":{"@id":"https:\/\/schweizversand.ch\/fr\/produkt\/sponeta-tischtennistisch-s-1-43-e\/#breadcrumb"},"inLanguage":"fr-FR","potentialAction":[{"@type":"ReadAction","target":["https:\/\/schweizversand.ch\/fr\/produkt\/sponeta-tischtennistisch-s-1-43-e\/"]}]},{"@type":"ImageObject","inLanguage":"fr-FR","@id":"https:\/\/schweizversand.ch\/fr\/produkt\/sponeta-tischtennistisch-s-1-43-e\/#primaryimage","url":"https:\/\/schweizversand.ch\/wp-content\/uploads\/2026\/02\/5471482017.jpg","contentUrl":"https:\/\/schweizversand.ch\/wp-content\/uploads\/2026\/02\/5471482017.jpg","width":1024,"height":1024},{"@type":"BreadcrumbList","@id":"https:\/\/schweizversand.ch\/fr\/produkt\/sponeta-tischtennistisch-s-1-43-e\/#breadcrumb","itemListElement":[{"@type":"ListItem","position":1,"name":"Startseite","item":"https:\/\/schweizversand.ch\/fr\/"},{"@type":"ListItem","position":2,"name":"Boutique","item":"https:\/\/schweizversand.ch\/fr\/boutique\/"},{"@type":"ListItem","position":3,"name":"Table de ping-pong Sponeta S 1-43 e"}]},{"@type":"WebSite","@id":"https:\/\/schweizversand.ch\/fr\/#website","url":"https:\/\/schweizversand.ch\/fr\/","name":"Schweizer Shop f\u00fcr Sport, Spiel und Freizeit","description":"Gratisversand ab 50.- (netto), ab eigenem schweizer Lager, Lieferung innert 48h","publisher":{"@id":"https:\/\/schweizversand.ch\/fr\/#organization"},"alternateName":"Schweizversand.ch","potentialAction":[{"@type":"SearchAction","target":{"@type":"EntryPoint","urlTemplate":"https:\/\/schweizversand.ch\/fr\/?s={search_term_string}"},"query-input":{"@type":"PropertyValueSpecification","valueRequired":true,"valueName":"search_term_string"}}],"inLanguage":"fr-FR"},{"@type":"Organization","@id":"https:\/\/schweizversand.ch\/fr\/#organization","name":"Schweizversand.ch","url":"https:\/\/schweizversand.ch\/fr\/","logo":{"@type":"ImageObject","inLanguage":"fr-FR","@id":"https:\/\/schweizversand.ch\/fr\/#\/schema\/logo\/image\/","url":"https:\/\/schweizversand.ch\/wp-content\/uploads\/2026\/03\/Logo_Rund_Final-1.png","contentUrl":"https:\/\/schweizversand.ch\/wp-content\/uploads\/2026\/03\/Logo_Rund_Final-1.png","width":404,"height":404,"caption":"Schweizversand.ch"},"image":{"@id":"https:\/\/schweizversand.ch\/fr\/#\/schema\/logo\/image\/"},"sameAs":["https:\/\/www.facebook.com\/Schweizversand","https:\/\/www.instagram.com\/schweizversand.ch\/"]}]}},"jetpack_sharing_enabled":true,"_links":{"self":[{"href":"https:\/\/schweizversand.ch\/fr\/wp-json\/wp\/v2\/product\/263116","targetHints":{"allow":["GET"]}}],"collection":[{"href":"https:\/\/schweizversand.ch\/fr\/wp-json\/wp\/v2\/product"}],"about":[{"href":"https:\/\/schweizversand.ch\/fr\/wp-json\/wp\/v2\/types\/product"}],"replies":[{"embeddable":true,"href":"https:\/\/schweizversand.ch\/fr\/wp-json\/wp\/v2\/comments?post=263116"}],"wp:featuredmedia":[{"embeddable":true,"href":"https:\/\/schweizversand.ch\/fr\/wp-json\/wp\/v2\/media\/165204"}],"wp:attachment":[{"href":"https:\/\/schweizversand.ch\/fr\/wp-json\/wp\/v2\/media?parent=263116"}],"wp:term":[{"taxonomy":"product_brand","embeddable":true,"href":"https:\/\/schweizversand.ch\/fr\/wp-json\/wp\/v2\/product_brand?post=263116"},{"taxonomy":"product_cat","embeddable":true,"href":"https:\/\/schweizversand.ch\/fr\/wp-json\/wp\/v2\/product_cat?post=263116"},{"taxonomy":"product_tag","embeddable":true,"href":"https:\/\/schweizversand.ch\/fr\/wp-json\/wp\/v2\/product_tag?post=263116"}],"curies":[{"name":"wp","href":"https:\/\/api.w.org\/{rel}","templated":true}]}}