{"id":263118,"date":"2026-04-08T15:30:43","date_gmt":"2026-04-08T13:30:43","guid":{"rendered":"https:\/\/schweizversand.ch\/produkt\/sponeta-tischtennistisch-s-4-73-e\/"},"modified":"2026-04-11T15:34:41","modified_gmt":"2026-04-11T13:34:41","slug":"sponeta-tischtennistisch-s-4-73-e","status":"publish","type":"product","link":"https:\/\/schweizversand.ch\/fr\/produkt\/sponeta-tischtennistisch-s-4-73-e\/","title":{"rendered":"Table de ping-pong Sponeta S 4-73 e"},"content":{"rendered":"<h1><strong>Table de ping-pong Sponeta S 4-73 e<\/strong><\/h1>\n<div>D\u00e9couvrez le ping-pong sous un nouveau jour avec la <strong>table de ping-pong Sponeta S 4-73 e<\/strong> de la gamme Expertline Outdoor. Cette table de ping-pong de haute qualit\u00e9, r\u00e9sistante aux intemp\u00e9ries, allie robustesse, qualit\u00e9 de jeu exceptionnelle et prise en main intuitive pour s\u00e9duire les joueurs confirm\u00e9s comme les amateurs.<\/p>\n<\/div>\n<div><strong>Id\u00e9ale pour l&rsquo;ext\u00e9rieur<\/strong><br \/>La table de ping-pong S 4-73 e, r\u00e9sistante aux intemp\u00e9ries, est sp\u00e9cialement con\u00e7ue pour une utilisation en ext\u00e9rieur. Son plateau de jeu en r\u00e9sine m\u00e9lamin\u00e9e de 5 mm d&rsquo;\u00e9paisseur est r\u00e9sistant \u00e0 l&rsquo;humidit\u00e9 et aux variations de temp\u00e9rature, ce qui la rend id\u00e9ale par tous les temps. Votre table de ping-pong d&rsquo;ext\u00e9rieur est ainsi toujours pr\u00eate \u00e0 l&#8217;emploi. Qualit\u00e9 et confort de jeu\u00a0: le plateau de jeu en r\u00e9sine m\u00e9lamin\u00e9e bleue assure un rebond pr\u00e9cis de la balle. La structure m\u00e9tallique robuste garantit une stabilit\u00e9 et une durabilit\u00e9 maximales. Cette table r\u00e9pond \u00e0 la norme europ\u00e9enne EN 14468-1 et garantit ainsi les plus hauts standards de qualit\u00e9 et de s\u00e9curit\u00e9. Manipulation et mobilit\u00e9 innovantes\u00a0: le syst\u00e8me manuel intelligent (SMS), un syst\u00e8me de verrouillage innovant, permet une manipulation facile et s\u00fbre lors du pliage et du rangement de la table de ping-pong. Le m\u00e9canisme de verrouillage automatique assure confort et stabilit\u00e9 pendant l&rsquo;utilisation.<\/p>\n<\/div>\n<div><strong>Caract\u00e9ristiques d\u00e9taill\u00e9es<\/strong><br \/>&#8211; 4 doubles roues avec bandes de roulement en caoutchouc pour une maniabilit\u00e9 optimale sur toutes les surfaces<br \/>&#8211; R\u00e9glage de la hauteur pour compenser les irr\u00e9gularit\u00e9s du sol<br \/>&#8211; Position de jeu pour un entra\u00eenement individuel efficace<br \/>&#8211; Dimensions conformes aux normes internationales (274 x 152,5 x 76 cm)<br \/>&#8211; Design \u00e9l\u00e9gant avec un plateau de jeu bleu et un cadre noir-gris<\/p>\n<\/div>\n<div>La table de ping-pong <strong>Sponeta S 4-73 e<\/strong>, issue de la gamme <strong>Sponeta Expertline Outdoor<\/strong>, est le choix id\u00e9al pour les joueurs exigeants en mati\u00e8re de qualit\u00e9, de design et de fonctionnalit\u00e9. Commandez d\u00e8s maintenant et passez au niveau sup\u00e9rieur\u00a0!<\/p>\n","protected":false},"excerpt":{"rendered":"<p>Sponeta Tischtennistisch S 4-73 e bietet wetterfesten Outdoor-Spa\u00df mit robuster Melaminharzplatte und pr\u00e4zisem Ballgef\u00fchl \u2013 ideal f\u00fcr Profi- und Freizeitspieler.<\/p>\n","protected":false},"featured_media":165217,"comment_status":"open","ping_status":"closed","template":"","meta":[],"product_brand":[],"product_cat":[39226],"product_tag":[],"class_list":{"0":"post-263118","1":"product","2":"type-product","3":"status-publish","4":"has-post-thumbnail","6":"product_cat-tischtennis","7":"product_shipping_class-global_methods","9":"first","10":"instock","11":"taxable","12":"shipping-taxable","13":"purchasable","14":"product-type-simple"},"yoast_head":"<!-- This site is optimized with the Yoast SEO plugin v27.3 - https:\/\/yoast.com\/product\/yoast-seo-wordpress\/ -->\n<title>Sponeta Tischtennistisch S 4-73 e<\/title>\n<meta name=\"description\" content=\"Sponeta Tischtennistisch S 4-73 e Erleben Sie Tischtennis auf einem neuen Niveau mit dem Sponeta Tischtennistisch S 4-73 e aus der Expertline Outdoor-Serie. Die\" \/>\n<meta name=\"robots\" content=\"index, follow, max-snippet:-1, max-image-preview:large, max-video-preview:-1\" \/>\n<link rel=\"canonical\" href=\"https:\/\/schweizversand.ch\/fr\/produkt\/sponeta-tischtennistisch-s-4-73-e\/\" \/>\n<meta property=\"og:locale\" content=\"fr_FR\" \/>\n<meta property=\"og:type\" content=\"article\" \/>\n<meta property=\"og:title\" content=\"Sponeta Tischtennistisch S 4-73 e\" \/>\n<meta property=\"og:description\" content=\"Sponeta Tischtennistisch S 4-73 e Erleben Sie Tischtennis auf einem neuen Niveau mit dem Sponeta Tischtennistisch S 4-73 e aus der Expertline Outdoor-Serie. Die\" \/>\n<meta property=\"og:url\" content=\"https:\/\/schweizversand.ch\/fr\/produkt\/sponeta-tischtennistisch-s-4-73-e\/\" \/>\n<meta property=\"og:site_name\" content=\"Schweizer Shop f\u00fcr Sport, Spiel und Freizeit\" \/>\n<meta property=\"article:publisher\" content=\"https:\/\/www.facebook.com\/Schweizversand\" \/>\n<meta property=\"article:modified_time\" content=\"2026-04-11T13:34:41+00:00\" \/>\n<meta name=\"twitter:card\" content=\"summary_large_image\" \/>\n<meta name=\"twitter:label1\" content=\"Dur\u00e9e de lecture estim\u00e9e\" \/>\n\t<meta name=\"twitter:data1\" content=\"2 minutes\" \/>\n<script type=\"application\/ld+json\" class=\"yoast-schema-graph\">{\"@context\":\"https:\\\/\\\/schema.org\",\"@graph\":[{\"@type\":\"WebPage\",\"@id\":\"https:\\\/\\\/schweizversand.ch\\\/fr\\\/produkt\\\/sponeta-tischtennistisch-s-4-73-e\\\/\",\"url\":\"https:\\\/\\\/schweizversand.ch\\\/fr\\\/produkt\\\/sponeta-tischtennistisch-s-4-73-e\\\/\",\"name\":\"Sponeta Tischtennistisch S 4-73 e\",\"isPartOf\":{\"@id\":\"https:\\\/\\\/schweizversand.ch\\\/fr\\\/#website\"},\"primaryImageOfPage\":{\"@id\":\"https:\\\/\\\/schweizversand.ch\\\/fr\\\/produkt\\\/sponeta-tischtennistisch-s-4-73-e\\\/#primaryimage\"},\"image\":{\"@id\":\"https:\\\/\\\/schweizversand.ch\\\/fr\\\/produkt\\\/sponeta-tischtennistisch-s-4-73-e\\\/#primaryimage\"},\"thumbnailUrl\":\"https:\\\/\\\/schweizversand.ch\\\/wp-content\\\/uploads\\\/2026\\\/02\\\/5471481154.jpg\",\"datePublished\":\"2026-04-08T13:30:43+00:00\",\"dateModified\":\"2026-04-11T13:34:41+00:00\",\"description\":\"Sponeta Tischtennistisch S 4-73 e Erleben Sie Tischtennis auf einem neuen Niveau mit dem Sponeta Tischtennistisch S 4-73 e aus der Expertline Outdoor-Serie. Die\",\"breadcrumb\":{\"@id\":\"https:\\\/\\\/schweizversand.ch\\\/fr\\\/produkt\\\/sponeta-tischtennistisch-s-4-73-e\\\/#breadcrumb\"},\"inLanguage\":\"fr-FR\",\"potentialAction\":[{\"@type\":\"ReadAction\",\"target\":[\"https:\\\/\\\/schweizversand.ch\\\/fr\\\/produkt\\\/sponeta-tischtennistisch-s-4-73-e\\\/\"]}]},{\"@type\":\"ImageObject\",\"inLanguage\":\"fr-FR\",\"@id\":\"https:\\\/\\\/schweizversand.ch\\\/fr\\\/produkt\\\/sponeta-tischtennistisch-s-4-73-e\\\/#primaryimage\",\"url\":\"https:\\\/\\\/schweizversand.ch\\\/wp-content\\\/uploads\\\/2026\\\/02\\\/5471481154.jpg\",\"contentUrl\":\"https:\\\/\\\/schweizversand.ch\\\/wp-content\\\/uploads\\\/2026\\\/02\\\/5471481154.jpg\",\"width\":1024,\"height\":683},{\"@type\":\"BreadcrumbList\",\"@id\":\"https:\\\/\\\/schweizversand.ch\\\/fr\\\/produkt\\\/sponeta-tischtennistisch-s-4-73-e\\\/#breadcrumb\",\"itemListElement\":[{\"@type\":\"ListItem\",\"position\":1,\"name\":\"Startseite\",\"item\":\"https:\\\/\\\/schweizversand.ch\\\/fr\\\/\"},{\"@type\":\"ListItem\",\"position\":2,\"name\":\"Boutique\",\"item\":\"https:\\\/\\\/schweizversand.ch\\\/fr\\\/boutique\\\/\"},{\"@type\":\"ListItem\",\"position\":3,\"name\":\"Table de ping-pong Sponeta S 4-73 e\"}]},{\"@type\":\"WebSite\",\"@id\":\"https:\\\/\\\/schweizversand.ch\\\/fr\\\/#website\",\"url\":\"https:\\\/\\\/schweizversand.ch\\\/fr\\\/\",\"name\":\"Schweizer Shop f\u00fcr Sport, Spiel und Freizeit\",\"description\":\"Gratisversand ab 50.- (netto), ab eigenem schweizer Lager, Lieferung innert 48h\",\"publisher\":{\"@id\":\"https:\\\/\\\/schweizversand.ch\\\/fr\\\/#organization\"},\"alternateName\":\"Schweizversand.ch\",\"potentialAction\":[{\"@type\":\"SearchAction\",\"target\":{\"@type\":\"EntryPoint\",\"urlTemplate\":\"https:\\\/\\\/schweizversand.ch\\\/fr\\\/?s={search_term_string}\"},\"query-input\":{\"@type\":\"PropertyValueSpecification\",\"valueRequired\":true,\"valueName\":\"search_term_string\"}}],\"inLanguage\":\"fr-FR\"},{\"@type\":\"Organization\",\"@id\":\"https:\\\/\\\/schweizversand.ch\\\/fr\\\/#organization\",\"name\":\"Schweizversand.ch\",\"url\":\"https:\\\/\\\/schweizversand.ch\\\/fr\\\/\",\"logo\":{\"@type\":\"ImageObject\",\"inLanguage\":\"fr-FR\",\"@id\":\"https:\\\/\\\/schweizversand.ch\\\/fr\\\/#\\\/schema\\\/logo\\\/image\\\/\",\"url\":\"https:\\\/\\\/schweizversand.ch\\\/wp-content\\\/uploads\\\/2026\\\/03\\\/Logo_Rund_Final-1.png\",\"contentUrl\":\"https:\\\/\\\/schweizversand.ch\\\/wp-content\\\/uploads\\\/2026\\\/03\\\/Logo_Rund_Final-1.png\",\"width\":404,\"height\":404,\"caption\":\"Schweizversand.ch\"},\"image\":{\"@id\":\"https:\\\/\\\/schweizversand.ch\\\/fr\\\/#\\\/schema\\\/logo\\\/image\\\/\"},\"sameAs\":[\"https:\\\/\\\/www.facebook.com\\\/Schweizversand\",\"https:\\\/\\\/www.instagram.com\\\/schweizversand.ch\\\/\"]}]}<\/script>\n<!-- \/ Yoast SEO plugin. -->","yoast_head_json":{"title":"Sponeta Tischtennistisch S 4-73 e","description":"Sponeta Tischtennistisch S 4-73 e Erleben Sie Tischtennis auf einem neuen Niveau mit dem Sponeta Tischtennistisch S 4-73 e aus der Expertline Outdoor-Serie. Die","robots":{"index":"index","follow":"follow","max-snippet":"max-snippet:-1","max-image-preview":"max-image-preview:large","max-video-preview":"max-video-preview:-1"},"canonical":"https:\/\/schweizversand.ch\/fr\/produkt\/sponeta-tischtennistisch-s-4-73-e\/","og_locale":"fr_FR","og_type":"article","og_title":"Sponeta Tischtennistisch S 4-73 e","og_description":"Sponeta Tischtennistisch S 4-73 e Erleben Sie Tischtennis auf einem neuen Niveau mit dem Sponeta Tischtennistisch S 4-73 e aus der Expertline Outdoor-Serie. Die","og_url":"https:\/\/schweizversand.ch\/fr\/produkt\/sponeta-tischtennistisch-s-4-73-e\/","og_site_name":"Schweizer Shop f\u00fcr Sport, Spiel und Freizeit","article_publisher":"https:\/\/www.facebook.com\/Schweizversand","article_modified_time":"2026-04-11T13:34:41+00:00","twitter_card":"summary_large_image","twitter_misc":{"Dur\u00e9e de lecture estim\u00e9e":"2 minutes"},"schema":{"@context":"https:\/\/schema.org","@graph":[{"@type":"WebPage","@id":"https:\/\/schweizversand.ch\/fr\/produkt\/sponeta-tischtennistisch-s-4-73-e\/","url":"https:\/\/schweizversand.ch\/fr\/produkt\/sponeta-tischtennistisch-s-4-73-e\/","name":"Sponeta Tischtennistisch S 4-73 e","isPartOf":{"@id":"https:\/\/schweizversand.ch\/fr\/#website"},"primaryImageOfPage":{"@id":"https:\/\/schweizversand.ch\/fr\/produkt\/sponeta-tischtennistisch-s-4-73-e\/#primaryimage"},"image":{"@id":"https:\/\/schweizversand.ch\/fr\/produkt\/sponeta-tischtennistisch-s-4-73-e\/#primaryimage"},"thumbnailUrl":"https:\/\/schweizversand.ch\/wp-content\/uploads\/2026\/02\/5471481154.jpg","datePublished":"2026-04-08T13:30:43+00:00","dateModified":"2026-04-11T13:34:41+00:00","description":"Sponeta Tischtennistisch S 4-73 e Erleben Sie Tischtennis auf einem neuen Niveau mit dem Sponeta Tischtennistisch S 4-73 e aus der Expertline Outdoor-Serie. Die","breadcrumb":{"@id":"https:\/\/schweizversand.ch\/fr\/produkt\/sponeta-tischtennistisch-s-4-73-e\/#breadcrumb"},"inLanguage":"fr-FR","potentialAction":[{"@type":"ReadAction","target":["https:\/\/schweizversand.ch\/fr\/produkt\/sponeta-tischtennistisch-s-4-73-e\/"]}]},{"@type":"ImageObject","inLanguage":"fr-FR","@id":"https:\/\/schweizversand.ch\/fr\/produkt\/sponeta-tischtennistisch-s-4-73-e\/#primaryimage","url":"https:\/\/schweizversand.ch\/wp-content\/uploads\/2026\/02\/5471481154.jpg","contentUrl":"https:\/\/schweizversand.ch\/wp-content\/uploads\/2026\/02\/5471481154.jpg","width":1024,"height":683},{"@type":"BreadcrumbList","@id":"https:\/\/schweizversand.ch\/fr\/produkt\/sponeta-tischtennistisch-s-4-73-e\/#breadcrumb","itemListElement":[{"@type":"ListItem","position":1,"name":"Startseite","item":"https:\/\/schweizversand.ch\/fr\/"},{"@type":"ListItem","position":2,"name":"Boutique","item":"https:\/\/schweizversand.ch\/fr\/boutique\/"},{"@type":"ListItem","position":3,"name":"Table de ping-pong Sponeta S 4-73 e"}]},{"@type":"WebSite","@id":"https:\/\/schweizversand.ch\/fr\/#website","url":"https:\/\/schweizversand.ch\/fr\/","name":"Schweizer Shop f\u00fcr Sport, Spiel und Freizeit","description":"Gratisversand ab 50.- (netto), ab eigenem schweizer Lager, Lieferung innert 48h","publisher":{"@id":"https:\/\/schweizversand.ch\/fr\/#organization"},"alternateName":"Schweizversand.ch","potentialAction":[{"@type":"SearchAction","target":{"@type":"EntryPoint","urlTemplate":"https:\/\/schweizversand.ch\/fr\/?s={search_term_string}"},"query-input":{"@type":"PropertyValueSpecification","valueRequired":true,"valueName":"search_term_string"}}],"inLanguage":"fr-FR"},{"@type":"Organization","@id":"https:\/\/schweizversand.ch\/fr\/#organization","name":"Schweizversand.ch","url":"https:\/\/schweizversand.ch\/fr\/","logo":{"@type":"ImageObject","inLanguage":"fr-FR","@id":"https:\/\/schweizversand.ch\/fr\/#\/schema\/logo\/image\/","url":"https:\/\/schweizversand.ch\/wp-content\/uploads\/2026\/03\/Logo_Rund_Final-1.png","contentUrl":"https:\/\/schweizversand.ch\/wp-content\/uploads\/2026\/03\/Logo_Rund_Final-1.png","width":404,"height":404,"caption":"Schweizversand.ch"},"image":{"@id":"https:\/\/schweizversand.ch\/fr\/#\/schema\/logo\/image\/"},"sameAs":["https:\/\/www.facebook.com\/Schweizversand","https:\/\/www.instagram.com\/schweizversand.ch\/"]}]}},"jetpack_sharing_enabled":true,"_links":{"self":[{"href":"https:\/\/schweizversand.ch\/fr\/wp-json\/wp\/v2\/product\/263118","targetHints":{"allow":["GET"]}}],"collection":[{"href":"https:\/\/schweizversand.ch\/fr\/wp-json\/wp\/v2\/product"}],"about":[{"href":"https:\/\/schweizversand.ch\/fr\/wp-json\/wp\/v2\/types\/product"}],"replies":[{"embeddable":true,"href":"https:\/\/schweizversand.ch\/fr\/wp-json\/wp\/v2\/comments?post=263118"}],"wp:featuredmedia":[{"embeddable":true,"href":"https:\/\/schweizversand.ch\/fr\/wp-json\/wp\/v2\/media\/165217"}],"wp:attachment":[{"href":"https:\/\/schweizversand.ch\/fr\/wp-json\/wp\/v2\/media?parent=263118"}],"wp:term":[{"taxonomy":"product_brand","embeddable":true,"href":"https:\/\/schweizversand.ch\/fr\/wp-json\/wp\/v2\/product_brand?post=263118"},{"taxonomy":"product_cat","embeddable":true,"href":"https:\/\/schweizversand.ch\/fr\/wp-json\/wp\/v2\/product_cat?post=263118"},{"taxonomy":"product_tag","embeddable":true,"href":"https:\/\/schweizversand.ch\/fr\/wp-json\/wp\/v2\/product_tag?post=263118"}],"curies":[{"name":"wp","href":"https:\/\/api.w.org\/{rel}","templated":true}]}}