{"id":263119,"date":"2026-04-08T15:30:43","date_gmt":"2026-04-08T13:30:43","guid":{"rendered":"https:\/\/schweizversand.ch\/produkt\/hudora-tischtennistisch-match\/"},"modified":"2026-04-11T15:34:41","modified_gmt":"2026-04-11T13:34:41","slug":"hudora-tischtennistisch-match","status":"publish","type":"product","link":"https:\/\/schweizversand.ch\/fr\/produkt\/hudora-tischtennistisch-match\/","title":{"rendered":"Table de ping-pong Hudora Match"},"content":{"rendered":"<p>D\u00e9couvrez la table de ping-pong Hudora Match, un mod\u00e8le haut de gamme ! Son plateau de jeu en r\u00e9sine m\u00e9lamine de 5 mm d&rsquo;\u00e9paisseur r\u00e9pond aux dimensions r\u00e9glementaires des comp\u00e9titions internationales. B\u00e9n\u00e9ficiez d&rsquo;une garantie exceptionnelle de 10 ans sur le plateau, gage de tranquillit\u00e9 d&rsquo;esprit et de durabilit\u00e9. Les tubes ronds galvanis\u00e9s ou carr\u00e9s thermolaqu\u00e9s assurent une construction robuste et stable. Gr\u00e2ce \u00e0 sa r\u00e9sistance \u00e0 l&rsquo;humidit\u00e9, cette table est id\u00e9ale pour une utilisation en ext\u00e9rieur. Profitez de sa position de jeu ergonomique pour un entra\u00eenement individuel efficace. Ses quatre doubles roues de 125 mm de diam\u00e8tre permettent un d\u00e9placement ais\u00e9 et sont pivotantes pour une flexibilit\u00e9 maximale. La table de ping-pong Match est \u00e9quip\u00e9e de porte-balles et porte-raquettes pouvant accueillir huit balles et quatre raquettes. Ainsi, tout est \u00e0 port\u00e9e de main et vous pouvez commencer \u00e0 jouer imm\u00e9diatement. Avec un poids total de 53 kg et des dimensions d&rsquo;environ 189 x 65 x 152,5 cm (hauteur x profondeur x largeur) \u2013 184 cm avec le filet \u2013, la table de ping-pong Hudora Match offre des caract\u00e9ristiques id\u00e9ales pour une exp\u00e9rience de jeu de haut niveau. Profitez d&rsquo;un tennis de table d&rsquo;exception avec notre table Hudora Match, adapt\u00e9e aussi bien \u00e0 une utilisation int\u00e9rieure qu&rsquo;ext\u00e9rieure. Commandez d\u00e8s maintenant et vivez un maximum de plaisir avec cette table de ping-pong remarquable\u00a0!<\/p>\n","protected":false},"excerpt":{"rendered":"<p>Hudora Tischtennistisch Match bietet robuste Outdoor-Qualit\u00e4t, 5 mm Melaminplatte, 10 Jahre Garantie und komfortable Playback-Stellung f\u00fcr perfektes Training.<\/p>\n","protected":false},"featured_media":175417,"comment_status":"open","ping_status":"closed","template":"","meta":[],"product_brand":[],"product_cat":[39226],"product_tag":[],"class_list":{"0":"post-263119","1":"product","2":"type-product","3":"status-publish","4":"has-post-thumbnail","6":"product_cat-tischtennis","7":"product_shipping_class-global_methods","9":"first","10":"instock","11":"taxable","12":"shipping-taxable","13":"purchasable","14":"product-type-simple"},"yoast_head":"<!-- This site is optimized with the Yoast SEO plugin v27.3 - https:\/\/yoast.com\/product\/yoast-seo-wordpress\/ -->\n<title>Hudora Tischtennistisch Match<\/title>\n<meta name=\"description\" content=\"Entdecken Sie den hochwertigen Hudora Tischtennistisch Match! \u00a0 Unser Tischtennistisch Match beeindruckt mit einer Melaminharzplatte von 5 mm St\u00e4rke, die den in\" \/>\n<meta name=\"robots\" content=\"index, follow, max-snippet:-1, max-image-preview:large, max-video-preview:-1\" \/>\n<link rel=\"canonical\" href=\"https:\/\/schweizversand.ch\/fr\/produkt\/hudora-tischtennistisch-match\/\" \/>\n<meta property=\"og:locale\" content=\"fr_FR\" \/>\n<meta property=\"og:type\" content=\"article\" \/>\n<meta property=\"og:title\" content=\"Hudora Tischtennistisch Match\" \/>\n<meta property=\"og:description\" content=\"Entdecken Sie den hochwertigen Hudora Tischtennistisch Match! \u00a0 Unser Tischtennistisch Match beeindruckt mit einer Melaminharzplatte von 5 mm St\u00e4rke, die den in\" \/>\n<meta property=\"og:url\" content=\"https:\/\/schweizversand.ch\/fr\/produkt\/hudora-tischtennistisch-match\/\" \/>\n<meta property=\"og:site_name\" content=\"Schweizer Shop f\u00fcr Sport, Spiel und Freizeit\" \/>\n<meta property=\"article:publisher\" content=\"https:\/\/www.facebook.com\/Schweizversand\" \/>\n<meta property=\"article:modified_time\" content=\"2026-04-11T13:34:41+00:00\" \/>\n<meta name=\"twitter:card\" content=\"summary_large_image\" \/>\n<meta name=\"twitter:label1\" content=\"Dur\u00e9e de lecture estim\u00e9e\" \/>\n\t<meta name=\"twitter:data1\" content=\"1 minute\" \/>\n<script type=\"application\/ld+json\" class=\"yoast-schema-graph\">{\"@context\":\"https:\\\/\\\/schema.org\",\"@graph\":[{\"@type\":\"WebPage\",\"@id\":\"https:\\\/\\\/schweizversand.ch\\\/fr\\\/produkt\\\/hudora-tischtennistisch-match\\\/\",\"url\":\"https:\\\/\\\/schweizversand.ch\\\/fr\\\/produkt\\\/hudora-tischtennistisch-match\\\/\",\"name\":\"Hudora Tischtennistisch Match\",\"isPartOf\":{\"@id\":\"https:\\\/\\\/schweizversand.ch\\\/fr\\\/#website\"},\"primaryImageOfPage\":{\"@id\":\"https:\\\/\\\/schweizversand.ch\\\/fr\\\/produkt\\\/hudora-tischtennistisch-match\\\/#primaryimage\"},\"image\":{\"@id\":\"https:\\\/\\\/schweizversand.ch\\\/fr\\\/produkt\\\/hudora-tischtennistisch-match\\\/#primaryimage\"},\"thumbnailUrl\":\"https:\\\/\\\/schweizversand.ch\\\/wp-content\\\/uploads\\\/2026\\\/02\\\/5471592713.jpg\",\"datePublished\":\"2026-04-08T13:30:43+00:00\",\"dateModified\":\"2026-04-11T13:34:41+00:00\",\"description\":\"Entdecken Sie den hochwertigen Hudora Tischtennistisch Match! \u00a0 Unser Tischtennistisch Match beeindruckt mit einer Melaminharzplatte von 5 mm St\u00e4rke, die den in\",\"breadcrumb\":{\"@id\":\"https:\\\/\\\/schweizversand.ch\\\/fr\\\/produkt\\\/hudora-tischtennistisch-match\\\/#breadcrumb\"},\"inLanguage\":\"fr-FR\",\"potentialAction\":[{\"@type\":\"ReadAction\",\"target\":[\"https:\\\/\\\/schweizversand.ch\\\/fr\\\/produkt\\\/hudora-tischtennistisch-match\\\/\"]}]},{\"@type\":\"ImageObject\",\"inLanguage\":\"fr-FR\",\"@id\":\"https:\\\/\\\/schweizversand.ch\\\/fr\\\/produkt\\\/hudora-tischtennistisch-match\\\/#primaryimage\",\"url\":\"https:\\\/\\\/schweizversand.ch\\\/wp-content\\\/uploads\\\/2026\\\/02\\\/5471592713.jpg\",\"contentUrl\":\"https:\\\/\\\/schweizversand.ch\\\/wp-content\\\/uploads\\\/2026\\\/02\\\/5471592713.jpg\",\"width\":1024,\"height\":616},{\"@type\":\"BreadcrumbList\",\"@id\":\"https:\\\/\\\/schweizversand.ch\\\/fr\\\/produkt\\\/hudora-tischtennistisch-match\\\/#breadcrumb\",\"itemListElement\":[{\"@type\":\"ListItem\",\"position\":1,\"name\":\"Startseite\",\"item\":\"https:\\\/\\\/schweizversand.ch\\\/fr\\\/\"},{\"@type\":\"ListItem\",\"position\":2,\"name\":\"Boutique\",\"item\":\"https:\\\/\\\/schweizversand.ch\\\/fr\\\/boutique\\\/\"},{\"@type\":\"ListItem\",\"position\":3,\"name\":\"Table de ping-pong Hudora Match\"}]},{\"@type\":\"WebSite\",\"@id\":\"https:\\\/\\\/schweizversand.ch\\\/fr\\\/#website\",\"url\":\"https:\\\/\\\/schweizversand.ch\\\/fr\\\/\",\"name\":\"Schweizer Shop f\u00fcr Sport, Spiel und Freizeit\",\"description\":\"Gratisversand ab 50.- (netto), ab eigenem schweizer Lager, Lieferung innert 48h\",\"publisher\":{\"@id\":\"https:\\\/\\\/schweizversand.ch\\\/fr\\\/#organization\"},\"alternateName\":\"Schweizversand.ch\",\"potentialAction\":[{\"@type\":\"SearchAction\",\"target\":{\"@type\":\"EntryPoint\",\"urlTemplate\":\"https:\\\/\\\/schweizversand.ch\\\/fr\\\/?s={search_term_string}\"},\"query-input\":{\"@type\":\"PropertyValueSpecification\",\"valueRequired\":true,\"valueName\":\"search_term_string\"}}],\"inLanguage\":\"fr-FR\"},{\"@type\":\"Organization\",\"@id\":\"https:\\\/\\\/schweizversand.ch\\\/fr\\\/#organization\",\"name\":\"Schweizversand.ch\",\"url\":\"https:\\\/\\\/schweizversand.ch\\\/fr\\\/\",\"logo\":{\"@type\":\"ImageObject\",\"inLanguage\":\"fr-FR\",\"@id\":\"https:\\\/\\\/schweizversand.ch\\\/fr\\\/#\\\/schema\\\/logo\\\/image\\\/\",\"url\":\"https:\\\/\\\/schweizversand.ch\\\/wp-content\\\/uploads\\\/2026\\\/03\\\/Logo_Rund_Final-1.png\",\"contentUrl\":\"https:\\\/\\\/schweizversand.ch\\\/wp-content\\\/uploads\\\/2026\\\/03\\\/Logo_Rund_Final-1.png\",\"width\":404,\"height\":404,\"caption\":\"Schweizversand.ch\"},\"image\":{\"@id\":\"https:\\\/\\\/schweizversand.ch\\\/fr\\\/#\\\/schema\\\/logo\\\/image\\\/\"},\"sameAs\":[\"https:\\\/\\\/www.facebook.com\\\/Schweizversand\",\"https:\\\/\\\/www.instagram.com\\\/schweizversand.ch\\\/\"]}]}<\/script>\n<!-- \/ Yoast SEO plugin. -->","yoast_head_json":{"title":"Hudora Tischtennistisch Match","description":"Entdecken Sie den hochwertigen Hudora Tischtennistisch Match! \u00a0 Unser Tischtennistisch Match beeindruckt mit einer Melaminharzplatte von 5 mm St\u00e4rke, die den in","robots":{"index":"index","follow":"follow","max-snippet":"max-snippet:-1","max-image-preview":"max-image-preview:large","max-video-preview":"max-video-preview:-1"},"canonical":"https:\/\/schweizversand.ch\/fr\/produkt\/hudora-tischtennistisch-match\/","og_locale":"fr_FR","og_type":"article","og_title":"Hudora Tischtennistisch Match","og_description":"Entdecken Sie den hochwertigen Hudora Tischtennistisch Match! \u00a0 Unser Tischtennistisch Match beeindruckt mit einer Melaminharzplatte von 5 mm St\u00e4rke, die den in","og_url":"https:\/\/schweizversand.ch\/fr\/produkt\/hudora-tischtennistisch-match\/","og_site_name":"Schweizer Shop f\u00fcr Sport, Spiel und Freizeit","article_publisher":"https:\/\/www.facebook.com\/Schweizversand","article_modified_time":"2026-04-11T13:34:41+00:00","twitter_card":"summary_large_image","twitter_misc":{"Dur\u00e9e de lecture estim\u00e9e":"1 minute"},"schema":{"@context":"https:\/\/schema.org","@graph":[{"@type":"WebPage","@id":"https:\/\/schweizversand.ch\/fr\/produkt\/hudora-tischtennistisch-match\/","url":"https:\/\/schweizversand.ch\/fr\/produkt\/hudora-tischtennistisch-match\/","name":"Hudora Tischtennistisch Match","isPartOf":{"@id":"https:\/\/schweizversand.ch\/fr\/#website"},"primaryImageOfPage":{"@id":"https:\/\/schweizversand.ch\/fr\/produkt\/hudora-tischtennistisch-match\/#primaryimage"},"image":{"@id":"https:\/\/schweizversand.ch\/fr\/produkt\/hudora-tischtennistisch-match\/#primaryimage"},"thumbnailUrl":"https:\/\/schweizversand.ch\/wp-content\/uploads\/2026\/02\/5471592713.jpg","datePublished":"2026-04-08T13:30:43+00:00","dateModified":"2026-04-11T13:34:41+00:00","description":"Entdecken Sie den hochwertigen Hudora Tischtennistisch Match! \u00a0 Unser Tischtennistisch Match beeindruckt mit einer Melaminharzplatte von 5 mm St\u00e4rke, die den in","breadcrumb":{"@id":"https:\/\/schweizversand.ch\/fr\/produkt\/hudora-tischtennistisch-match\/#breadcrumb"},"inLanguage":"fr-FR","potentialAction":[{"@type":"ReadAction","target":["https:\/\/schweizversand.ch\/fr\/produkt\/hudora-tischtennistisch-match\/"]}]},{"@type":"ImageObject","inLanguage":"fr-FR","@id":"https:\/\/schweizversand.ch\/fr\/produkt\/hudora-tischtennistisch-match\/#primaryimage","url":"https:\/\/schweizversand.ch\/wp-content\/uploads\/2026\/02\/5471592713.jpg","contentUrl":"https:\/\/schweizversand.ch\/wp-content\/uploads\/2026\/02\/5471592713.jpg","width":1024,"height":616},{"@type":"BreadcrumbList","@id":"https:\/\/schweizversand.ch\/fr\/produkt\/hudora-tischtennistisch-match\/#breadcrumb","itemListElement":[{"@type":"ListItem","position":1,"name":"Startseite","item":"https:\/\/schweizversand.ch\/fr\/"},{"@type":"ListItem","position":2,"name":"Boutique","item":"https:\/\/schweizversand.ch\/fr\/boutique\/"},{"@type":"ListItem","position":3,"name":"Table de ping-pong Hudora Match"}]},{"@type":"WebSite","@id":"https:\/\/schweizversand.ch\/fr\/#website","url":"https:\/\/schweizversand.ch\/fr\/","name":"Schweizer Shop f\u00fcr Sport, Spiel und Freizeit","description":"Gratisversand ab 50.- (netto), ab eigenem schweizer Lager, Lieferung innert 48h","publisher":{"@id":"https:\/\/schweizversand.ch\/fr\/#organization"},"alternateName":"Schweizversand.ch","potentialAction":[{"@type":"SearchAction","target":{"@type":"EntryPoint","urlTemplate":"https:\/\/schweizversand.ch\/fr\/?s={search_term_string}"},"query-input":{"@type":"PropertyValueSpecification","valueRequired":true,"valueName":"search_term_string"}}],"inLanguage":"fr-FR"},{"@type":"Organization","@id":"https:\/\/schweizversand.ch\/fr\/#organization","name":"Schweizversand.ch","url":"https:\/\/schweizversand.ch\/fr\/","logo":{"@type":"ImageObject","inLanguage":"fr-FR","@id":"https:\/\/schweizversand.ch\/fr\/#\/schema\/logo\/image\/","url":"https:\/\/schweizversand.ch\/wp-content\/uploads\/2026\/03\/Logo_Rund_Final-1.png","contentUrl":"https:\/\/schweizversand.ch\/wp-content\/uploads\/2026\/03\/Logo_Rund_Final-1.png","width":404,"height":404,"caption":"Schweizversand.ch"},"image":{"@id":"https:\/\/schweizversand.ch\/fr\/#\/schema\/logo\/image\/"},"sameAs":["https:\/\/www.facebook.com\/Schweizversand","https:\/\/www.instagram.com\/schweizversand.ch\/"]}]}},"jetpack_sharing_enabled":true,"_links":{"self":[{"href":"https:\/\/schweizversand.ch\/fr\/wp-json\/wp\/v2\/product\/263119","targetHints":{"allow":["GET"]}}],"collection":[{"href":"https:\/\/schweizversand.ch\/fr\/wp-json\/wp\/v2\/product"}],"about":[{"href":"https:\/\/schweizversand.ch\/fr\/wp-json\/wp\/v2\/types\/product"}],"replies":[{"embeddable":true,"href":"https:\/\/schweizversand.ch\/fr\/wp-json\/wp\/v2\/comments?post=263119"}],"wp:featuredmedia":[{"embeddable":true,"href":"https:\/\/schweizversand.ch\/fr\/wp-json\/wp\/v2\/media\/175417"}],"wp:attachment":[{"href":"https:\/\/schweizversand.ch\/fr\/wp-json\/wp\/v2\/media?parent=263119"}],"wp:term":[{"taxonomy":"product_brand","embeddable":true,"href":"https:\/\/schweizversand.ch\/fr\/wp-json\/wp\/v2\/product_brand?post=263119"},{"taxonomy":"product_cat","embeddable":true,"href":"https:\/\/schweizversand.ch\/fr\/wp-json\/wp\/v2\/product_cat?post=263119"},{"taxonomy":"product_tag","embeddable":true,"href":"https:\/\/schweizversand.ch\/fr\/wp-json\/wp\/v2\/product_tag?post=263119"}],"curies":[{"name":"wp","href":"https:\/\/api.w.org\/{rel}","templated":true}]}}