{"id":263120,"date":"2026-04-08T15:30:43","date_gmt":"2026-04-08T13:30:43","guid":{"rendered":"https:\/\/schweizversand.ch\/produkt\/sponeta-schutzhuelle-fuer-tischtennistisch\/"},"modified":"2026-04-21T15:35:06","modified_gmt":"2026-04-21T13:35:06","slug":"sponeta-schutzhuelle-fuer-tischtennistisch","status":"publish","type":"product","link":"https:\/\/schweizversand.ch\/fr\/produkt\/sponeta-schutzhuelle-fuer-tischtennistisch\/","title":{"rendered":"Housse de protection Sponeta pour table de ping-pong"},"content":{"rendered":"<div>Rangement s\u00e9curis\u00e9 avec la housse Sponeta. Elle convient \u00e0 tous les mod\u00e8les pliables \u00e0 base automatique, compacte ou super compacte. Une housse de protection est \u00e9galement fortement recommand\u00e9e pour les tables de ping-pong d&rsquo;ext\u00e9rieur, notamment si vous pr\u00e9voyez de les ranger \u00e0 l&rsquo;ext\u00e9rieur. Elle prot\u00e8ge la table des intemp\u00e9ries, comme le soleil intense, le gel et la pluie, et pr\u00e9serve ainsi la surface de jeu optimale, m\u00eame apr\u00e8s une utilisation prolong\u00e9e. Gr\u00e2ce \u00e0 la housse Sponeta, profitez plus longtemps de votre table de ping-pong. Cette housse convient aux tables d&rsquo;int\u00e9rieur et d&rsquo;ext\u00e9rieur. Fabriqu\u00e9e en poly\u00e9thyl\u00e8ne (thermoplastique), elle est facile et rapide \u00e0 installer et \u00e0 retirer gr\u00e2ce \u00e0 ses deux fermetures \u00e9clair p\u00e9riph\u00e9riques. Le cordon de serrage assure un maintien parfait de la housse transparente. Caract\u00e9ristiques\u00a0: Mati\u00e8re\u00a0: Poly\u00e9thyl\u00e8ne\u00a0; Protection contre la poussi\u00e8re (int\u00e9rieur) et la pluie (ext\u00e9rieur)\u00a0; Fermeture \u00e9clair et syst\u00e8me de fixation\u00a0; Compatible avec les tables de ping-pong d&rsquo;ext\u00e9rieur. <br \/>Dimensions\u00a0: H\u00a0=\u00a0150\u00a0cm x L\u00a0=\u00a0160\u00a0cm x l\u00a0=\u00a055-80\u00a0cm<\/p>\n<\/div>\n","protected":false},"excerpt":{"rendered":"<p>Sponeta Schutzh\u00fclle f\u00fcr Tischtennistisch sch\u00fctzt zuverl\u00e4ssig vor Sonne, Frost und Regen. Perfekt f\u00fcr Indoor- und Outdoor-Modelle mit klappbarem Untergestell.<\/p>\n","protected":false},"featured_media":229906,"comment_status":"open","ping_status":"closed","template":"","meta":[],"product_brand":[],"product_cat":[39226],"product_tag":[],"class_list":{"0":"post-263120","1":"product","2":"type-product","3":"status-publish","4":"has-post-thumbnail","6":"product_cat-tischtennis","7":"product_shipping_class-global_methods","9":"first","10":"instock","11":"taxable","12":"shipping-taxable","13":"purchasable","14":"product-type-simple"},"yoast_head":"<!-- This site is optimized with the Yoast SEO plugin v27.4 - https:\/\/yoast.com\/product\/yoast-seo-wordpress\/ -->\n<title>Sponeta Schutzh\u00fclle f\u00fcr Tischtennistisch<\/title>\n<meta name=\"description\" content=\"Sicheres Aufbewahren mit der Sponeta Abdeckh\u00fclle.\u00a0 \u00a0 \u00a0 \u00a0 Geeignet ist sie f\u00fcr alle Modelle, die ein Automatic-, Compact- oder Super-Compact-Untergestell aufweis\" \/>\n<meta name=\"robots\" content=\"index, follow, max-snippet:-1, max-image-preview:large, max-video-preview:-1\" \/>\n<link rel=\"canonical\" href=\"https:\/\/schweizversand.ch\/fr\/produkt\/sponeta-schutzhuelle-fuer-tischtennistisch\/\" \/>\n<meta property=\"og:locale\" content=\"fr_FR\" \/>\n<meta property=\"og:type\" content=\"article\" \/>\n<meta property=\"og:title\" content=\"Sponeta Schutzh\u00fclle f\u00fcr Tischtennistisch\" \/>\n<meta property=\"og:description\" content=\"Sicheres Aufbewahren mit der Sponeta Abdeckh\u00fclle.\u00a0 \u00a0 \u00a0 \u00a0 Geeignet ist sie f\u00fcr alle Modelle, die ein Automatic-, Compact- oder Super-Compact-Untergestell aufweis\" \/>\n<meta property=\"og:url\" content=\"https:\/\/schweizversand.ch\/fr\/produkt\/sponeta-schutzhuelle-fuer-tischtennistisch\/\" \/>\n<meta property=\"og:site_name\" content=\"Schweizer Shop f\u00fcr Sport, Spiel und Freizeit\" \/>\n<meta property=\"article:publisher\" content=\"https:\/\/www.facebook.com\/Schweizversand\" \/>\n<meta property=\"article:modified_time\" content=\"2026-04-21T13:35:06+00:00\" \/>\n<meta name=\"twitter:card\" content=\"summary_large_image\" \/>\n<meta name=\"twitter:label1\" content=\"Dur\u00e9e de lecture estim\u00e9e\" \/>\n\t<meta name=\"twitter:data1\" content=\"1 minute\" \/>\n<script type=\"application\/ld+json\" class=\"yoast-schema-graph\">{\"@context\":\"https:\\\/\\\/schema.org\",\"@graph\":[{\"@type\":\"WebPage\",\"@id\":\"https:\\\/\\\/schweizversand.ch\\\/fr\\\/produkt\\\/sponeta-schutzhuelle-fuer-tischtennistisch\\\/\",\"url\":\"https:\\\/\\\/schweizversand.ch\\\/fr\\\/produkt\\\/sponeta-schutzhuelle-fuer-tischtennistisch\\\/\",\"name\":\"Sponeta Schutzh\u00fclle f\u00fcr Tischtennistisch\",\"isPartOf\":{\"@id\":\"https:\\\/\\\/schweizversand.ch\\\/fr\\\/#website\"},\"primaryImageOfPage\":{\"@id\":\"https:\\\/\\\/schweizversand.ch\\\/fr\\\/produkt\\\/sponeta-schutzhuelle-fuer-tischtennistisch\\\/#primaryimage\"},\"image\":{\"@id\":\"https:\\\/\\\/schweizversand.ch\\\/fr\\\/produkt\\\/sponeta-schutzhuelle-fuer-tischtennistisch\\\/#primaryimage\"},\"thumbnailUrl\":\"https:\\\/\\\/schweizversand.ch\\\/wp-content\\\/uploads\\\/2026\\\/03\\\/5471519974.jpg\",\"datePublished\":\"2026-04-08T13:30:43+00:00\",\"dateModified\":\"2026-04-21T13:35:06+00:00\",\"description\":\"Sicheres Aufbewahren mit der Sponeta Abdeckh\u00fclle.\u00a0 \u00a0 \u00a0 \u00a0 Geeignet ist sie f\u00fcr alle Modelle, die ein Automatic-, Compact- oder Super-Compact-Untergestell aufweis\",\"breadcrumb\":{\"@id\":\"https:\\\/\\\/schweizversand.ch\\\/fr\\\/produkt\\\/sponeta-schutzhuelle-fuer-tischtennistisch\\\/#breadcrumb\"},\"inLanguage\":\"fr-FR\",\"potentialAction\":[{\"@type\":\"ReadAction\",\"target\":[\"https:\\\/\\\/schweizversand.ch\\\/fr\\\/produkt\\\/sponeta-schutzhuelle-fuer-tischtennistisch\\\/\"]}]},{\"@type\":\"ImageObject\",\"inLanguage\":\"fr-FR\",\"@id\":\"https:\\\/\\\/schweizversand.ch\\\/fr\\\/produkt\\\/sponeta-schutzhuelle-fuer-tischtennistisch\\\/#primaryimage\",\"url\":\"https:\\\/\\\/schweizversand.ch\\\/wp-content\\\/uploads\\\/2026\\\/03\\\/5471519974.jpg\",\"contentUrl\":\"https:\\\/\\\/schweizversand.ch\\\/wp-content\\\/uploads\\\/2026\\\/03\\\/5471519974.jpg\",\"width\":1024,\"height\":649},{\"@type\":\"BreadcrumbList\",\"@id\":\"https:\\\/\\\/schweizversand.ch\\\/fr\\\/produkt\\\/sponeta-schutzhuelle-fuer-tischtennistisch\\\/#breadcrumb\",\"itemListElement\":[{\"@type\":\"ListItem\",\"position\":1,\"name\":\"Startseite\",\"item\":\"https:\\\/\\\/schweizversand.ch\\\/fr\\\/home\\\/\"},{\"@type\":\"ListItem\",\"position\":2,\"name\":\"Boutique\",\"item\":\"https:\\\/\\\/schweizversand.ch\\\/fr\\\/boutique\\\/\"},{\"@type\":\"ListItem\",\"position\":3,\"name\":\"Sports\",\"item\":\"https:\\\/\\\/schweizversand.ch\\\/fr\\\/produkt-kategorie\\\/sports\\\/\"},{\"@type\":\"ListItem\",\"position\":4,\"name\":\"sports de balle et fl\u00e9chettes\",\"item\":\"https:\\\/\\\/schweizversand.ch\\\/fr\\\/produkt-kategorie\\\/sports\\\/sports-de-balle-et-flechettes\\\/\"},{\"@type\":\"ListItem\",\"position\":5,\"name\":\"Tischtennis\",\"item\":\"https:\\\/\\\/schweizversand.ch\\\/fr\\\/produkt-kategorie\\\/sports\\\/sports-de-balle-et-flechettes\\\/tischtennis\\\/\"},{\"@type\":\"ListItem\",\"position\":6,\"name\":\"Housse de protection Sponeta pour table de ping-pong\"}]},{\"@type\":\"WebSite\",\"@id\":\"https:\\\/\\\/schweizversand.ch\\\/fr\\\/#website\",\"url\":\"https:\\\/\\\/schweizversand.ch\\\/fr\\\/\",\"name\":\"Schweizer Shop f\u00fcr Sport, Spiel und Freizeit\",\"description\":\"Gratisversand ab 50.- (netto), ab eigenem schweizer Lager, Lieferung innert 48h\",\"publisher\":{\"@id\":\"https:\\\/\\\/schweizversand.ch\\\/fr\\\/#organization\"},\"alternateName\":\"Schweizversand.ch\",\"potentialAction\":[{\"@type\":\"SearchAction\",\"target\":{\"@type\":\"EntryPoint\",\"urlTemplate\":\"https:\\\/\\\/schweizversand.ch\\\/fr\\\/?s={search_term_string}\"},\"query-input\":{\"@type\":\"PropertyValueSpecification\",\"valueRequired\":true,\"valueName\":\"search_term_string\"}}],\"inLanguage\":\"fr-FR\"},{\"@type\":\"Organization\",\"@id\":\"https:\\\/\\\/schweizversand.ch\\\/fr\\\/#organization\",\"name\":\"Schweizversand.ch\",\"url\":\"https:\\\/\\\/schweizversand.ch\\\/fr\\\/\",\"logo\":{\"@type\":\"ImageObject\",\"inLanguage\":\"fr-FR\",\"@id\":\"https:\\\/\\\/schweizversand.ch\\\/fr\\\/#\\\/schema\\\/logo\\\/image\\\/\",\"url\":\"https:\\\/\\\/schweizversand.ch\\\/wp-content\\\/uploads\\\/2026\\\/03\\\/Logo_Rund_Final-1.png\",\"contentUrl\":\"https:\\\/\\\/schweizversand.ch\\\/wp-content\\\/uploads\\\/2026\\\/03\\\/Logo_Rund_Final-1.png\",\"width\":404,\"height\":404,\"caption\":\"Schweizversand.ch\"},\"image\":{\"@id\":\"https:\\\/\\\/schweizversand.ch\\\/fr\\\/#\\\/schema\\\/logo\\\/image\\\/\"},\"sameAs\":[\"https:\\\/\\\/www.facebook.com\\\/Schweizversand\",\"https:\\\/\\\/www.instagram.com\\\/schweizversand.ch\\\/\"]}]}<\/script>\n<!-- \/ Yoast SEO plugin. -->","yoast_head_json":{"title":"Sponeta Schutzh\u00fclle f\u00fcr Tischtennistisch","description":"Sicheres Aufbewahren mit der Sponeta Abdeckh\u00fclle.\u00a0 \u00a0 \u00a0 \u00a0 Geeignet ist sie f\u00fcr alle Modelle, die ein Automatic-, Compact- oder Super-Compact-Untergestell aufweis","robots":{"index":"index","follow":"follow","max-snippet":"max-snippet:-1","max-image-preview":"max-image-preview:large","max-video-preview":"max-video-preview:-1"},"canonical":"https:\/\/schweizversand.ch\/fr\/produkt\/sponeta-schutzhuelle-fuer-tischtennistisch\/","og_locale":"fr_FR","og_type":"article","og_title":"Sponeta Schutzh\u00fclle f\u00fcr Tischtennistisch","og_description":"Sicheres Aufbewahren mit der Sponeta Abdeckh\u00fclle.\u00a0 \u00a0 \u00a0 \u00a0 Geeignet ist sie f\u00fcr alle Modelle, die ein Automatic-, Compact- oder Super-Compact-Untergestell aufweis","og_url":"https:\/\/schweizversand.ch\/fr\/produkt\/sponeta-schutzhuelle-fuer-tischtennistisch\/","og_site_name":"Schweizer Shop f\u00fcr Sport, Spiel und Freizeit","article_publisher":"https:\/\/www.facebook.com\/Schweizversand","article_modified_time":"2026-04-21T13:35:06+00:00","twitter_card":"summary_large_image","twitter_misc":{"Dur\u00e9e de lecture estim\u00e9e":"1 minute"},"schema":{"@context":"https:\/\/schema.org","@graph":[{"@type":"WebPage","@id":"https:\/\/schweizversand.ch\/fr\/produkt\/sponeta-schutzhuelle-fuer-tischtennistisch\/","url":"https:\/\/schweizversand.ch\/fr\/produkt\/sponeta-schutzhuelle-fuer-tischtennistisch\/","name":"Sponeta Schutzh\u00fclle f\u00fcr Tischtennistisch","isPartOf":{"@id":"https:\/\/schweizversand.ch\/fr\/#website"},"primaryImageOfPage":{"@id":"https:\/\/schweizversand.ch\/fr\/produkt\/sponeta-schutzhuelle-fuer-tischtennistisch\/#primaryimage"},"image":{"@id":"https:\/\/schweizversand.ch\/fr\/produkt\/sponeta-schutzhuelle-fuer-tischtennistisch\/#primaryimage"},"thumbnailUrl":"https:\/\/schweizversand.ch\/wp-content\/uploads\/2026\/03\/5471519974.jpg","datePublished":"2026-04-08T13:30:43+00:00","dateModified":"2026-04-21T13:35:06+00:00","description":"Sicheres Aufbewahren mit der Sponeta Abdeckh\u00fclle.\u00a0 \u00a0 \u00a0 \u00a0 Geeignet ist sie f\u00fcr alle Modelle, die ein Automatic-, Compact- oder Super-Compact-Untergestell aufweis","breadcrumb":{"@id":"https:\/\/schweizversand.ch\/fr\/produkt\/sponeta-schutzhuelle-fuer-tischtennistisch\/#breadcrumb"},"inLanguage":"fr-FR","potentialAction":[{"@type":"ReadAction","target":["https:\/\/schweizversand.ch\/fr\/produkt\/sponeta-schutzhuelle-fuer-tischtennistisch\/"]}]},{"@type":"ImageObject","inLanguage":"fr-FR","@id":"https:\/\/schweizversand.ch\/fr\/produkt\/sponeta-schutzhuelle-fuer-tischtennistisch\/#primaryimage","url":"https:\/\/schweizversand.ch\/wp-content\/uploads\/2026\/03\/5471519974.jpg","contentUrl":"https:\/\/schweizversand.ch\/wp-content\/uploads\/2026\/03\/5471519974.jpg","width":1024,"height":649},{"@type":"BreadcrumbList","@id":"https:\/\/schweizversand.ch\/fr\/produkt\/sponeta-schutzhuelle-fuer-tischtennistisch\/#breadcrumb","itemListElement":[{"@type":"ListItem","position":1,"name":"Startseite","item":"https:\/\/schweizversand.ch\/fr\/home\/"},{"@type":"ListItem","position":2,"name":"Boutique","item":"https:\/\/schweizversand.ch\/fr\/boutique\/"},{"@type":"ListItem","position":3,"name":"Sports","item":"https:\/\/schweizversand.ch\/fr\/produkt-kategorie\/sports\/"},{"@type":"ListItem","position":4,"name":"sports de balle et fl\u00e9chettes","item":"https:\/\/schweizversand.ch\/fr\/produkt-kategorie\/sports\/sports-de-balle-et-flechettes\/"},{"@type":"ListItem","position":5,"name":"Tischtennis","item":"https:\/\/schweizversand.ch\/fr\/produkt-kategorie\/sports\/sports-de-balle-et-flechettes\/tischtennis\/"},{"@type":"ListItem","position":6,"name":"Housse de protection Sponeta pour table de ping-pong"}]},{"@type":"WebSite","@id":"https:\/\/schweizversand.ch\/fr\/#website","url":"https:\/\/schweizversand.ch\/fr\/","name":"Schweizer Shop f\u00fcr Sport, Spiel und Freizeit","description":"Gratisversand ab 50.- (netto), ab eigenem schweizer Lager, Lieferung innert 48h","publisher":{"@id":"https:\/\/schweizversand.ch\/fr\/#organization"},"alternateName":"Schweizversand.ch","potentialAction":[{"@type":"SearchAction","target":{"@type":"EntryPoint","urlTemplate":"https:\/\/schweizversand.ch\/fr\/?s={search_term_string}"},"query-input":{"@type":"PropertyValueSpecification","valueRequired":true,"valueName":"search_term_string"}}],"inLanguage":"fr-FR"},{"@type":"Organization","@id":"https:\/\/schweizversand.ch\/fr\/#organization","name":"Schweizversand.ch","url":"https:\/\/schweizversand.ch\/fr\/","logo":{"@type":"ImageObject","inLanguage":"fr-FR","@id":"https:\/\/schweizversand.ch\/fr\/#\/schema\/logo\/image\/","url":"https:\/\/schweizversand.ch\/wp-content\/uploads\/2026\/03\/Logo_Rund_Final-1.png","contentUrl":"https:\/\/schweizversand.ch\/wp-content\/uploads\/2026\/03\/Logo_Rund_Final-1.png","width":404,"height":404,"caption":"Schweizversand.ch"},"image":{"@id":"https:\/\/schweizversand.ch\/fr\/#\/schema\/logo\/image\/"},"sameAs":["https:\/\/www.facebook.com\/Schweizversand","https:\/\/www.instagram.com\/schweizversand.ch\/"]}]}},"jetpack_sharing_enabled":true,"_links":{"self":[{"href":"https:\/\/schweizversand.ch\/fr\/wp-json\/wp\/v2\/product\/263120","targetHints":{"allow":["GET"]}}],"collection":[{"href":"https:\/\/schweizversand.ch\/fr\/wp-json\/wp\/v2\/product"}],"about":[{"href":"https:\/\/schweizversand.ch\/fr\/wp-json\/wp\/v2\/types\/product"}],"replies":[{"embeddable":true,"href":"https:\/\/schweizversand.ch\/fr\/wp-json\/wp\/v2\/comments?post=263120"}],"wp:featuredmedia":[{"embeddable":true,"href":"https:\/\/schweizversand.ch\/fr\/wp-json\/wp\/v2\/media\/229906"}],"wp:attachment":[{"href":"https:\/\/schweizversand.ch\/fr\/wp-json\/wp\/v2\/media?parent=263120"}],"wp:term":[{"taxonomy":"product_brand","embeddable":true,"href":"https:\/\/schweizversand.ch\/fr\/wp-json\/wp\/v2\/product_brand?post=263120"},{"taxonomy":"product_cat","embeddable":true,"href":"https:\/\/schweizversand.ch\/fr\/wp-json\/wp\/v2\/product_cat?post=263120"},{"taxonomy":"product_tag","embeddable":true,"href":"https:\/\/schweizversand.ch\/fr\/wp-json\/wp\/v2\/product_tag?post=263120"}],"curies":[{"name":"wp","href":"https:\/\/api.w.org\/{rel}","templated":true}]}}