{"id":263121,"date":"2026-04-08T15:30:44","date_gmt":"2026-04-08T13:30:44","guid":{"rendered":"https:\/\/schweizversand.ch\/produkt\/hudora-tischtennistisch-tournament\/"},"modified":"2026-04-11T15:34:45","modified_gmt":"2026-04-11T13:34:45","slug":"hudora-tischtennistisch-tournament","status":"publish","type":"product","link":"https:\/\/schweizversand.ch\/fr\/produkt\/hudora-tischtennistisch-tournament\/","title":{"rendered":"Table de ping-pong de tournoi Hudora"},"content":{"rendered":"<h1><strong>Table de ping-pong d&rsquo;ext\u00e9rieur \u2013 Format tournoi r\u00e9sistant aux intemp\u00e9ries<\/strong><\/h1>\n<div>Vous recherchez une table de ping-pong r\u00e9sistante aux intemp\u00e9ries qui r\u00e9ponde aux plus hautes exigences en mati\u00e8re de qualit\u00e9 de jeu et de durabilit\u00e9\u00a0? Cette table de ping-pong de format tournoi haut de gamme est parfaitement con\u00e7ue pour une utilisation intensive en ext\u00e9rieur et, gr\u00e2ce \u00e0 sa construction robuste, vous offrira des ann\u00e9es de plaisir de jeu.<\/p>\n<\/div>\n<div><strong>Caract\u00e9ristiques de jeu sup\u00e9rieures<\/strong><br \/>La table de ping-pong d&rsquo;ext\u00e9rieur est dot\u00e9e d&rsquo;une surface de jeu en r\u00e9sine m\u00e9lamine de 5\u00a0mm d&rsquo;\u00e9paisseur, totalement r\u00e9sistante \u00e0 l&rsquo;humidit\u00e9 et offrant un excellent rebond. Conforme aux dimensions des tournois internationaux, elle garantit une exp\u00e9rience de jeu professionnelle. La table est assortie d&rsquo;une garantie de 10\u00a0ans. Construction robuste et mobilit\u00e9\u00a0: le pi\u00e8tement est compos\u00e9 de tubes en acier thermolaqu\u00e9 \u00e0 section carr\u00e9e robuste (50\u00a0x\u00a030\u00a0mm), assurant une stabilit\u00e9 et une durabilit\u00e9 maximales. Pour faciliter le transport, la table de ping-pong est pliable et \u00e9quip\u00e9e de quatre doubles roues pivotantes (128 mm de diam\u00e8tre) avec bandes de roulement en caoutchouc. Les r\u00e9glages de hauteur permettent de compenser facilement les irr\u00e9gularit\u00e9s du sol. Fonctionnalit\u00e9 et confort\u00a0: cette table de ping-pong offre des options pratiques pour optimiser votre entra\u00eenement. Utilisez le mode lecture pour vous entra\u00eener seul et perfectionner votre technique. De plus, des supports int\u00e9gr\u00e9s permettent de ranger jusqu&rsquo;\u00e0 10 balles et 4 raquettes.<\/p>\n<\/div>\n<div><strong>Caract\u00e9ristiques principales<\/strong><br \/>&#8211; Surface de jeu\u00a0: plateau en r\u00e9sine m\u00e9lamin\u00e9e de 5\u00a0mm (taille comp\u00e9tition)<br \/>&#8211; Profil du cadre\u00a0: L\u00a050\u00a0mm<br \/>&#8211; Cadre\u00a0: tubes d&rsquo;acier thermolaqu\u00e9s (profil carr\u00e9 50\u00a0x\u00a030\u00a0mm)<br \/>&#8211; Garantie\u00a0: 10\u00a0ans sur la surface de jeu<br \/>&#8211; Mobilit\u00e9\u00a0: 4\u00a0roues doubles pivotantes (128\u00a0mm) avec bandes de roulement en caoutchouc<br \/>&#8211; Accessoires\u00a0: position de jeu, supports pour balles et raquettes<br \/>&#8211; Poids\u00a0: 70\u00a0kg<br \/>&#8211; Dimensions (environ)\u00a0: 155\u00a0x\u00a069,5\u00a0x\u00a0152,5\u00a0cm (H\u00a0x\u00a0P\u00a0x\u00a0L)<\/p>\n<\/div>\n<div>Investissez dans cette table de ping-pong r\u00e9sistante aux intemp\u00e9ries et profitez d&rsquo;un divertissement de niveau professionnel dans votre jardin ou sur votre terrasse. Commandez maintenant et constatez la diff\u00e9rence\u00a0!<\/p>\n<\/div>\n<div><\/div>\n","protected":false},"excerpt":{"rendered":"<p>Hudora Tischtennistisch Tournament bietet wetterfeste Turnierqualit\u00e4t, 5 mm Melaminharzplatte und robuste Stahlkonstruktion f\u00fcr langanhaltenden Spielspa\u00df im Outdoor-Bereich.<\/p>\n","protected":false},"featured_media":61362,"comment_status":"open","ping_status":"closed","template":"","meta":[],"product_brand":[],"product_cat":[39226],"product_tag":[],"class_list":{"0":"post-263121","1":"product","2":"type-product","3":"status-publish","4":"has-post-thumbnail","6":"product_cat-tischtennis","7":"product_shipping_class-global_methods","9":"first","10":"instock","11":"taxable","12":"shipping-taxable","13":"purchasable","14":"product-type-simple"},"yoast_head":"<!-- This site is optimized with the Yoast SEO plugin v27.3 - https:\/\/yoast.com\/product\/yoast-seo-wordpress\/ -->\n<title>Hudora Tischtennistisch Tournament<\/title>\n<meta name=\"description\" content=\"Tischtennisplatte Outdoor \u2013 Wetterfestes Turnierformat Suchen Sie eine wetterfeste Tischtennisplatte , die h\u00f6chste Anspr\u00fcche an Spielqualit\u00e4t und Haltbarkeit er\" \/>\n<meta name=\"robots\" content=\"index, follow, max-snippet:-1, max-image-preview:large, max-video-preview:-1\" \/>\n<link rel=\"canonical\" href=\"https:\/\/schweizversand.ch\/fr\/produkt\/hudora-tischtennistisch-tournament\/\" \/>\n<meta property=\"og:locale\" content=\"fr_FR\" \/>\n<meta property=\"og:type\" content=\"article\" \/>\n<meta property=\"og:title\" content=\"Hudora Tischtennistisch Tournament\" \/>\n<meta property=\"og:description\" content=\"Tischtennisplatte Outdoor \u2013 Wetterfestes Turnierformat Suchen Sie eine wetterfeste Tischtennisplatte , die h\u00f6chste Anspr\u00fcche an Spielqualit\u00e4t und Haltbarkeit er\" \/>\n<meta property=\"og:url\" content=\"https:\/\/schweizversand.ch\/fr\/produkt\/hudora-tischtennistisch-tournament\/\" \/>\n<meta property=\"og:site_name\" content=\"Schweizer Shop f\u00fcr Sport, Spiel und Freizeit\" \/>\n<meta property=\"article:publisher\" content=\"https:\/\/www.facebook.com\/Schweizversand\" \/>\n<meta property=\"article:modified_time\" content=\"2026-04-11T13:34:45+00:00\" \/>\n<meta property=\"og:image\" content=\"https:\/\/schweizversand.ch\/wp-content\/uploads\/2026\/04\/dacvh-3.jpg\" \/>\n\t<meta property=\"og:image:width\" content=\"957\" \/>\n\t<meta property=\"og:image:height\" content=\"620\" \/>\n\t<meta property=\"og:image:type\" content=\"image\/jpeg\" \/>\n<meta name=\"twitter:card\" content=\"summary_large_image\" \/>\n<meta name=\"twitter:label1\" content=\"Dur\u00e9e de lecture estim\u00e9e\" \/>\n\t<meta name=\"twitter:data1\" content=\"2 minutes\" \/>\n<script type=\"application\/ld+json\" class=\"yoast-schema-graph\">{\"@context\":\"https:\\\/\\\/schema.org\",\"@graph\":[{\"@type\":\"WebPage\",\"@id\":\"https:\\\/\\\/schweizversand.ch\\\/fr\\\/produkt\\\/hudora-tischtennistisch-tournament\\\/\",\"url\":\"https:\\\/\\\/schweizversand.ch\\\/fr\\\/produkt\\\/hudora-tischtennistisch-tournament\\\/\",\"name\":\"Hudora Tischtennistisch Tournament\",\"isPartOf\":{\"@id\":\"https:\\\/\\\/schweizversand.ch\\\/fr\\\/#website\"},\"primaryImageOfPage\":{\"@id\":\"https:\\\/\\\/schweizversand.ch\\\/fr\\\/produkt\\\/hudora-tischtennistisch-tournament\\\/#primaryimage\"},\"image\":{\"@id\":\"https:\\\/\\\/schweizversand.ch\\\/fr\\\/produkt\\\/hudora-tischtennistisch-tournament\\\/#primaryimage\"},\"thumbnailUrl\":\"https:\\\/\\\/schweizversand.ch\\\/wp-content\\\/uploads\\\/2026\\\/01\\\/5471596255.jpg\",\"datePublished\":\"2026-04-08T13:30:44+00:00\",\"dateModified\":\"2026-04-11T13:34:45+00:00\",\"description\":\"Tischtennisplatte Outdoor \u2013 Wetterfestes Turnierformat Suchen Sie eine wetterfeste Tischtennisplatte , die h\u00f6chste Anspr\u00fcche an Spielqualit\u00e4t und Haltbarkeit er\",\"breadcrumb\":{\"@id\":\"https:\\\/\\\/schweizversand.ch\\\/fr\\\/produkt\\\/hudora-tischtennistisch-tournament\\\/#breadcrumb\"},\"inLanguage\":\"fr-FR\",\"potentialAction\":[{\"@type\":\"ReadAction\",\"target\":[\"https:\\\/\\\/schweizversand.ch\\\/fr\\\/produkt\\\/hudora-tischtennistisch-tournament\\\/\"]}]},{\"@type\":\"ImageObject\",\"inLanguage\":\"fr-FR\",\"@id\":\"https:\\\/\\\/schweizversand.ch\\\/fr\\\/produkt\\\/hudora-tischtennistisch-tournament\\\/#primaryimage\",\"url\":\"https:\\\/\\\/schweizversand.ch\\\/wp-content\\\/uploads\\\/2026\\\/01\\\/5471596255.jpg\",\"contentUrl\":\"https:\\\/\\\/schweizversand.ch\\\/wp-content\\\/uploads\\\/2026\\\/01\\\/5471596255.jpg\",\"width\":1024,\"height\":663},{\"@type\":\"BreadcrumbList\",\"@id\":\"https:\\\/\\\/schweizversand.ch\\\/fr\\\/produkt\\\/hudora-tischtennistisch-tournament\\\/#breadcrumb\",\"itemListElement\":[{\"@type\":\"ListItem\",\"position\":1,\"name\":\"Startseite\",\"item\":\"https:\\\/\\\/schweizversand.ch\\\/fr\\\/\"},{\"@type\":\"ListItem\",\"position\":2,\"name\":\"Boutique\",\"item\":\"https:\\\/\\\/schweizversand.ch\\\/fr\\\/boutique\\\/\"},{\"@type\":\"ListItem\",\"position\":3,\"name\":\"Table de ping-pong de tournoi Hudora\"}]},{\"@type\":\"WebSite\",\"@id\":\"https:\\\/\\\/schweizversand.ch\\\/fr\\\/#website\",\"url\":\"https:\\\/\\\/schweizversand.ch\\\/fr\\\/\",\"name\":\"Schweizer Shop f\u00fcr Sport, Spiel und Freizeit\",\"description\":\"Gratisversand ab 50.- (netto), ab eigenem schweizer Lager, Lieferung innert 48h\",\"publisher\":{\"@id\":\"https:\\\/\\\/schweizversand.ch\\\/fr\\\/#organization\"},\"alternateName\":\"Schweizversand.ch\",\"potentialAction\":[{\"@type\":\"SearchAction\",\"target\":{\"@type\":\"EntryPoint\",\"urlTemplate\":\"https:\\\/\\\/schweizversand.ch\\\/fr\\\/?s={search_term_string}\"},\"query-input\":{\"@type\":\"PropertyValueSpecification\",\"valueRequired\":true,\"valueName\":\"search_term_string\"}}],\"inLanguage\":\"fr-FR\"},{\"@type\":\"Organization\",\"@id\":\"https:\\\/\\\/schweizversand.ch\\\/fr\\\/#organization\",\"name\":\"Schweizversand.ch\",\"url\":\"https:\\\/\\\/schweizversand.ch\\\/fr\\\/\",\"logo\":{\"@type\":\"ImageObject\",\"inLanguage\":\"fr-FR\",\"@id\":\"https:\\\/\\\/schweizversand.ch\\\/fr\\\/#\\\/schema\\\/logo\\\/image\\\/\",\"url\":\"https:\\\/\\\/schweizversand.ch\\\/wp-content\\\/uploads\\\/2026\\\/03\\\/Logo_Rund_Final-1.png\",\"contentUrl\":\"https:\\\/\\\/schweizversand.ch\\\/wp-content\\\/uploads\\\/2026\\\/03\\\/Logo_Rund_Final-1.png\",\"width\":404,\"height\":404,\"caption\":\"Schweizversand.ch\"},\"image\":{\"@id\":\"https:\\\/\\\/schweizversand.ch\\\/fr\\\/#\\\/schema\\\/logo\\\/image\\\/\"},\"sameAs\":[\"https:\\\/\\\/www.facebook.com\\\/Schweizversand\",\"https:\\\/\\\/www.instagram.com\\\/schweizversand.ch\\\/\"]}]}<\/script>\n<!-- \/ Yoast SEO plugin. -->","yoast_head_json":{"title":"Hudora Tischtennistisch Tournament","description":"Tischtennisplatte Outdoor \u2013 Wetterfestes Turnierformat Suchen Sie eine wetterfeste Tischtennisplatte , die h\u00f6chste Anspr\u00fcche an Spielqualit\u00e4t und Haltbarkeit er","robots":{"index":"index","follow":"follow","max-snippet":"max-snippet:-1","max-image-preview":"max-image-preview:large","max-video-preview":"max-video-preview:-1"},"canonical":"https:\/\/schweizversand.ch\/fr\/produkt\/hudora-tischtennistisch-tournament\/","og_locale":"fr_FR","og_type":"article","og_title":"Hudora Tischtennistisch Tournament","og_description":"Tischtennisplatte Outdoor \u2013 Wetterfestes Turnierformat Suchen Sie eine wetterfeste Tischtennisplatte , die h\u00f6chste Anspr\u00fcche an Spielqualit\u00e4t und Haltbarkeit er","og_url":"https:\/\/schweizversand.ch\/fr\/produkt\/hudora-tischtennistisch-tournament\/","og_site_name":"Schweizer Shop f\u00fcr Sport, Spiel und Freizeit","article_publisher":"https:\/\/www.facebook.com\/Schweizversand","article_modified_time":"2026-04-11T13:34:45+00:00","og_image":[{"width":957,"height":620,"url":"https:\/\/schweizversand.ch\/wp-content\/uploads\/2026\/04\/dacvh-3.jpg","type":"image\/jpeg"}],"twitter_card":"summary_large_image","twitter_misc":{"Dur\u00e9e de lecture estim\u00e9e":"2 minutes"},"schema":{"@context":"https:\/\/schema.org","@graph":[{"@type":"WebPage","@id":"https:\/\/schweizversand.ch\/fr\/produkt\/hudora-tischtennistisch-tournament\/","url":"https:\/\/schweizversand.ch\/fr\/produkt\/hudora-tischtennistisch-tournament\/","name":"Hudora Tischtennistisch Tournament","isPartOf":{"@id":"https:\/\/schweizversand.ch\/fr\/#website"},"primaryImageOfPage":{"@id":"https:\/\/schweizversand.ch\/fr\/produkt\/hudora-tischtennistisch-tournament\/#primaryimage"},"image":{"@id":"https:\/\/schweizversand.ch\/fr\/produkt\/hudora-tischtennistisch-tournament\/#primaryimage"},"thumbnailUrl":"https:\/\/schweizversand.ch\/wp-content\/uploads\/2026\/01\/5471596255.jpg","datePublished":"2026-04-08T13:30:44+00:00","dateModified":"2026-04-11T13:34:45+00:00","description":"Tischtennisplatte Outdoor \u2013 Wetterfestes Turnierformat Suchen Sie eine wetterfeste Tischtennisplatte , die h\u00f6chste Anspr\u00fcche an Spielqualit\u00e4t und Haltbarkeit er","breadcrumb":{"@id":"https:\/\/schweizversand.ch\/fr\/produkt\/hudora-tischtennistisch-tournament\/#breadcrumb"},"inLanguage":"fr-FR","potentialAction":[{"@type":"ReadAction","target":["https:\/\/schweizversand.ch\/fr\/produkt\/hudora-tischtennistisch-tournament\/"]}]},{"@type":"ImageObject","inLanguage":"fr-FR","@id":"https:\/\/schweizversand.ch\/fr\/produkt\/hudora-tischtennistisch-tournament\/#primaryimage","url":"https:\/\/schweizversand.ch\/wp-content\/uploads\/2026\/01\/5471596255.jpg","contentUrl":"https:\/\/schweizversand.ch\/wp-content\/uploads\/2026\/01\/5471596255.jpg","width":1024,"height":663},{"@type":"BreadcrumbList","@id":"https:\/\/schweizversand.ch\/fr\/produkt\/hudora-tischtennistisch-tournament\/#breadcrumb","itemListElement":[{"@type":"ListItem","position":1,"name":"Startseite","item":"https:\/\/schweizversand.ch\/fr\/"},{"@type":"ListItem","position":2,"name":"Boutique","item":"https:\/\/schweizversand.ch\/fr\/boutique\/"},{"@type":"ListItem","position":3,"name":"Table de ping-pong de tournoi Hudora"}]},{"@type":"WebSite","@id":"https:\/\/schweizversand.ch\/fr\/#website","url":"https:\/\/schweizversand.ch\/fr\/","name":"Schweizer Shop f\u00fcr Sport, Spiel und Freizeit","description":"Gratisversand ab 50.- (netto), ab eigenem schweizer Lager, Lieferung innert 48h","publisher":{"@id":"https:\/\/schweizversand.ch\/fr\/#organization"},"alternateName":"Schweizversand.ch","potentialAction":[{"@type":"SearchAction","target":{"@type":"EntryPoint","urlTemplate":"https:\/\/schweizversand.ch\/fr\/?s={search_term_string}"},"query-input":{"@type":"PropertyValueSpecification","valueRequired":true,"valueName":"search_term_string"}}],"inLanguage":"fr-FR"},{"@type":"Organization","@id":"https:\/\/schweizversand.ch\/fr\/#organization","name":"Schweizversand.ch","url":"https:\/\/schweizversand.ch\/fr\/","logo":{"@type":"ImageObject","inLanguage":"fr-FR","@id":"https:\/\/schweizversand.ch\/fr\/#\/schema\/logo\/image\/","url":"https:\/\/schweizversand.ch\/wp-content\/uploads\/2026\/03\/Logo_Rund_Final-1.png","contentUrl":"https:\/\/schweizversand.ch\/wp-content\/uploads\/2026\/03\/Logo_Rund_Final-1.png","width":404,"height":404,"caption":"Schweizversand.ch"},"image":{"@id":"https:\/\/schweizversand.ch\/fr\/#\/schema\/logo\/image\/"},"sameAs":["https:\/\/www.facebook.com\/Schweizversand","https:\/\/www.instagram.com\/schweizversand.ch\/"]}]}},"jetpack_sharing_enabled":true,"_links":{"self":[{"href":"https:\/\/schweizversand.ch\/fr\/wp-json\/wp\/v2\/product\/263121","targetHints":{"allow":["GET"]}}],"collection":[{"href":"https:\/\/schweizversand.ch\/fr\/wp-json\/wp\/v2\/product"}],"about":[{"href":"https:\/\/schweizversand.ch\/fr\/wp-json\/wp\/v2\/types\/product"}],"replies":[{"embeddable":true,"href":"https:\/\/schweizversand.ch\/fr\/wp-json\/wp\/v2\/comments?post=263121"}],"wp:featuredmedia":[{"embeddable":true,"href":"https:\/\/schweizversand.ch\/fr\/wp-json\/wp\/v2\/media\/61362"}],"wp:attachment":[{"href":"https:\/\/schweizversand.ch\/fr\/wp-json\/wp\/v2\/media?parent=263121"}],"wp:term":[{"taxonomy":"product_brand","embeddable":true,"href":"https:\/\/schweizversand.ch\/fr\/wp-json\/wp\/v2\/product_brand?post=263121"},{"taxonomy":"product_cat","embeddable":true,"href":"https:\/\/schweizversand.ch\/fr\/wp-json\/wp\/v2\/product_cat?post=263121"},{"taxonomy":"product_tag","embeddable":true,"href":"https:\/\/schweizversand.ch\/fr\/wp-json\/wp\/v2\/product_tag?post=263121"}],"curies":[{"name":"wp","href":"https:\/\/api.w.org\/{rel}","templated":true}]}}