{"id":263234,"date":"2026-04-10T02:00:21","date_gmt":"2026-04-10T00:00:21","guid":{"rendered":"https:\/\/schweizversand.ch\/produkt\/champ-speed-badminton-set-2\/"},"modified":"2026-04-11T02:04:45","modified_gmt":"2026-04-11T00:04:45","slug":"champ-speed-badminton-set-2","status":"publish","type":"product","link":"https:\/\/schweizversand.ch\/fr\/produkt\/champ-speed-badminton-set-2\/","title":{"rendered":"Ensemble de badminton CHAMP Speed"},"content":{"rendered":"<h1><strong>Ensemble de Speed \u200b\u200bBadminton \u2013 Ensemble complet pour l&rsquo;ext\u00e9rieur<\/strong><\/h1>\n<div>D\u00e9couvrez l&rsquo;ensemble de Speed \u200b\u200bBadminton ultime, pour un plaisir imm\u00e9diat. Au parc, \u00e0 la plage ou dans votre jardin, cet ensemble de Speed \u200b\u200bBadminton est id\u00e9al pour des parties rapides et dynamiques en ext\u00e9rieur.<\/p>\n<\/div>\n<div><strong>Parfait pour tous les niveaux<\/strong><br \/>Cet ensemble de raquettes de Speed \u200b\u200bBadminton de haute qualit\u00e9 a \u00e9t\u00e9 con\u00e7u pour les d\u00e9butants comme pour les joueurs confirm\u00e9s. La construction robuste en aluminium des raquettes assure un \u00e9quilibre optimal entre l\u00e9g\u00e8ret\u00e9 et puissance, pour un jeu dynamique. Jouez o\u00f9 vous voulez, sans filet ! Cet ensemble de Speed \u200b\u200bBadminton vous offre tout le n\u00e9cessaire. Contenu complet : Cet ensemble de Speed \u200b\u200bBadminton r\u00e9pond \u00e0 tous vos besoins. Tout le n\u00e9cessaire pour commencer \u00e0 jouer imm\u00e9diatement et progresser est inclus\u00a0: &#8211; 2 raquettes de haute qualit\u00e9 (aluminium, env. 58 x 21 cm) &#8211; 3 volants en nylon r\u00e9sistant &#8211; 1 housse de transport pratique avec face avant transparente pour un transport facile. Qualit\u00e9 et transport\u00a0: Les raquettes sont fabriqu\u00e9es en aluminium l\u00e9ger et mesurent environ 58 x 21 cm. L&rsquo;ensemble est durable et id\u00e9al pour une utilisation r\u00e9guli\u00e8re pendant les loisirs et les vacances. Gr\u00e2ce \u00e0 la housse de transport incluse, transporter et ranger en toute s\u00e9curit\u00e9 l&rsquo;ensemble complet de badminton est incroyablement facile.<\/p>\n<\/div>\n<div>Procurez-vous d\u00e8s maintenant cet ensemble de badminton rapide polyvalent et vivez des parties passionnantes avec vos amis et votre famille, o\u00f9 que vous soyez.<\/p>\n<\/div>\n<div><\/div>\n","protected":false},"excerpt":{"rendered":"<p>CHAMP Speed Badminton Set bietet robustes Aluminium-Design und netzloses Spielen f\u00fcr schnellen Outdoor-Spa\u00df. Ideal f\u00fcr Anf\u00e4nger und Profis \u2013 jederzeit und \u00fcberall einsatzbereit.<\/p>\n","protected":false},"featured_media":263288,"comment_status":"open","ping_status":"closed","template":"","meta":[],"product_brand":[],"product_cat":[39230],"product_tag":[],"class_list":{"0":"post-263234","1":"product","2":"type-product","3":"status-publish","4":"has-post-thumbnail","6":"product_cat-racketsport","7":"product_shipping_class-global_methods","9":"first","10":"instock","11":"taxable","12":"shipping-taxable","13":"purchasable","14":"product-type-simple"},"yoast_head":"<!-- This site is optimized with the Yoast SEO plugin v27.3 - https:\/\/yoast.com\/product\/yoast-seo-wordpress\/ -->\n<title>CHAMP Speed Badminton Set<\/title>\n<meta name=\"description\" content=\"Speed Badminton Set \u2013 Badminton Komplettset f\u00fcr Outdoor Entdecken Sie das ultimative Speed Badminton Set , das Ihnen sofortigen Spielspass garantiert. Ob im Par\" \/>\n<meta name=\"robots\" content=\"index, follow, max-snippet:-1, max-image-preview:large, max-video-preview:-1\" \/>\n<link rel=\"canonical\" href=\"https:\/\/schweizversand.ch\/fr\/produkt\/champ-speed-badminton-set-2\/\" \/>\n<meta property=\"og:locale\" content=\"fr_FR\" \/>\n<meta property=\"og:type\" content=\"article\" \/>\n<meta property=\"og:title\" content=\"CHAMP Speed Badminton Set\" \/>\n<meta property=\"og:description\" content=\"Speed Badminton Set \u2013 Badminton Komplettset f\u00fcr Outdoor Entdecken Sie das ultimative Speed Badminton Set , das Ihnen sofortigen Spielspass garantiert. Ob im Par\" \/>\n<meta property=\"og:url\" content=\"https:\/\/schweizversand.ch\/fr\/produkt\/champ-speed-badminton-set-2\/\" \/>\n<meta property=\"og:site_name\" content=\"Schweizer Shop f\u00fcr Sport, Spiel und Freizeit\" \/>\n<meta property=\"article:publisher\" content=\"https:\/\/www.facebook.com\/Schweizversand\" \/>\n<meta property=\"article:modified_time\" content=\"2026-04-11T00:04:45+00:00\" \/>\n<meta property=\"og:image\" content=\"https:\/\/schweizversand.ch\/wp-content\/uploads\/2026\/04\/5471931756-4.jpg\" \/>\n\t<meta property=\"og:image:width\" content=\"1024\" \/>\n\t<meta property=\"og:image:height\" content=\"1024\" \/>\n\t<meta property=\"og:image:type\" content=\"image\/jpeg\" \/>\n<meta name=\"twitter:card\" content=\"summary_large_image\" \/>\n<meta name=\"twitter:label1\" content=\"Dur\u00e9e de lecture estim\u00e9e\" \/>\n\t<meta name=\"twitter:data1\" content=\"1 minute\" \/>\n<script type=\"application\/ld+json\" class=\"yoast-schema-graph\">{\"@context\":\"https:\\\/\\\/schema.org\",\"@graph\":[{\"@type\":\"WebPage\",\"@id\":\"https:\\\/\\\/schweizversand.ch\\\/fr\\\/produkt\\\/champ-speed-badminton-set-2\\\/\",\"url\":\"https:\\\/\\\/schweizversand.ch\\\/fr\\\/produkt\\\/champ-speed-badminton-set-2\\\/\",\"name\":\"CHAMP Speed Badminton Set\",\"isPartOf\":{\"@id\":\"https:\\\/\\\/schweizversand.ch\\\/fr\\\/#website\"},\"primaryImageOfPage\":{\"@id\":\"https:\\\/\\\/schweizversand.ch\\\/fr\\\/produkt\\\/champ-speed-badminton-set-2\\\/#primaryimage\"},\"image\":{\"@id\":\"https:\\\/\\\/schweizversand.ch\\\/fr\\\/produkt\\\/champ-speed-badminton-set-2\\\/#primaryimage\"},\"thumbnailUrl\":\"https:\\\/\\\/schweizversand.ch\\\/wp-content\\\/uploads\\\/2026\\\/04\\\/5471931756-2.jpg\",\"datePublished\":\"2026-04-10T00:00:21+00:00\",\"dateModified\":\"2026-04-11T00:04:45+00:00\",\"description\":\"Speed Badminton Set \u2013 Badminton Komplettset f\u00fcr Outdoor Entdecken Sie das ultimative Speed Badminton Set , das Ihnen sofortigen Spielspass garantiert. Ob im Par\",\"breadcrumb\":{\"@id\":\"https:\\\/\\\/schweizversand.ch\\\/fr\\\/produkt\\\/champ-speed-badminton-set-2\\\/#breadcrumb\"},\"inLanguage\":\"fr-FR\",\"potentialAction\":[{\"@type\":\"ReadAction\",\"target\":[\"https:\\\/\\\/schweizversand.ch\\\/fr\\\/produkt\\\/champ-speed-badminton-set-2\\\/\"]}]},{\"@type\":\"ImageObject\",\"inLanguage\":\"fr-FR\",\"@id\":\"https:\\\/\\\/schweizversand.ch\\\/fr\\\/produkt\\\/champ-speed-badminton-set-2\\\/#primaryimage\",\"url\":\"https:\\\/\\\/schweizversand.ch\\\/wp-content\\\/uploads\\\/2026\\\/04\\\/5471931756-2.jpg\",\"contentUrl\":\"https:\\\/\\\/schweizversand.ch\\\/wp-content\\\/uploads\\\/2026\\\/04\\\/5471931756-2.jpg\",\"width\":1024,\"height\":1024},{\"@type\":\"BreadcrumbList\",\"@id\":\"https:\\\/\\\/schweizversand.ch\\\/fr\\\/produkt\\\/champ-speed-badminton-set-2\\\/#breadcrumb\",\"itemListElement\":[{\"@type\":\"ListItem\",\"position\":1,\"name\":\"Startseite\",\"item\":\"https:\\\/\\\/schweizversand.ch\\\/fr\\\/\"},{\"@type\":\"ListItem\",\"position\":2,\"name\":\"Boutique\",\"item\":\"https:\\\/\\\/schweizversand.ch\\\/fr\\\/boutique\\\/\"},{\"@type\":\"ListItem\",\"position\":3,\"name\":\"Ensemble de badminton CHAMP Speed\"}]},{\"@type\":\"WebSite\",\"@id\":\"https:\\\/\\\/schweizversand.ch\\\/fr\\\/#website\",\"url\":\"https:\\\/\\\/schweizversand.ch\\\/fr\\\/\",\"name\":\"Schweizer Shop f\u00fcr Sport, Spiel und Freizeit\",\"description\":\"Gratisversand ab 50.- (netto), ab eigenem schweizer Lager, Lieferung innert 48h\",\"publisher\":{\"@id\":\"https:\\\/\\\/schweizversand.ch\\\/fr\\\/#organization\"},\"alternateName\":\"Schweizversand.ch\",\"potentialAction\":[{\"@type\":\"SearchAction\",\"target\":{\"@type\":\"EntryPoint\",\"urlTemplate\":\"https:\\\/\\\/schweizversand.ch\\\/fr\\\/?s={search_term_string}\"},\"query-input\":{\"@type\":\"PropertyValueSpecification\",\"valueRequired\":true,\"valueName\":\"search_term_string\"}}],\"inLanguage\":\"fr-FR\"},{\"@type\":\"Organization\",\"@id\":\"https:\\\/\\\/schweizversand.ch\\\/fr\\\/#organization\",\"name\":\"Schweizversand.ch\",\"url\":\"https:\\\/\\\/schweizversand.ch\\\/fr\\\/\",\"logo\":{\"@type\":\"ImageObject\",\"inLanguage\":\"fr-FR\",\"@id\":\"https:\\\/\\\/schweizversand.ch\\\/fr\\\/#\\\/schema\\\/logo\\\/image\\\/\",\"url\":\"https:\\\/\\\/schweizversand.ch\\\/wp-content\\\/uploads\\\/2026\\\/03\\\/Logo_Rund_Final-1.png\",\"contentUrl\":\"https:\\\/\\\/schweizversand.ch\\\/wp-content\\\/uploads\\\/2026\\\/03\\\/Logo_Rund_Final-1.png\",\"width\":404,\"height\":404,\"caption\":\"Schweizversand.ch\"},\"image\":{\"@id\":\"https:\\\/\\\/schweizversand.ch\\\/fr\\\/#\\\/schema\\\/logo\\\/image\\\/\"},\"sameAs\":[\"https:\\\/\\\/www.facebook.com\\\/Schweizversand\",\"https:\\\/\\\/www.instagram.com\\\/schweizversand.ch\\\/\"]}]}<\/script>\n<!-- \/ Yoast SEO plugin. -->","yoast_head_json":{"title":"CHAMP Speed Badminton Set","description":"Speed Badminton Set \u2013 Badminton Komplettset f\u00fcr Outdoor Entdecken Sie das ultimative Speed Badminton Set , das Ihnen sofortigen Spielspass garantiert. Ob im Par","robots":{"index":"index","follow":"follow","max-snippet":"max-snippet:-1","max-image-preview":"max-image-preview:large","max-video-preview":"max-video-preview:-1"},"canonical":"https:\/\/schweizversand.ch\/fr\/produkt\/champ-speed-badminton-set-2\/","og_locale":"fr_FR","og_type":"article","og_title":"CHAMP Speed Badminton Set","og_description":"Speed Badminton Set \u2013 Badminton Komplettset f\u00fcr Outdoor Entdecken Sie das ultimative Speed Badminton Set , das Ihnen sofortigen Spielspass garantiert. Ob im Par","og_url":"https:\/\/schweizversand.ch\/fr\/produkt\/champ-speed-badminton-set-2\/","og_site_name":"Schweizer Shop f\u00fcr Sport, Spiel und Freizeit","article_publisher":"https:\/\/www.facebook.com\/Schweizversand","article_modified_time":"2026-04-11T00:04:45+00:00","og_image":[{"width":1024,"height":1024,"url":"https:\/\/schweizversand.ch\/wp-content\/uploads\/2026\/04\/5471931756-4.jpg","type":"image\/jpeg"}],"twitter_card":"summary_large_image","twitter_misc":{"Dur\u00e9e de lecture estim\u00e9e":"1 minute"},"schema":{"@context":"https:\/\/schema.org","@graph":[{"@type":"WebPage","@id":"https:\/\/schweizversand.ch\/fr\/produkt\/champ-speed-badminton-set-2\/","url":"https:\/\/schweizversand.ch\/fr\/produkt\/champ-speed-badminton-set-2\/","name":"CHAMP Speed Badminton Set","isPartOf":{"@id":"https:\/\/schweizversand.ch\/fr\/#website"},"primaryImageOfPage":{"@id":"https:\/\/schweizversand.ch\/fr\/produkt\/champ-speed-badminton-set-2\/#primaryimage"},"image":{"@id":"https:\/\/schweizversand.ch\/fr\/produkt\/champ-speed-badminton-set-2\/#primaryimage"},"thumbnailUrl":"https:\/\/schweizversand.ch\/wp-content\/uploads\/2026\/04\/5471931756-2.jpg","datePublished":"2026-04-10T00:00:21+00:00","dateModified":"2026-04-11T00:04:45+00:00","description":"Speed Badminton Set \u2013 Badminton Komplettset f\u00fcr Outdoor Entdecken Sie das ultimative Speed Badminton Set , das Ihnen sofortigen Spielspass garantiert. Ob im Par","breadcrumb":{"@id":"https:\/\/schweizversand.ch\/fr\/produkt\/champ-speed-badminton-set-2\/#breadcrumb"},"inLanguage":"fr-FR","potentialAction":[{"@type":"ReadAction","target":["https:\/\/schweizversand.ch\/fr\/produkt\/champ-speed-badminton-set-2\/"]}]},{"@type":"ImageObject","inLanguage":"fr-FR","@id":"https:\/\/schweizversand.ch\/fr\/produkt\/champ-speed-badminton-set-2\/#primaryimage","url":"https:\/\/schweizversand.ch\/wp-content\/uploads\/2026\/04\/5471931756-2.jpg","contentUrl":"https:\/\/schweizversand.ch\/wp-content\/uploads\/2026\/04\/5471931756-2.jpg","width":1024,"height":1024},{"@type":"BreadcrumbList","@id":"https:\/\/schweizversand.ch\/fr\/produkt\/champ-speed-badminton-set-2\/#breadcrumb","itemListElement":[{"@type":"ListItem","position":1,"name":"Startseite","item":"https:\/\/schweizversand.ch\/fr\/"},{"@type":"ListItem","position":2,"name":"Boutique","item":"https:\/\/schweizversand.ch\/fr\/boutique\/"},{"@type":"ListItem","position":3,"name":"Ensemble de badminton CHAMP Speed"}]},{"@type":"WebSite","@id":"https:\/\/schweizversand.ch\/fr\/#website","url":"https:\/\/schweizversand.ch\/fr\/","name":"Schweizer Shop f\u00fcr Sport, Spiel und Freizeit","description":"Gratisversand ab 50.- (netto), ab eigenem schweizer Lager, Lieferung innert 48h","publisher":{"@id":"https:\/\/schweizversand.ch\/fr\/#organization"},"alternateName":"Schweizversand.ch","potentialAction":[{"@type":"SearchAction","target":{"@type":"EntryPoint","urlTemplate":"https:\/\/schweizversand.ch\/fr\/?s={search_term_string}"},"query-input":{"@type":"PropertyValueSpecification","valueRequired":true,"valueName":"search_term_string"}}],"inLanguage":"fr-FR"},{"@type":"Organization","@id":"https:\/\/schweizversand.ch\/fr\/#organization","name":"Schweizversand.ch","url":"https:\/\/schweizversand.ch\/fr\/","logo":{"@type":"ImageObject","inLanguage":"fr-FR","@id":"https:\/\/schweizversand.ch\/fr\/#\/schema\/logo\/image\/","url":"https:\/\/schweizversand.ch\/wp-content\/uploads\/2026\/03\/Logo_Rund_Final-1.png","contentUrl":"https:\/\/schweizversand.ch\/wp-content\/uploads\/2026\/03\/Logo_Rund_Final-1.png","width":404,"height":404,"caption":"Schweizversand.ch"},"image":{"@id":"https:\/\/schweizversand.ch\/fr\/#\/schema\/logo\/image\/"},"sameAs":["https:\/\/www.facebook.com\/Schweizversand","https:\/\/www.instagram.com\/schweizversand.ch\/"]}]}},"jetpack_sharing_enabled":true,"_links":{"self":[{"href":"https:\/\/schweizversand.ch\/fr\/wp-json\/wp\/v2\/product\/263234","targetHints":{"allow":["GET"]}}],"collection":[{"href":"https:\/\/schweizversand.ch\/fr\/wp-json\/wp\/v2\/product"}],"about":[{"href":"https:\/\/schweizversand.ch\/fr\/wp-json\/wp\/v2\/types\/product"}],"replies":[{"embeddable":true,"href":"https:\/\/schweizversand.ch\/fr\/wp-json\/wp\/v2\/comments?post=263234"}],"wp:featuredmedia":[{"embeddable":true,"href":"https:\/\/schweizversand.ch\/fr\/wp-json\/wp\/v2\/media\/263288"}],"wp:attachment":[{"href":"https:\/\/schweizversand.ch\/fr\/wp-json\/wp\/v2\/media?parent=263234"}],"wp:term":[{"taxonomy":"product_brand","embeddable":true,"href":"https:\/\/schweizversand.ch\/fr\/wp-json\/wp\/v2\/product_brand?post=263234"},{"taxonomy":"product_cat","embeddable":true,"href":"https:\/\/schweizversand.ch\/fr\/wp-json\/wp\/v2\/product_cat?post=263234"},{"taxonomy":"product_tag","embeddable":true,"href":"https:\/\/schweizversand.ch\/fr\/wp-json\/wp\/v2\/product_tag?post=263234"}],"curies":[{"name":"wp","href":"https:\/\/api.w.org\/{rel}","templated":true}]}}