{"id":263235,"date":"2026-04-10T02:00:43","date_gmt":"2026-04-10T00:00:43","guid":{"rendered":"https:\/\/schweizversand.ch\/produkt\/sponeta-tischtennistisch-sdl-raw-outdoor\/"},"modified":"2026-04-11T15:34:41","modified_gmt":"2026-04-11T13:34:41","slug":"sponeta-tischtennistisch-sdl-raw-outdoor","status":"publish","type":"product","link":"https:\/\/schweizversand.ch\/fr\/produkt\/sponeta-tischtennistisch-sdl-raw-outdoor\/","title":{"rendered":"Table de ping-pong d&rsquo;ext\u00e9rieur Sponeta SDL Raw"},"content":{"rendered":"<h1><strong>Sponeta SDL Raw \u2013 Table de ping-pong d&rsquo;ext\u00e9rieur r\u00e9sistante aux intemp\u00e9ries<\/strong><\/h1>\n<div>La Sponeta SDL Raw Outdoor est le choix id\u00e9al pour tous les passionn\u00e9s de ping-pong exigeants qui recherchent une qualit\u00e9 sup\u00e9rieure et une r\u00e9sistance sans faille aux intemp\u00e9ries. Robuste et bien con\u00e7ue, cette table de ping-pong d&rsquo;ext\u00e9rieur a \u00e9t\u00e9 sp\u00e9cialement d\u00e9velopp\u00e9e pour r\u00e9sister aux \u00e9l\u00e9ments et vous garantir des ann\u00e9es de plaisir de jeu en plein air. Profitez de sensations de jeu professionnelles alli\u00e9es \u00e0 une durabilit\u00e9 maximale.<\/p>\n<\/div>\n<div><strong>Construction et surface de jeu<\/strong><br \/>Le point fort de cette table de ping-pong d&rsquo;ext\u00e9rieur r\u00e9side dans ses mat\u00e9riaux qui lui conf\u00e8rent une durabilit\u00e9 exceptionnelle. La surface de jeu en r\u00e9sine m\u00e9lamine grise de 10 mm d&rsquo;\u00e9paisseur est extr\u00eamement r\u00e9sistante \u00e0 l&rsquo;humidit\u00e9 et offre une haute r\u00e9sistance aux chocs. Ce mat\u00e9riau fait de la Sponeta SDL Raw une table de ping-pong v\u00e9ritablement r\u00e9sistante aux intemp\u00e9ries, id\u00e9ale pour tous les environnements. La surface de jeu est renforc\u00e9e par un profil\u00e9 de cadre thermolaqu\u00e9 (60 x 20 mm), ce qui accro\u00eet consid\u00e9rablement sa stabilit\u00e9.<\/p>\n<\/div>\n<div><strong>Base stable et mobilit\u00e9<\/strong><br \/>La base compacte de type 4 est compos\u00e9e de tubes ronds et ovales thermolaqu\u00e9s, garantissant une assise solide. Pour une flexibilit\u00e9 maximale et un rangement ais\u00e9, la table est \u00e9quip\u00e9e de quatre roulettes pivotantes, dont deux sont verrouillables pour une stabilit\u00e9 optimale pendant le jeu. Autre atout majeur\u00a0: les <strong>r\u00e9glables en hauteur<\/strong> situ\u00e9s sur les pieds arri\u00e8re, qui compensent sans effort les irr\u00e9gularit\u00e9s du sol jusqu\u2019\u00e0 25 mm. Vous jouez ainsi toujours sur une surface parfaitement plane.<\/p>\n<\/div>\n<div><strong>Manipulation intuitive et s\u00e9curit\u00e9<\/strong><br \/>Le syst\u00e8me innovant \u00ab\u00a0Smart Manual System\u00a0\u00bb permet une utilisation simple et s\u00fbre. Ce syst\u00e8me de verrouillage maintient la table en toute s\u00e9curit\u00e9, aussi bien en position de jeu qu\u2019en position de rangement. La manipulation est intuitive et fluide, rendant le montage et le d\u00e9montage de la table de ping-pong d\u2019ext\u00e9rieur particuli\u00e8rement pratiques. La table de ping-pong r\u00e9sistante aux intemp\u00e9ries est donc rapidement pr\u00eate \u00e0 l&#8217;emploi ou peut \u00eatre rang\u00e9e pour un gain de place. Caract\u00e9ristiques et accessoires\u00a0: Le filet fixe est inclus et impressionne par ses poteaux robustes et son r\u00e9glage en hauteur pratique. Le filet noir, avec son liser\u00e9 jaune et son logo imprim\u00e9, est \u00e9galement r\u00e9sistant aux intemp\u00e9ries. Des compartiments de rangement int\u00e9gr\u00e9s offrent un confort suppl\u00e9mentaire\u00a0: <\/p>\n<\/div>\n<div><strong>D\u00e9tails pratiques<\/strong><br \/>&#8211; Compartiment multifonctionnel\u00a0: Sac int\u00e9gr\u00e9 pour ranger raquettes et objets de valeur<br \/>&#8211; Porte-balles\u00a0: Pour un acc\u00e8s rapide aux balles neuves<br \/>&#8211; Pr\u00e9-assemblage\u00a0: La table est en grande partie pr\u00e9-assembl\u00e9e et pr\u00eate \u00e0 jouer en un rien de temps<\/p>\n<\/div>\n<div><strong>Dimensions et poids<\/strong><br \/>La Sponeta SDL Raw est conforme aux dimensions des comp\u00e9titions internationales, offrant ainsi une exp\u00e9rience de jeu authentique. Avec un poids net de 113\u00a0kg, cette table de ping-pong d&rsquo;ext\u00e9rieur est extr\u00eamement stable et s\u00e9curis\u00e9e. Ce mod\u00e8le convient non seulement \u00e0 un usage priv\u00e9 exigeant, mais constitue \u00e9galement un excellent choix pour les installations publiques, les \u00e9coles ou les campings o\u00f9 la durabilit\u00e9 et la qualit\u00e9 sont essentielles. Investissez dans la Sponeta SDL Raw et assurez-vous une exp\u00e9rience de jeu professionnelle et durable.<\/p>\n<\/div>\n<div><\/div>\n","protected":false},"excerpt":{"rendered":"<p>Sponeta Tischtennistisch SDL Raw Outdoor vereint wetterfeste Robustheit mit modernem Design \u2013 perfekt f\u00fcr stilvolles Tischtennis auf Terrasse und im Garten.<\/p>\n","protected":false},"featured_media":263382,"comment_status":"open","ping_status":"closed","template":"","meta":[],"product_brand":[],"product_cat":[39226],"product_tag":[],"class_list":{"0":"post-263235","1":"product","2":"type-product","3":"status-publish","4":"has-post-thumbnail","6":"product_cat-tischtennis","7":"product_shipping_class-global_methods","9":"first","10":"instock","11":"taxable","12":"shipping-taxable","13":"purchasable","14":"product-type-simple"},"yoast_head":"<!-- This site is optimized with the Yoast SEO plugin v27.3 - https:\/\/yoast.com\/product\/yoast-seo-wordpress\/ -->\n<title>Sponeta Tischtennistisch SDL Raw Outdoor<\/title>\n<meta name=\"description\" content=\"Sponeta SDL Raw \u2013 Wetterfester Tischtennistisch Outdoor Der Sponeta SDL Raw Outdoor ist die ultimative Wahl f\u00fcr alle Tischtennisbegeisterten, die Wert auf h\u00f6chs\" \/>\n<meta name=\"robots\" content=\"index, follow, max-snippet:-1, max-image-preview:large, max-video-preview:-1\" \/>\n<link rel=\"canonical\" href=\"https:\/\/schweizversand.ch\/fr\/produkt\/sponeta-tischtennistisch-sdl-raw-outdoor\/\" \/>\n<meta property=\"og:locale\" content=\"fr_FR\" \/>\n<meta property=\"og:type\" content=\"article\" \/>\n<meta property=\"og:title\" content=\"Sponeta Tischtennistisch SDL Raw Outdoor\" \/>\n<meta property=\"og:description\" content=\"Sponeta SDL Raw \u2013 Wetterfester Tischtennistisch Outdoor Der Sponeta SDL Raw Outdoor ist die ultimative Wahl f\u00fcr alle Tischtennisbegeisterten, die Wert auf h\u00f6chs\" \/>\n<meta property=\"og:url\" content=\"https:\/\/schweizversand.ch\/fr\/produkt\/sponeta-tischtennistisch-sdl-raw-outdoor\/\" \/>\n<meta property=\"og:site_name\" content=\"Schweizer Shop f\u00fcr Sport, Spiel und Freizeit\" \/>\n<meta property=\"article:publisher\" content=\"https:\/\/www.facebook.com\/Schweizversand\" \/>\n<meta property=\"article:modified_time\" content=\"2026-04-11T13:34:41+00:00\" \/>\n<meta name=\"twitter:card\" content=\"summary_large_image\" \/>\n<meta name=\"twitter:label1\" content=\"Dur\u00e9e de lecture estim\u00e9e\" \/>\n\t<meta name=\"twitter:data1\" content=\"3 minutes\" \/>\n<script type=\"application\/ld+json\" class=\"yoast-schema-graph\">{\"@context\":\"https:\\\/\\\/schema.org\",\"@graph\":[{\"@type\":\"WebPage\",\"@id\":\"https:\\\/\\\/schweizversand.ch\\\/fr\\\/produkt\\\/sponeta-tischtennistisch-sdl-raw-outdoor\\\/\",\"url\":\"https:\\\/\\\/schweizversand.ch\\\/fr\\\/produkt\\\/sponeta-tischtennistisch-sdl-raw-outdoor\\\/\",\"name\":\"Sponeta Tischtennistisch SDL Raw Outdoor\",\"isPartOf\":{\"@id\":\"https:\\\/\\\/schweizversand.ch\\\/fr\\\/#website\"},\"primaryImageOfPage\":{\"@id\":\"https:\\\/\\\/schweizversand.ch\\\/fr\\\/produkt\\\/sponeta-tischtennistisch-sdl-raw-outdoor\\\/#primaryimage\"},\"image\":{\"@id\":\"https:\\\/\\\/schweizversand.ch\\\/fr\\\/produkt\\\/sponeta-tischtennistisch-sdl-raw-outdoor\\\/#primaryimage\"},\"thumbnailUrl\":\"https:\\\/\\\/schweizversand.ch\\\/wp-content\\\/uploads\\\/2026\\\/04\\\/5520094658-1.jpg\",\"datePublished\":\"2026-04-10T00:00:43+00:00\",\"dateModified\":\"2026-04-11T13:34:41+00:00\",\"description\":\"Sponeta SDL Raw \u2013 Wetterfester Tischtennistisch Outdoor Der Sponeta SDL Raw Outdoor ist die ultimative Wahl f\u00fcr alle Tischtennisbegeisterten, die Wert auf h\u00f6chs\",\"breadcrumb\":{\"@id\":\"https:\\\/\\\/schweizversand.ch\\\/fr\\\/produkt\\\/sponeta-tischtennistisch-sdl-raw-outdoor\\\/#breadcrumb\"},\"inLanguage\":\"fr-FR\",\"potentialAction\":[{\"@type\":\"ReadAction\",\"target\":[\"https:\\\/\\\/schweizversand.ch\\\/fr\\\/produkt\\\/sponeta-tischtennistisch-sdl-raw-outdoor\\\/\"]}]},{\"@type\":\"ImageObject\",\"inLanguage\":\"fr-FR\",\"@id\":\"https:\\\/\\\/schweizversand.ch\\\/fr\\\/produkt\\\/sponeta-tischtennistisch-sdl-raw-outdoor\\\/#primaryimage\",\"url\":\"https:\\\/\\\/schweizversand.ch\\\/wp-content\\\/uploads\\\/2026\\\/04\\\/5520094658-1.jpg\",\"contentUrl\":\"https:\\\/\\\/schweizversand.ch\\\/wp-content\\\/uploads\\\/2026\\\/04\\\/5520094658-1.jpg\",\"width\":1024,\"height\":649},{\"@type\":\"BreadcrumbList\",\"@id\":\"https:\\\/\\\/schweizversand.ch\\\/fr\\\/produkt\\\/sponeta-tischtennistisch-sdl-raw-outdoor\\\/#breadcrumb\",\"itemListElement\":[{\"@type\":\"ListItem\",\"position\":1,\"name\":\"Startseite\",\"item\":\"https:\\\/\\\/schweizversand.ch\\\/fr\\\/\"},{\"@type\":\"ListItem\",\"position\":2,\"name\":\"Boutique\",\"item\":\"https:\\\/\\\/schweizversand.ch\\\/fr\\\/boutique\\\/\"},{\"@type\":\"ListItem\",\"position\":3,\"name\":\"Table de ping-pong d&#8217;ext\u00e9rieur Sponeta SDL Raw\"}]},{\"@type\":\"WebSite\",\"@id\":\"https:\\\/\\\/schweizversand.ch\\\/fr\\\/#website\",\"url\":\"https:\\\/\\\/schweizversand.ch\\\/fr\\\/\",\"name\":\"Schweizer Shop f\u00fcr Sport, Spiel und Freizeit\",\"description\":\"Gratisversand ab 50.- (netto), ab eigenem schweizer Lager, Lieferung innert 48h\",\"publisher\":{\"@id\":\"https:\\\/\\\/schweizversand.ch\\\/fr\\\/#organization\"},\"alternateName\":\"Schweizversand.ch\",\"potentialAction\":[{\"@type\":\"SearchAction\",\"target\":{\"@type\":\"EntryPoint\",\"urlTemplate\":\"https:\\\/\\\/schweizversand.ch\\\/fr\\\/?s={search_term_string}\"},\"query-input\":{\"@type\":\"PropertyValueSpecification\",\"valueRequired\":true,\"valueName\":\"search_term_string\"}}],\"inLanguage\":\"fr-FR\"},{\"@type\":\"Organization\",\"@id\":\"https:\\\/\\\/schweizversand.ch\\\/fr\\\/#organization\",\"name\":\"Schweizversand.ch\",\"url\":\"https:\\\/\\\/schweizversand.ch\\\/fr\\\/\",\"logo\":{\"@type\":\"ImageObject\",\"inLanguage\":\"fr-FR\",\"@id\":\"https:\\\/\\\/schweizversand.ch\\\/fr\\\/#\\\/schema\\\/logo\\\/image\\\/\",\"url\":\"https:\\\/\\\/schweizversand.ch\\\/wp-content\\\/uploads\\\/2026\\\/03\\\/Logo_Rund_Final-1.png\",\"contentUrl\":\"https:\\\/\\\/schweizversand.ch\\\/wp-content\\\/uploads\\\/2026\\\/03\\\/Logo_Rund_Final-1.png\",\"width\":404,\"height\":404,\"caption\":\"Schweizversand.ch\"},\"image\":{\"@id\":\"https:\\\/\\\/schweizversand.ch\\\/fr\\\/#\\\/schema\\\/logo\\\/image\\\/\"},\"sameAs\":[\"https:\\\/\\\/www.facebook.com\\\/Schweizversand\",\"https:\\\/\\\/www.instagram.com\\\/schweizversand.ch\\\/\"]}]}<\/script>\n<!-- \/ Yoast SEO plugin. -->","yoast_head_json":{"title":"Sponeta Tischtennistisch SDL Raw Outdoor","description":"Sponeta SDL Raw \u2013 Wetterfester Tischtennistisch Outdoor Der Sponeta SDL Raw Outdoor ist die ultimative Wahl f\u00fcr alle Tischtennisbegeisterten, die Wert auf h\u00f6chs","robots":{"index":"index","follow":"follow","max-snippet":"max-snippet:-1","max-image-preview":"max-image-preview:large","max-video-preview":"max-video-preview:-1"},"canonical":"https:\/\/schweizversand.ch\/fr\/produkt\/sponeta-tischtennistisch-sdl-raw-outdoor\/","og_locale":"fr_FR","og_type":"article","og_title":"Sponeta Tischtennistisch SDL Raw Outdoor","og_description":"Sponeta SDL Raw \u2013 Wetterfester Tischtennistisch Outdoor Der Sponeta SDL Raw Outdoor ist die ultimative Wahl f\u00fcr alle Tischtennisbegeisterten, die Wert auf h\u00f6chs","og_url":"https:\/\/schweizversand.ch\/fr\/produkt\/sponeta-tischtennistisch-sdl-raw-outdoor\/","og_site_name":"Schweizer Shop f\u00fcr Sport, Spiel und Freizeit","article_publisher":"https:\/\/www.facebook.com\/Schweizversand","article_modified_time":"2026-04-11T13:34:41+00:00","twitter_card":"summary_large_image","twitter_misc":{"Dur\u00e9e de lecture estim\u00e9e":"3 minutes"},"schema":{"@context":"https:\/\/schema.org","@graph":[{"@type":"WebPage","@id":"https:\/\/schweizversand.ch\/fr\/produkt\/sponeta-tischtennistisch-sdl-raw-outdoor\/","url":"https:\/\/schweizversand.ch\/fr\/produkt\/sponeta-tischtennistisch-sdl-raw-outdoor\/","name":"Sponeta Tischtennistisch SDL Raw Outdoor","isPartOf":{"@id":"https:\/\/schweizversand.ch\/fr\/#website"},"primaryImageOfPage":{"@id":"https:\/\/schweizversand.ch\/fr\/produkt\/sponeta-tischtennistisch-sdl-raw-outdoor\/#primaryimage"},"image":{"@id":"https:\/\/schweizversand.ch\/fr\/produkt\/sponeta-tischtennistisch-sdl-raw-outdoor\/#primaryimage"},"thumbnailUrl":"https:\/\/schweizversand.ch\/wp-content\/uploads\/2026\/04\/5520094658-1.jpg","datePublished":"2026-04-10T00:00:43+00:00","dateModified":"2026-04-11T13:34:41+00:00","description":"Sponeta SDL Raw \u2013 Wetterfester Tischtennistisch Outdoor Der Sponeta SDL Raw Outdoor ist die ultimative Wahl f\u00fcr alle Tischtennisbegeisterten, die Wert auf h\u00f6chs","breadcrumb":{"@id":"https:\/\/schweizversand.ch\/fr\/produkt\/sponeta-tischtennistisch-sdl-raw-outdoor\/#breadcrumb"},"inLanguage":"fr-FR","potentialAction":[{"@type":"ReadAction","target":["https:\/\/schweizversand.ch\/fr\/produkt\/sponeta-tischtennistisch-sdl-raw-outdoor\/"]}]},{"@type":"ImageObject","inLanguage":"fr-FR","@id":"https:\/\/schweizversand.ch\/fr\/produkt\/sponeta-tischtennistisch-sdl-raw-outdoor\/#primaryimage","url":"https:\/\/schweizversand.ch\/wp-content\/uploads\/2026\/04\/5520094658-1.jpg","contentUrl":"https:\/\/schweizversand.ch\/wp-content\/uploads\/2026\/04\/5520094658-1.jpg","width":1024,"height":649},{"@type":"BreadcrumbList","@id":"https:\/\/schweizversand.ch\/fr\/produkt\/sponeta-tischtennistisch-sdl-raw-outdoor\/#breadcrumb","itemListElement":[{"@type":"ListItem","position":1,"name":"Startseite","item":"https:\/\/schweizversand.ch\/fr\/"},{"@type":"ListItem","position":2,"name":"Boutique","item":"https:\/\/schweizversand.ch\/fr\/boutique\/"},{"@type":"ListItem","position":3,"name":"Table de ping-pong d&#8217;ext\u00e9rieur Sponeta SDL Raw"}]},{"@type":"WebSite","@id":"https:\/\/schweizversand.ch\/fr\/#website","url":"https:\/\/schweizversand.ch\/fr\/","name":"Schweizer Shop f\u00fcr Sport, Spiel und Freizeit","description":"Gratisversand ab 50.- (netto), ab eigenem schweizer Lager, Lieferung innert 48h","publisher":{"@id":"https:\/\/schweizversand.ch\/fr\/#organization"},"alternateName":"Schweizversand.ch","potentialAction":[{"@type":"SearchAction","target":{"@type":"EntryPoint","urlTemplate":"https:\/\/schweizversand.ch\/fr\/?s={search_term_string}"},"query-input":{"@type":"PropertyValueSpecification","valueRequired":true,"valueName":"search_term_string"}}],"inLanguage":"fr-FR"},{"@type":"Organization","@id":"https:\/\/schweizversand.ch\/fr\/#organization","name":"Schweizversand.ch","url":"https:\/\/schweizversand.ch\/fr\/","logo":{"@type":"ImageObject","inLanguage":"fr-FR","@id":"https:\/\/schweizversand.ch\/fr\/#\/schema\/logo\/image\/","url":"https:\/\/schweizversand.ch\/wp-content\/uploads\/2026\/03\/Logo_Rund_Final-1.png","contentUrl":"https:\/\/schweizversand.ch\/wp-content\/uploads\/2026\/03\/Logo_Rund_Final-1.png","width":404,"height":404,"caption":"Schweizversand.ch"},"image":{"@id":"https:\/\/schweizversand.ch\/fr\/#\/schema\/logo\/image\/"},"sameAs":["https:\/\/www.facebook.com\/Schweizversand","https:\/\/www.instagram.com\/schweizversand.ch\/"]}]}},"jetpack_sharing_enabled":true,"_links":{"self":[{"href":"https:\/\/schweizversand.ch\/fr\/wp-json\/wp\/v2\/product\/263235","targetHints":{"allow":["GET"]}}],"collection":[{"href":"https:\/\/schweizversand.ch\/fr\/wp-json\/wp\/v2\/product"}],"about":[{"href":"https:\/\/schweizversand.ch\/fr\/wp-json\/wp\/v2\/types\/product"}],"replies":[{"embeddable":true,"href":"https:\/\/schweizversand.ch\/fr\/wp-json\/wp\/v2\/comments?post=263235"}],"wp:featuredmedia":[{"embeddable":true,"href":"https:\/\/schweizversand.ch\/fr\/wp-json\/wp\/v2\/media\/263382"}],"wp:attachment":[{"href":"https:\/\/schweizversand.ch\/fr\/wp-json\/wp\/v2\/media?parent=263235"}],"wp:term":[{"taxonomy":"product_brand","embeddable":true,"href":"https:\/\/schweizversand.ch\/fr\/wp-json\/wp\/v2\/product_brand?post=263235"},{"taxonomy":"product_cat","embeddable":true,"href":"https:\/\/schweizversand.ch\/fr\/wp-json\/wp\/v2\/product_cat?post=263235"},{"taxonomy":"product_tag","embeddable":true,"href":"https:\/\/schweizversand.ch\/fr\/wp-json\/wp\/v2\/product_tag?post=263235"}],"curies":[{"name":"wp","href":"https:\/\/api.w.org\/{rel}","templated":true}]}}