{"id":264090,"date":"2026-04-11T02:00:25","date_gmt":"2026-04-11T00:00:25","guid":{"rendered":"https:\/\/schweizversand.ch\/produkt\/jilong-kinderpool-3-ring-pool-zitronen\/"},"modified":"2026-04-15T02:03:32","modified_gmt":"2026-04-15T00:03:32","slug":"jilong-kinderpool-3-ring-pool-zitronen","status":"publish","type":"product","link":"https:\/\/schweizversand.ch\/fr\/produkt\/jilong-kinderpool-3-ring-pool-zitronen\/","title":{"rendered":"Piscine pour enfants Jilong &#8211; Piscine \u00e0 3 anneaux \u00ab Citrons \u00bb"},"content":{"rendered":"<p>Piscine gonflable citron \u00e0 3 anneaux \u2013 Plaisirs d&rsquo;\u00e9t\u00e9 au jardin pour toute la famille\u00a0! Apportez une touche de fra\u00eecheur fruit\u00e9e \u00e0 votre jardin avec cette piscine gonflable citron \u00e0 3 anneaux (\u00d8 148 cm x 30 cm)\u00a0! Son motif citron \u00e9clatant attire tous les regards \u2013 id\u00e9al pour les chaudes journ\u00e9es d&rsquo;\u00e9t\u00e9 avec les enfants. D&rsquo;une capacit\u00e9 de 290 litres (75\u00a0%), elle offre un grand espace pour s&rsquo;amuser, se rafra\u00eechir et se d\u00e9tendre. Gr\u00e2ce \u00e0 sa structure robuste \u00e0 3 anneaux en PVC durable, la piscine est stable et s\u00e9curis\u00e9e. Parfaite pour les petits jardins, les terrasses ou comme piscine d&rsquo;\u00e9t\u00e9 \u00e0 la maison. D\u00e9tails du produit\u00a0: \u2022 Dimensions gonfl\u00e9es\u00a0: \u00d8 148 cm x 30 cm (\u00d8 58&Prime; x 12&Prime;) \u2022 Capacit\u00e9 d&rsquo;eau (\u00e0 75\u00a0%)\u00a0: 290 litres \/ 76 gallons \u2022 Motif\u00a0: Imprim\u00e9 citron estival \u2013 color\u00e9 et joyeux \u2022 Mat\u00e9riau\u00a0: PVC durable \u2022 Construction\u00a0: 3 chambres \u00e0 air (syst\u00e8me \u00e0 3 anneaux) \u2022 Accessoires\u00a0: Kit de r\u00e9paration et peinture<\/p>\n","protected":false},"excerpt":{"rendered":"<p>Jilong Kinderpool &#8211; 3-Ring-Pool \u00ab\u00a0Zitronen\u00a0\u00bb: Fr\u00f6hlicher 148 cm Pool mit frischem Zitronenprint, robustem PVC und 290 L Fassungsverm\u00f6gen \u2013 perfekt f\u00fcr hei\u00dfe Sommertage im Garten.<\/p>\n","protected":false},"featured_media":265013,"comment_status":"open","ping_status":"closed","template":"","meta":[],"product_brand":[],"product_cat":[39235],"product_tag":[],"class_list":{"0":"post-264090","1":"product","2":"type-product","3":"status-publish","4":"has-post-thumbnail","6":"product_cat-pool","7":"product_shipping_class-global_methods","9":"first","10":"instock","11":"taxable","12":"shipping-taxable","13":"purchasable","14":"product-type-simple"},"yoast_head":"<!-- This site is optimized with the Yoast SEO plugin v27.4 - https:\/\/yoast.com\/product\/yoast-seo-wordpress\/ -->\n<title>Jilong Kinderpool - 3-Ring-Pool &quot;Zitronen&quot;<\/title>\n<meta name=\"description\" content=\"Zitronen-3-Ring-Pool \u2013 Sommerfrische im Garten f\u00fcr die ganze Familie \u00a0 Bringen Sie fruchtige Frische in Ihren Garten mit dem aufblasbaren Zitronen-3-Ring-Pool (\" \/>\n<meta name=\"robots\" content=\"index, follow, max-snippet:-1, max-image-preview:large, max-video-preview:-1\" \/>\n<link rel=\"canonical\" href=\"https:\/\/schweizversand.ch\/fr\/produkt\/jilong-kinderpool-3-ring-pool-zitronen\/\" \/>\n<meta property=\"og:locale\" content=\"fr_FR\" \/>\n<meta property=\"og:type\" content=\"article\" \/>\n<meta property=\"og:title\" content=\"Jilong Kinderpool - 3-Ring-Pool &quot;Zitronen&quot;\" \/>\n<meta property=\"og:description\" content=\"Zitronen-3-Ring-Pool \u2013 Sommerfrische im Garten f\u00fcr die ganze Familie \u00a0 Bringen Sie fruchtige Frische in Ihren Garten mit dem aufblasbaren Zitronen-3-Ring-Pool (\" \/>\n<meta property=\"og:url\" content=\"https:\/\/schweizversand.ch\/fr\/produkt\/jilong-kinderpool-3-ring-pool-zitronen\/\" \/>\n<meta property=\"og:site_name\" content=\"Schweizer Shop f\u00fcr Sport, Spiel und Freizeit\" \/>\n<meta property=\"article:publisher\" content=\"https:\/\/www.facebook.com\/Schweizversand\" \/>\n<meta property=\"article:modified_time\" content=\"2026-04-15T00:03:32+00:00\" \/>\n<meta name=\"twitter:card\" content=\"summary_large_image\" \/>\n<meta name=\"twitter:label1\" content=\"Dur\u00e9e de lecture estim\u00e9e\" \/>\n\t<meta name=\"twitter:data1\" content=\"1 minute\" \/>\n<script type=\"application\/ld+json\" class=\"yoast-schema-graph\">{\"@context\":\"https:\\\/\\\/schema.org\",\"@graph\":[{\"@type\":\"WebPage\",\"@id\":\"https:\\\/\\\/schweizversand.ch\\\/fr\\\/produkt\\\/jilong-kinderpool-3-ring-pool-zitronen\\\/\",\"url\":\"https:\\\/\\\/schweizversand.ch\\\/fr\\\/produkt\\\/jilong-kinderpool-3-ring-pool-zitronen\\\/\",\"name\":\"Jilong Kinderpool - 3-Ring-Pool \\\"Zitronen\\\"\",\"isPartOf\":{\"@id\":\"https:\\\/\\\/schweizversand.ch\\\/fr\\\/#website\"},\"primaryImageOfPage\":{\"@id\":\"https:\\\/\\\/schweizversand.ch\\\/fr\\\/produkt\\\/jilong-kinderpool-3-ring-pool-zitronen\\\/#primaryimage\"},\"image\":{\"@id\":\"https:\\\/\\\/schweizversand.ch\\\/fr\\\/produkt\\\/jilong-kinderpool-3-ring-pool-zitronen\\\/#primaryimage\"},\"thumbnailUrl\":\"https:\\\/\\\/schweizversand.ch\\\/wp-content\\\/uploads\\\/2026\\\/04\\\/5471918642.png\",\"datePublished\":\"2026-04-11T00:00:25+00:00\",\"dateModified\":\"2026-04-15T00:03:32+00:00\",\"description\":\"Zitronen-3-Ring-Pool \u2013 Sommerfrische im Garten f\u00fcr die ganze Familie \u00a0 Bringen Sie fruchtige Frische in Ihren Garten mit dem aufblasbaren Zitronen-3-Ring-Pool (\",\"breadcrumb\":{\"@id\":\"https:\\\/\\\/schweizversand.ch\\\/fr\\\/produkt\\\/jilong-kinderpool-3-ring-pool-zitronen\\\/#breadcrumb\"},\"inLanguage\":\"fr-FR\",\"potentialAction\":[{\"@type\":\"ReadAction\",\"target\":[\"https:\\\/\\\/schweizversand.ch\\\/fr\\\/produkt\\\/jilong-kinderpool-3-ring-pool-zitronen\\\/\"]}]},{\"@type\":\"ImageObject\",\"inLanguage\":\"fr-FR\",\"@id\":\"https:\\\/\\\/schweizversand.ch\\\/fr\\\/produkt\\\/jilong-kinderpool-3-ring-pool-zitronen\\\/#primaryimage\",\"url\":\"https:\\\/\\\/schweizversand.ch\\\/wp-content\\\/uploads\\\/2026\\\/04\\\/5471918642.png\",\"contentUrl\":\"https:\\\/\\\/schweizversand.ch\\\/wp-content\\\/uploads\\\/2026\\\/04\\\/5471918642.png\",\"width\":1024,\"height\":680},{\"@type\":\"BreadcrumbList\",\"@id\":\"https:\\\/\\\/schweizversand.ch\\\/fr\\\/produkt\\\/jilong-kinderpool-3-ring-pool-zitronen\\\/#breadcrumb\",\"itemListElement\":[{\"@type\":\"ListItem\",\"position\":1,\"name\":\"Startseite\",\"item\":\"https:\\\/\\\/schweizversand.ch\\\/fr\\\/\"},{\"@type\":\"ListItem\",\"position\":2,\"name\":\"Boutique\",\"item\":\"https:\\\/\\\/schweizversand.ch\\\/fr\\\/boutique\\\/\"},{\"@type\":\"ListItem\",\"position\":3,\"name\":\"Pool\",\"item\":\"https:\\\/\\\/schweizversand.ch\\\/fr\\\/produkt-kategorie\\\/pool\\\/\"},{\"@type\":\"ListItem\",\"position\":4,\"name\":\"Piscine pour enfants Jilong &#8211; Piscine \u00e0 3 anneaux \u00ab Citrons \u00bb\"}]},{\"@type\":\"WebSite\",\"@id\":\"https:\\\/\\\/schweizversand.ch\\\/fr\\\/#website\",\"url\":\"https:\\\/\\\/schweizversand.ch\\\/fr\\\/\",\"name\":\"Schweizer Shop f\u00fcr Sport, Spiel und Freizeit\",\"description\":\"Gratisversand ab 50.- (netto), ab eigenem schweizer Lager, Lieferung innert 48h\",\"publisher\":{\"@id\":\"https:\\\/\\\/schweizversand.ch\\\/fr\\\/#organization\"},\"alternateName\":\"Schweizversand.ch\",\"potentialAction\":[{\"@type\":\"SearchAction\",\"target\":{\"@type\":\"EntryPoint\",\"urlTemplate\":\"https:\\\/\\\/schweizversand.ch\\\/fr\\\/?s={search_term_string}\"},\"query-input\":{\"@type\":\"PropertyValueSpecification\",\"valueRequired\":true,\"valueName\":\"search_term_string\"}}],\"inLanguage\":\"fr-FR\"},{\"@type\":\"Organization\",\"@id\":\"https:\\\/\\\/schweizversand.ch\\\/fr\\\/#organization\",\"name\":\"Schweizversand.ch\",\"url\":\"https:\\\/\\\/schweizversand.ch\\\/fr\\\/\",\"logo\":{\"@type\":\"ImageObject\",\"inLanguage\":\"fr-FR\",\"@id\":\"https:\\\/\\\/schweizversand.ch\\\/fr\\\/#\\\/schema\\\/logo\\\/image\\\/\",\"url\":\"https:\\\/\\\/schweizversand.ch\\\/wp-content\\\/uploads\\\/2026\\\/03\\\/Logo_Rund_Final-1.png\",\"contentUrl\":\"https:\\\/\\\/schweizversand.ch\\\/wp-content\\\/uploads\\\/2026\\\/03\\\/Logo_Rund_Final-1.png\",\"width\":404,\"height\":404,\"caption\":\"Schweizversand.ch\"},\"image\":{\"@id\":\"https:\\\/\\\/schweizversand.ch\\\/fr\\\/#\\\/schema\\\/logo\\\/image\\\/\"},\"sameAs\":[\"https:\\\/\\\/www.facebook.com\\\/Schweizversand\",\"https:\\\/\\\/www.instagram.com\\\/schweizversand.ch\\\/\"]}]}<\/script>\n<!-- \/ Yoast SEO plugin. -->","yoast_head_json":{"title":"Jilong Kinderpool - 3-Ring-Pool \"Zitronen\"","description":"Zitronen-3-Ring-Pool \u2013 Sommerfrische im Garten f\u00fcr die ganze Familie \u00a0 Bringen Sie fruchtige Frische in Ihren Garten mit dem aufblasbaren Zitronen-3-Ring-Pool (","robots":{"index":"index","follow":"follow","max-snippet":"max-snippet:-1","max-image-preview":"max-image-preview:large","max-video-preview":"max-video-preview:-1"},"canonical":"https:\/\/schweizversand.ch\/fr\/produkt\/jilong-kinderpool-3-ring-pool-zitronen\/","og_locale":"fr_FR","og_type":"article","og_title":"Jilong Kinderpool - 3-Ring-Pool \"Zitronen\"","og_description":"Zitronen-3-Ring-Pool \u2013 Sommerfrische im Garten f\u00fcr die ganze Familie \u00a0 Bringen Sie fruchtige Frische in Ihren Garten mit dem aufblasbaren Zitronen-3-Ring-Pool (","og_url":"https:\/\/schweizversand.ch\/fr\/produkt\/jilong-kinderpool-3-ring-pool-zitronen\/","og_site_name":"Schweizer Shop f\u00fcr Sport, Spiel und Freizeit","article_publisher":"https:\/\/www.facebook.com\/Schweizversand","article_modified_time":"2026-04-15T00:03:32+00:00","twitter_card":"summary_large_image","twitter_misc":{"Dur\u00e9e de lecture estim\u00e9e":"1 minute"},"schema":{"@context":"https:\/\/schema.org","@graph":[{"@type":"WebPage","@id":"https:\/\/schweizversand.ch\/fr\/produkt\/jilong-kinderpool-3-ring-pool-zitronen\/","url":"https:\/\/schweizversand.ch\/fr\/produkt\/jilong-kinderpool-3-ring-pool-zitronen\/","name":"Jilong Kinderpool - 3-Ring-Pool \"Zitronen\"","isPartOf":{"@id":"https:\/\/schweizversand.ch\/fr\/#website"},"primaryImageOfPage":{"@id":"https:\/\/schweizversand.ch\/fr\/produkt\/jilong-kinderpool-3-ring-pool-zitronen\/#primaryimage"},"image":{"@id":"https:\/\/schweizversand.ch\/fr\/produkt\/jilong-kinderpool-3-ring-pool-zitronen\/#primaryimage"},"thumbnailUrl":"https:\/\/schweizversand.ch\/wp-content\/uploads\/2026\/04\/5471918642.png","datePublished":"2026-04-11T00:00:25+00:00","dateModified":"2026-04-15T00:03:32+00:00","description":"Zitronen-3-Ring-Pool \u2013 Sommerfrische im Garten f\u00fcr die ganze Familie \u00a0 Bringen Sie fruchtige Frische in Ihren Garten mit dem aufblasbaren Zitronen-3-Ring-Pool (","breadcrumb":{"@id":"https:\/\/schweizversand.ch\/fr\/produkt\/jilong-kinderpool-3-ring-pool-zitronen\/#breadcrumb"},"inLanguage":"fr-FR","potentialAction":[{"@type":"ReadAction","target":["https:\/\/schweizversand.ch\/fr\/produkt\/jilong-kinderpool-3-ring-pool-zitronen\/"]}]},{"@type":"ImageObject","inLanguage":"fr-FR","@id":"https:\/\/schweizversand.ch\/fr\/produkt\/jilong-kinderpool-3-ring-pool-zitronen\/#primaryimage","url":"https:\/\/schweizversand.ch\/wp-content\/uploads\/2026\/04\/5471918642.png","contentUrl":"https:\/\/schweizversand.ch\/wp-content\/uploads\/2026\/04\/5471918642.png","width":1024,"height":680},{"@type":"BreadcrumbList","@id":"https:\/\/schweizversand.ch\/fr\/produkt\/jilong-kinderpool-3-ring-pool-zitronen\/#breadcrumb","itemListElement":[{"@type":"ListItem","position":1,"name":"Startseite","item":"https:\/\/schweizversand.ch\/fr\/"},{"@type":"ListItem","position":2,"name":"Boutique","item":"https:\/\/schweizversand.ch\/fr\/boutique\/"},{"@type":"ListItem","position":3,"name":"Pool","item":"https:\/\/schweizversand.ch\/fr\/produkt-kategorie\/pool\/"},{"@type":"ListItem","position":4,"name":"Piscine pour enfants Jilong &#8211; Piscine \u00e0 3 anneaux \u00ab Citrons \u00bb"}]},{"@type":"WebSite","@id":"https:\/\/schweizversand.ch\/fr\/#website","url":"https:\/\/schweizversand.ch\/fr\/","name":"Schweizer Shop f\u00fcr Sport, Spiel und Freizeit","description":"Gratisversand ab 50.- (netto), ab eigenem schweizer Lager, Lieferung innert 48h","publisher":{"@id":"https:\/\/schweizversand.ch\/fr\/#organization"},"alternateName":"Schweizversand.ch","potentialAction":[{"@type":"SearchAction","target":{"@type":"EntryPoint","urlTemplate":"https:\/\/schweizversand.ch\/fr\/?s={search_term_string}"},"query-input":{"@type":"PropertyValueSpecification","valueRequired":true,"valueName":"search_term_string"}}],"inLanguage":"fr-FR"},{"@type":"Organization","@id":"https:\/\/schweizversand.ch\/fr\/#organization","name":"Schweizversand.ch","url":"https:\/\/schweizversand.ch\/fr\/","logo":{"@type":"ImageObject","inLanguage":"fr-FR","@id":"https:\/\/schweizversand.ch\/fr\/#\/schema\/logo\/image\/","url":"https:\/\/schweizversand.ch\/wp-content\/uploads\/2026\/03\/Logo_Rund_Final-1.png","contentUrl":"https:\/\/schweizversand.ch\/wp-content\/uploads\/2026\/03\/Logo_Rund_Final-1.png","width":404,"height":404,"caption":"Schweizversand.ch"},"image":{"@id":"https:\/\/schweizversand.ch\/fr\/#\/schema\/logo\/image\/"},"sameAs":["https:\/\/www.facebook.com\/Schweizversand","https:\/\/www.instagram.com\/schweizversand.ch\/"]}]}},"jetpack_sharing_enabled":true,"_links":{"self":[{"href":"https:\/\/schweizversand.ch\/fr\/wp-json\/wp\/v2\/product\/264090","targetHints":{"allow":["GET"]}}],"collection":[{"href":"https:\/\/schweizversand.ch\/fr\/wp-json\/wp\/v2\/product"}],"about":[{"href":"https:\/\/schweizversand.ch\/fr\/wp-json\/wp\/v2\/types\/product"}],"replies":[{"embeddable":true,"href":"https:\/\/schweizversand.ch\/fr\/wp-json\/wp\/v2\/comments?post=264090"}],"wp:featuredmedia":[{"embeddable":true,"href":"https:\/\/schweizversand.ch\/fr\/wp-json\/wp\/v2\/media\/265013"}],"wp:attachment":[{"href":"https:\/\/schweizversand.ch\/fr\/wp-json\/wp\/v2\/media?parent=264090"}],"wp:term":[{"taxonomy":"product_brand","embeddable":true,"href":"https:\/\/schweizversand.ch\/fr\/wp-json\/wp\/v2\/product_brand?post=264090"},{"taxonomy":"product_cat","embeddable":true,"href":"https:\/\/schweizversand.ch\/fr\/wp-json\/wp\/v2\/product_cat?post=264090"},{"taxonomy":"product_tag","embeddable":true,"href":"https:\/\/schweizversand.ch\/fr\/wp-json\/wp\/v2\/product_tag?post=264090"}],"curies":[{"name":"wp","href":"https:\/\/api.w.org\/{rel}","templated":true}]}}