{"id":264092,"date":"2026-04-11T02:00:26","date_gmt":"2026-04-11T00:00:26","guid":{"rendered":"https:\/\/schweizversand.ch\/produkt\/jilong-aufblasbarer-ball-mit-tier-motiven\/"},"modified":"2026-04-15T02:03:32","modified_gmt":"2026-04-15T00:03:32","slug":"jilong-aufblasbarer-ball-mit-tier-motiven","status":"publish","type":"product","link":"https:\/\/schweizversand.ch\/fr\/produkt\/jilong-aufblasbarer-ball-mit-tier-motiven\/","title":{"rendered":"Ballon gonflable Jilong \u00e0 motifs animaux"},"content":{"rendered":"<p>Ballon gonflable animaux \u00d8 50 cm \u2013 Amusant pour les enfants d\u00e8s 2 ans<br \/>Avec ce ballon gonflable (\u00d8 50 cm), jouer dans le jardin, \u00e0 la plage ou dans l&rsquo;eau devient une aventure extraordinaire\u00a0! De jolis petits animaux se cachent \u00e0 l&rsquo;int\u00e9rieur et se r\u00e9v\u00e8lent lorsqu&rsquo;on le bouge, pour le plus grand plaisir des enfants.<br \/>Id\u00e9al pour les enfants d\u00e8s 2 ans, ce ballon offre un jeu s\u00fbr et amusant tout en favorisant la motricit\u00e9 et le d\u00e9veloppement moteur. Disponible en trois jolis mod\u00e8les \u2013 parfait pour collectionner ou offrir en cadeau\u00a0!<br \/>D\u00e9tails du produit\u00a0:<br \/>\u2022 Diam\u00e8tre (d\u00e9gonfl\u00e9)\u00a0: 50 cm (20&Prime;)<br \/>\u2022 Mod\u00e8les\u00a0: 3 versions diff\u00e9rentes avec de jolis animaux \u00e0 l&rsquo;int\u00e9rieur<br \/>\u2022 Mati\u00e8re\u00a0: Plastique r\u00e9sistant et sans danger pour les enfants<br \/>\u2022 \u00c2ge recommand\u00e9\u00a0: 2 ans et plus<\/p>\n<\/div>\n","protected":false},"excerpt":{"rendered":"<p>Jilong Aufblasbarer Ball mit Tier-Motiven f\u00f6rdert spielerisch Motorik und Neugier. Mit s\u00fc\u00dfen Tierfiguren im Inneren sorgt er f\u00fcr sicheren Spielspa\u00df im Garten, Wasser und Strand.<\/p>\n","protected":false},"featured_media":265021,"comment_status":"open","ping_status":"closed","template":"","meta":[],"product_brand":[],"product_cat":[39236],"product_tag":[],"class_list":{"0":"post-264092","1":"product","2":"type-product","3":"status-publish","4":"has-post-thumbnail","6":"product_cat-strandspiele","7":"product_shipping_class-global_methods","9":"first","10":"instock","11":"taxable","12":"shipping-taxable","13":"purchasable","14":"product-type-simple"},"yoast_head":"<!-- This site is optimized with the Yoast SEO plugin v27.4 - https:\/\/yoast.com\/product\/yoast-seo-wordpress\/ -->\n<title>Jilong Aufblasbarer Ball mit Tier-Motiven<\/title>\n<meta name=\"description\" content=\"Aufblasbarer Tier-Ball \u00d8 50 cm \u2013 Spielspa\u00df f\u00fcr Kinder ab 2 Jahren\u00a0 Mit diesem aufblasbaren Ball (\u00d8 50 cm) wird Spielen im Garten, am Strand oder im Wasser zum t\" \/>\n<meta name=\"robots\" content=\"index, follow, max-snippet:-1, max-image-preview:large, max-video-preview:-1\" \/>\n<link rel=\"canonical\" href=\"https:\/\/schweizversand.ch\/fr\/produkt\/jilong-aufblasbarer-ball-mit-tier-motiven\/\" \/>\n<meta property=\"og:locale\" content=\"fr_FR\" \/>\n<meta property=\"og:type\" content=\"article\" \/>\n<meta property=\"og:title\" content=\"Jilong Aufblasbarer Ball mit Tier-Motiven\" \/>\n<meta property=\"og:description\" content=\"Aufblasbarer Tier-Ball \u00d8 50 cm \u2013 Spielspa\u00df f\u00fcr Kinder ab 2 Jahren\u00a0 Mit diesem aufblasbaren Ball (\u00d8 50 cm) wird Spielen im Garten, am Strand oder im Wasser zum t\" \/>\n<meta property=\"og:url\" content=\"https:\/\/schweizversand.ch\/fr\/produkt\/jilong-aufblasbarer-ball-mit-tier-motiven\/\" \/>\n<meta property=\"og:site_name\" content=\"Schweizer Shop f\u00fcr Sport, Spiel und Freizeit\" \/>\n<meta property=\"article:publisher\" content=\"https:\/\/www.facebook.com\/Schweizversand\" \/>\n<meta property=\"article:modified_time\" content=\"2026-04-15T00:03:32+00:00\" \/>\n<meta name=\"twitter:card\" content=\"summary_large_image\" \/>\n<meta name=\"twitter:label1\" content=\"Dur\u00e9e de lecture estim\u00e9e\" \/>\n\t<meta name=\"twitter:data1\" content=\"1 minute\" \/>\n<script type=\"application\/ld+json\" class=\"yoast-schema-graph\">{\"@context\":\"https:\\\/\\\/schema.org\",\"@graph\":[{\"@type\":\"WebPage\",\"@id\":\"https:\\\/\\\/schweizversand.ch\\\/fr\\\/produkt\\\/jilong-aufblasbarer-ball-mit-tier-motiven\\\/\",\"url\":\"https:\\\/\\\/schweizversand.ch\\\/fr\\\/produkt\\\/jilong-aufblasbarer-ball-mit-tier-motiven\\\/\",\"name\":\"Jilong Aufblasbarer Ball mit Tier-Motiven\",\"isPartOf\":{\"@id\":\"https:\\\/\\\/schweizversand.ch\\\/fr\\\/#website\"},\"primaryImageOfPage\":{\"@id\":\"https:\\\/\\\/schweizversand.ch\\\/fr\\\/produkt\\\/jilong-aufblasbarer-ball-mit-tier-motiven\\\/#primaryimage\"},\"image\":{\"@id\":\"https:\\\/\\\/schweizversand.ch\\\/fr\\\/produkt\\\/jilong-aufblasbarer-ball-mit-tier-motiven\\\/#primaryimage\"},\"thumbnailUrl\":\"https:\\\/\\\/schweizversand.ch\\\/wp-content\\\/uploads\\\/2026\\\/04\\\/5471918698.png\",\"datePublished\":\"2026-04-11T00:00:26+00:00\",\"dateModified\":\"2026-04-15T00:03:32+00:00\",\"description\":\"Aufblasbarer Tier-Ball \u00d8 50 cm \u2013 Spielspa\u00df f\u00fcr Kinder ab 2 Jahren\u00a0 Mit diesem aufblasbaren Ball (\u00d8 50 cm) wird Spielen im Garten, am Strand oder im Wasser zum t\",\"breadcrumb\":{\"@id\":\"https:\\\/\\\/schweizversand.ch\\\/fr\\\/produkt\\\/jilong-aufblasbarer-ball-mit-tier-motiven\\\/#breadcrumb\"},\"inLanguage\":\"fr-FR\",\"potentialAction\":[{\"@type\":\"ReadAction\",\"target\":[\"https:\\\/\\\/schweizversand.ch\\\/fr\\\/produkt\\\/jilong-aufblasbarer-ball-mit-tier-motiven\\\/\"]}]},{\"@type\":\"ImageObject\",\"inLanguage\":\"fr-FR\",\"@id\":\"https:\\\/\\\/schweizversand.ch\\\/fr\\\/produkt\\\/jilong-aufblasbarer-ball-mit-tier-motiven\\\/#primaryimage\",\"url\":\"https:\\\/\\\/schweizversand.ch\\\/wp-content\\\/uploads\\\/2026\\\/04\\\/5471918698.png\",\"contentUrl\":\"https:\\\/\\\/schweizversand.ch\\\/wp-content\\\/uploads\\\/2026\\\/04\\\/5471918698.png\",\"width\":1024,\"height\":680},{\"@type\":\"BreadcrumbList\",\"@id\":\"https:\\\/\\\/schweizversand.ch\\\/fr\\\/produkt\\\/jilong-aufblasbarer-ball-mit-tier-motiven\\\/#breadcrumb\",\"itemListElement\":[{\"@type\":\"ListItem\",\"position\":1,\"name\":\"Startseite\",\"item\":\"https:\\\/\\\/schweizversand.ch\\\/fr\\\/\"},{\"@type\":\"ListItem\",\"position\":2,\"name\":\"Boutique\",\"item\":\"https:\\\/\\\/schweizversand.ch\\\/fr\\\/boutique\\\/\"},{\"@type\":\"ListItem\",\"position\":3,\"name\":\"Strandspiele\",\"item\":\"https:\\\/\\\/schweizversand.ch\\\/fr\\\/produkt-kategorie\\\/strandspiele\\\/\"},{\"@type\":\"ListItem\",\"position\":4,\"name\":\"Ballon gonflable Jilong \u00e0 motifs animaux\"}]},{\"@type\":\"WebSite\",\"@id\":\"https:\\\/\\\/schweizversand.ch\\\/fr\\\/#website\",\"url\":\"https:\\\/\\\/schweizversand.ch\\\/fr\\\/\",\"name\":\"Schweizer Shop f\u00fcr Sport, Spiel und Freizeit\",\"description\":\"Gratisversand ab 50.- (netto), ab eigenem schweizer Lager, Lieferung innert 48h\",\"publisher\":{\"@id\":\"https:\\\/\\\/schweizversand.ch\\\/fr\\\/#organization\"},\"alternateName\":\"Schweizversand.ch\",\"potentialAction\":[{\"@type\":\"SearchAction\",\"target\":{\"@type\":\"EntryPoint\",\"urlTemplate\":\"https:\\\/\\\/schweizversand.ch\\\/fr\\\/?s={search_term_string}\"},\"query-input\":{\"@type\":\"PropertyValueSpecification\",\"valueRequired\":true,\"valueName\":\"search_term_string\"}}],\"inLanguage\":\"fr-FR\"},{\"@type\":\"Organization\",\"@id\":\"https:\\\/\\\/schweizversand.ch\\\/fr\\\/#organization\",\"name\":\"Schweizversand.ch\",\"url\":\"https:\\\/\\\/schweizversand.ch\\\/fr\\\/\",\"logo\":{\"@type\":\"ImageObject\",\"inLanguage\":\"fr-FR\",\"@id\":\"https:\\\/\\\/schweizversand.ch\\\/fr\\\/#\\\/schema\\\/logo\\\/image\\\/\",\"url\":\"https:\\\/\\\/schweizversand.ch\\\/wp-content\\\/uploads\\\/2026\\\/03\\\/Logo_Rund_Final-1.png\",\"contentUrl\":\"https:\\\/\\\/schweizversand.ch\\\/wp-content\\\/uploads\\\/2026\\\/03\\\/Logo_Rund_Final-1.png\",\"width\":404,\"height\":404,\"caption\":\"Schweizversand.ch\"},\"image\":{\"@id\":\"https:\\\/\\\/schweizversand.ch\\\/fr\\\/#\\\/schema\\\/logo\\\/image\\\/\"},\"sameAs\":[\"https:\\\/\\\/www.facebook.com\\\/Schweizversand\",\"https:\\\/\\\/www.instagram.com\\\/schweizversand.ch\\\/\"]}]}<\/script>\n<!-- \/ Yoast SEO plugin. -->","yoast_head_json":{"title":"Jilong Aufblasbarer Ball mit Tier-Motiven","description":"Aufblasbarer Tier-Ball \u00d8 50 cm \u2013 Spielspa\u00df f\u00fcr Kinder ab 2 Jahren\u00a0 Mit diesem aufblasbaren Ball (\u00d8 50 cm) wird Spielen im Garten, am Strand oder im Wasser zum t","robots":{"index":"index","follow":"follow","max-snippet":"max-snippet:-1","max-image-preview":"max-image-preview:large","max-video-preview":"max-video-preview:-1"},"canonical":"https:\/\/schweizversand.ch\/fr\/produkt\/jilong-aufblasbarer-ball-mit-tier-motiven\/","og_locale":"fr_FR","og_type":"article","og_title":"Jilong Aufblasbarer Ball mit Tier-Motiven","og_description":"Aufblasbarer Tier-Ball \u00d8 50 cm \u2013 Spielspa\u00df f\u00fcr Kinder ab 2 Jahren\u00a0 Mit diesem aufblasbaren Ball (\u00d8 50 cm) wird Spielen im Garten, am Strand oder im Wasser zum t","og_url":"https:\/\/schweizversand.ch\/fr\/produkt\/jilong-aufblasbarer-ball-mit-tier-motiven\/","og_site_name":"Schweizer Shop f\u00fcr Sport, Spiel und Freizeit","article_publisher":"https:\/\/www.facebook.com\/Schweizversand","article_modified_time":"2026-04-15T00:03:32+00:00","twitter_card":"summary_large_image","twitter_misc":{"Dur\u00e9e de lecture estim\u00e9e":"1 minute"},"schema":{"@context":"https:\/\/schema.org","@graph":[{"@type":"WebPage","@id":"https:\/\/schweizversand.ch\/fr\/produkt\/jilong-aufblasbarer-ball-mit-tier-motiven\/","url":"https:\/\/schweizversand.ch\/fr\/produkt\/jilong-aufblasbarer-ball-mit-tier-motiven\/","name":"Jilong Aufblasbarer Ball mit Tier-Motiven","isPartOf":{"@id":"https:\/\/schweizversand.ch\/fr\/#website"},"primaryImageOfPage":{"@id":"https:\/\/schweizversand.ch\/fr\/produkt\/jilong-aufblasbarer-ball-mit-tier-motiven\/#primaryimage"},"image":{"@id":"https:\/\/schweizversand.ch\/fr\/produkt\/jilong-aufblasbarer-ball-mit-tier-motiven\/#primaryimage"},"thumbnailUrl":"https:\/\/schweizversand.ch\/wp-content\/uploads\/2026\/04\/5471918698.png","datePublished":"2026-04-11T00:00:26+00:00","dateModified":"2026-04-15T00:03:32+00:00","description":"Aufblasbarer Tier-Ball \u00d8 50 cm \u2013 Spielspa\u00df f\u00fcr Kinder ab 2 Jahren\u00a0 Mit diesem aufblasbaren Ball (\u00d8 50 cm) wird Spielen im Garten, am Strand oder im Wasser zum t","breadcrumb":{"@id":"https:\/\/schweizversand.ch\/fr\/produkt\/jilong-aufblasbarer-ball-mit-tier-motiven\/#breadcrumb"},"inLanguage":"fr-FR","potentialAction":[{"@type":"ReadAction","target":["https:\/\/schweizversand.ch\/fr\/produkt\/jilong-aufblasbarer-ball-mit-tier-motiven\/"]}]},{"@type":"ImageObject","inLanguage":"fr-FR","@id":"https:\/\/schweizversand.ch\/fr\/produkt\/jilong-aufblasbarer-ball-mit-tier-motiven\/#primaryimage","url":"https:\/\/schweizversand.ch\/wp-content\/uploads\/2026\/04\/5471918698.png","contentUrl":"https:\/\/schweizversand.ch\/wp-content\/uploads\/2026\/04\/5471918698.png","width":1024,"height":680},{"@type":"BreadcrumbList","@id":"https:\/\/schweizversand.ch\/fr\/produkt\/jilong-aufblasbarer-ball-mit-tier-motiven\/#breadcrumb","itemListElement":[{"@type":"ListItem","position":1,"name":"Startseite","item":"https:\/\/schweizversand.ch\/fr\/"},{"@type":"ListItem","position":2,"name":"Boutique","item":"https:\/\/schweizversand.ch\/fr\/boutique\/"},{"@type":"ListItem","position":3,"name":"Strandspiele","item":"https:\/\/schweizversand.ch\/fr\/produkt-kategorie\/strandspiele\/"},{"@type":"ListItem","position":4,"name":"Ballon gonflable Jilong \u00e0 motifs animaux"}]},{"@type":"WebSite","@id":"https:\/\/schweizversand.ch\/fr\/#website","url":"https:\/\/schweizversand.ch\/fr\/","name":"Schweizer Shop f\u00fcr Sport, Spiel und Freizeit","description":"Gratisversand ab 50.- (netto), ab eigenem schweizer Lager, Lieferung innert 48h","publisher":{"@id":"https:\/\/schweizversand.ch\/fr\/#organization"},"alternateName":"Schweizversand.ch","potentialAction":[{"@type":"SearchAction","target":{"@type":"EntryPoint","urlTemplate":"https:\/\/schweizversand.ch\/fr\/?s={search_term_string}"},"query-input":{"@type":"PropertyValueSpecification","valueRequired":true,"valueName":"search_term_string"}}],"inLanguage":"fr-FR"},{"@type":"Organization","@id":"https:\/\/schweizversand.ch\/fr\/#organization","name":"Schweizversand.ch","url":"https:\/\/schweizversand.ch\/fr\/","logo":{"@type":"ImageObject","inLanguage":"fr-FR","@id":"https:\/\/schweizversand.ch\/fr\/#\/schema\/logo\/image\/","url":"https:\/\/schweizversand.ch\/wp-content\/uploads\/2026\/03\/Logo_Rund_Final-1.png","contentUrl":"https:\/\/schweizversand.ch\/wp-content\/uploads\/2026\/03\/Logo_Rund_Final-1.png","width":404,"height":404,"caption":"Schweizversand.ch"},"image":{"@id":"https:\/\/schweizversand.ch\/fr\/#\/schema\/logo\/image\/"},"sameAs":["https:\/\/www.facebook.com\/Schweizversand","https:\/\/www.instagram.com\/schweizversand.ch\/"]}]}},"jetpack_sharing_enabled":true,"_links":{"self":[{"href":"https:\/\/schweizversand.ch\/fr\/wp-json\/wp\/v2\/product\/264092","targetHints":{"allow":["GET"]}}],"collection":[{"href":"https:\/\/schweizversand.ch\/fr\/wp-json\/wp\/v2\/product"}],"about":[{"href":"https:\/\/schweizversand.ch\/fr\/wp-json\/wp\/v2\/types\/product"}],"replies":[{"embeddable":true,"href":"https:\/\/schweizversand.ch\/fr\/wp-json\/wp\/v2\/comments?post=264092"}],"wp:featuredmedia":[{"embeddable":true,"href":"https:\/\/schweizversand.ch\/fr\/wp-json\/wp\/v2\/media\/265021"}],"wp:attachment":[{"href":"https:\/\/schweizversand.ch\/fr\/wp-json\/wp\/v2\/media?parent=264092"}],"wp:term":[{"taxonomy":"product_brand","embeddable":true,"href":"https:\/\/schweizversand.ch\/fr\/wp-json\/wp\/v2\/product_brand?post=264092"},{"taxonomy":"product_cat","embeddable":true,"href":"https:\/\/schweizversand.ch\/fr\/wp-json\/wp\/v2\/product_cat?post=264092"},{"taxonomy":"product_tag","embeddable":true,"href":"https:\/\/schweizversand.ch\/fr\/wp-json\/wp\/v2\/product_tag?post=264092"}],"curies":[{"name":"wp","href":"https:\/\/api.w.org\/{rel}","templated":true}]}}