{"id":264094,"date":"2026-04-11T02:00:26","date_gmt":"2026-04-11T00:00:26","guid":{"rendered":"https:\/\/schweizversand.ch\/produkt\/jilong-kinderpool-3-ring-pool-daisy\/"},"modified":"2026-04-11T15:33:53","modified_gmt":"2026-04-11T13:33:53","slug":"jilong-kinderpool-3-ring-pool-daisy","status":"publish","type":"product","link":"https:\/\/schweizversand.ch\/fr\/produkt\/jilong-kinderpool-3-ring-pool-daisy\/","title":{"rendered":"Piscine pour enfants Jilong &#8211; Piscine \u00e0 3 anneaux \u00ab Daisy \u00bb"},"content":{"rendered":"<p>Piscine gonflable Daisy 3 anneaux \u2013 Plaisirs floraux pour les enfants au jardin<br \/>Apportez une touche de fra\u00eecheur estivale et une note florale ludique \u00e0 votre jardin avec la piscine gonflable Daisy 3 anneaux (\u00d8 125 cm x 31 cm)\u00a0! Avec son imprim\u00e9 chrysanth\u00e8mes rafra\u00eechissant, cette piscine gonflable est non seulement pratique, mais aussi un v\u00e9ritable atout esth\u00e9tique \u2013 id\u00e9ale pour les enfants de 2 \u00e0 6 ans.<br \/>La piscine peut contenir jusqu&rsquo;\u00e0 205 litres d&rsquo;eau (remplie \u00e0 75\u00a0%) et offre aux petits amateurs d&rsquo;eau un espace g\u00e9n\u00e9reux pour barboter, jouer et se rafra\u00eechir. Gr\u00e2ce \u00e0 sa structure robuste \u00e0 3 anneaux en PVC r\u00e9sistant, la piscine est stable sur toute surface plane. Un patch de r\u00e9paration est \u00e9galement inclus.<br \/>Disponible en trois couleurs diff\u00e9rentes \u2013 pour encore plus de choix et un style personnalis\u00e9\u00a0!<br \/>Caract\u00e9ristiques du produit\u00a0:<br \/>\u2022 Dimensions gonfl\u00e9\u00a0: \u00d8 125\u00a0cm x 31\u00a0cm (\u00d8 49\u00a0po x 12\u00a0po)<br \/>\u2022 Capacit\u00e9 en eau (75\u00a0%)\u00a0: 205\u00a0litres \/ 54\u00a0gallons<br \/>\u2022 Motif\u00a0: Imprim\u00e9 chrysanth\u00e8me frais<br \/>\u2022 Choix de couleurs\u00a0: 3\u00a0couleurs disponibles<br \/>\u2022 Le choix de la couleur n\u2019est pas possible. Le prix est \u00e0 l\u2019unit\u00e9.<\/p>\n<\/div>\n<div>\u2022 \u00c2ge recommand\u00e9\u00a0: 2 \u00e0 6\u00a0ans<br \/>\u2022 Mati\u00e8re\u00a0: PVC durable<br \/>\u2022 Construction\u00a0: Structure \u00e0 3\u00a0anneaux pour une meilleure stabilit\u00e9<br \/>\u2022 Inclus\u00a0: Patch de r\u00e9paration<\/p>\n<\/div>\n","protected":false},"excerpt":{"rendered":"<p>Jilong Kinderpool \u2013 3-Ring Pool \u00ab\u00a0Daisy\u00a0\u00bb bietet stabilen Badespa\u00df mit 205 L Fassungsverm\u00f6gen, buntem Chrysanthemen-Design und robustem PVC f\u00fcr Kinder von 2-6 Jahren.<\/p>\n","protected":false},"featured_media":265030,"comment_status":"open","ping_status":"closed","template":"","meta":[],"product_brand":[],"product_cat":[38366],"product_tag":[],"class_list":{"0":"post-264094","1":"product","2":"type-product","3":"status-publish","4":"has-post-thumbnail","6":"product_cat-wasserspielzeug","7":"product_shipping_class-global_methods","9":"first","10":"instock","11":"taxable","12":"shipping-taxable","13":"purchasable","14":"product-type-simple"},"yoast_head":"<!-- This site is optimized with the Yoast SEO plugin v27.3 - https:\/\/yoast.com\/product\/yoast-seo-wordpress\/ -->\n<title>Jilong Kinderpool - 3-Ring Pool &quot;Daisy&quot;<\/title>\n<meta name=\"description\" content=\"Daisy 3-Ring-Pool \u2013 Blumiger Badespa\u00df f\u00fcr Kinder im Garten\u00a0 Bringen Sie sommerliche Frische und verspielten Bl\u00fctenzauber in Ihren Garten mit dem Daisy 3-Ring-Po\" \/>\n<meta name=\"robots\" content=\"index, follow, max-snippet:-1, max-image-preview:large, max-video-preview:-1\" \/>\n<link rel=\"canonical\" href=\"https:\/\/schweizversand.ch\/fr\/produkt\/jilong-kinderpool-3-ring-pool-daisy\/\" \/>\n<meta property=\"og:locale\" content=\"fr_FR\" \/>\n<meta property=\"og:type\" content=\"article\" \/>\n<meta property=\"og:title\" content=\"Jilong Kinderpool - 3-Ring Pool &quot;Daisy&quot;\" \/>\n<meta property=\"og:description\" content=\"Daisy 3-Ring-Pool \u2013 Blumiger Badespa\u00df f\u00fcr Kinder im Garten\u00a0 Bringen Sie sommerliche Frische und verspielten Bl\u00fctenzauber in Ihren Garten mit dem Daisy 3-Ring-Po\" \/>\n<meta property=\"og:url\" content=\"https:\/\/schweizversand.ch\/fr\/produkt\/jilong-kinderpool-3-ring-pool-daisy\/\" \/>\n<meta property=\"og:site_name\" content=\"Schweizer Shop f\u00fcr Sport, Spiel und Freizeit\" \/>\n<meta property=\"article:publisher\" content=\"https:\/\/www.facebook.com\/Schweizversand\" \/>\n<meta property=\"article:modified_time\" content=\"2026-04-11T13:33:53+00:00\" \/>\n<meta name=\"twitter:card\" content=\"summary_large_image\" \/>\n<meta name=\"twitter:label1\" content=\"Dur\u00e9e de lecture estim\u00e9e\" \/>\n\t<meta name=\"twitter:data1\" content=\"1 minute\" \/>\n<script type=\"application\/ld+json\" class=\"yoast-schema-graph\">{\"@context\":\"https:\\\/\\\/schema.org\",\"@graph\":[{\"@type\":\"WebPage\",\"@id\":\"https:\\\/\\\/schweizversand.ch\\\/fr\\\/produkt\\\/jilong-kinderpool-3-ring-pool-daisy\\\/\",\"url\":\"https:\\\/\\\/schweizversand.ch\\\/fr\\\/produkt\\\/jilong-kinderpool-3-ring-pool-daisy\\\/\",\"name\":\"Jilong Kinderpool - 3-Ring Pool \\\"Daisy\\\"\",\"isPartOf\":{\"@id\":\"https:\\\/\\\/schweizversand.ch\\\/fr\\\/#website\"},\"primaryImageOfPage\":{\"@id\":\"https:\\\/\\\/schweizversand.ch\\\/fr\\\/produkt\\\/jilong-kinderpool-3-ring-pool-daisy\\\/#primaryimage\"},\"image\":{\"@id\":\"https:\\\/\\\/schweizversand.ch\\\/fr\\\/produkt\\\/jilong-kinderpool-3-ring-pool-daisy\\\/#primaryimage\"},\"thumbnailUrl\":\"https:\\\/\\\/schweizversand.ch\\\/wp-content\\\/uploads\\\/2026\\\/04\\\/5471920527.png\",\"datePublished\":\"2026-04-11T00:00:26+00:00\",\"dateModified\":\"2026-04-11T13:33:53+00:00\",\"description\":\"Daisy 3-Ring-Pool \u2013 Blumiger Badespa\u00df f\u00fcr Kinder im Garten\u00a0 Bringen Sie sommerliche Frische und verspielten Bl\u00fctenzauber in Ihren Garten mit dem Daisy 3-Ring-Po\",\"breadcrumb\":{\"@id\":\"https:\\\/\\\/schweizversand.ch\\\/fr\\\/produkt\\\/jilong-kinderpool-3-ring-pool-daisy\\\/#breadcrumb\"},\"inLanguage\":\"fr-FR\",\"potentialAction\":[{\"@type\":\"ReadAction\",\"target\":[\"https:\\\/\\\/schweizversand.ch\\\/fr\\\/produkt\\\/jilong-kinderpool-3-ring-pool-daisy\\\/\"]}]},{\"@type\":\"ImageObject\",\"inLanguage\":\"fr-FR\",\"@id\":\"https:\\\/\\\/schweizversand.ch\\\/fr\\\/produkt\\\/jilong-kinderpool-3-ring-pool-daisy\\\/#primaryimage\",\"url\":\"https:\\\/\\\/schweizversand.ch\\\/wp-content\\\/uploads\\\/2026\\\/04\\\/5471920527.png\",\"contentUrl\":\"https:\\\/\\\/schweizversand.ch\\\/wp-content\\\/uploads\\\/2026\\\/04\\\/5471920527.png\",\"width\":1024,\"height\":680},{\"@type\":\"BreadcrumbList\",\"@id\":\"https:\\\/\\\/schweizversand.ch\\\/fr\\\/produkt\\\/jilong-kinderpool-3-ring-pool-daisy\\\/#breadcrumb\",\"itemListElement\":[{\"@type\":\"ListItem\",\"position\":1,\"name\":\"Startseite\",\"item\":\"https:\\\/\\\/schweizversand.ch\\\/fr\\\/\"},{\"@type\":\"ListItem\",\"position\":2,\"name\":\"Boutique\",\"item\":\"https:\\\/\\\/schweizversand.ch\\\/fr\\\/boutique\\\/\"},{\"@type\":\"ListItem\",\"position\":3,\"name\":\"Piscine pour enfants Jilong &#8211; Piscine \u00e0 3 anneaux \u00ab Daisy \u00bb\"}]},{\"@type\":\"WebSite\",\"@id\":\"https:\\\/\\\/schweizversand.ch\\\/fr\\\/#website\",\"url\":\"https:\\\/\\\/schweizversand.ch\\\/fr\\\/\",\"name\":\"Schweizer Shop f\u00fcr Sport, Spiel und Freizeit\",\"description\":\"Gratisversand ab 50.- (netto), ab eigenem schweizer Lager, Lieferung innert 48h\",\"publisher\":{\"@id\":\"https:\\\/\\\/schweizversand.ch\\\/fr\\\/#organization\"},\"alternateName\":\"Schweizversand.ch\",\"potentialAction\":[{\"@type\":\"SearchAction\",\"target\":{\"@type\":\"EntryPoint\",\"urlTemplate\":\"https:\\\/\\\/schweizversand.ch\\\/fr\\\/?s={search_term_string}\"},\"query-input\":{\"@type\":\"PropertyValueSpecification\",\"valueRequired\":true,\"valueName\":\"search_term_string\"}}],\"inLanguage\":\"fr-FR\"},{\"@type\":\"Organization\",\"@id\":\"https:\\\/\\\/schweizversand.ch\\\/fr\\\/#organization\",\"name\":\"Schweizversand.ch\",\"url\":\"https:\\\/\\\/schweizversand.ch\\\/fr\\\/\",\"logo\":{\"@type\":\"ImageObject\",\"inLanguage\":\"fr-FR\",\"@id\":\"https:\\\/\\\/schweizversand.ch\\\/fr\\\/#\\\/schema\\\/logo\\\/image\\\/\",\"url\":\"https:\\\/\\\/schweizversand.ch\\\/wp-content\\\/uploads\\\/2026\\\/03\\\/Logo_Rund_Final-1.png\",\"contentUrl\":\"https:\\\/\\\/schweizversand.ch\\\/wp-content\\\/uploads\\\/2026\\\/03\\\/Logo_Rund_Final-1.png\",\"width\":404,\"height\":404,\"caption\":\"Schweizversand.ch\"},\"image\":{\"@id\":\"https:\\\/\\\/schweizversand.ch\\\/fr\\\/#\\\/schema\\\/logo\\\/image\\\/\"},\"sameAs\":[\"https:\\\/\\\/www.facebook.com\\\/Schweizversand\",\"https:\\\/\\\/www.instagram.com\\\/schweizversand.ch\\\/\"]}]}<\/script>\n<!-- \/ Yoast SEO plugin. -->","yoast_head_json":{"title":"Jilong Kinderpool - 3-Ring Pool \"Daisy\"","description":"Daisy 3-Ring-Pool \u2013 Blumiger Badespa\u00df f\u00fcr Kinder im Garten\u00a0 Bringen Sie sommerliche Frische und verspielten Bl\u00fctenzauber in Ihren Garten mit dem Daisy 3-Ring-Po","robots":{"index":"index","follow":"follow","max-snippet":"max-snippet:-1","max-image-preview":"max-image-preview:large","max-video-preview":"max-video-preview:-1"},"canonical":"https:\/\/schweizversand.ch\/fr\/produkt\/jilong-kinderpool-3-ring-pool-daisy\/","og_locale":"fr_FR","og_type":"article","og_title":"Jilong Kinderpool - 3-Ring Pool \"Daisy\"","og_description":"Daisy 3-Ring-Pool \u2013 Blumiger Badespa\u00df f\u00fcr Kinder im Garten\u00a0 Bringen Sie sommerliche Frische und verspielten Bl\u00fctenzauber in Ihren Garten mit dem Daisy 3-Ring-Po","og_url":"https:\/\/schweizversand.ch\/fr\/produkt\/jilong-kinderpool-3-ring-pool-daisy\/","og_site_name":"Schweizer Shop f\u00fcr Sport, Spiel und Freizeit","article_publisher":"https:\/\/www.facebook.com\/Schweizversand","article_modified_time":"2026-04-11T13:33:53+00:00","twitter_card":"summary_large_image","twitter_misc":{"Dur\u00e9e de lecture estim\u00e9e":"1 minute"},"schema":{"@context":"https:\/\/schema.org","@graph":[{"@type":"WebPage","@id":"https:\/\/schweizversand.ch\/fr\/produkt\/jilong-kinderpool-3-ring-pool-daisy\/","url":"https:\/\/schweizversand.ch\/fr\/produkt\/jilong-kinderpool-3-ring-pool-daisy\/","name":"Jilong Kinderpool - 3-Ring Pool \"Daisy\"","isPartOf":{"@id":"https:\/\/schweizversand.ch\/fr\/#website"},"primaryImageOfPage":{"@id":"https:\/\/schweizversand.ch\/fr\/produkt\/jilong-kinderpool-3-ring-pool-daisy\/#primaryimage"},"image":{"@id":"https:\/\/schweizversand.ch\/fr\/produkt\/jilong-kinderpool-3-ring-pool-daisy\/#primaryimage"},"thumbnailUrl":"https:\/\/schweizversand.ch\/wp-content\/uploads\/2026\/04\/5471920527.png","datePublished":"2026-04-11T00:00:26+00:00","dateModified":"2026-04-11T13:33:53+00:00","description":"Daisy 3-Ring-Pool \u2013 Blumiger Badespa\u00df f\u00fcr Kinder im Garten\u00a0 Bringen Sie sommerliche Frische und verspielten Bl\u00fctenzauber in Ihren Garten mit dem Daisy 3-Ring-Po","breadcrumb":{"@id":"https:\/\/schweizversand.ch\/fr\/produkt\/jilong-kinderpool-3-ring-pool-daisy\/#breadcrumb"},"inLanguage":"fr-FR","potentialAction":[{"@type":"ReadAction","target":["https:\/\/schweizversand.ch\/fr\/produkt\/jilong-kinderpool-3-ring-pool-daisy\/"]}]},{"@type":"ImageObject","inLanguage":"fr-FR","@id":"https:\/\/schweizversand.ch\/fr\/produkt\/jilong-kinderpool-3-ring-pool-daisy\/#primaryimage","url":"https:\/\/schweizversand.ch\/wp-content\/uploads\/2026\/04\/5471920527.png","contentUrl":"https:\/\/schweizversand.ch\/wp-content\/uploads\/2026\/04\/5471920527.png","width":1024,"height":680},{"@type":"BreadcrumbList","@id":"https:\/\/schweizversand.ch\/fr\/produkt\/jilong-kinderpool-3-ring-pool-daisy\/#breadcrumb","itemListElement":[{"@type":"ListItem","position":1,"name":"Startseite","item":"https:\/\/schweizversand.ch\/fr\/"},{"@type":"ListItem","position":2,"name":"Boutique","item":"https:\/\/schweizversand.ch\/fr\/boutique\/"},{"@type":"ListItem","position":3,"name":"Piscine pour enfants Jilong &#8211; Piscine \u00e0 3 anneaux \u00ab Daisy \u00bb"}]},{"@type":"WebSite","@id":"https:\/\/schweizversand.ch\/fr\/#website","url":"https:\/\/schweizversand.ch\/fr\/","name":"Schweizer Shop f\u00fcr Sport, Spiel und Freizeit","description":"Gratisversand ab 50.- (netto), ab eigenem schweizer Lager, Lieferung innert 48h","publisher":{"@id":"https:\/\/schweizversand.ch\/fr\/#organization"},"alternateName":"Schweizversand.ch","potentialAction":[{"@type":"SearchAction","target":{"@type":"EntryPoint","urlTemplate":"https:\/\/schweizversand.ch\/fr\/?s={search_term_string}"},"query-input":{"@type":"PropertyValueSpecification","valueRequired":true,"valueName":"search_term_string"}}],"inLanguage":"fr-FR"},{"@type":"Organization","@id":"https:\/\/schweizversand.ch\/fr\/#organization","name":"Schweizversand.ch","url":"https:\/\/schweizversand.ch\/fr\/","logo":{"@type":"ImageObject","inLanguage":"fr-FR","@id":"https:\/\/schweizversand.ch\/fr\/#\/schema\/logo\/image\/","url":"https:\/\/schweizversand.ch\/wp-content\/uploads\/2026\/03\/Logo_Rund_Final-1.png","contentUrl":"https:\/\/schweizversand.ch\/wp-content\/uploads\/2026\/03\/Logo_Rund_Final-1.png","width":404,"height":404,"caption":"Schweizversand.ch"},"image":{"@id":"https:\/\/schweizversand.ch\/fr\/#\/schema\/logo\/image\/"},"sameAs":["https:\/\/www.facebook.com\/Schweizversand","https:\/\/www.instagram.com\/schweizversand.ch\/"]}]}},"jetpack_sharing_enabled":true,"_links":{"self":[{"href":"https:\/\/schweizversand.ch\/fr\/wp-json\/wp\/v2\/product\/264094","targetHints":{"allow":["GET"]}}],"collection":[{"href":"https:\/\/schweizversand.ch\/fr\/wp-json\/wp\/v2\/product"}],"about":[{"href":"https:\/\/schweizversand.ch\/fr\/wp-json\/wp\/v2\/types\/product"}],"replies":[{"embeddable":true,"href":"https:\/\/schweizversand.ch\/fr\/wp-json\/wp\/v2\/comments?post=264094"}],"wp:featuredmedia":[{"embeddable":true,"href":"https:\/\/schweizversand.ch\/fr\/wp-json\/wp\/v2\/media\/265030"}],"wp:attachment":[{"href":"https:\/\/schweizversand.ch\/fr\/wp-json\/wp\/v2\/media?parent=264094"}],"wp:term":[{"taxonomy":"product_brand","embeddable":true,"href":"https:\/\/schweizversand.ch\/fr\/wp-json\/wp\/v2\/product_brand?post=264094"},{"taxonomy":"product_cat","embeddable":true,"href":"https:\/\/schweizversand.ch\/fr\/wp-json\/wp\/v2\/product_cat?post=264094"},{"taxonomy":"product_tag","embeddable":true,"href":"https:\/\/schweizversand.ch\/fr\/wp-json\/wp\/v2\/product_tag?post=264094"}],"curies":[{"name":"wp","href":"https:\/\/api.w.org\/{rel}","templated":true}]}}