{"id":264096,"date":"2026-04-11T02:00:27","date_gmt":"2026-04-11T00:00:27","guid":{"rendered":"https:\/\/schweizversand.ch\/produkt\/jilong-glitzer-ball\/"},"modified":"2026-04-11T15:33:53","modified_gmt":"2026-04-11T13:33:53","slug":"jilong-glitzer-ball","status":"publish","type":"product","link":"https:\/\/schweizversand.ch\/fr\/produkt\/jilong-glitzer-ball\/","title":{"rendered":"Boule \u00e0 paillettes Jilong"},"content":{"rendered":"<h1><strong>Jilong Glitter<\/strong> <strong>Ballon (assorti, \u230050 cm)<\/strong><\/h1>\n<div>Apportez glamour et amusement \u00e0 votre \u00e9t\u00e9\u00a0! Ce <strong>ballon de plage gonflable<\/strong> \u00e0 paillettes scintillantes est le jouet de piscine par excellence et vous garantit des moments inoubliables \u00e0 la plage, \u00e0 la piscine ou dans le jardin.<\/p>\n<\/div>\n<div><strong>Design et fonctionnalit\u00e9<\/strong><br \/>Le <strong>ballon Jilong Glitter<\/strong> s\u00e9duit par son design captivant. \u00c0 l&rsquo;int\u00e9rieur de ce ballon transparent se cachent des paillettes scintillantes qui cr\u00e9ent un effet spectaculaire de <strong>ballon de plage<\/strong> scintillant \u00e0 chaque mouvement et sous la lumi\u00e8re du soleil. Avec un diam\u00e8tre d&rsquo;environ 50\u00a0cm, ce ballon de plage de 50\u00a0cm est id\u00e9al pour tous les \u00e2ges. Vos avantages en un coup d&rsquo;\u0153il\u00a0: &#8211; Effet paillet\u00e9 spectaculaire gr\u00e2ce \u00e0 ses sequins scintillants &#8211; Jouet de piscine id\u00e9al pour les enfants, les adolescents et les adultes &#8211; Parfait pour les f\u00eates d&rsquo;\u00e9t\u00e9, les pool parties et la plage &#8211; Fabriqu\u00e9 en vinyle r\u00e9sistant pour une durabilit\u00e9 et une robustesse optimales &#8211; Facile \u00e0 gonfler et peu encombrant pour le transport. Mat\u00e9riau et dimensions\u00a0: Ce ballon de plage \u00e0 paillettes est fabriqu\u00e9 en vinyle r\u00e9sistant de haute qualit\u00e9, ce qui lui permet de supporter m\u00eame les jeux les plus intensifs. Il est robuste et ne n\u00e9cessite pas d&rsquo;\u00eatre regonfl\u00e9 constamment.<br \/>&#8211; Diam\u00e8tre (gonfl\u00e9)\u00a0: env. 50\u00a0cm<br \/>&#8211; Mat\u00e9riau\u00a0: Vinyle r\u00e9sistant<\/p>\n<\/div>\n<div><strong>Informations de livraison<\/strong><br \/>La couleur du ballon de plage n&rsquo;est pas s\u00e9lectionnable. La livraison est al\u00e9atoire, dans la limite des stocks disponibles. Le prix indiqu\u00e9 est par ballon.<\/p>\n<\/div>\n<div>Procurez-vous ce <strong>ballon de plage scintillant<\/strong> d\u00e8s maintenant et faites de votre prochaine sortie au lac ou \u00e0 la piscine un moment inoubliable\u00a0!<\/div>\n<div><\/div>\n","protected":false},"excerpt":{"rendered":"<p>Jilong Glitzer Ball begeistert mit funkelnden Pailletten und 50 cm Durchmesser. Das perfekte, auff\u00e4llige Poolspielzeug f\u00fcr unvergesslichen Sommerspa\u00df am Wasser.<\/p>\n","protected":false},"featured_media":265039,"comment_status":"open","ping_status":"closed","template":"","meta":[],"product_brand":[],"product_cat":[38366],"product_tag":[],"class_list":{"0":"post-264096","1":"product","2":"type-product","3":"status-publish","4":"has-post-thumbnail","6":"product_cat-wasserspielzeug","7":"product_shipping_class-global_methods","9":"first","10":"instock","11":"taxable","12":"shipping-taxable","13":"purchasable","14":"product-type-simple"},"yoast_head":"<!-- This site is optimized with the Yoast SEO plugin v27.3 - https:\/\/yoast.com\/product\/yoast-seo-wordpress\/ -->\n<title>Jilong Glitzer Ball<\/title>\n<meta name=\"description\" content=\"Jilong Glitzer Ball (assortiert, \u230050 cm) Bringen Sie Glamour und Spass in Ihren Sommer! Dieser Aufblasbarer Wasserball mit funkelnden Pailletten ist das ultimat\" \/>\n<meta name=\"robots\" content=\"index, follow, max-snippet:-1, max-image-preview:large, max-video-preview:-1\" \/>\n<link rel=\"canonical\" href=\"https:\/\/schweizversand.ch\/fr\/produkt\/jilong-glitzer-ball\/\" \/>\n<meta property=\"og:locale\" content=\"fr_FR\" \/>\n<meta property=\"og:type\" content=\"article\" \/>\n<meta property=\"og:title\" content=\"Jilong Glitzer Ball\" \/>\n<meta property=\"og:description\" content=\"Jilong Glitzer Ball (assortiert, \u230050 cm) Bringen Sie Glamour und Spass in Ihren Sommer! Dieser Aufblasbarer Wasserball mit funkelnden Pailletten ist das ultimat\" \/>\n<meta property=\"og:url\" content=\"https:\/\/schweizversand.ch\/fr\/produkt\/jilong-glitzer-ball\/\" \/>\n<meta property=\"og:site_name\" content=\"Schweizer Shop f\u00fcr Sport, Spiel und Freizeit\" \/>\n<meta property=\"article:publisher\" content=\"https:\/\/www.facebook.com\/Schweizversand\" \/>\n<meta property=\"article:modified_time\" content=\"2026-04-11T13:33:53+00:00\" \/>\n<meta name=\"twitter:card\" content=\"summary_large_image\" \/>\n<meta name=\"twitter:label1\" content=\"Dur\u00e9e de lecture estim\u00e9e\" \/>\n\t<meta name=\"twitter:data1\" content=\"1 minute\" \/>\n<script type=\"application\/ld+json\" class=\"yoast-schema-graph\">{\"@context\":\"https:\\\/\\\/schema.org\",\"@graph\":[{\"@type\":\"WebPage\",\"@id\":\"https:\\\/\\\/schweizversand.ch\\\/fr\\\/produkt\\\/jilong-glitzer-ball\\\/\",\"url\":\"https:\\\/\\\/schweizversand.ch\\\/fr\\\/produkt\\\/jilong-glitzer-ball\\\/\",\"name\":\"Jilong Glitzer Ball\",\"isPartOf\":{\"@id\":\"https:\\\/\\\/schweizversand.ch\\\/fr\\\/#website\"},\"primaryImageOfPage\":{\"@id\":\"https:\\\/\\\/schweizversand.ch\\\/fr\\\/produkt\\\/jilong-glitzer-ball\\\/#primaryimage\"},\"image\":{\"@id\":\"https:\\\/\\\/schweizversand.ch\\\/fr\\\/produkt\\\/jilong-glitzer-ball\\\/#primaryimage\"},\"thumbnailUrl\":\"https:\\\/\\\/schweizversand.ch\\\/wp-content\\\/uploads\\\/2026\\\/04\\\/5471973049.png\",\"datePublished\":\"2026-04-11T00:00:27+00:00\",\"dateModified\":\"2026-04-11T13:33:53+00:00\",\"description\":\"Jilong Glitzer Ball (assortiert, \u230050 cm) Bringen Sie Glamour und Spass in Ihren Sommer! Dieser Aufblasbarer Wasserball mit funkelnden Pailletten ist das ultimat\",\"breadcrumb\":{\"@id\":\"https:\\\/\\\/schweizversand.ch\\\/fr\\\/produkt\\\/jilong-glitzer-ball\\\/#breadcrumb\"},\"inLanguage\":\"fr-FR\",\"potentialAction\":[{\"@type\":\"ReadAction\",\"target\":[\"https:\\\/\\\/schweizversand.ch\\\/fr\\\/produkt\\\/jilong-glitzer-ball\\\/\"]}]},{\"@type\":\"ImageObject\",\"inLanguage\":\"fr-FR\",\"@id\":\"https:\\\/\\\/schweizversand.ch\\\/fr\\\/produkt\\\/jilong-glitzer-ball\\\/#primaryimage\",\"url\":\"https:\\\/\\\/schweizversand.ch\\\/wp-content\\\/uploads\\\/2026\\\/04\\\/5471973049.png\",\"contentUrl\":\"https:\\\/\\\/schweizversand.ch\\\/wp-content\\\/uploads\\\/2026\\\/04\\\/5471973049.png\",\"width\":1024,\"height\":680},{\"@type\":\"BreadcrumbList\",\"@id\":\"https:\\\/\\\/schweizversand.ch\\\/fr\\\/produkt\\\/jilong-glitzer-ball\\\/#breadcrumb\",\"itemListElement\":[{\"@type\":\"ListItem\",\"position\":1,\"name\":\"Startseite\",\"item\":\"https:\\\/\\\/schweizversand.ch\\\/fr\\\/\"},{\"@type\":\"ListItem\",\"position\":2,\"name\":\"Boutique\",\"item\":\"https:\\\/\\\/schweizversand.ch\\\/fr\\\/boutique\\\/\"},{\"@type\":\"ListItem\",\"position\":3,\"name\":\"Boule \u00e0 paillettes Jilong\"}]},{\"@type\":\"WebSite\",\"@id\":\"https:\\\/\\\/schweizversand.ch\\\/fr\\\/#website\",\"url\":\"https:\\\/\\\/schweizversand.ch\\\/fr\\\/\",\"name\":\"Schweizer Shop f\u00fcr Sport, Spiel und Freizeit\",\"description\":\"Gratisversand ab 50.- (netto), ab eigenem schweizer Lager, Lieferung innert 48h\",\"publisher\":{\"@id\":\"https:\\\/\\\/schweizversand.ch\\\/fr\\\/#organization\"},\"alternateName\":\"Schweizversand.ch\",\"potentialAction\":[{\"@type\":\"SearchAction\",\"target\":{\"@type\":\"EntryPoint\",\"urlTemplate\":\"https:\\\/\\\/schweizversand.ch\\\/fr\\\/?s={search_term_string}\"},\"query-input\":{\"@type\":\"PropertyValueSpecification\",\"valueRequired\":true,\"valueName\":\"search_term_string\"}}],\"inLanguage\":\"fr-FR\"},{\"@type\":\"Organization\",\"@id\":\"https:\\\/\\\/schweizversand.ch\\\/fr\\\/#organization\",\"name\":\"Schweizversand.ch\",\"url\":\"https:\\\/\\\/schweizversand.ch\\\/fr\\\/\",\"logo\":{\"@type\":\"ImageObject\",\"inLanguage\":\"fr-FR\",\"@id\":\"https:\\\/\\\/schweizversand.ch\\\/fr\\\/#\\\/schema\\\/logo\\\/image\\\/\",\"url\":\"https:\\\/\\\/schweizversand.ch\\\/wp-content\\\/uploads\\\/2026\\\/03\\\/Logo_Rund_Final-1.png\",\"contentUrl\":\"https:\\\/\\\/schweizversand.ch\\\/wp-content\\\/uploads\\\/2026\\\/03\\\/Logo_Rund_Final-1.png\",\"width\":404,\"height\":404,\"caption\":\"Schweizversand.ch\"},\"image\":{\"@id\":\"https:\\\/\\\/schweizversand.ch\\\/fr\\\/#\\\/schema\\\/logo\\\/image\\\/\"},\"sameAs\":[\"https:\\\/\\\/www.facebook.com\\\/Schweizversand\",\"https:\\\/\\\/www.instagram.com\\\/schweizversand.ch\\\/\"]}]}<\/script>\n<!-- \/ Yoast SEO plugin. -->","yoast_head_json":{"title":"Jilong Glitzer Ball","description":"Jilong Glitzer Ball (assortiert, \u230050 cm) Bringen Sie Glamour und Spass in Ihren Sommer! Dieser Aufblasbarer Wasserball mit funkelnden Pailletten ist das ultimat","robots":{"index":"index","follow":"follow","max-snippet":"max-snippet:-1","max-image-preview":"max-image-preview:large","max-video-preview":"max-video-preview:-1"},"canonical":"https:\/\/schweizversand.ch\/fr\/produkt\/jilong-glitzer-ball\/","og_locale":"fr_FR","og_type":"article","og_title":"Jilong Glitzer Ball","og_description":"Jilong Glitzer Ball (assortiert, \u230050 cm) Bringen Sie Glamour und Spass in Ihren Sommer! Dieser Aufblasbarer Wasserball mit funkelnden Pailletten ist das ultimat","og_url":"https:\/\/schweizversand.ch\/fr\/produkt\/jilong-glitzer-ball\/","og_site_name":"Schweizer Shop f\u00fcr Sport, Spiel und Freizeit","article_publisher":"https:\/\/www.facebook.com\/Schweizversand","article_modified_time":"2026-04-11T13:33:53+00:00","twitter_card":"summary_large_image","twitter_misc":{"Dur\u00e9e de lecture estim\u00e9e":"1 minute"},"schema":{"@context":"https:\/\/schema.org","@graph":[{"@type":"WebPage","@id":"https:\/\/schweizversand.ch\/fr\/produkt\/jilong-glitzer-ball\/","url":"https:\/\/schweizversand.ch\/fr\/produkt\/jilong-glitzer-ball\/","name":"Jilong Glitzer Ball","isPartOf":{"@id":"https:\/\/schweizversand.ch\/fr\/#website"},"primaryImageOfPage":{"@id":"https:\/\/schweizversand.ch\/fr\/produkt\/jilong-glitzer-ball\/#primaryimage"},"image":{"@id":"https:\/\/schweizversand.ch\/fr\/produkt\/jilong-glitzer-ball\/#primaryimage"},"thumbnailUrl":"https:\/\/schweizversand.ch\/wp-content\/uploads\/2026\/04\/5471973049.png","datePublished":"2026-04-11T00:00:27+00:00","dateModified":"2026-04-11T13:33:53+00:00","description":"Jilong Glitzer Ball (assortiert, \u230050 cm) Bringen Sie Glamour und Spass in Ihren Sommer! Dieser Aufblasbarer Wasserball mit funkelnden Pailletten ist das ultimat","breadcrumb":{"@id":"https:\/\/schweizversand.ch\/fr\/produkt\/jilong-glitzer-ball\/#breadcrumb"},"inLanguage":"fr-FR","potentialAction":[{"@type":"ReadAction","target":["https:\/\/schweizversand.ch\/fr\/produkt\/jilong-glitzer-ball\/"]}]},{"@type":"ImageObject","inLanguage":"fr-FR","@id":"https:\/\/schweizversand.ch\/fr\/produkt\/jilong-glitzer-ball\/#primaryimage","url":"https:\/\/schweizversand.ch\/wp-content\/uploads\/2026\/04\/5471973049.png","contentUrl":"https:\/\/schweizversand.ch\/wp-content\/uploads\/2026\/04\/5471973049.png","width":1024,"height":680},{"@type":"BreadcrumbList","@id":"https:\/\/schweizversand.ch\/fr\/produkt\/jilong-glitzer-ball\/#breadcrumb","itemListElement":[{"@type":"ListItem","position":1,"name":"Startseite","item":"https:\/\/schweizversand.ch\/fr\/"},{"@type":"ListItem","position":2,"name":"Boutique","item":"https:\/\/schweizversand.ch\/fr\/boutique\/"},{"@type":"ListItem","position":3,"name":"Boule \u00e0 paillettes Jilong"}]},{"@type":"WebSite","@id":"https:\/\/schweizversand.ch\/fr\/#website","url":"https:\/\/schweizversand.ch\/fr\/","name":"Schweizer Shop f\u00fcr Sport, Spiel und Freizeit","description":"Gratisversand ab 50.- (netto), ab eigenem schweizer Lager, Lieferung innert 48h","publisher":{"@id":"https:\/\/schweizversand.ch\/fr\/#organization"},"alternateName":"Schweizversand.ch","potentialAction":[{"@type":"SearchAction","target":{"@type":"EntryPoint","urlTemplate":"https:\/\/schweizversand.ch\/fr\/?s={search_term_string}"},"query-input":{"@type":"PropertyValueSpecification","valueRequired":true,"valueName":"search_term_string"}}],"inLanguage":"fr-FR"},{"@type":"Organization","@id":"https:\/\/schweizversand.ch\/fr\/#organization","name":"Schweizversand.ch","url":"https:\/\/schweizversand.ch\/fr\/","logo":{"@type":"ImageObject","inLanguage":"fr-FR","@id":"https:\/\/schweizversand.ch\/fr\/#\/schema\/logo\/image\/","url":"https:\/\/schweizversand.ch\/wp-content\/uploads\/2026\/03\/Logo_Rund_Final-1.png","contentUrl":"https:\/\/schweizversand.ch\/wp-content\/uploads\/2026\/03\/Logo_Rund_Final-1.png","width":404,"height":404,"caption":"Schweizversand.ch"},"image":{"@id":"https:\/\/schweizversand.ch\/fr\/#\/schema\/logo\/image\/"},"sameAs":["https:\/\/www.facebook.com\/Schweizversand","https:\/\/www.instagram.com\/schweizversand.ch\/"]}]}},"jetpack_sharing_enabled":true,"_links":{"self":[{"href":"https:\/\/schweizversand.ch\/fr\/wp-json\/wp\/v2\/product\/264096","targetHints":{"allow":["GET"]}}],"collection":[{"href":"https:\/\/schweizversand.ch\/fr\/wp-json\/wp\/v2\/product"}],"about":[{"href":"https:\/\/schweizversand.ch\/fr\/wp-json\/wp\/v2\/types\/product"}],"replies":[{"embeddable":true,"href":"https:\/\/schweizversand.ch\/fr\/wp-json\/wp\/v2\/comments?post=264096"}],"wp:featuredmedia":[{"embeddable":true,"href":"https:\/\/schweizversand.ch\/fr\/wp-json\/wp\/v2\/media\/265039"}],"wp:attachment":[{"href":"https:\/\/schweizversand.ch\/fr\/wp-json\/wp\/v2\/media?parent=264096"}],"wp:term":[{"taxonomy":"product_brand","embeddable":true,"href":"https:\/\/schweizversand.ch\/fr\/wp-json\/wp\/v2\/product_brand?post=264096"},{"taxonomy":"product_cat","embeddable":true,"href":"https:\/\/schweizversand.ch\/fr\/wp-json\/wp\/v2\/product_cat?post=264096"},{"taxonomy":"product_tag","embeddable":true,"href":"https:\/\/schweizversand.ch\/fr\/wp-json\/wp\/v2\/product_tag?post=264096"}],"curies":[{"name":"wp","href":"https:\/\/api.w.org\/{rel}","templated":true}]}}