{"id":264098,"date":"2026-04-11T02:00:27","date_gmt":"2026-04-11T00:00:27","guid":{"rendered":"https:\/\/schweizversand.ch\/produkt\/jilong-schwimmring-frosch\/"},"modified":"2026-04-11T15:33:53","modified_gmt":"2026-04-11T13:33:53","slug":"jilong-schwimmring-frosch","status":"publish","type":"product","link":"https:\/\/schweizversand.ch\/fr\/produkt\/jilong-schwimmring-frosch\/","title":{"rendered":"Bou\u00e9e Jilong \u00ab Grenouille \u00bb"},"content":{"rendered":"<p>Bou\u00e9e Grenouille \u2013 Amusez-vous dans le bain avec cette adorable bou\u00e9e grenouille (94 cm x 77 cm)\u00a0! L&rsquo;\u00e9t\u00e9 se transforme en une v\u00e9ritable aventure\u00a0! Son design charmant, avec ses yeux mobiles, promet des heures d&rsquo;amusement et attirera tous les regards \u00e0 la piscine, \u00e0 la plage ou au lac. Fabriqu\u00e9e dans un mat\u00e9riau r\u00e9sistant, cette bou\u00e9e gonflable est id\u00e9ale pour les enfants \u00e0 partir de 9 ans. Que ce soit pour se d\u00e9tendre ou s&rsquo;amuser dans l&rsquo;eau, elle apporte une touche d&rsquo;originalit\u00e9 \u00e0 chaque baignade. Un kit de r\u00e9paration est inclus pour en profiter plus longtemps. D\u00e9tails du produit\u00a0: \u2022 Dimensions (d\u00e9gonfl\u00e9e)\u00a0: 94 cm x 77 cm \u2022 Design\u00a0: Grenouille amusante avec yeux mobiles \u2022 Mat\u00e9riau\u00a0: PVC r\u00e9sistant \u2022 \u00c2ge recommand\u00e9\u00a0: 9 ans et plus \u2022 Accessoires\u00a0: Kit de r\u00e9paration et peinture<\/p>\n","protected":false},"excerpt":{"rendered":"<p>Jilong Schwimmring \u00ab\u00a0Frosch\u00a0\u00bb begeistert mit lustigem Design und beweglichen Augen. Robust, 94&#215;77 cm, ideal ab 9 Jahren \u2013 perfekter Badespa\u00df f\u00fcr Pool, Strand und See!<\/p>\n","protected":false},"featured_media":265049,"comment_status":"open","ping_status":"closed","template":"","meta":[],"product_brand":[],"product_cat":[38641],"product_tag":[],"class_list":{"0":"post-264098","1":"product","2":"type-product","3":"status-publish","4":"has-post-thumbnail","6":"product_cat-natation-et-plongee","7":"product_shipping_class-global_methods","9":"first","10":"instock","11":"taxable","12":"shipping-taxable","13":"purchasable","14":"product-type-simple"},"yoast_head":"<!-- This site is optimized with the Yoast SEO plugin v27.3 - https:\/\/yoast.com\/product\/yoast-seo-wordpress\/ -->\n<title>Jilong Schwimmring &quot;Frosch&quot;<\/title>\n<meta name=\"description\" content=\"Frosch-Schwimmring \u2013 Tierischer Badespa\u00df ab 9 Jahren\u00a0 Mit dem niedlichen Frosch-Schwimmring (94 cm x 77 cm) wird der Sommer zum echten Abenteuer! Das charmante\" \/>\n<meta name=\"robots\" content=\"index, follow, max-snippet:-1, max-image-preview:large, max-video-preview:-1\" \/>\n<link rel=\"canonical\" href=\"https:\/\/schweizversand.ch\/fr\/produkt\/jilong-schwimmring-frosch\/\" \/>\n<meta property=\"og:locale\" content=\"fr_FR\" \/>\n<meta property=\"og:type\" content=\"article\" \/>\n<meta property=\"og:title\" content=\"Jilong Schwimmring &quot;Frosch&quot;\" \/>\n<meta property=\"og:description\" content=\"Frosch-Schwimmring \u2013 Tierischer Badespa\u00df ab 9 Jahren\u00a0 Mit dem niedlichen Frosch-Schwimmring (94 cm x 77 cm) wird der Sommer zum echten Abenteuer! Das charmante\" \/>\n<meta property=\"og:url\" content=\"https:\/\/schweizversand.ch\/fr\/produkt\/jilong-schwimmring-frosch\/\" \/>\n<meta property=\"og:site_name\" content=\"Schweizer Shop f\u00fcr Sport, Spiel und Freizeit\" \/>\n<meta property=\"article:publisher\" content=\"https:\/\/www.facebook.com\/Schweizversand\" \/>\n<meta property=\"article:modified_time\" content=\"2026-04-11T13:33:53+00:00\" \/>\n<meta name=\"twitter:card\" content=\"summary_large_image\" \/>\n<meta name=\"twitter:label1\" content=\"Dur\u00e9e de lecture estim\u00e9e\" \/>\n\t<meta name=\"twitter:data1\" content=\"1 minute\" \/>\n<script type=\"application\/ld+json\" class=\"yoast-schema-graph\">{\"@context\":\"https:\\\/\\\/schema.org\",\"@graph\":[{\"@type\":\"WebPage\",\"@id\":\"https:\\\/\\\/schweizversand.ch\\\/fr\\\/produkt\\\/jilong-schwimmring-frosch\\\/\",\"url\":\"https:\\\/\\\/schweizversand.ch\\\/fr\\\/produkt\\\/jilong-schwimmring-frosch\\\/\",\"name\":\"Jilong Schwimmring \\\"Frosch\\\"\",\"isPartOf\":{\"@id\":\"https:\\\/\\\/schweizversand.ch\\\/fr\\\/#website\"},\"primaryImageOfPage\":{\"@id\":\"https:\\\/\\\/schweizversand.ch\\\/fr\\\/produkt\\\/jilong-schwimmring-frosch\\\/#primaryimage\"},\"image\":{\"@id\":\"https:\\\/\\\/schweizversand.ch\\\/fr\\\/produkt\\\/jilong-schwimmring-frosch\\\/#primaryimage\"},\"thumbnailUrl\":\"https:\\\/\\\/schweizversand.ch\\\/wp-content\\\/uploads\\\/2026\\\/04\\\/5471919884.png\",\"datePublished\":\"2026-04-11T00:00:27+00:00\",\"dateModified\":\"2026-04-11T13:33:53+00:00\",\"description\":\"Frosch-Schwimmring \u2013 Tierischer Badespa\u00df ab 9 Jahren\u00a0 Mit dem niedlichen Frosch-Schwimmring (94 cm x 77 cm) wird der Sommer zum echten Abenteuer! Das charmante\",\"breadcrumb\":{\"@id\":\"https:\\\/\\\/schweizversand.ch\\\/fr\\\/produkt\\\/jilong-schwimmring-frosch\\\/#breadcrumb\"},\"inLanguage\":\"fr-FR\",\"potentialAction\":[{\"@type\":\"ReadAction\",\"target\":[\"https:\\\/\\\/schweizversand.ch\\\/fr\\\/produkt\\\/jilong-schwimmring-frosch\\\/\"]}]},{\"@type\":\"ImageObject\",\"inLanguage\":\"fr-FR\",\"@id\":\"https:\\\/\\\/schweizversand.ch\\\/fr\\\/produkt\\\/jilong-schwimmring-frosch\\\/#primaryimage\",\"url\":\"https:\\\/\\\/schweizversand.ch\\\/wp-content\\\/uploads\\\/2026\\\/04\\\/5471919884.png\",\"contentUrl\":\"https:\\\/\\\/schweizversand.ch\\\/wp-content\\\/uploads\\\/2026\\\/04\\\/5471919884.png\",\"width\":1024,\"height\":680},{\"@type\":\"BreadcrumbList\",\"@id\":\"https:\\\/\\\/schweizversand.ch\\\/fr\\\/produkt\\\/jilong-schwimmring-frosch\\\/#breadcrumb\",\"itemListElement\":[{\"@type\":\"ListItem\",\"position\":1,\"name\":\"Startseite\",\"item\":\"https:\\\/\\\/schweizversand.ch\\\/fr\\\/\"},{\"@type\":\"ListItem\",\"position\":2,\"name\":\"Boutique\",\"item\":\"https:\\\/\\\/schweizversand.ch\\\/fr\\\/boutique\\\/\"},{\"@type\":\"ListItem\",\"position\":3,\"name\":\"Bou\u00e9e Jilong \u00ab Grenouille \u00bb\"}]},{\"@type\":\"WebSite\",\"@id\":\"https:\\\/\\\/schweizversand.ch\\\/fr\\\/#website\",\"url\":\"https:\\\/\\\/schweizversand.ch\\\/fr\\\/\",\"name\":\"Schweizer Shop f\u00fcr Sport, Spiel und Freizeit\",\"description\":\"Gratisversand ab 50.- (netto), ab eigenem schweizer Lager, Lieferung innert 48h\",\"publisher\":{\"@id\":\"https:\\\/\\\/schweizversand.ch\\\/fr\\\/#organization\"},\"alternateName\":\"Schweizversand.ch\",\"potentialAction\":[{\"@type\":\"SearchAction\",\"target\":{\"@type\":\"EntryPoint\",\"urlTemplate\":\"https:\\\/\\\/schweizversand.ch\\\/fr\\\/?s={search_term_string}\"},\"query-input\":{\"@type\":\"PropertyValueSpecification\",\"valueRequired\":true,\"valueName\":\"search_term_string\"}}],\"inLanguage\":\"fr-FR\"},{\"@type\":\"Organization\",\"@id\":\"https:\\\/\\\/schweizversand.ch\\\/fr\\\/#organization\",\"name\":\"Schweizversand.ch\",\"url\":\"https:\\\/\\\/schweizversand.ch\\\/fr\\\/\",\"logo\":{\"@type\":\"ImageObject\",\"inLanguage\":\"fr-FR\",\"@id\":\"https:\\\/\\\/schweizversand.ch\\\/fr\\\/#\\\/schema\\\/logo\\\/image\\\/\",\"url\":\"https:\\\/\\\/schweizversand.ch\\\/wp-content\\\/uploads\\\/2026\\\/03\\\/Logo_Rund_Final-1.png\",\"contentUrl\":\"https:\\\/\\\/schweizversand.ch\\\/wp-content\\\/uploads\\\/2026\\\/03\\\/Logo_Rund_Final-1.png\",\"width\":404,\"height\":404,\"caption\":\"Schweizversand.ch\"},\"image\":{\"@id\":\"https:\\\/\\\/schweizversand.ch\\\/fr\\\/#\\\/schema\\\/logo\\\/image\\\/\"},\"sameAs\":[\"https:\\\/\\\/www.facebook.com\\\/Schweizversand\",\"https:\\\/\\\/www.instagram.com\\\/schweizversand.ch\\\/\"]}]}<\/script>\n<!-- \/ Yoast SEO plugin. -->","yoast_head_json":{"title":"Jilong Schwimmring \"Frosch\"","description":"Frosch-Schwimmring \u2013 Tierischer Badespa\u00df ab 9 Jahren\u00a0 Mit dem niedlichen Frosch-Schwimmring (94 cm x 77 cm) wird der Sommer zum echten Abenteuer! Das charmante","robots":{"index":"index","follow":"follow","max-snippet":"max-snippet:-1","max-image-preview":"max-image-preview:large","max-video-preview":"max-video-preview:-1"},"canonical":"https:\/\/schweizversand.ch\/fr\/produkt\/jilong-schwimmring-frosch\/","og_locale":"fr_FR","og_type":"article","og_title":"Jilong Schwimmring \"Frosch\"","og_description":"Frosch-Schwimmring \u2013 Tierischer Badespa\u00df ab 9 Jahren\u00a0 Mit dem niedlichen Frosch-Schwimmring (94 cm x 77 cm) wird der Sommer zum echten Abenteuer! Das charmante","og_url":"https:\/\/schweizversand.ch\/fr\/produkt\/jilong-schwimmring-frosch\/","og_site_name":"Schweizer Shop f\u00fcr Sport, Spiel und Freizeit","article_publisher":"https:\/\/www.facebook.com\/Schweizversand","article_modified_time":"2026-04-11T13:33:53+00:00","twitter_card":"summary_large_image","twitter_misc":{"Dur\u00e9e de lecture estim\u00e9e":"1 minute"},"schema":{"@context":"https:\/\/schema.org","@graph":[{"@type":"WebPage","@id":"https:\/\/schweizversand.ch\/fr\/produkt\/jilong-schwimmring-frosch\/","url":"https:\/\/schweizversand.ch\/fr\/produkt\/jilong-schwimmring-frosch\/","name":"Jilong Schwimmring \"Frosch\"","isPartOf":{"@id":"https:\/\/schweizversand.ch\/fr\/#website"},"primaryImageOfPage":{"@id":"https:\/\/schweizversand.ch\/fr\/produkt\/jilong-schwimmring-frosch\/#primaryimage"},"image":{"@id":"https:\/\/schweizversand.ch\/fr\/produkt\/jilong-schwimmring-frosch\/#primaryimage"},"thumbnailUrl":"https:\/\/schweizversand.ch\/wp-content\/uploads\/2026\/04\/5471919884.png","datePublished":"2026-04-11T00:00:27+00:00","dateModified":"2026-04-11T13:33:53+00:00","description":"Frosch-Schwimmring \u2013 Tierischer Badespa\u00df ab 9 Jahren\u00a0 Mit dem niedlichen Frosch-Schwimmring (94 cm x 77 cm) wird der Sommer zum echten Abenteuer! Das charmante","breadcrumb":{"@id":"https:\/\/schweizversand.ch\/fr\/produkt\/jilong-schwimmring-frosch\/#breadcrumb"},"inLanguage":"fr-FR","potentialAction":[{"@type":"ReadAction","target":["https:\/\/schweizversand.ch\/fr\/produkt\/jilong-schwimmring-frosch\/"]}]},{"@type":"ImageObject","inLanguage":"fr-FR","@id":"https:\/\/schweizversand.ch\/fr\/produkt\/jilong-schwimmring-frosch\/#primaryimage","url":"https:\/\/schweizversand.ch\/wp-content\/uploads\/2026\/04\/5471919884.png","contentUrl":"https:\/\/schweizversand.ch\/wp-content\/uploads\/2026\/04\/5471919884.png","width":1024,"height":680},{"@type":"BreadcrumbList","@id":"https:\/\/schweizversand.ch\/fr\/produkt\/jilong-schwimmring-frosch\/#breadcrumb","itemListElement":[{"@type":"ListItem","position":1,"name":"Startseite","item":"https:\/\/schweizversand.ch\/fr\/"},{"@type":"ListItem","position":2,"name":"Boutique","item":"https:\/\/schweizversand.ch\/fr\/boutique\/"},{"@type":"ListItem","position":3,"name":"Bou\u00e9e Jilong \u00ab Grenouille \u00bb"}]},{"@type":"WebSite","@id":"https:\/\/schweizversand.ch\/fr\/#website","url":"https:\/\/schweizversand.ch\/fr\/","name":"Schweizer Shop f\u00fcr Sport, Spiel und Freizeit","description":"Gratisversand ab 50.- (netto), ab eigenem schweizer Lager, Lieferung innert 48h","publisher":{"@id":"https:\/\/schweizversand.ch\/fr\/#organization"},"alternateName":"Schweizversand.ch","potentialAction":[{"@type":"SearchAction","target":{"@type":"EntryPoint","urlTemplate":"https:\/\/schweizversand.ch\/fr\/?s={search_term_string}"},"query-input":{"@type":"PropertyValueSpecification","valueRequired":true,"valueName":"search_term_string"}}],"inLanguage":"fr-FR"},{"@type":"Organization","@id":"https:\/\/schweizversand.ch\/fr\/#organization","name":"Schweizversand.ch","url":"https:\/\/schweizversand.ch\/fr\/","logo":{"@type":"ImageObject","inLanguage":"fr-FR","@id":"https:\/\/schweizversand.ch\/fr\/#\/schema\/logo\/image\/","url":"https:\/\/schweizversand.ch\/wp-content\/uploads\/2026\/03\/Logo_Rund_Final-1.png","contentUrl":"https:\/\/schweizversand.ch\/wp-content\/uploads\/2026\/03\/Logo_Rund_Final-1.png","width":404,"height":404,"caption":"Schweizversand.ch"},"image":{"@id":"https:\/\/schweizversand.ch\/fr\/#\/schema\/logo\/image\/"},"sameAs":["https:\/\/www.facebook.com\/Schweizversand","https:\/\/www.instagram.com\/schweizversand.ch\/"]}]}},"jetpack_sharing_enabled":true,"_links":{"self":[{"href":"https:\/\/schweizversand.ch\/fr\/wp-json\/wp\/v2\/product\/264098","targetHints":{"allow":["GET"]}}],"collection":[{"href":"https:\/\/schweizversand.ch\/fr\/wp-json\/wp\/v2\/product"}],"about":[{"href":"https:\/\/schweizversand.ch\/fr\/wp-json\/wp\/v2\/types\/product"}],"replies":[{"embeddable":true,"href":"https:\/\/schweizversand.ch\/fr\/wp-json\/wp\/v2\/comments?post=264098"}],"wp:featuredmedia":[{"embeddable":true,"href":"https:\/\/schweizversand.ch\/fr\/wp-json\/wp\/v2\/media\/265049"}],"wp:attachment":[{"href":"https:\/\/schweizversand.ch\/fr\/wp-json\/wp\/v2\/media?parent=264098"}],"wp:term":[{"taxonomy":"product_brand","embeddable":true,"href":"https:\/\/schweizversand.ch\/fr\/wp-json\/wp\/v2\/product_brand?post=264098"},{"taxonomy":"product_cat","embeddable":true,"href":"https:\/\/schweizversand.ch\/fr\/wp-json\/wp\/v2\/product_cat?post=264098"},{"taxonomy":"product_tag","embeddable":true,"href":"https:\/\/schweizversand.ch\/fr\/wp-json\/wp\/v2\/product_tag?post=264098"}],"curies":[{"name":"wp","href":"https:\/\/api.w.org\/{rel}","templated":true}]}}