{"id":264100,"date":"2026-04-11T02:00:27","date_gmt":"2026-04-11T00:00:27","guid":{"rendered":"https:\/\/schweizversand.ch\/produkt\/jilong-schwimmring-bunter-glitzerring\/"},"modified":"2026-04-11T15:33:53","modified_gmt":"2026-04-11T13:33:53","slug":"jilong-schwimmring-bunter-glitzerring","status":"publish","type":"product","link":"https:\/\/schweizversand.ch\/fr\/produkt\/jilong-schwimmring-bunter-glitzerring\/","title":{"rendered":"Bou\u00e9e Jilong \u00ab bague \u00e0 paillettes color\u00e9es \u00bb"},"content":{"rendered":"<p>Bou\u00e9e paillet\u00e9e color\u00e9e \u00d8 90 cm \u2013 Plaisir \u00e9tincelant dans l&rsquo;eau pour les enfants \u00e0 partir de 9 ans<br \/>La bou\u00e9e \u00ab\u00a0Bou\u00e9e paillet\u00e9e color\u00e9e\u00a0\u00bb (\u00d8 90 cm) apporte couleur et glamour \u00e0 chaque journ\u00e9e \u00e0 la piscine\u00a0! Son motif arc-en-ciel riche, associ\u00e9 \u00e0 des sequins scintillants, cr\u00e9e des effets \u00e9tincelants et fait de cette bou\u00e9e un v\u00e9ritable atout charme dans l&rsquo;eau.<br \/>Disponible en trois mod\u00e8les diff\u00e9rents, elle est parfaite pour les enfants \u00e0 partir de 9 ans \u2013 id\u00e9ale pour la piscine, la plage ou le lac. Fabriqu\u00e9e dans un mat\u00e9riau r\u00e9sistant, elle est facile \u00e0 gonfler et \u00e0 transporter gr\u00e2ce \u00e0 sa taille compacte. D\u00e9tails du produit\u00a0: \u2022 Diam\u00e8tre (d\u00e9gonfl\u00e9e)\u00a0: 90 cm (35&Prime;) \u2022 Motif\u00a0: Arc-en-ciel color\u00e9 avec sequins paillet\u00e9s \u2022 Nombre de mod\u00e8les\u00a0: 3 mod\u00e8les diff\u00e9rents \u2022 Couleurs assorties. Le choix des couleurs n&rsquo;est pas possible. \u2022 Prix unitaire. \u2022 \u00c2ge recommand\u00e9\u00a0: 9 ans et plus \u2022 Accessoires\u00a0: Kit de r\u00e9paration et bo\u00eete de peinture<\/p>\n","protected":false},"excerpt":{"rendered":"<p>Jilong Schwimmring \u201eBunter Glitzerring\u201c: Bunter Poolspa\u00df mit glitzernden Pailletten, robustem Material und 90 cm Durchmesser \u2013 perfekt f\u00fcr Kinder ab 9 Jahren am Strand und See.<\/p>\n","protected":false},"featured_media":265057,"comment_status":"open","ping_status":"closed","template":"","meta":[],"product_brand":[],"product_cat":[38641],"product_tag":[],"class_list":{"0":"post-264100","1":"product","2":"type-product","3":"status-publish","4":"has-post-thumbnail","6":"product_cat-natation-et-plongee","7":"product_shipping_class-global_methods","9":"first","10":"instock","11":"taxable","12":"shipping-taxable","13":"purchasable","14":"product-type-simple"},"yoast_head":"<!-- This site is optimized with the Yoast SEO plugin v27.3 - https:\/\/yoast.com\/product\/yoast-seo-wordpress\/ -->\n<title>Jilong Schwimmring \u201eBunter Glitzerring\u201c<\/title>\n<meta name=\"description\" content=\"Bunter Glitzer Schwimmring \u00d8 90 cm \u2013 Glitzernder Badespa\u00df f\u00fcr Kinder ab 9 Jahren\u00a0 Der Schwimmring \u201eBunte Glitzerring\u201c (\u00d8 90 cm) bringt Farbe und Glamour in jede\" \/>\n<meta name=\"robots\" content=\"index, follow, max-snippet:-1, max-image-preview:large, max-video-preview:-1\" \/>\n<link rel=\"canonical\" href=\"https:\/\/schweizversand.ch\/fr\/produkt\/jilong-schwimmring-bunter-glitzerring\/\" \/>\n<meta property=\"og:locale\" content=\"fr_FR\" \/>\n<meta property=\"og:type\" content=\"article\" \/>\n<meta property=\"og:title\" content=\"Jilong Schwimmring \u201eBunter Glitzerring\u201c\" \/>\n<meta property=\"og:description\" content=\"Bunter Glitzer Schwimmring \u00d8 90 cm \u2013 Glitzernder Badespa\u00df f\u00fcr Kinder ab 9 Jahren\u00a0 Der Schwimmring \u201eBunte Glitzerring\u201c (\u00d8 90 cm) bringt Farbe und Glamour in jede\" \/>\n<meta property=\"og:url\" content=\"https:\/\/schweizversand.ch\/fr\/produkt\/jilong-schwimmring-bunter-glitzerring\/\" \/>\n<meta property=\"og:site_name\" content=\"Schweizer Shop f\u00fcr Sport, Spiel und Freizeit\" \/>\n<meta property=\"article:publisher\" content=\"https:\/\/www.facebook.com\/Schweizversand\" \/>\n<meta property=\"article:modified_time\" content=\"2026-04-11T13:33:53+00:00\" \/>\n<meta name=\"twitter:card\" content=\"summary_large_image\" \/>\n<meta name=\"twitter:label1\" content=\"Dur\u00e9e de lecture estim\u00e9e\" \/>\n\t<meta name=\"twitter:data1\" content=\"1 minute\" \/>\n<script type=\"application\/ld+json\" class=\"yoast-schema-graph\">{\"@context\":\"https:\\\/\\\/schema.org\",\"@graph\":[{\"@type\":\"WebPage\",\"@id\":\"https:\\\/\\\/schweizversand.ch\\\/fr\\\/produkt\\\/jilong-schwimmring-bunter-glitzerring\\\/\",\"url\":\"https:\\\/\\\/schweizversand.ch\\\/fr\\\/produkt\\\/jilong-schwimmring-bunter-glitzerring\\\/\",\"name\":\"Jilong Schwimmring \u201eBunter Glitzerring\u201c\",\"isPartOf\":{\"@id\":\"https:\\\/\\\/schweizversand.ch\\\/fr\\\/#website\"},\"primaryImageOfPage\":{\"@id\":\"https:\\\/\\\/schweizversand.ch\\\/fr\\\/produkt\\\/jilong-schwimmring-bunter-glitzerring\\\/#primaryimage\"},\"image\":{\"@id\":\"https:\\\/\\\/schweizversand.ch\\\/fr\\\/produkt\\\/jilong-schwimmring-bunter-glitzerring\\\/#primaryimage\"},\"thumbnailUrl\":\"https:\\\/\\\/schweizversand.ch\\\/wp-content\\\/uploads\\\/2026\\\/04\\\/5471927065.png\",\"datePublished\":\"2026-04-11T00:00:27+00:00\",\"dateModified\":\"2026-04-11T13:33:53+00:00\",\"description\":\"Bunter Glitzer Schwimmring \u00d8 90 cm \u2013 Glitzernder Badespa\u00df f\u00fcr Kinder ab 9 Jahren\u00a0 Der Schwimmring \u201eBunte Glitzerring\u201c (\u00d8 90 cm) bringt Farbe und Glamour in jede\",\"breadcrumb\":{\"@id\":\"https:\\\/\\\/schweizversand.ch\\\/fr\\\/produkt\\\/jilong-schwimmring-bunter-glitzerring\\\/#breadcrumb\"},\"inLanguage\":\"fr-FR\",\"potentialAction\":[{\"@type\":\"ReadAction\",\"target\":[\"https:\\\/\\\/schweizversand.ch\\\/fr\\\/produkt\\\/jilong-schwimmring-bunter-glitzerring\\\/\"]}]},{\"@type\":\"ImageObject\",\"inLanguage\":\"fr-FR\",\"@id\":\"https:\\\/\\\/schweizversand.ch\\\/fr\\\/produkt\\\/jilong-schwimmring-bunter-glitzerring\\\/#primaryimage\",\"url\":\"https:\\\/\\\/schweizversand.ch\\\/wp-content\\\/uploads\\\/2026\\\/04\\\/5471927065.png\",\"contentUrl\":\"https:\\\/\\\/schweizversand.ch\\\/wp-content\\\/uploads\\\/2026\\\/04\\\/5471927065.png\",\"width\":1024,\"height\":680},{\"@type\":\"BreadcrumbList\",\"@id\":\"https:\\\/\\\/schweizversand.ch\\\/fr\\\/produkt\\\/jilong-schwimmring-bunter-glitzerring\\\/#breadcrumb\",\"itemListElement\":[{\"@type\":\"ListItem\",\"position\":1,\"name\":\"Startseite\",\"item\":\"https:\\\/\\\/schweizversand.ch\\\/fr\\\/\"},{\"@type\":\"ListItem\",\"position\":2,\"name\":\"Boutique\",\"item\":\"https:\\\/\\\/schweizversand.ch\\\/fr\\\/boutique\\\/\"},{\"@type\":\"ListItem\",\"position\":3,\"name\":\"Bou\u00e9e Jilong \u00ab bague \u00e0 paillettes color\u00e9es \u00bb\"}]},{\"@type\":\"WebSite\",\"@id\":\"https:\\\/\\\/schweizversand.ch\\\/fr\\\/#website\",\"url\":\"https:\\\/\\\/schweizversand.ch\\\/fr\\\/\",\"name\":\"Schweizer Shop f\u00fcr Sport, Spiel und Freizeit\",\"description\":\"Gratisversand ab 50.- (netto), ab eigenem schweizer Lager, Lieferung innert 48h\",\"publisher\":{\"@id\":\"https:\\\/\\\/schweizversand.ch\\\/fr\\\/#organization\"},\"alternateName\":\"Schweizversand.ch\",\"potentialAction\":[{\"@type\":\"SearchAction\",\"target\":{\"@type\":\"EntryPoint\",\"urlTemplate\":\"https:\\\/\\\/schweizversand.ch\\\/fr\\\/?s={search_term_string}\"},\"query-input\":{\"@type\":\"PropertyValueSpecification\",\"valueRequired\":true,\"valueName\":\"search_term_string\"}}],\"inLanguage\":\"fr-FR\"},{\"@type\":\"Organization\",\"@id\":\"https:\\\/\\\/schweizversand.ch\\\/fr\\\/#organization\",\"name\":\"Schweizversand.ch\",\"url\":\"https:\\\/\\\/schweizversand.ch\\\/fr\\\/\",\"logo\":{\"@type\":\"ImageObject\",\"inLanguage\":\"fr-FR\",\"@id\":\"https:\\\/\\\/schweizversand.ch\\\/fr\\\/#\\\/schema\\\/logo\\\/image\\\/\",\"url\":\"https:\\\/\\\/schweizversand.ch\\\/wp-content\\\/uploads\\\/2026\\\/03\\\/Logo_Rund_Final-1.png\",\"contentUrl\":\"https:\\\/\\\/schweizversand.ch\\\/wp-content\\\/uploads\\\/2026\\\/03\\\/Logo_Rund_Final-1.png\",\"width\":404,\"height\":404,\"caption\":\"Schweizversand.ch\"},\"image\":{\"@id\":\"https:\\\/\\\/schweizversand.ch\\\/fr\\\/#\\\/schema\\\/logo\\\/image\\\/\"},\"sameAs\":[\"https:\\\/\\\/www.facebook.com\\\/Schweizversand\",\"https:\\\/\\\/www.instagram.com\\\/schweizversand.ch\\\/\"]}]}<\/script>\n<!-- \/ Yoast SEO plugin. -->","yoast_head_json":{"title":"Jilong Schwimmring \u201eBunter Glitzerring\u201c","description":"Bunter Glitzer Schwimmring \u00d8 90 cm \u2013 Glitzernder Badespa\u00df f\u00fcr Kinder ab 9 Jahren\u00a0 Der Schwimmring \u201eBunte Glitzerring\u201c (\u00d8 90 cm) bringt Farbe und Glamour in jede","robots":{"index":"index","follow":"follow","max-snippet":"max-snippet:-1","max-image-preview":"max-image-preview:large","max-video-preview":"max-video-preview:-1"},"canonical":"https:\/\/schweizversand.ch\/fr\/produkt\/jilong-schwimmring-bunter-glitzerring\/","og_locale":"fr_FR","og_type":"article","og_title":"Jilong Schwimmring \u201eBunter Glitzerring\u201c","og_description":"Bunter Glitzer Schwimmring \u00d8 90 cm \u2013 Glitzernder Badespa\u00df f\u00fcr Kinder ab 9 Jahren\u00a0 Der Schwimmring \u201eBunte Glitzerring\u201c (\u00d8 90 cm) bringt Farbe und Glamour in jede","og_url":"https:\/\/schweizversand.ch\/fr\/produkt\/jilong-schwimmring-bunter-glitzerring\/","og_site_name":"Schweizer Shop f\u00fcr Sport, Spiel und Freizeit","article_publisher":"https:\/\/www.facebook.com\/Schweizversand","article_modified_time":"2026-04-11T13:33:53+00:00","twitter_card":"summary_large_image","twitter_misc":{"Dur\u00e9e de lecture estim\u00e9e":"1 minute"},"schema":{"@context":"https:\/\/schema.org","@graph":[{"@type":"WebPage","@id":"https:\/\/schweizversand.ch\/fr\/produkt\/jilong-schwimmring-bunter-glitzerring\/","url":"https:\/\/schweizversand.ch\/fr\/produkt\/jilong-schwimmring-bunter-glitzerring\/","name":"Jilong Schwimmring \u201eBunter Glitzerring\u201c","isPartOf":{"@id":"https:\/\/schweizversand.ch\/fr\/#website"},"primaryImageOfPage":{"@id":"https:\/\/schweizversand.ch\/fr\/produkt\/jilong-schwimmring-bunter-glitzerring\/#primaryimage"},"image":{"@id":"https:\/\/schweizversand.ch\/fr\/produkt\/jilong-schwimmring-bunter-glitzerring\/#primaryimage"},"thumbnailUrl":"https:\/\/schweizversand.ch\/wp-content\/uploads\/2026\/04\/5471927065.png","datePublished":"2026-04-11T00:00:27+00:00","dateModified":"2026-04-11T13:33:53+00:00","description":"Bunter Glitzer Schwimmring \u00d8 90 cm \u2013 Glitzernder Badespa\u00df f\u00fcr Kinder ab 9 Jahren\u00a0 Der Schwimmring \u201eBunte Glitzerring\u201c (\u00d8 90 cm) bringt Farbe und Glamour in jede","breadcrumb":{"@id":"https:\/\/schweizversand.ch\/fr\/produkt\/jilong-schwimmring-bunter-glitzerring\/#breadcrumb"},"inLanguage":"fr-FR","potentialAction":[{"@type":"ReadAction","target":["https:\/\/schweizversand.ch\/fr\/produkt\/jilong-schwimmring-bunter-glitzerring\/"]}]},{"@type":"ImageObject","inLanguage":"fr-FR","@id":"https:\/\/schweizversand.ch\/fr\/produkt\/jilong-schwimmring-bunter-glitzerring\/#primaryimage","url":"https:\/\/schweizversand.ch\/wp-content\/uploads\/2026\/04\/5471927065.png","contentUrl":"https:\/\/schweizversand.ch\/wp-content\/uploads\/2026\/04\/5471927065.png","width":1024,"height":680},{"@type":"BreadcrumbList","@id":"https:\/\/schweizversand.ch\/fr\/produkt\/jilong-schwimmring-bunter-glitzerring\/#breadcrumb","itemListElement":[{"@type":"ListItem","position":1,"name":"Startseite","item":"https:\/\/schweizversand.ch\/fr\/"},{"@type":"ListItem","position":2,"name":"Boutique","item":"https:\/\/schweizversand.ch\/fr\/boutique\/"},{"@type":"ListItem","position":3,"name":"Bou\u00e9e Jilong \u00ab bague \u00e0 paillettes color\u00e9es \u00bb"}]},{"@type":"WebSite","@id":"https:\/\/schweizversand.ch\/fr\/#website","url":"https:\/\/schweizversand.ch\/fr\/","name":"Schweizer Shop f\u00fcr Sport, Spiel und Freizeit","description":"Gratisversand ab 50.- (netto), ab eigenem schweizer Lager, Lieferung innert 48h","publisher":{"@id":"https:\/\/schweizversand.ch\/fr\/#organization"},"alternateName":"Schweizversand.ch","potentialAction":[{"@type":"SearchAction","target":{"@type":"EntryPoint","urlTemplate":"https:\/\/schweizversand.ch\/fr\/?s={search_term_string}"},"query-input":{"@type":"PropertyValueSpecification","valueRequired":true,"valueName":"search_term_string"}}],"inLanguage":"fr-FR"},{"@type":"Organization","@id":"https:\/\/schweizversand.ch\/fr\/#organization","name":"Schweizversand.ch","url":"https:\/\/schweizversand.ch\/fr\/","logo":{"@type":"ImageObject","inLanguage":"fr-FR","@id":"https:\/\/schweizversand.ch\/fr\/#\/schema\/logo\/image\/","url":"https:\/\/schweizversand.ch\/wp-content\/uploads\/2026\/03\/Logo_Rund_Final-1.png","contentUrl":"https:\/\/schweizversand.ch\/wp-content\/uploads\/2026\/03\/Logo_Rund_Final-1.png","width":404,"height":404,"caption":"Schweizversand.ch"},"image":{"@id":"https:\/\/schweizversand.ch\/fr\/#\/schema\/logo\/image\/"},"sameAs":["https:\/\/www.facebook.com\/Schweizversand","https:\/\/www.instagram.com\/schweizversand.ch\/"]}]}},"jetpack_sharing_enabled":true,"_links":{"self":[{"href":"https:\/\/schweizversand.ch\/fr\/wp-json\/wp\/v2\/product\/264100","targetHints":{"allow":["GET"]}}],"collection":[{"href":"https:\/\/schweizversand.ch\/fr\/wp-json\/wp\/v2\/product"}],"about":[{"href":"https:\/\/schweizversand.ch\/fr\/wp-json\/wp\/v2\/types\/product"}],"replies":[{"embeddable":true,"href":"https:\/\/schweizversand.ch\/fr\/wp-json\/wp\/v2\/comments?post=264100"}],"wp:featuredmedia":[{"embeddable":true,"href":"https:\/\/schweizversand.ch\/fr\/wp-json\/wp\/v2\/media\/265057"}],"wp:attachment":[{"href":"https:\/\/schweizversand.ch\/fr\/wp-json\/wp\/v2\/media?parent=264100"}],"wp:term":[{"taxonomy":"product_brand","embeddable":true,"href":"https:\/\/schweizversand.ch\/fr\/wp-json\/wp\/v2\/product_brand?post=264100"},{"taxonomy":"product_cat","embeddable":true,"href":"https:\/\/schweizversand.ch\/fr\/wp-json\/wp\/v2\/product_cat?post=264100"},{"taxonomy":"product_tag","embeddable":true,"href":"https:\/\/schweizversand.ch\/fr\/wp-json\/wp\/v2\/product_tag?post=264100"}],"curies":[{"name":"wp","href":"https:\/\/api.w.org\/{rel}","templated":true}]}}