{"id":264112,"date":"2026-04-11T02:00:28","date_gmt":"2026-04-11T00:00:28","guid":{"rendered":"https:\/\/schweizversand.ch\/produkt\/jilong-daisy-ball-2\/"},"modified":"2026-04-11T15:33:53","modified_gmt":"2026-04-11T13:33:53","slug":"jilong-daisy-ball","status":"publish","type":"product","link":"https:\/\/schweizversand.ch\/fr\/produkt\/jilong-daisy-ball\/","title":{"rendered":"Boule de marguerite Jilong"},"content":{"rendered":"<p>Ballon \u00e0 eau \u00ab\u00a0Marguerite\u00a0\u00bb \u2013 Gonflable 50\u00a0cm, motif chrysanth\u00e8me rafra\u00eechissant<br \/>Le ballon \u00e0 eau \u00ab\u00a0Marguerite\u00a0\u00bb est l\u2019accessoire id\u00e9al pour l\u2019\u00e9t\u00e9, les garden-parties et les jeux \u00e0 la plage. Avec un diam\u00e8tre de 50\u00a0cm une fois gonfl\u00e9, il garantit des heures d\u2019amusement pour petits et grands. Points forts\u00a0: Id\u00e9al pour l\u2019\u00e9t\u00e9, la piscine, la plage et le jardin\u00a0; Facile \u00e0 transporter et \u00e0 ranger\u00a0; Parfait pour les anniversaires d\u2019enfants, les pique-niques ou les f\u00eates en plein air\u00a0; Mat\u00e9riau de haute qualit\u00e9\u00a0: Fabriqu\u00e9 en vinyle r\u00e9sistant, le ballon est particuli\u00e8rement robuste et durable \u2013 id\u00e9al pour toutes vos activit\u00e9s estivales. Rendez votre \u00e9t\u00e9 encore plus color\u00e9 et joyeux avec le ballon \u00e0 eau \u00ab\u00a0Marguerite\u00a0\u00bb \u2013 l\u2019accessoire parfait pour toutes vos activit\u00e9s estivales\u00a0! Couleur non s\u00e9lectionnable. Les livraisons sont assorties dans la mesure du possible, dans la limite des stocks disponibles. Prix \u00e0 l\u2019unit\u00e9.<\/p>\n","protected":false},"excerpt":{"rendered":"<p>Jilong Daisy Ball ist ein 50 cm gro\u00dfer, robuster Wasserballon mit fr\u00f6hlichem Chrysanthemen-Design \u2013 perfekt f\u00fcr Sommer, Pool, Strand und unvergesslichen Spielspa\u00df!<\/p>\n","protected":false},"featured_media":265083,"comment_status":"open","ping_status":"closed","template":"","meta":[],"product_brand":[],"product_cat":[38366],"product_tag":[],"class_list":{"0":"post-264112","1":"product","2":"type-product","3":"status-publish","4":"has-post-thumbnail","6":"product_cat-wasserspielzeug","7":"product_shipping_class-global_methods","9":"first","10":"instock","11":"taxable","12":"shipping-taxable","13":"purchasable","14":"product-type-simple"},"yoast_head":"<!-- This site is optimized with the Yoast SEO plugin v27.3 - https:\/\/yoast.com\/product\/yoast-seo-wordpress\/ -->\n<title>Jilong Daisy Ball<\/title>\n<meta name=\"description\" content=\"Wasserballon \u201eDaisy\u201c \u2013 50 cm aufblasbar, erfrischendes Chrysanthemen-Design\u00a0 Der Wasserballon \u201eDaisy\u201c ist das perfekte Accessoire f\u00fcr Sommer, Gartenpartys und S\" \/>\n<meta name=\"robots\" content=\"index, follow, max-snippet:-1, max-image-preview:large, max-video-preview:-1\" \/>\n<link rel=\"canonical\" href=\"https:\/\/schweizversand.ch\/fr\/produkt\/jilong-daisy-ball\/\" \/>\n<meta property=\"og:locale\" content=\"fr_FR\" \/>\n<meta property=\"og:type\" content=\"article\" \/>\n<meta property=\"og:title\" content=\"Jilong Daisy Ball\" \/>\n<meta property=\"og:description\" content=\"Wasserballon \u201eDaisy\u201c \u2013 50 cm aufblasbar, erfrischendes Chrysanthemen-Design\u00a0 Der Wasserballon \u201eDaisy\u201c ist das perfekte Accessoire f\u00fcr Sommer, Gartenpartys und S\" \/>\n<meta property=\"og:url\" content=\"https:\/\/schweizversand.ch\/fr\/produkt\/jilong-daisy-ball\/\" \/>\n<meta property=\"og:site_name\" content=\"Schweizer Shop f\u00fcr Sport, Spiel und Freizeit\" \/>\n<meta property=\"article:publisher\" content=\"https:\/\/www.facebook.com\/Schweizversand\" \/>\n<meta property=\"article:modified_time\" content=\"2026-04-11T13:33:53+00:00\" \/>\n<meta property=\"og:image\" content=\"https:\/\/schweizversand.ch\/wp-content\/uploads\/2026\/04\/5471972707.png\" \/>\n\t<meta property=\"og:image:width\" content=\"1024\" \/>\n\t<meta property=\"og:image:height\" content=\"680\" \/>\n\t<meta property=\"og:image:type\" content=\"image\/png\" \/>\n<meta name=\"twitter:card\" content=\"summary_large_image\" \/>\n<meta name=\"twitter:label1\" content=\"Dur\u00e9e de lecture estim\u00e9e\" \/>\n\t<meta name=\"twitter:data1\" content=\"1 minute\" \/>\n<script type=\"application\/ld+json\" class=\"yoast-schema-graph\">{\"@context\":\"https:\\\/\\\/schema.org\",\"@graph\":[{\"@type\":\"WebPage\",\"@id\":\"https:\\\/\\\/schweizversand.ch\\\/fr\\\/produkt\\\/jilong-daisy-ball\\\/\",\"url\":\"https:\\\/\\\/schweizversand.ch\\\/fr\\\/produkt\\\/jilong-daisy-ball\\\/\",\"name\":\"Jilong Daisy Ball\",\"isPartOf\":{\"@id\":\"https:\\\/\\\/schweizversand.ch\\\/fr\\\/#website\"},\"primaryImageOfPage\":{\"@id\":\"https:\\\/\\\/schweizversand.ch\\\/fr\\\/produkt\\\/jilong-daisy-ball\\\/#primaryimage\"},\"image\":{\"@id\":\"https:\\\/\\\/schweizversand.ch\\\/fr\\\/produkt\\\/jilong-daisy-ball\\\/#primaryimage\"},\"thumbnailUrl\":\"https:\\\/\\\/schweizversand.ch\\\/wp-content\\\/uploads\\\/2026\\\/04\\\/5471972707.png\",\"datePublished\":\"2026-04-11T00:00:28+00:00\",\"dateModified\":\"2026-04-11T13:33:53+00:00\",\"description\":\"Wasserballon \u201eDaisy\u201c \u2013 50 cm aufblasbar, erfrischendes Chrysanthemen-Design\u00a0 Der Wasserballon \u201eDaisy\u201c ist das perfekte Accessoire f\u00fcr Sommer, Gartenpartys und S\",\"breadcrumb\":{\"@id\":\"https:\\\/\\\/schweizversand.ch\\\/fr\\\/produkt\\\/jilong-daisy-ball\\\/#breadcrumb\"},\"inLanguage\":\"fr-FR\",\"potentialAction\":[{\"@type\":\"ReadAction\",\"target\":[\"https:\\\/\\\/schweizversand.ch\\\/fr\\\/produkt\\\/jilong-daisy-ball\\\/\"]}]},{\"@type\":\"ImageObject\",\"inLanguage\":\"fr-FR\",\"@id\":\"https:\\\/\\\/schweizversand.ch\\\/fr\\\/produkt\\\/jilong-daisy-ball\\\/#primaryimage\",\"url\":\"https:\\\/\\\/schweizversand.ch\\\/wp-content\\\/uploads\\\/2026\\\/04\\\/5471972707.png\",\"contentUrl\":\"https:\\\/\\\/schweizversand.ch\\\/wp-content\\\/uploads\\\/2026\\\/04\\\/5471972707.png\",\"width\":1024,\"height\":680},{\"@type\":\"BreadcrumbList\",\"@id\":\"https:\\\/\\\/schweizversand.ch\\\/fr\\\/produkt\\\/jilong-daisy-ball\\\/#breadcrumb\",\"itemListElement\":[{\"@type\":\"ListItem\",\"position\":1,\"name\":\"Startseite\",\"item\":\"https:\\\/\\\/schweizversand.ch\\\/fr\\\/\"},{\"@type\":\"ListItem\",\"position\":2,\"name\":\"Boutique\",\"item\":\"https:\\\/\\\/schweizversand.ch\\\/fr\\\/boutique\\\/\"},{\"@type\":\"ListItem\",\"position\":3,\"name\":\"Boule de marguerite Jilong\"}]},{\"@type\":\"WebSite\",\"@id\":\"https:\\\/\\\/schweizversand.ch\\\/fr\\\/#website\",\"url\":\"https:\\\/\\\/schweizversand.ch\\\/fr\\\/\",\"name\":\"Schweizer Shop f\u00fcr Sport, Spiel und Freizeit\",\"description\":\"Gratisversand ab 50.- (netto), ab eigenem schweizer Lager, Lieferung innert 48h\",\"publisher\":{\"@id\":\"https:\\\/\\\/schweizversand.ch\\\/fr\\\/#organization\"},\"alternateName\":\"Schweizversand.ch\",\"potentialAction\":[{\"@type\":\"SearchAction\",\"target\":{\"@type\":\"EntryPoint\",\"urlTemplate\":\"https:\\\/\\\/schweizversand.ch\\\/fr\\\/?s={search_term_string}\"},\"query-input\":{\"@type\":\"PropertyValueSpecification\",\"valueRequired\":true,\"valueName\":\"search_term_string\"}}],\"inLanguage\":\"fr-FR\"},{\"@type\":\"Organization\",\"@id\":\"https:\\\/\\\/schweizversand.ch\\\/fr\\\/#organization\",\"name\":\"Schweizversand.ch\",\"url\":\"https:\\\/\\\/schweizversand.ch\\\/fr\\\/\",\"logo\":{\"@type\":\"ImageObject\",\"inLanguage\":\"fr-FR\",\"@id\":\"https:\\\/\\\/schweizversand.ch\\\/fr\\\/#\\\/schema\\\/logo\\\/image\\\/\",\"url\":\"https:\\\/\\\/schweizversand.ch\\\/wp-content\\\/uploads\\\/2026\\\/03\\\/Logo_Rund_Final-1.png\",\"contentUrl\":\"https:\\\/\\\/schweizversand.ch\\\/wp-content\\\/uploads\\\/2026\\\/03\\\/Logo_Rund_Final-1.png\",\"width\":404,\"height\":404,\"caption\":\"Schweizversand.ch\"},\"image\":{\"@id\":\"https:\\\/\\\/schweizversand.ch\\\/fr\\\/#\\\/schema\\\/logo\\\/image\\\/\"},\"sameAs\":[\"https:\\\/\\\/www.facebook.com\\\/Schweizversand\",\"https:\\\/\\\/www.instagram.com\\\/schweizversand.ch\\\/\"]}]}<\/script>\n<!-- \/ Yoast SEO plugin. -->","yoast_head_json":{"title":"Jilong Daisy Ball","description":"Wasserballon \u201eDaisy\u201c \u2013 50 cm aufblasbar, erfrischendes Chrysanthemen-Design\u00a0 Der Wasserballon \u201eDaisy\u201c ist das perfekte Accessoire f\u00fcr Sommer, Gartenpartys und S","robots":{"index":"index","follow":"follow","max-snippet":"max-snippet:-1","max-image-preview":"max-image-preview:large","max-video-preview":"max-video-preview:-1"},"canonical":"https:\/\/schweizversand.ch\/fr\/produkt\/jilong-daisy-ball\/","og_locale":"fr_FR","og_type":"article","og_title":"Jilong Daisy Ball","og_description":"Wasserballon \u201eDaisy\u201c \u2013 50 cm aufblasbar, erfrischendes Chrysanthemen-Design\u00a0 Der Wasserballon \u201eDaisy\u201c ist das perfekte Accessoire f\u00fcr Sommer, Gartenpartys und S","og_url":"https:\/\/schweizversand.ch\/fr\/produkt\/jilong-daisy-ball\/","og_site_name":"Schweizer Shop f\u00fcr Sport, Spiel und Freizeit","article_publisher":"https:\/\/www.facebook.com\/Schweizversand","article_modified_time":"2026-04-11T13:33:53+00:00","og_image":[{"width":1024,"height":680,"url":"https:\/\/schweizversand.ch\/wp-content\/uploads\/2026\/04\/5471972707.png","type":"image\/png"}],"twitter_card":"summary_large_image","twitter_misc":{"Dur\u00e9e de lecture estim\u00e9e":"1 minute"},"schema":{"@context":"https:\/\/schema.org","@graph":[{"@type":"WebPage","@id":"https:\/\/schweizversand.ch\/fr\/produkt\/jilong-daisy-ball\/","url":"https:\/\/schweizversand.ch\/fr\/produkt\/jilong-daisy-ball\/","name":"Jilong Daisy Ball","isPartOf":{"@id":"https:\/\/schweizversand.ch\/fr\/#website"},"primaryImageOfPage":{"@id":"https:\/\/schweizversand.ch\/fr\/produkt\/jilong-daisy-ball\/#primaryimage"},"image":{"@id":"https:\/\/schweizversand.ch\/fr\/produkt\/jilong-daisy-ball\/#primaryimage"},"thumbnailUrl":"https:\/\/schweizversand.ch\/wp-content\/uploads\/2026\/04\/5471972707.png","datePublished":"2026-04-11T00:00:28+00:00","dateModified":"2026-04-11T13:33:53+00:00","description":"Wasserballon \u201eDaisy\u201c \u2013 50 cm aufblasbar, erfrischendes Chrysanthemen-Design\u00a0 Der Wasserballon \u201eDaisy\u201c ist das perfekte Accessoire f\u00fcr Sommer, Gartenpartys und S","breadcrumb":{"@id":"https:\/\/schweizversand.ch\/fr\/produkt\/jilong-daisy-ball\/#breadcrumb"},"inLanguage":"fr-FR","potentialAction":[{"@type":"ReadAction","target":["https:\/\/schweizversand.ch\/fr\/produkt\/jilong-daisy-ball\/"]}]},{"@type":"ImageObject","inLanguage":"fr-FR","@id":"https:\/\/schweizversand.ch\/fr\/produkt\/jilong-daisy-ball\/#primaryimage","url":"https:\/\/schweizversand.ch\/wp-content\/uploads\/2026\/04\/5471972707.png","contentUrl":"https:\/\/schweizversand.ch\/wp-content\/uploads\/2026\/04\/5471972707.png","width":1024,"height":680},{"@type":"BreadcrumbList","@id":"https:\/\/schweizversand.ch\/fr\/produkt\/jilong-daisy-ball\/#breadcrumb","itemListElement":[{"@type":"ListItem","position":1,"name":"Startseite","item":"https:\/\/schweizversand.ch\/fr\/"},{"@type":"ListItem","position":2,"name":"Boutique","item":"https:\/\/schweizversand.ch\/fr\/boutique\/"},{"@type":"ListItem","position":3,"name":"Boule de marguerite Jilong"}]},{"@type":"WebSite","@id":"https:\/\/schweizversand.ch\/fr\/#website","url":"https:\/\/schweizversand.ch\/fr\/","name":"Schweizer Shop f\u00fcr Sport, Spiel und Freizeit","description":"Gratisversand ab 50.- (netto), ab eigenem schweizer Lager, Lieferung innert 48h","publisher":{"@id":"https:\/\/schweizversand.ch\/fr\/#organization"},"alternateName":"Schweizversand.ch","potentialAction":[{"@type":"SearchAction","target":{"@type":"EntryPoint","urlTemplate":"https:\/\/schweizversand.ch\/fr\/?s={search_term_string}"},"query-input":{"@type":"PropertyValueSpecification","valueRequired":true,"valueName":"search_term_string"}}],"inLanguage":"fr-FR"},{"@type":"Organization","@id":"https:\/\/schweizversand.ch\/fr\/#organization","name":"Schweizversand.ch","url":"https:\/\/schweizversand.ch\/fr\/","logo":{"@type":"ImageObject","inLanguage":"fr-FR","@id":"https:\/\/schweizversand.ch\/fr\/#\/schema\/logo\/image\/","url":"https:\/\/schweizversand.ch\/wp-content\/uploads\/2026\/03\/Logo_Rund_Final-1.png","contentUrl":"https:\/\/schweizversand.ch\/wp-content\/uploads\/2026\/03\/Logo_Rund_Final-1.png","width":404,"height":404,"caption":"Schweizversand.ch"},"image":{"@id":"https:\/\/schweizversand.ch\/fr\/#\/schema\/logo\/image\/"},"sameAs":["https:\/\/www.facebook.com\/Schweizversand","https:\/\/www.instagram.com\/schweizversand.ch\/"]}]}},"jetpack_sharing_enabled":true,"_links":{"self":[{"href":"https:\/\/schweizversand.ch\/fr\/wp-json\/wp\/v2\/product\/264112","targetHints":{"allow":["GET"]}}],"collection":[{"href":"https:\/\/schweizversand.ch\/fr\/wp-json\/wp\/v2\/product"}],"about":[{"href":"https:\/\/schweizversand.ch\/fr\/wp-json\/wp\/v2\/types\/product"}],"replies":[{"embeddable":true,"href":"https:\/\/schweizversand.ch\/fr\/wp-json\/wp\/v2\/comments?post=264112"}],"wp:featuredmedia":[{"embeddable":true,"href":"https:\/\/schweizversand.ch\/fr\/wp-json\/wp\/v2\/media\/265083"}],"wp:attachment":[{"href":"https:\/\/schweizversand.ch\/fr\/wp-json\/wp\/v2\/media?parent=264112"}],"wp:term":[{"taxonomy":"product_brand","embeddable":true,"href":"https:\/\/schweizversand.ch\/fr\/wp-json\/wp\/v2\/product_brand?post=264112"},{"taxonomy":"product_cat","embeddable":true,"href":"https:\/\/schweizversand.ch\/fr\/wp-json\/wp\/v2\/product_cat?post=264112"},{"taxonomy":"product_tag","embeddable":true,"href":"https:\/\/schweizversand.ch\/fr\/wp-json\/wp\/v2\/product_tag?post=264112"}],"curies":[{"name":"wp","href":"https:\/\/api.w.org\/{rel}","templated":true}]}}