{"id":264168,"date":"2026-04-11T02:00:30","date_gmt":"2026-04-11T00:00:30","guid":{"rendered":"https:\/\/schweizversand.ch\/produkt\/jilong-schwimmtier-fuchs-2\/"},"modified":"2026-04-11T15:33:53","modified_gmt":"2026-04-11T13:33:53","slug":"jilong-schwimmtier-fuchs-2","status":"publish","type":"product","link":"https:\/\/schweizversand.ch\/fr\/produkt\/jilong-schwimmtier-fuchs-2\/","title":{"rendered":"Renard flottant de Jilong"},"content":{"rendered":"<p>Passez un \u00e9t\u00e9 inoubliable avec notre bou\u00e9e gonflable, con\u00e7ue pour un confort et une s\u00e9curit\u00e9 optimaux. Id\u00e9ale pour la piscine ou la plage !<\/p>\n<p>Passez un \u00e9t\u00e9 inoubliable avec notre bou\u00e9e gonflable, con\u00e7ue pour un confort et une s\u00e9curit\u00e9 optimaux. Id\u00e9ale pour la piscine ou la plage ! \u2022 Dimensions (gonfl\u00e9) : 107 cm x 77 cm x 64 cm \u2013 id\u00e9al pour les petits aventuriers.<\/p>\n<p>\u2022 Dimensions (d\u00e9gonfl\u00e9) : 109 cm x 69 cm \u2013 compact et facile \u00e0 ranger.<\/p>\n<p>\u2022 Mat\u00e9riau durable : Fabriqu\u00e9 en vinyle r\u00e9sistant de 0,22 mm (8,8 ga) pour une durabilit\u00e9 et une stabilit\u00e9 optimales.<\/p>\n<p>\u2022 S\u00e9curit\u00e9 renforc\u00e9e : Deux chambres \u00e0 air offrent une s\u00e9curit\u00e9 accrue, assurant la stabilit\u00e9 du flotteur m\u00eame en cas de l\u00e9g\u00e8re perte d&rsquo;air.<\/p>\n<p>\u2022 Manipulation facile : Deux poign\u00e9es robustes offrent une prise en main s\u00fbre et un contr\u00f4le ais\u00e9.<\/p>\n<p>\u2022 Poids maximal support\u00e9 : Convient aux enfants jusqu&rsquo;\u00e0 45 kg \u2013 parfait pour les petits explorateurs.<\/p>\n<p>\u2022 Kit de r\u00e9paration pratique : Un kit de r\u00e9paration est inclus pour que votre flotteur soit toujours pr\u00eat \u00e0 l&#8217;emploi.<\/p>\n<p>Transformez la piscine en votre propre terrain d&rsquo;aventure gr\u00e2ce \u00e0 un flotteur \u00e0 la fois s\u00fbr et confortable ! Offrez-vous un moment de libert\u00e9 dans l&rsquo;eau ! de l&rsquo;eau !<\/p>\n","protected":false},"excerpt":{"rendered":"<p>Jilong Schwimmtier Fuchs: Robuster, sicherer Poolspa\u00df f\u00fcr Kinder bis 45 kg. Zwei Luftkammern und Griffe garantieren Komfort und Kontrolle im Wasser.<\/p>\n","protected":false},"featured_media":265224,"comment_status":"open","ping_status":"closed","template":"","meta":[],"product_brand":[],"product_cat":[38366],"product_tag":[],"class_list":{"0":"post-264168","1":"product","2":"type-product","3":"status-publish","4":"has-post-thumbnail","6":"product_cat-wasserspielzeug","7":"product_shipping_class-global_methods","9":"first","10":"instock","11":"taxable","12":"shipping-taxable","13":"purchasable","14":"product-type-simple"},"yoast_head":"<!-- This site is optimized with the Yoast SEO plugin v27.3 - https:\/\/yoast.com\/product\/yoast-seo-wordpress\/ -->\n<title>Jilong Schwimmtier Fuchs<\/title>\n<meta name=\"description\" content=\"Mach deinen Sommer unvergesslich \u2013 mit unserem aufblasbaren Schwimmer, der f\u00fcr extra Komfort und Sicherheit sorgt. Perfekt f\u00fcr den Pool oder den Strand! \u2022 Gr\u00f6\u00df\" \/>\n<meta name=\"robots\" content=\"index, follow, max-snippet:-1, max-image-preview:large, max-video-preview:-1\" \/>\n<link rel=\"canonical\" href=\"https:\/\/schweizversand.ch\/fr\/produkt\/jilong-schwimmtier-fuchs-2\/\" \/>\n<meta property=\"og:locale\" content=\"fr_FR\" \/>\n<meta property=\"og:type\" content=\"article\" \/>\n<meta property=\"og:title\" content=\"Jilong Schwimmtier Fuchs\" \/>\n<meta property=\"og:description\" content=\"Mach deinen Sommer unvergesslich \u2013 mit unserem aufblasbaren Schwimmer, der f\u00fcr extra Komfort und Sicherheit sorgt. Perfekt f\u00fcr den Pool oder den Strand! \u2022 Gr\u00f6\u00df\" \/>\n<meta property=\"og:url\" content=\"https:\/\/schweizversand.ch\/fr\/produkt\/jilong-schwimmtier-fuchs-2\/\" \/>\n<meta property=\"og:site_name\" content=\"Schweizer Shop f\u00fcr Sport, Spiel und Freizeit\" \/>\n<meta property=\"article:publisher\" content=\"https:\/\/www.facebook.com\/Schweizversand\" \/>\n<meta property=\"article:modified_time\" content=\"2026-04-11T13:33:53+00:00\" \/>\n<meta property=\"og:image\" content=\"https:\/\/schweizversand.ch\/wp-content\/uploads\/2026\/04\/5471777367.jpg\" \/>\n\t<meta property=\"og:image:width\" content=\"1024\" \/>\n\t<meta property=\"og:image:height\" content=\"1024\" \/>\n\t<meta property=\"og:image:type\" content=\"image\/jpeg\" \/>\n<meta name=\"twitter:card\" content=\"summary_large_image\" \/>\n<meta name=\"twitter:label1\" content=\"Dur\u00e9e de lecture estim\u00e9e\" \/>\n\t<meta name=\"twitter:data1\" content=\"1 minute\" \/>\n<script type=\"application\/ld+json\" class=\"yoast-schema-graph\">{\"@context\":\"https:\\\/\\\/schema.org\",\"@graph\":[{\"@type\":\"WebPage\",\"@id\":\"https:\\\/\\\/schweizversand.ch\\\/fr\\\/produkt\\\/jilong-schwimmtier-fuchs-2\\\/\",\"url\":\"https:\\\/\\\/schweizversand.ch\\\/fr\\\/produkt\\\/jilong-schwimmtier-fuchs-2\\\/\",\"name\":\"Jilong Schwimmtier Fuchs\",\"isPartOf\":{\"@id\":\"https:\\\/\\\/schweizversand.ch\\\/fr\\\/#website\"},\"primaryImageOfPage\":{\"@id\":\"https:\\\/\\\/schweizversand.ch\\\/fr\\\/produkt\\\/jilong-schwimmtier-fuchs-2\\\/#primaryimage\"},\"image\":{\"@id\":\"https:\\\/\\\/schweizversand.ch\\\/fr\\\/produkt\\\/jilong-schwimmtier-fuchs-2\\\/#primaryimage\"},\"thumbnailUrl\":\"https:\\\/\\\/schweizversand.ch\\\/wp-content\\\/uploads\\\/2026\\\/04\\\/5471777367.jpg\",\"datePublished\":\"2026-04-11T00:00:30+00:00\",\"dateModified\":\"2026-04-11T13:33:53+00:00\",\"description\":\"Mach deinen Sommer unvergesslich \u2013 mit unserem aufblasbaren Schwimmer, der f\u00fcr extra Komfort und Sicherheit sorgt. Perfekt f\u00fcr den Pool oder den Strand! \u2022 Gr\u00f6\u00df\",\"breadcrumb\":{\"@id\":\"https:\\\/\\\/schweizversand.ch\\\/fr\\\/produkt\\\/jilong-schwimmtier-fuchs-2\\\/#breadcrumb\"},\"inLanguage\":\"fr-FR\",\"potentialAction\":[{\"@type\":\"ReadAction\",\"target\":[\"https:\\\/\\\/schweizversand.ch\\\/fr\\\/produkt\\\/jilong-schwimmtier-fuchs-2\\\/\"]}]},{\"@type\":\"ImageObject\",\"inLanguage\":\"fr-FR\",\"@id\":\"https:\\\/\\\/schweizversand.ch\\\/fr\\\/produkt\\\/jilong-schwimmtier-fuchs-2\\\/#primaryimage\",\"url\":\"https:\\\/\\\/schweizversand.ch\\\/wp-content\\\/uploads\\\/2026\\\/04\\\/5471777367.jpg\",\"contentUrl\":\"https:\\\/\\\/schweizversand.ch\\\/wp-content\\\/uploads\\\/2026\\\/04\\\/5471777367.jpg\",\"width\":1024,\"height\":1024},{\"@type\":\"BreadcrumbList\",\"@id\":\"https:\\\/\\\/schweizversand.ch\\\/fr\\\/produkt\\\/jilong-schwimmtier-fuchs-2\\\/#breadcrumb\",\"itemListElement\":[{\"@type\":\"ListItem\",\"position\":1,\"name\":\"Startseite\",\"item\":\"https:\\\/\\\/schweizversand.ch\\\/fr\\\/\"},{\"@type\":\"ListItem\",\"position\":2,\"name\":\"Boutique\",\"item\":\"https:\\\/\\\/schweizversand.ch\\\/fr\\\/boutique\\\/\"},{\"@type\":\"ListItem\",\"position\":3,\"name\":\"Renard flottant de Jilong\"}]},{\"@type\":\"WebSite\",\"@id\":\"https:\\\/\\\/schweizversand.ch\\\/fr\\\/#website\",\"url\":\"https:\\\/\\\/schweizversand.ch\\\/fr\\\/\",\"name\":\"Schweizer Shop f\u00fcr Sport, Spiel und Freizeit\",\"description\":\"Gratisversand ab 50.- (netto), ab eigenem schweizer Lager, Lieferung innert 48h\",\"publisher\":{\"@id\":\"https:\\\/\\\/schweizversand.ch\\\/fr\\\/#organization\"},\"alternateName\":\"Schweizversand.ch\",\"potentialAction\":[{\"@type\":\"SearchAction\",\"target\":{\"@type\":\"EntryPoint\",\"urlTemplate\":\"https:\\\/\\\/schweizversand.ch\\\/fr\\\/?s={search_term_string}\"},\"query-input\":{\"@type\":\"PropertyValueSpecification\",\"valueRequired\":true,\"valueName\":\"search_term_string\"}}],\"inLanguage\":\"fr-FR\"},{\"@type\":\"Organization\",\"@id\":\"https:\\\/\\\/schweizversand.ch\\\/fr\\\/#organization\",\"name\":\"Schweizversand.ch\",\"url\":\"https:\\\/\\\/schweizversand.ch\\\/fr\\\/\",\"logo\":{\"@type\":\"ImageObject\",\"inLanguage\":\"fr-FR\",\"@id\":\"https:\\\/\\\/schweizversand.ch\\\/fr\\\/#\\\/schema\\\/logo\\\/image\\\/\",\"url\":\"https:\\\/\\\/schweizversand.ch\\\/wp-content\\\/uploads\\\/2026\\\/03\\\/Logo_Rund_Final-1.png\",\"contentUrl\":\"https:\\\/\\\/schweizversand.ch\\\/wp-content\\\/uploads\\\/2026\\\/03\\\/Logo_Rund_Final-1.png\",\"width\":404,\"height\":404,\"caption\":\"Schweizversand.ch\"},\"image\":{\"@id\":\"https:\\\/\\\/schweizversand.ch\\\/fr\\\/#\\\/schema\\\/logo\\\/image\\\/\"},\"sameAs\":[\"https:\\\/\\\/www.facebook.com\\\/Schweizversand\",\"https:\\\/\\\/www.instagram.com\\\/schweizversand.ch\\\/\"]}]}<\/script>\n<!-- \/ Yoast SEO plugin. -->","yoast_head_json":{"title":"Jilong Schwimmtier Fuchs","description":"Mach deinen Sommer unvergesslich \u2013 mit unserem aufblasbaren Schwimmer, der f\u00fcr extra Komfort und Sicherheit sorgt. Perfekt f\u00fcr den Pool oder den Strand! \u2022 Gr\u00f6\u00df","robots":{"index":"index","follow":"follow","max-snippet":"max-snippet:-1","max-image-preview":"max-image-preview:large","max-video-preview":"max-video-preview:-1"},"canonical":"https:\/\/schweizversand.ch\/fr\/produkt\/jilong-schwimmtier-fuchs-2\/","og_locale":"fr_FR","og_type":"article","og_title":"Jilong Schwimmtier Fuchs","og_description":"Mach deinen Sommer unvergesslich \u2013 mit unserem aufblasbaren Schwimmer, der f\u00fcr extra Komfort und Sicherheit sorgt. Perfekt f\u00fcr den Pool oder den Strand! \u2022 Gr\u00f6\u00df","og_url":"https:\/\/schweizversand.ch\/fr\/produkt\/jilong-schwimmtier-fuchs-2\/","og_site_name":"Schweizer Shop f\u00fcr Sport, Spiel und Freizeit","article_publisher":"https:\/\/www.facebook.com\/Schweizversand","article_modified_time":"2026-04-11T13:33:53+00:00","og_image":[{"width":1024,"height":1024,"url":"https:\/\/schweizversand.ch\/wp-content\/uploads\/2026\/04\/5471777367.jpg","type":"image\/jpeg"}],"twitter_card":"summary_large_image","twitter_misc":{"Dur\u00e9e de lecture estim\u00e9e":"1 minute"},"schema":{"@context":"https:\/\/schema.org","@graph":[{"@type":"WebPage","@id":"https:\/\/schweizversand.ch\/fr\/produkt\/jilong-schwimmtier-fuchs-2\/","url":"https:\/\/schweizversand.ch\/fr\/produkt\/jilong-schwimmtier-fuchs-2\/","name":"Jilong Schwimmtier Fuchs","isPartOf":{"@id":"https:\/\/schweizversand.ch\/fr\/#website"},"primaryImageOfPage":{"@id":"https:\/\/schweizversand.ch\/fr\/produkt\/jilong-schwimmtier-fuchs-2\/#primaryimage"},"image":{"@id":"https:\/\/schweizversand.ch\/fr\/produkt\/jilong-schwimmtier-fuchs-2\/#primaryimage"},"thumbnailUrl":"https:\/\/schweizversand.ch\/wp-content\/uploads\/2026\/04\/5471777367.jpg","datePublished":"2026-04-11T00:00:30+00:00","dateModified":"2026-04-11T13:33:53+00:00","description":"Mach deinen Sommer unvergesslich \u2013 mit unserem aufblasbaren Schwimmer, der f\u00fcr extra Komfort und Sicherheit sorgt. Perfekt f\u00fcr den Pool oder den Strand! \u2022 Gr\u00f6\u00df","breadcrumb":{"@id":"https:\/\/schweizversand.ch\/fr\/produkt\/jilong-schwimmtier-fuchs-2\/#breadcrumb"},"inLanguage":"fr-FR","potentialAction":[{"@type":"ReadAction","target":["https:\/\/schweizversand.ch\/fr\/produkt\/jilong-schwimmtier-fuchs-2\/"]}]},{"@type":"ImageObject","inLanguage":"fr-FR","@id":"https:\/\/schweizversand.ch\/fr\/produkt\/jilong-schwimmtier-fuchs-2\/#primaryimage","url":"https:\/\/schweizversand.ch\/wp-content\/uploads\/2026\/04\/5471777367.jpg","contentUrl":"https:\/\/schweizversand.ch\/wp-content\/uploads\/2026\/04\/5471777367.jpg","width":1024,"height":1024},{"@type":"BreadcrumbList","@id":"https:\/\/schweizversand.ch\/fr\/produkt\/jilong-schwimmtier-fuchs-2\/#breadcrumb","itemListElement":[{"@type":"ListItem","position":1,"name":"Startseite","item":"https:\/\/schweizversand.ch\/fr\/"},{"@type":"ListItem","position":2,"name":"Boutique","item":"https:\/\/schweizversand.ch\/fr\/boutique\/"},{"@type":"ListItem","position":3,"name":"Renard flottant de Jilong"}]},{"@type":"WebSite","@id":"https:\/\/schweizversand.ch\/fr\/#website","url":"https:\/\/schweizversand.ch\/fr\/","name":"Schweizer Shop f\u00fcr Sport, Spiel und Freizeit","description":"Gratisversand ab 50.- (netto), ab eigenem schweizer Lager, Lieferung innert 48h","publisher":{"@id":"https:\/\/schweizversand.ch\/fr\/#organization"},"alternateName":"Schweizversand.ch","potentialAction":[{"@type":"SearchAction","target":{"@type":"EntryPoint","urlTemplate":"https:\/\/schweizversand.ch\/fr\/?s={search_term_string}"},"query-input":{"@type":"PropertyValueSpecification","valueRequired":true,"valueName":"search_term_string"}}],"inLanguage":"fr-FR"},{"@type":"Organization","@id":"https:\/\/schweizversand.ch\/fr\/#organization","name":"Schweizversand.ch","url":"https:\/\/schweizversand.ch\/fr\/","logo":{"@type":"ImageObject","inLanguage":"fr-FR","@id":"https:\/\/schweizversand.ch\/fr\/#\/schema\/logo\/image\/","url":"https:\/\/schweizversand.ch\/wp-content\/uploads\/2026\/03\/Logo_Rund_Final-1.png","contentUrl":"https:\/\/schweizversand.ch\/wp-content\/uploads\/2026\/03\/Logo_Rund_Final-1.png","width":404,"height":404,"caption":"Schweizversand.ch"},"image":{"@id":"https:\/\/schweizversand.ch\/fr\/#\/schema\/logo\/image\/"},"sameAs":["https:\/\/www.facebook.com\/Schweizversand","https:\/\/www.instagram.com\/schweizversand.ch\/"]}]}},"jetpack_sharing_enabled":true,"_links":{"self":[{"href":"https:\/\/schweizversand.ch\/fr\/wp-json\/wp\/v2\/product\/264168","targetHints":{"allow":["GET"]}}],"collection":[{"href":"https:\/\/schweizversand.ch\/fr\/wp-json\/wp\/v2\/product"}],"about":[{"href":"https:\/\/schweizversand.ch\/fr\/wp-json\/wp\/v2\/types\/product"}],"replies":[{"embeddable":true,"href":"https:\/\/schweizversand.ch\/fr\/wp-json\/wp\/v2\/comments?post=264168"}],"wp:featuredmedia":[{"embeddable":true,"href":"https:\/\/schweizversand.ch\/fr\/wp-json\/wp\/v2\/media\/265224"}],"wp:attachment":[{"href":"https:\/\/schweizversand.ch\/fr\/wp-json\/wp\/v2\/media?parent=264168"}],"wp:term":[{"taxonomy":"product_brand","embeddable":true,"href":"https:\/\/schweizversand.ch\/fr\/wp-json\/wp\/v2\/product_brand?post=264168"},{"taxonomy":"product_cat","embeddable":true,"href":"https:\/\/schweizversand.ch\/fr\/wp-json\/wp\/v2\/product_cat?post=264168"},{"taxonomy":"product_tag","embeddable":true,"href":"https:\/\/schweizversand.ch\/fr\/wp-json\/wp\/v2\/product_tag?post=264168"}],"curies":[{"name":"wp","href":"https:\/\/api.w.org\/{rel}","templated":true}]}}