{"id":264174,"date":"2026-04-11T02:00:30","date_gmt":"2026-04-11T00:00:30","guid":{"rendered":"https:\/\/schweizversand.ch\/produkt\/jilong-schwimmring-einhorn-2\/"},"modified":"2026-04-11T15:33:53","modified_gmt":"2026-04-11T13:33:53","slug":"jilong-schwimmring-einhorn-2","status":"publish","type":"product","link":"https:\/\/schweizversand.ch\/fr\/produkt\/jilong-schwimmring-einhorn-2\/","title":{"rendered":"Bou\u00e9e licorne Jilong"},"content":{"rendered":"<p>Des moments magiques dans l&rsquo;eau avec la bou\u00e9e licorne !<\/p>\n<p>Faites de votre \u00e9t\u00e9 un v\u00e9ritable conte de f\u00e9es ! Notre bou\u00e9e licorne, avec son diam\u00e8tre g\u00e9n\u00e9reux de 115 cm, est la compagne id\u00e9ale pour votre prochaine journ\u00e9e \u00e0 la piscine ou \u00e0 la plage.<\/p>\n<p>\u2022 Taille : Avec un diam\u00e8tre de 115 cm, la bou\u00e9e offre un confort optimal et garantit des heures de plaisir.<\/p>\n<p>\u2022 Design enchanteur : Le motif licorne transforme chaque aventure aquatique en une exp\u00e9rience magique. Un accessoire qui ne manquera pas d&rsquo;attirer les regards !<\/p>\n<p>\u2022 R\u00e9sistante et stable : Fabriqu\u00e9e dans un mat\u00e9riau robuste, la bou\u00e9e est particuli\u00e8rement r\u00e9sistante et supporte m\u00eame les journ\u00e9es d&rsquo;\u00e9t\u00e9 les plus intenses.<\/p>\n<p>Que ce soit pour des moments de d\u00e9tente dans l&rsquo;eau ou pour s&rsquo;amuser en famille, la bou\u00e9e licorne est le partenaire id\u00e9al pour des souvenirs d&rsquo;\u00e9t\u00e9 inoubliables.<\/p>\n<p>Offrez-vous votre bou\u00e9e magique d\u00e8s maintenant et glissez sur l&rsquo;eau comme une licorne !<\/p>\n","protected":false},"excerpt":{"rendered":"<p>Jilong Schwimmring Einhorn: Magischer Wasserspa\u00df mit 115 cm Durchmesser, robustem Material und zauberhaftem Design \u2013 perfekt f\u00fcr unvergessliche Sommermomente am Pool und Strand!<\/p>\n","protected":false},"featured_media":265227,"comment_status":"open","ping_status":"closed","template":"","meta":[],"product_brand":[],"product_cat":[38366],"product_tag":[],"class_list":{"0":"post-264174","1":"product","2":"type-product","3":"status-publish","4":"has-post-thumbnail","6":"product_cat-wasserspielzeug","7":"product_shipping_class-global_methods","9":"first","10":"instock","11":"taxable","12":"shipping-taxable","13":"purchasable","14":"product-type-simple"},"yoast_head":"<!-- This site is optimized with the Yoast SEO plugin v27.3 - https:\/\/yoast.com\/product\/yoast-seo-wordpress\/ -->\n<title>Jilong Schwimmring Einhorn<\/title>\n<meta name=\"description\" content=\"Magischer Spa\u00df im Wasser \u2013 mit dem Einhorn-Schwimmring!\u00a0 Mach deinen Sommer zu einem echten M\u00e4rchen! Unser Einhorn-Schwimmring mit einem gro\u00dfz\u00fcgigen Durchmesse\" \/>\n<meta name=\"robots\" content=\"index, follow, max-snippet:-1, max-image-preview:large, max-video-preview:-1\" \/>\n<link rel=\"canonical\" href=\"https:\/\/schweizversand.ch\/fr\/produkt\/jilong-schwimmring-einhorn-2\/\" \/>\n<meta property=\"og:locale\" content=\"fr_FR\" \/>\n<meta property=\"og:type\" content=\"article\" \/>\n<meta property=\"og:title\" content=\"Jilong Schwimmring Einhorn\" \/>\n<meta property=\"og:description\" content=\"Magischer Spa\u00df im Wasser \u2013 mit dem Einhorn-Schwimmring!\u00a0 Mach deinen Sommer zu einem echten M\u00e4rchen! Unser Einhorn-Schwimmring mit einem gro\u00dfz\u00fcgigen Durchmesse\" \/>\n<meta property=\"og:url\" content=\"https:\/\/schweizversand.ch\/fr\/produkt\/jilong-schwimmring-einhorn-2\/\" \/>\n<meta property=\"og:site_name\" content=\"Schweizer Shop f\u00fcr Sport, Spiel und Freizeit\" \/>\n<meta property=\"article:publisher\" content=\"https:\/\/www.facebook.com\/Schweizversand\" \/>\n<meta property=\"article:modified_time\" content=\"2026-04-11T13:33:53+00:00\" \/>\n<meta name=\"twitter:card\" content=\"summary_large_image\" \/>\n<meta name=\"twitter:label1\" content=\"Dur\u00e9e de lecture estim\u00e9e\" \/>\n\t<meta name=\"twitter:data1\" content=\"1 minute\" \/>\n<script type=\"application\/ld+json\" class=\"yoast-schema-graph\">{\"@context\":\"https:\\\/\\\/schema.org\",\"@graph\":[{\"@type\":\"WebPage\",\"@id\":\"https:\\\/\\\/schweizversand.ch\\\/fr\\\/produkt\\\/jilong-schwimmring-einhorn-2\\\/\",\"url\":\"https:\\\/\\\/schweizversand.ch\\\/fr\\\/produkt\\\/jilong-schwimmring-einhorn-2\\\/\",\"name\":\"Jilong Schwimmring Einhorn\",\"isPartOf\":{\"@id\":\"https:\\\/\\\/schweizversand.ch\\\/fr\\\/#website\"},\"primaryImageOfPage\":{\"@id\":\"https:\\\/\\\/schweizversand.ch\\\/fr\\\/produkt\\\/jilong-schwimmring-einhorn-2\\\/#primaryimage\"},\"image\":{\"@id\":\"https:\\\/\\\/schweizversand.ch\\\/fr\\\/produkt\\\/jilong-schwimmring-einhorn-2\\\/#primaryimage\"},\"thumbnailUrl\":\"https:\\\/\\\/schweizversand.ch\\\/wp-content\\\/uploads\\\/2026\\\/04\\\/5471776453.jpg\",\"datePublished\":\"2026-04-11T00:00:30+00:00\",\"dateModified\":\"2026-04-11T13:33:53+00:00\",\"description\":\"Magischer Spa\u00df im Wasser \u2013 mit dem Einhorn-Schwimmring!\u00a0 Mach deinen Sommer zu einem echten M\u00e4rchen! Unser Einhorn-Schwimmring mit einem gro\u00dfz\u00fcgigen Durchmesse\",\"breadcrumb\":{\"@id\":\"https:\\\/\\\/schweizversand.ch\\\/fr\\\/produkt\\\/jilong-schwimmring-einhorn-2\\\/#breadcrumb\"},\"inLanguage\":\"fr-FR\",\"potentialAction\":[{\"@type\":\"ReadAction\",\"target\":[\"https:\\\/\\\/schweizversand.ch\\\/fr\\\/produkt\\\/jilong-schwimmring-einhorn-2\\\/\"]}]},{\"@type\":\"ImageObject\",\"inLanguage\":\"fr-FR\",\"@id\":\"https:\\\/\\\/schweizversand.ch\\\/fr\\\/produkt\\\/jilong-schwimmring-einhorn-2\\\/#primaryimage\",\"url\":\"https:\\\/\\\/schweizversand.ch\\\/wp-content\\\/uploads\\\/2026\\\/04\\\/5471776453.jpg\",\"contentUrl\":\"https:\\\/\\\/schweizversand.ch\\\/wp-content\\\/uploads\\\/2026\\\/04\\\/5471776453.jpg\",\"width\":1024,\"height\":1024},{\"@type\":\"BreadcrumbList\",\"@id\":\"https:\\\/\\\/schweizversand.ch\\\/fr\\\/produkt\\\/jilong-schwimmring-einhorn-2\\\/#breadcrumb\",\"itemListElement\":[{\"@type\":\"ListItem\",\"position\":1,\"name\":\"Startseite\",\"item\":\"https:\\\/\\\/schweizversand.ch\\\/fr\\\/\"},{\"@type\":\"ListItem\",\"position\":2,\"name\":\"Boutique\",\"item\":\"https:\\\/\\\/schweizversand.ch\\\/fr\\\/boutique\\\/\"},{\"@type\":\"ListItem\",\"position\":3,\"name\":\"Bou\u00e9e licorne Jilong\"}]},{\"@type\":\"WebSite\",\"@id\":\"https:\\\/\\\/schweizversand.ch\\\/fr\\\/#website\",\"url\":\"https:\\\/\\\/schweizversand.ch\\\/fr\\\/\",\"name\":\"Schweizer Shop f\u00fcr Sport, Spiel und Freizeit\",\"description\":\"Gratisversand ab 50.- (netto), ab eigenem schweizer Lager, Lieferung innert 48h\",\"publisher\":{\"@id\":\"https:\\\/\\\/schweizversand.ch\\\/fr\\\/#organization\"},\"alternateName\":\"Schweizversand.ch\",\"potentialAction\":[{\"@type\":\"SearchAction\",\"target\":{\"@type\":\"EntryPoint\",\"urlTemplate\":\"https:\\\/\\\/schweizversand.ch\\\/fr\\\/?s={search_term_string}\"},\"query-input\":{\"@type\":\"PropertyValueSpecification\",\"valueRequired\":true,\"valueName\":\"search_term_string\"}}],\"inLanguage\":\"fr-FR\"},{\"@type\":\"Organization\",\"@id\":\"https:\\\/\\\/schweizversand.ch\\\/fr\\\/#organization\",\"name\":\"Schweizversand.ch\",\"url\":\"https:\\\/\\\/schweizversand.ch\\\/fr\\\/\",\"logo\":{\"@type\":\"ImageObject\",\"inLanguage\":\"fr-FR\",\"@id\":\"https:\\\/\\\/schweizversand.ch\\\/fr\\\/#\\\/schema\\\/logo\\\/image\\\/\",\"url\":\"https:\\\/\\\/schweizversand.ch\\\/wp-content\\\/uploads\\\/2026\\\/03\\\/Logo_Rund_Final-1.png\",\"contentUrl\":\"https:\\\/\\\/schweizversand.ch\\\/wp-content\\\/uploads\\\/2026\\\/03\\\/Logo_Rund_Final-1.png\",\"width\":404,\"height\":404,\"caption\":\"Schweizversand.ch\"},\"image\":{\"@id\":\"https:\\\/\\\/schweizversand.ch\\\/fr\\\/#\\\/schema\\\/logo\\\/image\\\/\"},\"sameAs\":[\"https:\\\/\\\/www.facebook.com\\\/Schweizversand\",\"https:\\\/\\\/www.instagram.com\\\/schweizversand.ch\\\/\"]}]}<\/script>\n<!-- \/ Yoast SEO plugin. -->","yoast_head_json":{"title":"Jilong Schwimmring Einhorn","description":"Magischer Spa\u00df im Wasser \u2013 mit dem Einhorn-Schwimmring!\u00a0 Mach deinen Sommer zu einem echten M\u00e4rchen! Unser Einhorn-Schwimmring mit einem gro\u00dfz\u00fcgigen Durchmesse","robots":{"index":"index","follow":"follow","max-snippet":"max-snippet:-1","max-image-preview":"max-image-preview:large","max-video-preview":"max-video-preview:-1"},"canonical":"https:\/\/schweizversand.ch\/fr\/produkt\/jilong-schwimmring-einhorn-2\/","og_locale":"fr_FR","og_type":"article","og_title":"Jilong Schwimmring Einhorn","og_description":"Magischer Spa\u00df im Wasser \u2013 mit dem Einhorn-Schwimmring!\u00a0 Mach deinen Sommer zu einem echten M\u00e4rchen! Unser Einhorn-Schwimmring mit einem gro\u00dfz\u00fcgigen Durchmesse","og_url":"https:\/\/schweizversand.ch\/fr\/produkt\/jilong-schwimmring-einhorn-2\/","og_site_name":"Schweizer Shop f\u00fcr Sport, Spiel und Freizeit","article_publisher":"https:\/\/www.facebook.com\/Schweizversand","article_modified_time":"2026-04-11T13:33:53+00:00","twitter_card":"summary_large_image","twitter_misc":{"Dur\u00e9e de lecture estim\u00e9e":"1 minute"},"schema":{"@context":"https:\/\/schema.org","@graph":[{"@type":"WebPage","@id":"https:\/\/schweizversand.ch\/fr\/produkt\/jilong-schwimmring-einhorn-2\/","url":"https:\/\/schweizversand.ch\/fr\/produkt\/jilong-schwimmring-einhorn-2\/","name":"Jilong Schwimmring Einhorn","isPartOf":{"@id":"https:\/\/schweizversand.ch\/fr\/#website"},"primaryImageOfPage":{"@id":"https:\/\/schweizversand.ch\/fr\/produkt\/jilong-schwimmring-einhorn-2\/#primaryimage"},"image":{"@id":"https:\/\/schweizversand.ch\/fr\/produkt\/jilong-schwimmring-einhorn-2\/#primaryimage"},"thumbnailUrl":"https:\/\/schweizversand.ch\/wp-content\/uploads\/2026\/04\/5471776453.jpg","datePublished":"2026-04-11T00:00:30+00:00","dateModified":"2026-04-11T13:33:53+00:00","description":"Magischer Spa\u00df im Wasser \u2013 mit dem Einhorn-Schwimmring!\u00a0 Mach deinen Sommer zu einem echten M\u00e4rchen! Unser Einhorn-Schwimmring mit einem gro\u00dfz\u00fcgigen Durchmesse","breadcrumb":{"@id":"https:\/\/schweizversand.ch\/fr\/produkt\/jilong-schwimmring-einhorn-2\/#breadcrumb"},"inLanguage":"fr-FR","potentialAction":[{"@type":"ReadAction","target":["https:\/\/schweizversand.ch\/fr\/produkt\/jilong-schwimmring-einhorn-2\/"]}]},{"@type":"ImageObject","inLanguage":"fr-FR","@id":"https:\/\/schweizversand.ch\/fr\/produkt\/jilong-schwimmring-einhorn-2\/#primaryimage","url":"https:\/\/schweizversand.ch\/wp-content\/uploads\/2026\/04\/5471776453.jpg","contentUrl":"https:\/\/schweizversand.ch\/wp-content\/uploads\/2026\/04\/5471776453.jpg","width":1024,"height":1024},{"@type":"BreadcrumbList","@id":"https:\/\/schweizversand.ch\/fr\/produkt\/jilong-schwimmring-einhorn-2\/#breadcrumb","itemListElement":[{"@type":"ListItem","position":1,"name":"Startseite","item":"https:\/\/schweizversand.ch\/fr\/"},{"@type":"ListItem","position":2,"name":"Boutique","item":"https:\/\/schweizversand.ch\/fr\/boutique\/"},{"@type":"ListItem","position":3,"name":"Bou\u00e9e licorne Jilong"}]},{"@type":"WebSite","@id":"https:\/\/schweizversand.ch\/fr\/#website","url":"https:\/\/schweizversand.ch\/fr\/","name":"Schweizer Shop f\u00fcr Sport, Spiel und Freizeit","description":"Gratisversand ab 50.- (netto), ab eigenem schweizer Lager, Lieferung innert 48h","publisher":{"@id":"https:\/\/schweizversand.ch\/fr\/#organization"},"alternateName":"Schweizversand.ch","potentialAction":[{"@type":"SearchAction","target":{"@type":"EntryPoint","urlTemplate":"https:\/\/schweizversand.ch\/fr\/?s={search_term_string}"},"query-input":{"@type":"PropertyValueSpecification","valueRequired":true,"valueName":"search_term_string"}}],"inLanguage":"fr-FR"},{"@type":"Organization","@id":"https:\/\/schweizversand.ch\/fr\/#organization","name":"Schweizversand.ch","url":"https:\/\/schweizversand.ch\/fr\/","logo":{"@type":"ImageObject","inLanguage":"fr-FR","@id":"https:\/\/schweizversand.ch\/fr\/#\/schema\/logo\/image\/","url":"https:\/\/schweizversand.ch\/wp-content\/uploads\/2026\/03\/Logo_Rund_Final-1.png","contentUrl":"https:\/\/schweizversand.ch\/wp-content\/uploads\/2026\/03\/Logo_Rund_Final-1.png","width":404,"height":404,"caption":"Schweizversand.ch"},"image":{"@id":"https:\/\/schweizversand.ch\/fr\/#\/schema\/logo\/image\/"},"sameAs":["https:\/\/www.facebook.com\/Schweizversand","https:\/\/www.instagram.com\/schweizversand.ch\/"]}]}},"jetpack_sharing_enabled":true,"_links":{"self":[{"href":"https:\/\/schweizversand.ch\/fr\/wp-json\/wp\/v2\/product\/264174","targetHints":{"allow":["GET"]}}],"collection":[{"href":"https:\/\/schweizversand.ch\/fr\/wp-json\/wp\/v2\/product"}],"about":[{"href":"https:\/\/schweizversand.ch\/fr\/wp-json\/wp\/v2\/types\/product"}],"replies":[{"embeddable":true,"href":"https:\/\/schweizversand.ch\/fr\/wp-json\/wp\/v2\/comments?post=264174"}],"wp:featuredmedia":[{"embeddable":true,"href":"https:\/\/schweizversand.ch\/fr\/wp-json\/wp\/v2\/media\/265227"}],"wp:attachment":[{"href":"https:\/\/schweizversand.ch\/fr\/wp-json\/wp\/v2\/media?parent=264174"}],"wp:term":[{"taxonomy":"product_brand","embeddable":true,"href":"https:\/\/schweizversand.ch\/fr\/wp-json\/wp\/v2\/product_brand?post=264174"},{"taxonomy":"product_cat","embeddable":true,"href":"https:\/\/schweizversand.ch\/fr\/wp-json\/wp\/v2\/product_cat?post=264174"},{"taxonomy":"product_tag","embeddable":true,"href":"https:\/\/schweizversand.ch\/fr\/wp-json\/wp\/v2\/product_tag?post=264174"}],"curies":[{"name":"wp","href":"https:\/\/api.w.org\/{rel}","templated":true}]}}