{"id":264188,"date":"2026-04-11T02:00:31","date_gmt":"2026-04-11T00:00:31","guid":{"rendered":"https:\/\/schweizversand.ch\/produkt\/jilong-hai-wurfspiel\/"},"modified":"2026-04-11T15:33:54","modified_gmt":"2026-04-11T13:33:54","slug":"jilong-hai-wurfspiel-2","status":"publish","type":"product","link":"https:\/\/schweizversand.ch\/fr\/produkt\/jilong-hai-wurfspiel-2\/","title":{"rendered":"Jeu de lancer de requins Jilong"},"content":{"rendered":"<p>Jeu de lancer de requin gonflable pour enfants \u00e0 partir de 3 ans. Ce jeu offre des heures d&rsquo;amusement dans l&rsquo;eau. Mesurant 43 \u00d7 73 \u00d7 67 cm (une fois gonfl\u00e9), le requin gonflable est stable et parfaitement adapt\u00e9 aux enfants. L&rsquo;aileron de requin peut servir de cible, tandis que la base remplie d&rsquo;eau assure une stabilit\u00e9 accrue.<br \/>Jeux et amusement<br \/>Comprend 4 anneaux de lancer pour un plaisir imm\u00e9diat<br \/>Favorise la dext\u00e9rit\u00e9, la pr\u00e9cision et la coordination<br \/>Id\u00e9al pour la piscine, le jardin ou les f\u00eates aquatiques<br \/>D\u00e9tails du produit<br \/>\u00c2ge recommand\u00e9\u00a0: 3\u00a0ans et plus<br \/>Dimensions (gonfl\u00e9)\u00a0: 43\u00a0\u00d7\u00a073\u00a0\u00d7\u00a067\u00a0cm (17\u00a0\u00d7\u00a028,5\u00a0\u00d7\u00a026\u00a0pouces)<br \/>Inclus\u00a0: Kit de r\u00e9paration<br \/>Points forts<br \/>Remplissage \u00e0 l&rsquo;eau pour une base stable<br \/>Gonflable, facile \u00e0 transporter et \u00e0 installer<br \/>Parfait pour la piscine, le jardin ou les f\u00eates d&rsquo;\u00e9t\u00e9<br \/>Adapt\u00e9 aux enfants, s\u00fbr et robuste<br \/>Avec le jeu de lancer d&rsquo;anneaux de requin, chaque journ\u00e9e d&rsquo;\u00e9t\u00e9 devient une exp\u00e9rience amusante et interactive pour les enfants\u00a0!<\/p>\n<\/div>\n","protected":false},"excerpt":{"rendered":"<p>Jilong Hai-Wurfspiel bietet stabilen, aufblasbaren Spielspa\u00df mit Wasserf\u00fcllung, 4 Wurfringen und kinderfreundlichem Design \u2013 ideal f\u00fcr Pool, Garten und Sommerpartys.<\/p>\n","protected":false},"featured_media":265272,"comment_status":"open","ping_status":"closed","template":"","meta":[],"product_brand":[],"product_cat":[38366],"product_tag":[],"class_list":{"0":"post-264188","1":"product","2":"type-product","3":"status-publish","4":"has-post-thumbnail","6":"product_cat-wasserspielzeug","7":"product_shipping_class-global_methods","9":"first","10":"instock","11":"taxable","12":"shipping-taxable","13":"purchasable","14":"product-type-simple"},"yoast_head":"<!-- This site is optimized with the Yoast SEO plugin v27.3 - https:\/\/yoast.com\/product\/yoast-seo-wordpress\/ -->\n<title>Jilong Hai-Wurfspiel<\/title>\n<meta name=\"description\" content=\"Hai-Wurfspiel \u2013 Aufblasbares Wurfspiel f\u00fcr Kinder ab 3 Jahren\u00a0 Das Hai-Wurfspiel sorgt f\u00fcr spannenden Spielspa\u00df im Wasser. Mit den Ma\u00dfen 43 \u00d7 73 \u00d7 67 cm (aufgeb\" \/>\n<meta name=\"robots\" content=\"index, follow, max-snippet:-1, max-image-preview:large, max-video-preview:-1\" \/>\n<link rel=\"canonical\" href=\"https:\/\/schweizversand.ch\/fr\/produkt\/jilong-hai-wurfspiel-2\/\" \/>\n<meta property=\"og:locale\" content=\"fr_FR\" \/>\n<meta property=\"og:type\" content=\"article\" \/>\n<meta property=\"og:title\" content=\"Jilong Hai-Wurfspiel\" \/>\n<meta property=\"og:description\" content=\"Hai-Wurfspiel \u2013 Aufblasbares Wurfspiel f\u00fcr Kinder ab 3 Jahren\u00a0 Das Hai-Wurfspiel sorgt f\u00fcr spannenden Spielspa\u00df im Wasser. Mit den Ma\u00dfen 43 \u00d7 73 \u00d7 67 cm (aufgeb\" \/>\n<meta property=\"og:url\" content=\"https:\/\/schweizversand.ch\/fr\/produkt\/jilong-hai-wurfspiel-2\/\" \/>\n<meta property=\"og:site_name\" content=\"Schweizer Shop f\u00fcr Sport, Spiel und Freizeit\" \/>\n<meta property=\"article:publisher\" content=\"https:\/\/www.facebook.com\/Schweizversand\" \/>\n<meta property=\"article:modified_time\" content=\"2026-04-11T13:33:54+00:00\" \/>\n<meta property=\"og:image\" content=\"https:\/\/schweizversand.ch\/wp-content\/uploads\/2026\/04\/5471975010.jpg\" \/>\n\t<meta property=\"og:image:width\" content=\"1024\" \/>\n\t<meta property=\"og:image:height\" content=\"1024\" \/>\n\t<meta property=\"og:image:type\" content=\"image\/jpeg\" \/>\n<meta name=\"twitter:card\" content=\"summary_large_image\" \/>\n<meta name=\"twitter:label1\" content=\"Dur\u00e9e de lecture estim\u00e9e\" \/>\n\t<meta name=\"twitter:data1\" content=\"1 minute\" \/>\n<script type=\"application\/ld+json\" class=\"yoast-schema-graph\">{\"@context\":\"https:\\\/\\\/schema.org\",\"@graph\":[{\"@type\":\"WebPage\",\"@id\":\"https:\\\/\\\/schweizversand.ch\\\/fr\\\/produkt\\\/jilong-hai-wurfspiel-2\\\/\",\"url\":\"https:\\\/\\\/schweizversand.ch\\\/fr\\\/produkt\\\/jilong-hai-wurfspiel-2\\\/\",\"name\":\"Jilong Hai-Wurfspiel\",\"isPartOf\":{\"@id\":\"https:\\\/\\\/schweizversand.ch\\\/fr\\\/#website\"},\"primaryImageOfPage\":{\"@id\":\"https:\\\/\\\/schweizversand.ch\\\/fr\\\/produkt\\\/jilong-hai-wurfspiel-2\\\/#primaryimage\"},\"image\":{\"@id\":\"https:\\\/\\\/schweizversand.ch\\\/fr\\\/produkt\\\/jilong-hai-wurfspiel-2\\\/#primaryimage\"},\"thumbnailUrl\":\"https:\\\/\\\/schweizversand.ch\\\/wp-content\\\/uploads\\\/2026\\\/04\\\/5471975010.jpg\",\"datePublished\":\"2026-04-11T00:00:31+00:00\",\"dateModified\":\"2026-04-11T13:33:54+00:00\",\"description\":\"Hai-Wurfspiel \u2013 Aufblasbares Wurfspiel f\u00fcr Kinder ab 3 Jahren\u00a0 Das Hai-Wurfspiel sorgt f\u00fcr spannenden Spielspa\u00df im Wasser. Mit den Ma\u00dfen 43 \u00d7 73 \u00d7 67 cm (aufgeb\",\"breadcrumb\":{\"@id\":\"https:\\\/\\\/schweizversand.ch\\\/fr\\\/produkt\\\/jilong-hai-wurfspiel-2\\\/#breadcrumb\"},\"inLanguage\":\"fr-FR\",\"potentialAction\":[{\"@type\":\"ReadAction\",\"target\":[\"https:\\\/\\\/schweizversand.ch\\\/fr\\\/produkt\\\/jilong-hai-wurfspiel-2\\\/\"]}]},{\"@type\":\"ImageObject\",\"inLanguage\":\"fr-FR\",\"@id\":\"https:\\\/\\\/schweizversand.ch\\\/fr\\\/produkt\\\/jilong-hai-wurfspiel-2\\\/#primaryimage\",\"url\":\"https:\\\/\\\/schweizversand.ch\\\/wp-content\\\/uploads\\\/2026\\\/04\\\/5471975010.jpg\",\"contentUrl\":\"https:\\\/\\\/schweizversand.ch\\\/wp-content\\\/uploads\\\/2026\\\/04\\\/5471975010.jpg\",\"width\":1024,\"height\":1024},{\"@type\":\"BreadcrumbList\",\"@id\":\"https:\\\/\\\/schweizversand.ch\\\/fr\\\/produkt\\\/jilong-hai-wurfspiel-2\\\/#breadcrumb\",\"itemListElement\":[{\"@type\":\"ListItem\",\"position\":1,\"name\":\"Startseite\",\"item\":\"https:\\\/\\\/schweizversand.ch\\\/fr\\\/\"},{\"@type\":\"ListItem\",\"position\":2,\"name\":\"Boutique\",\"item\":\"https:\\\/\\\/schweizversand.ch\\\/fr\\\/boutique\\\/\"},{\"@type\":\"ListItem\",\"position\":3,\"name\":\"Jeu de lancer de requins Jilong\"}]},{\"@type\":\"WebSite\",\"@id\":\"https:\\\/\\\/schweizversand.ch\\\/fr\\\/#website\",\"url\":\"https:\\\/\\\/schweizversand.ch\\\/fr\\\/\",\"name\":\"Schweizer Shop f\u00fcr Sport, Spiel und Freizeit\",\"description\":\"Gratisversand ab 50.- (netto), ab eigenem schweizer Lager, Lieferung innert 48h\",\"publisher\":{\"@id\":\"https:\\\/\\\/schweizversand.ch\\\/fr\\\/#organization\"},\"alternateName\":\"Schweizversand.ch\",\"potentialAction\":[{\"@type\":\"SearchAction\",\"target\":{\"@type\":\"EntryPoint\",\"urlTemplate\":\"https:\\\/\\\/schweizversand.ch\\\/fr\\\/?s={search_term_string}\"},\"query-input\":{\"@type\":\"PropertyValueSpecification\",\"valueRequired\":true,\"valueName\":\"search_term_string\"}}],\"inLanguage\":\"fr-FR\"},{\"@type\":\"Organization\",\"@id\":\"https:\\\/\\\/schweizversand.ch\\\/fr\\\/#organization\",\"name\":\"Schweizversand.ch\",\"url\":\"https:\\\/\\\/schweizversand.ch\\\/fr\\\/\",\"logo\":{\"@type\":\"ImageObject\",\"inLanguage\":\"fr-FR\",\"@id\":\"https:\\\/\\\/schweizversand.ch\\\/fr\\\/#\\\/schema\\\/logo\\\/image\\\/\",\"url\":\"https:\\\/\\\/schweizversand.ch\\\/wp-content\\\/uploads\\\/2026\\\/03\\\/Logo_Rund_Final-1.png\",\"contentUrl\":\"https:\\\/\\\/schweizversand.ch\\\/wp-content\\\/uploads\\\/2026\\\/03\\\/Logo_Rund_Final-1.png\",\"width\":404,\"height\":404,\"caption\":\"Schweizversand.ch\"},\"image\":{\"@id\":\"https:\\\/\\\/schweizversand.ch\\\/fr\\\/#\\\/schema\\\/logo\\\/image\\\/\"},\"sameAs\":[\"https:\\\/\\\/www.facebook.com\\\/Schweizversand\",\"https:\\\/\\\/www.instagram.com\\\/schweizversand.ch\\\/\"]}]}<\/script>\n<!-- \/ Yoast SEO plugin. -->","yoast_head_json":{"title":"Jilong Hai-Wurfspiel","description":"Hai-Wurfspiel \u2013 Aufblasbares Wurfspiel f\u00fcr Kinder ab 3 Jahren\u00a0 Das Hai-Wurfspiel sorgt f\u00fcr spannenden Spielspa\u00df im Wasser. Mit den Ma\u00dfen 43 \u00d7 73 \u00d7 67 cm (aufgeb","robots":{"index":"index","follow":"follow","max-snippet":"max-snippet:-1","max-image-preview":"max-image-preview:large","max-video-preview":"max-video-preview:-1"},"canonical":"https:\/\/schweizversand.ch\/fr\/produkt\/jilong-hai-wurfspiel-2\/","og_locale":"fr_FR","og_type":"article","og_title":"Jilong Hai-Wurfspiel","og_description":"Hai-Wurfspiel \u2013 Aufblasbares Wurfspiel f\u00fcr Kinder ab 3 Jahren\u00a0 Das Hai-Wurfspiel sorgt f\u00fcr spannenden Spielspa\u00df im Wasser. Mit den Ma\u00dfen 43 \u00d7 73 \u00d7 67 cm (aufgeb","og_url":"https:\/\/schweizversand.ch\/fr\/produkt\/jilong-hai-wurfspiel-2\/","og_site_name":"Schweizer Shop f\u00fcr Sport, Spiel und Freizeit","article_publisher":"https:\/\/www.facebook.com\/Schweizversand","article_modified_time":"2026-04-11T13:33:54+00:00","og_image":[{"width":1024,"height":1024,"url":"https:\/\/schweizversand.ch\/wp-content\/uploads\/2026\/04\/5471975010.jpg","type":"image\/jpeg"}],"twitter_card":"summary_large_image","twitter_misc":{"Dur\u00e9e de lecture estim\u00e9e":"1 minute"},"schema":{"@context":"https:\/\/schema.org","@graph":[{"@type":"WebPage","@id":"https:\/\/schweizversand.ch\/fr\/produkt\/jilong-hai-wurfspiel-2\/","url":"https:\/\/schweizversand.ch\/fr\/produkt\/jilong-hai-wurfspiel-2\/","name":"Jilong Hai-Wurfspiel","isPartOf":{"@id":"https:\/\/schweizversand.ch\/fr\/#website"},"primaryImageOfPage":{"@id":"https:\/\/schweizversand.ch\/fr\/produkt\/jilong-hai-wurfspiel-2\/#primaryimage"},"image":{"@id":"https:\/\/schweizversand.ch\/fr\/produkt\/jilong-hai-wurfspiel-2\/#primaryimage"},"thumbnailUrl":"https:\/\/schweizversand.ch\/wp-content\/uploads\/2026\/04\/5471975010.jpg","datePublished":"2026-04-11T00:00:31+00:00","dateModified":"2026-04-11T13:33:54+00:00","description":"Hai-Wurfspiel \u2013 Aufblasbares Wurfspiel f\u00fcr Kinder ab 3 Jahren\u00a0 Das Hai-Wurfspiel sorgt f\u00fcr spannenden Spielspa\u00df im Wasser. Mit den Ma\u00dfen 43 \u00d7 73 \u00d7 67 cm (aufgeb","breadcrumb":{"@id":"https:\/\/schweizversand.ch\/fr\/produkt\/jilong-hai-wurfspiel-2\/#breadcrumb"},"inLanguage":"fr-FR","potentialAction":[{"@type":"ReadAction","target":["https:\/\/schweizversand.ch\/fr\/produkt\/jilong-hai-wurfspiel-2\/"]}]},{"@type":"ImageObject","inLanguage":"fr-FR","@id":"https:\/\/schweizversand.ch\/fr\/produkt\/jilong-hai-wurfspiel-2\/#primaryimage","url":"https:\/\/schweizversand.ch\/wp-content\/uploads\/2026\/04\/5471975010.jpg","contentUrl":"https:\/\/schweizversand.ch\/wp-content\/uploads\/2026\/04\/5471975010.jpg","width":1024,"height":1024},{"@type":"BreadcrumbList","@id":"https:\/\/schweizversand.ch\/fr\/produkt\/jilong-hai-wurfspiel-2\/#breadcrumb","itemListElement":[{"@type":"ListItem","position":1,"name":"Startseite","item":"https:\/\/schweizversand.ch\/fr\/"},{"@type":"ListItem","position":2,"name":"Boutique","item":"https:\/\/schweizversand.ch\/fr\/boutique\/"},{"@type":"ListItem","position":3,"name":"Jeu de lancer de requins Jilong"}]},{"@type":"WebSite","@id":"https:\/\/schweizversand.ch\/fr\/#website","url":"https:\/\/schweizversand.ch\/fr\/","name":"Schweizer Shop f\u00fcr Sport, Spiel und Freizeit","description":"Gratisversand ab 50.- (netto), ab eigenem schweizer Lager, Lieferung innert 48h","publisher":{"@id":"https:\/\/schweizversand.ch\/fr\/#organization"},"alternateName":"Schweizversand.ch","potentialAction":[{"@type":"SearchAction","target":{"@type":"EntryPoint","urlTemplate":"https:\/\/schweizversand.ch\/fr\/?s={search_term_string}"},"query-input":{"@type":"PropertyValueSpecification","valueRequired":true,"valueName":"search_term_string"}}],"inLanguage":"fr-FR"},{"@type":"Organization","@id":"https:\/\/schweizversand.ch\/fr\/#organization","name":"Schweizversand.ch","url":"https:\/\/schweizversand.ch\/fr\/","logo":{"@type":"ImageObject","inLanguage":"fr-FR","@id":"https:\/\/schweizversand.ch\/fr\/#\/schema\/logo\/image\/","url":"https:\/\/schweizversand.ch\/wp-content\/uploads\/2026\/03\/Logo_Rund_Final-1.png","contentUrl":"https:\/\/schweizversand.ch\/wp-content\/uploads\/2026\/03\/Logo_Rund_Final-1.png","width":404,"height":404,"caption":"Schweizversand.ch"},"image":{"@id":"https:\/\/schweizversand.ch\/fr\/#\/schema\/logo\/image\/"},"sameAs":["https:\/\/www.facebook.com\/Schweizversand","https:\/\/www.instagram.com\/schweizversand.ch\/"]}]}},"jetpack_sharing_enabled":true,"_links":{"self":[{"href":"https:\/\/schweizversand.ch\/fr\/wp-json\/wp\/v2\/product\/264188","targetHints":{"allow":["GET"]}}],"collection":[{"href":"https:\/\/schweizversand.ch\/fr\/wp-json\/wp\/v2\/product"}],"about":[{"href":"https:\/\/schweizversand.ch\/fr\/wp-json\/wp\/v2\/types\/product"}],"replies":[{"embeddable":true,"href":"https:\/\/schweizversand.ch\/fr\/wp-json\/wp\/v2\/comments?post=264188"}],"wp:featuredmedia":[{"embeddable":true,"href":"https:\/\/schweizversand.ch\/fr\/wp-json\/wp\/v2\/media\/265272"}],"wp:attachment":[{"href":"https:\/\/schweizversand.ch\/fr\/wp-json\/wp\/v2\/media?parent=264188"}],"wp:term":[{"taxonomy":"product_brand","embeddable":true,"href":"https:\/\/schweizversand.ch\/fr\/wp-json\/wp\/v2\/product_brand?post=264188"},{"taxonomy":"product_cat","embeddable":true,"href":"https:\/\/schweizversand.ch\/fr\/wp-json\/wp\/v2\/product_cat?post=264188"},{"taxonomy":"product_tag","embeddable":true,"href":"https:\/\/schweizversand.ch\/fr\/wp-json\/wp\/v2\/product_tag?post=264188"}],"curies":[{"name":"wp","href":"https:\/\/api.w.org\/{rel}","templated":true}]}}