{"id":264190,"date":"2026-04-11T02:00:32","date_gmt":"2026-04-11T00:00:32","guid":{"rendered":"https:\/\/schweizversand.ch\/produkt\/jilong-eis-luftmatratze\/"},"modified":"2026-04-13T02:05:35","modified_gmt":"2026-04-13T00:05:35","slug":"jilong-eis-luftmatratze","status":"publish","type":"product","link":"https:\/\/schweizversand.ch\/fr\/produkt\/jilong-eis-luftmatratze\/","title":{"rendered":"Matelas gonflable Jilong Ice"},"content":{"rendered":"<p>Matelas gonflable Glace \u2013 Un matelas gonflable \u00e9l\u00e9gant au design glac\u00e9<\/p>\n<p>Ce matelas gonflable en forme de glace vous plongera instantan\u00e9ment dans l&rsquo;ambiance estivale\u00a0! Avec sa forme originale de glace sur b\u00e2tonnet, il ne manquera pas d&rsquo;attirer les regards au bord de la piscine, \u00e0 la plage ou au bord d&rsquo;un lac. Gonfl\u00e9, il mesure 177 x 79 x 20\u00a0cm\u00a0; d\u00e9gonfl\u00e9, il mesure 183 x 92\u00a0cm.<\/p>\n<p>Gr\u00e2ce \u00e0 ses deux chambres \u00e0 air s\u00e9par\u00e9es, le matelas offre une s\u00e9curit\u00e9 et une stabilit\u00e9 accrues.<\/p>\n<p> Supportant un poids maximal de 80\u00a0kg, il est id\u00e9al pour les adolescents et les adultes \u00e0 partir de 14\u00a0ans.<\/p>\n<p>D\u00e9tails du produit\u00a0:<\/p>\n<p>Dimensions gonfl\u00e9\u00a0: 177 x 79 x 20 cm<\/p>\n<p>Dimensions d\u00e9gonfl\u00e9\u00a0: 183 x 92 cm<\/p>\n<p>2 chambres \u00e0 air pour une s\u00e9curit\u00e9 accrue<\/p>\n<p>Charge maximale\u00a0: 80 kg<\/p>\n<p>Design original en forme de glace \u00e0 l\u2019eau<\/p>\n<p>Conforme \u00e0 la norme EN ISO 25649 (march\u00e9 europ\u00e9en)<\/p>\n<p>Kit de r\u00e9paration inclus<\/p>\n<p>\u00c0 partir de 14 ans<\/p>\n<p>Que ce soit pour se d\u00e9tendre sur l\u2019eau ou comme accessoire tendance pour l\u2019\u00e9t\u00e9, ce matelas gonflable en forme de glace \u00e0 l\u2019eau est un incontournable pour des moments de plaisir aquatiques tout en style.<\/p>\n","protected":false},"excerpt":{"rendered":"<p>Jilong Eis-Luftmatratze \u00fcberzeugt mit stylischem Eis-Design, 2 Luftkammern f\u00fcr extra Sicherheit und bis 80 kg Belastbarkeit \u2013 perfekt f\u00fcr entspanntes Sommervergn\u00fcgen!<\/p>\n","protected":false},"featured_media":265275,"comment_status":"open","ping_status":"closed","template":"","meta":[],"product_brand":[],"product_cat":[39053],"product_tag":[],"class_list":{"0":"post-264190","1":"product","2":"type-product","3":"status-publish","4":"has-post-thumbnail","6":"product_cat-matelas-pneumatique","7":"product_shipping_class-global_methods","9":"first","10":"instock","11":"taxable","12":"shipping-taxable","13":"purchasable","14":"product-type-simple"},"yoast_head":"<!-- This site is optimized with the Yoast SEO plugin v27.3 - https:\/\/yoast.com\/product\/yoast-seo-wordpress\/ -->\n<title>Jilong Eis-Luftmatratze<\/title>\n<meta name=\"description\" content=\"Eis-Luftmatratze \u2013 stylische Luftmatratze im Eis-Design Die Luftmatratze im Eis-Design sorgt f\u00fcr Sommerfeeling pur! Mit ihrer auff\u00e4lligen Eis-am-Stiel-Form i\" \/>\n<meta name=\"robots\" content=\"index, follow, max-snippet:-1, max-image-preview:large, max-video-preview:-1\" \/>\n<link rel=\"canonical\" href=\"https:\/\/schweizversand.ch\/fr\/produkt\/jilong-eis-luftmatratze\/\" \/>\n<meta property=\"og:locale\" content=\"fr_FR\" \/>\n<meta property=\"og:type\" content=\"article\" \/>\n<meta property=\"og:title\" content=\"Jilong Eis-Luftmatratze\" \/>\n<meta property=\"og:description\" content=\"Eis-Luftmatratze \u2013 stylische Luftmatratze im Eis-Design Die Luftmatratze im Eis-Design sorgt f\u00fcr Sommerfeeling pur! Mit ihrer auff\u00e4lligen Eis-am-Stiel-Form i\" \/>\n<meta property=\"og:url\" content=\"https:\/\/schweizversand.ch\/fr\/produkt\/jilong-eis-luftmatratze\/\" \/>\n<meta property=\"og:site_name\" content=\"Schweizer Shop f\u00fcr Sport, Spiel und Freizeit\" \/>\n<meta property=\"article:publisher\" content=\"https:\/\/www.facebook.com\/Schweizversand\" \/>\n<meta property=\"article:modified_time\" content=\"2026-04-13T00:05:35+00:00\" \/>\n<meta name=\"twitter:card\" content=\"summary_large_image\" \/>\n<meta name=\"twitter:label1\" content=\"Dur\u00e9e de lecture estim\u00e9e\" \/>\n\t<meta name=\"twitter:data1\" content=\"1 minute\" \/>\n<script type=\"application\/ld+json\" class=\"yoast-schema-graph\">{\"@context\":\"https:\\\/\\\/schema.org\",\"@graph\":[{\"@type\":\"WebPage\",\"@id\":\"https:\\\/\\\/schweizversand.ch\\\/fr\\\/produkt\\\/jilong-eis-luftmatratze\\\/\",\"url\":\"https:\\\/\\\/schweizversand.ch\\\/fr\\\/produkt\\\/jilong-eis-luftmatratze\\\/\",\"name\":\"Jilong Eis-Luftmatratze\",\"isPartOf\":{\"@id\":\"https:\\\/\\\/schweizversand.ch\\\/fr\\\/#website\"},\"primaryImageOfPage\":{\"@id\":\"https:\\\/\\\/schweizversand.ch\\\/fr\\\/produkt\\\/jilong-eis-luftmatratze\\\/#primaryimage\"},\"image\":{\"@id\":\"https:\\\/\\\/schweizversand.ch\\\/fr\\\/produkt\\\/jilong-eis-luftmatratze\\\/#primaryimage\"},\"thumbnailUrl\":\"https:\\\/\\\/schweizversand.ch\\\/wp-content\\\/uploads\\\/2026\\\/04\\\/5471982851.png\",\"datePublished\":\"2026-04-11T00:00:32+00:00\",\"dateModified\":\"2026-04-13T00:05:35+00:00\",\"description\":\"Eis-Luftmatratze \u2013 stylische Luftmatratze im Eis-Design Die Luftmatratze im Eis-Design sorgt f\u00fcr Sommerfeeling pur! Mit ihrer auff\u00e4lligen Eis-am-Stiel-Form i\",\"breadcrumb\":{\"@id\":\"https:\\\/\\\/schweizversand.ch\\\/fr\\\/produkt\\\/jilong-eis-luftmatratze\\\/#breadcrumb\"},\"inLanguage\":\"fr-FR\",\"potentialAction\":[{\"@type\":\"ReadAction\",\"target\":[\"https:\\\/\\\/schweizversand.ch\\\/fr\\\/produkt\\\/jilong-eis-luftmatratze\\\/\"]}]},{\"@type\":\"ImageObject\",\"inLanguage\":\"fr-FR\",\"@id\":\"https:\\\/\\\/schweizversand.ch\\\/fr\\\/produkt\\\/jilong-eis-luftmatratze\\\/#primaryimage\",\"url\":\"https:\\\/\\\/schweizversand.ch\\\/wp-content\\\/uploads\\\/2026\\\/04\\\/5471982851.png\",\"contentUrl\":\"https:\\\/\\\/schweizversand.ch\\\/wp-content\\\/uploads\\\/2026\\\/04\\\/5471982851.png\",\"width\":1024,\"height\":680},{\"@type\":\"BreadcrumbList\",\"@id\":\"https:\\\/\\\/schweizversand.ch\\\/fr\\\/produkt\\\/jilong-eis-luftmatratze\\\/#breadcrumb\",\"itemListElement\":[{\"@type\":\"ListItem\",\"position\":1,\"name\":\"Startseite\",\"item\":\"https:\\\/\\\/schweizversand.ch\\\/fr\\\/\"},{\"@type\":\"ListItem\",\"position\":2,\"name\":\"Boutique\",\"item\":\"https:\\\/\\\/schweizversand.ch\\\/fr\\\/boutique\\\/\"},{\"@type\":\"ListItem\",\"position\":3,\"name\":\"Matelas gonflable Jilong Ice\"}]},{\"@type\":\"WebSite\",\"@id\":\"https:\\\/\\\/schweizversand.ch\\\/fr\\\/#website\",\"url\":\"https:\\\/\\\/schweizversand.ch\\\/fr\\\/\",\"name\":\"Schweizer Shop f\u00fcr Sport, Spiel und Freizeit\",\"description\":\"Gratisversand ab 50.- (netto), ab eigenem schweizer Lager, Lieferung innert 48h\",\"publisher\":{\"@id\":\"https:\\\/\\\/schweizversand.ch\\\/fr\\\/#organization\"},\"alternateName\":\"Schweizversand.ch\",\"potentialAction\":[{\"@type\":\"SearchAction\",\"target\":{\"@type\":\"EntryPoint\",\"urlTemplate\":\"https:\\\/\\\/schweizversand.ch\\\/fr\\\/?s={search_term_string}\"},\"query-input\":{\"@type\":\"PropertyValueSpecification\",\"valueRequired\":true,\"valueName\":\"search_term_string\"}}],\"inLanguage\":\"fr-FR\"},{\"@type\":\"Organization\",\"@id\":\"https:\\\/\\\/schweizversand.ch\\\/fr\\\/#organization\",\"name\":\"Schweizversand.ch\",\"url\":\"https:\\\/\\\/schweizversand.ch\\\/fr\\\/\",\"logo\":{\"@type\":\"ImageObject\",\"inLanguage\":\"fr-FR\",\"@id\":\"https:\\\/\\\/schweizversand.ch\\\/fr\\\/#\\\/schema\\\/logo\\\/image\\\/\",\"url\":\"https:\\\/\\\/schweizversand.ch\\\/wp-content\\\/uploads\\\/2026\\\/03\\\/Logo_Rund_Final-1.png\",\"contentUrl\":\"https:\\\/\\\/schweizversand.ch\\\/wp-content\\\/uploads\\\/2026\\\/03\\\/Logo_Rund_Final-1.png\",\"width\":404,\"height\":404,\"caption\":\"Schweizversand.ch\"},\"image\":{\"@id\":\"https:\\\/\\\/schweizversand.ch\\\/fr\\\/#\\\/schema\\\/logo\\\/image\\\/\"},\"sameAs\":[\"https:\\\/\\\/www.facebook.com\\\/Schweizversand\",\"https:\\\/\\\/www.instagram.com\\\/schweizversand.ch\\\/\"]}]}<\/script>\n<!-- \/ Yoast SEO plugin. -->","yoast_head_json":{"title":"Jilong Eis-Luftmatratze","description":"Eis-Luftmatratze \u2013 stylische Luftmatratze im Eis-Design Die Luftmatratze im Eis-Design sorgt f\u00fcr Sommerfeeling pur! Mit ihrer auff\u00e4lligen Eis-am-Stiel-Form i","robots":{"index":"index","follow":"follow","max-snippet":"max-snippet:-1","max-image-preview":"max-image-preview:large","max-video-preview":"max-video-preview:-1"},"canonical":"https:\/\/schweizversand.ch\/fr\/produkt\/jilong-eis-luftmatratze\/","og_locale":"fr_FR","og_type":"article","og_title":"Jilong Eis-Luftmatratze","og_description":"Eis-Luftmatratze \u2013 stylische Luftmatratze im Eis-Design Die Luftmatratze im Eis-Design sorgt f\u00fcr Sommerfeeling pur! Mit ihrer auff\u00e4lligen Eis-am-Stiel-Form i","og_url":"https:\/\/schweizversand.ch\/fr\/produkt\/jilong-eis-luftmatratze\/","og_site_name":"Schweizer Shop f\u00fcr Sport, Spiel und Freizeit","article_publisher":"https:\/\/www.facebook.com\/Schweizversand","article_modified_time":"2026-04-13T00:05:35+00:00","twitter_card":"summary_large_image","twitter_misc":{"Dur\u00e9e de lecture estim\u00e9e":"1 minute"},"schema":{"@context":"https:\/\/schema.org","@graph":[{"@type":"WebPage","@id":"https:\/\/schweizversand.ch\/fr\/produkt\/jilong-eis-luftmatratze\/","url":"https:\/\/schweizversand.ch\/fr\/produkt\/jilong-eis-luftmatratze\/","name":"Jilong Eis-Luftmatratze","isPartOf":{"@id":"https:\/\/schweizversand.ch\/fr\/#website"},"primaryImageOfPage":{"@id":"https:\/\/schweizversand.ch\/fr\/produkt\/jilong-eis-luftmatratze\/#primaryimage"},"image":{"@id":"https:\/\/schweizversand.ch\/fr\/produkt\/jilong-eis-luftmatratze\/#primaryimage"},"thumbnailUrl":"https:\/\/schweizversand.ch\/wp-content\/uploads\/2026\/04\/5471982851.png","datePublished":"2026-04-11T00:00:32+00:00","dateModified":"2026-04-13T00:05:35+00:00","description":"Eis-Luftmatratze \u2013 stylische Luftmatratze im Eis-Design Die Luftmatratze im Eis-Design sorgt f\u00fcr Sommerfeeling pur! Mit ihrer auff\u00e4lligen Eis-am-Stiel-Form i","breadcrumb":{"@id":"https:\/\/schweizversand.ch\/fr\/produkt\/jilong-eis-luftmatratze\/#breadcrumb"},"inLanguage":"fr-FR","potentialAction":[{"@type":"ReadAction","target":["https:\/\/schweizversand.ch\/fr\/produkt\/jilong-eis-luftmatratze\/"]}]},{"@type":"ImageObject","inLanguage":"fr-FR","@id":"https:\/\/schweizversand.ch\/fr\/produkt\/jilong-eis-luftmatratze\/#primaryimage","url":"https:\/\/schweizversand.ch\/wp-content\/uploads\/2026\/04\/5471982851.png","contentUrl":"https:\/\/schweizversand.ch\/wp-content\/uploads\/2026\/04\/5471982851.png","width":1024,"height":680},{"@type":"BreadcrumbList","@id":"https:\/\/schweizversand.ch\/fr\/produkt\/jilong-eis-luftmatratze\/#breadcrumb","itemListElement":[{"@type":"ListItem","position":1,"name":"Startseite","item":"https:\/\/schweizversand.ch\/fr\/"},{"@type":"ListItem","position":2,"name":"Boutique","item":"https:\/\/schweizversand.ch\/fr\/boutique\/"},{"@type":"ListItem","position":3,"name":"Matelas gonflable Jilong Ice"}]},{"@type":"WebSite","@id":"https:\/\/schweizversand.ch\/fr\/#website","url":"https:\/\/schweizversand.ch\/fr\/","name":"Schweizer Shop f\u00fcr Sport, Spiel und Freizeit","description":"Gratisversand ab 50.- (netto), ab eigenem schweizer Lager, Lieferung innert 48h","publisher":{"@id":"https:\/\/schweizversand.ch\/fr\/#organization"},"alternateName":"Schweizversand.ch","potentialAction":[{"@type":"SearchAction","target":{"@type":"EntryPoint","urlTemplate":"https:\/\/schweizversand.ch\/fr\/?s={search_term_string}"},"query-input":{"@type":"PropertyValueSpecification","valueRequired":true,"valueName":"search_term_string"}}],"inLanguage":"fr-FR"},{"@type":"Organization","@id":"https:\/\/schweizversand.ch\/fr\/#organization","name":"Schweizversand.ch","url":"https:\/\/schweizversand.ch\/fr\/","logo":{"@type":"ImageObject","inLanguage":"fr-FR","@id":"https:\/\/schweizversand.ch\/fr\/#\/schema\/logo\/image\/","url":"https:\/\/schweizversand.ch\/wp-content\/uploads\/2026\/03\/Logo_Rund_Final-1.png","contentUrl":"https:\/\/schweizversand.ch\/wp-content\/uploads\/2026\/03\/Logo_Rund_Final-1.png","width":404,"height":404,"caption":"Schweizversand.ch"},"image":{"@id":"https:\/\/schweizversand.ch\/fr\/#\/schema\/logo\/image\/"},"sameAs":["https:\/\/www.facebook.com\/Schweizversand","https:\/\/www.instagram.com\/schweizversand.ch\/"]}]}},"jetpack_sharing_enabled":true,"_links":{"self":[{"href":"https:\/\/schweizversand.ch\/fr\/wp-json\/wp\/v2\/product\/264190","targetHints":{"allow":["GET"]}}],"collection":[{"href":"https:\/\/schweizversand.ch\/fr\/wp-json\/wp\/v2\/product"}],"about":[{"href":"https:\/\/schweizversand.ch\/fr\/wp-json\/wp\/v2\/types\/product"}],"replies":[{"embeddable":true,"href":"https:\/\/schweizversand.ch\/fr\/wp-json\/wp\/v2\/comments?post=264190"}],"wp:featuredmedia":[{"embeddable":true,"href":"https:\/\/schweizversand.ch\/fr\/wp-json\/wp\/v2\/media\/265275"}],"wp:attachment":[{"href":"https:\/\/schweizversand.ch\/fr\/wp-json\/wp\/v2\/media?parent=264190"}],"wp:term":[{"taxonomy":"product_brand","embeddable":true,"href":"https:\/\/schweizversand.ch\/fr\/wp-json\/wp\/v2\/product_brand?post=264190"},{"taxonomy":"product_cat","embeddable":true,"href":"https:\/\/schweizversand.ch\/fr\/wp-json\/wp\/v2\/product_cat?post=264190"},{"taxonomy":"product_tag","embeddable":true,"href":"https:\/\/schweizversand.ch\/fr\/wp-json\/wp\/v2\/product_tag?post=264190"}],"curies":[{"name":"wp","href":"https:\/\/api.w.org\/{rel}","templated":true}]}}