{"id":264197,"date":"2026-04-11T02:00:32","date_gmt":"2026-04-11T00:00:32","guid":{"rendered":"https:\/\/schweizversand.ch\/produkt\/jilong-kinder-planschbecken-marienkaefer-2\/"},"modified":"2026-04-11T15:33:54","modified_gmt":"2026-04-11T13:33:54","slug":"jilong-kinder-planschbecken-marienkaefer-3","status":"publish","type":"product","link":"https:\/\/schweizversand.ch\/fr\/produkt\/jilong-kinder-planschbecken-marienkaefer-3\/","title":{"rendered":"Pataugeoire pour enfants Jilong \u00ab Coccinelle \u00bb"},"content":{"rendered":"<p>Piscine gonflable pour enfants \u00d8 120 cm \u2013 213 l\u00a0: Plaisirs aquatiques pour les tout-petits (2-6 ans)<br \/>Cette piscine gonflable color\u00e9e en PVC robuste offre aux enfants de 2 \u00e0 6 ans des moments de plaisir aquatique en toute s\u00e9curit\u00e9 dans le jardin ou sur la terrasse. Avec un diam\u00e8tre de 120 cm, une hauteur de 30 cm et une capacit\u00e9 de 213 litres, c&rsquo;est la solution id\u00e9ale pour se rafra\u00eechir lors des chaudes journ\u00e9es d&rsquo;\u00e9t\u00e9\u00a0!<br \/>Gr\u00e2ce \u00e0 sa taille compacte, l&rsquo;installation est rapide et facile\u00a0: il suffit de la gonfler, de la remplir d&rsquo;eau et que la f\u00eate commence\u00a0! Un kit de r\u00e9paration est inclus pour rem\u00e9dier rapidement aux petits d\u00e9g\u00e2ts. D\u00e9tails du produit\u00a0: \u2022 Diam\u00e8tre\u00a0: 120\u00a0cm \u2022 Hauteur\u00a0: 30\u00a0cm \u2022 Volume\u00a0: 213\u00a0litres \u2022 Mat\u00e9riau\u00a0: PVC robuste \u2022 \u00c2ge recommand\u00e9\u00a0: 2 \u00e0 6\u00a0ans \u2022 Kit de r\u00e9paration inclus Avantages\u00a0: \u2022 Bains amusants et s\u00e9curis\u00e9s pour les tout-petits et les enfants d\u2019\u00e2ge pr\u00e9scolaire \u2022 Montage facile \u2013 id\u00e9al pour le jardin, le balcon ou la terrasse \u2022 \u200b\u200bMat\u00e9riau durable pour une utilisation prolong\u00e9e \u2022 Rangement peu encombrant apr\u00e8s l\u2019\u00e9t\u00e9<\/p>\n","protected":false},"excerpt":{"rendered":"<p>Jilong Kinder-Planschbecken \u00ab\u00a0Marienk\u00e4fer\u00a0\u00bb bietet sicheren Wasserspa\u00df f\u00fcr Kinder von 2\u20136 Jahren. Robust, 120 cm \u00d8, 213 l Volumen \u2013 ideal f\u00fcr hei\u00dfe Sommertage im Garten.<\/p>\n","protected":false},"featured_media":265294,"comment_status":"open","ping_status":"closed","template":"","meta":[],"product_brand":[],"product_cat":[38366],"product_tag":[],"class_list":{"0":"post-264197","1":"product","2":"type-product","3":"status-publish","4":"has-post-thumbnail","6":"product_cat-wasserspielzeug","7":"product_shipping_class-global_methods","9":"first","10":"instock","11":"taxable","12":"shipping-taxable","13":"purchasable","14":"product-type-simple"},"yoast_head":"<!-- This site is optimized with the Yoast SEO plugin v27.3 - https:\/\/yoast.com\/product\/yoast-seo-wordpress\/ -->\n<title>Jilong Kinder-Planschbecken &quot;Marienk\u00e4fer&quot;<\/title>\n<meta name=\"description\" content=\"Kinder-Planschbecken \u00d8 120 cm \u2013 213 l Wasser-Spa\u00df f\u00fcr die Kleinsten (Alter 2\u20136 Jahre)\u00a0 Dieses farbenfrohe Planschbecken aus robustem PVC bietet Kindern im Alter\" \/>\n<meta name=\"robots\" content=\"index, follow, max-snippet:-1, max-image-preview:large, max-video-preview:-1\" \/>\n<link rel=\"canonical\" href=\"https:\/\/schweizversand.ch\/fr\/produkt\/jilong-kinder-planschbecken-marienkaefer-3\/\" \/>\n<meta property=\"og:locale\" content=\"fr_FR\" \/>\n<meta property=\"og:type\" content=\"article\" \/>\n<meta property=\"og:title\" content=\"Jilong Kinder-Planschbecken &quot;Marienk\u00e4fer&quot;\" \/>\n<meta property=\"og:description\" content=\"Kinder-Planschbecken \u00d8 120 cm \u2013 213 l Wasser-Spa\u00df f\u00fcr die Kleinsten (Alter 2\u20136 Jahre)\u00a0 Dieses farbenfrohe Planschbecken aus robustem PVC bietet Kindern im Alter\" \/>\n<meta property=\"og:url\" content=\"https:\/\/schweizversand.ch\/fr\/produkt\/jilong-kinder-planschbecken-marienkaefer-3\/\" \/>\n<meta property=\"og:site_name\" content=\"Schweizer Shop f\u00fcr Sport, Spiel und Freizeit\" \/>\n<meta property=\"article:publisher\" content=\"https:\/\/www.facebook.com\/Schweizversand\" \/>\n<meta property=\"article:modified_time\" content=\"2026-04-11T13:33:54+00:00\" \/>\n<meta property=\"og:image\" content=\"https:\/\/schweizversand.ch\/wp-content\/uploads\/2026\/04\/5471919951.jpg\" \/>\n\t<meta property=\"og:image:width\" content=\"1024\" \/>\n\t<meta property=\"og:image:height\" content=\"1024\" \/>\n\t<meta property=\"og:image:type\" content=\"image\/jpeg\" \/>\n<meta name=\"twitter:card\" content=\"summary_large_image\" \/>\n<meta name=\"twitter:label1\" content=\"Dur\u00e9e de lecture estim\u00e9e\" \/>\n\t<meta name=\"twitter:data1\" content=\"1 minute\" \/>\n<script type=\"application\/ld+json\" class=\"yoast-schema-graph\">{\"@context\":\"https:\\\/\\\/schema.org\",\"@graph\":[{\"@type\":\"WebPage\",\"@id\":\"https:\\\/\\\/schweizversand.ch\\\/fr\\\/produkt\\\/jilong-kinder-planschbecken-marienkaefer-3\\\/\",\"url\":\"https:\\\/\\\/schweizversand.ch\\\/fr\\\/produkt\\\/jilong-kinder-planschbecken-marienkaefer-3\\\/\",\"name\":\"Jilong Kinder-Planschbecken \\\"Marienk\u00e4fer\\\"\",\"isPartOf\":{\"@id\":\"https:\\\/\\\/schweizversand.ch\\\/fr\\\/#website\"},\"primaryImageOfPage\":{\"@id\":\"https:\\\/\\\/schweizversand.ch\\\/fr\\\/produkt\\\/jilong-kinder-planschbecken-marienkaefer-3\\\/#primaryimage\"},\"image\":{\"@id\":\"https:\\\/\\\/schweizversand.ch\\\/fr\\\/produkt\\\/jilong-kinder-planschbecken-marienkaefer-3\\\/#primaryimage\"},\"thumbnailUrl\":\"https:\\\/\\\/schweizversand.ch\\\/wp-content\\\/uploads\\\/2026\\\/04\\\/5471919951.jpg\",\"datePublished\":\"2026-04-11T00:00:32+00:00\",\"dateModified\":\"2026-04-11T13:33:54+00:00\",\"description\":\"Kinder-Planschbecken \u00d8 120 cm \u2013 213 l Wasser-Spa\u00df f\u00fcr die Kleinsten (Alter 2\u20136 Jahre)\u00a0 Dieses farbenfrohe Planschbecken aus robustem PVC bietet Kindern im Alter\",\"breadcrumb\":{\"@id\":\"https:\\\/\\\/schweizversand.ch\\\/fr\\\/produkt\\\/jilong-kinder-planschbecken-marienkaefer-3\\\/#breadcrumb\"},\"inLanguage\":\"fr-FR\",\"potentialAction\":[{\"@type\":\"ReadAction\",\"target\":[\"https:\\\/\\\/schweizversand.ch\\\/fr\\\/produkt\\\/jilong-kinder-planschbecken-marienkaefer-3\\\/\"]}]},{\"@type\":\"ImageObject\",\"inLanguage\":\"fr-FR\",\"@id\":\"https:\\\/\\\/schweizversand.ch\\\/fr\\\/produkt\\\/jilong-kinder-planschbecken-marienkaefer-3\\\/#primaryimage\",\"url\":\"https:\\\/\\\/schweizversand.ch\\\/wp-content\\\/uploads\\\/2026\\\/04\\\/5471919951.jpg\",\"contentUrl\":\"https:\\\/\\\/schweizversand.ch\\\/wp-content\\\/uploads\\\/2026\\\/04\\\/5471919951.jpg\",\"width\":1024,\"height\":1024},{\"@type\":\"BreadcrumbList\",\"@id\":\"https:\\\/\\\/schweizversand.ch\\\/fr\\\/produkt\\\/jilong-kinder-planschbecken-marienkaefer-3\\\/#breadcrumb\",\"itemListElement\":[{\"@type\":\"ListItem\",\"position\":1,\"name\":\"Startseite\",\"item\":\"https:\\\/\\\/schweizversand.ch\\\/fr\\\/\"},{\"@type\":\"ListItem\",\"position\":2,\"name\":\"Boutique\",\"item\":\"https:\\\/\\\/schweizversand.ch\\\/fr\\\/boutique\\\/\"},{\"@type\":\"ListItem\",\"position\":3,\"name\":\"Pataugeoire pour enfants Jilong \u00ab Coccinelle \u00bb\"}]},{\"@type\":\"WebSite\",\"@id\":\"https:\\\/\\\/schweizversand.ch\\\/fr\\\/#website\",\"url\":\"https:\\\/\\\/schweizversand.ch\\\/fr\\\/\",\"name\":\"Schweizer Shop f\u00fcr Sport, Spiel und Freizeit\",\"description\":\"Gratisversand ab 50.- (netto), ab eigenem schweizer Lager, Lieferung innert 48h\",\"publisher\":{\"@id\":\"https:\\\/\\\/schweizversand.ch\\\/fr\\\/#organization\"},\"alternateName\":\"Schweizversand.ch\",\"potentialAction\":[{\"@type\":\"SearchAction\",\"target\":{\"@type\":\"EntryPoint\",\"urlTemplate\":\"https:\\\/\\\/schweizversand.ch\\\/fr\\\/?s={search_term_string}\"},\"query-input\":{\"@type\":\"PropertyValueSpecification\",\"valueRequired\":true,\"valueName\":\"search_term_string\"}}],\"inLanguage\":\"fr-FR\"},{\"@type\":\"Organization\",\"@id\":\"https:\\\/\\\/schweizversand.ch\\\/fr\\\/#organization\",\"name\":\"Schweizversand.ch\",\"url\":\"https:\\\/\\\/schweizversand.ch\\\/fr\\\/\",\"logo\":{\"@type\":\"ImageObject\",\"inLanguage\":\"fr-FR\",\"@id\":\"https:\\\/\\\/schweizversand.ch\\\/fr\\\/#\\\/schema\\\/logo\\\/image\\\/\",\"url\":\"https:\\\/\\\/schweizversand.ch\\\/wp-content\\\/uploads\\\/2026\\\/03\\\/Logo_Rund_Final-1.png\",\"contentUrl\":\"https:\\\/\\\/schweizversand.ch\\\/wp-content\\\/uploads\\\/2026\\\/03\\\/Logo_Rund_Final-1.png\",\"width\":404,\"height\":404,\"caption\":\"Schweizversand.ch\"},\"image\":{\"@id\":\"https:\\\/\\\/schweizversand.ch\\\/fr\\\/#\\\/schema\\\/logo\\\/image\\\/\"},\"sameAs\":[\"https:\\\/\\\/www.facebook.com\\\/Schweizversand\",\"https:\\\/\\\/www.instagram.com\\\/schweizversand.ch\\\/\"]}]}<\/script>\n<!-- \/ Yoast SEO plugin. -->","yoast_head_json":{"title":"Jilong Kinder-Planschbecken \"Marienk\u00e4fer\"","description":"Kinder-Planschbecken \u00d8 120 cm \u2013 213 l Wasser-Spa\u00df f\u00fcr die Kleinsten (Alter 2\u20136 Jahre)\u00a0 Dieses farbenfrohe Planschbecken aus robustem PVC bietet Kindern im Alter","robots":{"index":"index","follow":"follow","max-snippet":"max-snippet:-1","max-image-preview":"max-image-preview:large","max-video-preview":"max-video-preview:-1"},"canonical":"https:\/\/schweizversand.ch\/fr\/produkt\/jilong-kinder-planschbecken-marienkaefer-3\/","og_locale":"fr_FR","og_type":"article","og_title":"Jilong Kinder-Planschbecken \"Marienk\u00e4fer\"","og_description":"Kinder-Planschbecken \u00d8 120 cm \u2013 213 l Wasser-Spa\u00df f\u00fcr die Kleinsten (Alter 2\u20136 Jahre)\u00a0 Dieses farbenfrohe Planschbecken aus robustem PVC bietet Kindern im Alter","og_url":"https:\/\/schweizversand.ch\/fr\/produkt\/jilong-kinder-planschbecken-marienkaefer-3\/","og_site_name":"Schweizer Shop f\u00fcr Sport, Spiel und Freizeit","article_publisher":"https:\/\/www.facebook.com\/Schweizversand","article_modified_time":"2026-04-11T13:33:54+00:00","og_image":[{"width":1024,"height":1024,"url":"https:\/\/schweizversand.ch\/wp-content\/uploads\/2026\/04\/5471919951.jpg","type":"image\/jpeg"}],"twitter_card":"summary_large_image","twitter_misc":{"Dur\u00e9e de lecture estim\u00e9e":"1 minute"},"schema":{"@context":"https:\/\/schema.org","@graph":[{"@type":"WebPage","@id":"https:\/\/schweizversand.ch\/fr\/produkt\/jilong-kinder-planschbecken-marienkaefer-3\/","url":"https:\/\/schweizversand.ch\/fr\/produkt\/jilong-kinder-planschbecken-marienkaefer-3\/","name":"Jilong Kinder-Planschbecken \"Marienk\u00e4fer\"","isPartOf":{"@id":"https:\/\/schweizversand.ch\/fr\/#website"},"primaryImageOfPage":{"@id":"https:\/\/schweizversand.ch\/fr\/produkt\/jilong-kinder-planschbecken-marienkaefer-3\/#primaryimage"},"image":{"@id":"https:\/\/schweizversand.ch\/fr\/produkt\/jilong-kinder-planschbecken-marienkaefer-3\/#primaryimage"},"thumbnailUrl":"https:\/\/schweizversand.ch\/wp-content\/uploads\/2026\/04\/5471919951.jpg","datePublished":"2026-04-11T00:00:32+00:00","dateModified":"2026-04-11T13:33:54+00:00","description":"Kinder-Planschbecken \u00d8 120 cm \u2013 213 l Wasser-Spa\u00df f\u00fcr die Kleinsten (Alter 2\u20136 Jahre)\u00a0 Dieses farbenfrohe Planschbecken aus robustem PVC bietet Kindern im Alter","breadcrumb":{"@id":"https:\/\/schweizversand.ch\/fr\/produkt\/jilong-kinder-planschbecken-marienkaefer-3\/#breadcrumb"},"inLanguage":"fr-FR","potentialAction":[{"@type":"ReadAction","target":["https:\/\/schweizversand.ch\/fr\/produkt\/jilong-kinder-planschbecken-marienkaefer-3\/"]}]},{"@type":"ImageObject","inLanguage":"fr-FR","@id":"https:\/\/schweizversand.ch\/fr\/produkt\/jilong-kinder-planschbecken-marienkaefer-3\/#primaryimage","url":"https:\/\/schweizversand.ch\/wp-content\/uploads\/2026\/04\/5471919951.jpg","contentUrl":"https:\/\/schweizversand.ch\/wp-content\/uploads\/2026\/04\/5471919951.jpg","width":1024,"height":1024},{"@type":"BreadcrumbList","@id":"https:\/\/schweizversand.ch\/fr\/produkt\/jilong-kinder-planschbecken-marienkaefer-3\/#breadcrumb","itemListElement":[{"@type":"ListItem","position":1,"name":"Startseite","item":"https:\/\/schweizversand.ch\/fr\/"},{"@type":"ListItem","position":2,"name":"Boutique","item":"https:\/\/schweizversand.ch\/fr\/boutique\/"},{"@type":"ListItem","position":3,"name":"Pataugeoire pour enfants Jilong \u00ab Coccinelle \u00bb"}]},{"@type":"WebSite","@id":"https:\/\/schweizversand.ch\/fr\/#website","url":"https:\/\/schweizversand.ch\/fr\/","name":"Schweizer Shop f\u00fcr Sport, Spiel und Freizeit","description":"Gratisversand ab 50.- (netto), ab eigenem schweizer Lager, Lieferung innert 48h","publisher":{"@id":"https:\/\/schweizversand.ch\/fr\/#organization"},"alternateName":"Schweizversand.ch","potentialAction":[{"@type":"SearchAction","target":{"@type":"EntryPoint","urlTemplate":"https:\/\/schweizversand.ch\/fr\/?s={search_term_string}"},"query-input":{"@type":"PropertyValueSpecification","valueRequired":true,"valueName":"search_term_string"}}],"inLanguage":"fr-FR"},{"@type":"Organization","@id":"https:\/\/schweizversand.ch\/fr\/#organization","name":"Schweizversand.ch","url":"https:\/\/schweizversand.ch\/fr\/","logo":{"@type":"ImageObject","inLanguage":"fr-FR","@id":"https:\/\/schweizversand.ch\/fr\/#\/schema\/logo\/image\/","url":"https:\/\/schweizversand.ch\/wp-content\/uploads\/2026\/03\/Logo_Rund_Final-1.png","contentUrl":"https:\/\/schweizversand.ch\/wp-content\/uploads\/2026\/03\/Logo_Rund_Final-1.png","width":404,"height":404,"caption":"Schweizversand.ch"},"image":{"@id":"https:\/\/schweizversand.ch\/fr\/#\/schema\/logo\/image\/"},"sameAs":["https:\/\/www.facebook.com\/Schweizversand","https:\/\/www.instagram.com\/schweizversand.ch\/"]}]}},"jetpack_sharing_enabled":true,"_links":{"self":[{"href":"https:\/\/schweizversand.ch\/fr\/wp-json\/wp\/v2\/product\/264197","targetHints":{"allow":["GET"]}}],"collection":[{"href":"https:\/\/schweizversand.ch\/fr\/wp-json\/wp\/v2\/product"}],"about":[{"href":"https:\/\/schweizversand.ch\/fr\/wp-json\/wp\/v2\/types\/product"}],"replies":[{"embeddable":true,"href":"https:\/\/schweizversand.ch\/fr\/wp-json\/wp\/v2\/comments?post=264197"}],"wp:featuredmedia":[{"embeddable":true,"href":"https:\/\/schweizversand.ch\/fr\/wp-json\/wp\/v2\/media\/265294"}],"wp:attachment":[{"href":"https:\/\/schweizversand.ch\/fr\/wp-json\/wp\/v2\/media?parent=264197"}],"wp:term":[{"taxonomy":"product_brand","embeddable":true,"href":"https:\/\/schweizversand.ch\/fr\/wp-json\/wp\/v2\/product_brand?post=264197"},{"taxonomy":"product_cat","embeddable":true,"href":"https:\/\/schweizversand.ch\/fr\/wp-json\/wp\/v2\/product_cat?post=264197"},{"taxonomy":"product_tag","embeddable":true,"href":"https:\/\/schweizversand.ch\/fr\/wp-json\/wp\/v2\/product_tag?post=264197"}],"curies":[{"name":"wp","href":"https:\/\/api.w.org\/{rel}","templated":true}]}}