{"id":264204,"date":"2026-04-11T02:00:32","date_gmt":"2026-04-11T00:00:32","guid":{"rendered":"https:\/\/schweizversand.ch\/produkt\/jilong-aufblasbarer-kinderpool-farbtupfen\/"},"modified":"2026-04-11T15:33:54","modified_gmt":"2026-04-11T13:33:54","slug":"jilong-aufblasbarer-kinderpool-farbtupfen-2","status":"publish","type":"product","link":"https:\/\/schweizversand.ch\/fr\/produkt\/jilong-aufblasbarer-kinderpool-farbtupfen-2\/","title":{"rendered":"Piscine gonflable pour enfants Jilong \u00ab\u00a0Color Splashes\u00a0\u00bb"},"content":{"rendered":"<p>Piscine gonflable de jardin \u00d8 100 cm \u2013 Id\u00e9ale pour les enfants de 2 \u00e0 6 ans\u00a0<br \/>Cette piscine compacte de 100 cm de diam\u00e8tre est parfaite pour les chaudes journ\u00e9es d&rsquo;\u00e9t\u00e9 au jardin, sur le balcon ou la terrasse. D&rsquo;une capacit\u00e9 de 143 litres et d&rsquo;une hauteur de 30 cm, elle offre un grand espace pour s&rsquo;amuser et se rafra\u00eechir, notamment pour les tout-petits de 2 \u00e0 6 ans. Fabriqu\u00e9e en PVC r\u00e9sistant et \u00e9quip\u00e9e d&rsquo;un kit de r\u00e9paration, cette piscine gonflable est robuste et durable \u2013 id\u00e9ale pour des jeux d&rsquo;eau en toute tranquillit\u00e9 cet \u00e9t\u00e9\u00a0! Caract\u00e9ristiques principales\u00a0: \u2022 Diam\u00e8tre\u00a0: 100 cm \u2022 Hauteur\u00a0: 30 cm \u2022 Capacit\u00e9\u00a0: env. 143 litres \u2022 Mat\u00e9riau\u00a0: PVC r\u00e9sistant \u2022 \u00c2ge recommand\u00e9\u00a0: 2 \u00e0 6 ans \u2022 Kit de r\u00e9paration inclus<\/p>\n","protected":false},"excerpt":{"rendered":"<p>Jilong Aufblasbarer Kinderpool \u00ab\u00a0Farbtupfen\u00a0\u00bb \u2013 kompakter 100 cm Pool aus robustem PVC mit 143 Liter Fassungsverm\u00f6gen. Perfekt f\u00fcr Kinder von 2\u20136 Jahren im Sommer!<\/p>\n","protected":false},"featured_media":265315,"comment_status":"open","ping_status":"closed","template":"","meta":[],"product_brand":[],"product_cat":[38366],"product_tag":[],"class_list":{"0":"post-264204","1":"product","2":"type-product","3":"status-publish","4":"has-post-thumbnail","6":"product_cat-wasserspielzeug","7":"product_shipping_class-global_methods","9":"first","10":"instock","11":"taxable","12":"shipping-taxable","13":"purchasable","14":"product-type-simple"},"yoast_head":"<!-- This site is optimized with the Yoast SEO plugin v27.3 - https:\/\/yoast.com\/product\/yoast-seo-wordpress\/ -->\n<title>Jilong Aufblasbarer Kinderpool &quot;Farbtupfen&quot;<\/title>\n<meta name=\"description\" content=\"Aufblasbarer Gartenpool \u00d8 100 cm \u2013 Perfekt f\u00fcr Kinder von 2\u20136 Jahren\u00a0 Dieser kompakte Kinderpool mit 100 cm Durchmesser ist ideal f\u00fcr hei\u00dfe Sommertage im Garten\" \/>\n<meta name=\"robots\" content=\"index, follow, max-snippet:-1, max-image-preview:large, max-video-preview:-1\" \/>\n<link rel=\"canonical\" href=\"https:\/\/schweizversand.ch\/fr\/produkt\/jilong-aufblasbarer-kinderpool-farbtupfen-2\/\" \/>\n<meta property=\"og:locale\" content=\"fr_FR\" \/>\n<meta property=\"og:type\" content=\"article\" \/>\n<meta property=\"og:title\" content=\"Jilong Aufblasbarer Kinderpool &quot;Farbtupfen&quot;\" \/>\n<meta property=\"og:description\" content=\"Aufblasbarer Gartenpool \u00d8 100 cm \u2013 Perfekt f\u00fcr Kinder von 2\u20136 Jahren\u00a0 Dieser kompakte Kinderpool mit 100 cm Durchmesser ist ideal f\u00fcr hei\u00dfe Sommertage im Garten\" \/>\n<meta property=\"og:url\" content=\"https:\/\/schweizversand.ch\/fr\/produkt\/jilong-aufblasbarer-kinderpool-farbtupfen-2\/\" \/>\n<meta property=\"og:site_name\" content=\"Schweizer Shop f\u00fcr Sport, Spiel und Freizeit\" \/>\n<meta property=\"article:publisher\" content=\"https:\/\/www.facebook.com\/Schweizversand\" \/>\n<meta property=\"article:modified_time\" content=\"2026-04-11T13:33:54+00:00\" \/>\n<meta property=\"og:image\" content=\"https:\/\/schweizversand.ch\/wp-content\/uploads\/2026\/04\/5471918615-1.jpg\" \/>\n\t<meta property=\"og:image:width\" content=\"1024\" \/>\n\t<meta property=\"og:image:height\" content=\"1024\" \/>\n\t<meta property=\"og:image:type\" content=\"image\/jpeg\" \/>\n<meta name=\"twitter:card\" content=\"summary_large_image\" \/>\n<meta name=\"twitter:label1\" content=\"Dur\u00e9e de lecture estim\u00e9e\" \/>\n\t<meta name=\"twitter:data1\" content=\"1 minute\" \/>\n<script type=\"application\/ld+json\" class=\"yoast-schema-graph\">{\"@context\":\"https:\\\/\\\/schema.org\",\"@graph\":[{\"@type\":\"WebPage\",\"@id\":\"https:\\\/\\\/schweizversand.ch\\\/fr\\\/produkt\\\/jilong-aufblasbarer-kinderpool-farbtupfen-2\\\/\",\"url\":\"https:\\\/\\\/schweizversand.ch\\\/fr\\\/produkt\\\/jilong-aufblasbarer-kinderpool-farbtupfen-2\\\/\",\"name\":\"Jilong Aufblasbarer Kinderpool \\\"Farbtupfen\\\"\",\"isPartOf\":{\"@id\":\"https:\\\/\\\/schweizversand.ch\\\/fr\\\/#website\"},\"primaryImageOfPage\":{\"@id\":\"https:\\\/\\\/schweizversand.ch\\\/fr\\\/produkt\\\/jilong-aufblasbarer-kinderpool-farbtupfen-2\\\/#primaryimage\"},\"image\":{\"@id\":\"https:\\\/\\\/schweizversand.ch\\\/fr\\\/produkt\\\/jilong-aufblasbarer-kinderpool-farbtupfen-2\\\/#primaryimage\"},\"thumbnailUrl\":\"https:\\\/\\\/schweizversand.ch\\\/wp-content\\\/uploads\\\/2026\\\/04\\\/5471918615-1.jpg\",\"datePublished\":\"2026-04-11T00:00:32+00:00\",\"dateModified\":\"2026-04-11T13:33:54+00:00\",\"description\":\"Aufblasbarer Gartenpool \u00d8 100 cm \u2013 Perfekt f\u00fcr Kinder von 2\u20136 Jahren\u00a0 Dieser kompakte Kinderpool mit 100 cm Durchmesser ist ideal f\u00fcr hei\u00dfe Sommertage im Garten\",\"breadcrumb\":{\"@id\":\"https:\\\/\\\/schweizversand.ch\\\/fr\\\/produkt\\\/jilong-aufblasbarer-kinderpool-farbtupfen-2\\\/#breadcrumb\"},\"inLanguage\":\"fr-FR\",\"potentialAction\":[{\"@type\":\"ReadAction\",\"target\":[\"https:\\\/\\\/schweizversand.ch\\\/fr\\\/produkt\\\/jilong-aufblasbarer-kinderpool-farbtupfen-2\\\/\"]}]},{\"@type\":\"ImageObject\",\"inLanguage\":\"fr-FR\",\"@id\":\"https:\\\/\\\/schweizversand.ch\\\/fr\\\/produkt\\\/jilong-aufblasbarer-kinderpool-farbtupfen-2\\\/#primaryimage\",\"url\":\"https:\\\/\\\/schweizversand.ch\\\/wp-content\\\/uploads\\\/2026\\\/04\\\/5471918615-1.jpg\",\"contentUrl\":\"https:\\\/\\\/schweizversand.ch\\\/wp-content\\\/uploads\\\/2026\\\/04\\\/5471918615-1.jpg\",\"width\":1024,\"height\":1024},{\"@type\":\"BreadcrumbList\",\"@id\":\"https:\\\/\\\/schweizversand.ch\\\/fr\\\/produkt\\\/jilong-aufblasbarer-kinderpool-farbtupfen-2\\\/#breadcrumb\",\"itemListElement\":[{\"@type\":\"ListItem\",\"position\":1,\"name\":\"Startseite\",\"item\":\"https:\\\/\\\/schweizversand.ch\\\/fr\\\/\"},{\"@type\":\"ListItem\",\"position\":2,\"name\":\"Boutique\",\"item\":\"https:\\\/\\\/schweizversand.ch\\\/fr\\\/boutique\\\/\"},{\"@type\":\"ListItem\",\"position\":3,\"name\":\"Piscine gonflable pour enfants Jilong \u00ab\u00a0Color Splashes\u00a0\u00bb\"}]},{\"@type\":\"WebSite\",\"@id\":\"https:\\\/\\\/schweizversand.ch\\\/fr\\\/#website\",\"url\":\"https:\\\/\\\/schweizversand.ch\\\/fr\\\/\",\"name\":\"Schweizer Shop f\u00fcr Sport, Spiel und Freizeit\",\"description\":\"Gratisversand ab 50.- (netto), ab eigenem schweizer Lager, Lieferung innert 48h\",\"publisher\":{\"@id\":\"https:\\\/\\\/schweizversand.ch\\\/fr\\\/#organization\"},\"alternateName\":\"Schweizversand.ch\",\"potentialAction\":[{\"@type\":\"SearchAction\",\"target\":{\"@type\":\"EntryPoint\",\"urlTemplate\":\"https:\\\/\\\/schweizversand.ch\\\/fr\\\/?s={search_term_string}\"},\"query-input\":{\"@type\":\"PropertyValueSpecification\",\"valueRequired\":true,\"valueName\":\"search_term_string\"}}],\"inLanguage\":\"fr-FR\"},{\"@type\":\"Organization\",\"@id\":\"https:\\\/\\\/schweizversand.ch\\\/fr\\\/#organization\",\"name\":\"Schweizversand.ch\",\"url\":\"https:\\\/\\\/schweizversand.ch\\\/fr\\\/\",\"logo\":{\"@type\":\"ImageObject\",\"inLanguage\":\"fr-FR\",\"@id\":\"https:\\\/\\\/schweizversand.ch\\\/fr\\\/#\\\/schema\\\/logo\\\/image\\\/\",\"url\":\"https:\\\/\\\/schweizversand.ch\\\/wp-content\\\/uploads\\\/2026\\\/03\\\/Logo_Rund_Final-1.png\",\"contentUrl\":\"https:\\\/\\\/schweizversand.ch\\\/wp-content\\\/uploads\\\/2026\\\/03\\\/Logo_Rund_Final-1.png\",\"width\":404,\"height\":404,\"caption\":\"Schweizversand.ch\"},\"image\":{\"@id\":\"https:\\\/\\\/schweizversand.ch\\\/fr\\\/#\\\/schema\\\/logo\\\/image\\\/\"},\"sameAs\":[\"https:\\\/\\\/www.facebook.com\\\/Schweizversand\",\"https:\\\/\\\/www.instagram.com\\\/schweizversand.ch\\\/\"]}]}<\/script>\n<!-- \/ Yoast SEO plugin. -->","yoast_head_json":{"title":"Jilong Aufblasbarer Kinderpool \"Farbtupfen\"","description":"Aufblasbarer Gartenpool \u00d8 100 cm \u2013 Perfekt f\u00fcr Kinder von 2\u20136 Jahren\u00a0 Dieser kompakte Kinderpool mit 100 cm Durchmesser ist ideal f\u00fcr hei\u00dfe Sommertage im Garten","robots":{"index":"index","follow":"follow","max-snippet":"max-snippet:-1","max-image-preview":"max-image-preview:large","max-video-preview":"max-video-preview:-1"},"canonical":"https:\/\/schweizversand.ch\/fr\/produkt\/jilong-aufblasbarer-kinderpool-farbtupfen-2\/","og_locale":"fr_FR","og_type":"article","og_title":"Jilong Aufblasbarer Kinderpool \"Farbtupfen\"","og_description":"Aufblasbarer Gartenpool \u00d8 100 cm \u2013 Perfekt f\u00fcr Kinder von 2\u20136 Jahren\u00a0 Dieser kompakte Kinderpool mit 100 cm Durchmesser ist ideal f\u00fcr hei\u00dfe Sommertage im Garten","og_url":"https:\/\/schweizversand.ch\/fr\/produkt\/jilong-aufblasbarer-kinderpool-farbtupfen-2\/","og_site_name":"Schweizer Shop f\u00fcr Sport, Spiel und Freizeit","article_publisher":"https:\/\/www.facebook.com\/Schweizversand","article_modified_time":"2026-04-11T13:33:54+00:00","og_image":[{"width":1024,"height":1024,"url":"https:\/\/schweizversand.ch\/wp-content\/uploads\/2026\/04\/5471918615-1.jpg","type":"image\/jpeg"}],"twitter_card":"summary_large_image","twitter_misc":{"Dur\u00e9e de lecture estim\u00e9e":"1 minute"},"schema":{"@context":"https:\/\/schema.org","@graph":[{"@type":"WebPage","@id":"https:\/\/schweizversand.ch\/fr\/produkt\/jilong-aufblasbarer-kinderpool-farbtupfen-2\/","url":"https:\/\/schweizversand.ch\/fr\/produkt\/jilong-aufblasbarer-kinderpool-farbtupfen-2\/","name":"Jilong Aufblasbarer Kinderpool \"Farbtupfen\"","isPartOf":{"@id":"https:\/\/schweizversand.ch\/fr\/#website"},"primaryImageOfPage":{"@id":"https:\/\/schweizversand.ch\/fr\/produkt\/jilong-aufblasbarer-kinderpool-farbtupfen-2\/#primaryimage"},"image":{"@id":"https:\/\/schweizversand.ch\/fr\/produkt\/jilong-aufblasbarer-kinderpool-farbtupfen-2\/#primaryimage"},"thumbnailUrl":"https:\/\/schweizversand.ch\/wp-content\/uploads\/2026\/04\/5471918615-1.jpg","datePublished":"2026-04-11T00:00:32+00:00","dateModified":"2026-04-11T13:33:54+00:00","description":"Aufblasbarer Gartenpool \u00d8 100 cm \u2013 Perfekt f\u00fcr Kinder von 2\u20136 Jahren\u00a0 Dieser kompakte Kinderpool mit 100 cm Durchmesser ist ideal f\u00fcr hei\u00dfe Sommertage im Garten","breadcrumb":{"@id":"https:\/\/schweizversand.ch\/fr\/produkt\/jilong-aufblasbarer-kinderpool-farbtupfen-2\/#breadcrumb"},"inLanguage":"fr-FR","potentialAction":[{"@type":"ReadAction","target":["https:\/\/schweizversand.ch\/fr\/produkt\/jilong-aufblasbarer-kinderpool-farbtupfen-2\/"]}]},{"@type":"ImageObject","inLanguage":"fr-FR","@id":"https:\/\/schweizversand.ch\/fr\/produkt\/jilong-aufblasbarer-kinderpool-farbtupfen-2\/#primaryimage","url":"https:\/\/schweizversand.ch\/wp-content\/uploads\/2026\/04\/5471918615-1.jpg","contentUrl":"https:\/\/schweizversand.ch\/wp-content\/uploads\/2026\/04\/5471918615-1.jpg","width":1024,"height":1024},{"@type":"BreadcrumbList","@id":"https:\/\/schweizversand.ch\/fr\/produkt\/jilong-aufblasbarer-kinderpool-farbtupfen-2\/#breadcrumb","itemListElement":[{"@type":"ListItem","position":1,"name":"Startseite","item":"https:\/\/schweizversand.ch\/fr\/"},{"@type":"ListItem","position":2,"name":"Boutique","item":"https:\/\/schweizversand.ch\/fr\/boutique\/"},{"@type":"ListItem","position":3,"name":"Piscine gonflable pour enfants Jilong \u00ab\u00a0Color Splashes\u00a0\u00bb"}]},{"@type":"WebSite","@id":"https:\/\/schweizversand.ch\/fr\/#website","url":"https:\/\/schweizversand.ch\/fr\/","name":"Schweizer Shop f\u00fcr Sport, Spiel und Freizeit","description":"Gratisversand ab 50.- (netto), ab eigenem schweizer Lager, Lieferung innert 48h","publisher":{"@id":"https:\/\/schweizversand.ch\/fr\/#organization"},"alternateName":"Schweizversand.ch","potentialAction":[{"@type":"SearchAction","target":{"@type":"EntryPoint","urlTemplate":"https:\/\/schweizversand.ch\/fr\/?s={search_term_string}"},"query-input":{"@type":"PropertyValueSpecification","valueRequired":true,"valueName":"search_term_string"}}],"inLanguage":"fr-FR"},{"@type":"Organization","@id":"https:\/\/schweizversand.ch\/fr\/#organization","name":"Schweizversand.ch","url":"https:\/\/schweizversand.ch\/fr\/","logo":{"@type":"ImageObject","inLanguage":"fr-FR","@id":"https:\/\/schweizversand.ch\/fr\/#\/schema\/logo\/image\/","url":"https:\/\/schweizversand.ch\/wp-content\/uploads\/2026\/03\/Logo_Rund_Final-1.png","contentUrl":"https:\/\/schweizversand.ch\/wp-content\/uploads\/2026\/03\/Logo_Rund_Final-1.png","width":404,"height":404,"caption":"Schweizversand.ch"},"image":{"@id":"https:\/\/schweizversand.ch\/fr\/#\/schema\/logo\/image\/"},"sameAs":["https:\/\/www.facebook.com\/Schweizversand","https:\/\/www.instagram.com\/schweizversand.ch\/"]}]}},"jetpack_sharing_enabled":true,"_links":{"self":[{"href":"https:\/\/schweizversand.ch\/fr\/wp-json\/wp\/v2\/product\/264204","targetHints":{"allow":["GET"]}}],"collection":[{"href":"https:\/\/schweizversand.ch\/fr\/wp-json\/wp\/v2\/product"}],"about":[{"href":"https:\/\/schweizversand.ch\/fr\/wp-json\/wp\/v2\/types\/product"}],"replies":[{"embeddable":true,"href":"https:\/\/schweizversand.ch\/fr\/wp-json\/wp\/v2\/comments?post=264204"}],"wp:featuredmedia":[{"embeddable":true,"href":"https:\/\/schweizversand.ch\/fr\/wp-json\/wp\/v2\/media\/265315"}],"wp:attachment":[{"href":"https:\/\/schweizversand.ch\/fr\/wp-json\/wp\/v2\/media?parent=264204"}],"wp:term":[{"taxonomy":"product_brand","embeddable":true,"href":"https:\/\/schweizversand.ch\/fr\/wp-json\/wp\/v2\/product_brand?post=264204"},{"taxonomy":"product_cat","embeddable":true,"href":"https:\/\/schweizversand.ch\/fr\/wp-json\/wp\/v2\/product_cat?post=264204"},{"taxonomy":"product_tag","embeddable":true,"href":"https:\/\/schweizversand.ch\/fr\/wp-json\/wp\/v2\/product_tag?post=264204"}],"curies":[{"name":"wp","href":"https:\/\/api.w.org\/{rel}","templated":true}]}}