{"id":264239,"date":"2026-04-11T02:00:34","date_gmt":"2026-04-11T00:00:34","guid":{"rendered":"https:\/\/schweizversand.ch\/produkt\/jilong-pool-tor-spielset\/"},"modified":"2026-04-11T15:33:54","modified_gmt":"2026-04-11T13:33:54","slug":"jilong-pool-tor-spielset-2","status":"publish","type":"product","link":"https:\/\/schweizversand.ch\/fr\/produkt\/jilong-pool-tor-spielset-2\/","title":{"rendered":"Ensemble de jeux Jilong Pool Gate"},"content":{"rendered":"<p>Jeu de but gonflable pour piscine \u2013 Avec ballon et filet pour les enfants \u00e0 partir de 3 ans<br \/>Ce jeu de but pour piscine garantit des heures de plaisir aquatique et sportif cet \u00e9t\u00e9\u00a0! Avec un grand but gonflable (134 \u00d7 66 \u00d7 76 cm) et un ballon (\u00d8 21 cm), petits et grands peuvent s\u2019amuser dans la piscine. Le filet imprim\u00e9 donne \u00e0 ce jeu un aspect r\u00e9aliste et en fait l&rsquo;attraction phare de toutes les f\u00eates \u00e0 la piscine.<br \/>Jeux et amusement dans l&rsquo;eau<br \/>But gonflable avec filet<br \/>Ballon gonflable \u00d8 21 cm inclus<br \/>Favorise la motricit\u00e9, la dext\u00e9rit\u00e9 et l&rsquo;esprit d&rsquo;\u00e9quipe<br \/>D\u00e9tails du produit<br \/>\u00c2ge recommand\u00e9\u00a0: 3\u00a0ans et plus<br \/>Dimensions du but (gonfl\u00e9)\u00a0: 134\u00a0\u00d7\u00a066\u00a0\u00d7\u00a076\u00a0cm (53\u00a0\u00d7\u00a026\u00a0\u00d7\u00a030\u00a0pouces)<br \/>Dimensions du ballon (gonfl\u00e9)\u00a0: \u00d8 21\u00a0cm (8\u00a0pouces)<br \/>Contenu de la livraison\u00a0: 1\u00a0but, 1\u00a0ballon, 1\u00a0kit de r\u00e9paration<br \/>Points forts<br \/>Gonflage facile et pr\u00eat \u00e0 l&#8217;emploi en un rien de temps<br \/>Robuste et avec kit de r\u00e9paration pour une durabilit\u00e9 accrue<br \/>Parfait pour la piscine, le jardin et les f\u00eates d&rsquo;\u00e9t\u00e9<br \/>Transformez la piscine en terrain de jeu avec le jeu de buts pour piscine\u00a0! Des tonnes d&rsquo;activit\u00e9s estivales !<\/p>\n<\/div>\n","protected":false},"excerpt":{"rendered":"<p>Jilong Pool-Tor-Spielset sorgt mit aufblasbarem Tor und Ball f\u00fcr actionreichen Wasserspa\u00df ab 3 Jahren \u2013 robust, schnell einsatzbereit und perfekt f\u00fcr jede Poolparty!<\/p>\n","protected":false},"featured_media":265437,"comment_status":"open","ping_status":"closed","template":"","meta":[],"product_brand":[],"product_cat":[38366],"product_tag":[],"class_list":{"0":"post-264239","1":"product","2":"type-product","3":"status-publish","4":"has-post-thumbnail","6":"product_cat-wasserspielzeug","7":"product_shipping_class-global_methods","9":"first","10":"instock","11":"taxable","12":"shipping-taxable","13":"purchasable","14":"product-type-simple"},"yoast_head":"<!-- This site is optimized with the Yoast SEO plugin v27.3 - https:\/\/yoast.com\/product\/yoast-seo-wordpress\/ -->\n<title>Jilong Pool-Tor-Spielset<\/title>\n<meta name=\"description\" content=\"Aufblasbares Pool Tor-Spiel \u2013 Mit Ball &amp; Netz f\u00fcr Kinder ab 3 Jahren\u00a0 Das Pool Goal Game Set sorgt f\u00fcr sportlichen Wasserspa\u00df im Sommer! Mit einem gro\u00dfen aufbla\" \/>\n<meta name=\"robots\" content=\"index, follow, max-snippet:-1, max-image-preview:large, max-video-preview:-1\" \/>\n<link rel=\"canonical\" href=\"https:\/\/schweizversand.ch\/fr\/produkt\/jilong-pool-tor-spielset-2\/\" \/>\n<meta property=\"og:locale\" content=\"fr_FR\" \/>\n<meta property=\"og:type\" content=\"article\" \/>\n<meta property=\"og:title\" content=\"Jilong Pool-Tor-Spielset\" \/>\n<meta property=\"og:description\" content=\"Aufblasbares Pool Tor-Spiel \u2013 Mit Ball &amp; Netz f\u00fcr Kinder ab 3 Jahren\u00a0 Das Pool Goal Game Set sorgt f\u00fcr sportlichen Wasserspa\u00df im Sommer! Mit einem gro\u00dfen aufbla\" \/>\n<meta property=\"og:url\" content=\"https:\/\/schweizversand.ch\/fr\/produkt\/jilong-pool-tor-spielset-2\/\" \/>\n<meta property=\"og:site_name\" content=\"Schweizer Shop f\u00fcr Sport, Spiel und Freizeit\" \/>\n<meta property=\"article:publisher\" content=\"https:\/\/www.facebook.com\/Schweizversand\" \/>\n<meta property=\"article:modified_time\" content=\"2026-04-11T13:33:54+00:00\" \/>\n<meta name=\"twitter:card\" content=\"summary_large_image\" \/>\n<meta name=\"twitter:label1\" content=\"Dur\u00e9e de lecture estim\u00e9e\" \/>\n\t<meta name=\"twitter:data1\" content=\"1 minute\" \/>\n<script type=\"application\/ld+json\" class=\"yoast-schema-graph\">{\"@context\":\"https:\\\/\\\/schema.org\",\"@graph\":[{\"@type\":\"WebPage\",\"@id\":\"https:\\\/\\\/schweizversand.ch\\\/fr\\\/produkt\\\/jilong-pool-tor-spielset-2\\\/\",\"url\":\"https:\\\/\\\/schweizversand.ch\\\/fr\\\/produkt\\\/jilong-pool-tor-spielset-2\\\/\",\"name\":\"Jilong Pool-Tor-Spielset\",\"isPartOf\":{\"@id\":\"https:\\\/\\\/schweizversand.ch\\\/fr\\\/#website\"},\"primaryImageOfPage\":{\"@id\":\"https:\\\/\\\/schweizversand.ch\\\/fr\\\/produkt\\\/jilong-pool-tor-spielset-2\\\/#primaryimage\"},\"image\":{\"@id\":\"https:\\\/\\\/schweizversand.ch\\\/fr\\\/produkt\\\/jilong-pool-tor-spielset-2\\\/#primaryimage\"},\"thumbnailUrl\":\"https:\\\/\\\/schweizversand.ch\\\/wp-content\\\/uploads\\\/2026\\\/04\\\/5471974051.png\",\"datePublished\":\"2026-04-11T00:00:34+00:00\",\"dateModified\":\"2026-04-11T13:33:54+00:00\",\"description\":\"Aufblasbares Pool Tor-Spiel \u2013 Mit Ball & Netz f\u00fcr Kinder ab 3 Jahren\u00a0 Das Pool Goal Game Set sorgt f\u00fcr sportlichen Wasserspa\u00df im Sommer! Mit einem gro\u00dfen aufbla\",\"breadcrumb\":{\"@id\":\"https:\\\/\\\/schweizversand.ch\\\/fr\\\/produkt\\\/jilong-pool-tor-spielset-2\\\/#breadcrumb\"},\"inLanguage\":\"fr-FR\",\"potentialAction\":[{\"@type\":\"ReadAction\",\"target\":[\"https:\\\/\\\/schweizversand.ch\\\/fr\\\/produkt\\\/jilong-pool-tor-spielset-2\\\/\"]}]},{\"@type\":\"ImageObject\",\"inLanguage\":\"fr-FR\",\"@id\":\"https:\\\/\\\/schweizversand.ch\\\/fr\\\/produkt\\\/jilong-pool-tor-spielset-2\\\/#primaryimage\",\"url\":\"https:\\\/\\\/schweizversand.ch\\\/wp-content\\\/uploads\\\/2026\\\/04\\\/5471974051.png\",\"contentUrl\":\"https:\\\/\\\/schweizversand.ch\\\/wp-content\\\/uploads\\\/2026\\\/04\\\/5471974051.png\",\"width\":1024,\"height\":790},{\"@type\":\"BreadcrumbList\",\"@id\":\"https:\\\/\\\/schweizversand.ch\\\/fr\\\/produkt\\\/jilong-pool-tor-spielset-2\\\/#breadcrumb\",\"itemListElement\":[{\"@type\":\"ListItem\",\"position\":1,\"name\":\"Startseite\",\"item\":\"https:\\\/\\\/schweizversand.ch\\\/fr\\\/\"},{\"@type\":\"ListItem\",\"position\":2,\"name\":\"Boutique\",\"item\":\"https:\\\/\\\/schweizversand.ch\\\/fr\\\/boutique\\\/\"},{\"@type\":\"ListItem\",\"position\":3,\"name\":\"Ensemble de jeux Jilong Pool Gate\"}]},{\"@type\":\"WebSite\",\"@id\":\"https:\\\/\\\/schweizversand.ch\\\/fr\\\/#website\",\"url\":\"https:\\\/\\\/schweizversand.ch\\\/fr\\\/\",\"name\":\"Schweizer Shop f\u00fcr Sport, Spiel und Freizeit\",\"description\":\"Gratisversand ab 50.- (netto), ab eigenem schweizer Lager, Lieferung innert 48h\",\"publisher\":{\"@id\":\"https:\\\/\\\/schweizversand.ch\\\/fr\\\/#organization\"},\"alternateName\":\"Schweizversand.ch\",\"potentialAction\":[{\"@type\":\"SearchAction\",\"target\":{\"@type\":\"EntryPoint\",\"urlTemplate\":\"https:\\\/\\\/schweizversand.ch\\\/fr\\\/?s={search_term_string}\"},\"query-input\":{\"@type\":\"PropertyValueSpecification\",\"valueRequired\":true,\"valueName\":\"search_term_string\"}}],\"inLanguage\":\"fr-FR\"},{\"@type\":\"Organization\",\"@id\":\"https:\\\/\\\/schweizversand.ch\\\/fr\\\/#organization\",\"name\":\"Schweizversand.ch\",\"url\":\"https:\\\/\\\/schweizversand.ch\\\/fr\\\/\",\"logo\":{\"@type\":\"ImageObject\",\"inLanguage\":\"fr-FR\",\"@id\":\"https:\\\/\\\/schweizversand.ch\\\/fr\\\/#\\\/schema\\\/logo\\\/image\\\/\",\"url\":\"https:\\\/\\\/schweizversand.ch\\\/wp-content\\\/uploads\\\/2026\\\/03\\\/Logo_Rund_Final-1.png\",\"contentUrl\":\"https:\\\/\\\/schweizversand.ch\\\/wp-content\\\/uploads\\\/2026\\\/03\\\/Logo_Rund_Final-1.png\",\"width\":404,\"height\":404,\"caption\":\"Schweizversand.ch\"},\"image\":{\"@id\":\"https:\\\/\\\/schweizversand.ch\\\/fr\\\/#\\\/schema\\\/logo\\\/image\\\/\"},\"sameAs\":[\"https:\\\/\\\/www.facebook.com\\\/Schweizversand\",\"https:\\\/\\\/www.instagram.com\\\/schweizversand.ch\\\/\"]}]}<\/script>\n<!-- \/ Yoast SEO plugin. -->","yoast_head_json":{"title":"Jilong Pool-Tor-Spielset","description":"Aufblasbares Pool Tor-Spiel \u2013 Mit Ball & Netz f\u00fcr Kinder ab 3 Jahren\u00a0 Das Pool Goal Game Set sorgt f\u00fcr sportlichen Wasserspa\u00df im Sommer! Mit einem gro\u00dfen aufbla","robots":{"index":"index","follow":"follow","max-snippet":"max-snippet:-1","max-image-preview":"max-image-preview:large","max-video-preview":"max-video-preview:-1"},"canonical":"https:\/\/schweizversand.ch\/fr\/produkt\/jilong-pool-tor-spielset-2\/","og_locale":"fr_FR","og_type":"article","og_title":"Jilong Pool-Tor-Spielset","og_description":"Aufblasbares Pool Tor-Spiel \u2013 Mit Ball & Netz f\u00fcr Kinder ab 3 Jahren\u00a0 Das Pool Goal Game Set sorgt f\u00fcr sportlichen Wasserspa\u00df im Sommer! Mit einem gro\u00dfen aufbla","og_url":"https:\/\/schweizversand.ch\/fr\/produkt\/jilong-pool-tor-spielset-2\/","og_site_name":"Schweizer Shop f\u00fcr Sport, Spiel und Freizeit","article_publisher":"https:\/\/www.facebook.com\/Schweizversand","article_modified_time":"2026-04-11T13:33:54+00:00","twitter_card":"summary_large_image","twitter_misc":{"Dur\u00e9e de lecture estim\u00e9e":"1 minute"},"schema":{"@context":"https:\/\/schema.org","@graph":[{"@type":"WebPage","@id":"https:\/\/schweizversand.ch\/fr\/produkt\/jilong-pool-tor-spielset-2\/","url":"https:\/\/schweizversand.ch\/fr\/produkt\/jilong-pool-tor-spielset-2\/","name":"Jilong Pool-Tor-Spielset","isPartOf":{"@id":"https:\/\/schweizversand.ch\/fr\/#website"},"primaryImageOfPage":{"@id":"https:\/\/schweizversand.ch\/fr\/produkt\/jilong-pool-tor-spielset-2\/#primaryimage"},"image":{"@id":"https:\/\/schweizversand.ch\/fr\/produkt\/jilong-pool-tor-spielset-2\/#primaryimage"},"thumbnailUrl":"https:\/\/schweizversand.ch\/wp-content\/uploads\/2026\/04\/5471974051.png","datePublished":"2026-04-11T00:00:34+00:00","dateModified":"2026-04-11T13:33:54+00:00","description":"Aufblasbares Pool Tor-Spiel \u2013 Mit Ball & Netz f\u00fcr Kinder ab 3 Jahren\u00a0 Das Pool Goal Game Set sorgt f\u00fcr sportlichen Wasserspa\u00df im Sommer! Mit einem gro\u00dfen aufbla","breadcrumb":{"@id":"https:\/\/schweizversand.ch\/fr\/produkt\/jilong-pool-tor-spielset-2\/#breadcrumb"},"inLanguage":"fr-FR","potentialAction":[{"@type":"ReadAction","target":["https:\/\/schweizversand.ch\/fr\/produkt\/jilong-pool-tor-spielset-2\/"]}]},{"@type":"ImageObject","inLanguage":"fr-FR","@id":"https:\/\/schweizversand.ch\/fr\/produkt\/jilong-pool-tor-spielset-2\/#primaryimage","url":"https:\/\/schweizversand.ch\/wp-content\/uploads\/2026\/04\/5471974051.png","contentUrl":"https:\/\/schweizversand.ch\/wp-content\/uploads\/2026\/04\/5471974051.png","width":1024,"height":790},{"@type":"BreadcrumbList","@id":"https:\/\/schweizversand.ch\/fr\/produkt\/jilong-pool-tor-spielset-2\/#breadcrumb","itemListElement":[{"@type":"ListItem","position":1,"name":"Startseite","item":"https:\/\/schweizversand.ch\/fr\/"},{"@type":"ListItem","position":2,"name":"Boutique","item":"https:\/\/schweizversand.ch\/fr\/boutique\/"},{"@type":"ListItem","position":3,"name":"Ensemble de jeux Jilong Pool Gate"}]},{"@type":"WebSite","@id":"https:\/\/schweizversand.ch\/fr\/#website","url":"https:\/\/schweizversand.ch\/fr\/","name":"Schweizer Shop f\u00fcr Sport, Spiel und Freizeit","description":"Gratisversand ab 50.- (netto), ab eigenem schweizer Lager, Lieferung innert 48h","publisher":{"@id":"https:\/\/schweizversand.ch\/fr\/#organization"},"alternateName":"Schweizversand.ch","potentialAction":[{"@type":"SearchAction","target":{"@type":"EntryPoint","urlTemplate":"https:\/\/schweizversand.ch\/fr\/?s={search_term_string}"},"query-input":{"@type":"PropertyValueSpecification","valueRequired":true,"valueName":"search_term_string"}}],"inLanguage":"fr-FR"},{"@type":"Organization","@id":"https:\/\/schweizversand.ch\/fr\/#organization","name":"Schweizversand.ch","url":"https:\/\/schweizversand.ch\/fr\/","logo":{"@type":"ImageObject","inLanguage":"fr-FR","@id":"https:\/\/schweizversand.ch\/fr\/#\/schema\/logo\/image\/","url":"https:\/\/schweizversand.ch\/wp-content\/uploads\/2026\/03\/Logo_Rund_Final-1.png","contentUrl":"https:\/\/schweizversand.ch\/wp-content\/uploads\/2026\/03\/Logo_Rund_Final-1.png","width":404,"height":404,"caption":"Schweizversand.ch"},"image":{"@id":"https:\/\/schweizversand.ch\/fr\/#\/schema\/logo\/image\/"},"sameAs":["https:\/\/www.facebook.com\/Schweizversand","https:\/\/www.instagram.com\/schweizversand.ch\/"]}]}},"jetpack_sharing_enabled":true,"_links":{"self":[{"href":"https:\/\/schweizversand.ch\/fr\/wp-json\/wp\/v2\/product\/264239","targetHints":{"allow":["GET"]}}],"collection":[{"href":"https:\/\/schweizversand.ch\/fr\/wp-json\/wp\/v2\/product"}],"about":[{"href":"https:\/\/schweizversand.ch\/fr\/wp-json\/wp\/v2\/types\/product"}],"replies":[{"embeddable":true,"href":"https:\/\/schweizversand.ch\/fr\/wp-json\/wp\/v2\/comments?post=264239"}],"wp:featuredmedia":[{"embeddable":true,"href":"https:\/\/schweizversand.ch\/fr\/wp-json\/wp\/v2\/media\/265437"}],"wp:attachment":[{"href":"https:\/\/schweizversand.ch\/fr\/wp-json\/wp\/v2\/media?parent=264239"}],"wp:term":[{"taxonomy":"product_brand","embeddable":true,"href":"https:\/\/schweizversand.ch\/fr\/wp-json\/wp\/v2\/product_brand?post=264239"},{"taxonomy":"product_cat","embeddable":true,"href":"https:\/\/schweizversand.ch\/fr\/wp-json\/wp\/v2\/product_cat?post=264239"},{"taxonomy":"product_tag","embeddable":true,"href":"https:\/\/schweizversand.ch\/fr\/wp-json\/wp\/v2\/product_tag?post=264239"}],"curies":[{"name":"wp","href":"https:\/\/api.w.org\/{rel}","templated":true}]}}