{"id":264258,"date":"2026-04-11T02:00:34","date_gmt":"2026-04-11T00:00:34","guid":{"rendered":"https:\/\/schweizversand.ch\/produkt\/jilong-aufblasbarer-rechteckiger-pool\/"},"modified":"2026-04-15T02:15:14","modified_gmt":"2026-04-15T00:15:14","slug":"jilong-aufblasbarer-rechteckiger-pool","status":"publish","type":"product","link":"https:\/\/schweizversand.ch\/fr\/produkt\/jilong-aufblasbarer-rechteckiger-pool\/","title":{"rendered":"Piscine rectangulaire gonflable Jilong"},"content":{"rendered":"<p>Cette piscine offre non seulement un grand espace pour s&rsquo;amuser et faire de l&rsquo;exercice, mais assure \u00e9galement la s\u00e9curit\u00e9 et la stabilit\u00e9 n\u00e9cessaires pour barboter en toute tranquillit\u00e9.<\/p>\n<p>Ad\u00e9quation\u00a0:<\/p>\n<p>\u2022 Convient aux enfants \u00e0 partir de 6\u00a0ans, ainsi qu&rsquo;aux adultes<\/p>\n<p>\u2022 Id\u00e9ale pour une utilisation dans le jardin ou sur la terrasse<\/p>\n<p>Conception et fabrication\u00a0:<\/p>\n<p>\u2022 Couleurs\u00a0: Combinaison de couleurs attrayante, anneaux gonflables bleu transparent<\/p>\n<p>\u2022 Taille\u00a0: Grande piscine offrant un vaste espace pour barboter et jouer<\/p>\n<p>\u2022 Montage\u00a0: Installation rapide et facile gr\u00e2ce \u00e0 2\u00a0anneaux gonflables avec valves de haute qualit\u00e9<\/p>\n<p>\u2022 Stabilit\u00e9\u00a0: Les anneaux gonflables assurent une base stable et s\u00e9curis\u00e9e<\/p>\n<p>Utilisation\u00a0:<\/p>\n<p>\u2022 Parfaite pour barboter, se rafra\u00eechir et jouer lors des chaudes journ\u00e9es d&rsquo;\u00e9t\u00e9<\/p>\n<p>\u2022 Offre un grand espace pour plusieurs enfants et adultes<\/p>\n<p>S\u00e9curit\u00e9\u00a0:<\/p>\n<p>\u2022 \u00c2ge\u00a0: Ne convient pas aux enfants de moins de 6\u00a0ans<\/p>\n<p>\u2022 Surveillance\u00a0: \u00c0 utiliser uniquement sous la surveillance d&rsquo;un adulte<\/p>\n","protected":false},"excerpt":{"rendered":"<p>Jilong Aufblasbarer Rechteckiger Pool bietet viel Platz, stabile Luftringe und sicheren Badespa\u00df f\u00fcr Kinder ab 6 Jahren und Erwachsene \u2013 ideal f\u00fcr Garten und Terrasse.<\/p>\n","protected":false},"featured_media":265491,"comment_status":"open","ping_status":"closed","template":"","meta":[],"product_brand":[],"product_cat":[39235],"product_tag":[],"class_list":{"0":"post-264258","1":"product","2":"type-product","3":"status-publish","4":"has-post-thumbnail","6":"product_cat-pool","7":"product_shipping_class-global_methods","9":"first","10":"instock","11":"taxable","12":"shipping-taxable","13":"purchasable","14":"product-type-simple"},"yoast_head":"<!-- This site is optimized with the Yoast SEO plugin v27.4 - https:\/\/yoast.com\/product\/yoast-seo-wordpress\/ -->\n<title>Jilong Aufblasbarer Rechteckiger Pool<\/title>\n<meta name=\"description\" content=\"Das Becken bietet nicht nur Platz f\u00fcr viel Spa\u00df und Bewegung, sondern sorgt auch f\u00fcr die n\u00f6tige Sicherheit und Stabilit\u00e4t beim Planschen. \u00a0 Eignung:\u00a0 \u2022 Geeign\" \/>\n<meta name=\"robots\" content=\"index, follow, max-snippet:-1, max-image-preview:large, max-video-preview:-1\" \/>\n<link rel=\"canonical\" href=\"https:\/\/schweizversand.ch\/fr\/produkt\/jilong-aufblasbarer-rechteckiger-pool\/\" \/>\n<meta property=\"og:locale\" content=\"fr_FR\" \/>\n<meta property=\"og:type\" content=\"article\" \/>\n<meta property=\"og:title\" content=\"Jilong Aufblasbarer Rechteckiger Pool\" \/>\n<meta property=\"og:description\" content=\"Das Becken bietet nicht nur Platz f\u00fcr viel Spa\u00df und Bewegung, sondern sorgt auch f\u00fcr die n\u00f6tige Sicherheit und Stabilit\u00e4t beim Planschen. \u00a0 Eignung:\u00a0 \u2022 Geeign\" \/>\n<meta property=\"og:url\" content=\"https:\/\/schweizversand.ch\/fr\/produkt\/jilong-aufblasbarer-rechteckiger-pool\/\" \/>\n<meta property=\"og:site_name\" content=\"Schweizer Shop f\u00fcr Sport, Spiel und Freizeit\" \/>\n<meta property=\"article:publisher\" content=\"https:\/\/www.facebook.com\/Schweizversand\" \/>\n<meta property=\"article:modified_time\" content=\"2026-04-15T00:15:14+00:00\" \/>\n<meta name=\"twitter:card\" content=\"summary_large_image\" \/>\n<meta name=\"twitter:label1\" content=\"Dur\u00e9e de lecture estim\u00e9e\" \/>\n\t<meta name=\"twitter:data1\" content=\"1 minute\" \/>\n<script type=\"application\/ld+json\" class=\"yoast-schema-graph\">{\"@context\":\"https:\\\/\\\/schema.org\",\"@graph\":[{\"@type\":\"WebPage\",\"@id\":\"https:\\\/\\\/schweizversand.ch\\\/fr\\\/produkt\\\/jilong-aufblasbarer-rechteckiger-pool\\\/\",\"url\":\"https:\\\/\\\/schweizversand.ch\\\/fr\\\/produkt\\\/jilong-aufblasbarer-rechteckiger-pool\\\/\",\"name\":\"Jilong Aufblasbarer Rechteckiger Pool\",\"isPartOf\":{\"@id\":\"https:\\\/\\\/schweizversand.ch\\\/fr\\\/#website\"},\"primaryImageOfPage\":{\"@id\":\"https:\\\/\\\/schweizversand.ch\\\/fr\\\/produkt\\\/jilong-aufblasbarer-rechteckiger-pool\\\/#primaryimage\"},\"image\":{\"@id\":\"https:\\\/\\\/schweizversand.ch\\\/fr\\\/produkt\\\/jilong-aufblasbarer-rechteckiger-pool\\\/#primaryimage\"},\"thumbnailUrl\":\"https:\\\/\\\/schweizversand.ch\\\/wp-content\\\/uploads\\\/2026\\\/04\\\/5471777849.jpg\",\"datePublished\":\"2026-04-11T00:00:34+00:00\",\"dateModified\":\"2026-04-15T00:15:14+00:00\",\"description\":\"Das Becken bietet nicht nur Platz f\u00fcr viel Spa\u00df und Bewegung, sondern sorgt auch f\u00fcr die n\u00f6tige Sicherheit und Stabilit\u00e4t beim Planschen. \u00a0 Eignung:\u00a0 \u2022 Geeign\",\"breadcrumb\":{\"@id\":\"https:\\\/\\\/schweizversand.ch\\\/fr\\\/produkt\\\/jilong-aufblasbarer-rechteckiger-pool\\\/#breadcrumb\"},\"inLanguage\":\"fr-FR\",\"potentialAction\":[{\"@type\":\"ReadAction\",\"target\":[\"https:\\\/\\\/schweizversand.ch\\\/fr\\\/produkt\\\/jilong-aufblasbarer-rechteckiger-pool\\\/\"]}]},{\"@type\":\"ImageObject\",\"inLanguage\":\"fr-FR\",\"@id\":\"https:\\\/\\\/schweizversand.ch\\\/fr\\\/produkt\\\/jilong-aufblasbarer-rechteckiger-pool\\\/#primaryimage\",\"url\":\"https:\\\/\\\/schweizversand.ch\\\/wp-content\\\/uploads\\\/2026\\\/04\\\/5471777849.jpg\",\"contentUrl\":\"https:\\\/\\\/schweizversand.ch\\\/wp-content\\\/uploads\\\/2026\\\/04\\\/5471777849.jpg\",\"width\":1024,\"height\":683},{\"@type\":\"BreadcrumbList\",\"@id\":\"https:\\\/\\\/schweizversand.ch\\\/fr\\\/produkt\\\/jilong-aufblasbarer-rechteckiger-pool\\\/#breadcrumb\",\"itemListElement\":[{\"@type\":\"ListItem\",\"position\":1,\"name\":\"Startseite\",\"item\":\"https:\\\/\\\/schweizversand.ch\\\/fr\\\/\"},{\"@type\":\"ListItem\",\"position\":2,\"name\":\"Boutique\",\"item\":\"https:\\\/\\\/schweizversand.ch\\\/fr\\\/boutique\\\/\"},{\"@type\":\"ListItem\",\"position\":3,\"name\":\"Pool\",\"item\":\"https:\\\/\\\/schweizversand.ch\\\/fr\\\/produkt-kategorie\\\/pool\\\/\"},{\"@type\":\"ListItem\",\"position\":4,\"name\":\"Piscine rectangulaire gonflable Jilong\"}]},{\"@type\":\"WebSite\",\"@id\":\"https:\\\/\\\/schweizversand.ch\\\/fr\\\/#website\",\"url\":\"https:\\\/\\\/schweizversand.ch\\\/fr\\\/\",\"name\":\"Schweizer Shop f\u00fcr Sport, Spiel und Freizeit\",\"description\":\"Gratisversand ab 50.- (netto), ab eigenem schweizer Lager, Lieferung innert 48h\",\"publisher\":{\"@id\":\"https:\\\/\\\/schweizversand.ch\\\/fr\\\/#organization\"},\"alternateName\":\"Schweizversand.ch\",\"potentialAction\":[{\"@type\":\"SearchAction\",\"target\":{\"@type\":\"EntryPoint\",\"urlTemplate\":\"https:\\\/\\\/schweizversand.ch\\\/fr\\\/?s={search_term_string}\"},\"query-input\":{\"@type\":\"PropertyValueSpecification\",\"valueRequired\":true,\"valueName\":\"search_term_string\"}}],\"inLanguage\":\"fr-FR\"},{\"@type\":\"Organization\",\"@id\":\"https:\\\/\\\/schweizversand.ch\\\/fr\\\/#organization\",\"name\":\"Schweizversand.ch\",\"url\":\"https:\\\/\\\/schweizversand.ch\\\/fr\\\/\",\"logo\":{\"@type\":\"ImageObject\",\"inLanguage\":\"fr-FR\",\"@id\":\"https:\\\/\\\/schweizversand.ch\\\/fr\\\/#\\\/schema\\\/logo\\\/image\\\/\",\"url\":\"https:\\\/\\\/schweizversand.ch\\\/wp-content\\\/uploads\\\/2026\\\/03\\\/Logo_Rund_Final-1.png\",\"contentUrl\":\"https:\\\/\\\/schweizversand.ch\\\/wp-content\\\/uploads\\\/2026\\\/03\\\/Logo_Rund_Final-1.png\",\"width\":404,\"height\":404,\"caption\":\"Schweizversand.ch\"},\"image\":{\"@id\":\"https:\\\/\\\/schweizversand.ch\\\/fr\\\/#\\\/schema\\\/logo\\\/image\\\/\"},\"sameAs\":[\"https:\\\/\\\/www.facebook.com\\\/Schweizversand\",\"https:\\\/\\\/www.instagram.com\\\/schweizversand.ch\\\/\"]}]}<\/script>\n<!-- \/ Yoast SEO plugin. -->","yoast_head_json":{"title":"Jilong Aufblasbarer Rechteckiger Pool","description":"Das Becken bietet nicht nur Platz f\u00fcr viel Spa\u00df und Bewegung, sondern sorgt auch f\u00fcr die n\u00f6tige Sicherheit und Stabilit\u00e4t beim Planschen. \u00a0 Eignung:\u00a0 \u2022 Geeign","robots":{"index":"index","follow":"follow","max-snippet":"max-snippet:-1","max-image-preview":"max-image-preview:large","max-video-preview":"max-video-preview:-1"},"canonical":"https:\/\/schweizversand.ch\/fr\/produkt\/jilong-aufblasbarer-rechteckiger-pool\/","og_locale":"fr_FR","og_type":"article","og_title":"Jilong Aufblasbarer Rechteckiger Pool","og_description":"Das Becken bietet nicht nur Platz f\u00fcr viel Spa\u00df und Bewegung, sondern sorgt auch f\u00fcr die n\u00f6tige Sicherheit und Stabilit\u00e4t beim Planschen. \u00a0 Eignung:\u00a0 \u2022 Geeign","og_url":"https:\/\/schweizversand.ch\/fr\/produkt\/jilong-aufblasbarer-rechteckiger-pool\/","og_site_name":"Schweizer Shop f\u00fcr Sport, Spiel und Freizeit","article_publisher":"https:\/\/www.facebook.com\/Schweizversand","article_modified_time":"2026-04-15T00:15:14+00:00","twitter_card":"summary_large_image","twitter_misc":{"Dur\u00e9e de lecture estim\u00e9e":"1 minute"},"schema":{"@context":"https:\/\/schema.org","@graph":[{"@type":"WebPage","@id":"https:\/\/schweizversand.ch\/fr\/produkt\/jilong-aufblasbarer-rechteckiger-pool\/","url":"https:\/\/schweizversand.ch\/fr\/produkt\/jilong-aufblasbarer-rechteckiger-pool\/","name":"Jilong Aufblasbarer Rechteckiger Pool","isPartOf":{"@id":"https:\/\/schweizversand.ch\/fr\/#website"},"primaryImageOfPage":{"@id":"https:\/\/schweizversand.ch\/fr\/produkt\/jilong-aufblasbarer-rechteckiger-pool\/#primaryimage"},"image":{"@id":"https:\/\/schweizversand.ch\/fr\/produkt\/jilong-aufblasbarer-rechteckiger-pool\/#primaryimage"},"thumbnailUrl":"https:\/\/schweizversand.ch\/wp-content\/uploads\/2026\/04\/5471777849.jpg","datePublished":"2026-04-11T00:00:34+00:00","dateModified":"2026-04-15T00:15:14+00:00","description":"Das Becken bietet nicht nur Platz f\u00fcr viel Spa\u00df und Bewegung, sondern sorgt auch f\u00fcr die n\u00f6tige Sicherheit und Stabilit\u00e4t beim Planschen. \u00a0 Eignung:\u00a0 \u2022 Geeign","breadcrumb":{"@id":"https:\/\/schweizversand.ch\/fr\/produkt\/jilong-aufblasbarer-rechteckiger-pool\/#breadcrumb"},"inLanguage":"fr-FR","potentialAction":[{"@type":"ReadAction","target":["https:\/\/schweizversand.ch\/fr\/produkt\/jilong-aufblasbarer-rechteckiger-pool\/"]}]},{"@type":"ImageObject","inLanguage":"fr-FR","@id":"https:\/\/schweizversand.ch\/fr\/produkt\/jilong-aufblasbarer-rechteckiger-pool\/#primaryimage","url":"https:\/\/schweizversand.ch\/wp-content\/uploads\/2026\/04\/5471777849.jpg","contentUrl":"https:\/\/schweizversand.ch\/wp-content\/uploads\/2026\/04\/5471777849.jpg","width":1024,"height":683},{"@type":"BreadcrumbList","@id":"https:\/\/schweizversand.ch\/fr\/produkt\/jilong-aufblasbarer-rechteckiger-pool\/#breadcrumb","itemListElement":[{"@type":"ListItem","position":1,"name":"Startseite","item":"https:\/\/schweizversand.ch\/fr\/"},{"@type":"ListItem","position":2,"name":"Boutique","item":"https:\/\/schweizversand.ch\/fr\/boutique\/"},{"@type":"ListItem","position":3,"name":"Pool","item":"https:\/\/schweizversand.ch\/fr\/produkt-kategorie\/pool\/"},{"@type":"ListItem","position":4,"name":"Piscine rectangulaire gonflable Jilong"}]},{"@type":"WebSite","@id":"https:\/\/schweizversand.ch\/fr\/#website","url":"https:\/\/schweizversand.ch\/fr\/","name":"Schweizer Shop f\u00fcr Sport, Spiel und Freizeit","description":"Gratisversand ab 50.- (netto), ab eigenem schweizer Lager, Lieferung innert 48h","publisher":{"@id":"https:\/\/schweizversand.ch\/fr\/#organization"},"alternateName":"Schweizversand.ch","potentialAction":[{"@type":"SearchAction","target":{"@type":"EntryPoint","urlTemplate":"https:\/\/schweizversand.ch\/fr\/?s={search_term_string}"},"query-input":{"@type":"PropertyValueSpecification","valueRequired":true,"valueName":"search_term_string"}}],"inLanguage":"fr-FR"},{"@type":"Organization","@id":"https:\/\/schweizversand.ch\/fr\/#organization","name":"Schweizversand.ch","url":"https:\/\/schweizversand.ch\/fr\/","logo":{"@type":"ImageObject","inLanguage":"fr-FR","@id":"https:\/\/schweizversand.ch\/fr\/#\/schema\/logo\/image\/","url":"https:\/\/schweizversand.ch\/wp-content\/uploads\/2026\/03\/Logo_Rund_Final-1.png","contentUrl":"https:\/\/schweizversand.ch\/wp-content\/uploads\/2026\/03\/Logo_Rund_Final-1.png","width":404,"height":404,"caption":"Schweizversand.ch"},"image":{"@id":"https:\/\/schweizversand.ch\/fr\/#\/schema\/logo\/image\/"},"sameAs":["https:\/\/www.facebook.com\/Schweizversand","https:\/\/www.instagram.com\/schweizversand.ch\/"]}]}},"jetpack_sharing_enabled":true,"_links":{"self":[{"href":"https:\/\/schweizversand.ch\/fr\/wp-json\/wp\/v2\/product\/264258","targetHints":{"allow":["GET"]}}],"collection":[{"href":"https:\/\/schweizversand.ch\/fr\/wp-json\/wp\/v2\/product"}],"about":[{"href":"https:\/\/schweizversand.ch\/fr\/wp-json\/wp\/v2\/types\/product"}],"replies":[{"embeddable":true,"href":"https:\/\/schweizversand.ch\/fr\/wp-json\/wp\/v2\/comments?post=264258"}],"wp:featuredmedia":[{"embeddable":true,"href":"https:\/\/schweizversand.ch\/fr\/wp-json\/wp\/v2\/media\/265491"}],"wp:attachment":[{"href":"https:\/\/schweizversand.ch\/fr\/wp-json\/wp\/v2\/media?parent=264258"}],"wp:term":[{"taxonomy":"product_brand","embeddable":true,"href":"https:\/\/schweizversand.ch\/fr\/wp-json\/wp\/v2\/product_brand?post=264258"},{"taxonomy":"product_cat","embeddable":true,"href":"https:\/\/schweizversand.ch\/fr\/wp-json\/wp\/v2\/product_cat?post=264258"},{"taxonomy":"product_tag","embeddable":true,"href":"https:\/\/schweizversand.ch\/fr\/wp-json\/wp\/v2\/product_tag?post=264258"}],"curies":[{"name":"wp","href":"https:\/\/api.w.org\/{rel}","templated":true}]}}