{"id":264273,"date":"2026-04-11T02:00:35","date_gmt":"2026-04-11T00:00:35","guid":{"rendered":"https:\/\/schweizversand.ch\/produkt\/jilong-reisekissen-2\/"},"modified":"2026-04-12T02:06:16","modified_gmt":"2026-04-12T00:06:16","slug":"jilong-reisekissen","status":"publish","type":"product","link":"https:\/\/schweizversand.ch\/fr\/produkt\/jilong-reisekissen\/","title":{"rendered":"Oreiller de voyage Jilong"},"content":{"rendered":"<p>L&rsquo;oreiller cervical est la solution id\u00e9ale pour soulager et d\u00e9tendre votre cou pendant vos voyages, notamment lors de longs trajets.<\/p>\n<p>Voici quelques-unes de ses principales caract\u00e9ristiques\u00a0:<\/p>\n<p>\u2022 Forme ergonomique\u00a0: L&rsquo;oreiller cervical poss\u00e8de une forme ergonomique, ce qui signifie qu&rsquo;il est sp\u00e9cialement con\u00e7u pour soutenir et soulager les tensions cervicales de mani\u00e8re optimale. C&rsquo;est particuli\u00e8rement important pour les longs voyages, o\u00f9 la nuque est souvent mise \u00e0 rude \u00e9preuve.<\/p>\n<p>\u2022 Soulagement efficace\u00a0: La forme ergonomique de l&rsquo;oreiller soutient et soulage efficacement les muscles du cou. Cela peut contribuer \u00e0 r\u00e9duire les tensions et les douleurs cervicales.<\/p>\n<p>\u2022 Utilisation polyvalente\u00a0: L&rsquo;oreiller est id\u00e9al pour les longs trajets en voiture, en train ou en avion lorsque vous souhaitez faire une sieste. Il vous permet de vous reposer dans une position confortable.<\/p>\n<p>\u2022 Mat\u00e9riau\u00a0: L&rsquo;oreiller est fabriqu\u00e9 en PVC floqu\u00e9 de 0,4\u00a0mm d&rsquo;\u00e9paisseur. Ce mat\u00e9riau est durable et doux pour la peau.<\/p>\n<p>\u2022 Poids maximal support\u00e9\u00a0: L&rsquo;oreiller cervical peut supporter un poids maximal de 120\u00a0kg. Il convient donc \u00e0 la plupart des personnes.<\/p>\n<p>En r\u00e9sum\u00e9, cet oreiller cervical est un excellent choix pour soulager et d\u00e9tendre votre cou pendant vos voyages. Portable et facile d&rsquo;utilisation, il contribuera \u00e0 rendre vos d\u00e9placements plus agr\u00e9ables.<\/p>\n","protected":false},"excerpt":{"rendered":"<p>Jilong Reisekissen bietet ergonomische Nackenst\u00fctze und effektive Entlastung f\u00fcr entspanntes Reisen \u2013 ideal f\u00fcr lange Fahrten im Auto, Zug oder Flugzeug.<\/p>\n","protected":false},"featured_media":265551,"comment_status":"open","ping_status":"closed","template":"","meta":[],"product_brand":[],"product_cat":[38863],"product_tag":[],"class_list":{"0":"post-264273","1":"product","2":"type-product","3":"status-publish","4":"has-post-thumbnail","6":"product_cat-reisekissen","7":"product_shipping_class-global_methods","9":"first","10":"instock","11":"taxable","12":"shipping-taxable","13":"purchasable","14":"product-type-simple"},"yoast_head":"<!-- This site is optimized with the Yoast SEO plugin v27.3 - https:\/\/yoast.com\/product\/yoast-seo-wordpress\/ -->\n<title>Jilong Reisekissen<\/title>\n<meta name=\"description\" content=\"Das Nackenkissen ist eine gro\u00dfartige L\u00f6sung, um w\u00e4hrend Ihrer Reisen und insbesondere w\u00e4hrend langer Fahrten Komfort und Entspannung f\u00fcr Ihren Nacken zu bieten.\" \/>\n<meta name=\"robots\" content=\"index, follow, max-snippet:-1, max-image-preview:large, max-video-preview:-1\" \/>\n<link rel=\"canonical\" href=\"https:\/\/schweizversand.ch\/fr\/produkt\/jilong-reisekissen\/\" \/>\n<meta property=\"og:locale\" content=\"fr_FR\" \/>\n<meta property=\"og:type\" content=\"article\" \/>\n<meta property=\"og:title\" content=\"Jilong Reisekissen\" \/>\n<meta property=\"og:description\" content=\"Das Nackenkissen ist eine gro\u00dfartige L\u00f6sung, um w\u00e4hrend Ihrer Reisen und insbesondere w\u00e4hrend langer Fahrten Komfort und Entspannung f\u00fcr Ihren Nacken zu bieten.\" \/>\n<meta property=\"og:url\" content=\"https:\/\/schweizversand.ch\/fr\/produkt\/jilong-reisekissen\/\" \/>\n<meta property=\"og:site_name\" content=\"Schweizer Shop f\u00fcr Sport, Spiel und Freizeit\" \/>\n<meta property=\"article:publisher\" content=\"https:\/\/www.facebook.com\/Schweizversand\" \/>\n<meta property=\"article:modified_time\" content=\"2026-04-12T00:06:16+00:00\" \/>\n<meta property=\"og:image\" content=\"https:\/\/schweizversand.ch\/wp-content\/uploads\/2026\/04\/5471480458.png\" \/>\n\t<meta property=\"og:image:width\" content=\"1024\" \/>\n\t<meta property=\"og:image:height\" content=\"1024\" \/>\n\t<meta property=\"og:image:type\" content=\"image\/png\" \/>\n<meta name=\"twitter:card\" content=\"summary_large_image\" \/>\n<meta name=\"twitter:label1\" content=\"Dur\u00e9e de lecture estim\u00e9e\" \/>\n\t<meta name=\"twitter:data1\" content=\"1 minute\" \/>\n<script type=\"application\/ld+json\" class=\"yoast-schema-graph\">{\"@context\":\"https:\\\/\\\/schema.org\",\"@graph\":[{\"@type\":\"WebPage\",\"@id\":\"https:\\\/\\\/schweizversand.ch\\\/fr\\\/produkt\\\/jilong-reisekissen\\\/\",\"url\":\"https:\\\/\\\/schweizversand.ch\\\/fr\\\/produkt\\\/jilong-reisekissen\\\/\",\"name\":\"Jilong Reisekissen\",\"isPartOf\":{\"@id\":\"https:\\\/\\\/schweizversand.ch\\\/fr\\\/#website\"},\"primaryImageOfPage\":{\"@id\":\"https:\\\/\\\/schweizversand.ch\\\/fr\\\/produkt\\\/jilong-reisekissen\\\/#primaryimage\"},\"image\":{\"@id\":\"https:\\\/\\\/schweizversand.ch\\\/fr\\\/produkt\\\/jilong-reisekissen\\\/#primaryimage\"},\"thumbnailUrl\":\"https:\\\/\\\/schweizversand.ch\\\/wp-content\\\/uploads\\\/2026\\\/04\\\/5471480458.png\",\"datePublished\":\"2026-04-11T00:00:35+00:00\",\"dateModified\":\"2026-04-12T00:06:16+00:00\",\"description\":\"Das Nackenkissen ist eine gro\u00dfartige L\u00f6sung, um w\u00e4hrend Ihrer Reisen und insbesondere w\u00e4hrend langer Fahrten Komfort und Entspannung f\u00fcr Ihren Nacken zu bieten.\",\"breadcrumb\":{\"@id\":\"https:\\\/\\\/schweizversand.ch\\\/fr\\\/produkt\\\/jilong-reisekissen\\\/#breadcrumb\"},\"inLanguage\":\"fr-FR\",\"potentialAction\":[{\"@type\":\"ReadAction\",\"target\":[\"https:\\\/\\\/schweizversand.ch\\\/fr\\\/produkt\\\/jilong-reisekissen\\\/\"]}]},{\"@type\":\"ImageObject\",\"inLanguage\":\"fr-FR\",\"@id\":\"https:\\\/\\\/schweizversand.ch\\\/fr\\\/produkt\\\/jilong-reisekissen\\\/#primaryimage\",\"url\":\"https:\\\/\\\/schweizversand.ch\\\/wp-content\\\/uploads\\\/2026\\\/04\\\/5471480458.png\",\"contentUrl\":\"https:\\\/\\\/schweizversand.ch\\\/wp-content\\\/uploads\\\/2026\\\/04\\\/5471480458.png\",\"width\":1024,\"height\":1024},{\"@type\":\"BreadcrumbList\",\"@id\":\"https:\\\/\\\/schweizversand.ch\\\/fr\\\/produkt\\\/jilong-reisekissen\\\/#breadcrumb\",\"itemListElement\":[{\"@type\":\"ListItem\",\"position\":1,\"name\":\"Startseite\",\"item\":\"https:\\\/\\\/schweizversand.ch\\\/fr\\\/\"},{\"@type\":\"ListItem\",\"position\":2,\"name\":\"Boutique\",\"item\":\"https:\\\/\\\/schweizversand.ch\\\/fr\\\/boutique\\\/\"},{\"@type\":\"ListItem\",\"position\":3,\"name\":\"Oreiller de voyage Jilong\"}]},{\"@type\":\"WebSite\",\"@id\":\"https:\\\/\\\/schweizversand.ch\\\/fr\\\/#website\",\"url\":\"https:\\\/\\\/schweizversand.ch\\\/fr\\\/\",\"name\":\"Schweizer Shop f\u00fcr Sport, Spiel und Freizeit\",\"description\":\"Gratisversand ab 50.- (netto), ab eigenem schweizer Lager, Lieferung innert 48h\",\"publisher\":{\"@id\":\"https:\\\/\\\/schweizversand.ch\\\/fr\\\/#organization\"},\"alternateName\":\"Schweizversand.ch\",\"potentialAction\":[{\"@type\":\"SearchAction\",\"target\":{\"@type\":\"EntryPoint\",\"urlTemplate\":\"https:\\\/\\\/schweizversand.ch\\\/fr\\\/?s={search_term_string}\"},\"query-input\":{\"@type\":\"PropertyValueSpecification\",\"valueRequired\":true,\"valueName\":\"search_term_string\"}}],\"inLanguage\":\"fr-FR\"},{\"@type\":\"Organization\",\"@id\":\"https:\\\/\\\/schweizversand.ch\\\/fr\\\/#organization\",\"name\":\"Schweizversand.ch\",\"url\":\"https:\\\/\\\/schweizversand.ch\\\/fr\\\/\",\"logo\":{\"@type\":\"ImageObject\",\"inLanguage\":\"fr-FR\",\"@id\":\"https:\\\/\\\/schweizversand.ch\\\/fr\\\/#\\\/schema\\\/logo\\\/image\\\/\",\"url\":\"https:\\\/\\\/schweizversand.ch\\\/wp-content\\\/uploads\\\/2026\\\/03\\\/Logo_Rund_Final-1.png\",\"contentUrl\":\"https:\\\/\\\/schweizversand.ch\\\/wp-content\\\/uploads\\\/2026\\\/03\\\/Logo_Rund_Final-1.png\",\"width\":404,\"height\":404,\"caption\":\"Schweizversand.ch\"},\"image\":{\"@id\":\"https:\\\/\\\/schweizversand.ch\\\/fr\\\/#\\\/schema\\\/logo\\\/image\\\/\"},\"sameAs\":[\"https:\\\/\\\/www.facebook.com\\\/Schweizversand\",\"https:\\\/\\\/www.instagram.com\\\/schweizversand.ch\\\/\"]}]}<\/script>\n<!-- \/ Yoast SEO plugin. -->","yoast_head_json":{"title":"Jilong Reisekissen","description":"Das Nackenkissen ist eine gro\u00dfartige L\u00f6sung, um w\u00e4hrend Ihrer Reisen und insbesondere w\u00e4hrend langer Fahrten Komfort und Entspannung f\u00fcr Ihren Nacken zu bieten.","robots":{"index":"index","follow":"follow","max-snippet":"max-snippet:-1","max-image-preview":"max-image-preview:large","max-video-preview":"max-video-preview:-1"},"canonical":"https:\/\/schweizversand.ch\/fr\/produkt\/jilong-reisekissen\/","og_locale":"fr_FR","og_type":"article","og_title":"Jilong Reisekissen","og_description":"Das Nackenkissen ist eine gro\u00dfartige L\u00f6sung, um w\u00e4hrend Ihrer Reisen und insbesondere w\u00e4hrend langer Fahrten Komfort und Entspannung f\u00fcr Ihren Nacken zu bieten.","og_url":"https:\/\/schweizversand.ch\/fr\/produkt\/jilong-reisekissen\/","og_site_name":"Schweizer Shop f\u00fcr Sport, Spiel und Freizeit","article_publisher":"https:\/\/www.facebook.com\/Schweizversand","article_modified_time":"2026-04-12T00:06:16+00:00","og_image":[{"width":1024,"height":1024,"url":"https:\/\/schweizversand.ch\/wp-content\/uploads\/2026\/04\/5471480458.png","type":"image\/png"}],"twitter_card":"summary_large_image","twitter_misc":{"Dur\u00e9e de lecture estim\u00e9e":"1 minute"},"schema":{"@context":"https:\/\/schema.org","@graph":[{"@type":"WebPage","@id":"https:\/\/schweizversand.ch\/fr\/produkt\/jilong-reisekissen\/","url":"https:\/\/schweizversand.ch\/fr\/produkt\/jilong-reisekissen\/","name":"Jilong Reisekissen","isPartOf":{"@id":"https:\/\/schweizversand.ch\/fr\/#website"},"primaryImageOfPage":{"@id":"https:\/\/schweizversand.ch\/fr\/produkt\/jilong-reisekissen\/#primaryimage"},"image":{"@id":"https:\/\/schweizversand.ch\/fr\/produkt\/jilong-reisekissen\/#primaryimage"},"thumbnailUrl":"https:\/\/schweizversand.ch\/wp-content\/uploads\/2026\/04\/5471480458.png","datePublished":"2026-04-11T00:00:35+00:00","dateModified":"2026-04-12T00:06:16+00:00","description":"Das Nackenkissen ist eine gro\u00dfartige L\u00f6sung, um w\u00e4hrend Ihrer Reisen und insbesondere w\u00e4hrend langer Fahrten Komfort und Entspannung f\u00fcr Ihren Nacken zu bieten.","breadcrumb":{"@id":"https:\/\/schweizversand.ch\/fr\/produkt\/jilong-reisekissen\/#breadcrumb"},"inLanguage":"fr-FR","potentialAction":[{"@type":"ReadAction","target":["https:\/\/schweizversand.ch\/fr\/produkt\/jilong-reisekissen\/"]}]},{"@type":"ImageObject","inLanguage":"fr-FR","@id":"https:\/\/schweizversand.ch\/fr\/produkt\/jilong-reisekissen\/#primaryimage","url":"https:\/\/schweizversand.ch\/wp-content\/uploads\/2026\/04\/5471480458.png","contentUrl":"https:\/\/schweizversand.ch\/wp-content\/uploads\/2026\/04\/5471480458.png","width":1024,"height":1024},{"@type":"BreadcrumbList","@id":"https:\/\/schweizversand.ch\/fr\/produkt\/jilong-reisekissen\/#breadcrumb","itemListElement":[{"@type":"ListItem","position":1,"name":"Startseite","item":"https:\/\/schweizversand.ch\/fr\/"},{"@type":"ListItem","position":2,"name":"Boutique","item":"https:\/\/schweizversand.ch\/fr\/boutique\/"},{"@type":"ListItem","position":3,"name":"Oreiller de voyage Jilong"}]},{"@type":"WebSite","@id":"https:\/\/schweizversand.ch\/fr\/#website","url":"https:\/\/schweizversand.ch\/fr\/","name":"Schweizer Shop f\u00fcr Sport, Spiel und Freizeit","description":"Gratisversand ab 50.- (netto), ab eigenem schweizer Lager, Lieferung innert 48h","publisher":{"@id":"https:\/\/schweizversand.ch\/fr\/#organization"},"alternateName":"Schweizversand.ch","potentialAction":[{"@type":"SearchAction","target":{"@type":"EntryPoint","urlTemplate":"https:\/\/schweizversand.ch\/fr\/?s={search_term_string}"},"query-input":{"@type":"PropertyValueSpecification","valueRequired":true,"valueName":"search_term_string"}}],"inLanguage":"fr-FR"},{"@type":"Organization","@id":"https:\/\/schweizversand.ch\/fr\/#organization","name":"Schweizversand.ch","url":"https:\/\/schweizversand.ch\/fr\/","logo":{"@type":"ImageObject","inLanguage":"fr-FR","@id":"https:\/\/schweizversand.ch\/fr\/#\/schema\/logo\/image\/","url":"https:\/\/schweizversand.ch\/wp-content\/uploads\/2026\/03\/Logo_Rund_Final-1.png","contentUrl":"https:\/\/schweizversand.ch\/wp-content\/uploads\/2026\/03\/Logo_Rund_Final-1.png","width":404,"height":404,"caption":"Schweizversand.ch"},"image":{"@id":"https:\/\/schweizversand.ch\/fr\/#\/schema\/logo\/image\/"},"sameAs":["https:\/\/www.facebook.com\/Schweizversand","https:\/\/www.instagram.com\/schweizversand.ch\/"]}]}},"jetpack_sharing_enabled":true,"_links":{"self":[{"href":"https:\/\/schweizversand.ch\/fr\/wp-json\/wp\/v2\/product\/264273","targetHints":{"allow":["GET"]}}],"collection":[{"href":"https:\/\/schweizversand.ch\/fr\/wp-json\/wp\/v2\/product"}],"about":[{"href":"https:\/\/schweizversand.ch\/fr\/wp-json\/wp\/v2\/types\/product"}],"replies":[{"embeddable":true,"href":"https:\/\/schweizversand.ch\/fr\/wp-json\/wp\/v2\/comments?post=264273"}],"wp:featuredmedia":[{"embeddable":true,"href":"https:\/\/schweizversand.ch\/fr\/wp-json\/wp\/v2\/media\/265551"}],"wp:attachment":[{"href":"https:\/\/schweizversand.ch\/fr\/wp-json\/wp\/v2\/media?parent=264273"}],"wp:term":[{"taxonomy":"product_brand","embeddable":true,"href":"https:\/\/schweizversand.ch\/fr\/wp-json\/wp\/v2\/product_brand?post=264273"},{"taxonomy":"product_cat","embeddable":true,"href":"https:\/\/schweizversand.ch\/fr\/wp-json\/wp\/v2\/product_cat?post=264273"},{"taxonomy":"product_tag","embeddable":true,"href":"https:\/\/schweizversand.ch\/fr\/wp-json\/wp\/v2\/product_tag?post=264273"}],"curies":[{"name":"wp","href":"https:\/\/api.w.org\/{rel}","templated":true}]}}