{"id":264293,"date":"2026-04-11T02:00:36","date_gmt":"2026-04-11T00:00:36","guid":{"rendered":"https:\/\/schweizversand.ch\/produkt\/jilong-avenli-batteriebetriebene-elektrische-luft-pumpe-2\/"},"modified":"2026-04-12T15:33:49","modified_gmt":"2026-04-12T13:33:49","slug":"jilong-avenli-batteriebetriebene-elektrische-luft-pumpe-2","status":"publish","type":"product","link":"https:\/\/schweizversand.ch\/fr\/produkt\/jilong-avenli-batteriebetriebene-elektrische-luft-pumpe-2\/","title":{"rendered":"Pompe \u00e0 air \u00e9lectrique\/\u00e0 batterie Jilong Avenli"},"content":{"rendered":"<div>Pompe \u00e0 air \u00e9lectrique Jilong \u2013 Fonctionne sur batterie, compacte et puissante<br \/>Avec la pompe \u00e9lectrique Jilong fonctionnant sur batterie, gonfler et d\u00e9gonfler des produits pneumatiques devient un jeu d&rsquo;enfant \u2013 sans aucune prise de courant\u00a0! Que vous soyez en d\u00e9placement ou \u00e0 la maison\u00a0: cette pompe compacte est votre alli\u00e9e fiable pour gonfler matelas pneumatiques, piscines, bateaux gonflables et bien plus encore.<br \/>D\u00e9tails du produit\u00a0:<br \/>\u2022 Type\u00a0: Pompe \u00e0 air \u00e9lectrique, fonctionne sur piles<br \/>\u2022 Mat\u00e9riau\u00a0: Plastique robuste et durable<br \/>\u2022 Alimentation\u00a0: 8 piles AA 1,5\u00a0V (non incluses)<br \/>\u2022 Pression de sortie\u00a0: Jusqu\u2019\u00e0 2\u00a0400\u00a0Pa \/ 0,35\u00a0psi<br \/>\u2022 Fonctions\u00a0: Gonflage et d\u00e9gonflage. D\u00e9gonflage en quelques minutes.<br \/>\u2022 Accessoires\u00a0: Comprend 3 adaptateurs universels \u2013 compatibles avec la plupart des valves.<\/p>\n<\/div>\n<div>Utilisation polyvalente \u2013 id\u00e9ale pour\u00a0:<br \/>\u2022 Camping et aventures en plein air<br \/>\u2022 Piscines gonflables et pataugeoires<br \/>\u2022 Matelas pneumatiques, jouets aquatiques et bateaux gonflables<br \/>\u2022 Utilisation rapide en int\u00e9rieur et en ext\u00e9rieur.<\/p>\n<\/div>\n<div>Gr\u00e2ce \u00e0 sa conception compacte et \u00e0 son fonctionnement sans fil, la pompe \u00e0 air Jilong est parfaite pour une utilisation nomade. Gr\u00e2ce aux trois adaptateurs inclus, il s&rsquo;adapte \u00e0 la quasi-totalit\u00e9 des vannes courantes.<\/p>\n<\/div>\n","protected":false},"excerpt":{"rendered":"<p>Jilong Avenli batteriebetriebene Luft-Pumpe: Kompakt, leistungsstark und flexibel mit 3 Adaptern \u2013 ideal f\u00fcr Luftmatratzen, Pools und Outdoor-Abenteuer ohne Stromanschluss.<\/p>\n","protected":false},"featured_media":265595,"comment_status":"open","ping_status":"closed","template":"","meta":[],"product_brand":[],"product_cat":[39052],"product_tag":[],"class_list":{"0":"post-264293","1":"product","2":"type-product","3":"status-publish","4":"has-post-thumbnail","6":"product_cat-divers","7":"product_shipping_class-global_methods","9":"first","10":"instock","11":"taxable","12":"shipping-taxable","13":"purchasable","14":"product-type-simple"},"yoast_head":"<!-- This site is optimized with the Yoast SEO plugin v27.3 - https:\/\/yoast.com\/product\/yoast-seo-wordpress\/ -->\n<title>Jilong Avenli Batteriebetriebene \/ Elektrische Luft-Pumpe<\/title>\n<meta name=\"description\" content=\"Jilong Elektrische Luftpumpe \u2013 Batteriebetrieben, kompakt &amp; leistungsstark\u00a0 Mit der batteriebetriebenen Jilong Elektropumpe wird das Auf- und Abpumpen von Luftp\" \/>\n<meta name=\"robots\" content=\"index, follow, max-snippet:-1, max-image-preview:large, max-video-preview:-1\" \/>\n<link rel=\"canonical\" href=\"https:\/\/schweizversand.ch\/fr\/produkt\/jilong-avenli-batteriebetriebene-elektrische-luft-pumpe-2\/\" \/>\n<meta property=\"og:locale\" content=\"fr_FR\" \/>\n<meta property=\"og:type\" content=\"article\" \/>\n<meta property=\"og:title\" content=\"Jilong Avenli Batteriebetriebene \/ Elektrische Luft-Pumpe\" \/>\n<meta property=\"og:description\" content=\"Jilong Elektrische Luftpumpe \u2013 Batteriebetrieben, kompakt &amp; leistungsstark\u00a0 Mit der batteriebetriebenen Jilong Elektropumpe wird das Auf- und Abpumpen von Luftp\" \/>\n<meta property=\"og:url\" content=\"https:\/\/schweizversand.ch\/fr\/produkt\/jilong-avenli-batteriebetriebene-elektrische-luft-pumpe-2\/\" \/>\n<meta property=\"og:site_name\" content=\"Schweizer Shop f\u00fcr Sport, Spiel und Freizeit\" \/>\n<meta property=\"article:publisher\" content=\"https:\/\/www.facebook.com\/Schweizversand\" \/>\n<meta property=\"article:modified_time\" content=\"2026-04-12T13:33:49+00:00\" \/>\n<meta property=\"og:image\" content=\"https:\/\/schweizversand.ch\/wp-content\/uploads\/2026\/04\/5471973250-2.jpg\" \/>\n\t<meta property=\"og:image:width\" content=\"1024\" \/>\n\t<meta property=\"og:image:height\" content=\"1024\" \/>\n\t<meta property=\"og:image:type\" content=\"image\/jpeg\" \/>\n<meta name=\"twitter:card\" content=\"summary_large_image\" \/>\n<meta name=\"twitter:label1\" content=\"Dur\u00e9e de lecture estim\u00e9e\" \/>\n\t<meta name=\"twitter:data1\" content=\"1 minute\" \/>\n<script type=\"application\/ld+json\" class=\"yoast-schema-graph\">{\"@context\":\"https:\\\/\\\/schema.org\",\"@graph\":[{\"@type\":\"WebPage\",\"@id\":\"https:\\\/\\\/schweizversand.ch\\\/fr\\\/produkt\\\/jilong-avenli-batteriebetriebene-elektrische-luft-pumpe-2\\\/\",\"url\":\"https:\\\/\\\/schweizversand.ch\\\/fr\\\/produkt\\\/jilong-avenli-batteriebetriebene-elektrische-luft-pumpe-2\\\/\",\"name\":\"Jilong Avenli Batteriebetriebene \\\/ Elektrische Luft-Pumpe\",\"isPartOf\":{\"@id\":\"https:\\\/\\\/schweizversand.ch\\\/fr\\\/#website\"},\"primaryImageOfPage\":{\"@id\":\"https:\\\/\\\/schweizversand.ch\\\/fr\\\/produkt\\\/jilong-avenli-batteriebetriebene-elektrische-luft-pumpe-2\\\/#primaryimage\"},\"image\":{\"@id\":\"https:\\\/\\\/schweizversand.ch\\\/fr\\\/produkt\\\/jilong-avenli-batteriebetriebene-elektrische-luft-pumpe-2\\\/#primaryimage\"},\"thumbnailUrl\":\"https:\\\/\\\/schweizversand.ch\\\/wp-content\\\/uploads\\\/2026\\\/04\\\/5471973250.jpg\",\"datePublished\":\"2026-04-11T00:00:36+00:00\",\"dateModified\":\"2026-04-12T13:33:49+00:00\",\"description\":\"Jilong Elektrische Luftpumpe \u2013 Batteriebetrieben, kompakt & leistungsstark\u00a0 Mit der batteriebetriebenen Jilong Elektropumpe wird das Auf- und Abpumpen von Luftp\",\"breadcrumb\":{\"@id\":\"https:\\\/\\\/schweizversand.ch\\\/fr\\\/produkt\\\/jilong-avenli-batteriebetriebene-elektrische-luft-pumpe-2\\\/#breadcrumb\"},\"inLanguage\":\"fr-FR\",\"potentialAction\":[{\"@type\":\"ReadAction\",\"target\":[\"https:\\\/\\\/schweizversand.ch\\\/fr\\\/produkt\\\/jilong-avenli-batteriebetriebene-elektrische-luft-pumpe-2\\\/\"]}]},{\"@type\":\"ImageObject\",\"inLanguage\":\"fr-FR\",\"@id\":\"https:\\\/\\\/schweizversand.ch\\\/fr\\\/produkt\\\/jilong-avenli-batteriebetriebene-elektrische-luft-pumpe-2\\\/#primaryimage\",\"url\":\"https:\\\/\\\/schweizversand.ch\\\/wp-content\\\/uploads\\\/2026\\\/04\\\/5471973250.jpg\",\"contentUrl\":\"https:\\\/\\\/schweizversand.ch\\\/wp-content\\\/uploads\\\/2026\\\/04\\\/5471973250.jpg\",\"width\":1024,\"height\":1024},{\"@type\":\"BreadcrumbList\",\"@id\":\"https:\\\/\\\/schweizversand.ch\\\/fr\\\/produkt\\\/jilong-avenli-batteriebetriebene-elektrische-luft-pumpe-2\\\/#breadcrumb\",\"itemListElement\":[{\"@type\":\"ListItem\",\"position\":1,\"name\":\"Startseite\",\"item\":\"https:\\\/\\\/schweizversand.ch\\\/fr\\\/\"},{\"@type\":\"ListItem\",\"position\":2,\"name\":\"Boutique\",\"item\":\"https:\\\/\\\/schweizversand.ch\\\/fr\\\/boutique\\\/\"},{\"@type\":\"ListItem\",\"position\":3,\"name\":\"Pompe \u00e0 air \u00e9lectrique\\\/\u00e0 batterie Jilong Avenli\"}]},{\"@type\":\"WebSite\",\"@id\":\"https:\\\/\\\/schweizversand.ch\\\/fr\\\/#website\",\"url\":\"https:\\\/\\\/schweizversand.ch\\\/fr\\\/\",\"name\":\"Schweizer Shop f\u00fcr Sport, Spiel und Freizeit\",\"description\":\"Gratisversand ab 50.- (netto), ab eigenem schweizer Lager, Lieferung innert 48h\",\"publisher\":{\"@id\":\"https:\\\/\\\/schweizversand.ch\\\/fr\\\/#organization\"},\"alternateName\":\"Schweizversand.ch\",\"potentialAction\":[{\"@type\":\"SearchAction\",\"target\":{\"@type\":\"EntryPoint\",\"urlTemplate\":\"https:\\\/\\\/schweizversand.ch\\\/fr\\\/?s={search_term_string}\"},\"query-input\":{\"@type\":\"PropertyValueSpecification\",\"valueRequired\":true,\"valueName\":\"search_term_string\"}}],\"inLanguage\":\"fr-FR\"},{\"@type\":\"Organization\",\"@id\":\"https:\\\/\\\/schweizversand.ch\\\/fr\\\/#organization\",\"name\":\"Schweizversand.ch\",\"url\":\"https:\\\/\\\/schweizversand.ch\\\/fr\\\/\",\"logo\":{\"@type\":\"ImageObject\",\"inLanguage\":\"fr-FR\",\"@id\":\"https:\\\/\\\/schweizversand.ch\\\/fr\\\/#\\\/schema\\\/logo\\\/image\\\/\",\"url\":\"https:\\\/\\\/schweizversand.ch\\\/wp-content\\\/uploads\\\/2026\\\/03\\\/Logo_Rund_Final-1.png\",\"contentUrl\":\"https:\\\/\\\/schweizversand.ch\\\/wp-content\\\/uploads\\\/2026\\\/03\\\/Logo_Rund_Final-1.png\",\"width\":404,\"height\":404,\"caption\":\"Schweizversand.ch\"},\"image\":{\"@id\":\"https:\\\/\\\/schweizversand.ch\\\/fr\\\/#\\\/schema\\\/logo\\\/image\\\/\"},\"sameAs\":[\"https:\\\/\\\/www.facebook.com\\\/Schweizversand\",\"https:\\\/\\\/www.instagram.com\\\/schweizversand.ch\\\/\"]}]}<\/script>\n<!-- \/ Yoast SEO plugin. -->","yoast_head_json":{"title":"Jilong Avenli Batteriebetriebene \/ Elektrische Luft-Pumpe","description":"Jilong Elektrische Luftpumpe \u2013 Batteriebetrieben, kompakt & leistungsstark\u00a0 Mit der batteriebetriebenen Jilong Elektropumpe wird das Auf- und Abpumpen von Luftp","robots":{"index":"index","follow":"follow","max-snippet":"max-snippet:-1","max-image-preview":"max-image-preview:large","max-video-preview":"max-video-preview:-1"},"canonical":"https:\/\/schweizversand.ch\/fr\/produkt\/jilong-avenli-batteriebetriebene-elektrische-luft-pumpe-2\/","og_locale":"fr_FR","og_type":"article","og_title":"Jilong Avenli Batteriebetriebene \/ Elektrische Luft-Pumpe","og_description":"Jilong Elektrische Luftpumpe \u2013 Batteriebetrieben, kompakt & leistungsstark\u00a0 Mit der batteriebetriebenen Jilong Elektropumpe wird das Auf- und Abpumpen von Luftp","og_url":"https:\/\/schweizversand.ch\/fr\/produkt\/jilong-avenli-batteriebetriebene-elektrische-luft-pumpe-2\/","og_site_name":"Schweizer Shop f\u00fcr Sport, Spiel und Freizeit","article_publisher":"https:\/\/www.facebook.com\/Schweizversand","article_modified_time":"2026-04-12T13:33:49+00:00","og_image":[{"width":1024,"height":1024,"url":"https:\/\/schweizversand.ch\/wp-content\/uploads\/2026\/04\/5471973250-2.jpg","type":"image\/jpeg"}],"twitter_card":"summary_large_image","twitter_misc":{"Dur\u00e9e de lecture estim\u00e9e":"1 minute"},"schema":{"@context":"https:\/\/schema.org","@graph":[{"@type":"WebPage","@id":"https:\/\/schweizversand.ch\/fr\/produkt\/jilong-avenli-batteriebetriebene-elektrische-luft-pumpe-2\/","url":"https:\/\/schweizversand.ch\/fr\/produkt\/jilong-avenli-batteriebetriebene-elektrische-luft-pumpe-2\/","name":"Jilong Avenli Batteriebetriebene \/ Elektrische Luft-Pumpe","isPartOf":{"@id":"https:\/\/schweizversand.ch\/fr\/#website"},"primaryImageOfPage":{"@id":"https:\/\/schweizversand.ch\/fr\/produkt\/jilong-avenli-batteriebetriebene-elektrische-luft-pumpe-2\/#primaryimage"},"image":{"@id":"https:\/\/schweizversand.ch\/fr\/produkt\/jilong-avenli-batteriebetriebene-elektrische-luft-pumpe-2\/#primaryimage"},"thumbnailUrl":"https:\/\/schweizversand.ch\/wp-content\/uploads\/2026\/04\/5471973250.jpg","datePublished":"2026-04-11T00:00:36+00:00","dateModified":"2026-04-12T13:33:49+00:00","description":"Jilong Elektrische Luftpumpe \u2013 Batteriebetrieben, kompakt & leistungsstark\u00a0 Mit der batteriebetriebenen Jilong Elektropumpe wird das Auf- und Abpumpen von Luftp","breadcrumb":{"@id":"https:\/\/schweizversand.ch\/fr\/produkt\/jilong-avenli-batteriebetriebene-elektrische-luft-pumpe-2\/#breadcrumb"},"inLanguage":"fr-FR","potentialAction":[{"@type":"ReadAction","target":["https:\/\/schweizversand.ch\/fr\/produkt\/jilong-avenli-batteriebetriebene-elektrische-luft-pumpe-2\/"]}]},{"@type":"ImageObject","inLanguage":"fr-FR","@id":"https:\/\/schweizversand.ch\/fr\/produkt\/jilong-avenli-batteriebetriebene-elektrische-luft-pumpe-2\/#primaryimage","url":"https:\/\/schweizversand.ch\/wp-content\/uploads\/2026\/04\/5471973250.jpg","contentUrl":"https:\/\/schweizversand.ch\/wp-content\/uploads\/2026\/04\/5471973250.jpg","width":1024,"height":1024},{"@type":"BreadcrumbList","@id":"https:\/\/schweizversand.ch\/fr\/produkt\/jilong-avenli-batteriebetriebene-elektrische-luft-pumpe-2\/#breadcrumb","itemListElement":[{"@type":"ListItem","position":1,"name":"Startseite","item":"https:\/\/schweizversand.ch\/fr\/"},{"@type":"ListItem","position":2,"name":"Boutique","item":"https:\/\/schweizversand.ch\/fr\/boutique\/"},{"@type":"ListItem","position":3,"name":"Pompe \u00e0 air \u00e9lectrique\/\u00e0 batterie Jilong Avenli"}]},{"@type":"WebSite","@id":"https:\/\/schweizversand.ch\/fr\/#website","url":"https:\/\/schweizversand.ch\/fr\/","name":"Schweizer Shop f\u00fcr Sport, Spiel und Freizeit","description":"Gratisversand ab 50.- (netto), ab eigenem schweizer Lager, Lieferung innert 48h","publisher":{"@id":"https:\/\/schweizversand.ch\/fr\/#organization"},"alternateName":"Schweizversand.ch","potentialAction":[{"@type":"SearchAction","target":{"@type":"EntryPoint","urlTemplate":"https:\/\/schweizversand.ch\/fr\/?s={search_term_string}"},"query-input":{"@type":"PropertyValueSpecification","valueRequired":true,"valueName":"search_term_string"}}],"inLanguage":"fr-FR"},{"@type":"Organization","@id":"https:\/\/schweizversand.ch\/fr\/#organization","name":"Schweizversand.ch","url":"https:\/\/schweizversand.ch\/fr\/","logo":{"@type":"ImageObject","inLanguage":"fr-FR","@id":"https:\/\/schweizversand.ch\/fr\/#\/schema\/logo\/image\/","url":"https:\/\/schweizversand.ch\/wp-content\/uploads\/2026\/03\/Logo_Rund_Final-1.png","contentUrl":"https:\/\/schweizversand.ch\/wp-content\/uploads\/2026\/03\/Logo_Rund_Final-1.png","width":404,"height":404,"caption":"Schweizversand.ch"},"image":{"@id":"https:\/\/schweizversand.ch\/fr\/#\/schema\/logo\/image\/"},"sameAs":["https:\/\/www.facebook.com\/Schweizversand","https:\/\/www.instagram.com\/schweizversand.ch\/"]}]}},"jetpack_sharing_enabled":true,"_links":{"self":[{"href":"https:\/\/schweizversand.ch\/fr\/wp-json\/wp\/v2\/product\/264293","targetHints":{"allow":["GET"]}}],"collection":[{"href":"https:\/\/schweizversand.ch\/fr\/wp-json\/wp\/v2\/product"}],"about":[{"href":"https:\/\/schweizversand.ch\/fr\/wp-json\/wp\/v2\/types\/product"}],"replies":[{"embeddable":true,"href":"https:\/\/schweizversand.ch\/fr\/wp-json\/wp\/v2\/comments?post=264293"}],"wp:featuredmedia":[{"embeddable":true,"href":"https:\/\/schweizversand.ch\/fr\/wp-json\/wp\/v2\/media\/265595"}],"wp:attachment":[{"href":"https:\/\/schweizversand.ch\/fr\/wp-json\/wp\/v2\/media?parent=264293"}],"wp:term":[{"taxonomy":"product_brand","embeddable":true,"href":"https:\/\/schweizversand.ch\/fr\/wp-json\/wp\/v2\/product_brand?post=264293"},{"taxonomy":"product_cat","embeddable":true,"href":"https:\/\/schweizversand.ch\/fr\/wp-json\/wp\/v2\/product_cat?post=264293"},{"taxonomy":"product_tag","embeddable":true,"href":"https:\/\/schweizversand.ch\/fr\/wp-json\/wp\/v2\/product_tag?post=264293"}],"curies":[{"name":"wp","href":"https:\/\/api.w.org\/{rel}","templated":true}]}}