{"id":264300,"date":"2026-04-11T02:00:36","date_gmt":"2026-04-11T00:00:36","guid":{"rendered":"https:\/\/schweizversand.ch\/produkt\/jilong-reisekissen-3-2\/"},"modified":"2026-04-12T02:06:17","modified_gmt":"2026-04-12T00:06:17","slug":"jilong-reisekissen-3","status":"publish","type":"product","link":"https:\/\/schweizversand.ch\/fr\/produkt\/jilong-reisekissen-3\/","title":{"rendered":"Oreiller de voyage Jilong"},"content":{"rendered":"<p>Le matelas de voyage id\u00e9al pour vos d\u00e9placements.<\/p>\n<p>Ce coussin de voyage bleu est parfait pour les festivals, les vacances, les activit\u00e9s de plein air, le camping, ou tout simplement pour se d\u00e9tendre \u00e0 la maison, au jardin ou sur le canap\u00e9.<\/p>\n<p>Coussin gonflable avec une surface de couchage en velours floqu\u00e9 et une structure robuste en vinyle.<\/p>\n<p>Une fois gonfl\u00e9, le coussin mesure environ 48 cm de long, 34 cm de large et 12 cm d&rsquo;\u00e9paisseur.<\/p>\n<p>Coussin pour la t\u00eate et l&rsquo;assise, adapt\u00e9 aux enfants et aux adultes, avec une valve anti-retour pour un gonflage sans perte d&rsquo;air et un d\u00e9gonflage rapide.<\/p>\n<p>La valve est compatible avec toutes les pompes \u00e0 air standard.<\/p>\n<p>Sa structure tubulaire stable offre un excellent confort pour s&rsquo;allonger et dormir, et supporte un poids jusqu&rsquo;\u00e0 80 kg.<\/p>\n<p>Coussin d&rsquo;int\u00e9rieur et d&rsquo;ext\u00e9rieur avec patch de r\u00e9paration.<\/p>\n","protected":false},"excerpt":{"rendered":"<p>Jilong Reisekissen bietet mit beflockter Velour-Oberfl\u00e4che und stabilem Vinyl-Korpus bequemen Schlafkomfort unterwegs \u2013 leicht aufblasbar, robust bis 80 kg, ideal f\u00fcr Reisen und Outdoor.<\/p>\n","protected":false},"featured_media":265599,"comment_status":"open","ping_status":"closed","template":"","meta":[],"product_brand":[],"product_cat":[38863],"product_tag":[],"class_list":{"0":"post-264300","1":"product","2":"type-product","3":"status-publish","4":"has-post-thumbnail","6":"product_cat-reisekissen","7":"product_shipping_class-global_methods","9":"first","10":"instock","11":"taxable","12":"shipping-taxable","13":"purchasable","14":"product-type-simple"},"yoast_head":"<!-- This site is optimized with the Yoast SEO plugin v27.3 - https:\/\/yoast.com\/product\/yoast-seo-wordpress\/ -->\n<title>Jilong Reisekissen<\/title>\n<meta name=\"description\" content=\"Die perfekte Schlafunterlage f\u00fcr unterwegs.\u00a0 \u00a0\u00a0 Das blaue Reise-Kopfkissen eignet sich optimal f\u00fcr Festivals, Urlaub, Outdoor, Camping oder auch ganz einfach f\" \/>\n<meta name=\"robots\" content=\"index, follow, max-snippet:-1, max-image-preview:large, max-video-preview:-1\" \/>\n<link rel=\"canonical\" href=\"https:\/\/schweizversand.ch\/fr\/produkt\/jilong-reisekissen-3\/\" \/>\n<meta property=\"og:locale\" content=\"fr_FR\" \/>\n<meta property=\"og:type\" content=\"article\" \/>\n<meta property=\"og:title\" content=\"Jilong Reisekissen\" \/>\n<meta property=\"og:description\" content=\"Die perfekte Schlafunterlage f\u00fcr unterwegs.\u00a0 \u00a0\u00a0 Das blaue Reise-Kopfkissen eignet sich optimal f\u00fcr Festivals, Urlaub, Outdoor, Camping oder auch ganz einfach f\" \/>\n<meta property=\"og:url\" content=\"https:\/\/schweizversand.ch\/fr\/produkt\/jilong-reisekissen-3\/\" \/>\n<meta property=\"og:site_name\" content=\"Schweizer Shop f\u00fcr Sport, Spiel und Freizeit\" \/>\n<meta property=\"article:publisher\" content=\"https:\/\/www.facebook.com\/Schweizversand\" \/>\n<meta property=\"article:modified_time\" content=\"2026-04-12T00:06:17+00:00\" \/>\n<meta property=\"og:image\" content=\"https:\/\/schweizversand.ch\/wp-content\/uploads\/2026\/04\/5471483506-2.jpg\" \/>\n\t<meta property=\"og:image:width\" content=\"1024\" \/>\n\t<meta property=\"og:image:height\" content=\"687\" \/>\n\t<meta property=\"og:image:type\" content=\"image\/jpeg\" \/>\n<meta name=\"twitter:card\" content=\"summary_large_image\" \/>\n<meta name=\"twitter:label1\" content=\"Dur\u00e9e de lecture estim\u00e9e\" \/>\n\t<meta name=\"twitter:data1\" content=\"1 minute\" \/>\n<script type=\"application\/ld+json\" class=\"yoast-schema-graph\">{\"@context\":\"https:\\\/\\\/schema.org\",\"@graph\":[{\"@type\":\"WebPage\",\"@id\":\"https:\\\/\\\/schweizversand.ch\\\/fr\\\/produkt\\\/jilong-reisekissen-3\\\/\",\"url\":\"https:\\\/\\\/schweizversand.ch\\\/fr\\\/produkt\\\/jilong-reisekissen-3\\\/\",\"name\":\"Jilong Reisekissen\",\"isPartOf\":{\"@id\":\"https:\\\/\\\/schweizversand.ch\\\/fr\\\/#website\"},\"primaryImageOfPage\":{\"@id\":\"https:\\\/\\\/schweizversand.ch\\\/fr\\\/produkt\\\/jilong-reisekissen-3\\\/#primaryimage\"},\"image\":{\"@id\":\"https:\\\/\\\/schweizversand.ch\\\/fr\\\/produkt\\\/jilong-reisekissen-3\\\/#primaryimage\"},\"thumbnailUrl\":\"https:\\\/\\\/schweizversand.ch\\\/wp-content\\\/uploads\\\/2026\\\/04\\\/5471483506.jpg\",\"datePublished\":\"2026-04-11T00:00:36+00:00\",\"dateModified\":\"2026-04-12T00:06:17+00:00\",\"description\":\"Die perfekte Schlafunterlage f\u00fcr unterwegs.\u00a0 \u00a0\u00a0 Das blaue Reise-Kopfkissen eignet sich optimal f\u00fcr Festivals, Urlaub, Outdoor, Camping oder auch ganz einfach f\",\"breadcrumb\":{\"@id\":\"https:\\\/\\\/schweizversand.ch\\\/fr\\\/produkt\\\/jilong-reisekissen-3\\\/#breadcrumb\"},\"inLanguage\":\"fr-FR\",\"potentialAction\":[{\"@type\":\"ReadAction\",\"target\":[\"https:\\\/\\\/schweizversand.ch\\\/fr\\\/produkt\\\/jilong-reisekissen-3\\\/\"]}]},{\"@type\":\"ImageObject\",\"inLanguage\":\"fr-FR\",\"@id\":\"https:\\\/\\\/schweizversand.ch\\\/fr\\\/produkt\\\/jilong-reisekissen-3\\\/#primaryimage\",\"url\":\"https:\\\/\\\/schweizversand.ch\\\/wp-content\\\/uploads\\\/2026\\\/04\\\/5471483506.jpg\",\"contentUrl\":\"https:\\\/\\\/schweizversand.ch\\\/wp-content\\\/uploads\\\/2026\\\/04\\\/5471483506.jpg\",\"width\":1024,\"height\":687},{\"@type\":\"BreadcrumbList\",\"@id\":\"https:\\\/\\\/schweizversand.ch\\\/fr\\\/produkt\\\/jilong-reisekissen-3\\\/#breadcrumb\",\"itemListElement\":[{\"@type\":\"ListItem\",\"position\":1,\"name\":\"Startseite\",\"item\":\"https:\\\/\\\/schweizversand.ch\\\/fr\\\/\"},{\"@type\":\"ListItem\",\"position\":2,\"name\":\"Boutique\",\"item\":\"https:\\\/\\\/schweizversand.ch\\\/fr\\\/boutique\\\/\"},{\"@type\":\"ListItem\",\"position\":3,\"name\":\"Oreiller de voyage Jilong\"}]},{\"@type\":\"WebSite\",\"@id\":\"https:\\\/\\\/schweizversand.ch\\\/fr\\\/#website\",\"url\":\"https:\\\/\\\/schweizversand.ch\\\/fr\\\/\",\"name\":\"Schweizer Shop f\u00fcr Sport, Spiel und Freizeit\",\"description\":\"Gratisversand ab 50.- (netto), ab eigenem schweizer Lager, Lieferung innert 48h\",\"publisher\":{\"@id\":\"https:\\\/\\\/schweizversand.ch\\\/fr\\\/#organization\"},\"alternateName\":\"Schweizversand.ch\",\"potentialAction\":[{\"@type\":\"SearchAction\",\"target\":{\"@type\":\"EntryPoint\",\"urlTemplate\":\"https:\\\/\\\/schweizversand.ch\\\/fr\\\/?s={search_term_string}\"},\"query-input\":{\"@type\":\"PropertyValueSpecification\",\"valueRequired\":true,\"valueName\":\"search_term_string\"}}],\"inLanguage\":\"fr-FR\"},{\"@type\":\"Organization\",\"@id\":\"https:\\\/\\\/schweizversand.ch\\\/fr\\\/#organization\",\"name\":\"Schweizversand.ch\",\"url\":\"https:\\\/\\\/schweizversand.ch\\\/fr\\\/\",\"logo\":{\"@type\":\"ImageObject\",\"inLanguage\":\"fr-FR\",\"@id\":\"https:\\\/\\\/schweizversand.ch\\\/fr\\\/#\\\/schema\\\/logo\\\/image\\\/\",\"url\":\"https:\\\/\\\/schweizversand.ch\\\/wp-content\\\/uploads\\\/2026\\\/03\\\/Logo_Rund_Final-1.png\",\"contentUrl\":\"https:\\\/\\\/schweizversand.ch\\\/wp-content\\\/uploads\\\/2026\\\/03\\\/Logo_Rund_Final-1.png\",\"width\":404,\"height\":404,\"caption\":\"Schweizversand.ch\"},\"image\":{\"@id\":\"https:\\\/\\\/schweizversand.ch\\\/fr\\\/#\\\/schema\\\/logo\\\/image\\\/\"},\"sameAs\":[\"https:\\\/\\\/www.facebook.com\\\/Schweizversand\",\"https:\\\/\\\/www.instagram.com\\\/schweizversand.ch\\\/\"]}]}<\/script>\n<!-- \/ Yoast SEO plugin. -->","yoast_head_json":{"title":"Jilong Reisekissen","description":"Die perfekte Schlafunterlage f\u00fcr unterwegs.\u00a0 \u00a0\u00a0 Das blaue Reise-Kopfkissen eignet sich optimal f\u00fcr Festivals, Urlaub, Outdoor, Camping oder auch ganz einfach f","robots":{"index":"index","follow":"follow","max-snippet":"max-snippet:-1","max-image-preview":"max-image-preview:large","max-video-preview":"max-video-preview:-1"},"canonical":"https:\/\/schweizversand.ch\/fr\/produkt\/jilong-reisekissen-3\/","og_locale":"fr_FR","og_type":"article","og_title":"Jilong Reisekissen","og_description":"Die perfekte Schlafunterlage f\u00fcr unterwegs.\u00a0 \u00a0\u00a0 Das blaue Reise-Kopfkissen eignet sich optimal f\u00fcr Festivals, Urlaub, Outdoor, Camping oder auch ganz einfach f","og_url":"https:\/\/schweizversand.ch\/fr\/produkt\/jilong-reisekissen-3\/","og_site_name":"Schweizer Shop f\u00fcr Sport, Spiel und Freizeit","article_publisher":"https:\/\/www.facebook.com\/Schweizversand","article_modified_time":"2026-04-12T00:06:17+00:00","og_image":[{"width":1024,"height":687,"url":"https:\/\/schweizversand.ch\/wp-content\/uploads\/2026\/04\/5471483506-2.jpg","type":"image\/jpeg"}],"twitter_card":"summary_large_image","twitter_misc":{"Dur\u00e9e de lecture estim\u00e9e":"1 minute"},"schema":{"@context":"https:\/\/schema.org","@graph":[{"@type":"WebPage","@id":"https:\/\/schweizversand.ch\/fr\/produkt\/jilong-reisekissen-3\/","url":"https:\/\/schweizversand.ch\/fr\/produkt\/jilong-reisekissen-3\/","name":"Jilong Reisekissen","isPartOf":{"@id":"https:\/\/schweizversand.ch\/fr\/#website"},"primaryImageOfPage":{"@id":"https:\/\/schweizversand.ch\/fr\/produkt\/jilong-reisekissen-3\/#primaryimage"},"image":{"@id":"https:\/\/schweizversand.ch\/fr\/produkt\/jilong-reisekissen-3\/#primaryimage"},"thumbnailUrl":"https:\/\/schweizversand.ch\/wp-content\/uploads\/2026\/04\/5471483506.jpg","datePublished":"2026-04-11T00:00:36+00:00","dateModified":"2026-04-12T00:06:17+00:00","description":"Die perfekte Schlafunterlage f\u00fcr unterwegs.\u00a0 \u00a0\u00a0 Das blaue Reise-Kopfkissen eignet sich optimal f\u00fcr Festivals, Urlaub, Outdoor, Camping oder auch ganz einfach f","breadcrumb":{"@id":"https:\/\/schweizversand.ch\/fr\/produkt\/jilong-reisekissen-3\/#breadcrumb"},"inLanguage":"fr-FR","potentialAction":[{"@type":"ReadAction","target":["https:\/\/schweizversand.ch\/fr\/produkt\/jilong-reisekissen-3\/"]}]},{"@type":"ImageObject","inLanguage":"fr-FR","@id":"https:\/\/schweizversand.ch\/fr\/produkt\/jilong-reisekissen-3\/#primaryimage","url":"https:\/\/schweizversand.ch\/wp-content\/uploads\/2026\/04\/5471483506.jpg","contentUrl":"https:\/\/schweizversand.ch\/wp-content\/uploads\/2026\/04\/5471483506.jpg","width":1024,"height":687},{"@type":"BreadcrumbList","@id":"https:\/\/schweizversand.ch\/fr\/produkt\/jilong-reisekissen-3\/#breadcrumb","itemListElement":[{"@type":"ListItem","position":1,"name":"Startseite","item":"https:\/\/schweizversand.ch\/fr\/"},{"@type":"ListItem","position":2,"name":"Boutique","item":"https:\/\/schweizversand.ch\/fr\/boutique\/"},{"@type":"ListItem","position":3,"name":"Oreiller de voyage Jilong"}]},{"@type":"WebSite","@id":"https:\/\/schweizversand.ch\/fr\/#website","url":"https:\/\/schweizversand.ch\/fr\/","name":"Schweizer Shop f\u00fcr Sport, Spiel und Freizeit","description":"Gratisversand ab 50.- (netto), ab eigenem schweizer Lager, Lieferung innert 48h","publisher":{"@id":"https:\/\/schweizversand.ch\/fr\/#organization"},"alternateName":"Schweizversand.ch","potentialAction":[{"@type":"SearchAction","target":{"@type":"EntryPoint","urlTemplate":"https:\/\/schweizversand.ch\/fr\/?s={search_term_string}"},"query-input":{"@type":"PropertyValueSpecification","valueRequired":true,"valueName":"search_term_string"}}],"inLanguage":"fr-FR"},{"@type":"Organization","@id":"https:\/\/schweizversand.ch\/fr\/#organization","name":"Schweizversand.ch","url":"https:\/\/schweizversand.ch\/fr\/","logo":{"@type":"ImageObject","inLanguage":"fr-FR","@id":"https:\/\/schweizversand.ch\/fr\/#\/schema\/logo\/image\/","url":"https:\/\/schweizversand.ch\/wp-content\/uploads\/2026\/03\/Logo_Rund_Final-1.png","contentUrl":"https:\/\/schweizversand.ch\/wp-content\/uploads\/2026\/03\/Logo_Rund_Final-1.png","width":404,"height":404,"caption":"Schweizversand.ch"},"image":{"@id":"https:\/\/schweizversand.ch\/fr\/#\/schema\/logo\/image\/"},"sameAs":["https:\/\/www.facebook.com\/Schweizversand","https:\/\/www.instagram.com\/schweizversand.ch\/"]}]}},"jetpack_sharing_enabled":true,"_links":{"self":[{"href":"https:\/\/schweizversand.ch\/fr\/wp-json\/wp\/v2\/product\/264300","targetHints":{"allow":["GET"]}}],"collection":[{"href":"https:\/\/schweizversand.ch\/fr\/wp-json\/wp\/v2\/product"}],"about":[{"href":"https:\/\/schweizversand.ch\/fr\/wp-json\/wp\/v2\/types\/product"}],"replies":[{"embeddable":true,"href":"https:\/\/schweizversand.ch\/fr\/wp-json\/wp\/v2\/comments?post=264300"}],"wp:featuredmedia":[{"embeddable":true,"href":"https:\/\/schweizversand.ch\/fr\/wp-json\/wp\/v2\/media\/265599"}],"wp:attachment":[{"href":"https:\/\/schweizversand.ch\/fr\/wp-json\/wp\/v2\/media?parent=264300"}],"wp:term":[{"taxonomy":"product_brand","embeddable":true,"href":"https:\/\/schweizversand.ch\/fr\/wp-json\/wp\/v2\/product_brand?post=264300"},{"taxonomy":"product_cat","embeddable":true,"href":"https:\/\/schweizversand.ch\/fr\/wp-json\/wp\/v2\/product_cat?post=264300"},{"taxonomy":"product_tag","embeddable":true,"href":"https:\/\/schweizversand.ch\/fr\/wp-json\/wp\/v2\/product_tag?post=264300"}],"curies":[{"name":"wp","href":"https:\/\/api.w.org\/{rel}","templated":true}]}}