{"id":264306,"date":"2026-04-11T02:00:37","date_gmt":"2026-04-11T00:00:37","guid":{"rendered":"https:\/\/schweizversand.ch\/produkt\/jilong-avenli-luftbett-single-2\/"},"modified":"2026-04-13T02:05:39","modified_gmt":"2026-04-13T00:05:39","slug":"jilong-avenli-luftbett-single-2","status":"publish","type":"product","link":"https:\/\/schweizversand.ch\/fr\/produkt\/jilong-avenli-luftbett-single-2\/","title":{"rendered":"Jilong Avenli Matelas gonflable simple"},"content":{"rendered":"<p>Ce matelas gonflable offre un confort et une flexibilit\u00e9 polyvalents pour une utilisation int\u00e9rieure et ext\u00e9rieure. Son rev\u00eatement en velours floqu\u00e9 est agr\u00e9ablement doux, hypoallerg\u00e9nique et d\u00e9perlant.<\/p>\n<\/p>\n<p>Le matelas est \u00e9quip\u00e9 d&rsquo;une valve de s\u00e9curit\u00e9 2 en 1 permettant un gonflage et un d\u00e9gonflage rapides et compatible avec diff\u00e9rents embouts de pompe.<\/p>\n<\/p>\n<p>Sa structure \u00e0 chambres \u00e0 ressorts assure stabilit\u00e9 et soutien.<\/p>\n<\/p>\n<p>Le rev\u00eatement ext\u00e9rieur est 100 % PVC, tandis que le dessus en velours garantit une adh\u00e9rence optimale et un confort de sommeil exceptionnel.<\/p>\n<\/p>\n<p>Ce matelas gonflable est id\u00e9al pour les voyages, le camping ou pour accueillir des invit\u00e9s. Un kit de r\u00e9paration est inclus pour des r\u00e9parations rapides en cas de besoin.<\/p>\n<\/p>\n<p>D\u00e9tails\u00a0:<\/p>\n<\/p>\n<p>&#8211; Dessus en velours floqu\u00e9, doux et agr\u00e9able au toucher, d\u00e9perlant<\/p>\n<\/p>\n<p>&#8211; Structure tubulaire \u00e0 nervures<\/p>\n<\/p>\n<p>&#8211; Valve de s\u00e9curit\u00e9 2 en 1 pour un gonflage et un d\u00e9gonflage rapides, compatible avec diff\u00e9rentes t\u00eates de pompe<\/p>\n<\/p>\n<p>&#8211; Convient \u00e0 une utilisation int\u00e9rieure et ext\u00e9rieure<\/p>\n<\/p>\n<p>&#8211; Fabriqu\u00e9 en PVC r\u00e9sistant<\/p>\n<\/p>\n<p>&#8211; Nombre de valves\u00a0: 1<\/p>\n<\/p>\n<p>&#8211; Nombre de chambres\u00a0: 1<\/p>\n<\/p>\n<p>Nombre de personnes\u00a0: 1<\/p>\n<\/p>\n<p>Pompe non incluse<\/p>\n","protected":false},"excerpt":{"rendered":"<p>Jilong Avenli Luftbett Single bietet weichen Velours-Komfort, stabiles Coil-Beam-System und 2-in-1 Sicherheitsventil \u2013 ideal f\u00fcr Camping, Reisen und G\u00e4ste\u00fcbernachtungen.<\/p>\n","protected":false},"featured_media":265611,"comment_status":"open","ping_status":"closed","template":"","meta":[],"product_brand":[],"product_cat":[38126],"product_tag":[],"class_list":{"0":"post-264306","1":"product","2":"type-product","3":"status-publish","4":"has-post-thumbnail","6":"product_cat-camping","7":"product_shipping_class-global_methods","9":"first","10":"instock","11":"taxable","12":"shipping-taxable","13":"purchasable","14":"product-type-simple"},"yoast_head":"<!-- This site is optimized with the Yoast SEO plugin v27.3 - https:\/\/yoast.com\/product\/yoast-seo-wordpress\/ -->\n<title>Jilong Avenli Luftbett Single<\/title>\n<meta name=\"description\" content=\"Das Luftbett bietet vielseitigen Komfort und Flexibilit\u00e4t f\u00fcr den Innen- und Au\u00dfenbereich. Mit einer beflockten Velours-Oberseite ist es angenehm weich, hautfre\" \/>\n<meta name=\"robots\" content=\"index, follow, max-snippet:-1, max-image-preview:large, max-video-preview:-1\" \/>\n<link rel=\"canonical\" href=\"https:\/\/schweizversand.ch\/fr\/produkt\/jilong-avenli-luftbett-single-2\/\" \/>\n<meta property=\"og:locale\" content=\"fr_FR\" \/>\n<meta property=\"og:type\" content=\"article\" \/>\n<meta property=\"og:title\" content=\"Jilong Avenli Luftbett Single\" \/>\n<meta property=\"og:description\" content=\"Das Luftbett bietet vielseitigen Komfort und Flexibilit\u00e4t f\u00fcr den Innen- und Au\u00dfenbereich. Mit einer beflockten Velours-Oberseite ist es angenehm weich, hautfre\" \/>\n<meta property=\"og:url\" content=\"https:\/\/schweizversand.ch\/fr\/produkt\/jilong-avenli-luftbett-single-2\/\" \/>\n<meta property=\"og:site_name\" content=\"Schweizer Shop f\u00fcr Sport, Spiel und Freizeit\" \/>\n<meta property=\"article:publisher\" content=\"https:\/\/www.facebook.com\/Schweizversand\" \/>\n<meta property=\"article:modified_time\" content=\"2026-04-13T00:05:39+00:00\" \/>\n<meta property=\"og:image\" content=\"https:\/\/schweizversand.ch\/wp-content\/uploads\/2026\/04\/5471476323.jpg\" \/>\n\t<meta property=\"og:image:width\" content=\"1024\" \/>\n\t<meta property=\"og:image:height\" content=\"546\" \/>\n\t<meta property=\"og:image:type\" content=\"image\/jpeg\" \/>\n<meta name=\"twitter:card\" content=\"summary_large_image\" \/>\n<meta name=\"twitter:label1\" content=\"Dur\u00e9e de lecture estim\u00e9e\" \/>\n\t<meta name=\"twitter:data1\" content=\"1 minute\" \/>\n<script type=\"application\/ld+json\" class=\"yoast-schema-graph\">{\"@context\":\"https:\\\/\\\/schema.org\",\"@graph\":[{\"@type\":\"WebPage\",\"@id\":\"https:\\\/\\\/schweizversand.ch\\\/fr\\\/produkt\\\/jilong-avenli-luftbett-single-2\\\/\",\"url\":\"https:\\\/\\\/schweizversand.ch\\\/fr\\\/produkt\\\/jilong-avenli-luftbett-single-2\\\/\",\"name\":\"Jilong Avenli Luftbett Single\",\"isPartOf\":{\"@id\":\"https:\\\/\\\/schweizversand.ch\\\/fr\\\/#website\"},\"primaryImageOfPage\":{\"@id\":\"https:\\\/\\\/schweizversand.ch\\\/fr\\\/produkt\\\/jilong-avenli-luftbett-single-2\\\/#primaryimage\"},\"image\":{\"@id\":\"https:\\\/\\\/schweizversand.ch\\\/fr\\\/produkt\\\/jilong-avenli-luftbett-single-2\\\/#primaryimage\"},\"thumbnailUrl\":\"https:\\\/\\\/schweizversand.ch\\\/wp-content\\\/uploads\\\/2026\\\/04\\\/5471476323.jpg\",\"datePublished\":\"2026-04-11T00:00:37+00:00\",\"dateModified\":\"2026-04-13T00:05:39+00:00\",\"description\":\"Das Luftbett bietet vielseitigen Komfort und Flexibilit\u00e4t f\u00fcr den Innen- und Au\u00dfenbereich. Mit einer beflockten Velours-Oberseite ist es angenehm weich, hautfre\",\"breadcrumb\":{\"@id\":\"https:\\\/\\\/schweizversand.ch\\\/fr\\\/produkt\\\/jilong-avenli-luftbett-single-2\\\/#breadcrumb\"},\"inLanguage\":\"fr-FR\",\"potentialAction\":[{\"@type\":\"ReadAction\",\"target\":[\"https:\\\/\\\/schweizversand.ch\\\/fr\\\/produkt\\\/jilong-avenli-luftbett-single-2\\\/\"]}]},{\"@type\":\"ImageObject\",\"inLanguage\":\"fr-FR\",\"@id\":\"https:\\\/\\\/schweizversand.ch\\\/fr\\\/produkt\\\/jilong-avenli-luftbett-single-2\\\/#primaryimage\",\"url\":\"https:\\\/\\\/schweizversand.ch\\\/wp-content\\\/uploads\\\/2026\\\/04\\\/5471476323.jpg\",\"contentUrl\":\"https:\\\/\\\/schweizversand.ch\\\/wp-content\\\/uploads\\\/2026\\\/04\\\/5471476323.jpg\",\"width\":1024,\"height\":546},{\"@type\":\"BreadcrumbList\",\"@id\":\"https:\\\/\\\/schweizversand.ch\\\/fr\\\/produkt\\\/jilong-avenli-luftbett-single-2\\\/#breadcrumb\",\"itemListElement\":[{\"@type\":\"ListItem\",\"position\":1,\"name\":\"Startseite\",\"item\":\"https:\\\/\\\/schweizversand.ch\\\/fr\\\/\"},{\"@type\":\"ListItem\",\"position\":2,\"name\":\"Boutique\",\"item\":\"https:\\\/\\\/schweizversand.ch\\\/fr\\\/boutique\\\/\"},{\"@type\":\"ListItem\",\"position\":3,\"name\":\"Jilong Avenli Matelas gonflable simple\"}]},{\"@type\":\"WebSite\",\"@id\":\"https:\\\/\\\/schweizversand.ch\\\/fr\\\/#website\",\"url\":\"https:\\\/\\\/schweizversand.ch\\\/fr\\\/\",\"name\":\"Schweizer Shop f\u00fcr Sport, Spiel und Freizeit\",\"description\":\"Gratisversand ab 50.- (netto), ab eigenem schweizer Lager, Lieferung innert 48h\",\"publisher\":{\"@id\":\"https:\\\/\\\/schweizversand.ch\\\/fr\\\/#organization\"},\"alternateName\":\"Schweizversand.ch\",\"potentialAction\":[{\"@type\":\"SearchAction\",\"target\":{\"@type\":\"EntryPoint\",\"urlTemplate\":\"https:\\\/\\\/schweizversand.ch\\\/fr\\\/?s={search_term_string}\"},\"query-input\":{\"@type\":\"PropertyValueSpecification\",\"valueRequired\":true,\"valueName\":\"search_term_string\"}}],\"inLanguage\":\"fr-FR\"},{\"@type\":\"Organization\",\"@id\":\"https:\\\/\\\/schweizversand.ch\\\/fr\\\/#organization\",\"name\":\"Schweizversand.ch\",\"url\":\"https:\\\/\\\/schweizversand.ch\\\/fr\\\/\",\"logo\":{\"@type\":\"ImageObject\",\"inLanguage\":\"fr-FR\",\"@id\":\"https:\\\/\\\/schweizversand.ch\\\/fr\\\/#\\\/schema\\\/logo\\\/image\\\/\",\"url\":\"https:\\\/\\\/schweizversand.ch\\\/wp-content\\\/uploads\\\/2026\\\/03\\\/Logo_Rund_Final-1.png\",\"contentUrl\":\"https:\\\/\\\/schweizversand.ch\\\/wp-content\\\/uploads\\\/2026\\\/03\\\/Logo_Rund_Final-1.png\",\"width\":404,\"height\":404,\"caption\":\"Schweizversand.ch\"},\"image\":{\"@id\":\"https:\\\/\\\/schweizversand.ch\\\/fr\\\/#\\\/schema\\\/logo\\\/image\\\/\"},\"sameAs\":[\"https:\\\/\\\/www.facebook.com\\\/Schweizversand\",\"https:\\\/\\\/www.instagram.com\\\/schweizversand.ch\\\/\"]}]}<\/script>\n<!-- \/ Yoast SEO plugin. -->","yoast_head_json":{"title":"Jilong Avenli Luftbett Single","description":"Das Luftbett bietet vielseitigen Komfort und Flexibilit\u00e4t f\u00fcr den Innen- und Au\u00dfenbereich. Mit einer beflockten Velours-Oberseite ist es angenehm weich, hautfre","robots":{"index":"index","follow":"follow","max-snippet":"max-snippet:-1","max-image-preview":"max-image-preview:large","max-video-preview":"max-video-preview:-1"},"canonical":"https:\/\/schweizversand.ch\/fr\/produkt\/jilong-avenli-luftbett-single-2\/","og_locale":"fr_FR","og_type":"article","og_title":"Jilong Avenli Luftbett Single","og_description":"Das Luftbett bietet vielseitigen Komfort und Flexibilit\u00e4t f\u00fcr den Innen- und Au\u00dfenbereich. Mit einer beflockten Velours-Oberseite ist es angenehm weich, hautfre","og_url":"https:\/\/schweizversand.ch\/fr\/produkt\/jilong-avenli-luftbett-single-2\/","og_site_name":"Schweizer Shop f\u00fcr Sport, Spiel und Freizeit","article_publisher":"https:\/\/www.facebook.com\/Schweizversand","article_modified_time":"2026-04-13T00:05:39+00:00","og_image":[{"width":1024,"height":546,"url":"https:\/\/schweizversand.ch\/wp-content\/uploads\/2026\/04\/5471476323.jpg","type":"image\/jpeg"}],"twitter_card":"summary_large_image","twitter_misc":{"Dur\u00e9e de lecture estim\u00e9e":"1 minute"},"schema":{"@context":"https:\/\/schema.org","@graph":[{"@type":"WebPage","@id":"https:\/\/schweizversand.ch\/fr\/produkt\/jilong-avenli-luftbett-single-2\/","url":"https:\/\/schweizversand.ch\/fr\/produkt\/jilong-avenli-luftbett-single-2\/","name":"Jilong Avenli Luftbett Single","isPartOf":{"@id":"https:\/\/schweizversand.ch\/fr\/#website"},"primaryImageOfPage":{"@id":"https:\/\/schweizversand.ch\/fr\/produkt\/jilong-avenli-luftbett-single-2\/#primaryimage"},"image":{"@id":"https:\/\/schweizversand.ch\/fr\/produkt\/jilong-avenli-luftbett-single-2\/#primaryimage"},"thumbnailUrl":"https:\/\/schweizversand.ch\/wp-content\/uploads\/2026\/04\/5471476323.jpg","datePublished":"2026-04-11T00:00:37+00:00","dateModified":"2026-04-13T00:05:39+00:00","description":"Das Luftbett bietet vielseitigen Komfort und Flexibilit\u00e4t f\u00fcr den Innen- und Au\u00dfenbereich. Mit einer beflockten Velours-Oberseite ist es angenehm weich, hautfre","breadcrumb":{"@id":"https:\/\/schweizversand.ch\/fr\/produkt\/jilong-avenli-luftbett-single-2\/#breadcrumb"},"inLanguage":"fr-FR","potentialAction":[{"@type":"ReadAction","target":["https:\/\/schweizversand.ch\/fr\/produkt\/jilong-avenli-luftbett-single-2\/"]}]},{"@type":"ImageObject","inLanguage":"fr-FR","@id":"https:\/\/schweizversand.ch\/fr\/produkt\/jilong-avenli-luftbett-single-2\/#primaryimage","url":"https:\/\/schweizversand.ch\/wp-content\/uploads\/2026\/04\/5471476323.jpg","contentUrl":"https:\/\/schweizversand.ch\/wp-content\/uploads\/2026\/04\/5471476323.jpg","width":1024,"height":546},{"@type":"BreadcrumbList","@id":"https:\/\/schweizversand.ch\/fr\/produkt\/jilong-avenli-luftbett-single-2\/#breadcrumb","itemListElement":[{"@type":"ListItem","position":1,"name":"Startseite","item":"https:\/\/schweizversand.ch\/fr\/"},{"@type":"ListItem","position":2,"name":"Boutique","item":"https:\/\/schweizversand.ch\/fr\/boutique\/"},{"@type":"ListItem","position":3,"name":"Jilong Avenli Matelas gonflable simple"}]},{"@type":"WebSite","@id":"https:\/\/schweizversand.ch\/fr\/#website","url":"https:\/\/schweizversand.ch\/fr\/","name":"Schweizer Shop f\u00fcr Sport, Spiel und Freizeit","description":"Gratisversand ab 50.- (netto), ab eigenem schweizer Lager, Lieferung innert 48h","publisher":{"@id":"https:\/\/schweizversand.ch\/fr\/#organization"},"alternateName":"Schweizversand.ch","potentialAction":[{"@type":"SearchAction","target":{"@type":"EntryPoint","urlTemplate":"https:\/\/schweizversand.ch\/fr\/?s={search_term_string}"},"query-input":{"@type":"PropertyValueSpecification","valueRequired":true,"valueName":"search_term_string"}}],"inLanguage":"fr-FR"},{"@type":"Organization","@id":"https:\/\/schweizversand.ch\/fr\/#organization","name":"Schweizversand.ch","url":"https:\/\/schweizversand.ch\/fr\/","logo":{"@type":"ImageObject","inLanguage":"fr-FR","@id":"https:\/\/schweizversand.ch\/fr\/#\/schema\/logo\/image\/","url":"https:\/\/schweizversand.ch\/wp-content\/uploads\/2026\/03\/Logo_Rund_Final-1.png","contentUrl":"https:\/\/schweizversand.ch\/wp-content\/uploads\/2026\/03\/Logo_Rund_Final-1.png","width":404,"height":404,"caption":"Schweizversand.ch"},"image":{"@id":"https:\/\/schweizversand.ch\/fr\/#\/schema\/logo\/image\/"},"sameAs":["https:\/\/www.facebook.com\/Schweizversand","https:\/\/www.instagram.com\/schweizversand.ch\/"]}]}},"jetpack_sharing_enabled":true,"_links":{"self":[{"href":"https:\/\/schweizversand.ch\/fr\/wp-json\/wp\/v2\/product\/264306","targetHints":{"allow":["GET"]}}],"collection":[{"href":"https:\/\/schweizversand.ch\/fr\/wp-json\/wp\/v2\/product"}],"about":[{"href":"https:\/\/schweizversand.ch\/fr\/wp-json\/wp\/v2\/types\/product"}],"replies":[{"embeddable":true,"href":"https:\/\/schweizversand.ch\/fr\/wp-json\/wp\/v2\/comments?post=264306"}],"wp:featuredmedia":[{"embeddable":true,"href":"https:\/\/schweizversand.ch\/fr\/wp-json\/wp\/v2\/media\/265611"}],"wp:attachment":[{"href":"https:\/\/schweizversand.ch\/fr\/wp-json\/wp\/v2\/media?parent=264306"}],"wp:term":[{"taxonomy":"product_brand","embeddable":true,"href":"https:\/\/schweizversand.ch\/fr\/wp-json\/wp\/v2\/product_brand?post=264306"},{"taxonomy":"product_cat","embeddable":true,"href":"https:\/\/schweizversand.ch\/fr\/wp-json\/wp\/v2\/product_cat?post=264306"},{"taxonomy":"product_tag","embeddable":true,"href":"https:\/\/schweizversand.ch\/fr\/wp-json\/wp\/v2\/product_tag?post=264306"}],"curies":[{"name":"wp","href":"https:\/\/api.w.org\/{rel}","templated":true}]}}