{"id":264334,"date":"2026-04-11T02:00:38","date_gmt":"2026-04-11T00:00:38","guid":{"rendered":"https:\/\/schweizversand.ch\/produkt\/jilong-schwimmring-mit-pinguin-design\/"},"modified":"2026-04-11T15:33:56","modified_gmt":"2026-04-11T13:33:56","slug":"jilong-schwimmring-mit-pinguin-design","status":"publish","type":"product","link":"https:\/\/schweizversand.ch\/fr\/produkt\/jilong-schwimmring-mit-pinguin-design\/","title":{"rendered":"Bou\u00e9e Jilong avec motif pingouin"},"content":{"rendered":"<p>Donnez vie aux joies du plein air avec notre bou\u00e9e Pingouin ! Con\u00e7ue pour encourager le mouvement et l&rsquo;amusement en ext\u00e9rieur, cette bou\u00e9e vous permettra de profiter du soleil comme jamais auparavant. Avec un diam\u00e8tre de 50 cm une fois gonfl\u00e9e, elle est id\u00e9ale pour s&rsquo;amuser en toute libert\u00e9 dans l&rsquo;eau. Recommand\u00e9e pour les enfants de 3 \u00e0 5 ans, cette adorable bou\u00e9e pingouin est le compagnon id\u00e9al des jeunes amoureux de l&rsquo;eau. Fabriqu\u00e9e en vinyle double couche r\u00e9sistant, elle garantit durabilit\u00e9 et s\u00e9curit\u00e9. Attention : cette bou\u00e9e ne convient pas aux enfants de moins de 3 ans. \u00c0 utiliser uniquement en eau peu profonde sous la surveillance d&rsquo;un adulte. Faites vibrer les enfants et offrez-leur une exp\u00e9rience de bronzage in\u00e9dite avec notre bou\u00e9e Pingouin ! Diam\u00e8tre gonfl\u00e9 : 50 cm. \u00c2ge recommand\u00e9 : 3-5 ans. Motif : Pingouin. Fabriqu\u00e9e en vinyle double couche r\u00e9sistant. Attention : ne convient pas aux enfants de moins de 3 ans. \u00c0 utiliser uniquement en eau peu profonde sous la surveillance d&rsquo;un adulte.<\/p>\n","protected":false},"excerpt":{"rendered":"<p>Jilong Schwimmring mit Pinguin Design \u2013 robuster Vinylring \u00f850cm f\u00fcr Kinder 3-5 Jahre. Perfekt f\u00fcr sicheren, spa\u00dfigen Wasserspa\u00df im Freien unter Aufsicht.<\/p>\n","protected":false},"featured_media":265759,"comment_status":"open","ping_status":"closed","template":"","meta":[],"product_brand":[],"product_cat":[38641],"product_tag":[],"class_list":{"0":"post-264334","1":"product","2":"type-product","3":"status-publish","4":"has-post-thumbnail","6":"product_cat-natation-et-plongee","7":"product_shipping_class-global_methods","9":"first","10":"instock","11":"taxable","12":"shipping-taxable","13":"purchasable","14":"product-type-simple"},"yoast_head":"<!-- This site is optimized with the Yoast SEO plugin v27.3 - https:\/\/yoast.com\/product\/yoast-seo-wordpress\/ -->\n<title>Jilong Schwimmring mit Pinguin Design<\/title>\n<meta name=\"description\" content=\"Erwecken Sie den Spa\u00df im Freien zum Leben mit unserem Animal Schwimmring Pinguin!\u00a0 \u00a0\u00a0 Dieser Schwimmring wurde entworfen, um Bewegung und jede Menge Freude im F\" \/>\n<meta name=\"robots\" content=\"index, follow, max-snippet:-1, max-image-preview:large, max-video-preview:-1\" \/>\n<link rel=\"canonical\" href=\"https:\/\/schweizversand.ch\/fr\/produkt\/jilong-schwimmring-mit-pinguin-design\/\" \/>\n<meta property=\"og:locale\" content=\"fr_FR\" \/>\n<meta property=\"og:type\" content=\"article\" \/>\n<meta property=\"og:title\" content=\"Jilong Schwimmring mit Pinguin Design\" \/>\n<meta property=\"og:description\" content=\"Erwecken Sie den Spa\u00df im Freien zum Leben mit unserem Animal Schwimmring Pinguin!\u00a0 \u00a0\u00a0 Dieser Schwimmring wurde entworfen, um Bewegung und jede Menge Freude im F\" \/>\n<meta property=\"og:url\" content=\"https:\/\/schweizversand.ch\/fr\/produkt\/jilong-schwimmring-mit-pinguin-design\/\" \/>\n<meta property=\"og:site_name\" content=\"Schweizer Shop f\u00fcr Sport, Spiel und Freizeit\" \/>\n<meta property=\"article:publisher\" content=\"https:\/\/www.facebook.com\/Schweizversand\" \/>\n<meta property=\"article:modified_time\" content=\"2026-04-11T13:33:56+00:00\" \/>\n<meta property=\"og:image\" content=\"https:\/\/schweizversand.ch\/wp-content\/uploads\/2026\/04\/5471676733.png\" \/>\n\t<meta property=\"og:image:width\" content=\"1024\" \/>\n\t<meta property=\"og:image:height\" content=\"1024\" \/>\n\t<meta property=\"og:image:type\" content=\"image\/png\" \/>\n<meta name=\"twitter:card\" content=\"summary_large_image\" \/>\n<meta name=\"twitter:label1\" content=\"Dur\u00e9e de lecture estim\u00e9e\" \/>\n\t<meta name=\"twitter:data1\" content=\"1 minute\" \/>\n<script type=\"application\/ld+json\" class=\"yoast-schema-graph\">{\"@context\":\"https:\\\/\\\/schema.org\",\"@graph\":[{\"@type\":\"WebPage\",\"@id\":\"https:\\\/\\\/schweizversand.ch\\\/fr\\\/produkt\\\/jilong-schwimmring-mit-pinguin-design\\\/\",\"url\":\"https:\\\/\\\/schweizversand.ch\\\/fr\\\/produkt\\\/jilong-schwimmring-mit-pinguin-design\\\/\",\"name\":\"Jilong Schwimmring mit Pinguin Design\",\"isPartOf\":{\"@id\":\"https:\\\/\\\/schweizversand.ch\\\/fr\\\/#website\"},\"primaryImageOfPage\":{\"@id\":\"https:\\\/\\\/schweizversand.ch\\\/fr\\\/produkt\\\/jilong-schwimmring-mit-pinguin-design\\\/#primaryimage\"},\"image\":{\"@id\":\"https:\\\/\\\/schweizversand.ch\\\/fr\\\/produkt\\\/jilong-schwimmring-mit-pinguin-design\\\/#primaryimage\"},\"thumbnailUrl\":\"https:\\\/\\\/schweizversand.ch\\\/wp-content\\\/uploads\\\/2026\\\/04\\\/5471676733.png\",\"datePublished\":\"2026-04-11T00:00:38+00:00\",\"dateModified\":\"2026-04-11T13:33:56+00:00\",\"description\":\"Erwecken Sie den Spa\u00df im Freien zum Leben mit unserem Animal Schwimmring Pinguin!\u00a0 \u00a0\u00a0 Dieser Schwimmring wurde entworfen, um Bewegung und jede Menge Freude im F\",\"breadcrumb\":{\"@id\":\"https:\\\/\\\/schweizversand.ch\\\/fr\\\/produkt\\\/jilong-schwimmring-mit-pinguin-design\\\/#breadcrumb\"},\"inLanguage\":\"fr-FR\",\"potentialAction\":[{\"@type\":\"ReadAction\",\"target\":[\"https:\\\/\\\/schweizversand.ch\\\/fr\\\/produkt\\\/jilong-schwimmring-mit-pinguin-design\\\/\"]}]},{\"@type\":\"ImageObject\",\"inLanguage\":\"fr-FR\",\"@id\":\"https:\\\/\\\/schweizversand.ch\\\/fr\\\/produkt\\\/jilong-schwimmring-mit-pinguin-design\\\/#primaryimage\",\"url\":\"https:\\\/\\\/schweizversand.ch\\\/wp-content\\\/uploads\\\/2026\\\/04\\\/5471676733.png\",\"contentUrl\":\"https:\\\/\\\/schweizversand.ch\\\/wp-content\\\/uploads\\\/2026\\\/04\\\/5471676733.png\",\"width\":1024,\"height\":1024},{\"@type\":\"BreadcrumbList\",\"@id\":\"https:\\\/\\\/schweizversand.ch\\\/fr\\\/produkt\\\/jilong-schwimmring-mit-pinguin-design\\\/#breadcrumb\",\"itemListElement\":[{\"@type\":\"ListItem\",\"position\":1,\"name\":\"Startseite\",\"item\":\"https:\\\/\\\/schweizversand.ch\\\/fr\\\/\"},{\"@type\":\"ListItem\",\"position\":2,\"name\":\"Boutique\",\"item\":\"https:\\\/\\\/schweizversand.ch\\\/fr\\\/boutique\\\/\"},{\"@type\":\"ListItem\",\"position\":3,\"name\":\"Bou\u00e9e Jilong avec motif pingouin\"}]},{\"@type\":\"WebSite\",\"@id\":\"https:\\\/\\\/schweizversand.ch\\\/fr\\\/#website\",\"url\":\"https:\\\/\\\/schweizversand.ch\\\/fr\\\/\",\"name\":\"Schweizer Shop f\u00fcr Sport, Spiel und Freizeit\",\"description\":\"Gratisversand ab 50.- (netto), ab eigenem schweizer Lager, Lieferung innert 48h\",\"publisher\":{\"@id\":\"https:\\\/\\\/schweizversand.ch\\\/fr\\\/#organization\"},\"alternateName\":\"Schweizversand.ch\",\"potentialAction\":[{\"@type\":\"SearchAction\",\"target\":{\"@type\":\"EntryPoint\",\"urlTemplate\":\"https:\\\/\\\/schweizversand.ch\\\/fr\\\/?s={search_term_string}\"},\"query-input\":{\"@type\":\"PropertyValueSpecification\",\"valueRequired\":true,\"valueName\":\"search_term_string\"}}],\"inLanguage\":\"fr-FR\"},{\"@type\":\"Organization\",\"@id\":\"https:\\\/\\\/schweizversand.ch\\\/fr\\\/#organization\",\"name\":\"Schweizversand.ch\",\"url\":\"https:\\\/\\\/schweizversand.ch\\\/fr\\\/\",\"logo\":{\"@type\":\"ImageObject\",\"inLanguage\":\"fr-FR\",\"@id\":\"https:\\\/\\\/schweizversand.ch\\\/fr\\\/#\\\/schema\\\/logo\\\/image\\\/\",\"url\":\"https:\\\/\\\/schweizversand.ch\\\/wp-content\\\/uploads\\\/2026\\\/03\\\/Logo_Rund_Final-1.png\",\"contentUrl\":\"https:\\\/\\\/schweizversand.ch\\\/wp-content\\\/uploads\\\/2026\\\/03\\\/Logo_Rund_Final-1.png\",\"width\":404,\"height\":404,\"caption\":\"Schweizversand.ch\"},\"image\":{\"@id\":\"https:\\\/\\\/schweizversand.ch\\\/fr\\\/#\\\/schema\\\/logo\\\/image\\\/\"},\"sameAs\":[\"https:\\\/\\\/www.facebook.com\\\/Schweizversand\",\"https:\\\/\\\/www.instagram.com\\\/schweizversand.ch\\\/\"]}]}<\/script>\n<!-- \/ Yoast SEO plugin. -->","yoast_head_json":{"title":"Jilong Schwimmring mit Pinguin Design","description":"Erwecken Sie den Spa\u00df im Freien zum Leben mit unserem Animal Schwimmring Pinguin!\u00a0 \u00a0\u00a0 Dieser Schwimmring wurde entworfen, um Bewegung und jede Menge Freude im F","robots":{"index":"index","follow":"follow","max-snippet":"max-snippet:-1","max-image-preview":"max-image-preview:large","max-video-preview":"max-video-preview:-1"},"canonical":"https:\/\/schweizversand.ch\/fr\/produkt\/jilong-schwimmring-mit-pinguin-design\/","og_locale":"fr_FR","og_type":"article","og_title":"Jilong Schwimmring mit Pinguin Design","og_description":"Erwecken Sie den Spa\u00df im Freien zum Leben mit unserem Animal Schwimmring Pinguin!\u00a0 \u00a0\u00a0 Dieser Schwimmring wurde entworfen, um Bewegung und jede Menge Freude im F","og_url":"https:\/\/schweizversand.ch\/fr\/produkt\/jilong-schwimmring-mit-pinguin-design\/","og_site_name":"Schweizer Shop f\u00fcr Sport, Spiel und Freizeit","article_publisher":"https:\/\/www.facebook.com\/Schweizversand","article_modified_time":"2026-04-11T13:33:56+00:00","og_image":[{"width":1024,"height":1024,"url":"https:\/\/schweizversand.ch\/wp-content\/uploads\/2026\/04\/5471676733.png","type":"image\/png"}],"twitter_card":"summary_large_image","twitter_misc":{"Dur\u00e9e de lecture estim\u00e9e":"1 minute"},"schema":{"@context":"https:\/\/schema.org","@graph":[{"@type":"WebPage","@id":"https:\/\/schweizversand.ch\/fr\/produkt\/jilong-schwimmring-mit-pinguin-design\/","url":"https:\/\/schweizversand.ch\/fr\/produkt\/jilong-schwimmring-mit-pinguin-design\/","name":"Jilong Schwimmring mit Pinguin Design","isPartOf":{"@id":"https:\/\/schweizversand.ch\/fr\/#website"},"primaryImageOfPage":{"@id":"https:\/\/schweizversand.ch\/fr\/produkt\/jilong-schwimmring-mit-pinguin-design\/#primaryimage"},"image":{"@id":"https:\/\/schweizversand.ch\/fr\/produkt\/jilong-schwimmring-mit-pinguin-design\/#primaryimage"},"thumbnailUrl":"https:\/\/schweizversand.ch\/wp-content\/uploads\/2026\/04\/5471676733.png","datePublished":"2026-04-11T00:00:38+00:00","dateModified":"2026-04-11T13:33:56+00:00","description":"Erwecken Sie den Spa\u00df im Freien zum Leben mit unserem Animal Schwimmring Pinguin!\u00a0 \u00a0\u00a0 Dieser Schwimmring wurde entworfen, um Bewegung und jede Menge Freude im F","breadcrumb":{"@id":"https:\/\/schweizversand.ch\/fr\/produkt\/jilong-schwimmring-mit-pinguin-design\/#breadcrumb"},"inLanguage":"fr-FR","potentialAction":[{"@type":"ReadAction","target":["https:\/\/schweizversand.ch\/fr\/produkt\/jilong-schwimmring-mit-pinguin-design\/"]}]},{"@type":"ImageObject","inLanguage":"fr-FR","@id":"https:\/\/schweizversand.ch\/fr\/produkt\/jilong-schwimmring-mit-pinguin-design\/#primaryimage","url":"https:\/\/schweizversand.ch\/wp-content\/uploads\/2026\/04\/5471676733.png","contentUrl":"https:\/\/schweizversand.ch\/wp-content\/uploads\/2026\/04\/5471676733.png","width":1024,"height":1024},{"@type":"BreadcrumbList","@id":"https:\/\/schweizversand.ch\/fr\/produkt\/jilong-schwimmring-mit-pinguin-design\/#breadcrumb","itemListElement":[{"@type":"ListItem","position":1,"name":"Startseite","item":"https:\/\/schweizversand.ch\/fr\/"},{"@type":"ListItem","position":2,"name":"Boutique","item":"https:\/\/schweizversand.ch\/fr\/boutique\/"},{"@type":"ListItem","position":3,"name":"Bou\u00e9e Jilong avec motif pingouin"}]},{"@type":"WebSite","@id":"https:\/\/schweizversand.ch\/fr\/#website","url":"https:\/\/schweizversand.ch\/fr\/","name":"Schweizer Shop f\u00fcr Sport, Spiel und Freizeit","description":"Gratisversand ab 50.- (netto), ab eigenem schweizer Lager, Lieferung innert 48h","publisher":{"@id":"https:\/\/schweizversand.ch\/fr\/#organization"},"alternateName":"Schweizversand.ch","potentialAction":[{"@type":"SearchAction","target":{"@type":"EntryPoint","urlTemplate":"https:\/\/schweizversand.ch\/fr\/?s={search_term_string}"},"query-input":{"@type":"PropertyValueSpecification","valueRequired":true,"valueName":"search_term_string"}}],"inLanguage":"fr-FR"},{"@type":"Organization","@id":"https:\/\/schweizversand.ch\/fr\/#organization","name":"Schweizversand.ch","url":"https:\/\/schweizversand.ch\/fr\/","logo":{"@type":"ImageObject","inLanguage":"fr-FR","@id":"https:\/\/schweizversand.ch\/fr\/#\/schema\/logo\/image\/","url":"https:\/\/schweizversand.ch\/wp-content\/uploads\/2026\/03\/Logo_Rund_Final-1.png","contentUrl":"https:\/\/schweizversand.ch\/wp-content\/uploads\/2026\/03\/Logo_Rund_Final-1.png","width":404,"height":404,"caption":"Schweizversand.ch"},"image":{"@id":"https:\/\/schweizversand.ch\/fr\/#\/schema\/logo\/image\/"},"sameAs":["https:\/\/www.facebook.com\/Schweizversand","https:\/\/www.instagram.com\/schweizversand.ch\/"]}]}},"jetpack_sharing_enabled":true,"_links":{"self":[{"href":"https:\/\/schweizversand.ch\/fr\/wp-json\/wp\/v2\/product\/264334","targetHints":{"allow":["GET"]}}],"collection":[{"href":"https:\/\/schweizversand.ch\/fr\/wp-json\/wp\/v2\/product"}],"about":[{"href":"https:\/\/schweizversand.ch\/fr\/wp-json\/wp\/v2\/types\/product"}],"replies":[{"embeddable":true,"href":"https:\/\/schweizversand.ch\/fr\/wp-json\/wp\/v2\/comments?post=264334"}],"wp:featuredmedia":[{"embeddable":true,"href":"https:\/\/schweizversand.ch\/fr\/wp-json\/wp\/v2\/media\/265759"}],"wp:attachment":[{"href":"https:\/\/schweizversand.ch\/fr\/wp-json\/wp\/v2\/media?parent=264334"}],"wp:term":[{"taxonomy":"product_brand","embeddable":true,"href":"https:\/\/schweizversand.ch\/fr\/wp-json\/wp\/v2\/product_brand?post=264334"},{"taxonomy":"product_cat","embeddable":true,"href":"https:\/\/schweizversand.ch\/fr\/wp-json\/wp\/v2\/product_cat?post=264334"},{"taxonomy":"product_tag","embeddable":true,"href":"https:\/\/schweizversand.ch\/fr\/wp-json\/wp\/v2\/product_tag?post=264334"}],"curies":[{"name":"wp","href":"https:\/\/api.w.org\/{rel}","templated":true}]}}