{"id":264350,"date":"2026-04-11T02:00:39","date_gmt":"2026-04-11T00:00:39","guid":{"rendered":"https:\/\/schweizversand.ch\/produkt\/jilong-luftmatratze-gradient\/"},"modified":"2026-04-13T02:05:41","modified_gmt":"2026-04-13T00:05:41","slug":"jilong-luftmatratze-gradient-2","status":"publish","type":"product","link":"https:\/\/schweizversand.ch\/fr\/produkt\/jilong-luftmatratze-gradient-2\/","title":{"rendered":"Matelas gonflable Jilong Gradient"},"content":{"rendered":"<p>Ce matelas gonflable arbore un design attrayant qui ne manquera pas d&rsquo;attirer les regards dans l&rsquo;eau. Id\u00e9al pour les f\u00eates au bord de la piscine ou les journ\u00e9es de d\u00e9tente \u00e0 la plage.<\/p>\n<\/p>\n<p>\u2022 Zone de t\u00eate confortable\u00a0: La zone de t\u00eate du matelas offre un confort optimal pour une relaxation encore plus agr\u00e9able.<\/p>\n<\/p>\n<p>\u2022 Double chambre \u00e0 air\u00a0: \u00c9quip\u00e9 de deux chambres \u00e0 air, ce matelas gonflable offre une s\u00e9curit\u00e9 accrue. M\u00eame si une chambre est endommag\u00e9e, l&rsquo;autre reste intacte.<\/p>\n<\/p>\n<p>\u2022 \u00c2ge recommand\u00e9\u00a0: Ce matelas gonflable est recommand\u00e9 \u00e0 partir de 14\u00a0ans.<\/p>\n<\/p>\n<p>\u2022 Poids maximal support\u00e9\u00a0: Avec un poids maximal de 80\u00a0kg, ce matelas gonflable peut \u00eatre utilis\u00e9 en toute s\u00e9curit\u00e9 par la plupart des utilisateurs.<\/p>\n<\/p>\n<p>\u2022 Fond en filet\u00a0: Le fond en filet du matelas gonflable offre un confort et un soutien accrus.<\/p>\n<\/p>\n<p>\u2022 Kit de r\u00e9paration\u00a0: Un kit de r\u00e9paration est inclus pour r\u00e9parer facilement les petits dommages ou les perforations et prolonger la dur\u00e9e de vie du matelas.<\/p>\n<\/p>\n<p>\u2022 Design d\u00e9grad\u00e9\u00a0: Le design d\u00e9grad\u00e9 du matelas gonflable le rend encore plus attrayant.<\/p>\n<\/p>\n<p>Veuillez noter que la couleur ne peut \u00eatre choisie et que les matelas seront exp\u00e9di\u00e9s de fa\u00e7on al\u00e9atoire dans la mesure du possible.<\/p>\n<\/p>\n<p>Prix \u200b\u200bunitaire.<\/p>\n","protected":false},"excerpt":{"rendered":"<p>Jilong Luftmatratze Gradient bietet Komfort mit Kopfst\u00fctze, extra Sicherheit durch zwei Luftkammern und stylisches Design \u2013 perfekt f\u00fcr Pool und Strand ab 14 Jahren.<\/p>\n","protected":false},"featured_media":265796,"comment_status":"open","ping_status":"closed","template":"","meta":[],"product_brand":[],"product_cat":[39053],"product_tag":[],"class_list":{"0":"post-264350","1":"product","2":"type-product","3":"status-publish","4":"has-post-thumbnail","6":"product_cat-matelas-pneumatique","7":"product_shipping_class-global_methods","9":"first","10":"instock","11":"taxable","12":"shipping-taxable","13":"purchasable","14":"product-type-simple"},"yoast_head":"<!-- This site is optimized with the Yoast SEO plugin v27.3 - https:\/\/yoast.com\/product\/yoast-seo-wordpress\/ -->\n<title>Jilong Luftmatratze Gradient<\/title>\n<meta name=\"description\" content=\"Diese Luftmatratze hat ein ansprechendes Design, das sie zu einem Blickfang im Wasser macht. Perfekt f\u00fcr Poolpartys oder entspannte Tage am Strand.\u00a0 \u2022 Bequemer\" \/>\n<meta name=\"robots\" content=\"index, follow, max-snippet:-1, max-image-preview:large, max-video-preview:-1\" \/>\n<link rel=\"canonical\" href=\"https:\/\/schweizversand.ch\/fr\/produkt\/jilong-luftmatratze-gradient-2\/\" \/>\n<meta property=\"og:locale\" content=\"fr_FR\" \/>\n<meta property=\"og:type\" content=\"article\" \/>\n<meta property=\"og:title\" content=\"Jilong Luftmatratze Gradient\" \/>\n<meta property=\"og:description\" content=\"Diese Luftmatratze hat ein ansprechendes Design, das sie zu einem Blickfang im Wasser macht. Perfekt f\u00fcr Poolpartys oder entspannte Tage am Strand.\u00a0 \u2022 Bequemer\" \/>\n<meta property=\"og:url\" content=\"https:\/\/schweizversand.ch\/fr\/produkt\/jilong-luftmatratze-gradient-2\/\" \/>\n<meta property=\"og:site_name\" content=\"Schweizer Shop f\u00fcr Sport, Spiel und Freizeit\" \/>\n<meta property=\"article:publisher\" content=\"https:\/\/www.facebook.com\/Schweizversand\" \/>\n<meta property=\"article:modified_time\" content=\"2026-04-13T00:05:41+00:00\" \/>\n<meta property=\"og:image\" content=\"https:\/\/schweizversand.ch\/wp-content\/uploads\/2026\/04\/5471615368-1.jpg\" \/>\n\t<meta property=\"og:image:width\" content=\"683\" \/>\n\t<meta property=\"og:image:height\" content=\"1024\" \/>\n\t<meta property=\"og:image:type\" content=\"image\/jpeg\" \/>\n<meta name=\"twitter:card\" content=\"summary_large_image\" \/>\n<meta name=\"twitter:label1\" content=\"Dur\u00e9e de lecture estim\u00e9e\" \/>\n\t<meta name=\"twitter:data1\" content=\"1 minute\" \/>\n<script type=\"application\/ld+json\" class=\"yoast-schema-graph\">{\"@context\":\"https:\\\/\\\/schema.org\",\"@graph\":[{\"@type\":\"WebPage\",\"@id\":\"https:\\\/\\\/schweizversand.ch\\\/fr\\\/produkt\\\/jilong-luftmatratze-gradient-2\\\/\",\"url\":\"https:\\\/\\\/schweizversand.ch\\\/fr\\\/produkt\\\/jilong-luftmatratze-gradient-2\\\/\",\"name\":\"Jilong Luftmatratze Gradient\",\"isPartOf\":{\"@id\":\"https:\\\/\\\/schweizversand.ch\\\/fr\\\/#website\"},\"primaryImageOfPage\":{\"@id\":\"https:\\\/\\\/schweizversand.ch\\\/fr\\\/produkt\\\/jilong-luftmatratze-gradient-2\\\/#primaryimage\"},\"image\":{\"@id\":\"https:\\\/\\\/schweizversand.ch\\\/fr\\\/produkt\\\/jilong-luftmatratze-gradient-2\\\/#primaryimage\"},\"thumbnailUrl\":\"https:\\\/\\\/schweizversand.ch\\\/wp-content\\\/uploads\\\/2026\\\/04\\\/5471615368.jpg\",\"datePublished\":\"2026-04-11T00:00:39+00:00\",\"dateModified\":\"2026-04-13T00:05:41+00:00\",\"description\":\"Diese Luftmatratze hat ein ansprechendes Design, das sie zu einem Blickfang im Wasser macht. Perfekt f\u00fcr Poolpartys oder entspannte Tage am Strand.\u00a0 \u2022 Bequemer\",\"breadcrumb\":{\"@id\":\"https:\\\/\\\/schweizversand.ch\\\/fr\\\/produkt\\\/jilong-luftmatratze-gradient-2\\\/#breadcrumb\"},\"inLanguage\":\"fr-FR\",\"potentialAction\":[{\"@type\":\"ReadAction\",\"target\":[\"https:\\\/\\\/schweizversand.ch\\\/fr\\\/produkt\\\/jilong-luftmatratze-gradient-2\\\/\"]}]},{\"@type\":\"ImageObject\",\"inLanguage\":\"fr-FR\",\"@id\":\"https:\\\/\\\/schweizversand.ch\\\/fr\\\/produkt\\\/jilong-luftmatratze-gradient-2\\\/#primaryimage\",\"url\":\"https:\\\/\\\/schweizversand.ch\\\/wp-content\\\/uploads\\\/2026\\\/04\\\/5471615368.jpg\",\"contentUrl\":\"https:\\\/\\\/schweizversand.ch\\\/wp-content\\\/uploads\\\/2026\\\/04\\\/5471615368.jpg\",\"width\":683,\"height\":1024},{\"@type\":\"BreadcrumbList\",\"@id\":\"https:\\\/\\\/schweizversand.ch\\\/fr\\\/produkt\\\/jilong-luftmatratze-gradient-2\\\/#breadcrumb\",\"itemListElement\":[{\"@type\":\"ListItem\",\"position\":1,\"name\":\"Startseite\",\"item\":\"https:\\\/\\\/schweizversand.ch\\\/fr\\\/\"},{\"@type\":\"ListItem\",\"position\":2,\"name\":\"Boutique\",\"item\":\"https:\\\/\\\/schweizversand.ch\\\/fr\\\/boutique\\\/\"},{\"@type\":\"ListItem\",\"position\":3,\"name\":\"Matelas gonflable Jilong Gradient\"}]},{\"@type\":\"WebSite\",\"@id\":\"https:\\\/\\\/schweizversand.ch\\\/fr\\\/#website\",\"url\":\"https:\\\/\\\/schweizversand.ch\\\/fr\\\/\",\"name\":\"Schweizer Shop f\u00fcr Sport, Spiel und Freizeit\",\"description\":\"Gratisversand ab 50.- (netto), ab eigenem schweizer Lager, Lieferung innert 48h\",\"publisher\":{\"@id\":\"https:\\\/\\\/schweizversand.ch\\\/fr\\\/#organization\"},\"alternateName\":\"Schweizversand.ch\",\"potentialAction\":[{\"@type\":\"SearchAction\",\"target\":{\"@type\":\"EntryPoint\",\"urlTemplate\":\"https:\\\/\\\/schweizversand.ch\\\/fr\\\/?s={search_term_string}\"},\"query-input\":{\"@type\":\"PropertyValueSpecification\",\"valueRequired\":true,\"valueName\":\"search_term_string\"}}],\"inLanguage\":\"fr-FR\"},{\"@type\":\"Organization\",\"@id\":\"https:\\\/\\\/schweizversand.ch\\\/fr\\\/#organization\",\"name\":\"Schweizversand.ch\",\"url\":\"https:\\\/\\\/schweizversand.ch\\\/fr\\\/\",\"logo\":{\"@type\":\"ImageObject\",\"inLanguage\":\"fr-FR\",\"@id\":\"https:\\\/\\\/schweizversand.ch\\\/fr\\\/#\\\/schema\\\/logo\\\/image\\\/\",\"url\":\"https:\\\/\\\/schweizversand.ch\\\/wp-content\\\/uploads\\\/2026\\\/03\\\/Logo_Rund_Final-1.png\",\"contentUrl\":\"https:\\\/\\\/schweizversand.ch\\\/wp-content\\\/uploads\\\/2026\\\/03\\\/Logo_Rund_Final-1.png\",\"width\":404,\"height\":404,\"caption\":\"Schweizversand.ch\"},\"image\":{\"@id\":\"https:\\\/\\\/schweizversand.ch\\\/fr\\\/#\\\/schema\\\/logo\\\/image\\\/\"},\"sameAs\":[\"https:\\\/\\\/www.facebook.com\\\/Schweizversand\",\"https:\\\/\\\/www.instagram.com\\\/schweizversand.ch\\\/\"]}]}<\/script>\n<!-- \/ Yoast SEO plugin. -->","yoast_head_json":{"title":"Jilong Luftmatratze Gradient","description":"Diese Luftmatratze hat ein ansprechendes Design, das sie zu einem Blickfang im Wasser macht. Perfekt f\u00fcr Poolpartys oder entspannte Tage am Strand.\u00a0 \u2022 Bequemer","robots":{"index":"index","follow":"follow","max-snippet":"max-snippet:-1","max-image-preview":"max-image-preview:large","max-video-preview":"max-video-preview:-1"},"canonical":"https:\/\/schweizversand.ch\/fr\/produkt\/jilong-luftmatratze-gradient-2\/","og_locale":"fr_FR","og_type":"article","og_title":"Jilong Luftmatratze Gradient","og_description":"Diese Luftmatratze hat ein ansprechendes Design, das sie zu einem Blickfang im Wasser macht. Perfekt f\u00fcr Poolpartys oder entspannte Tage am Strand.\u00a0 \u2022 Bequemer","og_url":"https:\/\/schweizversand.ch\/fr\/produkt\/jilong-luftmatratze-gradient-2\/","og_site_name":"Schweizer Shop f\u00fcr Sport, Spiel und Freizeit","article_publisher":"https:\/\/www.facebook.com\/Schweizversand","article_modified_time":"2026-04-13T00:05:41+00:00","og_image":[{"width":683,"height":1024,"url":"https:\/\/schweizversand.ch\/wp-content\/uploads\/2026\/04\/5471615368-1.jpg","type":"image\/jpeg"}],"twitter_card":"summary_large_image","twitter_misc":{"Dur\u00e9e de lecture estim\u00e9e":"1 minute"},"schema":{"@context":"https:\/\/schema.org","@graph":[{"@type":"WebPage","@id":"https:\/\/schweizversand.ch\/fr\/produkt\/jilong-luftmatratze-gradient-2\/","url":"https:\/\/schweizversand.ch\/fr\/produkt\/jilong-luftmatratze-gradient-2\/","name":"Jilong Luftmatratze Gradient","isPartOf":{"@id":"https:\/\/schweizversand.ch\/fr\/#website"},"primaryImageOfPage":{"@id":"https:\/\/schweizversand.ch\/fr\/produkt\/jilong-luftmatratze-gradient-2\/#primaryimage"},"image":{"@id":"https:\/\/schweizversand.ch\/fr\/produkt\/jilong-luftmatratze-gradient-2\/#primaryimage"},"thumbnailUrl":"https:\/\/schweizversand.ch\/wp-content\/uploads\/2026\/04\/5471615368.jpg","datePublished":"2026-04-11T00:00:39+00:00","dateModified":"2026-04-13T00:05:41+00:00","description":"Diese Luftmatratze hat ein ansprechendes Design, das sie zu einem Blickfang im Wasser macht. Perfekt f\u00fcr Poolpartys oder entspannte Tage am Strand.\u00a0 \u2022 Bequemer","breadcrumb":{"@id":"https:\/\/schweizversand.ch\/fr\/produkt\/jilong-luftmatratze-gradient-2\/#breadcrumb"},"inLanguage":"fr-FR","potentialAction":[{"@type":"ReadAction","target":["https:\/\/schweizversand.ch\/fr\/produkt\/jilong-luftmatratze-gradient-2\/"]}]},{"@type":"ImageObject","inLanguage":"fr-FR","@id":"https:\/\/schweizversand.ch\/fr\/produkt\/jilong-luftmatratze-gradient-2\/#primaryimage","url":"https:\/\/schweizversand.ch\/wp-content\/uploads\/2026\/04\/5471615368.jpg","contentUrl":"https:\/\/schweizversand.ch\/wp-content\/uploads\/2026\/04\/5471615368.jpg","width":683,"height":1024},{"@type":"BreadcrumbList","@id":"https:\/\/schweizversand.ch\/fr\/produkt\/jilong-luftmatratze-gradient-2\/#breadcrumb","itemListElement":[{"@type":"ListItem","position":1,"name":"Startseite","item":"https:\/\/schweizversand.ch\/fr\/"},{"@type":"ListItem","position":2,"name":"Boutique","item":"https:\/\/schweizversand.ch\/fr\/boutique\/"},{"@type":"ListItem","position":3,"name":"Matelas gonflable Jilong Gradient"}]},{"@type":"WebSite","@id":"https:\/\/schweizversand.ch\/fr\/#website","url":"https:\/\/schweizversand.ch\/fr\/","name":"Schweizer Shop f\u00fcr Sport, Spiel und Freizeit","description":"Gratisversand ab 50.- (netto), ab eigenem schweizer Lager, Lieferung innert 48h","publisher":{"@id":"https:\/\/schweizversand.ch\/fr\/#organization"},"alternateName":"Schweizversand.ch","potentialAction":[{"@type":"SearchAction","target":{"@type":"EntryPoint","urlTemplate":"https:\/\/schweizversand.ch\/fr\/?s={search_term_string}"},"query-input":{"@type":"PropertyValueSpecification","valueRequired":true,"valueName":"search_term_string"}}],"inLanguage":"fr-FR"},{"@type":"Organization","@id":"https:\/\/schweizversand.ch\/fr\/#organization","name":"Schweizversand.ch","url":"https:\/\/schweizversand.ch\/fr\/","logo":{"@type":"ImageObject","inLanguage":"fr-FR","@id":"https:\/\/schweizversand.ch\/fr\/#\/schema\/logo\/image\/","url":"https:\/\/schweizversand.ch\/wp-content\/uploads\/2026\/03\/Logo_Rund_Final-1.png","contentUrl":"https:\/\/schweizversand.ch\/wp-content\/uploads\/2026\/03\/Logo_Rund_Final-1.png","width":404,"height":404,"caption":"Schweizversand.ch"},"image":{"@id":"https:\/\/schweizversand.ch\/fr\/#\/schema\/logo\/image\/"},"sameAs":["https:\/\/www.facebook.com\/Schweizversand","https:\/\/www.instagram.com\/schweizversand.ch\/"]}]}},"jetpack_sharing_enabled":true,"_links":{"self":[{"href":"https:\/\/schweizversand.ch\/fr\/wp-json\/wp\/v2\/product\/264350","targetHints":{"allow":["GET"]}}],"collection":[{"href":"https:\/\/schweizversand.ch\/fr\/wp-json\/wp\/v2\/product"}],"about":[{"href":"https:\/\/schweizversand.ch\/fr\/wp-json\/wp\/v2\/types\/product"}],"replies":[{"embeddable":true,"href":"https:\/\/schweizversand.ch\/fr\/wp-json\/wp\/v2\/comments?post=264350"}],"wp:featuredmedia":[{"embeddable":true,"href":"https:\/\/schweizversand.ch\/fr\/wp-json\/wp\/v2\/media\/265796"}],"wp:attachment":[{"href":"https:\/\/schweizversand.ch\/fr\/wp-json\/wp\/v2\/media?parent=264350"}],"wp:term":[{"taxonomy":"product_brand","embeddable":true,"href":"https:\/\/schweizversand.ch\/fr\/wp-json\/wp\/v2\/product_brand?post=264350"},{"taxonomy":"product_cat","embeddable":true,"href":"https:\/\/schweizversand.ch\/fr\/wp-json\/wp\/v2\/product_cat?post=264350"},{"taxonomy":"product_tag","embeddable":true,"href":"https:\/\/schweizversand.ch\/fr\/wp-json\/wp\/v2\/product_tag?post=264350"}],"curies":[{"name":"wp","href":"https:\/\/api.w.org\/{rel}","templated":true}]}}