{"id":264375,"date":"2026-04-11T02:00:39","date_gmt":"2026-04-11T00:00:39","guid":{"rendered":"https:\/\/schweizversand.ch\/produkt\/jilong-luftbett-doppel-3-2\/"},"modified":"2026-04-13T02:05:41","modified_gmt":"2026-04-13T00:05:41","slug":"jilong-luftbett-doppel-3-2","status":"publish","type":"product","link":"https:\/\/schweizversand.ch\/fr\/produkt\/jilong-luftbett-doppel-3-2\/","title":{"rendered":"Lit gonflable double Jilong"},"content":{"rendered":"<p>Ce matelas gonflable semble \u00eatre une excellente option pour un sommeil confortable et pratique, notamment pour le camping ou lorsque vous recevez des invit\u00e9s.<\/p>\n<\/p>\n<p>Voici un r\u00e9sum\u00e9 de ses principales caract\u00e9ristiques et sp\u00e9cifications\u00a0:<\/p>\n<\/p>\n<p>\u2022 Dimensions\u00a0: Ce matelas gonflable mesure 191\u00a0cm de long et 137\u00a0cm de large. Ces dimensions offrent un espace g\u00e9n\u00e9reux pour deux personnes.<\/p>\n<\/p>\n<p>\u2022 Construction\u00a0: Sa structure robuste en vinyle assure stabilit\u00e9 et durabilit\u00e9. Le matelas reste ainsi ferme et stable pendant votre sommeil.<\/p>\n<\/p>\n<p>\u2022 Surface\u00a0: La surface sup\u00e9rieure est imperm\u00e9able et floqu\u00e9e. Ce rev\u00eatement emp\u00eache le drap de glisser et offre un toucher doux et velout\u00e9 pour un confort accru.<\/p>\n<\/p>\n<p>\u2022 Valve de s\u00e9curit\u00e9\u00a0: La valve de s\u00e9curit\u00e9 permet un gonflage et un d\u00e9gonflage rapides, facilitant l\u2019installation et le rangement.<\/p>\n<\/p>\n<p>\u2022 Pliable\u00a0: Ce matelas gonflable se plie facilement, ce qui le rend pratique pour les voyages et le rangement. Il se range de mani\u00e8re compacte.<\/p>\n<\/p>\n<p>\u2022 Accessoires\u00a0: Deux oreillers sont inclus pour un confort optimal. Une pompe manuelle est \u00e9galement fournie pour gonfler le matelas.<\/p>\n<\/p>\n<p>\u2022 R\u00e9paration\u00a0: Un kit de r\u00e9paration est inclus en cas de dommage accidentel du matelas pneumatique. Il permet d\u2019en prolonger la dur\u00e9e de vie.<\/p>\n","protected":false},"excerpt":{"rendered":"<p>Jilong Luftbett Doppel bietet stabilen Komfort mit robuster Vinyl-Konstruktion und beflockter, wasserdichter Oberfl\u00e4che \u2013 ideal f\u00fcr erholsamen Schlaf zu zweit.<\/p>\n","protected":false},"featured_media":265859,"comment_status":"open","ping_status":"closed","template":"","meta":[],"product_brand":[],"product_cat":[38126],"product_tag":[],"class_list":{"0":"post-264375","1":"product","2":"type-product","3":"status-publish","4":"has-post-thumbnail","6":"product_cat-camping","7":"product_shipping_class-global_methods","9":"first","10":"instock","11":"taxable","12":"shipping-taxable","13":"purchasable","14":"product-type-simple"},"yoast_head":"<!-- This site is optimized with the Yoast SEO plugin v27.3 - https:\/\/yoast.com\/product\/yoast-seo-wordpress\/ -->\n<title>Jilong Luftbett Doppel<\/title>\n<meta name=\"description\" content=\"Dieses Luftbett scheint eine ausgezeichnete Option f\u00fcr bequemes und praktisches Schlafen zu sein, insbesondere f\u00fcr Campingausfl\u00fcge oder G\u00e4ste.\u00a0 \u00a0 Hier sind die\" \/>\n<meta name=\"robots\" content=\"index, follow, max-snippet:-1, max-image-preview:large, max-video-preview:-1\" \/>\n<link rel=\"canonical\" href=\"https:\/\/schweizversand.ch\/fr\/produkt\/jilong-luftbett-doppel-3-2\/\" \/>\n<meta property=\"og:locale\" content=\"fr_FR\" \/>\n<meta property=\"og:type\" content=\"article\" \/>\n<meta property=\"og:title\" content=\"Jilong Luftbett Doppel\" \/>\n<meta property=\"og:description\" content=\"Dieses Luftbett scheint eine ausgezeichnete Option f\u00fcr bequemes und praktisches Schlafen zu sein, insbesondere f\u00fcr Campingausfl\u00fcge oder G\u00e4ste.\u00a0 \u00a0 Hier sind die\" \/>\n<meta property=\"og:url\" content=\"https:\/\/schweizversand.ch\/fr\/produkt\/jilong-luftbett-doppel-3-2\/\" \/>\n<meta property=\"og:site_name\" content=\"Schweizer Shop f\u00fcr Sport, Spiel und Freizeit\" \/>\n<meta property=\"article:publisher\" content=\"https:\/\/www.facebook.com\/Schweizversand\" \/>\n<meta property=\"article:modified_time\" content=\"2026-04-13T00:05:41+00:00\" \/>\n<meta property=\"og:image\" content=\"https:\/\/schweizversand.ch\/wp-content\/uploads\/2026\/04\/5471693164.jpg\" \/>\n\t<meta property=\"og:image:width\" content=\"1024\" \/>\n\t<meta property=\"og:image:height\" content=\"497\" \/>\n\t<meta property=\"og:image:type\" content=\"image\/jpeg\" \/>\n<meta name=\"twitter:card\" content=\"summary_large_image\" \/>\n<meta name=\"twitter:label1\" content=\"Dur\u00e9e de lecture estim\u00e9e\" \/>\n\t<meta name=\"twitter:data1\" content=\"1 minute\" \/>\n<script type=\"application\/ld+json\" class=\"yoast-schema-graph\">{\"@context\":\"https:\\\/\\\/schema.org\",\"@graph\":[{\"@type\":\"WebPage\",\"@id\":\"https:\\\/\\\/schweizversand.ch\\\/fr\\\/produkt\\\/jilong-luftbett-doppel-3-2\\\/\",\"url\":\"https:\\\/\\\/schweizversand.ch\\\/fr\\\/produkt\\\/jilong-luftbett-doppel-3-2\\\/\",\"name\":\"Jilong Luftbett Doppel\",\"isPartOf\":{\"@id\":\"https:\\\/\\\/schweizversand.ch\\\/fr\\\/#website\"},\"primaryImageOfPage\":{\"@id\":\"https:\\\/\\\/schweizversand.ch\\\/fr\\\/produkt\\\/jilong-luftbett-doppel-3-2\\\/#primaryimage\"},\"image\":{\"@id\":\"https:\\\/\\\/schweizversand.ch\\\/fr\\\/produkt\\\/jilong-luftbett-doppel-3-2\\\/#primaryimage\"},\"thumbnailUrl\":\"https:\\\/\\\/schweizversand.ch\\\/wp-content\\\/uploads\\\/2026\\\/04\\\/5471693164.jpg\",\"datePublished\":\"2026-04-11T00:00:39+00:00\",\"dateModified\":\"2026-04-13T00:05:41+00:00\",\"description\":\"Dieses Luftbett scheint eine ausgezeichnete Option f\u00fcr bequemes und praktisches Schlafen zu sein, insbesondere f\u00fcr Campingausfl\u00fcge oder G\u00e4ste.\u00a0 \u00a0 Hier sind die\",\"breadcrumb\":{\"@id\":\"https:\\\/\\\/schweizversand.ch\\\/fr\\\/produkt\\\/jilong-luftbett-doppel-3-2\\\/#breadcrumb\"},\"inLanguage\":\"fr-FR\",\"potentialAction\":[{\"@type\":\"ReadAction\",\"target\":[\"https:\\\/\\\/schweizversand.ch\\\/fr\\\/produkt\\\/jilong-luftbett-doppel-3-2\\\/\"]}]},{\"@type\":\"ImageObject\",\"inLanguage\":\"fr-FR\",\"@id\":\"https:\\\/\\\/schweizversand.ch\\\/fr\\\/produkt\\\/jilong-luftbett-doppel-3-2\\\/#primaryimage\",\"url\":\"https:\\\/\\\/schweizversand.ch\\\/wp-content\\\/uploads\\\/2026\\\/04\\\/5471693164.jpg\",\"contentUrl\":\"https:\\\/\\\/schweizversand.ch\\\/wp-content\\\/uploads\\\/2026\\\/04\\\/5471693164.jpg\",\"width\":1024,\"height\":497},{\"@type\":\"BreadcrumbList\",\"@id\":\"https:\\\/\\\/schweizversand.ch\\\/fr\\\/produkt\\\/jilong-luftbett-doppel-3-2\\\/#breadcrumb\",\"itemListElement\":[{\"@type\":\"ListItem\",\"position\":1,\"name\":\"Startseite\",\"item\":\"https:\\\/\\\/schweizversand.ch\\\/fr\\\/\"},{\"@type\":\"ListItem\",\"position\":2,\"name\":\"Boutique\",\"item\":\"https:\\\/\\\/schweizversand.ch\\\/fr\\\/boutique\\\/\"},{\"@type\":\"ListItem\",\"position\":3,\"name\":\"Lit gonflable double Jilong\"}]},{\"@type\":\"WebSite\",\"@id\":\"https:\\\/\\\/schweizversand.ch\\\/fr\\\/#website\",\"url\":\"https:\\\/\\\/schweizversand.ch\\\/fr\\\/\",\"name\":\"Schweizer Shop f\u00fcr Sport, Spiel und Freizeit\",\"description\":\"Gratisversand ab 50.- (netto), ab eigenem schweizer Lager, Lieferung innert 48h\",\"publisher\":{\"@id\":\"https:\\\/\\\/schweizversand.ch\\\/fr\\\/#organization\"},\"alternateName\":\"Schweizversand.ch\",\"potentialAction\":[{\"@type\":\"SearchAction\",\"target\":{\"@type\":\"EntryPoint\",\"urlTemplate\":\"https:\\\/\\\/schweizversand.ch\\\/fr\\\/?s={search_term_string}\"},\"query-input\":{\"@type\":\"PropertyValueSpecification\",\"valueRequired\":true,\"valueName\":\"search_term_string\"}}],\"inLanguage\":\"fr-FR\"},{\"@type\":\"Organization\",\"@id\":\"https:\\\/\\\/schweizversand.ch\\\/fr\\\/#organization\",\"name\":\"Schweizversand.ch\",\"url\":\"https:\\\/\\\/schweizversand.ch\\\/fr\\\/\",\"logo\":{\"@type\":\"ImageObject\",\"inLanguage\":\"fr-FR\",\"@id\":\"https:\\\/\\\/schweizversand.ch\\\/fr\\\/#\\\/schema\\\/logo\\\/image\\\/\",\"url\":\"https:\\\/\\\/schweizversand.ch\\\/wp-content\\\/uploads\\\/2026\\\/03\\\/Logo_Rund_Final-1.png\",\"contentUrl\":\"https:\\\/\\\/schweizversand.ch\\\/wp-content\\\/uploads\\\/2026\\\/03\\\/Logo_Rund_Final-1.png\",\"width\":404,\"height\":404,\"caption\":\"Schweizversand.ch\"},\"image\":{\"@id\":\"https:\\\/\\\/schweizversand.ch\\\/fr\\\/#\\\/schema\\\/logo\\\/image\\\/\"},\"sameAs\":[\"https:\\\/\\\/www.facebook.com\\\/Schweizversand\",\"https:\\\/\\\/www.instagram.com\\\/schweizversand.ch\\\/\"]}]}<\/script>\n<!-- \/ Yoast SEO plugin. -->","yoast_head_json":{"title":"Jilong Luftbett Doppel","description":"Dieses Luftbett scheint eine ausgezeichnete Option f\u00fcr bequemes und praktisches Schlafen zu sein, insbesondere f\u00fcr Campingausfl\u00fcge oder G\u00e4ste.\u00a0 \u00a0 Hier sind die","robots":{"index":"index","follow":"follow","max-snippet":"max-snippet:-1","max-image-preview":"max-image-preview:large","max-video-preview":"max-video-preview:-1"},"canonical":"https:\/\/schweizversand.ch\/fr\/produkt\/jilong-luftbett-doppel-3-2\/","og_locale":"fr_FR","og_type":"article","og_title":"Jilong Luftbett Doppel","og_description":"Dieses Luftbett scheint eine ausgezeichnete Option f\u00fcr bequemes und praktisches Schlafen zu sein, insbesondere f\u00fcr Campingausfl\u00fcge oder G\u00e4ste.\u00a0 \u00a0 Hier sind die","og_url":"https:\/\/schweizversand.ch\/fr\/produkt\/jilong-luftbett-doppel-3-2\/","og_site_name":"Schweizer Shop f\u00fcr Sport, Spiel und Freizeit","article_publisher":"https:\/\/www.facebook.com\/Schweizversand","article_modified_time":"2026-04-13T00:05:41+00:00","og_image":[{"width":1024,"height":497,"url":"https:\/\/schweizversand.ch\/wp-content\/uploads\/2026\/04\/5471693164.jpg","type":"image\/jpeg"}],"twitter_card":"summary_large_image","twitter_misc":{"Dur\u00e9e de lecture estim\u00e9e":"1 minute"},"schema":{"@context":"https:\/\/schema.org","@graph":[{"@type":"WebPage","@id":"https:\/\/schweizversand.ch\/fr\/produkt\/jilong-luftbett-doppel-3-2\/","url":"https:\/\/schweizversand.ch\/fr\/produkt\/jilong-luftbett-doppel-3-2\/","name":"Jilong Luftbett Doppel","isPartOf":{"@id":"https:\/\/schweizversand.ch\/fr\/#website"},"primaryImageOfPage":{"@id":"https:\/\/schweizversand.ch\/fr\/produkt\/jilong-luftbett-doppel-3-2\/#primaryimage"},"image":{"@id":"https:\/\/schweizversand.ch\/fr\/produkt\/jilong-luftbett-doppel-3-2\/#primaryimage"},"thumbnailUrl":"https:\/\/schweizversand.ch\/wp-content\/uploads\/2026\/04\/5471693164.jpg","datePublished":"2026-04-11T00:00:39+00:00","dateModified":"2026-04-13T00:05:41+00:00","description":"Dieses Luftbett scheint eine ausgezeichnete Option f\u00fcr bequemes und praktisches Schlafen zu sein, insbesondere f\u00fcr Campingausfl\u00fcge oder G\u00e4ste.\u00a0 \u00a0 Hier sind die","breadcrumb":{"@id":"https:\/\/schweizversand.ch\/fr\/produkt\/jilong-luftbett-doppel-3-2\/#breadcrumb"},"inLanguage":"fr-FR","potentialAction":[{"@type":"ReadAction","target":["https:\/\/schweizversand.ch\/fr\/produkt\/jilong-luftbett-doppel-3-2\/"]}]},{"@type":"ImageObject","inLanguage":"fr-FR","@id":"https:\/\/schweizversand.ch\/fr\/produkt\/jilong-luftbett-doppel-3-2\/#primaryimage","url":"https:\/\/schweizversand.ch\/wp-content\/uploads\/2026\/04\/5471693164.jpg","contentUrl":"https:\/\/schweizversand.ch\/wp-content\/uploads\/2026\/04\/5471693164.jpg","width":1024,"height":497},{"@type":"BreadcrumbList","@id":"https:\/\/schweizversand.ch\/fr\/produkt\/jilong-luftbett-doppel-3-2\/#breadcrumb","itemListElement":[{"@type":"ListItem","position":1,"name":"Startseite","item":"https:\/\/schweizversand.ch\/fr\/"},{"@type":"ListItem","position":2,"name":"Boutique","item":"https:\/\/schweizversand.ch\/fr\/boutique\/"},{"@type":"ListItem","position":3,"name":"Lit gonflable double Jilong"}]},{"@type":"WebSite","@id":"https:\/\/schweizversand.ch\/fr\/#website","url":"https:\/\/schweizversand.ch\/fr\/","name":"Schweizer Shop f\u00fcr Sport, Spiel und Freizeit","description":"Gratisversand ab 50.- (netto), ab eigenem schweizer Lager, Lieferung innert 48h","publisher":{"@id":"https:\/\/schweizversand.ch\/fr\/#organization"},"alternateName":"Schweizversand.ch","potentialAction":[{"@type":"SearchAction","target":{"@type":"EntryPoint","urlTemplate":"https:\/\/schweizversand.ch\/fr\/?s={search_term_string}"},"query-input":{"@type":"PropertyValueSpecification","valueRequired":true,"valueName":"search_term_string"}}],"inLanguage":"fr-FR"},{"@type":"Organization","@id":"https:\/\/schweizversand.ch\/fr\/#organization","name":"Schweizversand.ch","url":"https:\/\/schweizversand.ch\/fr\/","logo":{"@type":"ImageObject","inLanguage":"fr-FR","@id":"https:\/\/schweizversand.ch\/fr\/#\/schema\/logo\/image\/","url":"https:\/\/schweizversand.ch\/wp-content\/uploads\/2026\/03\/Logo_Rund_Final-1.png","contentUrl":"https:\/\/schweizversand.ch\/wp-content\/uploads\/2026\/03\/Logo_Rund_Final-1.png","width":404,"height":404,"caption":"Schweizversand.ch"},"image":{"@id":"https:\/\/schweizversand.ch\/fr\/#\/schema\/logo\/image\/"},"sameAs":["https:\/\/www.facebook.com\/Schweizversand","https:\/\/www.instagram.com\/schweizversand.ch\/"]}]}},"jetpack_sharing_enabled":true,"_links":{"self":[{"href":"https:\/\/schweizversand.ch\/fr\/wp-json\/wp\/v2\/product\/264375","targetHints":{"allow":["GET"]}}],"collection":[{"href":"https:\/\/schweizversand.ch\/fr\/wp-json\/wp\/v2\/product"}],"about":[{"href":"https:\/\/schweizversand.ch\/fr\/wp-json\/wp\/v2\/types\/product"}],"replies":[{"embeddable":true,"href":"https:\/\/schweizversand.ch\/fr\/wp-json\/wp\/v2\/comments?post=264375"}],"wp:featuredmedia":[{"embeddable":true,"href":"https:\/\/schweizversand.ch\/fr\/wp-json\/wp\/v2\/media\/265859"}],"wp:attachment":[{"href":"https:\/\/schweizversand.ch\/fr\/wp-json\/wp\/v2\/media?parent=264375"}],"wp:term":[{"taxonomy":"product_brand","embeddable":true,"href":"https:\/\/schweizversand.ch\/fr\/wp-json\/wp\/v2\/product_brand?post=264375"},{"taxonomy":"product_cat","embeddable":true,"href":"https:\/\/schweizversand.ch\/fr\/wp-json\/wp\/v2\/product_cat?post=264375"},{"taxonomy":"product_tag","embeddable":true,"href":"https:\/\/schweizversand.ch\/fr\/wp-json\/wp\/v2\/product_tag?post=264375"}],"curies":[{"name":"wp","href":"https:\/\/api.w.org\/{rel}","templated":true}]}}