{"id":264410,"date":"2026-04-11T02:00:41","date_gmt":"2026-04-11T00:00:41","guid":{"rendered":"https:\/\/schweizversand.ch\/produkt\/jilong-kinder-pool-2\/"},"modified":"2026-04-15T02:03:36","modified_gmt":"2026-04-15T00:03:36","slug":"jilong-kinder-pool","status":"publish","type":"product","link":"https:\/\/schweizversand.ch\/fr\/produkt\/jilong-kinder-pool\/","title":{"rendered":"Piscine pour enfants de Jilong"},"content":{"rendered":"<p>Un plaisir rafra\u00eechissant pour les petits amoureux de l&rsquo;eau !<\/p>\n<p>Par une chaude journ\u00e9e d&rsquo;\u00e9t\u00e9, rien de tel que de barboter dans sa propre piscine gonflable. Cette piscine \u00e0 3 anneaux est l&rsquo;accessoire id\u00e9al pour des heures d&rsquo;amusement ! Fabriqu\u00e9e en PVC durable de haute qualit\u00e9, elle promet d&rsquo;innombrables aventures estivales. Gr\u00e2ce \u00e0 ses trois anneaux souples et robustes qui emp\u00eachent les chutes, les enfants peuvent s&rsquo;amuser en toute s\u00e9curit\u00e9 et sans souci.<\/p>\n<p>Son design pratique permet un montage rapide : gr\u00e2ce aux trois valves s\u00e9par\u00e9es, le gonflage est instantan\u00e9. Et apr\u00e8s l&rsquo;\u00e9t\u00e9 ? Il suffit de la transformer en pataugeoire avec des balles gonflables ! Ses couleurs vives (bleu, rose et jaune) illumineront le c\u0153ur de tous les enfants et stimuleront leur imagination.<\/p>\n<p>Cette piscine est id\u00e9ale pour le jardin, le potager ou la terrasse et convient aux enfants de 2 \u00e0 6 ans. Jugez par vous-m\u00eame de sa qualit\u00e9 et cr\u00e9ez des souvenirs d&rsquo;\u00e9t\u00e9 inoubliables !<\/p>\n<p>Cette piscine est id\u00e9ale pour le jardin, le potager ou la terrasse et convient aux enfants de 2 \u00e0 6 ans. D\u00e9couvrez par vous-m\u00eame la qualit\u00e9 et cr\u00e9ez des souvenirs d&rsquo;\u00e9t\u00e9 inoubliables\u00a0! <br \/>Dimensions et d\u00e9tails\u00a0:<\/p>\n<p>\u2022 Dimensions ext\u00e9rieures\u00a0: 120 x 24\u00a0cm<\/p>\n<p>\u2022 Capacit\u00e9\u00a0: 165\u00a0l (\u00e0 75\u00a0% de remplissage)<\/p>\n<p>\u2022 Mat\u00e9riau\u00a0: PVC, \u00e9paisseur 0,15\/0,18\u00a0mm<\/p>\n<p>\u2022 Poids\u00a0: environ 0,780\u00a0kg<\/p>\n<p>\u2022 Kit de r\u00e9paration inclus<\/p>\n<p>Offrez \u00e0 votre enfant un \u00e9t\u00e9 inoubliable avec la piscine Sun Club 3\u00a0anneaux\u00a0!<\/p>\n","protected":false},"excerpt":{"rendered":"<p>Jilong Kinder Pool bietet sicheren Badespa\u00df mit stabilem 3-Ring-Design, langlebigem PVC und schnellem Aufbau \u2013 ideal f\u00fcr unvergessliche Sommerabenteuer im Garten!<\/p>\n","protected":false},"featured_media":266004,"comment_status":"open","ping_status":"closed","template":"","meta":[],"product_brand":[],"product_cat":[39235],"product_tag":[],"class_list":{"0":"post-264410","1":"product","2":"type-product","3":"status-publish","4":"has-post-thumbnail","6":"product_cat-pool","7":"product_shipping_class-global_methods","9":"first","10":"instock","11":"taxable","12":"shipping-taxable","13":"purchasable","14":"product-type-simple"},"yoast_head":"<!-- This site is optimized with the Yoast SEO plugin v27.4 - https:\/\/yoast.com\/product\/yoast-seo-wordpress\/ -->\n<title>Jilong Kinder Pool<\/title>\n<meta name=\"description\" content=\"Erfrischender Spa\u00df f\u00fcr kleine Wasserratten! An einem hei\u00dfen Sommertag gibt es nichts Sch\u00f6neres, als im eigenen Garten im Pool zu planschen. Der aufblasbare 3-R\" \/>\n<meta name=\"robots\" content=\"index, follow, max-snippet:-1, max-image-preview:large, max-video-preview:-1\" \/>\n<link rel=\"canonical\" href=\"https:\/\/schweizversand.ch\/fr\/produkt\/jilong-kinder-pool\/\" \/>\n<meta property=\"og:locale\" content=\"fr_FR\" \/>\n<meta property=\"og:type\" content=\"article\" \/>\n<meta property=\"og:title\" content=\"Jilong Kinder Pool\" \/>\n<meta property=\"og:description\" content=\"Erfrischender Spa\u00df f\u00fcr kleine Wasserratten! An einem hei\u00dfen Sommertag gibt es nichts Sch\u00f6neres, als im eigenen Garten im Pool zu planschen. Der aufblasbare 3-R\" \/>\n<meta property=\"og:url\" content=\"https:\/\/schweizversand.ch\/fr\/produkt\/jilong-kinder-pool\/\" \/>\n<meta property=\"og:site_name\" content=\"Schweizer Shop f\u00fcr Sport, Spiel und Freizeit\" \/>\n<meta property=\"article:publisher\" content=\"https:\/\/www.facebook.com\/Schweizversand\" \/>\n<meta property=\"article:modified_time\" content=\"2026-04-15T00:03:36+00:00\" \/>\n<meta property=\"og:image\" content=\"https:\/\/schweizversand.ch\/wp-content\/uploads\/2026\/04\/5471551825.jpg\" \/>\n\t<meta property=\"og:image:width\" content=\"1024\" \/>\n\t<meta property=\"og:image:height\" content=\"802\" \/>\n\t<meta property=\"og:image:type\" content=\"image\/jpeg\" \/>\n<meta name=\"twitter:card\" content=\"summary_large_image\" \/>\n<meta name=\"twitter:label1\" content=\"Dur\u00e9e de lecture estim\u00e9e\" \/>\n\t<meta name=\"twitter:data1\" content=\"1 minute\" \/>\n<script type=\"application\/ld+json\" class=\"yoast-schema-graph\">{\"@context\":\"https:\\\/\\\/schema.org\",\"@graph\":[{\"@type\":\"WebPage\",\"@id\":\"https:\\\/\\\/schweizversand.ch\\\/fr\\\/produkt\\\/jilong-kinder-pool\\\/\",\"url\":\"https:\\\/\\\/schweizversand.ch\\\/fr\\\/produkt\\\/jilong-kinder-pool\\\/\",\"name\":\"Jilong Kinder Pool\",\"isPartOf\":{\"@id\":\"https:\\\/\\\/schweizversand.ch\\\/fr\\\/#website\"},\"primaryImageOfPage\":{\"@id\":\"https:\\\/\\\/schweizversand.ch\\\/fr\\\/produkt\\\/jilong-kinder-pool\\\/#primaryimage\"},\"image\":{\"@id\":\"https:\\\/\\\/schweizversand.ch\\\/fr\\\/produkt\\\/jilong-kinder-pool\\\/#primaryimage\"},\"thumbnailUrl\":\"https:\\\/\\\/schweizversand.ch\\\/wp-content\\\/uploads\\\/2026\\\/04\\\/5471551825.jpg\",\"datePublished\":\"2026-04-11T00:00:41+00:00\",\"dateModified\":\"2026-04-15T00:03:36+00:00\",\"description\":\"Erfrischender Spa\u00df f\u00fcr kleine Wasserratten! An einem hei\u00dfen Sommertag gibt es nichts Sch\u00f6neres, als im eigenen Garten im Pool zu planschen. Der aufblasbare 3-R\",\"breadcrumb\":{\"@id\":\"https:\\\/\\\/schweizversand.ch\\\/fr\\\/produkt\\\/jilong-kinder-pool\\\/#breadcrumb\"},\"inLanguage\":\"fr-FR\",\"potentialAction\":[{\"@type\":\"ReadAction\",\"target\":[\"https:\\\/\\\/schweizversand.ch\\\/fr\\\/produkt\\\/jilong-kinder-pool\\\/\"]}]},{\"@type\":\"ImageObject\",\"inLanguage\":\"fr-FR\",\"@id\":\"https:\\\/\\\/schweizversand.ch\\\/fr\\\/produkt\\\/jilong-kinder-pool\\\/#primaryimage\",\"url\":\"https:\\\/\\\/schweizversand.ch\\\/wp-content\\\/uploads\\\/2026\\\/04\\\/5471551825.jpg\",\"contentUrl\":\"https:\\\/\\\/schweizversand.ch\\\/wp-content\\\/uploads\\\/2026\\\/04\\\/5471551825.jpg\",\"width\":1024,\"height\":802},{\"@type\":\"BreadcrumbList\",\"@id\":\"https:\\\/\\\/schweizversand.ch\\\/fr\\\/produkt\\\/jilong-kinder-pool\\\/#breadcrumb\",\"itemListElement\":[{\"@type\":\"ListItem\",\"position\":1,\"name\":\"Startseite\",\"item\":\"https:\\\/\\\/schweizversand.ch\\\/fr\\\/\"},{\"@type\":\"ListItem\",\"position\":2,\"name\":\"Boutique\",\"item\":\"https:\\\/\\\/schweizversand.ch\\\/fr\\\/boutique\\\/\"},{\"@type\":\"ListItem\",\"position\":3,\"name\":\"Pool\",\"item\":\"https:\\\/\\\/schweizversand.ch\\\/fr\\\/produkt-kategorie\\\/pool\\\/\"},{\"@type\":\"ListItem\",\"position\":4,\"name\":\"Piscine pour enfants de Jilong\"}]},{\"@type\":\"WebSite\",\"@id\":\"https:\\\/\\\/schweizversand.ch\\\/fr\\\/#website\",\"url\":\"https:\\\/\\\/schweizversand.ch\\\/fr\\\/\",\"name\":\"Schweizer Shop f\u00fcr Sport, Spiel und Freizeit\",\"description\":\"Gratisversand ab 50.- (netto), ab eigenem schweizer Lager, Lieferung innert 48h\",\"publisher\":{\"@id\":\"https:\\\/\\\/schweizversand.ch\\\/fr\\\/#organization\"},\"alternateName\":\"Schweizversand.ch\",\"potentialAction\":[{\"@type\":\"SearchAction\",\"target\":{\"@type\":\"EntryPoint\",\"urlTemplate\":\"https:\\\/\\\/schweizversand.ch\\\/fr\\\/?s={search_term_string}\"},\"query-input\":{\"@type\":\"PropertyValueSpecification\",\"valueRequired\":true,\"valueName\":\"search_term_string\"}}],\"inLanguage\":\"fr-FR\"},{\"@type\":\"Organization\",\"@id\":\"https:\\\/\\\/schweizversand.ch\\\/fr\\\/#organization\",\"name\":\"Schweizversand.ch\",\"url\":\"https:\\\/\\\/schweizversand.ch\\\/fr\\\/\",\"logo\":{\"@type\":\"ImageObject\",\"inLanguage\":\"fr-FR\",\"@id\":\"https:\\\/\\\/schweizversand.ch\\\/fr\\\/#\\\/schema\\\/logo\\\/image\\\/\",\"url\":\"https:\\\/\\\/schweizversand.ch\\\/wp-content\\\/uploads\\\/2026\\\/03\\\/Logo_Rund_Final-1.png\",\"contentUrl\":\"https:\\\/\\\/schweizversand.ch\\\/wp-content\\\/uploads\\\/2026\\\/03\\\/Logo_Rund_Final-1.png\",\"width\":404,\"height\":404,\"caption\":\"Schweizversand.ch\"},\"image\":{\"@id\":\"https:\\\/\\\/schweizversand.ch\\\/fr\\\/#\\\/schema\\\/logo\\\/image\\\/\"},\"sameAs\":[\"https:\\\/\\\/www.facebook.com\\\/Schweizversand\",\"https:\\\/\\\/www.instagram.com\\\/schweizversand.ch\\\/\"]}]}<\/script>\n<!-- \/ Yoast SEO plugin. -->","yoast_head_json":{"title":"Jilong Kinder Pool","description":"Erfrischender Spa\u00df f\u00fcr kleine Wasserratten! An einem hei\u00dfen Sommertag gibt es nichts Sch\u00f6neres, als im eigenen Garten im Pool zu planschen. Der aufblasbare 3-R","robots":{"index":"index","follow":"follow","max-snippet":"max-snippet:-1","max-image-preview":"max-image-preview:large","max-video-preview":"max-video-preview:-1"},"canonical":"https:\/\/schweizversand.ch\/fr\/produkt\/jilong-kinder-pool\/","og_locale":"fr_FR","og_type":"article","og_title":"Jilong Kinder Pool","og_description":"Erfrischender Spa\u00df f\u00fcr kleine Wasserratten! An einem hei\u00dfen Sommertag gibt es nichts Sch\u00f6neres, als im eigenen Garten im Pool zu planschen. Der aufblasbare 3-R","og_url":"https:\/\/schweizversand.ch\/fr\/produkt\/jilong-kinder-pool\/","og_site_name":"Schweizer Shop f\u00fcr Sport, Spiel und Freizeit","article_publisher":"https:\/\/www.facebook.com\/Schweizversand","article_modified_time":"2026-04-15T00:03:36+00:00","og_image":[{"width":1024,"height":802,"url":"https:\/\/schweizversand.ch\/wp-content\/uploads\/2026\/04\/5471551825.jpg","type":"image\/jpeg"}],"twitter_card":"summary_large_image","twitter_misc":{"Dur\u00e9e de lecture estim\u00e9e":"1 minute"},"schema":{"@context":"https:\/\/schema.org","@graph":[{"@type":"WebPage","@id":"https:\/\/schweizversand.ch\/fr\/produkt\/jilong-kinder-pool\/","url":"https:\/\/schweizversand.ch\/fr\/produkt\/jilong-kinder-pool\/","name":"Jilong Kinder Pool","isPartOf":{"@id":"https:\/\/schweizversand.ch\/fr\/#website"},"primaryImageOfPage":{"@id":"https:\/\/schweizversand.ch\/fr\/produkt\/jilong-kinder-pool\/#primaryimage"},"image":{"@id":"https:\/\/schweizversand.ch\/fr\/produkt\/jilong-kinder-pool\/#primaryimage"},"thumbnailUrl":"https:\/\/schweizversand.ch\/wp-content\/uploads\/2026\/04\/5471551825.jpg","datePublished":"2026-04-11T00:00:41+00:00","dateModified":"2026-04-15T00:03:36+00:00","description":"Erfrischender Spa\u00df f\u00fcr kleine Wasserratten! An einem hei\u00dfen Sommertag gibt es nichts Sch\u00f6neres, als im eigenen Garten im Pool zu planschen. Der aufblasbare 3-R","breadcrumb":{"@id":"https:\/\/schweizversand.ch\/fr\/produkt\/jilong-kinder-pool\/#breadcrumb"},"inLanguage":"fr-FR","potentialAction":[{"@type":"ReadAction","target":["https:\/\/schweizversand.ch\/fr\/produkt\/jilong-kinder-pool\/"]}]},{"@type":"ImageObject","inLanguage":"fr-FR","@id":"https:\/\/schweizversand.ch\/fr\/produkt\/jilong-kinder-pool\/#primaryimage","url":"https:\/\/schweizversand.ch\/wp-content\/uploads\/2026\/04\/5471551825.jpg","contentUrl":"https:\/\/schweizversand.ch\/wp-content\/uploads\/2026\/04\/5471551825.jpg","width":1024,"height":802},{"@type":"BreadcrumbList","@id":"https:\/\/schweizversand.ch\/fr\/produkt\/jilong-kinder-pool\/#breadcrumb","itemListElement":[{"@type":"ListItem","position":1,"name":"Startseite","item":"https:\/\/schweizversand.ch\/fr\/"},{"@type":"ListItem","position":2,"name":"Boutique","item":"https:\/\/schweizversand.ch\/fr\/boutique\/"},{"@type":"ListItem","position":3,"name":"Pool","item":"https:\/\/schweizversand.ch\/fr\/produkt-kategorie\/pool\/"},{"@type":"ListItem","position":4,"name":"Piscine pour enfants de Jilong"}]},{"@type":"WebSite","@id":"https:\/\/schweizversand.ch\/fr\/#website","url":"https:\/\/schweizversand.ch\/fr\/","name":"Schweizer Shop f\u00fcr Sport, Spiel und Freizeit","description":"Gratisversand ab 50.- (netto), ab eigenem schweizer Lager, Lieferung innert 48h","publisher":{"@id":"https:\/\/schweizversand.ch\/fr\/#organization"},"alternateName":"Schweizversand.ch","potentialAction":[{"@type":"SearchAction","target":{"@type":"EntryPoint","urlTemplate":"https:\/\/schweizversand.ch\/fr\/?s={search_term_string}"},"query-input":{"@type":"PropertyValueSpecification","valueRequired":true,"valueName":"search_term_string"}}],"inLanguage":"fr-FR"},{"@type":"Organization","@id":"https:\/\/schweizversand.ch\/fr\/#organization","name":"Schweizversand.ch","url":"https:\/\/schweizversand.ch\/fr\/","logo":{"@type":"ImageObject","inLanguage":"fr-FR","@id":"https:\/\/schweizversand.ch\/fr\/#\/schema\/logo\/image\/","url":"https:\/\/schweizversand.ch\/wp-content\/uploads\/2026\/03\/Logo_Rund_Final-1.png","contentUrl":"https:\/\/schweizversand.ch\/wp-content\/uploads\/2026\/03\/Logo_Rund_Final-1.png","width":404,"height":404,"caption":"Schweizversand.ch"},"image":{"@id":"https:\/\/schweizversand.ch\/fr\/#\/schema\/logo\/image\/"},"sameAs":["https:\/\/www.facebook.com\/Schweizversand","https:\/\/www.instagram.com\/schweizversand.ch\/"]}]}},"jetpack_sharing_enabled":true,"_links":{"self":[{"href":"https:\/\/schweizversand.ch\/fr\/wp-json\/wp\/v2\/product\/264410","targetHints":{"allow":["GET"]}}],"collection":[{"href":"https:\/\/schweizversand.ch\/fr\/wp-json\/wp\/v2\/product"}],"about":[{"href":"https:\/\/schweizversand.ch\/fr\/wp-json\/wp\/v2\/types\/product"}],"replies":[{"embeddable":true,"href":"https:\/\/schweizversand.ch\/fr\/wp-json\/wp\/v2\/comments?post=264410"}],"wp:featuredmedia":[{"embeddable":true,"href":"https:\/\/schweizversand.ch\/fr\/wp-json\/wp\/v2\/media\/266004"}],"wp:attachment":[{"href":"https:\/\/schweizversand.ch\/fr\/wp-json\/wp\/v2\/media?parent=264410"}],"wp:term":[{"taxonomy":"product_brand","embeddable":true,"href":"https:\/\/schweizversand.ch\/fr\/wp-json\/wp\/v2\/product_brand?post=264410"},{"taxonomy":"product_cat","embeddable":true,"href":"https:\/\/schweizversand.ch\/fr\/wp-json\/wp\/v2\/product_cat?post=264410"},{"taxonomy":"product_tag","embeddable":true,"href":"https:\/\/schweizversand.ch\/fr\/wp-json\/wp\/v2\/product_tag?post=264410"}],"curies":[{"name":"wp","href":"https:\/\/api.w.org\/{rel}","templated":true}]}}