{"id":264442,"date":"2026-04-11T02:00:42","date_gmt":"2026-04-11T00:00:42","guid":{"rendered":"https:\/\/schweizversand.ch\/produkt\/jilong-marshmallow-mesh-wasserliege-2\/"},"modified":"2026-04-11T15:33:56","modified_gmt":"2026-04-11T13:33:56","slug":"jilong-marshmallow-mesh-wasserliege-3","status":"publish","type":"product","link":"https:\/\/schweizversand.ch\/fr\/produkt\/jilong-marshmallow-mesh-wasserliege-3\/","title":{"rendered":"Fauteuil flottant aquatique en maille guimauve Jilong"},"content":{"rendered":"<div>Fauteuil gonflable aquatique avec filet confort<br \/>Le fauteuil gonflable aquatique Marshmallow Mesh assure une d\u00e9tente optimale sur l&rsquo;eau. Avec ses dimensions de 120 \u00d7 72 \u00d7 17 cm (gonfl\u00e9), il offre un confort exceptionnel aux adultes et aux adolescents. Le tissu en filet int\u00e9gr\u00e9 permet une agr\u00e9able sensation de fra\u00eecheur dans l&rsquo;eau et renforce le confort.<br \/>Confort &amp; S\u00e9curit\u00e9\u00a0: 2 chambres \u00e0 air s\u00e9par\u00e9es pour une stabilit\u00e9 et une s\u00e9curit\u00e9 accrues. Capacit\u00e9 de charge\u00a0: jusqu&rsquo;\u00e0 80\u00a0kg. Maille confortable dans l&rsquo;eau pour un confort optimal. D\u00e9tails du produit\u00a0: \u00c2ge recommand\u00e9\u00a0: 14\u00a0ans et plus. Dimensions (gonfl\u00e9)\u00a0: 120\u00a0\u00d7\u00a072\u00a0\u00d7\u00a017\u00a0cm. Dimensions (d\u00e9gonfl\u00e9)\u00a0: 136\u00a0\u00d7\u00a078\u00a0cm. Charge maximale\u00a0: 80\u00a0kg. Contenu de la livraison\u00a0: Fauteuil flottant aquatique + kit de r\u00e9paration. Certification\u00a0: EN ISO 25649 (pour le march\u00e9 europ\u00e9en). Points forts\u00a0: Id\u00e9al pour la piscine, le lac et la plage. Facile \u00e0 gonfler et compact \u00e0 ranger. Robuste, durable et confortable gr\u00e2ce \u00e0 son insert en maille. D\u00e9tendez-vous avec style sur l&rsquo;eau avec le fauteuil flottant aquatique Marshmallow Mesh, le parfait m\u00e9lange de confort et de s\u00e9curit\u00e9\u00a0!<\/p>\n","protected":false},"excerpt":{"rendered":"<p>Jilong Marshmallow Mesh Wasserliege bietet mit bequemem Mesh-Gewebe, 2 Luftkammern und 80 kg Traglast entspannten und sicheren Liegekomfort auf Pool, See und Strand.<\/p>\n","protected":false},"featured_media":266138,"comment_status":"open","ping_status":"closed","template":"","meta":[],"product_brand":[],"product_cat":[38366],"product_tag":[],"class_list":{"0":"post-264442","1":"product","2":"type-product","3":"status-publish","4":"has-post-thumbnail","6":"product_cat-wasserspielzeug","7":"product_shipping_class-global_methods","9":"first","10":"instock","11":"taxable","12":"shipping-taxable","13":"purchasable","14":"product-type-simple"},"yoast_head":"<!-- This site is optimized with the Yoast SEO plugin v27.3 - https:\/\/yoast.com\/product\/yoast-seo-wordpress\/ -->\n<title>Jilong Marshmallow Mesh Wasserliege<\/title>\n<meta name=\"description\" content=\"Aufblasbare Wasserliege mit Mesh-Komfort\u00a0 Die Marshmallow Mesh Wasserliege sorgt f\u00fcr entspanntes Chillen auf dem Wasser. Mit ihren Ma\u00dfen von 120 \u00d7 72 \u00d7 17 cm (a\" \/>\n<meta name=\"robots\" content=\"index, follow, max-snippet:-1, max-image-preview:large, max-video-preview:-1\" \/>\n<link rel=\"canonical\" href=\"https:\/\/schweizversand.ch\/fr\/produkt\/jilong-marshmallow-mesh-wasserliege-3\/\" \/>\n<meta property=\"og:locale\" content=\"fr_FR\" \/>\n<meta property=\"og:type\" content=\"article\" \/>\n<meta property=\"og:title\" content=\"Jilong Marshmallow Mesh Wasserliege\" \/>\n<meta property=\"og:description\" content=\"Aufblasbare Wasserliege mit Mesh-Komfort\u00a0 Die Marshmallow Mesh Wasserliege sorgt f\u00fcr entspanntes Chillen auf dem Wasser. Mit ihren Ma\u00dfen von 120 \u00d7 72 \u00d7 17 cm (a\" \/>\n<meta property=\"og:url\" content=\"https:\/\/schweizversand.ch\/fr\/produkt\/jilong-marshmallow-mesh-wasserliege-3\/\" \/>\n<meta property=\"og:site_name\" content=\"Schweizer Shop f\u00fcr Sport, Spiel und Freizeit\" \/>\n<meta property=\"article:publisher\" content=\"https:\/\/www.facebook.com\/Schweizversand\" \/>\n<meta property=\"article:modified_time\" content=\"2026-04-11T13:33:56+00:00\" \/>\n<meta property=\"og:image\" content=\"https:\/\/schweizversand.ch\/wp-content\/uploads\/2026\/04\/5471974143.png\" \/>\n\t<meta property=\"og:image:width\" content=\"1024\" \/>\n\t<meta property=\"og:image:height\" content=\"1024\" \/>\n\t<meta property=\"og:image:type\" content=\"image\/png\" \/>\n<meta name=\"twitter:card\" content=\"summary_large_image\" \/>\n<meta name=\"twitter:label1\" content=\"Dur\u00e9e de lecture estim\u00e9e\" \/>\n\t<meta name=\"twitter:data1\" content=\"1 minute\" \/>\n<script type=\"application\/ld+json\" class=\"yoast-schema-graph\">{\"@context\":\"https:\\\/\\\/schema.org\",\"@graph\":[{\"@type\":\"WebPage\",\"@id\":\"https:\\\/\\\/schweizversand.ch\\\/fr\\\/produkt\\\/jilong-marshmallow-mesh-wasserliege-3\\\/\",\"url\":\"https:\\\/\\\/schweizversand.ch\\\/fr\\\/produkt\\\/jilong-marshmallow-mesh-wasserliege-3\\\/\",\"name\":\"Jilong Marshmallow Mesh Wasserliege\",\"isPartOf\":{\"@id\":\"https:\\\/\\\/schweizversand.ch\\\/fr\\\/#website\"},\"primaryImageOfPage\":{\"@id\":\"https:\\\/\\\/schweizversand.ch\\\/fr\\\/produkt\\\/jilong-marshmallow-mesh-wasserliege-3\\\/#primaryimage\"},\"image\":{\"@id\":\"https:\\\/\\\/schweizversand.ch\\\/fr\\\/produkt\\\/jilong-marshmallow-mesh-wasserliege-3\\\/#primaryimage\"},\"thumbnailUrl\":\"https:\\\/\\\/schweizversand.ch\\\/wp-content\\\/uploads\\\/2026\\\/04\\\/5471974143.png\",\"datePublished\":\"2026-04-11T00:00:42+00:00\",\"dateModified\":\"2026-04-11T13:33:56+00:00\",\"description\":\"Aufblasbare Wasserliege mit Mesh-Komfort\u00a0 Die Marshmallow Mesh Wasserliege sorgt f\u00fcr entspanntes Chillen auf dem Wasser. Mit ihren Ma\u00dfen von 120 \u00d7 72 \u00d7 17 cm (a\",\"breadcrumb\":{\"@id\":\"https:\\\/\\\/schweizversand.ch\\\/fr\\\/produkt\\\/jilong-marshmallow-mesh-wasserliege-3\\\/#breadcrumb\"},\"inLanguage\":\"fr-FR\",\"potentialAction\":[{\"@type\":\"ReadAction\",\"target\":[\"https:\\\/\\\/schweizversand.ch\\\/fr\\\/produkt\\\/jilong-marshmallow-mesh-wasserliege-3\\\/\"]}]},{\"@type\":\"ImageObject\",\"inLanguage\":\"fr-FR\",\"@id\":\"https:\\\/\\\/schweizversand.ch\\\/fr\\\/produkt\\\/jilong-marshmallow-mesh-wasserliege-3\\\/#primaryimage\",\"url\":\"https:\\\/\\\/schweizversand.ch\\\/wp-content\\\/uploads\\\/2026\\\/04\\\/5471974143.png\",\"contentUrl\":\"https:\\\/\\\/schweizversand.ch\\\/wp-content\\\/uploads\\\/2026\\\/04\\\/5471974143.png\",\"width\":1024,\"height\":1024},{\"@type\":\"BreadcrumbList\",\"@id\":\"https:\\\/\\\/schweizversand.ch\\\/fr\\\/produkt\\\/jilong-marshmallow-mesh-wasserliege-3\\\/#breadcrumb\",\"itemListElement\":[{\"@type\":\"ListItem\",\"position\":1,\"name\":\"Startseite\",\"item\":\"https:\\\/\\\/schweizversand.ch\\\/fr\\\/\"},{\"@type\":\"ListItem\",\"position\":2,\"name\":\"Boutique\",\"item\":\"https:\\\/\\\/schweizversand.ch\\\/fr\\\/boutique\\\/\"},{\"@type\":\"ListItem\",\"position\":3,\"name\":\"Fauteuil flottant aquatique en maille guimauve Jilong\"}]},{\"@type\":\"WebSite\",\"@id\":\"https:\\\/\\\/schweizversand.ch\\\/fr\\\/#website\",\"url\":\"https:\\\/\\\/schweizversand.ch\\\/fr\\\/\",\"name\":\"Schweizer Shop f\u00fcr Sport, Spiel und Freizeit\",\"description\":\"Gratisversand ab 50.- (netto), ab eigenem schweizer Lager, Lieferung innert 48h\",\"publisher\":{\"@id\":\"https:\\\/\\\/schweizversand.ch\\\/fr\\\/#organization\"},\"alternateName\":\"Schweizversand.ch\",\"potentialAction\":[{\"@type\":\"SearchAction\",\"target\":{\"@type\":\"EntryPoint\",\"urlTemplate\":\"https:\\\/\\\/schweizversand.ch\\\/fr\\\/?s={search_term_string}\"},\"query-input\":{\"@type\":\"PropertyValueSpecification\",\"valueRequired\":true,\"valueName\":\"search_term_string\"}}],\"inLanguage\":\"fr-FR\"},{\"@type\":\"Organization\",\"@id\":\"https:\\\/\\\/schweizversand.ch\\\/fr\\\/#organization\",\"name\":\"Schweizversand.ch\",\"url\":\"https:\\\/\\\/schweizversand.ch\\\/fr\\\/\",\"logo\":{\"@type\":\"ImageObject\",\"inLanguage\":\"fr-FR\",\"@id\":\"https:\\\/\\\/schweizversand.ch\\\/fr\\\/#\\\/schema\\\/logo\\\/image\\\/\",\"url\":\"https:\\\/\\\/schweizversand.ch\\\/wp-content\\\/uploads\\\/2026\\\/03\\\/Logo_Rund_Final-1.png\",\"contentUrl\":\"https:\\\/\\\/schweizversand.ch\\\/wp-content\\\/uploads\\\/2026\\\/03\\\/Logo_Rund_Final-1.png\",\"width\":404,\"height\":404,\"caption\":\"Schweizversand.ch\"},\"image\":{\"@id\":\"https:\\\/\\\/schweizversand.ch\\\/fr\\\/#\\\/schema\\\/logo\\\/image\\\/\"},\"sameAs\":[\"https:\\\/\\\/www.facebook.com\\\/Schweizversand\",\"https:\\\/\\\/www.instagram.com\\\/schweizversand.ch\\\/\"]}]}<\/script>\n<!-- \/ Yoast SEO plugin. -->","yoast_head_json":{"title":"Jilong Marshmallow Mesh Wasserliege","description":"Aufblasbare Wasserliege mit Mesh-Komfort\u00a0 Die Marshmallow Mesh Wasserliege sorgt f\u00fcr entspanntes Chillen auf dem Wasser. Mit ihren Ma\u00dfen von 120 \u00d7 72 \u00d7 17 cm (a","robots":{"index":"index","follow":"follow","max-snippet":"max-snippet:-1","max-image-preview":"max-image-preview:large","max-video-preview":"max-video-preview:-1"},"canonical":"https:\/\/schweizversand.ch\/fr\/produkt\/jilong-marshmallow-mesh-wasserliege-3\/","og_locale":"fr_FR","og_type":"article","og_title":"Jilong Marshmallow Mesh Wasserliege","og_description":"Aufblasbare Wasserliege mit Mesh-Komfort\u00a0 Die Marshmallow Mesh Wasserliege sorgt f\u00fcr entspanntes Chillen auf dem Wasser. Mit ihren Ma\u00dfen von 120 \u00d7 72 \u00d7 17 cm (a","og_url":"https:\/\/schweizversand.ch\/fr\/produkt\/jilong-marshmallow-mesh-wasserliege-3\/","og_site_name":"Schweizer Shop f\u00fcr Sport, Spiel und Freizeit","article_publisher":"https:\/\/www.facebook.com\/Schweizversand","article_modified_time":"2026-04-11T13:33:56+00:00","og_image":[{"width":1024,"height":1024,"url":"https:\/\/schweizversand.ch\/wp-content\/uploads\/2026\/04\/5471974143.png","type":"image\/png"}],"twitter_card":"summary_large_image","twitter_misc":{"Dur\u00e9e de lecture estim\u00e9e":"1 minute"},"schema":{"@context":"https:\/\/schema.org","@graph":[{"@type":"WebPage","@id":"https:\/\/schweizversand.ch\/fr\/produkt\/jilong-marshmallow-mesh-wasserliege-3\/","url":"https:\/\/schweizversand.ch\/fr\/produkt\/jilong-marshmallow-mesh-wasserliege-3\/","name":"Jilong Marshmallow Mesh Wasserliege","isPartOf":{"@id":"https:\/\/schweizversand.ch\/fr\/#website"},"primaryImageOfPage":{"@id":"https:\/\/schweizversand.ch\/fr\/produkt\/jilong-marshmallow-mesh-wasserliege-3\/#primaryimage"},"image":{"@id":"https:\/\/schweizversand.ch\/fr\/produkt\/jilong-marshmallow-mesh-wasserliege-3\/#primaryimage"},"thumbnailUrl":"https:\/\/schweizversand.ch\/wp-content\/uploads\/2026\/04\/5471974143.png","datePublished":"2026-04-11T00:00:42+00:00","dateModified":"2026-04-11T13:33:56+00:00","description":"Aufblasbare Wasserliege mit Mesh-Komfort\u00a0 Die Marshmallow Mesh Wasserliege sorgt f\u00fcr entspanntes Chillen auf dem Wasser. Mit ihren Ma\u00dfen von 120 \u00d7 72 \u00d7 17 cm (a","breadcrumb":{"@id":"https:\/\/schweizversand.ch\/fr\/produkt\/jilong-marshmallow-mesh-wasserliege-3\/#breadcrumb"},"inLanguage":"fr-FR","potentialAction":[{"@type":"ReadAction","target":["https:\/\/schweizversand.ch\/fr\/produkt\/jilong-marshmallow-mesh-wasserliege-3\/"]}]},{"@type":"ImageObject","inLanguage":"fr-FR","@id":"https:\/\/schweizversand.ch\/fr\/produkt\/jilong-marshmallow-mesh-wasserliege-3\/#primaryimage","url":"https:\/\/schweizversand.ch\/wp-content\/uploads\/2026\/04\/5471974143.png","contentUrl":"https:\/\/schweizversand.ch\/wp-content\/uploads\/2026\/04\/5471974143.png","width":1024,"height":1024},{"@type":"BreadcrumbList","@id":"https:\/\/schweizversand.ch\/fr\/produkt\/jilong-marshmallow-mesh-wasserliege-3\/#breadcrumb","itemListElement":[{"@type":"ListItem","position":1,"name":"Startseite","item":"https:\/\/schweizversand.ch\/fr\/"},{"@type":"ListItem","position":2,"name":"Boutique","item":"https:\/\/schweizversand.ch\/fr\/boutique\/"},{"@type":"ListItem","position":3,"name":"Fauteuil flottant aquatique en maille guimauve Jilong"}]},{"@type":"WebSite","@id":"https:\/\/schweizversand.ch\/fr\/#website","url":"https:\/\/schweizversand.ch\/fr\/","name":"Schweizer Shop f\u00fcr Sport, Spiel und Freizeit","description":"Gratisversand ab 50.- (netto), ab eigenem schweizer Lager, Lieferung innert 48h","publisher":{"@id":"https:\/\/schweizversand.ch\/fr\/#organization"},"alternateName":"Schweizversand.ch","potentialAction":[{"@type":"SearchAction","target":{"@type":"EntryPoint","urlTemplate":"https:\/\/schweizversand.ch\/fr\/?s={search_term_string}"},"query-input":{"@type":"PropertyValueSpecification","valueRequired":true,"valueName":"search_term_string"}}],"inLanguage":"fr-FR"},{"@type":"Organization","@id":"https:\/\/schweizversand.ch\/fr\/#organization","name":"Schweizversand.ch","url":"https:\/\/schweizversand.ch\/fr\/","logo":{"@type":"ImageObject","inLanguage":"fr-FR","@id":"https:\/\/schweizversand.ch\/fr\/#\/schema\/logo\/image\/","url":"https:\/\/schweizversand.ch\/wp-content\/uploads\/2026\/03\/Logo_Rund_Final-1.png","contentUrl":"https:\/\/schweizversand.ch\/wp-content\/uploads\/2026\/03\/Logo_Rund_Final-1.png","width":404,"height":404,"caption":"Schweizversand.ch"},"image":{"@id":"https:\/\/schweizversand.ch\/fr\/#\/schema\/logo\/image\/"},"sameAs":["https:\/\/www.facebook.com\/Schweizversand","https:\/\/www.instagram.com\/schweizversand.ch\/"]}]}},"jetpack_sharing_enabled":true,"_links":{"self":[{"href":"https:\/\/schweizversand.ch\/fr\/wp-json\/wp\/v2\/product\/264442","targetHints":{"allow":["GET"]}}],"collection":[{"href":"https:\/\/schweizversand.ch\/fr\/wp-json\/wp\/v2\/product"}],"about":[{"href":"https:\/\/schweizversand.ch\/fr\/wp-json\/wp\/v2\/types\/product"}],"replies":[{"embeddable":true,"href":"https:\/\/schweizversand.ch\/fr\/wp-json\/wp\/v2\/comments?post=264442"}],"wp:featuredmedia":[{"embeddable":true,"href":"https:\/\/schweizversand.ch\/fr\/wp-json\/wp\/v2\/media\/266138"}],"wp:attachment":[{"href":"https:\/\/schweizversand.ch\/fr\/wp-json\/wp\/v2\/media?parent=264442"}],"wp:term":[{"taxonomy":"product_brand","embeddable":true,"href":"https:\/\/schweizversand.ch\/fr\/wp-json\/wp\/v2\/product_brand?post=264442"},{"taxonomy":"product_cat","embeddable":true,"href":"https:\/\/schweizversand.ch\/fr\/wp-json\/wp\/v2\/product_cat?post=264442"},{"taxonomy":"product_tag","embeddable":true,"href":"https:\/\/schweizversand.ch\/fr\/wp-json\/wp\/v2\/product_tag?post=264442"}],"curies":[{"name":"wp","href":"https:\/\/api.w.org\/{rel}","templated":true}]}}