{"id":264450,"date":"2026-04-11T02:00:42","date_gmt":"2026-04-11T00:00:42","guid":{"rendered":"https:\/\/schweizversand.ch\/produkt\/jilong-doppelwirkung-elektropumpe-mit-wiederaufladbarer-batterie-2\/"},"modified":"2026-04-12T15:33:51","modified_gmt":"2026-04-12T13:33:51","slug":"jilong-doppelwirkung-elektropumpe-mit-wiederaufladbarer-batterie-2","status":"publish","type":"product","link":"https:\/\/schweizversand.ch\/fr\/produkt\/jilong-doppelwirkung-elektropumpe-mit-wiederaufladbarer-batterie-2\/","title":{"rendered":"Pompe \u00e9lectrique double action Jilong avec batterie rechargeable"},"content":{"rendered":"<p>Pompe \u00e9lectrique double action avec batterie rechargeable \u2013 Toujours gonfl\u00e9e, toujours pr\u00eate\u00a0!<\/p>\n<p>La pompe \u00e9lectrique double action est votre alli\u00e9e id\u00e9ale pour gonfler matelas pneumatiques, bateaux gonflables, planches \u00e0 pagaie et autres articles gonflables. Cet appareil pratique et puissant rend le gonflage facile et sans effort.<\/p>\n<p>Caract\u00e9ristiques principales :<\/p>\n<p>\u2022 Format compact : Mesurant 25,1 x 17,5 x 13,3 cm, cette pompe se glisse facilement dans un sac de sport ou un coffre de voiture, id\u00e9ale pour une utilisation nomade.<\/p>\n<p>\u2022 Alimentation polyvalente : Cette pompe peut \u00eatre aliment\u00e9e par la prise allume-cigare de votre voiture ou par sa batterie rechargeable int\u00e9gr\u00e9e. Vous pouvez ainsi l&rsquo;utiliser m\u00eame loin d&rsquo;une source d&rsquo;alimentation.<\/p>\n<p>\u2022 Pression \u00e9lev\u00e9e et gonflage rapide : Avec une pression maximale de 16 psi et un d\u00e9bit impressionnant de 70 litres par minute, votre objet gonflable sera pr\u00eat \u00e0 l&#8217;emploi en un rien de temps.<\/p>\n<p>\u2022 Performance efficace : Le moteur de 200 watts de cette pompe garantit un gonflage rapide et efficace, vous faisant gagner du temps et de l&rsquo;\u00e9nergie.<\/p>\n<p>\u2022 Fonctionnalit\u00e9s suppl\u00e9mentaires : La pompe est \u00e9quip\u00e9e d&rsquo;une lampe LED pour une utilisation dans des conditions de faible luminosit\u00e9. Elle offre \u00e9galement des ports USB 1A et 2A, vous permettant de recharger vos appareils \u00e9lectroniques m\u00eame en d\u00e9placement. En pleine nature.<\/p>\n<p>\u2022 S\u00fbre et certifi\u00e9e : La pompe est conforme aux normes de certification CE-EMC et RoHS 2.0, vous garantissant un niveau de s\u00e9curit\u00e9 et de qualit\u00e9 optimal.<\/p>\n<p>Contenu de l&#8217;emballage :<\/p>\n<p>\u2022 Pompe \u00e9lectrique double action<\/p>\n<p>\u2022 Batterie rechargeable<\/p>\n<p>\u2022 Adaptateur allume-cigare 12 volts<\/p>\n<p>\u2022 C\u00e2ble de chargement USB<\/p>\n<p>\u2022 Manuel d&rsquo;utilisation<\/p>\n<p>\u2022 Manuel d&rsquo;utilisation<\/p>\n<p>\u2022 Pompe \u00e9lectrique double action<\/p>\n<p>Avec la pompe \u00e9lectrique double action, vous \u00eates par\u00e9 \u00e0 toute \u00e9ventualit\u00e9. Que vous planifiiez une journ\u00e9e de d\u00e9tente \u00e0 la plage, une sortie en paddle ou que vous ayez simplement besoin de gonfler votre matelas pneumatique, cette pompe est l\u00e0 pour vous. Fini les gal\u00e8res ! Dites adieu aux pompes manuelles encombrantes et optez pour cette solution efficace et pratique. Avec la pompe \u00e9lectrique double action, votre matelas sera toujours gonfl\u00e9 et pr\u00eat \u00e0 partir !<\/p>\n","protected":false},"excerpt":{"rendered":"<p>Jilong Doppelwirkung Elektropumpe mit wiederaufladbarer Batterie bietet kraftvolles, mobiles Aufpumpen f\u00fcr Luftmatratzen, Boote &amp; mehr \u2013 kompakt, vielseitig und jederzeit einsatzbereit.<\/p>\n","protected":false},"featured_media":266172,"comment_status":"open","ping_status":"closed","template":"","meta":[],"product_brand":[],"product_cat":[39052],"product_tag":[],"class_list":{"0":"post-264450","1":"product","2":"type-product","3":"status-publish","4":"has-post-thumbnail","6":"product_cat-divers","7":"product_shipping_class-global_methods","9":"first","10":"instock","11":"taxable","12":"shipping-taxable","13":"purchasable","14":"product-type-simple"},"yoast_head":"<!-- This site is optimized with the Yoast SEO plugin v27.3 - https:\/\/yoast.com\/product\/yoast-seo-wordpress\/ -->\n<title>Jilong Doppelwirkung Elektropumpe mit Wiederaufladbarer Batterie<\/title>\n<meta name=\"description\" content=\"Doppelwirkung Elektropumpe mit Wiederaufladbarer Batterie \u2013 Immer aufgepumpt, immer bereit!\u00a0 \u00a0 \u00a0 \u00a0\u00a0 Die Doppelwirkung Elektropumpe ist Ihr zuverl\u00e4ssiger Beglei\" \/>\n<meta name=\"robots\" content=\"index, follow, max-snippet:-1, max-image-preview:large, max-video-preview:-1\" \/>\n<link rel=\"canonical\" href=\"https:\/\/schweizversand.ch\/fr\/produkt\/jilong-doppelwirkung-elektropumpe-mit-wiederaufladbarer-batterie-2\/\" \/>\n<meta property=\"og:locale\" content=\"fr_FR\" \/>\n<meta property=\"og:type\" content=\"article\" \/>\n<meta property=\"og:title\" content=\"Jilong Doppelwirkung Elektropumpe mit Wiederaufladbarer Batterie\" \/>\n<meta property=\"og:description\" content=\"Doppelwirkung Elektropumpe mit Wiederaufladbarer Batterie \u2013 Immer aufgepumpt, immer bereit!\u00a0 \u00a0 \u00a0 \u00a0\u00a0 Die Doppelwirkung Elektropumpe ist Ihr zuverl\u00e4ssiger Beglei\" \/>\n<meta property=\"og:url\" content=\"https:\/\/schweizversand.ch\/fr\/produkt\/jilong-doppelwirkung-elektropumpe-mit-wiederaufladbarer-batterie-2\/\" \/>\n<meta property=\"og:site_name\" content=\"Schweizer Shop f\u00fcr Sport, Spiel und Freizeit\" \/>\n<meta property=\"article:publisher\" content=\"https:\/\/www.facebook.com\/Schweizversand\" \/>\n<meta property=\"article:modified_time\" content=\"2026-04-12T13:33:51+00:00\" \/>\n<meta property=\"og:image\" content=\"https:\/\/schweizversand.ch\/wp-content\/uploads\/2026\/04\/5471697967-2.jpg\" \/>\n\t<meta property=\"og:image:width\" content=\"1024\" \/>\n\t<meta property=\"og:image:height\" content=\"1024\" \/>\n\t<meta property=\"og:image:type\" content=\"image\/jpeg\" \/>\n<meta name=\"twitter:card\" content=\"summary_large_image\" \/>\n<meta name=\"twitter:label1\" content=\"Dur\u00e9e de lecture estim\u00e9e\" \/>\n\t<meta name=\"twitter:data1\" content=\"2 minutes\" \/>\n<script type=\"application\/ld+json\" class=\"yoast-schema-graph\">{\"@context\":\"https:\\\/\\\/schema.org\",\"@graph\":[{\"@type\":\"WebPage\",\"@id\":\"https:\\\/\\\/schweizversand.ch\\\/fr\\\/produkt\\\/jilong-doppelwirkung-elektropumpe-mit-wiederaufladbarer-batterie-2\\\/\",\"url\":\"https:\\\/\\\/schweizversand.ch\\\/fr\\\/produkt\\\/jilong-doppelwirkung-elektropumpe-mit-wiederaufladbarer-batterie-2\\\/\",\"name\":\"Jilong Doppelwirkung Elektropumpe mit Wiederaufladbarer Batterie\",\"isPartOf\":{\"@id\":\"https:\\\/\\\/schweizversand.ch\\\/fr\\\/#website\"},\"primaryImageOfPage\":{\"@id\":\"https:\\\/\\\/schweizversand.ch\\\/fr\\\/produkt\\\/jilong-doppelwirkung-elektropumpe-mit-wiederaufladbarer-batterie-2\\\/#primaryimage\"},\"image\":{\"@id\":\"https:\\\/\\\/schweizversand.ch\\\/fr\\\/produkt\\\/jilong-doppelwirkung-elektropumpe-mit-wiederaufladbarer-batterie-2\\\/#primaryimage\"},\"thumbnailUrl\":\"https:\\\/\\\/schweizversand.ch\\\/wp-content\\\/uploads\\\/2026\\\/04\\\/5471697967.jpg\",\"datePublished\":\"2026-04-11T00:00:42+00:00\",\"dateModified\":\"2026-04-12T13:33:51+00:00\",\"description\":\"Doppelwirkung Elektropumpe mit Wiederaufladbarer Batterie \u2013 Immer aufgepumpt, immer bereit!\u00a0 \u00a0 \u00a0 \u00a0\u00a0 Die Doppelwirkung Elektropumpe ist Ihr zuverl\u00e4ssiger Beglei\",\"breadcrumb\":{\"@id\":\"https:\\\/\\\/schweizversand.ch\\\/fr\\\/produkt\\\/jilong-doppelwirkung-elektropumpe-mit-wiederaufladbarer-batterie-2\\\/#breadcrumb\"},\"inLanguage\":\"fr-FR\",\"potentialAction\":[{\"@type\":\"ReadAction\",\"target\":[\"https:\\\/\\\/schweizversand.ch\\\/fr\\\/produkt\\\/jilong-doppelwirkung-elektropumpe-mit-wiederaufladbarer-batterie-2\\\/\"]}]},{\"@type\":\"ImageObject\",\"inLanguage\":\"fr-FR\",\"@id\":\"https:\\\/\\\/schweizversand.ch\\\/fr\\\/produkt\\\/jilong-doppelwirkung-elektropumpe-mit-wiederaufladbarer-batterie-2\\\/#primaryimage\",\"url\":\"https:\\\/\\\/schweizversand.ch\\\/wp-content\\\/uploads\\\/2026\\\/04\\\/5471697967.jpg\",\"contentUrl\":\"https:\\\/\\\/schweizversand.ch\\\/wp-content\\\/uploads\\\/2026\\\/04\\\/5471697967.jpg\",\"width\":1024,\"height\":1024},{\"@type\":\"BreadcrumbList\",\"@id\":\"https:\\\/\\\/schweizversand.ch\\\/fr\\\/produkt\\\/jilong-doppelwirkung-elektropumpe-mit-wiederaufladbarer-batterie-2\\\/#breadcrumb\",\"itemListElement\":[{\"@type\":\"ListItem\",\"position\":1,\"name\":\"Startseite\",\"item\":\"https:\\\/\\\/schweizversand.ch\\\/fr\\\/\"},{\"@type\":\"ListItem\",\"position\":2,\"name\":\"Boutique\",\"item\":\"https:\\\/\\\/schweizversand.ch\\\/fr\\\/boutique\\\/\"},{\"@type\":\"ListItem\",\"position\":3,\"name\":\"Pompe \u00e9lectrique double action Jilong avec batterie rechargeable\"}]},{\"@type\":\"WebSite\",\"@id\":\"https:\\\/\\\/schweizversand.ch\\\/fr\\\/#website\",\"url\":\"https:\\\/\\\/schweizversand.ch\\\/fr\\\/\",\"name\":\"Schweizer Shop f\u00fcr Sport, Spiel und Freizeit\",\"description\":\"Gratisversand ab 50.- (netto), ab eigenem schweizer Lager, Lieferung innert 48h\",\"publisher\":{\"@id\":\"https:\\\/\\\/schweizversand.ch\\\/fr\\\/#organization\"},\"alternateName\":\"Schweizversand.ch\",\"potentialAction\":[{\"@type\":\"SearchAction\",\"target\":{\"@type\":\"EntryPoint\",\"urlTemplate\":\"https:\\\/\\\/schweizversand.ch\\\/fr\\\/?s={search_term_string}\"},\"query-input\":{\"@type\":\"PropertyValueSpecification\",\"valueRequired\":true,\"valueName\":\"search_term_string\"}}],\"inLanguage\":\"fr-FR\"},{\"@type\":\"Organization\",\"@id\":\"https:\\\/\\\/schweizversand.ch\\\/fr\\\/#organization\",\"name\":\"Schweizversand.ch\",\"url\":\"https:\\\/\\\/schweizversand.ch\\\/fr\\\/\",\"logo\":{\"@type\":\"ImageObject\",\"inLanguage\":\"fr-FR\",\"@id\":\"https:\\\/\\\/schweizversand.ch\\\/fr\\\/#\\\/schema\\\/logo\\\/image\\\/\",\"url\":\"https:\\\/\\\/schweizversand.ch\\\/wp-content\\\/uploads\\\/2026\\\/03\\\/Logo_Rund_Final-1.png\",\"contentUrl\":\"https:\\\/\\\/schweizversand.ch\\\/wp-content\\\/uploads\\\/2026\\\/03\\\/Logo_Rund_Final-1.png\",\"width\":404,\"height\":404,\"caption\":\"Schweizversand.ch\"},\"image\":{\"@id\":\"https:\\\/\\\/schweizversand.ch\\\/fr\\\/#\\\/schema\\\/logo\\\/image\\\/\"},\"sameAs\":[\"https:\\\/\\\/www.facebook.com\\\/Schweizversand\",\"https:\\\/\\\/www.instagram.com\\\/schweizversand.ch\\\/\"]}]}<\/script>\n<!-- \/ Yoast SEO plugin. -->","yoast_head_json":{"title":"Jilong Doppelwirkung Elektropumpe mit Wiederaufladbarer Batterie","description":"Doppelwirkung Elektropumpe mit Wiederaufladbarer Batterie \u2013 Immer aufgepumpt, immer bereit!\u00a0 \u00a0 \u00a0 \u00a0\u00a0 Die Doppelwirkung Elektropumpe ist Ihr zuverl\u00e4ssiger Beglei","robots":{"index":"index","follow":"follow","max-snippet":"max-snippet:-1","max-image-preview":"max-image-preview:large","max-video-preview":"max-video-preview:-1"},"canonical":"https:\/\/schweizversand.ch\/fr\/produkt\/jilong-doppelwirkung-elektropumpe-mit-wiederaufladbarer-batterie-2\/","og_locale":"fr_FR","og_type":"article","og_title":"Jilong Doppelwirkung Elektropumpe mit Wiederaufladbarer Batterie","og_description":"Doppelwirkung Elektropumpe mit Wiederaufladbarer Batterie \u2013 Immer aufgepumpt, immer bereit!\u00a0 \u00a0 \u00a0 \u00a0\u00a0 Die Doppelwirkung Elektropumpe ist Ihr zuverl\u00e4ssiger Beglei","og_url":"https:\/\/schweizversand.ch\/fr\/produkt\/jilong-doppelwirkung-elektropumpe-mit-wiederaufladbarer-batterie-2\/","og_site_name":"Schweizer Shop f\u00fcr Sport, Spiel und Freizeit","article_publisher":"https:\/\/www.facebook.com\/Schweizversand","article_modified_time":"2026-04-12T13:33:51+00:00","og_image":[{"width":1024,"height":1024,"url":"https:\/\/schweizversand.ch\/wp-content\/uploads\/2026\/04\/5471697967-2.jpg","type":"image\/jpeg"}],"twitter_card":"summary_large_image","twitter_misc":{"Dur\u00e9e de lecture estim\u00e9e":"2 minutes"},"schema":{"@context":"https:\/\/schema.org","@graph":[{"@type":"WebPage","@id":"https:\/\/schweizversand.ch\/fr\/produkt\/jilong-doppelwirkung-elektropumpe-mit-wiederaufladbarer-batterie-2\/","url":"https:\/\/schweizversand.ch\/fr\/produkt\/jilong-doppelwirkung-elektropumpe-mit-wiederaufladbarer-batterie-2\/","name":"Jilong Doppelwirkung Elektropumpe mit Wiederaufladbarer Batterie","isPartOf":{"@id":"https:\/\/schweizversand.ch\/fr\/#website"},"primaryImageOfPage":{"@id":"https:\/\/schweizversand.ch\/fr\/produkt\/jilong-doppelwirkung-elektropumpe-mit-wiederaufladbarer-batterie-2\/#primaryimage"},"image":{"@id":"https:\/\/schweizversand.ch\/fr\/produkt\/jilong-doppelwirkung-elektropumpe-mit-wiederaufladbarer-batterie-2\/#primaryimage"},"thumbnailUrl":"https:\/\/schweizversand.ch\/wp-content\/uploads\/2026\/04\/5471697967.jpg","datePublished":"2026-04-11T00:00:42+00:00","dateModified":"2026-04-12T13:33:51+00:00","description":"Doppelwirkung Elektropumpe mit Wiederaufladbarer Batterie \u2013 Immer aufgepumpt, immer bereit!\u00a0 \u00a0 \u00a0 \u00a0\u00a0 Die Doppelwirkung Elektropumpe ist Ihr zuverl\u00e4ssiger Beglei","breadcrumb":{"@id":"https:\/\/schweizversand.ch\/fr\/produkt\/jilong-doppelwirkung-elektropumpe-mit-wiederaufladbarer-batterie-2\/#breadcrumb"},"inLanguage":"fr-FR","potentialAction":[{"@type":"ReadAction","target":["https:\/\/schweizversand.ch\/fr\/produkt\/jilong-doppelwirkung-elektropumpe-mit-wiederaufladbarer-batterie-2\/"]}]},{"@type":"ImageObject","inLanguage":"fr-FR","@id":"https:\/\/schweizversand.ch\/fr\/produkt\/jilong-doppelwirkung-elektropumpe-mit-wiederaufladbarer-batterie-2\/#primaryimage","url":"https:\/\/schweizversand.ch\/wp-content\/uploads\/2026\/04\/5471697967.jpg","contentUrl":"https:\/\/schweizversand.ch\/wp-content\/uploads\/2026\/04\/5471697967.jpg","width":1024,"height":1024},{"@type":"BreadcrumbList","@id":"https:\/\/schweizversand.ch\/fr\/produkt\/jilong-doppelwirkung-elektropumpe-mit-wiederaufladbarer-batterie-2\/#breadcrumb","itemListElement":[{"@type":"ListItem","position":1,"name":"Startseite","item":"https:\/\/schweizversand.ch\/fr\/"},{"@type":"ListItem","position":2,"name":"Boutique","item":"https:\/\/schweizversand.ch\/fr\/boutique\/"},{"@type":"ListItem","position":3,"name":"Pompe \u00e9lectrique double action Jilong avec batterie rechargeable"}]},{"@type":"WebSite","@id":"https:\/\/schweizversand.ch\/fr\/#website","url":"https:\/\/schweizversand.ch\/fr\/","name":"Schweizer Shop f\u00fcr Sport, Spiel und Freizeit","description":"Gratisversand ab 50.- (netto), ab eigenem schweizer Lager, Lieferung innert 48h","publisher":{"@id":"https:\/\/schweizversand.ch\/fr\/#organization"},"alternateName":"Schweizversand.ch","potentialAction":[{"@type":"SearchAction","target":{"@type":"EntryPoint","urlTemplate":"https:\/\/schweizversand.ch\/fr\/?s={search_term_string}"},"query-input":{"@type":"PropertyValueSpecification","valueRequired":true,"valueName":"search_term_string"}}],"inLanguage":"fr-FR"},{"@type":"Organization","@id":"https:\/\/schweizversand.ch\/fr\/#organization","name":"Schweizversand.ch","url":"https:\/\/schweizversand.ch\/fr\/","logo":{"@type":"ImageObject","inLanguage":"fr-FR","@id":"https:\/\/schweizversand.ch\/fr\/#\/schema\/logo\/image\/","url":"https:\/\/schweizversand.ch\/wp-content\/uploads\/2026\/03\/Logo_Rund_Final-1.png","contentUrl":"https:\/\/schweizversand.ch\/wp-content\/uploads\/2026\/03\/Logo_Rund_Final-1.png","width":404,"height":404,"caption":"Schweizversand.ch"},"image":{"@id":"https:\/\/schweizversand.ch\/fr\/#\/schema\/logo\/image\/"},"sameAs":["https:\/\/www.facebook.com\/Schweizversand","https:\/\/www.instagram.com\/schweizversand.ch\/"]}]}},"jetpack_sharing_enabled":true,"_links":{"self":[{"href":"https:\/\/schweizversand.ch\/fr\/wp-json\/wp\/v2\/product\/264450","targetHints":{"allow":["GET"]}}],"collection":[{"href":"https:\/\/schweizversand.ch\/fr\/wp-json\/wp\/v2\/product"}],"about":[{"href":"https:\/\/schweizversand.ch\/fr\/wp-json\/wp\/v2\/types\/product"}],"replies":[{"embeddable":true,"href":"https:\/\/schweizversand.ch\/fr\/wp-json\/wp\/v2\/comments?post=264450"}],"wp:featuredmedia":[{"embeddable":true,"href":"https:\/\/schweizversand.ch\/fr\/wp-json\/wp\/v2\/media\/266172"}],"wp:attachment":[{"href":"https:\/\/schweizversand.ch\/fr\/wp-json\/wp\/v2\/media?parent=264450"}],"wp:term":[{"taxonomy":"product_brand","embeddable":true,"href":"https:\/\/schweizversand.ch\/fr\/wp-json\/wp\/v2\/product_brand?post=264450"},{"taxonomy":"product_cat","embeddable":true,"href":"https:\/\/schweizversand.ch\/fr\/wp-json\/wp\/v2\/product_cat?post=264450"},{"taxonomy":"product_tag","embeddable":true,"href":"https:\/\/schweizversand.ch\/fr\/wp-json\/wp\/v2\/product_tag?post=264450"}],"curies":[{"name":"wp","href":"https:\/\/api.w.org\/{rel}","templated":true}]}}