{"id":264492,"date":"2026-04-11T02:00:44","date_gmt":"2026-04-11T00:00:44","guid":{"rendered":"https:\/\/schweizversand.ch\/produkt\/jilong-aufblasbares-kickboard-mit-taucher-2\/"},"modified":"2026-04-11T15:33:57","modified_gmt":"2026-04-11T13:33:57","slug":"jilong-aufblasbares-kickboard-mit-taucher-2","status":"publish","type":"product","link":"https:\/\/schweizversand.ch\/fr\/produkt\/jilong-aufblasbares-kickboard-mit-taucher-2\/","title":{"rendered":"Planche gonflable Jilong avec plongeur"},"content":{"rendered":"<p>La planche gonflable \u00e0 motif marin est une excellente aide \u00e0 la natation, particuli\u00e8rement adapt\u00e9e aux jeunes nageurs d\u00e9butants de 3 \u00e0 6 ans. Voici quelques caract\u00e9ristiques du produit\u00a0:<\/p>\n<\/p>\n<p>\u2022 Article\u00a0: Planche gonflable<\/p>\n<\/p>\n<p>\u2022 Design\u00a0: D\u00e9cor\u00e9e de cr\u00e9atures sous-marines et d\u2019un plongeur, elle est \u00e0 la fois attrayante et ludique.<\/p>\n<\/p>\n<p>\u2022 Fen\u00eatre\u00a0: Une fen\u00eatre transparente permet \u00e0 l\u2019enfant d\u2019observer le fond de l\u2019eau tout en nageant.<\/p>\n<\/p>\n<p>\u2022 Corde de traction\u00a0: La planche est \u00e9quip\u00e9e d\u2019une corde de traction pour faciliter sa prise en main.<\/p>\n<\/p>\n<p>\u2022 \u00c2ge recommand\u00e9\u00a0: Recommand\u00e9e pour les enfants de 3 \u00e0 6 ans.<\/p>\n<\/p>\n<p>\u2022 Couleur\u00a0: La couleur est al\u00e9atoire et d\u00e9pend des disponibilit\u00e9s.<\/p>\n<\/p>\n<p>\u2022 Prix\u00a0: Le prix indiqu\u00e9 est unitaire.<\/p>\n<\/p>\n<p>Cette planche est non seulement une aide pratique pour les jeunes nageurs, mais elle leur offre \u00e9galement un divertissement et leur permet de s\u2019amuser dans l\u2019eau tout en d\u00e9veloppant leurs comp\u00e9tences natatoires. Il est important que les enfants soient toujours surveill\u00e9s dans l\u2019eau, m\u00eame lorsqu\u2019ils utilisent des accessoires de natation.<\/p>\n","protected":false},"excerpt":{"rendered":"<p>Jilong Aufblasbares Kickboard mit Taucher bietet Kindern (3-6 Jahre) sicheren Badespa\u00df mit Unterwasserfenster und praktischem Zugseil f\u00fcr spielerisches Schwimmenlernen.<\/p>\n","protected":false},"featured_media":266379,"comment_status":"open","ping_status":"closed","template":"","meta":[],"product_brand":[],"product_cat":[39051],"product_tag":[],"class_list":{"0":"post-264492","1":"product","2":"type-product","3":"status-publish","4":"has-post-thumbnail","6":"product_cat-loisirs-aquatiques","7":"product_shipping_class-global_methods","9":"first","10":"instock","11":"taxable","12":"shipping-taxable","13":"purchasable","14":"product-type-simple"},"yoast_head":"<!-- This site is optimized with the Yoast SEO plugin v27.3 - https:\/\/yoast.com\/product\/yoast-seo-wordpress\/ -->\n<title>Jilong Aufblasbares Kickboard mit Taucher<\/title>\n<meta name=\"description\" content=\"Das aufblasbare Kickboard mit Meeresmotiv ist ein tolles Schwimmhilfsmittel, insbesondere f\u00fcr junge Schwimmanf\u00e4nger im Alter von 3-6 Jahren. Hier sind einige de\" \/>\n<meta name=\"robots\" content=\"index, follow, max-snippet:-1, max-image-preview:large, max-video-preview:-1\" \/>\n<link rel=\"canonical\" href=\"https:\/\/schweizversand.ch\/fr\/produkt\/jilong-aufblasbares-kickboard-mit-taucher-2\/\" \/>\n<meta property=\"og:locale\" content=\"fr_FR\" \/>\n<meta property=\"og:type\" content=\"article\" \/>\n<meta property=\"og:title\" content=\"Jilong Aufblasbares Kickboard mit Taucher\" \/>\n<meta property=\"og:description\" content=\"Das aufblasbare Kickboard mit Meeresmotiv ist ein tolles Schwimmhilfsmittel, insbesondere f\u00fcr junge Schwimmanf\u00e4nger im Alter von 3-6 Jahren. Hier sind einige de\" \/>\n<meta property=\"og:url\" content=\"https:\/\/schweizversand.ch\/fr\/produkt\/jilong-aufblasbares-kickboard-mit-taucher-2\/\" \/>\n<meta property=\"og:site_name\" content=\"Schweizer Shop f\u00fcr Sport, Spiel und Freizeit\" \/>\n<meta property=\"article:publisher\" content=\"https:\/\/www.facebook.com\/Schweizversand\" \/>\n<meta property=\"article:modified_time\" content=\"2026-04-11T13:33:57+00:00\" \/>\n<meta property=\"og:image\" content=\"https:\/\/schweizversand.ch\/wp-content\/uploads\/2026\/04\/5471573324-4.jpg\" \/>\n\t<meta property=\"og:image:width\" content=\"1024\" \/>\n\t<meta property=\"og:image:height\" content=\"768\" \/>\n\t<meta property=\"og:image:type\" content=\"image\/jpeg\" \/>\n<meta name=\"twitter:card\" content=\"summary_large_image\" \/>\n<meta name=\"twitter:label1\" content=\"Dur\u00e9e de lecture estim\u00e9e\" \/>\n\t<meta name=\"twitter:data1\" content=\"1 minute\" \/>\n<script type=\"application\/ld+json\" class=\"yoast-schema-graph\">{\"@context\":\"https:\\\/\\\/schema.org\",\"@graph\":[{\"@type\":\"WebPage\",\"@id\":\"https:\\\/\\\/schweizversand.ch\\\/fr\\\/produkt\\\/jilong-aufblasbares-kickboard-mit-taucher-2\\\/\",\"url\":\"https:\\\/\\\/schweizversand.ch\\\/fr\\\/produkt\\\/jilong-aufblasbares-kickboard-mit-taucher-2\\\/\",\"name\":\"Jilong Aufblasbares Kickboard mit Taucher\",\"isPartOf\":{\"@id\":\"https:\\\/\\\/schweizversand.ch\\\/fr\\\/#website\"},\"primaryImageOfPage\":{\"@id\":\"https:\\\/\\\/schweizversand.ch\\\/fr\\\/produkt\\\/jilong-aufblasbares-kickboard-mit-taucher-2\\\/#primaryimage\"},\"image\":{\"@id\":\"https:\\\/\\\/schweizversand.ch\\\/fr\\\/produkt\\\/jilong-aufblasbares-kickboard-mit-taucher-2\\\/#primaryimage\"},\"thumbnailUrl\":\"https:\\\/\\\/schweizversand.ch\\\/wp-content\\\/uploads\\\/2026\\\/04\\\/5471573324.jpg\",\"datePublished\":\"2026-04-11T00:00:44+00:00\",\"dateModified\":\"2026-04-11T13:33:57+00:00\",\"description\":\"Das aufblasbare Kickboard mit Meeresmotiv ist ein tolles Schwimmhilfsmittel, insbesondere f\u00fcr junge Schwimmanf\u00e4nger im Alter von 3-6 Jahren. Hier sind einige de\",\"breadcrumb\":{\"@id\":\"https:\\\/\\\/schweizversand.ch\\\/fr\\\/produkt\\\/jilong-aufblasbares-kickboard-mit-taucher-2\\\/#breadcrumb\"},\"inLanguage\":\"fr-FR\",\"potentialAction\":[{\"@type\":\"ReadAction\",\"target\":[\"https:\\\/\\\/schweizversand.ch\\\/fr\\\/produkt\\\/jilong-aufblasbares-kickboard-mit-taucher-2\\\/\"]}]},{\"@type\":\"ImageObject\",\"inLanguage\":\"fr-FR\",\"@id\":\"https:\\\/\\\/schweizversand.ch\\\/fr\\\/produkt\\\/jilong-aufblasbares-kickboard-mit-taucher-2\\\/#primaryimage\",\"url\":\"https:\\\/\\\/schweizversand.ch\\\/wp-content\\\/uploads\\\/2026\\\/04\\\/5471573324.jpg\",\"contentUrl\":\"https:\\\/\\\/schweizversand.ch\\\/wp-content\\\/uploads\\\/2026\\\/04\\\/5471573324.jpg\",\"width\":1024,\"height\":768},{\"@type\":\"BreadcrumbList\",\"@id\":\"https:\\\/\\\/schweizversand.ch\\\/fr\\\/produkt\\\/jilong-aufblasbares-kickboard-mit-taucher-2\\\/#breadcrumb\",\"itemListElement\":[{\"@type\":\"ListItem\",\"position\":1,\"name\":\"Startseite\",\"item\":\"https:\\\/\\\/schweizversand.ch\\\/fr\\\/\"},{\"@type\":\"ListItem\",\"position\":2,\"name\":\"Boutique\",\"item\":\"https:\\\/\\\/schweizversand.ch\\\/fr\\\/boutique\\\/\"},{\"@type\":\"ListItem\",\"position\":3,\"name\":\"Planche gonflable Jilong avec plongeur\"}]},{\"@type\":\"WebSite\",\"@id\":\"https:\\\/\\\/schweizversand.ch\\\/fr\\\/#website\",\"url\":\"https:\\\/\\\/schweizversand.ch\\\/fr\\\/\",\"name\":\"Schweizer Shop f\u00fcr Sport, Spiel und Freizeit\",\"description\":\"Gratisversand ab 50.- (netto), ab eigenem schweizer Lager, Lieferung innert 48h\",\"publisher\":{\"@id\":\"https:\\\/\\\/schweizversand.ch\\\/fr\\\/#organization\"},\"alternateName\":\"Schweizversand.ch\",\"potentialAction\":[{\"@type\":\"SearchAction\",\"target\":{\"@type\":\"EntryPoint\",\"urlTemplate\":\"https:\\\/\\\/schweizversand.ch\\\/fr\\\/?s={search_term_string}\"},\"query-input\":{\"@type\":\"PropertyValueSpecification\",\"valueRequired\":true,\"valueName\":\"search_term_string\"}}],\"inLanguage\":\"fr-FR\"},{\"@type\":\"Organization\",\"@id\":\"https:\\\/\\\/schweizversand.ch\\\/fr\\\/#organization\",\"name\":\"Schweizversand.ch\",\"url\":\"https:\\\/\\\/schweizversand.ch\\\/fr\\\/\",\"logo\":{\"@type\":\"ImageObject\",\"inLanguage\":\"fr-FR\",\"@id\":\"https:\\\/\\\/schweizversand.ch\\\/fr\\\/#\\\/schema\\\/logo\\\/image\\\/\",\"url\":\"https:\\\/\\\/schweizversand.ch\\\/wp-content\\\/uploads\\\/2026\\\/03\\\/Logo_Rund_Final-1.png\",\"contentUrl\":\"https:\\\/\\\/schweizversand.ch\\\/wp-content\\\/uploads\\\/2026\\\/03\\\/Logo_Rund_Final-1.png\",\"width\":404,\"height\":404,\"caption\":\"Schweizversand.ch\"},\"image\":{\"@id\":\"https:\\\/\\\/schweizversand.ch\\\/fr\\\/#\\\/schema\\\/logo\\\/image\\\/\"},\"sameAs\":[\"https:\\\/\\\/www.facebook.com\\\/Schweizversand\",\"https:\\\/\\\/www.instagram.com\\\/schweizversand.ch\\\/\"]}]}<\/script>\n<!-- \/ Yoast SEO plugin. -->","yoast_head_json":{"title":"Jilong Aufblasbares Kickboard mit Taucher","description":"Das aufblasbare Kickboard mit Meeresmotiv ist ein tolles Schwimmhilfsmittel, insbesondere f\u00fcr junge Schwimmanf\u00e4nger im Alter von 3-6 Jahren. Hier sind einige de","robots":{"index":"index","follow":"follow","max-snippet":"max-snippet:-1","max-image-preview":"max-image-preview:large","max-video-preview":"max-video-preview:-1"},"canonical":"https:\/\/schweizversand.ch\/fr\/produkt\/jilong-aufblasbares-kickboard-mit-taucher-2\/","og_locale":"fr_FR","og_type":"article","og_title":"Jilong Aufblasbares Kickboard mit Taucher","og_description":"Das aufblasbare Kickboard mit Meeresmotiv ist ein tolles Schwimmhilfsmittel, insbesondere f\u00fcr junge Schwimmanf\u00e4nger im Alter von 3-6 Jahren. Hier sind einige de","og_url":"https:\/\/schweizversand.ch\/fr\/produkt\/jilong-aufblasbares-kickboard-mit-taucher-2\/","og_site_name":"Schweizer Shop f\u00fcr Sport, Spiel und Freizeit","article_publisher":"https:\/\/www.facebook.com\/Schweizversand","article_modified_time":"2026-04-11T13:33:57+00:00","og_image":[{"width":1024,"height":768,"url":"https:\/\/schweizversand.ch\/wp-content\/uploads\/2026\/04\/5471573324-4.jpg","type":"image\/jpeg"}],"twitter_card":"summary_large_image","twitter_misc":{"Dur\u00e9e de lecture estim\u00e9e":"1 minute"},"schema":{"@context":"https:\/\/schema.org","@graph":[{"@type":"WebPage","@id":"https:\/\/schweizversand.ch\/fr\/produkt\/jilong-aufblasbares-kickboard-mit-taucher-2\/","url":"https:\/\/schweizversand.ch\/fr\/produkt\/jilong-aufblasbares-kickboard-mit-taucher-2\/","name":"Jilong Aufblasbares Kickboard mit Taucher","isPartOf":{"@id":"https:\/\/schweizversand.ch\/fr\/#website"},"primaryImageOfPage":{"@id":"https:\/\/schweizversand.ch\/fr\/produkt\/jilong-aufblasbares-kickboard-mit-taucher-2\/#primaryimage"},"image":{"@id":"https:\/\/schweizversand.ch\/fr\/produkt\/jilong-aufblasbares-kickboard-mit-taucher-2\/#primaryimage"},"thumbnailUrl":"https:\/\/schweizversand.ch\/wp-content\/uploads\/2026\/04\/5471573324.jpg","datePublished":"2026-04-11T00:00:44+00:00","dateModified":"2026-04-11T13:33:57+00:00","description":"Das aufblasbare Kickboard mit Meeresmotiv ist ein tolles Schwimmhilfsmittel, insbesondere f\u00fcr junge Schwimmanf\u00e4nger im Alter von 3-6 Jahren. Hier sind einige de","breadcrumb":{"@id":"https:\/\/schweizversand.ch\/fr\/produkt\/jilong-aufblasbares-kickboard-mit-taucher-2\/#breadcrumb"},"inLanguage":"fr-FR","potentialAction":[{"@type":"ReadAction","target":["https:\/\/schweizversand.ch\/fr\/produkt\/jilong-aufblasbares-kickboard-mit-taucher-2\/"]}]},{"@type":"ImageObject","inLanguage":"fr-FR","@id":"https:\/\/schweizversand.ch\/fr\/produkt\/jilong-aufblasbares-kickboard-mit-taucher-2\/#primaryimage","url":"https:\/\/schweizversand.ch\/wp-content\/uploads\/2026\/04\/5471573324.jpg","contentUrl":"https:\/\/schweizversand.ch\/wp-content\/uploads\/2026\/04\/5471573324.jpg","width":1024,"height":768},{"@type":"BreadcrumbList","@id":"https:\/\/schweizversand.ch\/fr\/produkt\/jilong-aufblasbares-kickboard-mit-taucher-2\/#breadcrumb","itemListElement":[{"@type":"ListItem","position":1,"name":"Startseite","item":"https:\/\/schweizversand.ch\/fr\/"},{"@type":"ListItem","position":2,"name":"Boutique","item":"https:\/\/schweizversand.ch\/fr\/boutique\/"},{"@type":"ListItem","position":3,"name":"Planche gonflable Jilong avec plongeur"}]},{"@type":"WebSite","@id":"https:\/\/schweizversand.ch\/fr\/#website","url":"https:\/\/schweizversand.ch\/fr\/","name":"Schweizer Shop f\u00fcr Sport, Spiel und Freizeit","description":"Gratisversand ab 50.- (netto), ab eigenem schweizer Lager, Lieferung innert 48h","publisher":{"@id":"https:\/\/schweizversand.ch\/fr\/#organization"},"alternateName":"Schweizversand.ch","potentialAction":[{"@type":"SearchAction","target":{"@type":"EntryPoint","urlTemplate":"https:\/\/schweizversand.ch\/fr\/?s={search_term_string}"},"query-input":{"@type":"PropertyValueSpecification","valueRequired":true,"valueName":"search_term_string"}}],"inLanguage":"fr-FR"},{"@type":"Organization","@id":"https:\/\/schweizversand.ch\/fr\/#organization","name":"Schweizversand.ch","url":"https:\/\/schweizversand.ch\/fr\/","logo":{"@type":"ImageObject","inLanguage":"fr-FR","@id":"https:\/\/schweizversand.ch\/fr\/#\/schema\/logo\/image\/","url":"https:\/\/schweizversand.ch\/wp-content\/uploads\/2026\/03\/Logo_Rund_Final-1.png","contentUrl":"https:\/\/schweizversand.ch\/wp-content\/uploads\/2026\/03\/Logo_Rund_Final-1.png","width":404,"height":404,"caption":"Schweizversand.ch"},"image":{"@id":"https:\/\/schweizversand.ch\/fr\/#\/schema\/logo\/image\/"},"sameAs":["https:\/\/www.facebook.com\/Schweizversand","https:\/\/www.instagram.com\/schweizversand.ch\/"]}]}},"jetpack_sharing_enabled":true,"_links":{"self":[{"href":"https:\/\/schweizversand.ch\/fr\/wp-json\/wp\/v2\/product\/264492","targetHints":{"allow":["GET"]}}],"collection":[{"href":"https:\/\/schweizversand.ch\/fr\/wp-json\/wp\/v2\/product"}],"about":[{"href":"https:\/\/schweizversand.ch\/fr\/wp-json\/wp\/v2\/types\/product"}],"replies":[{"embeddable":true,"href":"https:\/\/schweizversand.ch\/fr\/wp-json\/wp\/v2\/comments?post=264492"}],"wp:featuredmedia":[{"embeddable":true,"href":"https:\/\/schweizversand.ch\/fr\/wp-json\/wp\/v2\/media\/266379"}],"wp:attachment":[{"href":"https:\/\/schweizversand.ch\/fr\/wp-json\/wp\/v2\/media?parent=264492"}],"wp:term":[{"taxonomy":"product_brand","embeddable":true,"href":"https:\/\/schweizversand.ch\/fr\/wp-json\/wp\/v2\/product_brand?post=264492"},{"taxonomy":"product_cat","embeddable":true,"href":"https:\/\/schweizversand.ch\/fr\/wp-json\/wp\/v2\/product_cat?post=264492"},{"taxonomy":"product_tag","embeddable":true,"href":"https:\/\/schweizversand.ch\/fr\/wp-json\/wp\/v2\/product_tag?post=264492"}],"curies":[{"name":"wp","href":"https:\/\/api.w.org\/{rel}","templated":true}]}}