{"id":264493,"date":"2026-04-11T02:00:44","date_gmt":"2026-04-11T00:00:44","guid":{"rendered":"https:\/\/schweizversand.ch\/produkt\/jilong-aufblasbarer-pool-ocean-world\/"},"modified":"2026-04-15T02:03:37","modified_gmt":"2026-04-15T00:03:37","slug":"jilong-aufblasbarer-pool-ocean-world","status":"publish","type":"product","link":"https:\/\/schweizversand.ch\/fr\/produkt\/jilong-aufblasbarer-pool-ocean-world\/","title":{"rendered":"Piscine gonflable Jilong \u00ab Monde Oc\u00e9anique \u00bb"},"content":{"rendered":"<p>Piscine Ocean World \u2013 La piscine id\u00e9ale pour les chaudes journ\u00e9es d&rsquo;\u00e9t\u00e9 !<\/p>\n<\/p>\n<p>Offrez-vous des moments de fra\u00eecheur et de plaisir en famille avec la piscine Ocean World ! Cette piscine hors-sol de 2,05 m de diam\u00e8tre et 47 cm de hauteur offre un grand espace pour s&rsquo;amuser, barboter et se rafra\u00eechir \u2013 id\u00e9ale pour les enfants \u00e0 partir de 3 ans.<\/p>\n<\/p>\n<p>Caract\u00e9ristiques du produit :<\/p>\n<\/p>\n<p>\u2022 Conforme \u00e0 la norme EN16927 \u2013 pour une s\u00e9curit\u00e9 test\u00e9e<\/p>\n<\/p>\n<p>\u2022 Capacit\u00e9 d&rsquo;eau (75 %) : 855 litres (226 gallons)<\/p>\n<\/p>\n<p>\u2022 Anneau sup\u00e9rieur gonflable en PVC pour plus de confort et de stabilit\u00e9<\/p>\n<\/p>\n<p>\u2022 Parois en PVC triple couche r\u00e9sistantes \u2013 robustes et durables<\/p>\n<\/p>\n<p>\u2022 Installation rapide et rangement compact \u2013 parfait pour l&rsquo;\u00e9t\u00e9<\/p>\n<\/p>\n<p>\u2022 Kit de r\u00e9paration et bo\u00eete de rangement inclus<\/p>\n<\/p>\n<p>Id\u00e9al pour le jardin, la terrasse et le camping<\/p>\n<\/p>\n<p>Que ce soit dans votre jardin ou en camping, cette piscine pour enfants s&rsquo;installe et se d\u00e9monte en un clin d&rsquo;\u0153il. Gr\u00e2ce \u00e0 son petit volume de seulement 0,014 m\u00b3, il se range facilement dans n&rsquo;importe quel coffre de voiture ou abri de jardin.<\/p>\n","protected":false},"excerpt":{"rendered":"<p>Jilong Aufblasbarer Pool \u00ab\u00a0Ocean World\u00a0\u00bb \u2013 Robuster, sicherer Familienpool mit 2,05 m Durchmesser, schnellem Aufbau und 855 Litern Wasserkapazit\u00e4t f\u00fcr erfrischenden Badespa\u00df.<\/p>\n","protected":false},"featured_media":266415,"comment_status":"open","ping_status":"closed","template":"","meta":[],"product_brand":[],"product_cat":[39235],"product_tag":[],"class_list":{"0":"post-264493","1":"product","2":"type-product","3":"status-publish","4":"has-post-thumbnail","6":"product_cat-pool","7":"product_shipping_class-global_methods","9":"first","10":"instock","11":"taxable","12":"shipping-taxable","13":"purchasable","14":"product-type-simple"},"yoast_head":"<!-- This site is optimized with the Yoast SEO plugin v27.4 - https:\/\/yoast.com\/product\/yoast-seo-wordpress\/ -->\n<title>Jilong Aufblasbarer Pool &quot;Ocean World&quot;<\/title>\n<meta name=\"description\" content=\"Ocean World Pool \u2013 Der perfekte Gartenpool f\u00fcr hei\u00dfe Sommertage! Genie\u00dfen Sie erfrischenden Badespa\u00df f\u00fcr die ganze Familie mit dem Ocean World Pool! Dieser Auf\" \/>\n<meta name=\"robots\" content=\"index, follow, max-snippet:-1, max-image-preview:large, max-video-preview:-1\" \/>\n<link rel=\"canonical\" href=\"https:\/\/schweizversand.ch\/fr\/produkt\/jilong-aufblasbarer-pool-ocean-world\/\" \/>\n<meta property=\"og:locale\" content=\"fr_FR\" \/>\n<meta property=\"og:type\" content=\"article\" \/>\n<meta property=\"og:title\" content=\"Jilong Aufblasbarer Pool &quot;Ocean World&quot;\" \/>\n<meta property=\"og:description\" content=\"Ocean World Pool \u2013 Der perfekte Gartenpool f\u00fcr hei\u00dfe Sommertage! Genie\u00dfen Sie erfrischenden Badespa\u00df f\u00fcr die ganze Familie mit dem Ocean World Pool! Dieser Auf\" \/>\n<meta property=\"og:url\" content=\"https:\/\/schweizversand.ch\/fr\/produkt\/jilong-aufblasbarer-pool-ocean-world\/\" \/>\n<meta property=\"og:site_name\" content=\"Schweizer Shop f\u00fcr Sport, Spiel und Freizeit\" \/>\n<meta property=\"article:publisher\" content=\"https:\/\/www.facebook.com\/Schweizversand\" \/>\n<meta property=\"article:modified_time\" content=\"2026-04-15T00:03:37+00:00\" \/>\n<meta property=\"og:image\" content=\"https:\/\/schweizversand.ch\/wp-content\/uploads\/2026\/04\/5471578410.jpg\" \/>\n\t<meta property=\"og:image:width\" content=\"1024\" \/>\n\t<meta property=\"og:image:height\" content=\"1024\" \/>\n\t<meta property=\"og:image:type\" content=\"image\/jpeg\" \/>\n<meta name=\"twitter:card\" content=\"summary_large_image\" \/>\n<meta name=\"twitter:label1\" content=\"Dur\u00e9e de lecture estim\u00e9e\" \/>\n\t<meta name=\"twitter:data1\" content=\"1 minute\" \/>\n<script type=\"application\/ld+json\" class=\"yoast-schema-graph\">{\"@context\":\"https:\\\/\\\/schema.org\",\"@graph\":[{\"@type\":\"WebPage\",\"@id\":\"https:\\\/\\\/schweizversand.ch\\\/fr\\\/produkt\\\/jilong-aufblasbarer-pool-ocean-world\\\/\",\"url\":\"https:\\\/\\\/schweizversand.ch\\\/fr\\\/produkt\\\/jilong-aufblasbarer-pool-ocean-world\\\/\",\"name\":\"Jilong Aufblasbarer Pool \\\"Ocean World\\\"\",\"isPartOf\":{\"@id\":\"https:\\\/\\\/schweizversand.ch\\\/fr\\\/#website\"},\"primaryImageOfPage\":{\"@id\":\"https:\\\/\\\/schweizversand.ch\\\/fr\\\/produkt\\\/jilong-aufblasbarer-pool-ocean-world\\\/#primaryimage\"},\"image\":{\"@id\":\"https:\\\/\\\/schweizversand.ch\\\/fr\\\/produkt\\\/jilong-aufblasbarer-pool-ocean-world\\\/#primaryimage\"},\"thumbnailUrl\":\"https:\\\/\\\/schweizversand.ch\\\/wp-content\\\/uploads\\\/2026\\\/04\\\/5471578410.jpg\",\"datePublished\":\"2026-04-11T00:00:44+00:00\",\"dateModified\":\"2026-04-15T00:03:37+00:00\",\"description\":\"Ocean World Pool \u2013 Der perfekte Gartenpool f\u00fcr hei\u00dfe Sommertage! Genie\u00dfen Sie erfrischenden Badespa\u00df f\u00fcr die ganze Familie mit dem Ocean World Pool! Dieser Auf\",\"breadcrumb\":{\"@id\":\"https:\\\/\\\/schweizversand.ch\\\/fr\\\/produkt\\\/jilong-aufblasbarer-pool-ocean-world\\\/#breadcrumb\"},\"inLanguage\":\"fr-FR\",\"potentialAction\":[{\"@type\":\"ReadAction\",\"target\":[\"https:\\\/\\\/schweizversand.ch\\\/fr\\\/produkt\\\/jilong-aufblasbarer-pool-ocean-world\\\/\"]}]},{\"@type\":\"ImageObject\",\"inLanguage\":\"fr-FR\",\"@id\":\"https:\\\/\\\/schweizversand.ch\\\/fr\\\/produkt\\\/jilong-aufblasbarer-pool-ocean-world\\\/#primaryimage\",\"url\":\"https:\\\/\\\/schweizversand.ch\\\/wp-content\\\/uploads\\\/2026\\\/04\\\/5471578410.jpg\",\"contentUrl\":\"https:\\\/\\\/schweizversand.ch\\\/wp-content\\\/uploads\\\/2026\\\/04\\\/5471578410.jpg\",\"width\":1024,\"height\":1024},{\"@type\":\"BreadcrumbList\",\"@id\":\"https:\\\/\\\/schweizversand.ch\\\/fr\\\/produkt\\\/jilong-aufblasbarer-pool-ocean-world\\\/#breadcrumb\",\"itemListElement\":[{\"@type\":\"ListItem\",\"position\":1,\"name\":\"Startseite\",\"item\":\"https:\\\/\\\/schweizversand.ch\\\/fr\\\/\"},{\"@type\":\"ListItem\",\"position\":2,\"name\":\"Boutique\",\"item\":\"https:\\\/\\\/schweizversand.ch\\\/fr\\\/boutique\\\/\"},{\"@type\":\"ListItem\",\"position\":3,\"name\":\"Pool\",\"item\":\"https:\\\/\\\/schweizversand.ch\\\/fr\\\/produkt-kategorie\\\/pool\\\/\"},{\"@type\":\"ListItem\",\"position\":4,\"name\":\"Piscine gonflable Jilong \u00ab Monde Oc\u00e9anique \u00bb\"}]},{\"@type\":\"WebSite\",\"@id\":\"https:\\\/\\\/schweizversand.ch\\\/fr\\\/#website\",\"url\":\"https:\\\/\\\/schweizversand.ch\\\/fr\\\/\",\"name\":\"Schweizer Shop f\u00fcr Sport, Spiel und Freizeit\",\"description\":\"Gratisversand ab 50.- (netto), ab eigenem schweizer Lager, Lieferung innert 48h\",\"publisher\":{\"@id\":\"https:\\\/\\\/schweizversand.ch\\\/fr\\\/#organization\"},\"alternateName\":\"Schweizversand.ch\",\"potentialAction\":[{\"@type\":\"SearchAction\",\"target\":{\"@type\":\"EntryPoint\",\"urlTemplate\":\"https:\\\/\\\/schweizversand.ch\\\/fr\\\/?s={search_term_string}\"},\"query-input\":{\"@type\":\"PropertyValueSpecification\",\"valueRequired\":true,\"valueName\":\"search_term_string\"}}],\"inLanguage\":\"fr-FR\"},{\"@type\":\"Organization\",\"@id\":\"https:\\\/\\\/schweizversand.ch\\\/fr\\\/#organization\",\"name\":\"Schweizversand.ch\",\"url\":\"https:\\\/\\\/schweizversand.ch\\\/fr\\\/\",\"logo\":{\"@type\":\"ImageObject\",\"inLanguage\":\"fr-FR\",\"@id\":\"https:\\\/\\\/schweizversand.ch\\\/fr\\\/#\\\/schema\\\/logo\\\/image\\\/\",\"url\":\"https:\\\/\\\/schweizversand.ch\\\/wp-content\\\/uploads\\\/2026\\\/03\\\/Logo_Rund_Final-1.png\",\"contentUrl\":\"https:\\\/\\\/schweizversand.ch\\\/wp-content\\\/uploads\\\/2026\\\/03\\\/Logo_Rund_Final-1.png\",\"width\":404,\"height\":404,\"caption\":\"Schweizversand.ch\"},\"image\":{\"@id\":\"https:\\\/\\\/schweizversand.ch\\\/fr\\\/#\\\/schema\\\/logo\\\/image\\\/\"},\"sameAs\":[\"https:\\\/\\\/www.facebook.com\\\/Schweizversand\",\"https:\\\/\\\/www.instagram.com\\\/schweizversand.ch\\\/\"]}]}<\/script>\n<!-- \/ Yoast SEO plugin. -->","yoast_head_json":{"title":"Jilong Aufblasbarer Pool \"Ocean World\"","description":"Ocean World Pool \u2013 Der perfekte Gartenpool f\u00fcr hei\u00dfe Sommertage! Genie\u00dfen Sie erfrischenden Badespa\u00df f\u00fcr die ganze Familie mit dem Ocean World Pool! Dieser Auf","robots":{"index":"index","follow":"follow","max-snippet":"max-snippet:-1","max-image-preview":"max-image-preview:large","max-video-preview":"max-video-preview:-1"},"canonical":"https:\/\/schweizversand.ch\/fr\/produkt\/jilong-aufblasbarer-pool-ocean-world\/","og_locale":"fr_FR","og_type":"article","og_title":"Jilong Aufblasbarer Pool \"Ocean World\"","og_description":"Ocean World Pool \u2013 Der perfekte Gartenpool f\u00fcr hei\u00dfe Sommertage! Genie\u00dfen Sie erfrischenden Badespa\u00df f\u00fcr die ganze Familie mit dem Ocean World Pool! Dieser Auf","og_url":"https:\/\/schweizversand.ch\/fr\/produkt\/jilong-aufblasbarer-pool-ocean-world\/","og_site_name":"Schweizer Shop f\u00fcr Sport, Spiel und Freizeit","article_publisher":"https:\/\/www.facebook.com\/Schweizversand","article_modified_time":"2026-04-15T00:03:37+00:00","og_image":[{"width":1024,"height":1024,"url":"https:\/\/schweizversand.ch\/wp-content\/uploads\/2026\/04\/5471578410.jpg","type":"image\/jpeg"}],"twitter_card":"summary_large_image","twitter_misc":{"Dur\u00e9e de lecture estim\u00e9e":"1 minute"},"schema":{"@context":"https:\/\/schema.org","@graph":[{"@type":"WebPage","@id":"https:\/\/schweizversand.ch\/fr\/produkt\/jilong-aufblasbarer-pool-ocean-world\/","url":"https:\/\/schweizversand.ch\/fr\/produkt\/jilong-aufblasbarer-pool-ocean-world\/","name":"Jilong Aufblasbarer Pool \"Ocean World\"","isPartOf":{"@id":"https:\/\/schweizversand.ch\/fr\/#website"},"primaryImageOfPage":{"@id":"https:\/\/schweizversand.ch\/fr\/produkt\/jilong-aufblasbarer-pool-ocean-world\/#primaryimage"},"image":{"@id":"https:\/\/schweizversand.ch\/fr\/produkt\/jilong-aufblasbarer-pool-ocean-world\/#primaryimage"},"thumbnailUrl":"https:\/\/schweizversand.ch\/wp-content\/uploads\/2026\/04\/5471578410.jpg","datePublished":"2026-04-11T00:00:44+00:00","dateModified":"2026-04-15T00:03:37+00:00","description":"Ocean World Pool \u2013 Der perfekte Gartenpool f\u00fcr hei\u00dfe Sommertage! Genie\u00dfen Sie erfrischenden Badespa\u00df f\u00fcr die ganze Familie mit dem Ocean World Pool! Dieser Auf","breadcrumb":{"@id":"https:\/\/schweizversand.ch\/fr\/produkt\/jilong-aufblasbarer-pool-ocean-world\/#breadcrumb"},"inLanguage":"fr-FR","potentialAction":[{"@type":"ReadAction","target":["https:\/\/schweizversand.ch\/fr\/produkt\/jilong-aufblasbarer-pool-ocean-world\/"]}]},{"@type":"ImageObject","inLanguage":"fr-FR","@id":"https:\/\/schweizversand.ch\/fr\/produkt\/jilong-aufblasbarer-pool-ocean-world\/#primaryimage","url":"https:\/\/schweizversand.ch\/wp-content\/uploads\/2026\/04\/5471578410.jpg","contentUrl":"https:\/\/schweizversand.ch\/wp-content\/uploads\/2026\/04\/5471578410.jpg","width":1024,"height":1024},{"@type":"BreadcrumbList","@id":"https:\/\/schweizversand.ch\/fr\/produkt\/jilong-aufblasbarer-pool-ocean-world\/#breadcrumb","itemListElement":[{"@type":"ListItem","position":1,"name":"Startseite","item":"https:\/\/schweizversand.ch\/fr\/"},{"@type":"ListItem","position":2,"name":"Boutique","item":"https:\/\/schweizversand.ch\/fr\/boutique\/"},{"@type":"ListItem","position":3,"name":"Pool","item":"https:\/\/schweizversand.ch\/fr\/produkt-kategorie\/pool\/"},{"@type":"ListItem","position":4,"name":"Piscine gonflable Jilong \u00ab Monde Oc\u00e9anique \u00bb"}]},{"@type":"WebSite","@id":"https:\/\/schweizversand.ch\/fr\/#website","url":"https:\/\/schweizversand.ch\/fr\/","name":"Schweizer Shop f\u00fcr Sport, Spiel und Freizeit","description":"Gratisversand ab 50.- (netto), ab eigenem schweizer Lager, Lieferung innert 48h","publisher":{"@id":"https:\/\/schweizversand.ch\/fr\/#organization"},"alternateName":"Schweizversand.ch","potentialAction":[{"@type":"SearchAction","target":{"@type":"EntryPoint","urlTemplate":"https:\/\/schweizversand.ch\/fr\/?s={search_term_string}"},"query-input":{"@type":"PropertyValueSpecification","valueRequired":true,"valueName":"search_term_string"}}],"inLanguage":"fr-FR"},{"@type":"Organization","@id":"https:\/\/schweizversand.ch\/fr\/#organization","name":"Schweizversand.ch","url":"https:\/\/schweizversand.ch\/fr\/","logo":{"@type":"ImageObject","inLanguage":"fr-FR","@id":"https:\/\/schweizversand.ch\/fr\/#\/schema\/logo\/image\/","url":"https:\/\/schweizversand.ch\/wp-content\/uploads\/2026\/03\/Logo_Rund_Final-1.png","contentUrl":"https:\/\/schweizversand.ch\/wp-content\/uploads\/2026\/03\/Logo_Rund_Final-1.png","width":404,"height":404,"caption":"Schweizversand.ch"},"image":{"@id":"https:\/\/schweizversand.ch\/fr\/#\/schema\/logo\/image\/"},"sameAs":["https:\/\/www.facebook.com\/Schweizversand","https:\/\/www.instagram.com\/schweizversand.ch\/"]}]}},"jetpack_sharing_enabled":true,"_links":{"self":[{"href":"https:\/\/schweizversand.ch\/fr\/wp-json\/wp\/v2\/product\/264493","targetHints":{"allow":["GET"]}}],"collection":[{"href":"https:\/\/schweizversand.ch\/fr\/wp-json\/wp\/v2\/product"}],"about":[{"href":"https:\/\/schweizversand.ch\/fr\/wp-json\/wp\/v2\/types\/product"}],"replies":[{"embeddable":true,"href":"https:\/\/schweizversand.ch\/fr\/wp-json\/wp\/v2\/comments?post=264493"}],"wp:featuredmedia":[{"embeddable":true,"href":"https:\/\/schweizversand.ch\/fr\/wp-json\/wp\/v2\/media\/266415"}],"wp:attachment":[{"href":"https:\/\/schweizversand.ch\/fr\/wp-json\/wp\/v2\/media?parent=264493"}],"wp:term":[{"taxonomy":"product_brand","embeddable":true,"href":"https:\/\/schweizversand.ch\/fr\/wp-json\/wp\/v2\/product_brand?post=264493"},{"taxonomy":"product_cat","embeddable":true,"href":"https:\/\/schweizversand.ch\/fr\/wp-json\/wp\/v2\/product_cat?post=264493"},{"taxonomy":"product_tag","embeddable":true,"href":"https:\/\/schweizversand.ch\/fr\/wp-json\/wp\/v2\/product_tag?post=264493"}],"curies":[{"name":"wp","href":"https:\/\/api.w.org\/{rel}","templated":true}]}}