{"id":264510,"date":"2026-04-11T02:00:46","date_gmt":"2026-04-11T00:00:46","guid":{"rendered":"https:\/\/schweizversand.ch\/produkt\/jilong-meerestier-pool-3\/"},"modified":"2026-04-15T02:03:37","modified_gmt":"2026-04-15T00:03:37","slug":"jilong-meerestier-pool","status":"publish","type":"product","link":"https:\/\/schweizversand.ch\/fr\/produkt\/jilong-meerestier-pool\/","title":{"rendered":"Piscine marine de Jilong"},"content":{"rendered":"<p>Piscine gonflable Animaux marins \u2013 \u00d8 1,5 m \u00d7 38 cm<br \/>Cette piscine sur le th\u00e8me des animaux marins est id\u00e9ale pour les enfants \u00e0 partir de 3 ans qui souhaitent s&rsquo;amuser en toute s\u00e9curit\u00e9 dans le jardin lors des chaudes journ\u00e9es d&rsquo;\u00e9t\u00e9. Avec un diam\u00e8tre de 1,5 m et une hauteur de 38 cm, elle offre un grand espace de jeu. Confort et s\u00e9curit\u00e9\u00a0: un anneau gonflable stabilise la paroi et maintient la b\u00e2che en place. Fabriqu\u00e9e en PVC lamin\u00e9 triple couche, elle est r\u00e9sistante et robuste. Facile \u00e0 utiliser\u00a0: installation rapide et rangement compact. Un kit de r\u00e9paration est inclus pour les petits d\u00e9g\u00e2ts. Caract\u00e9ristiques\u00a0: Dimensions\u00a0: \u00d8 1,5 m \u00d7 38 cm. Mat\u00e9riau\u00a0: PVC triple couche de haute qualit\u00e9. Facile \u00e0 nettoyer et \u00e0 ranger. Points forts\u00a0: Construction robuste pour des ann\u00e9es d&rsquo;amusement. Id\u00e9ale pour le jardin, la terrasse ou la cour. Adapt\u00e9e aux enfants, s\u00fbre et stable. Avec la piscine pour enfants Sea Animal (1,5 m de diam\u00e8tre), les enfants peuvent profiter d&rsquo;heures de plaisir dans l&rsquo;eau directement \u00e0 la maison \u2013 s\u00fbre, stable et facile \u00e0 installer !<\/p>\n","protected":false},"excerpt":{"rendered":"<p>Jilong Meerestier-Pool bietet mit \u00d81,5 m und 3-lagigem PVC sicheren Wasserspa\u00df f\u00fcr Kinder ab 3 Jahren. Robust, schnell aufgebaut und inklusive Reparaturset.<\/p>\n","protected":false},"featured_media":266541,"comment_status":"open","ping_status":"closed","template":"","meta":[],"product_brand":[],"product_cat":[39235],"product_tag":[],"class_list":{"0":"post-264510","1":"product","2":"type-product","3":"status-publish","4":"has-post-thumbnail","6":"product_cat-pool","7":"product_shipping_class-global_methods","9":"first","10":"instock","11":"taxable","12":"shipping-taxable","13":"purchasable","14":"product-type-simple"},"yoast_head":"<!-- This site is optimized with the Yoast SEO plugin v27.4 - https:\/\/yoast.com\/product\/yoast-seo-wordpress\/ -->\n<title>Jilong Meerestier-Pool<\/title>\n<meta name=\"description\" content=\"Meerestier Kinderpool \u2013 Aufblasbarer Pool \u00d81,5 m \u00d7 38 cm\u00a0 Der Meerestier-Pool ist ideal f\u00fcr Kinder ab 3 Jahren, die an warmen Sommertagen sicher im Garten plans\" \/>\n<meta name=\"robots\" content=\"index, follow, max-snippet:-1, max-image-preview:large, max-video-preview:-1\" \/>\n<link rel=\"canonical\" href=\"https:\/\/schweizversand.ch\/fr\/produkt\/jilong-meerestier-pool\/\" \/>\n<meta property=\"og:locale\" content=\"fr_FR\" \/>\n<meta property=\"og:type\" content=\"article\" \/>\n<meta property=\"og:title\" content=\"Jilong Meerestier-Pool\" \/>\n<meta property=\"og:description\" content=\"Meerestier Kinderpool \u2013 Aufblasbarer Pool \u00d81,5 m \u00d7 38 cm\u00a0 Der Meerestier-Pool ist ideal f\u00fcr Kinder ab 3 Jahren, die an warmen Sommertagen sicher im Garten plans\" \/>\n<meta property=\"og:url\" content=\"https:\/\/schweizversand.ch\/fr\/produkt\/jilong-meerestier-pool\/\" \/>\n<meta property=\"og:site_name\" content=\"Schweizer Shop f\u00fcr Sport, Spiel und Freizeit\" \/>\n<meta property=\"article:publisher\" content=\"https:\/\/www.facebook.com\/Schweizversand\" \/>\n<meta property=\"article:modified_time\" content=\"2026-04-15T00:03:37+00:00\" \/>\n<meta property=\"og:image\" content=\"https:\/\/schweizversand.ch\/wp-content\/uploads\/2026\/04\/5471973643.png\" \/>\n\t<meta property=\"og:image:width\" content=\"1024\" \/>\n\t<meta property=\"og:image:height\" content=\"1024\" \/>\n\t<meta property=\"og:image:type\" content=\"image\/png\" \/>\n<meta name=\"twitter:card\" content=\"summary_large_image\" \/>\n<meta name=\"twitter:label1\" content=\"Dur\u00e9e de lecture estim\u00e9e\" \/>\n\t<meta name=\"twitter:data1\" content=\"1 minute\" \/>\n<script type=\"application\/ld+json\" class=\"yoast-schema-graph\">{\"@context\":\"https:\\\/\\\/schema.org\",\"@graph\":[{\"@type\":\"WebPage\",\"@id\":\"https:\\\/\\\/schweizversand.ch\\\/fr\\\/produkt\\\/jilong-meerestier-pool\\\/\",\"url\":\"https:\\\/\\\/schweizversand.ch\\\/fr\\\/produkt\\\/jilong-meerestier-pool\\\/\",\"name\":\"Jilong Meerestier-Pool\",\"isPartOf\":{\"@id\":\"https:\\\/\\\/schweizversand.ch\\\/fr\\\/#website\"},\"primaryImageOfPage\":{\"@id\":\"https:\\\/\\\/schweizversand.ch\\\/fr\\\/produkt\\\/jilong-meerestier-pool\\\/#primaryimage\"},\"image\":{\"@id\":\"https:\\\/\\\/schweizversand.ch\\\/fr\\\/produkt\\\/jilong-meerestier-pool\\\/#primaryimage\"},\"thumbnailUrl\":\"https:\\\/\\\/schweizversand.ch\\\/wp-content\\\/uploads\\\/2026\\\/04\\\/5471973643.png\",\"datePublished\":\"2026-04-11T00:00:46+00:00\",\"dateModified\":\"2026-04-15T00:03:37+00:00\",\"description\":\"Meerestier Kinderpool \u2013 Aufblasbarer Pool \u00d81,5 m \u00d7 38 cm\u00a0 Der Meerestier-Pool ist ideal f\u00fcr Kinder ab 3 Jahren, die an warmen Sommertagen sicher im Garten plans\",\"breadcrumb\":{\"@id\":\"https:\\\/\\\/schweizversand.ch\\\/fr\\\/produkt\\\/jilong-meerestier-pool\\\/#breadcrumb\"},\"inLanguage\":\"fr-FR\",\"potentialAction\":[{\"@type\":\"ReadAction\",\"target\":[\"https:\\\/\\\/schweizversand.ch\\\/fr\\\/produkt\\\/jilong-meerestier-pool\\\/\"]}]},{\"@type\":\"ImageObject\",\"inLanguage\":\"fr-FR\",\"@id\":\"https:\\\/\\\/schweizversand.ch\\\/fr\\\/produkt\\\/jilong-meerestier-pool\\\/#primaryimage\",\"url\":\"https:\\\/\\\/schweizversand.ch\\\/wp-content\\\/uploads\\\/2026\\\/04\\\/5471973643.png\",\"contentUrl\":\"https:\\\/\\\/schweizversand.ch\\\/wp-content\\\/uploads\\\/2026\\\/04\\\/5471973643.png\",\"width\":1024,\"height\":1024},{\"@type\":\"BreadcrumbList\",\"@id\":\"https:\\\/\\\/schweizversand.ch\\\/fr\\\/produkt\\\/jilong-meerestier-pool\\\/#breadcrumb\",\"itemListElement\":[{\"@type\":\"ListItem\",\"position\":1,\"name\":\"Startseite\",\"item\":\"https:\\\/\\\/schweizversand.ch\\\/fr\\\/\"},{\"@type\":\"ListItem\",\"position\":2,\"name\":\"Boutique\",\"item\":\"https:\\\/\\\/schweizversand.ch\\\/fr\\\/boutique\\\/\"},{\"@type\":\"ListItem\",\"position\":3,\"name\":\"Pool\",\"item\":\"https:\\\/\\\/schweizversand.ch\\\/fr\\\/produkt-kategorie\\\/pool\\\/\"},{\"@type\":\"ListItem\",\"position\":4,\"name\":\"Piscine marine de Jilong\"}]},{\"@type\":\"WebSite\",\"@id\":\"https:\\\/\\\/schweizversand.ch\\\/fr\\\/#website\",\"url\":\"https:\\\/\\\/schweizversand.ch\\\/fr\\\/\",\"name\":\"Schweizer Shop f\u00fcr Sport, Spiel und Freizeit\",\"description\":\"Gratisversand ab 50.- (netto), ab eigenem schweizer Lager, Lieferung innert 48h\",\"publisher\":{\"@id\":\"https:\\\/\\\/schweizversand.ch\\\/fr\\\/#organization\"},\"alternateName\":\"Schweizversand.ch\",\"potentialAction\":[{\"@type\":\"SearchAction\",\"target\":{\"@type\":\"EntryPoint\",\"urlTemplate\":\"https:\\\/\\\/schweizversand.ch\\\/fr\\\/?s={search_term_string}\"},\"query-input\":{\"@type\":\"PropertyValueSpecification\",\"valueRequired\":true,\"valueName\":\"search_term_string\"}}],\"inLanguage\":\"fr-FR\"},{\"@type\":\"Organization\",\"@id\":\"https:\\\/\\\/schweizversand.ch\\\/fr\\\/#organization\",\"name\":\"Schweizversand.ch\",\"url\":\"https:\\\/\\\/schweizversand.ch\\\/fr\\\/\",\"logo\":{\"@type\":\"ImageObject\",\"inLanguage\":\"fr-FR\",\"@id\":\"https:\\\/\\\/schweizversand.ch\\\/fr\\\/#\\\/schema\\\/logo\\\/image\\\/\",\"url\":\"https:\\\/\\\/schweizversand.ch\\\/wp-content\\\/uploads\\\/2026\\\/03\\\/Logo_Rund_Final-1.png\",\"contentUrl\":\"https:\\\/\\\/schweizversand.ch\\\/wp-content\\\/uploads\\\/2026\\\/03\\\/Logo_Rund_Final-1.png\",\"width\":404,\"height\":404,\"caption\":\"Schweizversand.ch\"},\"image\":{\"@id\":\"https:\\\/\\\/schweizversand.ch\\\/fr\\\/#\\\/schema\\\/logo\\\/image\\\/\"},\"sameAs\":[\"https:\\\/\\\/www.facebook.com\\\/Schweizversand\",\"https:\\\/\\\/www.instagram.com\\\/schweizversand.ch\\\/\"]}]}<\/script>\n<!-- \/ Yoast SEO plugin. -->","yoast_head_json":{"title":"Jilong Meerestier-Pool","description":"Meerestier Kinderpool \u2013 Aufblasbarer Pool \u00d81,5 m \u00d7 38 cm\u00a0 Der Meerestier-Pool ist ideal f\u00fcr Kinder ab 3 Jahren, die an warmen Sommertagen sicher im Garten plans","robots":{"index":"index","follow":"follow","max-snippet":"max-snippet:-1","max-image-preview":"max-image-preview:large","max-video-preview":"max-video-preview:-1"},"canonical":"https:\/\/schweizversand.ch\/fr\/produkt\/jilong-meerestier-pool\/","og_locale":"fr_FR","og_type":"article","og_title":"Jilong Meerestier-Pool","og_description":"Meerestier Kinderpool \u2013 Aufblasbarer Pool \u00d81,5 m \u00d7 38 cm\u00a0 Der Meerestier-Pool ist ideal f\u00fcr Kinder ab 3 Jahren, die an warmen Sommertagen sicher im Garten plans","og_url":"https:\/\/schweizversand.ch\/fr\/produkt\/jilong-meerestier-pool\/","og_site_name":"Schweizer Shop f\u00fcr Sport, Spiel und Freizeit","article_publisher":"https:\/\/www.facebook.com\/Schweizversand","article_modified_time":"2026-04-15T00:03:37+00:00","og_image":[{"width":1024,"height":1024,"url":"https:\/\/schweizversand.ch\/wp-content\/uploads\/2026\/04\/5471973643.png","type":"image\/png"}],"twitter_card":"summary_large_image","twitter_misc":{"Dur\u00e9e de lecture estim\u00e9e":"1 minute"},"schema":{"@context":"https:\/\/schema.org","@graph":[{"@type":"WebPage","@id":"https:\/\/schweizversand.ch\/fr\/produkt\/jilong-meerestier-pool\/","url":"https:\/\/schweizversand.ch\/fr\/produkt\/jilong-meerestier-pool\/","name":"Jilong Meerestier-Pool","isPartOf":{"@id":"https:\/\/schweizversand.ch\/fr\/#website"},"primaryImageOfPage":{"@id":"https:\/\/schweizversand.ch\/fr\/produkt\/jilong-meerestier-pool\/#primaryimage"},"image":{"@id":"https:\/\/schweizversand.ch\/fr\/produkt\/jilong-meerestier-pool\/#primaryimage"},"thumbnailUrl":"https:\/\/schweizversand.ch\/wp-content\/uploads\/2026\/04\/5471973643.png","datePublished":"2026-04-11T00:00:46+00:00","dateModified":"2026-04-15T00:03:37+00:00","description":"Meerestier Kinderpool \u2013 Aufblasbarer Pool \u00d81,5 m \u00d7 38 cm\u00a0 Der Meerestier-Pool ist ideal f\u00fcr Kinder ab 3 Jahren, die an warmen Sommertagen sicher im Garten plans","breadcrumb":{"@id":"https:\/\/schweizversand.ch\/fr\/produkt\/jilong-meerestier-pool\/#breadcrumb"},"inLanguage":"fr-FR","potentialAction":[{"@type":"ReadAction","target":["https:\/\/schweizversand.ch\/fr\/produkt\/jilong-meerestier-pool\/"]}]},{"@type":"ImageObject","inLanguage":"fr-FR","@id":"https:\/\/schweizversand.ch\/fr\/produkt\/jilong-meerestier-pool\/#primaryimage","url":"https:\/\/schweizversand.ch\/wp-content\/uploads\/2026\/04\/5471973643.png","contentUrl":"https:\/\/schweizversand.ch\/wp-content\/uploads\/2026\/04\/5471973643.png","width":1024,"height":1024},{"@type":"BreadcrumbList","@id":"https:\/\/schweizversand.ch\/fr\/produkt\/jilong-meerestier-pool\/#breadcrumb","itemListElement":[{"@type":"ListItem","position":1,"name":"Startseite","item":"https:\/\/schweizversand.ch\/fr\/"},{"@type":"ListItem","position":2,"name":"Boutique","item":"https:\/\/schweizversand.ch\/fr\/boutique\/"},{"@type":"ListItem","position":3,"name":"Pool","item":"https:\/\/schweizversand.ch\/fr\/produkt-kategorie\/pool\/"},{"@type":"ListItem","position":4,"name":"Piscine marine de Jilong"}]},{"@type":"WebSite","@id":"https:\/\/schweizversand.ch\/fr\/#website","url":"https:\/\/schweizversand.ch\/fr\/","name":"Schweizer Shop f\u00fcr Sport, Spiel und Freizeit","description":"Gratisversand ab 50.- (netto), ab eigenem schweizer Lager, Lieferung innert 48h","publisher":{"@id":"https:\/\/schweizversand.ch\/fr\/#organization"},"alternateName":"Schweizversand.ch","potentialAction":[{"@type":"SearchAction","target":{"@type":"EntryPoint","urlTemplate":"https:\/\/schweizversand.ch\/fr\/?s={search_term_string}"},"query-input":{"@type":"PropertyValueSpecification","valueRequired":true,"valueName":"search_term_string"}}],"inLanguage":"fr-FR"},{"@type":"Organization","@id":"https:\/\/schweizversand.ch\/fr\/#organization","name":"Schweizversand.ch","url":"https:\/\/schweizversand.ch\/fr\/","logo":{"@type":"ImageObject","inLanguage":"fr-FR","@id":"https:\/\/schweizversand.ch\/fr\/#\/schema\/logo\/image\/","url":"https:\/\/schweizversand.ch\/wp-content\/uploads\/2026\/03\/Logo_Rund_Final-1.png","contentUrl":"https:\/\/schweizversand.ch\/wp-content\/uploads\/2026\/03\/Logo_Rund_Final-1.png","width":404,"height":404,"caption":"Schweizversand.ch"},"image":{"@id":"https:\/\/schweizversand.ch\/fr\/#\/schema\/logo\/image\/"},"sameAs":["https:\/\/www.facebook.com\/Schweizversand","https:\/\/www.instagram.com\/schweizversand.ch\/"]}]}},"jetpack_sharing_enabled":true,"_links":{"self":[{"href":"https:\/\/schweizversand.ch\/fr\/wp-json\/wp\/v2\/product\/264510","targetHints":{"allow":["GET"]}}],"collection":[{"href":"https:\/\/schweizversand.ch\/fr\/wp-json\/wp\/v2\/product"}],"about":[{"href":"https:\/\/schweizversand.ch\/fr\/wp-json\/wp\/v2\/types\/product"}],"replies":[{"embeddable":true,"href":"https:\/\/schweizversand.ch\/fr\/wp-json\/wp\/v2\/comments?post=264510"}],"wp:featuredmedia":[{"embeddable":true,"href":"https:\/\/schweizversand.ch\/fr\/wp-json\/wp\/v2\/media\/266541"}],"wp:attachment":[{"href":"https:\/\/schweizversand.ch\/fr\/wp-json\/wp\/v2\/media?parent=264510"}],"wp:term":[{"taxonomy":"product_brand","embeddable":true,"href":"https:\/\/schweizversand.ch\/fr\/wp-json\/wp\/v2\/product_brand?post=264510"},{"taxonomy":"product_cat","embeddable":true,"href":"https:\/\/schweizversand.ch\/fr\/wp-json\/wp\/v2\/product_cat?post=264510"},{"taxonomy":"product_tag","embeddable":true,"href":"https:\/\/schweizversand.ch\/fr\/wp-json\/wp\/v2\/product_tag?post=264510"}],"curies":[{"name":"wp","href":"https:\/\/api.w.org\/{rel}","templated":true}]}}