{"id":264520,"date":"2026-04-11T02:00:46","date_gmt":"2026-04-11T00:00:46","guid":{"rendered":"https:\/\/schweizversand.ch\/produkt\/jilong-farbige-luftmatratze-2\/"},"modified":"2026-04-13T02:05:45","modified_gmt":"2026-04-13T00:05:45","slug":"jilong-farbige-luftmatratze","status":"publish","type":"product","link":"https:\/\/schweizversand.ch\/fr\/produkt\/jilong-farbige-luftmatratze\/","title":{"rendered":"Matelas gonflable color\u00e9 Jilong"},"content":{"rendered":"<div>Matelas gonflable aux motifs color\u00e9s<br \/>Le matelas gonflable color\u00e9 est le compagnon id\u00e9al de l&rsquo;\u00e9t\u00e9. Piscine, plage ou lac\u00a0: ces matelas \u00e9l\u00e9gants, mesurant 174 \u00d7 59 \u00d7 18\u00a0cm (gonfl\u00e9s), offrent un espace parfait pour se d\u00e9tendre sur l&rsquo;eau.<br \/>Design &amp; S\u00e9curit\u00e9<br \/>2 chambres \u00e0 air pour plus de s\u00e9curit\u00e9 et de stabilit\u00e9<br \/>Supporte jusqu&rsquo;\u00e0 80 kg<br \/>D\u00e9tails du produit<br \/>\u00c2ge recommand\u00e9\u00a0: 14 ans et plus<br \/>Dimensions (gonfl\u00e9)\u00a0: 174 \u00d7 59 \u00d7 18 cm<br \/>Dimensions (d\u00e9gonfl\u00e9)\u00a0: 183 \u00d7 69 cm<br \/>Charge maximale\u00a0: 80 kg<br \/>Contenu de la livraison\u00a0: Matelas gonflable + kit de r\u00e9paration<br \/>Certification\u00a0: Conforme \u00e0 la norme EN ISO 25649 (pour le march\u00e9 europ\u00e9en)<br \/>Points forts<br \/>Couleurs estivales tendance\u00a0: un atout pour la piscine ou la plage<br \/>Gonflage facile et rangement compact<br \/>Robuste, durable et s\u00fbr gr\u00e2ce \u00e0 ses 2 chambres \u00e0 air<br \/>Profitez de moments de d\u00e9tente dans l&rsquo;eau avec le matelas gonflable Color Air Mat. Pour l&rsquo;\u00e9t\u00e9\u00a0!<br \/>La couleur ne peut \u00eatre choisie. Les livraisons sont assorties dans la mesure du possible, jusqu&rsquo;\u00e0 \u00e9puisement des stocks.<br \/>Prix \u00e0 l&rsquo;unit\u00e9<\/p>\n<\/div>\n","protected":false},"excerpt":{"rendered":"<p>Jilong Farbige Luftmatratze bietet stylische Sommerfarben, hohe Stabilit\u00e4t dank 2 Luftkammern und Komfort mit 174\u00d759\u00d718 cm \u2013 ideal f\u00fcr Pool, Strand und See.<\/p>\n","protected":false},"featured_media":266571,"comment_status":"open","ping_status":"closed","template":"","meta":[],"product_brand":[],"product_cat":[39053],"product_tag":[],"class_list":{"0":"post-264520","1":"product","2":"type-product","3":"status-publish","4":"has-post-thumbnail","6":"product_cat-matelas-pneumatique","7":"product_shipping_class-global_methods","9":"first","10":"instock","11":"taxable","12":"shipping-taxable","13":"purchasable","14":"product-type-simple"},"yoast_head":"<!-- This site is optimized with the Yoast SEO plugin v27.3 - https:\/\/yoast.com\/product\/yoast-seo-wordpress\/ -->\n<title>Jilong Farbige Luftmatratze<\/title>\n<meta name=\"description\" content=\"Aufblasbare Luftmatratze in bunten Designs\u00a0 Die Farbige Luftmatratze ist der ideale Begleiter f\u00fcr den Sommer. Ob Pool, Strand oder See \u2013 die stylischen Luftmatr\" \/>\n<meta name=\"robots\" content=\"index, follow, max-snippet:-1, max-image-preview:large, max-video-preview:-1\" \/>\n<link rel=\"canonical\" href=\"https:\/\/schweizversand.ch\/fr\/produkt\/jilong-farbige-luftmatratze\/\" \/>\n<meta property=\"og:locale\" content=\"fr_FR\" \/>\n<meta property=\"og:type\" content=\"article\" \/>\n<meta property=\"og:title\" content=\"Jilong Farbige Luftmatratze\" \/>\n<meta property=\"og:description\" content=\"Aufblasbare Luftmatratze in bunten Designs\u00a0 Die Farbige Luftmatratze ist der ideale Begleiter f\u00fcr den Sommer. Ob Pool, Strand oder See \u2013 die stylischen Luftmatr\" \/>\n<meta property=\"og:url\" content=\"https:\/\/schweizversand.ch\/fr\/produkt\/jilong-farbige-luftmatratze\/\" \/>\n<meta property=\"og:site_name\" content=\"Schweizer Shop f\u00fcr Sport, Spiel und Freizeit\" \/>\n<meta property=\"article:publisher\" content=\"https:\/\/www.facebook.com\/Schweizversand\" \/>\n<meta property=\"article:modified_time\" content=\"2026-04-13T00:05:45+00:00\" \/>\n<meta property=\"og:image\" content=\"https:\/\/schweizversand.ch\/wp-content\/uploads\/2026\/04\/5471973202.png\" \/>\n\t<meta property=\"og:image:width\" content=\"1024\" \/>\n\t<meta property=\"og:image:height\" content=\"762\" \/>\n\t<meta property=\"og:image:type\" content=\"image\/png\" \/>\n<meta name=\"twitter:card\" content=\"summary_large_image\" \/>\n<meta name=\"twitter:label1\" content=\"Dur\u00e9e de lecture estim\u00e9e\" \/>\n\t<meta name=\"twitter:data1\" content=\"1 minute\" \/>\n<script type=\"application\/ld+json\" class=\"yoast-schema-graph\">{\"@context\":\"https:\\\/\\\/schema.org\",\"@graph\":[{\"@type\":\"WebPage\",\"@id\":\"https:\\\/\\\/schweizversand.ch\\\/fr\\\/produkt\\\/jilong-farbige-luftmatratze\\\/\",\"url\":\"https:\\\/\\\/schweizversand.ch\\\/fr\\\/produkt\\\/jilong-farbige-luftmatratze\\\/\",\"name\":\"Jilong Farbige Luftmatratze\",\"isPartOf\":{\"@id\":\"https:\\\/\\\/schweizversand.ch\\\/fr\\\/#website\"},\"primaryImageOfPage\":{\"@id\":\"https:\\\/\\\/schweizversand.ch\\\/fr\\\/produkt\\\/jilong-farbige-luftmatratze\\\/#primaryimage\"},\"image\":{\"@id\":\"https:\\\/\\\/schweizversand.ch\\\/fr\\\/produkt\\\/jilong-farbige-luftmatratze\\\/#primaryimage\"},\"thumbnailUrl\":\"https:\\\/\\\/schweizversand.ch\\\/wp-content\\\/uploads\\\/2026\\\/04\\\/5471973202.png\",\"datePublished\":\"2026-04-11T00:00:46+00:00\",\"dateModified\":\"2026-04-13T00:05:45+00:00\",\"description\":\"Aufblasbare Luftmatratze in bunten Designs\u00a0 Die Farbige Luftmatratze ist der ideale Begleiter f\u00fcr den Sommer. Ob Pool, Strand oder See \u2013 die stylischen Luftmatr\",\"breadcrumb\":{\"@id\":\"https:\\\/\\\/schweizversand.ch\\\/fr\\\/produkt\\\/jilong-farbige-luftmatratze\\\/#breadcrumb\"},\"inLanguage\":\"fr-FR\",\"potentialAction\":[{\"@type\":\"ReadAction\",\"target\":[\"https:\\\/\\\/schweizversand.ch\\\/fr\\\/produkt\\\/jilong-farbige-luftmatratze\\\/\"]}]},{\"@type\":\"ImageObject\",\"inLanguage\":\"fr-FR\",\"@id\":\"https:\\\/\\\/schweizversand.ch\\\/fr\\\/produkt\\\/jilong-farbige-luftmatratze\\\/#primaryimage\",\"url\":\"https:\\\/\\\/schweizversand.ch\\\/wp-content\\\/uploads\\\/2026\\\/04\\\/5471973202.png\",\"contentUrl\":\"https:\\\/\\\/schweizversand.ch\\\/wp-content\\\/uploads\\\/2026\\\/04\\\/5471973202.png\",\"width\":1024,\"height\":762},{\"@type\":\"BreadcrumbList\",\"@id\":\"https:\\\/\\\/schweizversand.ch\\\/fr\\\/produkt\\\/jilong-farbige-luftmatratze\\\/#breadcrumb\",\"itemListElement\":[{\"@type\":\"ListItem\",\"position\":1,\"name\":\"Startseite\",\"item\":\"https:\\\/\\\/schweizversand.ch\\\/fr\\\/\"},{\"@type\":\"ListItem\",\"position\":2,\"name\":\"Boutique\",\"item\":\"https:\\\/\\\/schweizversand.ch\\\/fr\\\/boutique\\\/\"},{\"@type\":\"ListItem\",\"position\":3,\"name\":\"Matelas gonflable color\u00e9 Jilong\"}]},{\"@type\":\"WebSite\",\"@id\":\"https:\\\/\\\/schweizversand.ch\\\/fr\\\/#website\",\"url\":\"https:\\\/\\\/schweizversand.ch\\\/fr\\\/\",\"name\":\"Schweizer Shop f\u00fcr Sport, Spiel und Freizeit\",\"description\":\"Gratisversand ab 50.- (netto), ab eigenem schweizer Lager, Lieferung innert 48h\",\"publisher\":{\"@id\":\"https:\\\/\\\/schweizversand.ch\\\/fr\\\/#organization\"},\"alternateName\":\"Schweizversand.ch\",\"potentialAction\":[{\"@type\":\"SearchAction\",\"target\":{\"@type\":\"EntryPoint\",\"urlTemplate\":\"https:\\\/\\\/schweizversand.ch\\\/fr\\\/?s={search_term_string}\"},\"query-input\":{\"@type\":\"PropertyValueSpecification\",\"valueRequired\":true,\"valueName\":\"search_term_string\"}}],\"inLanguage\":\"fr-FR\"},{\"@type\":\"Organization\",\"@id\":\"https:\\\/\\\/schweizversand.ch\\\/fr\\\/#organization\",\"name\":\"Schweizversand.ch\",\"url\":\"https:\\\/\\\/schweizversand.ch\\\/fr\\\/\",\"logo\":{\"@type\":\"ImageObject\",\"inLanguage\":\"fr-FR\",\"@id\":\"https:\\\/\\\/schweizversand.ch\\\/fr\\\/#\\\/schema\\\/logo\\\/image\\\/\",\"url\":\"https:\\\/\\\/schweizversand.ch\\\/wp-content\\\/uploads\\\/2026\\\/03\\\/Logo_Rund_Final-1.png\",\"contentUrl\":\"https:\\\/\\\/schweizversand.ch\\\/wp-content\\\/uploads\\\/2026\\\/03\\\/Logo_Rund_Final-1.png\",\"width\":404,\"height\":404,\"caption\":\"Schweizversand.ch\"},\"image\":{\"@id\":\"https:\\\/\\\/schweizversand.ch\\\/fr\\\/#\\\/schema\\\/logo\\\/image\\\/\"},\"sameAs\":[\"https:\\\/\\\/www.facebook.com\\\/Schweizversand\",\"https:\\\/\\\/www.instagram.com\\\/schweizversand.ch\\\/\"]}]}<\/script>\n<!-- \/ Yoast SEO plugin. -->","yoast_head_json":{"title":"Jilong Farbige Luftmatratze","description":"Aufblasbare Luftmatratze in bunten Designs\u00a0 Die Farbige Luftmatratze ist der ideale Begleiter f\u00fcr den Sommer. Ob Pool, Strand oder See \u2013 die stylischen Luftmatr","robots":{"index":"index","follow":"follow","max-snippet":"max-snippet:-1","max-image-preview":"max-image-preview:large","max-video-preview":"max-video-preview:-1"},"canonical":"https:\/\/schweizversand.ch\/fr\/produkt\/jilong-farbige-luftmatratze\/","og_locale":"fr_FR","og_type":"article","og_title":"Jilong Farbige Luftmatratze","og_description":"Aufblasbare Luftmatratze in bunten Designs\u00a0 Die Farbige Luftmatratze ist der ideale Begleiter f\u00fcr den Sommer. Ob Pool, Strand oder See \u2013 die stylischen Luftmatr","og_url":"https:\/\/schweizversand.ch\/fr\/produkt\/jilong-farbige-luftmatratze\/","og_site_name":"Schweizer Shop f\u00fcr Sport, Spiel und Freizeit","article_publisher":"https:\/\/www.facebook.com\/Schweizversand","article_modified_time":"2026-04-13T00:05:45+00:00","og_image":[{"width":1024,"height":762,"url":"https:\/\/schweizversand.ch\/wp-content\/uploads\/2026\/04\/5471973202.png","type":"image\/png"}],"twitter_card":"summary_large_image","twitter_misc":{"Dur\u00e9e de lecture estim\u00e9e":"1 minute"},"schema":{"@context":"https:\/\/schema.org","@graph":[{"@type":"WebPage","@id":"https:\/\/schweizversand.ch\/fr\/produkt\/jilong-farbige-luftmatratze\/","url":"https:\/\/schweizversand.ch\/fr\/produkt\/jilong-farbige-luftmatratze\/","name":"Jilong Farbige Luftmatratze","isPartOf":{"@id":"https:\/\/schweizversand.ch\/fr\/#website"},"primaryImageOfPage":{"@id":"https:\/\/schweizversand.ch\/fr\/produkt\/jilong-farbige-luftmatratze\/#primaryimage"},"image":{"@id":"https:\/\/schweizversand.ch\/fr\/produkt\/jilong-farbige-luftmatratze\/#primaryimage"},"thumbnailUrl":"https:\/\/schweizversand.ch\/wp-content\/uploads\/2026\/04\/5471973202.png","datePublished":"2026-04-11T00:00:46+00:00","dateModified":"2026-04-13T00:05:45+00:00","description":"Aufblasbare Luftmatratze in bunten Designs\u00a0 Die Farbige Luftmatratze ist der ideale Begleiter f\u00fcr den Sommer. Ob Pool, Strand oder See \u2013 die stylischen Luftmatr","breadcrumb":{"@id":"https:\/\/schweizversand.ch\/fr\/produkt\/jilong-farbige-luftmatratze\/#breadcrumb"},"inLanguage":"fr-FR","potentialAction":[{"@type":"ReadAction","target":["https:\/\/schweizversand.ch\/fr\/produkt\/jilong-farbige-luftmatratze\/"]}]},{"@type":"ImageObject","inLanguage":"fr-FR","@id":"https:\/\/schweizversand.ch\/fr\/produkt\/jilong-farbige-luftmatratze\/#primaryimage","url":"https:\/\/schweizversand.ch\/wp-content\/uploads\/2026\/04\/5471973202.png","contentUrl":"https:\/\/schweizversand.ch\/wp-content\/uploads\/2026\/04\/5471973202.png","width":1024,"height":762},{"@type":"BreadcrumbList","@id":"https:\/\/schweizversand.ch\/fr\/produkt\/jilong-farbige-luftmatratze\/#breadcrumb","itemListElement":[{"@type":"ListItem","position":1,"name":"Startseite","item":"https:\/\/schweizversand.ch\/fr\/"},{"@type":"ListItem","position":2,"name":"Boutique","item":"https:\/\/schweizversand.ch\/fr\/boutique\/"},{"@type":"ListItem","position":3,"name":"Matelas gonflable color\u00e9 Jilong"}]},{"@type":"WebSite","@id":"https:\/\/schweizversand.ch\/fr\/#website","url":"https:\/\/schweizversand.ch\/fr\/","name":"Schweizer Shop f\u00fcr Sport, Spiel und Freizeit","description":"Gratisversand ab 50.- (netto), ab eigenem schweizer Lager, Lieferung innert 48h","publisher":{"@id":"https:\/\/schweizversand.ch\/fr\/#organization"},"alternateName":"Schweizversand.ch","potentialAction":[{"@type":"SearchAction","target":{"@type":"EntryPoint","urlTemplate":"https:\/\/schweizversand.ch\/fr\/?s={search_term_string}"},"query-input":{"@type":"PropertyValueSpecification","valueRequired":true,"valueName":"search_term_string"}}],"inLanguage":"fr-FR"},{"@type":"Organization","@id":"https:\/\/schweizversand.ch\/fr\/#organization","name":"Schweizversand.ch","url":"https:\/\/schweizversand.ch\/fr\/","logo":{"@type":"ImageObject","inLanguage":"fr-FR","@id":"https:\/\/schweizversand.ch\/fr\/#\/schema\/logo\/image\/","url":"https:\/\/schweizversand.ch\/wp-content\/uploads\/2026\/03\/Logo_Rund_Final-1.png","contentUrl":"https:\/\/schweizversand.ch\/wp-content\/uploads\/2026\/03\/Logo_Rund_Final-1.png","width":404,"height":404,"caption":"Schweizversand.ch"},"image":{"@id":"https:\/\/schweizversand.ch\/fr\/#\/schema\/logo\/image\/"},"sameAs":["https:\/\/www.facebook.com\/Schweizversand","https:\/\/www.instagram.com\/schweizversand.ch\/"]}]}},"jetpack_sharing_enabled":true,"_links":{"self":[{"href":"https:\/\/schweizversand.ch\/fr\/wp-json\/wp\/v2\/product\/264520","targetHints":{"allow":["GET"]}}],"collection":[{"href":"https:\/\/schweizversand.ch\/fr\/wp-json\/wp\/v2\/product"}],"about":[{"href":"https:\/\/schweizversand.ch\/fr\/wp-json\/wp\/v2\/types\/product"}],"replies":[{"embeddable":true,"href":"https:\/\/schweizversand.ch\/fr\/wp-json\/wp\/v2\/comments?post=264520"}],"wp:featuredmedia":[{"embeddable":true,"href":"https:\/\/schweizversand.ch\/fr\/wp-json\/wp\/v2\/media\/266571"}],"wp:attachment":[{"href":"https:\/\/schweizversand.ch\/fr\/wp-json\/wp\/v2\/media?parent=264520"}],"wp:term":[{"taxonomy":"product_brand","embeddable":true,"href":"https:\/\/schweizversand.ch\/fr\/wp-json\/wp\/v2\/product_brand?post=264520"},{"taxonomy":"product_cat","embeddable":true,"href":"https:\/\/schweizversand.ch\/fr\/wp-json\/wp\/v2\/product_cat?post=264520"},{"taxonomy":"product_tag","embeddable":true,"href":"https:\/\/schweizversand.ch\/fr\/wp-json\/wp\/v2\/product_tag?post=264520"}],"curies":[{"name":"wp","href":"https:\/\/api.w.org\/{rel}","templated":true}]}}