{"id":264536,"date":"2026-04-11T02:00:47","date_gmt":"2026-04-11T00:00:47","guid":{"rendered":"https:\/\/schweizversand.ch\/produkt\/jilong-avenli-batteriebetriebene-luft-pumpe-2\/"},"modified":"2026-04-12T15:33:53","modified_gmt":"2026-04-12T13:33:53","slug":"jilong-avenli-batteriebetriebene-luft-pumpe-2","status":"publish","type":"product","link":"https:\/\/schweizversand.ch\/fr\/produkt\/jilong-avenli-batteriebetriebene-luft-pumpe-2\/","title":{"rendered":"Pompe \u00e0 air \u00e0 piles Jilong Avenli"},"content":{"rendered":"<div>Pompe \u00e0 air portable \u2013 Pompe \u00e0 piles pour pataugeoires, piscines et plus encore<br \/>D\u00e9gonflez facilement vos articles gonflables\u00a0! Gr\u00e2ce \u00e0 cette pompe \u00e0 air \u00e0 piles, vous pouvez gonfler vos articles gonflables pr\u00e9f\u00e9r\u00e9s en un rien de temps \u2013 aucune prise de courant n\u2019est n\u00e9cessaire. Que ce soit pour gonfler une pataugeoire, un matelas pneumatique, un bateau gonflable ou des jouets de piscine, cette pompe pratique est l&rsquo;accessoire id\u00e9al \u00e0 la maison comme en voyage. Petite, l\u00e9g\u00e8re et toujours \u00e0 port\u00e9e de main\u00a0: avec ses dimensions compactes de 13,5 x 10,5 x 10,5\u00a0cm, elle se glisse facilement dans un sac \u00e0 dos, une valise ou un sac \u2013 id\u00e9ale pour le camping, les voyages, les festivals, la plage ou la piscine. Points forts du produit\u00a0: \u2022 Pompe \u00e0 air \u00e0 piles pour gonfler et d\u00e9gonfler \u2022 Fonctionne partout \u2013 parfaite pour une utilisation int\u00e9rieure et ext\u00e9rieure. Utilisation ext\u00e9rieure\u00a0: \u2022 Fonctionne avec 4 piles D (LR20 \/ 1,5\u00a0V) \u2013 non incluses \u2022 3 adaptateurs pour la plupart des valves standard \u2022 Dimensions compactes\u00a0: 13,5 x 10,5 x 10,5\u00a0cm \u2022 Id\u00e9ale pour\u00a0: pataugeoires, piscines, matelas pneumatiques, jouets aquatiques\u2026 bateaux<\/p>\n<\/div>\n<div>Conseil\u00a0: Id\u00e9al comme accessoire de voyage, \u00e9quipement de camping ou aide pr\u00e9cieuse en voiture, cette pompe \u00e0 air portable vous fait gagner du temps, de la place et vous simplifie la vie\u00a0!<br \/>Remarque\u00a0: Piles non incluses. Pour un fonctionnement optimal, nous recommandons des piles de marque de haute qualit\u00e9.<\/p>\n<\/div>\n","protected":false},"excerpt":{"rendered":"<p>Jilong Avenli batteriebetriebene Luftpumpe pumpt Planschbecken, Pools &amp; mehr schnell auf \u2013 kompakt, mobil &amp; ohne Strom, ideal f\u00fcr Zuhause und unterwegs.<\/p>\n","protected":false},"featured_media":266704,"comment_status":"open","ping_status":"closed","template":"","meta":[],"product_brand":[],"product_cat":[39052],"product_tag":[],"class_list":{"0":"post-264536","1":"product","2":"type-product","3":"status-publish","4":"has-post-thumbnail","6":"product_cat-divers","7":"product_shipping_class-global_methods","9":"first","10":"instock","11":"taxable","12":"shipping-taxable","13":"purchasable","14":"product-type-simple"},"yoast_head":"<!-- This site is optimized with the Yoast SEO plugin v27.3 - https:\/\/yoast.com\/product\/yoast-seo-wordpress\/ -->\n<title>Jilong Avenli Batteriebetriebene Luft-Pumpe<\/title>\n<meta name=\"description\" content=\"Mobile Luftpumpe \u2013 Batteriebetriebene Pumpe f\u00fcr Planschbecken, Pools &amp; mehr\u00a0 Einfach mal Luft lassen! Mit dieser batteriebetriebenen Luftpumpe hast du deine auf\" \/>\n<meta name=\"robots\" content=\"index, follow, max-snippet:-1, max-image-preview:large, max-video-preview:-1\" \/>\n<link rel=\"canonical\" href=\"https:\/\/schweizversand.ch\/fr\/produkt\/jilong-avenli-batteriebetriebene-luft-pumpe-2\/\" \/>\n<meta property=\"og:locale\" content=\"fr_FR\" \/>\n<meta property=\"og:type\" content=\"article\" \/>\n<meta property=\"og:title\" content=\"Jilong Avenli Batteriebetriebene Luft-Pumpe\" \/>\n<meta property=\"og:description\" content=\"Mobile Luftpumpe \u2013 Batteriebetriebene Pumpe f\u00fcr Planschbecken, Pools &amp; mehr\u00a0 Einfach mal Luft lassen! Mit dieser batteriebetriebenen Luftpumpe hast du deine auf\" \/>\n<meta property=\"og:url\" content=\"https:\/\/schweizversand.ch\/fr\/produkt\/jilong-avenli-batteriebetriebene-luft-pumpe-2\/\" \/>\n<meta property=\"og:site_name\" content=\"Schweizer Shop f\u00fcr Sport, Spiel und Freizeit\" \/>\n<meta property=\"article:publisher\" content=\"https:\/\/www.facebook.com\/Schweizversand\" \/>\n<meta property=\"article:modified_time\" content=\"2026-04-12T13:33:53+00:00\" \/>\n<meta property=\"og:image\" content=\"https:\/\/schweizversand.ch\/wp-content\/uploads\/2026\/04\/5471969170-1.jpg\" \/>\n\t<meta property=\"og:image:width\" content=\"1024\" \/>\n\t<meta property=\"og:image:height\" content=\"1024\" \/>\n\t<meta property=\"og:image:type\" content=\"image\/jpeg\" \/>\n<meta name=\"twitter:card\" content=\"summary_large_image\" \/>\n<meta name=\"twitter:label1\" content=\"Dur\u00e9e de lecture estim\u00e9e\" \/>\n\t<meta name=\"twitter:data1\" content=\"1 minute\" \/>\n<script type=\"application\/ld+json\" class=\"yoast-schema-graph\">{\"@context\":\"https:\\\/\\\/schema.org\",\"@graph\":[{\"@type\":\"WebPage\",\"@id\":\"https:\\\/\\\/schweizversand.ch\\\/fr\\\/produkt\\\/jilong-avenli-batteriebetriebene-luft-pumpe-2\\\/\",\"url\":\"https:\\\/\\\/schweizversand.ch\\\/fr\\\/produkt\\\/jilong-avenli-batteriebetriebene-luft-pumpe-2\\\/\",\"name\":\"Jilong Avenli Batteriebetriebene Luft-Pumpe\",\"isPartOf\":{\"@id\":\"https:\\\/\\\/schweizversand.ch\\\/fr\\\/#website\"},\"primaryImageOfPage\":{\"@id\":\"https:\\\/\\\/schweizversand.ch\\\/fr\\\/produkt\\\/jilong-avenli-batteriebetriebene-luft-pumpe-2\\\/#primaryimage\"},\"image\":{\"@id\":\"https:\\\/\\\/schweizversand.ch\\\/fr\\\/produkt\\\/jilong-avenli-batteriebetriebene-luft-pumpe-2\\\/#primaryimage\"},\"thumbnailUrl\":\"https:\\\/\\\/schweizversand.ch\\\/wp-content\\\/uploads\\\/2026\\\/04\\\/5471969170-1.jpg\",\"datePublished\":\"2026-04-11T00:00:47+00:00\",\"dateModified\":\"2026-04-12T13:33:53+00:00\",\"description\":\"Mobile Luftpumpe \u2013 Batteriebetriebene Pumpe f\u00fcr Planschbecken, Pools & mehr\u00a0 Einfach mal Luft lassen! Mit dieser batteriebetriebenen Luftpumpe hast du deine auf\",\"breadcrumb\":{\"@id\":\"https:\\\/\\\/schweizversand.ch\\\/fr\\\/produkt\\\/jilong-avenli-batteriebetriebene-luft-pumpe-2\\\/#breadcrumb\"},\"inLanguage\":\"fr-FR\",\"potentialAction\":[{\"@type\":\"ReadAction\",\"target\":[\"https:\\\/\\\/schweizversand.ch\\\/fr\\\/produkt\\\/jilong-avenli-batteriebetriebene-luft-pumpe-2\\\/\"]}]},{\"@type\":\"ImageObject\",\"inLanguage\":\"fr-FR\",\"@id\":\"https:\\\/\\\/schweizversand.ch\\\/fr\\\/produkt\\\/jilong-avenli-batteriebetriebene-luft-pumpe-2\\\/#primaryimage\",\"url\":\"https:\\\/\\\/schweizversand.ch\\\/wp-content\\\/uploads\\\/2026\\\/04\\\/5471969170-1.jpg\",\"contentUrl\":\"https:\\\/\\\/schweizversand.ch\\\/wp-content\\\/uploads\\\/2026\\\/04\\\/5471969170-1.jpg\",\"width\":1024,\"height\":1024},{\"@type\":\"BreadcrumbList\",\"@id\":\"https:\\\/\\\/schweizversand.ch\\\/fr\\\/produkt\\\/jilong-avenli-batteriebetriebene-luft-pumpe-2\\\/#breadcrumb\",\"itemListElement\":[{\"@type\":\"ListItem\",\"position\":1,\"name\":\"Startseite\",\"item\":\"https:\\\/\\\/schweizversand.ch\\\/fr\\\/\"},{\"@type\":\"ListItem\",\"position\":2,\"name\":\"Boutique\",\"item\":\"https:\\\/\\\/schweizversand.ch\\\/fr\\\/boutique\\\/\"},{\"@type\":\"ListItem\",\"position\":3,\"name\":\"Pompe \u00e0 air \u00e0 piles Jilong Avenli\"}]},{\"@type\":\"WebSite\",\"@id\":\"https:\\\/\\\/schweizversand.ch\\\/fr\\\/#website\",\"url\":\"https:\\\/\\\/schweizversand.ch\\\/fr\\\/\",\"name\":\"Schweizer Shop f\u00fcr Sport, Spiel und Freizeit\",\"description\":\"Gratisversand ab 50.- (netto), ab eigenem schweizer Lager, Lieferung innert 48h\",\"publisher\":{\"@id\":\"https:\\\/\\\/schweizversand.ch\\\/fr\\\/#organization\"},\"alternateName\":\"Schweizversand.ch\",\"potentialAction\":[{\"@type\":\"SearchAction\",\"target\":{\"@type\":\"EntryPoint\",\"urlTemplate\":\"https:\\\/\\\/schweizversand.ch\\\/fr\\\/?s={search_term_string}\"},\"query-input\":{\"@type\":\"PropertyValueSpecification\",\"valueRequired\":true,\"valueName\":\"search_term_string\"}}],\"inLanguage\":\"fr-FR\"},{\"@type\":\"Organization\",\"@id\":\"https:\\\/\\\/schweizversand.ch\\\/fr\\\/#organization\",\"name\":\"Schweizversand.ch\",\"url\":\"https:\\\/\\\/schweizversand.ch\\\/fr\\\/\",\"logo\":{\"@type\":\"ImageObject\",\"inLanguage\":\"fr-FR\",\"@id\":\"https:\\\/\\\/schweizversand.ch\\\/fr\\\/#\\\/schema\\\/logo\\\/image\\\/\",\"url\":\"https:\\\/\\\/schweizversand.ch\\\/wp-content\\\/uploads\\\/2026\\\/03\\\/Logo_Rund_Final-1.png\",\"contentUrl\":\"https:\\\/\\\/schweizversand.ch\\\/wp-content\\\/uploads\\\/2026\\\/03\\\/Logo_Rund_Final-1.png\",\"width\":404,\"height\":404,\"caption\":\"Schweizversand.ch\"},\"image\":{\"@id\":\"https:\\\/\\\/schweizversand.ch\\\/fr\\\/#\\\/schema\\\/logo\\\/image\\\/\"},\"sameAs\":[\"https:\\\/\\\/www.facebook.com\\\/Schweizversand\",\"https:\\\/\\\/www.instagram.com\\\/schweizversand.ch\\\/\"]}]}<\/script>\n<!-- \/ Yoast SEO plugin. -->","yoast_head_json":{"title":"Jilong Avenli Batteriebetriebene Luft-Pumpe","description":"Mobile Luftpumpe \u2013 Batteriebetriebene Pumpe f\u00fcr Planschbecken, Pools & mehr\u00a0 Einfach mal Luft lassen! Mit dieser batteriebetriebenen Luftpumpe hast du deine auf","robots":{"index":"index","follow":"follow","max-snippet":"max-snippet:-1","max-image-preview":"max-image-preview:large","max-video-preview":"max-video-preview:-1"},"canonical":"https:\/\/schweizversand.ch\/fr\/produkt\/jilong-avenli-batteriebetriebene-luft-pumpe-2\/","og_locale":"fr_FR","og_type":"article","og_title":"Jilong Avenli Batteriebetriebene Luft-Pumpe","og_description":"Mobile Luftpumpe \u2013 Batteriebetriebene Pumpe f\u00fcr Planschbecken, Pools & mehr\u00a0 Einfach mal Luft lassen! Mit dieser batteriebetriebenen Luftpumpe hast du deine auf","og_url":"https:\/\/schweizversand.ch\/fr\/produkt\/jilong-avenli-batteriebetriebene-luft-pumpe-2\/","og_site_name":"Schweizer Shop f\u00fcr Sport, Spiel und Freizeit","article_publisher":"https:\/\/www.facebook.com\/Schweizversand","article_modified_time":"2026-04-12T13:33:53+00:00","og_image":[{"width":1024,"height":1024,"url":"https:\/\/schweizversand.ch\/wp-content\/uploads\/2026\/04\/5471969170-1.jpg","type":"image\/jpeg"}],"twitter_card":"summary_large_image","twitter_misc":{"Dur\u00e9e de lecture estim\u00e9e":"1 minute"},"schema":{"@context":"https:\/\/schema.org","@graph":[{"@type":"WebPage","@id":"https:\/\/schweizversand.ch\/fr\/produkt\/jilong-avenli-batteriebetriebene-luft-pumpe-2\/","url":"https:\/\/schweizversand.ch\/fr\/produkt\/jilong-avenli-batteriebetriebene-luft-pumpe-2\/","name":"Jilong Avenli Batteriebetriebene Luft-Pumpe","isPartOf":{"@id":"https:\/\/schweizversand.ch\/fr\/#website"},"primaryImageOfPage":{"@id":"https:\/\/schweizversand.ch\/fr\/produkt\/jilong-avenli-batteriebetriebene-luft-pumpe-2\/#primaryimage"},"image":{"@id":"https:\/\/schweizversand.ch\/fr\/produkt\/jilong-avenli-batteriebetriebene-luft-pumpe-2\/#primaryimage"},"thumbnailUrl":"https:\/\/schweizversand.ch\/wp-content\/uploads\/2026\/04\/5471969170-1.jpg","datePublished":"2026-04-11T00:00:47+00:00","dateModified":"2026-04-12T13:33:53+00:00","description":"Mobile Luftpumpe \u2013 Batteriebetriebene Pumpe f\u00fcr Planschbecken, Pools & mehr\u00a0 Einfach mal Luft lassen! Mit dieser batteriebetriebenen Luftpumpe hast du deine auf","breadcrumb":{"@id":"https:\/\/schweizversand.ch\/fr\/produkt\/jilong-avenli-batteriebetriebene-luft-pumpe-2\/#breadcrumb"},"inLanguage":"fr-FR","potentialAction":[{"@type":"ReadAction","target":["https:\/\/schweizversand.ch\/fr\/produkt\/jilong-avenli-batteriebetriebene-luft-pumpe-2\/"]}]},{"@type":"ImageObject","inLanguage":"fr-FR","@id":"https:\/\/schweizversand.ch\/fr\/produkt\/jilong-avenli-batteriebetriebene-luft-pumpe-2\/#primaryimage","url":"https:\/\/schweizversand.ch\/wp-content\/uploads\/2026\/04\/5471969170-1.jpg","contentUrl":"https:\/\/schweizversand.ch\/wp-content\/uploads\/2026\/04\/5471969170-1.jpg","width":1024,"height":1024},{"@type":"BreadcrumbList","@id":"https:\/\/schweizversand.ch\/fr\/produkt\/jilong-avenli-batteriebetriebene-luft-pumpe-2\/#breadcrumb","itemListElement":[{"@type":"ListItem","position":1,"name":"Startseite","item":"https:\/\/schweizversand.ch\/fr\/"},{"@type":"ListItem","position":2,"name":"Boutique","item":"https:\/\/schweizversand.ch\/fr\/boutique\/"},{"@type":"ListItem","position":3,"name":"Pompe \u00e0 air \u00e0 piles Jilong Avenli"}]},{"@type":"WebSite","@id":"https:\/\/schweizversand.ch\/fr\/#website","url":"https:\/\/schweizversand.ch\/fr\/","name":"Schweizer Shop f\u00fcr Sport, Spiel und Freizeit","description":"Gratisversand ab 50.- (netto), ab eigenem schweizer Lager, Lieferung innert 48h","publisher":{"@id":"https:\/\/schweizversand.ch\/fr\/#organization"},"alternateName":"Schweizversand.ch","potentialAction":[{"@type":"SearchAction","target":{"@type":"EntryPoint","urlTemplate":"https:\/\/schweizversand.ch\/fr\/?s={search_term_string}"},"query-input":{"@type":"PropertyValueSpecification","valueRequired":true,"valueName":"search_term_string"}}],"inLanguage":"fr-FR"},{"@type":"Organization","@id":"https:\/\/schweizversand.ch\/fr\/#organization","name":"Schweizversand.ch","url":"https:\/\/schweizversand.ch\/fr\/","logo":{"@type":"ImageObject","inLanguage":"fr-FR","@id":"https:\/\/schweizversand.ch\/fr\/#\/schema\/logo\/image\/","url":"https:\/\/schweizversand.ch\/wp-content\/uploads\/2026\/03\/Logo_Rund_Final-1.png","contentUrl":"https:\/\/schweizversand.ch\/wp-content\/uploads\/2026\/03\/Logo_Rund_Final-1.png","width":404,"height":404,"caption":"Schweizversand.ch"},"image":{"@id":"https:\/\/schweizversand.ch\/fr\/#\/schema\/logo\/image\/"},"sameAs":["https:\/\/www.facebook.com\/Schweizversand","https:\/\/www.instagram.com\/schweizversand.ch\/"]}]}},"jetpack_sharing_enabled":true,"_links":{"self":[{"href":"https:\/\/schweizversand.ch\/fr\/wp-json\/wp\/v2\/product\/264536","targetHints":{"allow":["GET"]}}],"collection":[{"href":"https:\/\/schweizversand.ch\/fr\/wp-json\/wp\/v2\/product"}],"about":[{"href":"https:\/\/schweizversand.ch\/fr\/wp-json\/wp\/v2\/types\/product"}],"replies":[{"embeddable":true,"href":"https:\/\/schweizversand.ch\/fr\/wp-json\/wp\/v2\/comments?post=264536"}],"wp:featuredmedia":[{"embeddable":true,"href":"https:\/\/schweizversand.ch\/fr\/wp-json\/wp\/v2\/media\/266704"}],"wp:attachment":[{"href":"https:\/\/schweizversand.ch\/fr\/wp-json\/wp\/v2\/media?parent=264536"}],"wp:term":[{"taxonomy":"product_brand","embeddable":true,"href":"https:\/\/schweizversand.ch\/fr\/wp-json\/wp\/v2\/product_brand?post=264536"},{"taxonomy":"product_cat","embeddable":true,"href":"https:\/\/schweizversand.ch\/fr\/wp-json\/wp\/v2\/product_cat?post=264536"},{"taxonomy":"product_tag","embeddable":true,"href":"https:\/\/schweizversand.ch\/fr\/wp-json\/wp\/v2\/product_tag?post=264536"}],"curies":[{"name":"wp","href":"https:\/\/api.w.org\/{rel}","templated":true}]}}