{"id":264548,"date":"2026-04-11T02:00:47","date_gmt":"2026-04-11T00:00:47","guid":{"rendered":"https:\/\/schweizversand.ch\/produkt\/jilong-fusspumpe\/"},"modified":"2026-04-12T15:33:53","modified_gmt":"2026-04-12T13:33:53","slug":"jilong-fusspumpe","status":"publish","type":"product","link":"https:\/\/schweizversand.ch\/fr\/produkt\/jilong-fusspumpe\/","title":{"rendered":"Pompe \u00e0 pied Jilong"},"content":{"rendered":"<p>La pompe \u00e0 pied Jilong, d&rsquo;une capacit\u00e9 de 2 litres, est un outil polyvalent et pratique pour gonfler et d\u00e9gonfler en toutes circonstances. Elle permet de gonfler ou d\u00e9gonfler rapidement et facilement des objets gonflables. Simple d&rsquo;utilisation et polyvalente, elle est id\u00e9ale pour les activit\u00e9s de plein air comme pour un usage domestique.<\/p>\n<\/p>\n<p>Voici ses principales caract\u00e9ristiques\u00a0:<\/p>\n<\/p>\n<p>Caract\u00e9ristiques\u00a0:<\/p>\n<\/p>\n<p>\u2022 Utilisation polyvalente\u00a0: Cette pompe \u00e0 pied est id\u00e9ale pour la plage, le camping, les festivals, les colonies de vacances, les vacances ou votre jardin. Elle convient \u00e0 une grande vari\u00e9t\u00e9 d&rsquo;objets gonflables.<\/p>\n<\/p>\n<p>\u2022 Facile \u00e0 utiliser\u00a0: Robuste et l\u00e9g\u00e8re, cette pompe \u00e0 air est fabriqu\u00e9e en plastique de haute qualit\u00e9 et en PVC r\u00e9sistant aux d\u00e9chirures. Elle fonctionne simplement avec le pied et est pr\u00eate \u00e0 l&#8217;emploi imm\u00e9diatement, sans n\u00e9cessiter de prise \u00e9lectrique.<\/p>\n<\/p>\n<p>\u2022 Raccords pratiques\u00a0: La pompe \u00e0 pied est dot\u00e9e d&rsquo;une base et de repose-pieds robustes, ainsi que de raccords pratiques pour gonfler et d\u00e9gonfler divers objets gonflables. Cela permet de gonfler et de ranger facilement des produits gonflables tels que des porteurs gonflables, des matelas pneumatiques, des lits gonflables, des piscines, des pataugeoires, des jouets et des petits bateaux.<\/p>\n<\/p>\n<p>\u2022 Tuyau d&rsquo;air inclus\u00a0: Un tuyau d&rsquo;air est fourni, ce qui simplifie encore plus l&rsquo;utilisation de la pompe.<\/p>\n<\/p>\n<p>\u2022 L\u00e9g\u00e8re et compacte\u00a0: La pompe \u00e0 pied est l\u00e9g\u00e8re et compacte une fois rang\u00e9e, ce qui la rend id\u00e9ale pour les voyages.<\/p>\n<\/p>\n<p>\u2022 Adaptateurs pour valves courantes\u00a0: La pompe est fournie avec deux adaptateurs compatibles avec les valves courantes, garantissant une utilisation polyvalente.<\/p>\n","protected":false},"excerpt":{"rendered":"<p>Jilong Fusspumpe pumpt mit 2 Liter Leistung schnell und m\u00fchelos Luft auf oder ab \u2013 ideal f\u00fcr Strand, Camping und Zuhause. Vielseitig und einfach in der Handhabung.<\/p>\n","protected":false},"featured_media":266733,"comment_status":"open","ping_status":"closed","template":"","meta":[],"product_brand":[],"product_cat":[39052],"product_tag":[],"class_list":{"0":"post-264548","1":"product","2":"type-product","3":"status-publish","4":"has-post-thumbnail","6":"product_cat-divers","7":"product_shipping_class-global_methods","9":"first","10":"instock","11":"taxable","12":"shipping-taxable","13":"purchasable","14":"product-type-simple"},"yoast_head":"<!-- This site is optimized with the Yoast SEO plugin v27.3 - https:\/\/yoast.com\/product\/yoast-seo-wordpress\/ -->\n<title>Jilong Fusspumpe<\/title>\n<meta name=\"description\" content=\"Die Jilong Fusspumpe mit einer Pumpenleistung von 2 Litern ist ein vielseitiges und praktisches Werkzeug f\u00fcr das Aufpumpen und Ablassen von Luft in verschiedene\" \/>\n<meta name=\"robots\" content=\"index, follow, max-snippet:-1, max-image-preview:large, max-video-preview:-1\" \/>\n<link rel=\"canonical\" href=\"https:\/\/schweizversand.ch\/fr\/produkt\/jilong-fusspumpe\/\" \/>\n<meta property=\"og:locale\" content=\"fr_FR\" \/>\n<meta property=\"og:type\" content=\"article\" \/>\n<meta property=\"og:title\" content=\"Jilong Fusspumpe\" \/>\n<meta property=\"og:description\" content=\"Die Jilong Fusspumpe mit einer Pumpenleistung von 2 Litern ist ein vielseitiges und praktisches Werkzeug f\u00fcr das Aufpumpen und Ablassen von Luft in verschiedene\" \/>\n<meta property=\"og:url\" content=\"https:\/\/schweizversand.ch\/fr\/produkt\/jilong-fusspumpe\/\" \/>\n<meta property=\"og:site_name\" content=\"Schweizer Shop f\u00fcr Sport, Spiel und Freizeit\" \/>\n<meta property=\"article:publisher\" content=\"https:\/\/www.facebook.com\/Schweizversand\" \/>\n<meta property=\"article:modified_time\" content=\"2026-04-12T13:33:53+00:00\" \/>\n<meta property=\"og:image\" content=\"https:\/\/schweizversand.ch\/wp-content\/uploads\/2026\/04\/5471481024-4.jpg\" \/>\n\t<meta property=\"og:image:width\" content=\"1024\" \/>\n\t<meta property=\"og:image:height\" content=\"1024\" \/>\n\t<meta property=\"og:image:type\" content=\"image\/jpeg\" \/>\n<meta name=\"twitter:card\" content=\"summary_large_image\" \/>\n<meta name=\"twitter:label1\" content=\"Dur\u00e9e de lecture estim\u00e9e\" \/>\n\t<meta name=\"twitter:data1\" content=\"1 minute\" \/>\n<script type=\"application\/ld+json\" class=\"yoast-schema-graph\">{\"@context\":\"https:\\\/\\\/schema.org\",\"@graph\":[{\"@type\":\"WebPage\",\"@id\":\"https:\\\/\\\/schweizversand.ch\\\/fr\\\/produkt\\\/jilong-fusspumpe\\\/\",\"url\":\"https:\\\/\\\/schweizversand.ch\\\/fr\\\/produkt\\\/jilong-fusspumpe\\\/\",\"name\":\"Jilong Fusspumpe\",\"isPartOf\":{\"@id\":\"https:\\\/\\\/schweizversand.ch\\\/fr\\\/#website\"},\"primaryImageOfPage\":{\"@id\":\"https:\\\/\\\/schweizversand.ch\\\/fr\\\/produkt\\\/jilong-fusspumpe\\\/#primaryimage\"},\"image\":{\"@id\":\"https:\\\/\\\/schweizversand.ch\\\/fr\\\/produkt\\\/jilong-fusspumpe\\\/#primaryimage\"},\"thumbnailUrl\":\"https:\\\/\\\/schweizversand.ch\\\/wp-content\\\/uploads\\\/2026\\\/04\\\/5471481024.jpg\",\"datePublished\":\"2026-04-11T00:00:47+00:00\",\"dateModified\":\"2026-04-12T13:33:53+00:00\",\"description\":\"Die Jilong Fusspumpe mit einer Pumpenleistung von 2 Litern ist ein vielseitiges und praktisches Werkzeug f\u00fcr das Aufpumpen und Ablassen von Luft in verschiedene\",\"breadcrumb\":{\"@id\":\"https:\\\/\\\/schweizversand.ch\\\/fr\\\/produkt\\\/jilong-fusspumpe\\\/#breadcrumb\"},\"inLanguage\":\"fr-FR\",\"potentialAction\":[{\"@type\":\"ReadAction\",\"target\":[\"https:\\\/\\\/schweizversand.ch\\\/fr\\\/produkt\\\/jilong-fusspumpe\\\/\"]}]},{\"@type\":\"ImageObject\",\"inLanguage\":\"fr-FR\",\"@id\":\"https:\\\/\\\/schweizversand.ch\\\/fr\\\/produkt\\\/jilong-fusspumpe\\\/#primaryimage\",\"url\":\"https:\\\/\\\/schweizversand.ch\\\/wp-content\\\/uploads\\\/2026\\\/04\\\/5471481024.jpg\",\"contentUrl\":\"https:\\\/\\\/schweizversand.ch\\\/wp-content\\\/uploads\\\/2026\\\/04\\\/5471481024.jpg\",\"width\":1024,\"height\":1024},{\"@type\":\"BreadcrumbList\",\"@id\":\"https:\\\/\\\/schweizversand.ch\\\/fr\\\/produkt\\\/jilong-fusspumpe\\\/#breadcrumb\",\"itemListElement\":[{\"@type\":\"ListItem\",\"position\":1,\"name\":\"Startseite\",\"item\":\"https:\\\/\\\/schweizversand.ch\\\/fr\\\/\"},{\"@type\":\"ListItem\",\"position\":2,\"name\":\"Boutique\",\"item\":\"https:\\\/\\\/schweizversand.ch\\\/fr\\\/boutique\\\/\"},{\"@type\":\"ListItem\",\"position\":3,\"name\":\"Pompe \u00e0 pied Jilong\"}]},{\"@type\":\"WebSite\",\"@id\":\"https:\\\/\\\/schweizversand.ch\\\/fr\\\/#website\",\"url\":\"https:\\\/\\\/schweizversand.ch\\\/fr\\\/\",\"name\":\"Schweizer Shop f\u00fcr Sport, Spiel und Freizeit\",\"description\":\"Gratisversand ab 50.- (netto), ab eigenem schweizer Lager, Lieferung innert 48h\",\"publisher\":{\"@id\":\"https:\\\/\\\/schweizversand.ch\\\/fr\\\/#organization\"},\"alternateName\":\"Schweizversand.ch\",\"potentialAction\":[{\"@type\":\"SearchAction\",\"target\":{\"@type\":\"EntryPoint\",\"urlTemplate\":\"https:\\\/\\\/schweizversand.ch\\\/fr\\\/?s={search_term_string}\"},\"query-input\":{\"@type\":\"PropertyValueSpecification\",\"valueRequired\":true,\"valueName\":\"search_term_string\"}}],\"inLanguage\":\"fr-FR\"},{\"@type\":\"Organization\",\"@id\":\"https:\\\/\\\/schweizversand.ch\\\/fr\\\/#organization\",\"name\":\"Schweizversand.ch\",\"url\":\"https:\\\/\\\/schweizversand.ch\\\/fr\\\/\",\"logo\":{\"@type\":\"ImageObject\",\"inLanguage\":\"fr-FR\",\"@id\":\"https:\\\/\\\/schweizversand.ch\\\/fr\\\/#\\\/schema\\\/logo\\\/image\\\/\",\"url\":\"https:\\\/\\\/schweizversand.ch\\\/wp-content\\\/uploads\\\/2026\\\/03\\\/Logo_Rund_Final-1.png\",\"contentUrl\":\"https:\\\/\\\/schweizversand.ch\\\/wp-content\\\/uploads\\\/2026\\\/03\\\/Logo_Rund_Final-1.png\",\"width\":404,\"height\":404,\"caption\":\"Schweizversand.ch\"},\"image\":{\"@id\":\"https:\\\/\\\/schweizversand.ch\\\/fr\\\/#\\\/schema\\\/logo\\\/image\\\/\"},\"sameAs\":[\"https:\\\/\\\/www.facebook.com\\\/Schweizversand\",\"https:\\\/\\\/www.instagram.com\\\/schweizversand.ch\\\/\"]}]}<\/script>\n<!-- \/ Yoast SEO plugin. -->","yoast_head_json":{"title":"Jilong Fusspumpe","description":"Die Jilong Fusspumpe mit einer Pumpenleistung von 2 Litern ist ein vielseitiges und praktisches Werkzeug f\u00fcr das Aufpumpen und Ablassen von Luft in verschiedene","robots":{"index":"index","follow":"follow","max-snippet":"max-snippet:-1","max-image-preview":"max-image-preview:large","max-video-preview":"max-video-preview:-1"},"canonical":"https:\/\/schweizversand.ch\/fr\/produkt\/jilong-fusspumpe\/","og_locale":"fr_FR","og_type":"article","og_title":"Jilong Fusspumpe","og_description":"Die Jilong Fusspumpe mit einer Pumpenleistung von 2 Litern ist ein vielseitiges und praktisches Werkzeug f\u00fcr das Aufpumpen und Ablassen von Luft in verschiedene","og_url":"https:\/\/schweizversand.ch\/fr\/produkt\/jilong-fusspumpe\/","og_site_name":"Schweizer Shop f\u00fcr Sport, Spiel und Freizeit","article_publisher":"https:\/\/www.facebook.com\/Schweizversand","article_modified_time":"2026-04-12T13:33:53+00:00","og_image":[{"width":1024,"height":1024,"url":"https:\/\/schweizversand.ch\/wp-content\/uploads\/2026\/04\/5471481024-4.jpg","type":"image\/jpeg"}],"twitter_card":"summary_large_image","twitter_misc":{"Dur\u00e9e de lecture estim\u00e9e":"1 minute"},"schema":{"@context":"https:\/\/schema.org","@graph":[{"@type":"WebPage","@id":"https:\/\/schweizversand.ch\/fr\/produkt\/jilong-fusspumpe\/","url":"https:\/\/schweizversand.ch\/fr\/produkt\/jilong-fusspumpe\/","name":"Jilong Fusspumpe","isPartOf":{"@id":"https:\/\/schweizversand.ch\/fr\/#website"},"primaryImageOfPage":{"@id":"https:\/\/schweizversand.ch\/fr\/produkt\/jilong-fusspumpe\/#primaryimage"},"image":{"@id":"https:\/\/schweizversand.ch\/fr\/produkt\/jilong-fusspumpe\/#primaryimage"},"thumbnailUrl":"https:\/\/schweizversand.ch\/wp-content\/uploads\/2026\/04\/5471481024.jpg","datePublished":"2026-04-11T00:00:47+00:00","dateModified":"2026-04-12T13:33:53+00:00","description":"Die Jilong Fusspumpe mit einer Pumpenleistung von 2 Litern ist ein vielseitiges und praktisches Werkzeug f\u00fcr das Aufpumpen und Ablassen von Luft in verschiedene","breadcrumb":{"@id":"https:\/\/schweizversand.ch\/fr\/produkt\/jilong-fusspumpe\/#breadcrumb"},"inLanguage":"fr-FR","potentialAction":[{"@type":"ReadAction","target":["https:\/\/schweizversand.ch\/fr\/produkt\/jilong-fusspumpe\/"]}]},{"@type":"ImageObject","inLanguage":"fr-FR","@id":"https:\/\/schweizversand.ch\/fr\/produkt\/jilong-fusspumpe\/#primaryimage","url":"https:\/\/schweizversand.ch\/wp-content\/uploads\/2026\/04\/5471481024.jpg","contentUrl":"https:\/\/schweizversand.ch\/wp-content\/uploads\/2026\/04\/5471481024.jpg","width":1024,"height":1024},{"@type":"BreadcrumbList","@id":"https:\/\/schweizversand.ch\/fr\/produkt\/jilong-fusspumpe\/#breadcrumb","itemListElement":[{"@type":"ListItem","position":1,"name":"Startseite","item":"https:\/\/schweizversand.ch\/fr\/"},{"@type":"ListItem","position":2,"name":"Boutique","item":"https:\/\/schweizversand.ch\/fr\/boutique\/"},{"@type":"ListItem","position":3,"name":"Pompe \u00e0 pied Jilong"}]},{"@type":"WebSite","@id":"https:\/\/schweizversand.ch\/fr\/#website","url":"https:\/\/schweizversand.ch\/fr\/","name":"Schweizer Shop f\u00fcr Sport, Spiel und Freizeit","description":"Gratisversand ab 50.- (netto), ab eigenem schweizer Lager, Lieferung innert 48h","publisher":{"@id":"https:\/\/schweizversand.ch\/fr\/#organization"},"alternateName":"Schweizversand.ch","potentialAction":[{"@type":"SearchAction","target":{"@type":"EntryPoint","urlTemplate":"https:\/\/schweizversand.ch\/fr\/?s={search_term_string}"},"query-input":{"@type":"PropertyValueSpecification","valueRequired":true,"valueName":"search_term_string"}}],"inLanguage":"fr-FR"},{"@type":"Organization","@id":"https:\/\/schweizversand.ch\/fr\/#organization","name":"Schweizversand.ch","url":"https:\/\/schweizversand.ch\/fr\/","logo":{"@type":"ImageObject","inLanguage":"fr-FR","@id":"https:\/\/schweizversand.ch\/fr\/#\/schema\/logo\/image\/","url":"https:\/\/schweizversand.ch\/wp-content\/uploads\/2026\/03\/Logo_Rund_Final-1.png","contentUrl":"https:\/\/schweizversand.ch\/wp-content\/uploads\/2026\/03\/Logo_Rund_Final-1.png","width":404,"height":404,"caption":"Schweizversand.ch"},"image":{"@id":"https:\/\/schweizversand.ch\/fr\/#\/schema\/logo\/image\/"},"sameAs":["https:\/\/www.facebook.com\/Schweizversand","https:\/\/www.instagram.com\/schweizversand.ch\/"]}]}},"jetpack_sharing_enabled":true,"_links":{"self":[{"href":"https:\/\/schweizversand.ch\/fr\/wp-json\/wp\/v2\/product\/264548","targetHints":{"allow":["GET"]}}],"collection":[{"href":"https:\/\/schweizversand.ch\/fr\/wp-json\/wp\/v2\/product"}],"about":[{"href":"https:\/\/schweizversand.ch\/fr\/wp-json\/wp\/v2\/types\/product"}],"replies":[{"embeddable":true,"href":"https:\/\/schweizversand.ch\/fr\/wp-json\/wp\/v2\/comments?post=264548"}],"wp:featuredmedia":[{"embeddable":true,"href":"https:\/\/schweizversand.ch\/fr\/wp-json\/wp\/v2\/media\/266733"}],"wp:attachment":[{"href":"https:\/\/schweizversand.ch\/fr\/wp-json\/wp\/v2\/media?parent=264548"}],"wp:term":[{"taxonomy":"product_brand","embeddable":true,"href":"https:\/\/schweizversand.ch\/fr\/wp-json\/wp\/v2\/product_brand?post=264548"},{"taxonomy":"product_cat","embeddable":true,"href":"https:\/\/schweizversand.ch\/fr\/wp-json\/wp\/v2\/product_cat?post=264548"},{"taxonomy":"product_tag","embeddable":true,"href":"https:\/\/schweizversand.ch\/fr\/wp-json\/wp\/v2\/product_tag?post=264548"}],"curies":[{"name":"wp","href":"https:\/\/api.w.org\/{rel}","templated":true}]}}