{"id":264615,"date":"2026-04-11T02:00:49","date_gmt":"2026-04-11T00:00:49","guid":{"rendered":"https:\/\/schweizversand.ch\/produkt\/jilong-schwimmring-papagei-tukan-2\/"},"modified":"2026-04-11T15:33:58","modified_gmt":"2026-04-11T13:33:58","slug":"jilong-schwimmring-papagei-tukan-3","status":"publish","type":"product","link":"https:\/\/schweizversand.ch\/fr\/produkt\/jilong-schwimmring-papagei-tukan-3\/","title":{"rendered":"Bou\u00e9e perroquet Jilong\/tocan"},"content":{"rendered":"<p>Plongez dans un monde de plaisir et d&rsquo;imagination avec notre bou\u00e9e gonflable, disponible en deux adorables motifs perroquet ou toucan !<\/p>\n<p>Cette bou\u00e9e offre non seulement un maximum de divertissement, mais stimule \u00e9galement l&rsquo;imagination et permet de passer des heures de d\u00e9tente dans l&rsquo;eau.<\/p>\n<p>L\u00e9g\u00e8re et pratique, cette bou\u00e9e est le compagnon id\u00e9al pour vos prochaines vacances au bord de l&rsquo;eau ou \u00e0 la piscine. Elle garantit \u00e0 votre enfant une participation en toute s\u00e9curit\u00e9 aux activit\u00e9s aquatiques, que ce soit en mer, au lac, en rivi\u00e8re ou \u00e0 la piscine.<\/p>\n<p>Fabriqu\u00e9e en PVC de haute qualit\u00e9, la bou\u00e9e se gonfle et se d\u00e9gonfle rapidement. Ce produit de qualit\u00e9 est fabriqu\u00e9 \u00e0 partir de mat\u00e9riaux s\u00fbrs et est sp\u00e9cialement con\u00e7u pour les enfants de 4 \u00e0 8 ans.<\/p>\n<p>Avec un diam\u00e8tre de 55 cm une fois gonfl\u00e9e, la bou\u00e9e offre une taille optimale pour les jeunes nageurs. Choisissez parmi deux adorables motifs : perroquet ou toucan.<\/p>\n<p>Attention : Cette bou\u00e9e ne convient pas aux enfants de moins de 3 ans. \u00c0 utiliser uniquement en eau peu profonde et sous la surveillance d&rsquo;un adulte.<\/p>\n<p>Mati\u00e8re : PVC<\/p>\n<p>Gonflage et d\u00e9gonflage rapides<\/p>\n<p>Con\u00e7u pour les enfants de 4 \u00e0 8 ans.<\/p>\n<p>Dimensions gonfl\u00e9es : \u00f850 cm<\/p>\n<p>2 mod\u00e8les : Perroquet ou Toucan<\/p>\n<p>Mati\u00e8re : PVC<\/p>\n<p>Gonflage et d\u00e9gonflage rapides <br \/>Mod\u00e8le al\u00e9atoire. Envoi al\u00e9atoire dans la limite des stocks disponibles.<\/p>\n<p>Prix unitaire<\/p>\n<p>Attention : Ne convient pas aux enfants de moins de 3 ans. \u00c0 utiliser uniquement en eau peu profonde sous la surveillance d&rsquo;un adulte.<\/p>\n","protected":false},"excerpt":{"rendered":"<p>Jilong Schwimmring Papagei\/Tukan bietet sicheren Badespa\u00df f\u00fcr Kinder 4-8 Jahre. Leicht, schnell aufblasbar und mit liebevollem Tierdesign f\u00fcr unvergessliche Wasserabenteuer.<\/p>\n","protected":false},"featured_media":266959,"comment_status":"open","ping_status":"closed","template":"","meta":[],"product_brand":[],"product_cat":[38641],"product_tag":[],"class_list":{"0":"post-264615","1":"product","2":"type-product","3":"status-publish","4":"has-post-thumbnail","6":"product_cat-natation-et-plongee","7":"product_shipping_class-global_methods","9":"first","10":"instock","11":"taxable","12":"shipping-taxable","13":"purchasable","14":"product-type-simple"},"yoast_head":"<!-- This site is optimized with the Yoast SEO plugin v27.3 - https:\/\/yoast.com\/product\/yoast-seo-wordpress\/ -->\n<title>Jilong Schwimmring Papagei\/Tukan<\/title>\n<meta name=\"description\" content=\"Tauchen Sie ein in eine Welt voller Spa\u00df und Fantasie mit unserem aufblasbaren Schwimmring, erh\u00e4ltlich mit entz\u00fcckendem Papagei-oder Tukan-Design!\u00a0 \u00a0\u00a0 Dieser S\" \/>\n<meta name=\"robots\" content=\"index, follow, max-snippet:-1, max-image-preview:large, max-video-preview:-1\" \/>\n<link rel=\"canonical\" href=\"https:\/\/schweizversand.ch\/fr\/produkt\/jilong-schwimmring-papagei-tukan-3\/\" \/>\n<meta property=\"og:locale\" content=\"fr_FR\" \/>\n<meta property=\"og:type\" content=\"article\" \/>\n<meta property=\"og:title\" content=\"Jilong Schwimmring Papagei\/Tukan\" \/>\n<meta property=\"og:description\" content=\"Tauchen Sie ein in eine Welt voller Spa\u00df und Fantasie mit unserem aufblasbaren Schwimmring, erh\u00e4ltlich mit entz\u00fcckendem Papagei-oder Tukan-Design!\u00a0 \u00a0\u00a0 Dieser S\" \/>\n<meta property=\"og:url\" content=\"https:\/\/schweizversand.ch\/fr\/produkt\/jilong-schwimmring-papagei-tukan-3\/\" \/>\n<meta property=\"og:site_name\" content=\"Schweizer Shop f\u00fcr Sport, Spiel und Freizeit\" \/>\n<meta property=\"article:publisher\" content=\"https:\/\/www.facebook.com\/Schweizversand\" \/>\n<meta property=\"article:modified_time\" content=\"2026-04-11T13:33:58+00:00\" \/>\n<meta property=\"og:image\" content=\"https:\/\/schweizversand.ch\/wp-content\/uploads\/2026\/04\/5471694830-1.jpg\" \/>\n\t<meta property=\"og:image:width\" content=\"1024\" \/>\n\t<meta property=\"og:image:height\" content=\"764\" \/>\n\t<meta property=\"og:image:type\" content=\"image\/jpeg\" \/>\n<meta name=\"twitter:card\" content=\"summary_large_image\" \/>\n<meta name=\"twitter:label1\" content=\"Dur\u00e9e de lecture estim\u00e9e\" \/>\n\t<meta name=\"twitter:data1\" content=\"1 minute\" \/>\n<script type=\"application\/ld+json\" class=\"yoast-schema-graph\">{\"@context\":\"https:\\\/\\\/schema.org\",\"@graph\":[{\"@type\":\"WebPage\",\"@id\":\"https:\\\/\\\/schweizversand.ch\\\/fr\\\/produkt\\\/jilong-schwimmring-papagei-tukan-3\\\/\",\"url\":\"https:\\\/\\\/schweizversand.ch\\\/fr\\\/produkt\\\/jilong-schwimmring-papagei-tukan-3\\\/\",\"name\":\"Jilong Schwimmring Papagei\\\/Tukan\",\"isPartOf\":{\"@id\":\"https:\\\/\\\/schweizversand.ch\\\/fr\\\/#website\"},\"primaryImageOfPage\":{\"@id\":\"https:\\\/\\\/schweizversand.ch\\\/fr\\\/produkt\\\/jilong-schwimmring-papagei-tukan-3\\\/#primaryimage\"},\"image\":{\"@id\":\"https:\\\/\\\/schweizversand.ch\\\/fr\\\/produkt\\\/jilong-schwimmring-papagei-tukan-3\\\/#primaryimage\"},\"thumbnailUrl\":\"https:\\\/\\\/schweizversand.ch\\\/wp-content\\\/uploads\\\/2026\\\/04\\\/5471694830.jpg\",\"datePublished\":\"2026-04-11T00:00:49+00:00\",\"dateModified\":\"2026-04-11T13:33:58+00:00\",\"description\":\"Tauchen Sie ein in eine Welt voller Spa\u00df und Fantasie mit unserem aufblasbaren Schwimmring, erh\u00e4ltlich mit entz\u00fcckendem Papagei-oder Tukan-Design!\u00a0 \u00a0\u00a0 Dieser S\",\"breadcrumb\":{\"@id\":\"https:\\\/\\\/schweizversand.ch\\\/fr\\\/produkt\\\/jilong-schwimmring-papagei-tukan-3\\\/#breadcrumb\"},\"inLanguage\":\"fr-FR\",\"potentialAction\":[{\"@type\":\"ReadAction\",\"target\":[\"https:\\\/\\\/schweizversand.ch\\\/fr\\\/produkt\\\/jilong-schwimmring-papagei-tukan-3\\\/\"]}]},{\"@type\":\"ImageObject\",\"inLanguage\":\"fr-FR\",\"@id\":\"https:\\\/\\\/schweizversand.ch\\\/fr\\\/produkt\\\/jilong-schwimmring-papagei-tukan-3\\\/#primaryimage\",\"url\":\"https:\\\/\\\/schweizversand.ch\\\/wp-content\\\/uploads\\\/2026\\\/04\\\/5471694830.jpg\",\"contentUrl\":\"https:\\\/\\\/schweizversand.ch\\\/wp-content\\\/uploads\\\/2026\\\/04\\\/5471694830.jpg\",\"width\":1024,\"height\":764},{\"@type\":\"BreadcrumbList\",\"@id\":\"https:\\\/\\\/schweizversand.ch\\\/fr\\\/produkt\\\/jilong-schwimmring-papagei-tukan-3\\\/#breadcrumb\",\"itemListElement\":[{\"@type\":\"ListItem\",\"position\":1,\"name\":\"Startseite\",\"item\":\"https:\\\/\\\/schweizversand.ch\\\/fr\\\/\"},{\"@type\":\"ListItem\",\"position\":2,\"name\":\"Boutique\",\"item\":\"https:\\\/\\\/schweizversand.ch\\\/fr\\\/boutique\\\/\"},{\"@type\":\"ListItem\",\"position\":3,\"name\":\"Bou\u00e9e perroquet Jilong\\\/tocan\"}]},{\"@type\":\"WebSite\",\"@id\":\"https:\\\/\\\/schweizversand.ch\\\/fr\\\/#website\",\"url\":\"https:\\\/\\\/schweizversand.ch\\\/fr\\\/\",\"name\":\"Schweizer Shop f\u00fcr Sport, Spiel und Freizeit\",\"description\":\"Gratisversand ab 50.- (netto), ab eigenem schweizer Lager, Lieferung innert 48h\",\"publisher\":{\"@id\":\"https:\\\/\\\/schweizversand.ch\\\/fr\\\/#organization\"},\"alternateName\":\"Schweizversand.ch\",\"potentialAction\":[{\"@type\":\"SearchAction\",\"target\":{\"@type\":\"EntryPoint\",\"urlTemplate\":\"https:\\\/\\\/schweizversand.ch\\\/fr\\\/?s={search_term_string}\"},\"query-input\":{\"@type\":\"PropertyValueSpecification\",\"valueRequired\":true,\"valueName\":\"search_term_string\"}}],\"inLanguage\":\"fr-FR\"},{\"@type\":\"Organization\",\"@id\":\"https:\\\/\\\/schweizversand.ch\\\/fr\\\/#organization\",\"name\":\"Schweizversand.ch\",\"url\":\"https:\\\/\\\/schweizversand.ch\\\/fr\\\/\",\"logo\":{\"@type\":\"ImageObject\",\"inLanguage\":\"fr-FR\",\"@id\":\"https:\\\/\\\/schweizversand.ch\\\/fr\\\/#\\\/schema\\\/logo\\\/image\\\/\",\"url\":\"https:\\\/\\\/schweizversand.ch\\\/wp-content\\\/uploads\\\/2026\\\/03\\\/Logo_Rund_Final-1.png\",\"contentUrl\":\"https:\\\/\\\/schweizversand.ch\\\/wp-content\\\/uploads\\\/2026\\\/03\\\/Logo_Rund_Final-1.png\",\"width\":404,\"height\":404,\"caption\":\"Schweizversand.ch\"},\"image\":{\"@id\":\"https:\\\/\\\/schweizversand.ch\\\/fr\\\/#\\\/schema\\\/logo\\\/image\\\/\"},\"sameAs\":[\"https:\\\/\\\/www.facebook.com\\\/Schweizversand\",\"https:\\\/\\\/www.instagram.com\\\/schweizversand.ch\\\/\"]}]}<\/script>\n<!-- \/ Yoast SEO plugin. -->","yoast_head_json":{"title":"Jilong Schwimmring Papagei\/Tukan","description":"Tauchen Sie ein in eine Welt voller Spa\u00df und Fantasie mit unserem aufblasbaren Schwimmring, erh\u00e4ltlich mit entz\u00fcckendem Papagei-oder Tukan-Design!\u00a0 \u00a0\u00a0 Dieser S","robots":{"index":"index","follow":"follow","max-snippet":"max-snippet:-1","max-image-preview":"max-image-preview:large","max-video-preview":"max-video-preview:-1"},"canonical":"https:\/\/schweizversand.ch\/fr\/produkt\/jilong-schwimmring-papagei-tukan-3\/","og_locale":"fr_FR","og_type":"article","og_title":"Jilong Schwimmring Papagei\/Tukan","og_description":"Tauchen Sie ein in eine Welt voller Spa\u00df und Fantasie mit unserem aufblasbaren Schwimmring, erh\u00e4ltlich mit entz\u00fcckendem Papagei-oder Tukan-Design!\u00a0 \u00a0\u00a0 Dieser S","og_url":"https:\/\/schweizversand.ch\/fr\/produkt\/jilong-schwimmring-papagei-tukan-3\/","og_site_name":"Schweizer Shop f\u00fcr Sport, Spiel und Freizeit","article_publisher":"https:\/\/www.facebook.com\/Schweizversand","article_modified_time":"2026-04-11T13:33:58+00:00","og_image":[{"width":1024,"height":764,"url":"https:\/\/schweizversand.ch\/wp-content\/uploads\/2026\/04\/5471694830-1.jpg","type":"image\/jpeg"}],"twitter_card":"summary_large_image","twitter_misc":{"Dur\u00e9e de lecture estim\u00e9e":"1 minute"},"schema":{"@context":"https:\/\/schema.org","@graph":[{"@type":"WebPage","@id":"https:\/\/schweizversand.ch\/fr\/produkt\/jilong-schwimmring-papagei-tukan-3\/","url":"https:\/\/schweizversand.ch\/fr\/produkt\/jilong-schwimmring-papagei-tukan-3\/","name":"Jilong Schwimmring Papagei\/Tukan","isPartOf":{"@id":"https:\/\/schweizversand.ch\/fr\/#website"},"primaryImageOfPage":{"@id":"https:\/\/schweizversand.ch\/fr\/produkt\/jilong-schwimmring-papagei-tukan-3\/#primaryimage"},"image":{"@id":"https:\/\/schweizversand.ch\/fr\/produkt\/jilong-schwimmring-papagei-tukan-3\/#primaryimage"},"thumbnailUrl":"https:\/\/schweizversand.ch\/wp-content\/uploads\/2026\/04\/5471694830.jpg","datePublished":"2026-04-11T00:00:49+00:00","dateModified":"2026-04-11T13:33:58+00:00","description":"Tauchen Sie ein in eine Welt voller Spa\u00df und Fantasie mit unserem aufblasbaren Schwimmring, erh\u00e4ltlich mit entz\u00fcckendem Papagei-oder Tukan-Design!\u00a0 \u00a0\u00a0 Dieser S","breadcrumb":{"@id":"https:\/\/schweizversand.ch\/fr\/produkt\/jilong-schwimmring-papagei-tukan-3\/#breadcrumb"},"inLanguage":"fr-FR","potentialAction":[{"@type":"ReadAction","target":["https:\/\/schweizversand.ch\/fr\/produkt\/jilong-schwimmring-papagei-tukan-3\/"]}]},{"@type":"ImageObject","inLanguage":"fr-FR","@id":"https:\/\/schweizversand.ch\/fr\/produkt\/jilong-schwimmring-papagei-tukan-3\/#primaryimage","url":"https:\/\/schweizversand.ch\/wp-content\/uploads\/2026\/04\/5471694830.jpg","contentUrl":"https:\/\/schweizversand.ch\/wp-content\/uploads\/2026\/04\/5471694830.jpg","width":1024,"height":764},{"@type":"BreadcrumbList","@id":"https:\/\/schweizversand.ch\/fr\/produkt\/jilong-schwimmring-papagei-tukan-3\/#breadcrumb","itemListElement":[{"@type":"ListItem","position":1,"name":"Startseite","item":"https:\/\/schweizversand.ch\/fr\/"},{"@type":"ListItem","position":2,"name":"Boutique","item":"https:\/\/schweizversand.ch\/fr\/boutique\/"},{"@type":"ListItem","position":3,"name":"Bou\u00e9e perroquet Jilong\/tocan"}]},{"@type":"WebSite","@id":"https:\/\/schweizversand.ch\/fr\/#website","url":"https:\/\/schweizversand.ch\/fr\/","name":"Schweizer Shop f\u00fcr Sport, Spiel und Freizeit","description":"Gratisversand ab 50.- (netto), ab eigenem schweizer Lager, Lieferung innert 48h","publisher":{"@id":"https:\/\/schweizversand.ch\/fr\/#organization"},"alternateName":"Schweizversand.ch","potentialAction":[{"@type":"SearchAction","target":{"@type":"EntryPoint","urlTemplate":"https:\/\/schweizversand.ch\/fr\/?s={search_term_string}"},"query-input":{"@type":"PropertyValueSpecification","valueRequired":true,"valueName":"search_term_string"}}],"inLanguage":"fr-FR"},{"@type":"Organization","@id":"https:\/\/schweizversand.ch\/fr\/#organization","name":"Schweizversand.ch","url":"https:\/\/schweizversand.ch\/fr\/","logo":{"@type":"ImageObject","inLanguage":"fr-FR","@id":"https:\/\/schweizversand.ch\/fr\/#\/schema\/logo\/image\/","url":"https:\/\/schweizversand.ch\/wp-content\/uploads\/2026\/03\/Logo_Rund_Final-1.png","contentUrl":"https:\/\/schweizversand.ch\/wp-content\/uploads\/2026\/03\/Logo_Rund_Final-1.png","width":404,"height":404,"caption":"Schweizversand.ch"},"image":{"@id":"https:\/\/schweizversand.ch\/fr\/#\/schema\/logo\/image\/"},"sameAs":["https:\/\/www.facebook.com\/Schweizversand","https:\/\/www.instagram.com\/schweizversand.ch\/"]}]}},"jetpack_sharing_enabled":true,"_links":{"self":[{"href":"https:\/\/schweizversand.ch\/fr\/wp-json\/wp\/v2\/product\/264615","targetHints":{"allow":["GET"]}}],"collection":[{"href":"https:\/\/schweizversand.ch\/fr\/wp-json\/wp\/v2\/product"}],"about":[{"href":"https:\/\/schweizversand.ch\/fr\/wp-json\/wp\/v2\/types\/product"}],"replies":[{"embeddable":true,"href":"https:\/\/schweizversand.ch\/fr\/wp-json\/wp\/v2\/comments?post=264615"}],"wp:featuredmedia":[{"embeddable":true,"href":"https:\/\/schweizversand.ch\/fr\/wp-json\/wp\/v2\/media\/266959"}],"wp:attachment":[{"href":"https:\/\/schweizversand.ch\/fr\/wp-json\/wp\/v2\/media?parent=264615"}],"wp:term":[{"taxonomy":"product_brand","embeddable":true,"href":"https:\/\/schweizversand.ch\/fr\/wp-json\/wp\/v2\/product_brand?post=264615"},{"taxonomy":"product_cat","embeddable":true,"href":"https:\/\/schweizversand.ch\/fr\/wp-json\/wp\/v2\/product_cat?post=264615"},{"taxonomy":"product_tag","embeddable":true,"href":"https:\/\/schweizversand.ch\/fr\/wp-json\/wp\/v2\/product_tag?post=264615"}],"curies":[{"name":"wp","href":"https:\/\/api.w.org\/{rel}","templated":true}]}}