{"id":267140,"date":"2026-04-12T02:00:17","date_gmt":"2026-04-12T00:00:17","guid":{"rendered":"https:\/\/schweizversand.ch\/produkt\/toitoys-vehicool-monster-truckset-big-foot\/"},"modified":"2026-04-21T15:33:26","modified_gmt":"2026-04-21T13:33:26","slug":"toitoys-vehicool-monster-truckset-big-foot","status":"publish","type":"product","link":"https:\/\/schweizversand.ch\/fr\/produkt\/toitoys-vehicool-monster-truckset-big-foot\/","title":{"rendered":"TOITOYS Coffret Monster Truck Vehicool Big Foot"},"content":{"rendered":"<p>Camion Monster Truck Big Foot de Vehicool \u2013 Des heures de jeu palpitantes pour les petits passionn\u00e9s de course<\/p>\n<p>Offrez \u00e0 votre enfant des heures d&rsquo;action et d&rsquo;aventure avec le camion Monster Truck Big Foot de Vehicool. Ces robustes monster trucks sont parfaits pour des courses endiabl\u00e9es, des cascades audacieuses et des jeux d&rsquo;imagination. Gr\u00e2ce \u00e0 leur conception solide, leurs gros pneus et leur plastique r\u00e9sistant, ils sont adapt\u00e9s \u00e0 tous les terrains, \u00e0 l&rsquo;int\u00e9rieur comme \u00e0 l&rsquo;ext\u00e9rieur.<\/p>\n<p>D\u00e8s 4 ans, les enfants d\u00e9velopperont leur cr\u00e9ativit\u00e9 et leur motricit\u00e9 avec ces camions. Leurs couleurs vives et leurs d\u00e9tails soign\u00e9s attirent tous les regards. Seul ou entre amis, le camion Monster Truck Big Foot de Vehicool garantit des heures d&rsquo;amusement et favorise les interactions sociales.<\/p>\n","protected":false},"excerpt":{"rendered":"<p>TOITOYS Vehicool Monster Truckset Big Foot begeistert mit robusten Trucks, gro\u00dfen Reifen und detailreichem Design f\u00fcr actionreiche Rennen und kreativen Spielspa\u00df ab 4 Jahren.<\/p>\n","protected":false},"featured_media":267144,"comment_status":"open","ping_status":"closed","template":"","meta":[],"product_brand":[],"product_cat":[38095],"product_tag":[],"class_list":{"0":"post-267140","1":"product","2":"type-product","3":"status-publish","4":"has-post-thumbnail","6":"product_cat-vehicules-miniatures","7":"product_shipping_class-global_methods","9":"first","10":"instock","11":"taxable","12":"shipping-taxable","13":"purchasable","14":"product-type-simple"},"yoast_head":"<!-- This site is optimized with the Yoast SEO plugin v27.4 - https:\/\/yoast.com\/product\/yoast-seo-wordpress\/ -->\n<title>TOITOYS Vehicool Monster Truckset Big Foot<\/title>\n<meta name=\"description\" content=\"Vehicool Monster Truckset Big Foot \u2013 Coole Spiel-Action f\u00fcr kleine Rennfans Mit dem Vehicool Monster Truckset Big Foot bringen Sie jede Menge Action und Abente\" \/>\n<meta name=\"robots\" content=\"index, follow, max-snippet:-1, max-image-preview:large, max-video-preview:-1\" \/>\n<link rel=\"canonical\" href=\"https:\/\/schweizversand.ch\/fr\/produkt\/toitoys-vehicool-monster-truckset-big-foot\/\" \/>\n<meta property=\"og:locale\" content=\"fr_FR\" \/>\n<meta property=\"og:type\" content=\"article\" \/>\n<meta property=\"og:title\" content=\"TOITOYS Vehicool Monster Truckset Big Foot\" \/>\n<meta property=\"og:description\" content=\"Vehicool Monster Truckset Big Foot \u2013 Coole Spiel-Action f\u00fcr kleine Rennfans Mit dem Vehicool Monster Truckset Big Foot bringen Sie jede Menge Action und Abente\" \/>\n<meta property=\"og:url\" content=\"https:\/\/schweizversand.ch\/fr\/produkt\/toitoys-vehicool-monster-truckset-big-foot\/\" \/>\n<meta property=\"og:site_name\" content=\"Schweizer Shop f\u00fcr Sport, Spiel und Freizeit\" \/>\n<meta property=\"article:publisher\" content=\"https:\/\/www.facebook.com\/Schweizversand\" \/>\n<meta property=\"article:modified_time\" content=\"2026-04-21T13:33:26+00:00\" \/>\n<meta name=\"twitter:card\" content=\"summary_large_image\" \/>\n<meta name=\"twitter:label1\" content=\"Dur\u00e9e de lecture estim\u00e9e\" \/>\n\t<meta name=\"twitter:data1\" content=\"1 minute\" \/>\n<script type=\"application\/ld+json\" class=\"yoast-schema-graph\">{\"@context\":\"https:\\\/\\\/schema.org\",\"@graph\":[{\"@type\":\"WebPage\",\"@id\":\"https:\\\/\\\/schweizversand.ch\\\/fr\\\/produkt\\\/toitoys-vehicool-monster-truckset-big-foot\\\/\",\"url\":\"https:\\\/\\\/schweizversand.ch\\\/fr\\\/produkt\\\/toitoys-vehicool-monster-truckset-big-foot\\\/\",\"name\":\"TOITOYS Vehicool Monster Truckset Big Foot\",\"isPartOf\":{\"@id\":\"https:\\\/\\\/schweizversand.ch\\\/fr\\\/#website\"},\"primaryImageOfPage\":{\"@id\":\"https:\\\/\\\/schweizversand.ch\\\/fr\\\/produkt\\\/toitoys-vehicool-monster-truckset-big-foot\\\/#primaryimage\"},\"image\":{\"@id\":\"https:\\\/\\\/schweizversand.ch\\\/fr\\\/produkt\\\/toitoys-vehicool-monster-truckset-big-foot\\\/#primaryimage\"},\"thumbnailUrl\":\"https:\\\/\\\/schweizversand.ch\\\/wp-content\\\/uploads\\\/2026\\\/04\\\/5471938618.jpg\",\"datePublished\":\"2026-04-12T00:00:17+00:00\",\"dateModified\":\"2026-04-21T13:33:26+00:00\",\"description\":\"Vehicool Monster Truckset Big Foot \u2013 Coole Spiel-Action f\u00fcr kleine Rennfans Mit dem Vehicool Monster Truckset Big Foot bringen Sie jede Menge Action und Abente\",\"breadcrumb\":{\"@id\":\"https:\\\/\\\/schweizversand.ch\\\/fr\\\/produkt\\\/toitoys-vehicool-monster-truckset-big-foot\\\/#breadcrumb\"},\"inLanguage\":\"fr-FR\",\"potentialAction\":[{\"@type\":\"ReadAction\",\"target\":[\"https:\\\/\\\/schweizversand.ch\\\/fr\\\/produkt\\\/toitoys-vehicool-monster-truckset-big-foot\\\/\"]}]},{\"@type\":\"ImageObject\",\"inLanguage\":\"fr-FR\",\"@id\":\"https:\\\/\\\/schweizversand.ch\\\/fr\\\/produkt\\\/toitoys-vehicool-monster-truckset-big-foot\\\/#primaryimage\",\"url\":\"https:\\\/\\\/schweizversand.ch\\\/wp-content\\\/uploads\\\/2026\\\/04\\\/5471938618.jpg\",\"contentUrl\":\"https:\\\/\\\/schweizversand.ch\\\/wp-content\\\/uploads\\\/2026\\\/04\\\/5471938618.jpg\",\"width\":1024,\"height\":1024},{\"@type\":\"BreadcrumbList\",\"@id\":\"https:\\\/\\\/schweizversand.ch\\\/fr\\\/produkt\\\/toitoys-vehicool-monster-truckset-big-foot\\\/#breadcrumb\",\"itemListElement\":[{\"@type\":\"ListItem\",\"position\":1,\"name\":\"Startseite\",\"item\":\"https:\\\/\\\/schweizversand.ch\\\/fr\\\/home\\\/\"},{\"@type\":\"ListItem\",\"position\":2,\"name\":\"Boutique\",\"item\":\"https:\\\/\\\/schweizversand.ch\\\/fr\\\/boutique\\\/\"},{\"@type\":\"ListItem\",\"position\":3,\"name\":\"Jouets et jeux\",\"item\":\"https:\\\/\\\/schweizversand.ch\\\/fr\\\/produkt-kategorie\\\/jouets-et-jeux\\\/\"},{\"@type\":\"ListItem\",\"position\":4,\"name\":\"V\u00e9hicules miniatures\",\"item\":\"https:\\\/\\\/schweizversand.ch\\\/fr\\\/produkt-kategorie\\\/jouets-et-jeux\\\/vehicules-miniatures\\\/\"},{\"@type\":\"ListItem\",\"position\":5,\"name\":\"TOITOYS Coffret Monster Truck Vehicool Big Foot\"}]},{\"@type\":\"WebSite\",\"@id\":\"https:\\\/\\\/schweizversand.ch\\\/fr\\\/#website\",\"url\":\"https:\\\/\\\/schweizversand.ch\\\/fr\\\/\",\"name\":\"Schweizer Shop f\u00fcr Sport, Spiel und Freizeit\",\"description\":\"Gratisversand ab 50.- (netto), ab eigenem schweizer Lager, Lieferung innert 48h\",\"publisher\":{\"@id\":\"https:\\\/\\\/schweizversand.ch\\\/fr\\\/#organization\"},\"alternateName\":\"Schweizversand.ch\",\"potentialAction\":[{\"@type\":\"SearchAction\",\"target\":{\"@type\":\"EntryPoint\",\"urlTemplate\":\"https:\\\/\\\/schweizversand.ch\\\/fr\\\/?s={search_term_string}\"},\"query-input\":{\"@type\":\"PropertyValueSpecification\",\"valueRequired\":true,\"valueName\":\"search_term_string\"}}],\"inLanguage\":\"fr-FR\"},{\"@type\":\"Organization\",\"@id\":\"https:\\\/\\\/schweizversand.ch\\\/fr\\\/#organization\",\"name\":\"Schweizversand.ch\",\"url\":\"https:\\\/\\\/schweizversand.ch\\\/fr\\\/\",\"logo\":{\"@type\":\"ImageObject\",\"inLanguage\":\"fr-FR\",\"@id\":\"https:\\\/\\\/schweizversand.ch\\\/fr\\\/#\\\/schema\\\/logo\\\/image\\\/\",\"url\":\"https:\\\/\\\/schweizversand.ch\\\/wp-content\\\/uploads\\\/2026\\\/03\\\/Logo_Rund_Final-1.png\",\"contentUrl\":\"https:\\\/\\\/schweizversand.ch\\\/wp-content\\\/uploads\\\/2026\\\/03\\\/Logo_Rund_Final-1.png\",\"width\":404,\"height\":404,\"caption\":\"Schweizversand.ch\"},\"image\":{\"@id\":\"https:\\\/\\\/schweizversand.ch\\\/fr\\\/#\\\/schema\\\/logo\\\/image\\\/\"},\"sameAs\":[\"https:\\\/\\\/www.facebook.com\\\/Schweizversand\",\"https:\\\/\\\/www.instagram.com\\\/schweizversand.ch\\\/\"]}]}<\/script>\n<!-- \/ Yoast SEO plugin. -->","yoast_head_json":{"title":"TOITOYS Vehicool Monster Truckset Big Foot","description":"Vehicool Monster Truckset Big Foot \u2013 Coole Spiel-Action f\u00fcr kleine Rennfans Mit dem Vehicool Monster Truckset Big Foot bringen Sie jede Menge Action und Abente","robots":{"index":"index","follow":"follow","max-snippet":"max-snippet:-1","max-image-preview":"max-image-preview:large","max-video-preview":"max-video-preview:-1"},"canonical":"https:\/\/schweizversand.ch\/fr\/produkt\/toitoys-vehicool-monster-truckset-big-foot\/","og_locale":"fr_FR","og_type":"article","og_title":"TOITOYS Vehicool Monster Truckset Big Foot","og_description":"Vehicool Monster Truckset Big Foot \u2013 Coole Spiel-Action f\u00fcr kleine Rennfans Mit dem Vehicool Monster Truckset Big Foot bringen Sie jede Menge Action und Abente","og_url":"https:\/\/schweizversand.ch\/fr\/produkt\/toitoys-vehicool-monster-truckset-big-foot\/","og_site_name":"Schweizer Shop f\u00fcr Sport, Spiel und Freizeit","article_publisher":"https:\/\/www.facebook.com\/Schweizversand","article_modified_time":"2026-04-21T13:33:26+00:00","twitter_card":"summary_large_image","twitter_misc":{"Dur\u00e9e de lecture estim\u00e9e":"1 minute"},"schema":{"@context":"https:\/\/schema.org","@graph":[{"@type":"WebPage","@id":"https:\/\/schweizversand.ch\/fr\/produkt\/toitoys-vehicool-monster-truckset-big-foot\/","url":"https:\/\/schweizversand.ch\/fr\/produkt\/toitoys-vehicool-monster-truckset-big-foot\/","name":"TOITOYS Vehicool Monster Truckset Big Foot","isPartOf":{"@id":"https:\/\/schweizversand.ch\/fr\/#website"},"primaryImageOfPage":{"@id":"https:\/\/schweizversand.ch\/fr\/produkt\/toitoys-vehicool-monster-truckset-big-foot\/#primaryimage"},"image":{"@id":"https:\/\/schweizversand.ch\/fr\/produkt\/toitoys-vehicool-monster-truckset-big-foot\/#primaryimage"},"thumbnailUrl":"https:\/\/schweizversand.ch\/wp-content\/uploads\/2026\/04\/5471938618.jpg","datePublished":"2026-04-12T00:00:17+00:00","dateModified":"2026-04-21T13:33:26+00:00","description":"Vehicool Monster Truckset Big Foot \u2013 Coole Spiel-Action f\u00fcr kleine Rennfans Mit dem Vehicool Monster Truckset Big Foot bringen Sie jede Menge Action und Abente","breadcrumb":{"@id":"https:\/\/schweizversand.ch\/fr\/produkt\/toitoys-vehicool-monster-truckset-big-foot\/#breadcrumb"},"inLanguage":"fr-FR","potentialAction":[{"@type":"ReadAction","target":["https:\/\/schweizversand.ch\/fr\/produkt\/toitoys-vehicool-monster-truckset-big-foot\/"]}]},{"@type":"ImageObject","inLanguage":"fr-FR","@id":"https:\/\/schweizversand.ch\/fr\/produkt\/toitoys-vehicool-monster-truckset-big-foot\/#primaryimage","url":"https:\/\/schweizversand.ch\/wp-content\/uploads\/2026\/04\/5471938618.jpg","contentUrl":"https:\/\/schweizversand.ch\/wp-content\/uploads\/2026\/04\/5471938618.jpg","width":1024,"height":1024},{"@type":"BreadcrumbList","@id":"https:\/\/schweizversand.ch\/fr\/produkt\/toitoys-vehicool-monster-truckset-big-foot\/#breadcrumb","itemListElement":[{"@type":"ListItem","position":1,"name":"Startseite","item":"https:\/\/schweizversand.ch\/fr\/home\/"},{"@type":"ListItem","position":2,"name":"Boutique","item":"https:\/\/schweizversand.ch\/fr\/boutique\/"},{"@type":"ListItem","position":3,"name":"Jouets et jeux","item":"https:\/\/schweizversand.ch\/fr\/produkt-kategorie\/jouets-et-jeux\/"},{"@type":"ListItem","position":4,"name":"V\u00e9hicules miniatures","item":"https:\/\/schweizversand.ch\/fr\/produkt-kategorie\/jouets-et-jeux\/vehicules-miniatures\/"},{"@type":"ListItem","position":5,"name":"TOITOYS Coffret Monster Truck Vehicool Big Foot"}]},{"@type":"WebSite","@id":"https:\/\/schweizversand.ch\/fr\/#website","url":"https:\/\/schweizversand.ch\/fr\/","name":"Schweizer Shop f\u00fcr Sport, Spiel und Freizeit","description":"Gratisversand ab 50.- (netto), ab eigenem schweizer Lager, Lieferung innert 48h","publisher":{"@id":"https:\/\/schweizversand.ch\/fr\/#organization"},"alternateName":"Schweizversand.ch","potentialAction":[{"@type":"SearchAction","target":{"@type":"EntryPoint","urlTemplate":"https:\/\/schweizversand.ch\/fr\/?s={search_term_string}"},"query-input":{"@type":"PropertyValueSpecification","valueRequired":true,"valueName":"search_term_string"}}],"inLanguage":"fr-FR"},{"@type":"Organization","@id":"https:\/\/schweizversand.ch\/fr\/#organization","name":"Schweizversand.ch","url":"https:\/\/schweizversand.ch\/fr\/","logo":{"@type":"ImageObject","inLanguage":"fr-FR","@id":"https:\/\/schweizversand.ch\/fr\/#\/schema\/logo\/image\/","url":"https:\/\/schweizversand.ch\/wp-content\/uploads\/2026\/03\/Logo_Rund_Final-1.png","contentUrl":"https:\/\/schweizversand.ch\/wp-content\/uploads\/2026\/03\/Logo_Rund_Final-1.png","width":404,"height":404,"caption":"Schweizversand.ch"},"image":{"@id":"https:\/\/schweizversand.ch\/fr\/#\/schema\/logo\/image\/"},"sameAs":["https:\/\/www.facebook.com\/Schweizversand","https:\/\/www.instagram.com\/schweizversand.ch\/"]}]}},"jetpack_sharing_enabled":true,"_links":{"self":[{"href":"https:\/\/schweizversand.ch\/fr\/wp-json\/wp\/v2\/product\/267140","targetHints":{"allow":["GET"]}}],"collection":[{"href":"https:\/\/schweizversand.ch\/fr\/wp-json\/wp\/v2\/product"}],"about":[{"href":"https:\/\/schweizversand.ch\/fr\/wp-json\/wp\/v2\/types\/product"}],"replies":[{"embeddable":true,"href":"https:\/\/schweizversand.ch\/fr\/wp-json\/wp\/v2\/comments?post=267140"}],"wp:featuredmedia":[{"embeddable":true,"href":"https:\/\/schweizversand.ch\/fr\/wp-json\/wp\/v2\/media\/267144"}],"wp:attachment":[{"href":"https:\/\/schweizversand.ch\/fr\/wp-json\/wp\/v2\/media?parent=267140"}],"wp:term":[{"taxonomy":"product_brand","embeddable":true,"href":"https:\/\/schweizversand.ch\/fr\/wp-json\/wp\/v2\/product_brand?post=267140"},{"taxonomy":"product_cat","embeddable":true,"href":"https:\/\/schweizversand.ch\/fr\/wp-json\/wp\/v2\/product_cat?post=267140"},{"taxonomy":"product_tag","embeddable":true,"href":"https:\/\/schweizversand.ch\/fr\/wp-json\/wp\/v2\/product_tag?post=267140"}],"curies":[{"name":"wp","href":"https:\/\/api.w.org\/{rel}","templated":true}]}}