{"id":267141,"date":"2026-04-12T02:00:39","date_gmt":"2026-04-12T00:00:39","guid":{"rendered":"https:\/\/schweizversand.ch\/produkt\/hudora-tischtennisnetz-portable\/"},"modified":"2026-04-22T15:35:28","modified_gmt":"2026-04-22T13:35:28","slug":"hudora-tischtennisnetz-portable","status":"publish","type":"product","link":"https:\/\/schweizversand.ch\/fr\/produkt\/hudora-tischtennisnetz-portable\/","title":{"rendered":"Filet de ping-pong Hudora pour table"},"content":{"rendered":"<p>Le filet de tennis de table portable HUDORA est la solution id\u00e9ale pour des parties improvis\u00e9es et comp\u00e9titives, m\u00eame en l&rsquo;absence d&rsquo;une table officielle.<\/p>\n<\/p>\n<p>Voici les d\u00e9tails de ce filet pratique\u00a0:<\/p>\n<\/p>\n<p>\u2022 Filet de tennis de table portable\u00a0: Gr\u00e2ce \u00e0 ce filet portable HUDORA, transformez presque n&rsquo;importe quelle table plane en table de ping-pong. Id\u00e9al pour des parties improvis\u00e9es en ext\u00e9rieur comme en int\u00e9rieur.<\/p>\n<\/p>\n<p>\u2022 Compatible avec diff\u00e9rentes tailles de table\u00a0: Ce filet convient aux plateaux de table jusqu&rsquo;\u00e0 160\u00a0cm de large et 5\u00a0cm d&rsquo;\u00e9paisseur. Il s&rsquo;adapte ainsi \u00e0 une grande vari\u00e9t\u00e9 de tables, que ce soit dans le jardin, sur le balcon ou \u00e0 l&rsquo;int\u00e9rieur.<\/p>\n<\/p>\n<p>\u2022 Installation et d\u00e9montage faciles\u00a0: Le filet s&rsquo;installe et se d\u00e9monte en quelques secondes. Passez ainsi rapidement d&rsquo;une table classique \u00e0 une table de ping-pong et inversement.<\/p>\n<\/p>\n<p>\u2022 Sac de transport inclus\u00a0: Le filet est fourni avec un sac de transport en tissu pour un rangement facile et un transport en toute s\u00e9curit\u00e9 entre les parties. Ce sac prot\u00e8ge le filet de la salet\u00e9.<\/p>\n<\/p>\n<p>\u2022 Poteaux de filet r\u00e9sistants\u00a0: Fabriqu\u00e9s en ABS durable, les poteaux du filet garantissent long\u00e9vit\u00e9 et stabilit\u00e9.<\/p>\n<\/p>\n<p>Le filet de ping-pong portable HUDORA est id\u00e9al pour jouer partout\u00a0: \u00e0 la maison, au jardin, \u00e0 la plage ou au parc. Pratique et flexible, il permet de s\u2019amuser et de faire de l\u2019exercice sans avoir besoin d\u2019une table de ping-pong.<\/p>\n","protected":false},"excerpt":{"rendered":"<p>HUDORA Tischtennisnetz porTable verwandelt jeden Tisch in Sekunden in eine Tischtennisplatte \u2013 mobil, vielseitig und schnell auf- und abbaubar f\u00fcr grenzenlosen Spielspa\u00df.<\/p>\n","protected":false},"featured_media":167452,"comment_status":"open","ping_status":"closed","template":"","meta":[],"product_brand":[],"product_cat":[39226],"product_tag":[],"class_list":{"0":"post-267141","1":"product","2":"type-product","3":"status-publish","4":"has-post-thumbnail","6":"product_cat-tischtennis","7":"product_shipping_class-global_methods","9":"first","10":"instock","11":"taxable","12":"shipping-taxable","13":"purchasable","14":"product-type-simple"},"yoast_head":"<!-- This site is optimized with the Yoast SEO plugin v27.4 - https:\/\/yoast.com\/product\/yoast-seo-wordpress\/ -->\n<title>Hudora Tischtennisnetz porTable<\/title>\n<meta name=\"description\" content=\"Das HUDORA Tischtennisnetz porTable ist die ideale L\u00f6sung, um spontane und sportliche Tischtennismatches zu erm\u00f6glichen, auch wenn keine offizielle Tischtennisp\" \/>\n<meta name=\"robots\" content=\"index, follow, max-snippet:-1, max-image-preview:large, max-video-preview:-1\" \/>\n<link rel=\"canonical\" href=\"https:\/\/schweizversand.ch\/fr\/produkt\/hudora-tischtennisnetz-portable\/\" \/>\n<meta property=\"og:locale\" content=\"fr_FR\" \/>\n<meta property=\"og:type\" content=\"article\" \/>\n<meta property=\"og:title\" content=\"Hudora Tischtennisnetz porTable\" \/>\n<meta property=\"og:description\" content=\"Das HUDORA Tischtennisnetz porTable ist die ideale L\u00f6sung, um spontane und sportliche Tischtennismatches zu erm\u00f6glichen, auch wenn keine offizielle Tischtennisp\" \/>\n<meta property=\"og:url\" content=\"https:\/\/schweizversand.ch\/fr\/produkt\/hudora-tischtennisnetz-portable\/\" \/>\n<meta property=\"og:site_name\" content=\"Schweizer Shop f\u00fcr Sport, Spiel und Freizeit\" \/>\n<meta property=\"article:publisher\" content=\"https:\/\/www.facebook.com\/Schweizversand\" \/>\n<meta property=\"article:modified_time\" content=\"2026-04-22T13:35:28+00:00\" \/>\n<meta name=\"twitter:card\" content=\"summary_large_image\" \/>\n<meta name=\"twitter:label1\" content=\"Dur\u00e9e de lecture estim\u00e9e\" \/>\n\t<meta name=\"twitter:data1\" content=\"1 minute\" \/>\n<script type=\"application\/ld+json\" class=\"yoast-schema-graph\">{\"@context\":\"https:\\\/\\\/schema.org\",\"@graph\":[{\"@type\":\"WebPage\",\"@id\":\"https:\\\/\\\/schweizversand.ch\\\/fr\\\/produkt\\\/hudora-tischtennisnetz-portable\\\/\",\"url\":\"https:\\\/\\\/schweizversand.ch\\\/fr\\\/produkt\\\/hudora-tischtennisnetz-portable\\\/\",\"name\":\"Hudora Tischtennisnetz porTable\",\"isPartOf\":{\"@id\":\"https:\\\/\\\/schweizversand.ch\\\/fr\\\/#website\"},\"primaryImageOfPage\":{\"@id\":\"https:\\\/\\\/schweizversand.ch\\\/fr\\\/produkt\\\/hudora-tischtennisnetz-portable\\\/#primaryimage\"},\"image\":{\"@id\":\"https:\\\/\\\/schweizversand.ch\\\/fr\\\/produkt\\\/hudora-tischtennisnetz-portable\\\/#primaryimage\"},\"thumbnailUrl\":\"https:\\\/\\\/schweizversand.ch\\\/wp-content\\\/uploads\\\/2026\\\/02\\\/5471528770.jpg\",\"datePublished\":\"2026-04-12T00:00:39+00:00\",\"dateModified\":\"2026-04-22T13:35:28+00:00\",\"description\":\"Das HUDORA Tischtennisnetz porTable ist die ideale L\u00f6sung, um spontane und sportliche Tischtennismatches zu erm\u00f6glichen, auch wenn keine offizielle Tischtennisp\",\"breadcrumb\":{\"@id\":\"https:\\\/\\\/schweizversand.ch\\\/fr\\\/produkt\\\/hudora-tischtennisnetz-portable\\\/#breadcrumb\"},\"inLanguage\":\"fr-FR\",\"potentialAction\":[{\"@type\":\"ReadAction\",\"target\":[\"https:\\\/\\\/schweizversand.ch\\\/fr\\\/produkt\\\/hudora-tischtennisnetz-portable\\\/\"]}]},{\"@type\":\"ImageObject\",\"inLanguage\":\"fr-FR\",\"@id\":\"https:\\\/\\\/schweizversand.ch\\\/fr\\\/produkt\\\/hudora-tischtennisnetz-portable\\\/#primaryimage\",\"url\":\"https:\\\/\\\/schweizversand.ch\\\/wp-content\\\/uploads\\\/2026\\\/02\\\/5471528770.jpg\",\"contentUrl\":\"https:\\\/\\\/schweizversand.ch\\\/wp-content\\\/uploads\\\/2026\\\/02\\\/5471528770.jpg\",\"width\":1024,\"height\":880},{\"@type\":\"BreadcrumbList\",\"@id\":\"https:\\\/\\\/schweizversand.ch\\\/fr\\\/produkt\\\/hudora-tischtennisnetz-portable\\\/#breadcrumb\",\"itemListElement\":[{\"@type\":\"ListItem\",\"position\":1,\"name\":\"Startseite\",\"item\":\"https:\\\/\\\/schweizversand.ch\\\/fr\\\/home\\\/\"},{\"@type\":\"ListItem\",\"position\":2,\"name\":\"Boutique\",\"item\":\"https:\\\/\\\/schweizversand.ch\\\/fr\\\/boutique\\\/\"},{\"@type\":\"ListItem\",\"position\":3,\"name\":\"Tischtennis\",\"item\":\"https:\\\/\\\/schweizversand.ch\\\/fr\\\/produkt-kategorie\\\/sports\\\/sports-de-balle-et-flechettes\\\/tischtennis\\\/\"},{\"@type\":\"ListItem\",\"position\":4,\"name\":\"Filet de ping-pong Hudora pour table\"}]},{\"@type\":\"WebSite\",\"@id\":\"https:\\\/\\\/schweizversand.ch\\\/fr\\\/#website\",\"url\":\"https:\\\/\\\/schweizversand.ch\\\/fr\\\/\",\"name\":\"Schweizer Shop f\u00fcr Sport, Spiel und Freizeit\",\"description\":\"Gratisversand ab 50.- (netto), ab eigenem schweizer Lager, Lieferung innert 48h\",\"publisher\":{\"@id\":\"https:\\\/\\\/schweizversand.ch\\\/fr\\\/#organization\"},\"alternateName\":\"Schweizversand.ch\",\"potentialAction\":[{\"@type\":\"SearchAction\",\"target\":{\"@type\":\"EntryPoint\",\"urlTemplate\":\"https:\\\/\\\/schweizversand.ch\\\/fr\\\/?s={search_term_string}\"},\"query-input\":{\"@type\":\"PropertyValueSpecification\",\"valueRequired\":true,\"valueName\":\"search_term_string\"}}],\"inLanguage\":\"fr-FR\"},{\"@type\":\"Organization\",\"@id\":\"https:\\\/\\\/schweizversand.ch\\\/fr\\\/#organization\",\"name\":\"Schweizversand.ch\",\"url\":\"https:\\\/\\\/schweizversand.ch\\\/fr\\\/\",\"logo\":{\"@type\":\"ImageObject\",\"inLanguage\":\"fr-FR\",\"@id\":\"https:\\\/\\\/schweizversand.ch\\\/fr\\\/#\\\/schema\\\/logo\\\/image\\\/\",\"url\":\"https:\\\/\\\/schweizversand.ch\\\/wp-content\\\/uploads\\\/2026\\\/03\\\/Logo_Rund_Final-1.png\",\"contentUrl\":\"https:\\\/\\\/schweizversand.ch\\\/wp-content\\\/uploads\\\/2026\\\/03\\\/Logo_Rund_Final-1.png\",\"width\":404,\"height\":404,\"caption\":\"Schweizversand.ch\"},\"image\":{\"@id\":\"https:\\\/\\\/schweizversand.ch\\\/fr\\\/#\\\/schema\\\/logo\\\/image\\\/\"},\"sameAs\":[\"https:\\\/\\\/www.facebook.com\\\/Schweizversand\",\"https:\\\/\\\/www.instagram.com\\\/schweizversand.ch\\\/\"]}]}<\/script>\n<!-- \/ Yoast SEO plugin. -->","yoast_head_json":{"title":"Hudora Tischtennisnetz porTable","description":"Das HUDORA Tischtennisnetz porTable ist die ideale L\u00f6sung, um spontane und sportliche Tischtennismatches zu erm\u00f6glichen, auch wenn keine offizielle Tischtennisp","robots":{"index":"index","follow":"follow","max-snippet":"max-snippet:-1","max-image-preview":"max-image-preview:large","max-video-preview":"max-video-preview:-1"},"canonical":"https:\/\/schweizversand.ch\/fr\/produkt\/hudora-tischtennisnetz-portable\/","og_locale":"fr_FR","og_type":"article","og_title":"Hudora Tischtennisnetz porTable","og_description":"Das HUDORA Tischtennisnetz porTable ist die ideale L\u00f6sung, um spontane und sportliche Tischtennismatches zu erm\u00f6glichen, auch wenn keine offizielle Tischtennisp","og_url":"https:\/\/schweizversand.ch\/fr\/produkt\/hudora-tischtennisnetz-portable\/","og_site_name":"Schweizer Shop f\u00fcr Sport, Spiel und Freizeit","article_publisher":"https:\/\/www.facebook.com\/Schweizversand","article_modified_time":"2026-04-22T13:35:28+00:00","twitter_card":"summary_large_image","twitter_misc":{"Dur\u00e9e de lecture estim\u00e9e":"1 minute"},"schema":{"@context":"https:\/\/schema.org","@graph":[{"@type":"WebPage","@id":"https:\/\/schweizversand.ch\/fr\/produkt\/hudora-tischtennisnetz-portable\/","url":"https:\/\/schweizversand.ch\/fr\/produkt\/hudora-tischtennisnetz-portable\/","name":"Hudora Tischtennisnetz porTable","isPartOf":{"@id":"https:\/\/schweizversand.ch\/fr\/#website"},"primaryImageOfPage":{"@id":"https:\/\/schweizversand.ch\/fr\/produkt\/hudora-tischtennisnetz-portable\/#primaryimage"},"image":{"@id":"https:\/\/schweizversand.ch\/fr\/produkt\/hudora-tischtennisnetz-portable\/#primaryimage"},"thumbnailUrl":"https:\/\/schweizversand.ch\/wp-content\/uploads\/2026\/02\/5471528770.jpg","datePublished":"2026-04-12T00:00:39+00:00","dateModified":"2026-04-22T13:35:28+00:00","description":"Das HUDORA Tischtennisnetz porTable ist die ideale L\u00f6sung, um spontane und sportliche Tischtennismatches zu erm\u00f6glichen, auch wenn keine offizielle Tischtennisp","breadcrumb":{"@id":"https:\/\/schweizversand.ch\/fr\/produkt\/hudora-tischtennisnetz-portable\/#breadcrumb"},"inLanguage":"fr-FR","potentialAction":[{"@type":"ReadAction","target":["https:\/\/schweizversand.ch\/fr\/produkt\/hudora-tischtennisnetz-portable\/"]}]},{"@type":"ImageObject","inLanguage":"fr-FR","@id":"https:\/\/schweizversand.ch\/fr\/produkt\/hudora-tischtennisnetz-portable\/#primaryimage","url":"https:\/\/schweizversand.ch\/wp-content\/uploads\/2026\/02\/5471528770.jpg","contentUrl":"https:\/\/schweizversand.ch\/wp-content\/uploads\/2026\/02\/5471528770.jpg","width":1024,"height":880},{"@type":"BreadcrumbList","@id":"https:\/\/schweizversand.ch\/fr\/produkt\/hudora-tischtennisnetz-portable\/#breadcrumb","itemListElement":[{"@type":"ListItem","position":1,"name":"Startseite","item":"https:\/\/schweizversand.ch\/fr\/home\/"},{"@type":"ListItem","position":2,"name":"Boutique","item":"https:\/\/schweizversand.ch\/fr\/boutique\/"},{"@type":"ListItem","position":3,"name":"Tischtennis","item":"https:\/\/schweizversand.ch\/fr\/produkt-kategorie\/sports\/sports-de-balle-et-flechettes\/tischtennis\/"},{"@type":"ListItem","position":4,"name":"Filet de ping-pong Hudora pour table"}]},{"@type":"WebSite","@id":"https:\/\/schweizversand.ch\/fr\/#website","url":"https:\/\/schweizversand.ch\/fr\/","name":"Schweizer Shop f\u00fcr Sport, Spiel und Freizeit","description":"Gratisversand ab 50.- (netto), ab eigenem schweizer Lager, Lieferung innert 48h","publisher":{"@id":"https:\/\/schweizversand.ch\/fr\/#organization"},"alternateName":"Schweizversand.ch","potentialAction":[{"@type":"SearchAction","target":{"@type":"EntryPoint","urlTemplate":"https:\/\/schweizversand.ch\/fr\/?s={search_term_string}"},"query-input":{"@type":"PropertyValueSpecification","valueRequired":true,"valueName":"search_term_string"}}],"inLanguage":"fr-FR"},{"@type":"Organization","@id":"https:\/\/schweizversand.ch\/fr\/#organization","name":"Schweizversand.ch","url":"https:\/\/schweizversand.ch\/fr\/","logo":{"@type":"ImageObject","inLanguage":"fr-FR","@id":"https:\/\/schweizversand.ch\/fr\/#\/schema\/logo\/image\/","url":"https:\/\/schweizversand.ch\/wp-content\/uploads\/2026\/03\/Logo_Rund_Final-1.png","contentUrl":"https:\/\/schweizversand.ch\/wp-content\/uploads\/2026\/03\/Logo_Rund_Final-1.png","width":404,"height":404,"caption":"Schweizversand.ch"},"image":{"@id":"https:\/\/schweizversand.ch\/fr\/#\/schema\/logo\/image\/"},"sameAs":["https:\/\/www.facebook.com\/Schweizversand","https:\/\/www.instagram.com\/schweizversand.ch\/"]}]}},"jetpack_sharing_enabled":true,"_links":{"self":[{"href":"https:\/\/schweizversand.ch\/fr\/wp-json\/wp\/v2\/product\/267141","targetHints":{"allow":["GET"]}}],"collection":[{"href":"https:\/\/schweizversand.ch\/fr\/wp-json\/wp\/v2\/product"}],"about":[{"href":"https:\/\/schweizversand.ch\/fr\/wp-json\/wp\/v2\/types\/product"}],"replies":[{"embeddable":true,"href":"https:\/\/schweizversand.ch\/fr\/wp-json\/wp\/v2\/comments?post=267141"}],"wp:featuredmedia":[{"embeddable":true,"href":"https:\/\/schweizversand.ch\/fr\/wp-json\/wp\/v2\/media\/167452"}],"wp:attachment":[{"href":"https:\/\/schweizversand.ch\/fr\/wp-json\/wp\/v2\/media?parent=267141"}],"wp:term":[{"taxonomy":"product_brand","embeddable":true,"href":"https:\/\/schweizversand.ch\/fr\/wp-json\/wp\/v2\/product_brand?post=267141"},{"taxonomy":"product_cat","embeddable":true,"href":"https:\/\/schweizversand.ch\/fr\/wp-json\/wp\/v2\/product_cat?post=267141"},{"taxonomy":"product_tag","embeddable":true,"href":"https:\/\/schweizversand.ch\/fr\/wp-json\/wp\/v2\/product_tag?post=267141"}],"curies":[{"name":"wp","href":"https:\/\/api.w.org\/{rel}","templated":true}]}}