{"id":267257,"date":"2026-04-15T02:00:33","date_gmt":"2026-04-15T00:00:33","guid":{"rendered":"https:\/\/schweizversand.ch\/produkt\/unicorn-vanguard-dart-tasche-4\/"},"modified":"2026-04-15T02:04:02","modified_gmt":"2026-04-15T00:04:02","slug":"unicorn-vanguard-dart-tasche-4","status":"publish","type":"product","link":"https:\/\/schweizversand.ch\/fr\/produkt\/unicorn-vanguard-dart-tasche-4\/","title":{"rendered":"Sac \u00e0 fl\u00e9chettes Unicorn Vanguard"},"content":{"rendered":"<h1><strong>Sac \u00e0 fl\u00e9chettes Vanguard \u2013 Protection et style haut de gamme pour votre \u00e9quipement de fl\u00e9chettes<\/strong><\/h1>\n<div>Le sac \u00e0 fl\u00e9chettes Vanguard est le choix id\u00e9al pour tous les joueurs de fl\u00e9chettes ambitieux qui appr\u00e9cient la <strong>qualit\u00e9, le style et la fonctionnalit\u00e9<\/strong>. Cet \u00e9tui \u00e0 fl\u00e9chettes de haute qualit\u00e9 impressionne par son design \u00e9l\u00e9gant, ses mat\u00e9riaux robustes et son agencement bien pens\u00e9 pour transporter votre \u00e9quipement en toute s\u00e9curit\u00e9 et avec style.<\/p>\n<\/div>\n<div><strong>Capacit\u00e9 et organisation maximales<\/strong><br \/>Ce sac est con\u00e7u pour garantir rangement et protection. Il offre de la place pour <strong>2 jeux de fl\u00e9chettes enti\u00e8rement assembl\u00e9s<\/strong>, pour que vous soyez pr\u00eat \u00e0 jouer imm\u00e9diatement. Gr\u00e2ce \u00e0 l&rsquo;agencement g\u00e9n\u00e9reux des compartiments, tous vos accessoires sont toujours parfaitement rang\u00e9s.<\/p>\n<\/div>\n<div><strong>Caract\u00e9ristiques d\u00e9taill\u00e9es<\/strong><br \/>&#8211; Espace pour 2 jeux de fl\u00e9chettes assembl\u00e9s<br \/>&#8211; 9 compartiments pour une organisation et une protection optimales des ailettes<br \/>&#8211; 18 supports pour tiges pour une organisation maximale et un acc\u00e8s rapide aux tiges de rechange<br \/>&#8211; Compartiment zipp\u00e9 pratique pour les accessoires, les pi\u00e8ces d\u00e9tach\u00e9es ou les outils<br \/>&#8211; Dragonne incluse pour un transport confortable et s\u00e9curis\u00e9<\/p>\n<\/div>\n<div><strong>Design et toucher exclusifs<\/strong><br \/>Le design \u00e9l\u00e9gant est mis en valeur par le logo <strong>Licorne<\/strong> et la finition tactile sp\u00e9ciale Vanguard, qui conf\u00e8rent au sac un aspect et un toucher exclusifs. Les mat\u00e9riaux robustes garantissent une longue dur\u00e9e de vie et prot\u00e8gent efficacement vos pr\u00e9cieuses fl\u00e9chettes des dommages.<\/p>\n<\/div>\n<div>Assurez-vous que votre \u00e9quipement est toujours prot\u00e9g\u00e9 et parfaitement organis\u00e9. Avec l&rsquo;\u00e9tui \u00e0 fl\u00e9chettes Vanguard, vous \u00eates pr\u00eat pour toutes les parties.<\/p>\n<p>Contenu non inclus.<\/p><\/div>\n<div><\/div>\n","protected":false},"excerpt":{"rendered":"<p>Unicorn Vanguard Dart-Tasche sch\u00fctzt 2 montierte Dart-Sets stilvoll und organisiert. Robust, elegant und mit 9 Flight-F\u00e4chern f\u00fcr perfektes Dart-Equipment-Management.<\/p>\n","protected":false},"featured_media":267265,"comment_status":"open","ping_status":"closed","template":"","meta":[],"product_brand":[],"product_cat":[38124],"product_tag":[],"class_list":{"0":"post-267257","1":"product","2":"type-product","3":"status-publish","4":"has-post-thumbnail","6":"product_cat-diverses-zubehoer","7":"product_shipping_class-global_methods","9":"first","10":"instock","11":"taxable","12":"shipping-taxable","13":"purchasable","14":"product-type-simple"},"yoast_head":"<!-- This site is optimized with the Yoast SEO plugin v27.4 - https:\/\/yoast.com\/product\/yoast-seo-wordpress\/ -->\n<title>Unicorn Vanguard Dart-Tasche<\/title>\n<meta name=\"description\" content=\"Vanguard Dart-Tasche \u2013 Premium Schutz und Stil f\u00fcr Ihr Dart-Equipment Die Vanguard Dart-Tasche ist die ideale Wahl f\u00fcr alle ambitionierten Dartspieler, die Wert\" \/>\n<meta name=\"robots\" content=\"index, follow, max-snippet:-1, max-image-preview:large, max-video-preview:-1\" \/>\n<link rel=\"canonical\" href=\"https:\/\/schweizversand.ch\/fr\/produkt\/unicorn-vanguard-dart-tasche-4\/\" \/>\n<meta property=\"og:locale\" content=\"fr_FR\" \/>\n<meta property=\"og:type\" content=\"article\" \/>\n<meta property=\"og:title\" content=\"Unicorn Vanguard Dart-Tasche\" \/>\n<meta property=\"og:description\" content=\"Vanguard Dart-Tasche \u2013 Premium Schutz und Stil f\u00fcr Ihr Dart-Equipment Die Vanguard Dart-Tasche ist die ideale Wahl f\u00fcr alle ambitionierten Dartspieler, die Wert\" \/>\n<meta property=\"og:url\" content=\"https:\/\/schweizversand.ch\/fr\/produkt\/unicorn-vanguard-dart-tasche-4\/\" \/>\n<meta property=\"og:site_name\" content=\"Schweizer Shop f\u00fcr Sport, Spiel und Freizeit\" \/>\n<meta property=\"article:publisher\" content=\"https:\/\/www.facebook.com\/Schweizversand\" \/>\n<meta property=\"article:modified_time\" content=\"2026-04-15T00:04:02+00:00\" \/>\n<meta name=\"twitter:card\" content=\"summary_large_image\" \/>\n<meta name=\"twitter:label1\" content=\"Dur\u00e9e de lecture estim\u00e9e\" \/>\n\t<meta name=\"twitter:data1\" content=\"1 minute\" \/>\n<script type=\"application\/ld+json\" class=\"yoast-schema-graph\">{\"@context\":\"https:\\\/\\\/schema.org\",\"@graph\":[{\"@type\":\"WebPage\",\"@id\":\"https:\\\/\\\/schweizversand.ch\\\/fr\\\/produkt\\\/unicorn-vanguard-dart-tasche-4\\\/\",\"url\":\"https:\\\/\\\/schweizversand.ch\\\/fr\\\/produkt\\\/unicorn-vanguard-dart-tasche-4\\\/\",\"name\":\"Unicorn Vanguard Dart-Tasche\",\"isPartOf\":{\"@id\":\"https:\\\/\\\/schweizversand.ch\\\/fr\\\/#website\"},\"primaryImageOfPage\":{\"@id\":\"https:\\\/\\\/schweizversand.ch\\\/fr\\\/produkt\\\/unicorn-vanguard-dart-tasche-4\\\/#primaryimage\"},\"image\":{\"@id\":\"https:\\\/\\\/schweizversand.ch\\\/fr\\\/produkt\\\/unicorn-vanguard-dart-tasche-4\\\/#primaryimage\"},\"thumbnailUrl\":\"https:\\\/\\\/schweizversand.ch\\\/wp-content\\\/uploads\\\/2026\\\/04\\\/5520093503.jpg\",\"datePublished\":\"2026-04-15T00:00:33+00:00\",\"dateModified\":\"2026-04-15T00:04:02+00:00\",\"description\":\"Vanguard Dart-Tasche \u2013 Premium Schutz und Stil f\u00fcr Ihr Dart-Equipment Die Vanguard Dart-Tasche ist die ideale Wahl f\u00fcr alle ambitionierten Dartspieler, die Wert\",\"breadcrumb\":{\"@id\":\"https:\\\/\\\/schweizversand.ch\\\/fr\\\/produkt\\\/unicorn-vanguard-dart-tasche-4\\\/#breadcrumb\"},\"inLanguage\":\"fr-FR\",\"potentialAction\":[{\"@type\":\"ReadAction\",\"target\":[\"https:\\\/\\\/schweizversand.ch\\\/fr\\\/produkt\\\/unicorn-vanguard-dart-tasche-4\\\/\"]}]},{\"@type\":\"ImageObject\",\"inLanguage\":\"fr-FR\",\"@id\":\"https:\\\/\\\/schweizversand.ch\\\/fr\\\/produkt\\\/unicorn-vanguard-dart-tasche-4\\\/#primaryimage\",\"url\":\"https:\\\/\\\/schweizversand.ch\\\/wp-content\\\/uploads\\\/2026\\\/04\\\/5520093503.jpg\",\"contentUrl\":\"https:\\\/\\\/schweizversand.ch\\\/wp-content\\\/uploads\\\/2026\\\/04\\\/5520093503.jpg\",\"width\":1024,\"height\":1024},{\"@type\":\"BreadcrumbList\",\"@id\":\"https:\\\/\\\/schweizversand.ch\\\/fr\\\/produkt\\\/unicorn-vanguard-dart-tasche-4\\\/#breadcrumb\",\"itemListElement\":[{\"@type\":\"ListItem\",\"position\":1,\"name\":\"Startseite\",\"item\":\"https:\\\/\\\/schweizversand.ch\\\/fr\\\/\"},{\"@type\":\"ListItem\",\"position\":2,\"name\":\"Boutique\",\"item\":\"https:\\\/\\\/schweizversand.ch\\\/fr\\\/boutique\\\/\"},{\"@type\":\"ListItem\",\"position\":3,\"name\":\"Sac \u00e0 fl\u00e9chettes Unicorn Vanguard\"}]},{\"@type\":\"WebSite\",\"@id\":\"https:\\\/\\\/schweizversand.ch\\\/fr\\\/#website\",\"url\":\"https:\\\/\\\/schweizversand.ch\\\/fr\\\/\",\"name\":\"Schweizer Shop f\u00fcr Sport, Spiel und Freizeit\",\"description\":\"Gratisversand ab 50.- (netto), ab eigenem schweizer Lager, Lieferung innert 48h\",\"publisher\":{\"@id\":\"https:\\\/\\\/schweizversand.ch\\\/fr\\\/#organization\"},\"alternateName\":\"Schweizversand.ch\",\"potentialAction\":[{\"@type\":\"SearchAction\",\"target\":{\"@type\":\"EntryPoint\",\"urlTemplate\":\"https:\\\/\\\/schweizversand.ch\\\/fr\\\/?s={search_term_string}\"},\"query-input\":{\"@type\":\"PropertyValueSpecification\",\"valueRequired\":true,\"valueName\":\"search_term_string\"}}],\"inLanguage\":\"fr-FR\"},{\"@type\":\"Organization\",\"@id\":\"https:\\\/\\\/schweizversand.ch\\\/fr\\\/#organization\",\"name\":\"Schweizversand.ch\",\"url\":\"https:\\\/\\\/schweizversand.ch\\\/fr\\\/\",\"logo\":{\"@type\":\"ImageObject\",\"inLanguage\":\"fr-FR\",\"@id\":\"https:\\\/\\\/schweizversand.ch\\\/fr\\\/#\\\/schema\\\/logo\\\/image\\\/\",\"url\":\"https:\\\/\\\/schweizversand.ch\\\/wp-content\\\/uploads\\\/2026\\\/03\\\/Logo_Rund_Final-1.png\",\"contentUrl\":\"https:\\\/\\\/schweizversand.ch\\\/wp-content\\\/uploads\\\/2026\\\/03\\\/Logo_Rund_Final-1.png\",\"width\":404,\"height\":404,\"caption\":\"Schweizversand.ch\"},\"image\":{\"@id\":\"https:\\\/\\\/schweizversand.ch\\\/fr\\\/#\\\/schema\\\/logo\\\/image\\\/\"},\"sameAs\":[\"https:\\\/\\\/www.facebook.com\\\/Schweizversand\",\"https:\\\/\\\/www.instagram.com\\\/schweizversand.ch\\\/\"]}]}<\/script>\n<!-- \/ Yoast SEO plugin. -->","yoast_head_json":{"title":"Unicorn Vanguard Dart-Tasche","description":"Vanguard Dart-Tasche \u2013 Premium Schutz und Stil f\u00fcr Ihr Dart-Equipment Die Vanguard Dart-Tasche ist die ideale Wahl f\u00fcr alle ambitionierten Dartspieler, die Wert","robots":{"index":"index","follow":"follow","max-snippet":"max-snippet:-1","max-image-preview":"max-image-preview:large","max-video-preview":"max-video-preview:-1"},"canonical":"https:\/\/schweizversand.ch\/fr\/produkt\/unicorn-vanguard-dart-tasche-4\/","og_locale":"fr_FR","og_type":"article","og_title":"Unicorn Vanguard Dart-Tasche","og_description":"Vanguard Dart-Tasche \u2013 Premium Schutz und Stil f\u00fcr Ihr Dart-Equipment Die Vanguard Dart-Tasche ist die ideale Wahl f\u00fcr alle ambitionierten Dartspieler, die Wert","og_url":"https:\/\/schweizversand.ch\/fr\/produkt\/unicorn-vanguard-dart-tasche-4\/","og_site_name":"Schweizer Shop f\u00fcr Sport, Spiel und Freizeit","article_publisher":"https:\/\/www.facebook.com\/Schweizversand","article_modified_time":"2026-04-15T00:04:02+00:00","twitter_card":"summary_large_image","twitter_misc":{"Dur\u00e9e de lecture estim\u00e9e":"1 minute"},"schema":{"@context":"https:\/\/schema.org","@graph":[{"@type":"WebPage","@id":"https:\/\/schweizversand.ch\/fr\/produkt\/unicorn-vanguard-dart-tasche-4\/","url":"https:\/\/schweizversand.ch\/fr\/produkt\/unicorn-vanguard-dart-tasche-4\/","name":"Unicorn Vanguard Dart-Tasche","isPartOf":{"@id":"https:\/\/schweizversand.ch\/fr\/#website"},"primaryImageOfPage":{"@id":"https:\/\/schweizversand.ch\/fr\/produkt\/unicorn-vanguard-dart-tasche-4\/#primaryimage"},"image":{"@id":"https:\/\/schweizversand.ch\/fr\/produkt\/unicorn-vanguard-dart-tasche-4\/#primaryimage"},"thumbnailUrl":"https:\/\/schweizversand.ch\/wp-content\/uploads\/2026\/04\/5520093503.jpg","datePublished":"2026-04-15T00:00:33+00:00","dateModified":"2026-04-15T00:04:02+00:00","description":"Vanguard Dart-Tasche \u2013 Premium Schutz und Stil f\u00fcr Ihr Dart-Equipment Die Vanguard Dart-Tasche ist die ideale Wahl f\u00fcr alle ambitionierten Dartspieler, die Wert","breadcrumb":{"@id":"https:\/\/schweizversand.ch\/fr\/produkt\/unicorn-vanguard-dart-tasche-4\/#breadcrumb"},"inLanguage":"fr-FR","potentialAction":[{"@type":"ReadAction","target":["https:\/\/schweizversand.ch\/fr\/produkt\/unicorn-vanguard-dart-tasche-4\/"]}]},{"@type":"ImageObject","inLanguage":"fr-FR","@id":"https:\/\/schweizversand.ch\/fr\/produkt\/unicorn-vanguard-dart-tasche-4\/#primaryimage","url":"https:\/\/schweizversand.ch\/wp-content\/uploads\/2026\/04\/5520093503.jpg","contentUrl":"https:\/\/schweizversand.ch\/wp-content\/uploads\/2026\/04\/5520093503.jpg","width":1024,"height":1024},{"@type":"BreadcrumbList","@id":"https:\/\/schweizversand.ch\/fr\/produkt\/unicorn-vanguard-dart-tasche-4\/#breadcrumb","itemListElement":[{"@type":"ListItem","position":1,"name":"Startseite","item":"https:\/\/schweizversand.ch\/fr\/"},{"@type":"ListItem","position":2,"name":"Boutique","item":"https:\/\/schweizversand.ch\/fr\/boutique\/"},{"@type":"ListItem","position":3,"name":"Sac \u00e0 fl\u00e9chettes Unicorn Vanguard"}]},{"@type":"WebSite","@id":"https:\/\/schweizversand.ch\/fr\/#website","url":"https:\/\/schweizversand.ch\/fr\/","name":"Schweizer Shop f\u00fcr Sport, Spiel und Freizeit","description":"Gratisversand ab 50.- (netto), ab eigenem schweizer Lager, Lieferung innert 48h","publisher":{"@id":"https:\/\/schweizversand.ch\/fr\/#organization"},"alternateName":"Schweizversand.ch","potentialAction":[{"@type":"SearchAction","target":{"@type":"EntryPoint","urlTemplate":"https:\/\/schweizversand.ch\/fr\/?s={search_term_string}"},"query-input":{"@type":"PropertyValueSpecification","valueRequired":true,"valueName":"search_term_string"}}],"inLanguage":"fr-FR"},{"@type":"Organization","@id":"https:\/\/schweizversand.ch\/fr\/#organization","name":"Schweizversand.ch","url":"https:\/\/schweizversand.ch\/fr\/","logo":{"@type":"ImageObject","inLanguage":"fr-FR","@id":"https:\/\/schweizversand.ch\/fr\/#\/schema\/logo\/image\/","url":"https:\/\/schweizversand.ch\/wp-content\/uploads\/2026\/03\/Logo_Rund_Final-1.png","contentUrl":"https:\/\/schweizversand.ch\/wp-content\/uploads\/2026\/03\/Logo_Rund_Final-1.png","width":404,"height":404,"caption":"Schweizversand.ch"},"image":{"@id":"https:\/\/schweizversand.ch\/fr\/#\/schema\/logo\/image\/"},"sameAs":["https:\/\/www.facebook.com\/Schweizversand","https:\/\/www.instagram.com\/schweizversand.ch\/"]}]}},"jetpack_sharing_enabled":true,"_links":{"self":[{"href":"https:\/\/schweizversand.ch\/fr\/wp-json\/wp\/v2\/product\/267257","targetHints":{"allow":["GET"]}}],"collection":[{"href":"https:\/\/schweizversand.ch\/fr\/wp-json\/wp\/v2\/product"}],"about":[{"href":"https:\/\/schweizversand.ch\/fr\/wp-json\/wp\/v2\/types\/product"}],"replies":[{"embeddable":true,"href":"https:\/\/schweizversand.ch\/fr\/wp-json\/wp\/v2\/comments?post=267257"}],"wp:featuredmedia":[{"embeddable":true,"href":"https:\/\/schweizversand.ch\/fr\/wp-json\/wp\/v2\/media\/267265"}],"wp:attachment":[{"href":"https:\/\/schweizversand.ch\/fr\/wp-json\/wp\/v2\/media?parent=267257"}],"wp:term":[{"taxonomy":"product_brand","embeddable":true,"href":"https:\/\/schweizversand.ch\/fr\/wp-json\/wp\/v2\/product_brand?post=267257"},{"taxonomy":"product_cat","embeddable":true,"href":"https:\/\/schweizversand.ch\/fr\/wp-json\/wp\/v2\/product_cat?post=267257"},{"taxonomy":"product_tag","embeddable":true,"href":"https:\/\/schweizversand.ch\/fr\/wp-json\/wp\/v2\/product_tag?post=267257"}],"curies":[{"name":"wp","href":"https:\/\/api.w.org\/{rel}","templated":true}]}}