{"id":267260,"date":"2026-04-15T02:00:39","date_gmt":"2026-04-15T00:00:39","guid":{"rendered":"https:\/\/schweizversand.ch\/produkt\/hudora-skater-rampen-set-5-teilig\/"},"modified":"2026-04-22T15:35:32","modified_gmt":"2026-04-22T13:35:32","slug":"hudora-skater-rampen-set-5-teilig","status":"publish","type":"product","link":"https:\/\/schweizversand.ch\/fr\/produkt\/hudora-skater-rampen-set-5-teilig\/","title":{"rendered":"Ensemble de rampes de skate Hudora, 5 pi\u00e8ces"},"content":{"rendered":"<h1><strong>Kit de rampes HUDORA Skater \u2013 Le kit de skatepark modulaire<\/strong><\/h1>\n<div>Transformez votre jardin en un skatepark passionnant gr\u00e2ce au kit de rampes HUDORA Skater. Ce syst\u00e8me de rampes modulaires a \u00e9t\u00e9 sp\u00e9cialement con\u00e7u pour un maximum de plaisir et la cr\u00e9ation de parcours originaux. C&rsquo;est l&rsquo;accessoire id\u00e9al pour d\u00e9velopper les comp\u00e9tences de vos enfants en toute s\u00e9curit\u00e9.<\/p>\n<\/div>\n<div><strong>Votre skatepark personnel \u00e0 la maison<\/strong><br \/>Ce kit vous permet de cr\u00e9er des parcours personnalis\u00e9s pour diff\u00e9rents sports de roller. Avec quatre rampes robustes et un connecteur central, une rampe de skate impressionnante se construit en un clin d&rsquo;\u0153il. Ses dimensions (environ 154 x 121,5 x 16,5 cm) offrent un espace g\u00e9n\u00e9reux pour r\u00e9aliser des figures spectaculaires. Stabilit\u00e9 et polyvalence\u00a0: les rampes sont fabriqu\u00e9es en plastique renforc\u00e9, garantissant une grande durabilit\u00e9 et une capacit\u00e9 de charge jusqu&rsquo;\u00e0 80\u00a0kg. La surface antid\u00e9rapante offre une adh\u00e9rence optimale, garantissant ainsi la s\u00e9curit\u00e9 n\u00e9cessaire lors de son utilisation. Ce kit est id\u00e9al comme rampe pour trottinette, roller, skateboard et casterboard.<\/p>\n<\/div>\n<div><strong>D\u00e9tails et dimensions du produit<\/strong><br \/>&#8211; Syst\u00e8me de rampes modulaires compos\u00e9 de 4 rampes et 1 connecteur<br \/>&#8211; Convient aux trottinettes freestyle, skateboards, rollers et casterboards<br \/>&#8211; Charge maximale\u00a0: 80\u00a0kg<br \/>&#8211; Dimensions des rampes\u00a0: env. 56,5\u00a0x\u00a039,5\u00a0x\u00a015,5\u00a0cm<br \/>&#8211; Dimensions du connecteur\u00a0: env. 67,5\u00a0x\u00a033\u00a0x\u00a03,2\u00a0cm<\/p>\n<\/div>\n<div><strong>Consignes de s\u00e9curit\u00e9<\/strong><br \/>Veuillez noter que ce kit de skatepark doit imp\u00e9rativement \u00eatre utilis\u00e9 avec un \u00e9quipement de protection adapt\u00e9. Son utilisation sur la voie publique est interdite. Veuillez vous r\u00e9f\u00e9rer aux instructions de montage et d&rsquo;utilisation ci-jointes pour tous les autres d\u00e9tails importants.<\/p>\n<\/div>\n<div>Procurez-vous d\u00e8s maintenant le kit de rampe HUDORA Skater et offrez aux jeunes passionn\u00e9s de roller la base id\u00e9ale pour am\u00e9liorer leurs comp\u00e9tences et r\u00e9aliser des figures originales.<\/p>\n<\/div>\n<div><\/div>\n","protected":false},"excerpt":{"rendered":"<p>Hudora Skater Rampen Set, 5-teilig: Modulares Skatepark-Set f\u00fcr zuhause, stabile Rampen und vielseitige Parcoursgestaltung \u2013 perfektes Zubeh\u00f6r f\u00fcr sicheren Fahrspa\u00df und Tricks.<\/p>\n","protected":false},"featured_media":267283,"comment_status":"open","ping_status":"closed","template":"","meta":[],"product_brand":[],"product_cat":[39244],"product_tag":[],"class_list":{"0":"post-267260","1":"product","2":"type-product","3":"status-publish","4":"has-post-thumbnail","6":"product_cat-skateboards","7":"product_shipping_class-global_methods","9":"first","10":"instock","11":"taxable","12":"shipping-taxable","13":"purchasable","14":"product-type-simple"},"yoast_head":"<!-- This site is optimized with the Yoast SEO plugin v27.4 - https:\/\/yoast.com\/product\/yoast-seo-wordpress\/ -->\n<title>Hudora Skater Rampen Set, 5-teilig<\/title>\n<meta name=\"description\" content=\"HUDORA Skater Rampen Set \u2013 Das modulare Skatepark Set Verwandeln Sie Ihren Garten oder Hof in einen aufregenden Skatepark mit dem vielseitigen HUDORA Skater Ram\" \/>\n<meta name=\"robots\" content=\"index, follow, max-snippet:-1, max-image-preview:large, max-video-preview:-1\" \/>\n<link rel=\"canonical\" href=\"https:\/\/schweizversand.ch\/fr\/produkt\/hudora-skater-rampen-set-5-teilig\/\" \/>\n<meta property=\"og:locale\" content=\"fr_FR\" \/>\n<meta property=\"og:type\" content=\"article\" \/>\n<meta property=\"og:title\" content=\"Hudora Skater Rampen Set, 5-teilig\" \/>\n<meta property=\"og:description\" content=\"HUDORA Skater Rampen Set \u2013 Das modulare Skatepark Set Verwandeln Sie Ihren Garten oder Hof in einen aufregenden Skatepark mit dem vielseitigen HUDORA Skater Ram\" \/>\n<meta property=\"og:url\" content=\"https:\/\/schweizversand.ch\/fr\/produkt\/hudora-skater-rampen-set-5-teilig\/\" \/>\n<meta property=\"og:site_name\" content=\"Schweizer Shop f\u00fcr Sport, Spiel und Freizeit\" \/>\n<meta property=\"article:publisher\" content=\"https:\/\/www.facebook.com\/Schweizversand\" \/>\n<meta property=\"article:modified_time\" content=\"2026-04-22T13:35:32+00:00\" \/>\n<meta name=\"twitter:card\" content=\"summary_large_image\" \/>\n<meta name=\"twitter:label1\" content=\"Dur\u00e9e de lecture estim\u00e9e\" \/>\n\t<meta name=\"twitter:data1\" content=\"2 minutes\" \/>\n<script type=\"application\/ld+json\" class=\"yoast-schema-graph\">{\"@context\":\"https:\\\/\\\/schema.org\",\"@graph\":[{\"@type\":\"WebPage\",\"@id\":\"https:\\\/\\\/schweizversand.ch\\\/fr\\\/produkt\\\/hudora-skater-rampen-set-5-teilig\\\/\",\"url\":\"https:\\\/\\\/schweizversand.ch\\\/fr\\\/produkt\\\/hudora-skater-rampen-set-5-teilig\\\/\",\"name\":\"Hudora Skater Rampen Set, 5-teilig\",\"isPartOf\":{\"@id\":\"https:\\\/\\\/schweizversand.ch\\\/fr\\\/#website\"},\"primaryImageOfPage\":{\"@id\":\"https:\\\/\\\/schweizversand.ch\\\/fr\\\/produkt\\\/hudora-skater-rampen-set-5-teilig\\\/#primaryimage\"},\"image\":{\"@id\":\"https:\\\/\\\/schweizversand.ch\\\/fr\\\/produkt\\\/hudora-skater-rampen-set-5-teilig\\\/#primaryimage\"},\"thumbnailUrl\":\"https:\\\/\\\/schweizversand.ch\\\/wp-content\\\/uploads\\\/2026\\\/04\\\/5471484322.jpg\",\"datePublished\":\"2026-04-15T00:00:39+00:00\",\"dateModified\":\"2026-04-22T13:35:32+00:00\",\"description\":\"HUDORA Skater Rampen Set \u2013 Das modulare Skatepark Set Verwandeln Sie Ihren Garten oder Hof in einen aufregenden Skatepark mit dem vielseitigen HUDORA Skater Ram\",\"breadcrumb\":{\"@id\":\"https:\\\/\\\/schweizversand.ch\\\/fr\\\/produkt\\\/hudora-skater-rampen-set-5-teilig\\\/#breadcrumb\"},\"inLanguage\":\"fr-FR\",\"potentialAction\":[{\"@type\":\"ReadAction\",\"target\":[\"https:\\\/\\\/schweizversand.ch\\\/fr\\\/produkt\\\/hudora-skater-rampen-set-5-teilig\\\/\"]}]},{\"@type\":\"ImageObject\",\"inLanguage\":\"fr-FR\",\"@id\":\"https:\\\/\\\/schweizversand.ch\\\/fr\\\/produkt\\\/hudora-skater-rampen-set-5-teilig\\\/#primaryimage\",\"url\":\"https:\\\/\\\/schweizversand.ch\\\/wp-content\\\/uploads\\\/2026\\\/04\\\/5471484322.jpg\",\"contentUrl\":\"https:\\\/\\\/schweizversand.ch\\\/wp-content\\\/uploads\\\/2026\\\/04\\\/5471484322.jpg\",\"width\":1024,\"height\":760},{\"@type\":\"BreadcrumbList\",\"@id\":\"https:\\\/\\\/schweizversand.ch\\\/fr\\\/produkt\\\/hudora-skater-rampen-set-5-teilig\\\/#breadcrumb\",\"itemListElement\":[{\"@type\":\"ListItem\",\"position\":1,\"name\":\"Startseite\",\"item\":\"https:\\\/\\\/schweizversand.ch\\\/fr\\\/home\\\/\"},{\"@type\":\"ListItem\",\"position\":2,\"name\":\"Boutique\",\"item\":\"https:\\\/\\\/schweizversand.ch\\\/fr\\\/boutique\\\/\"},{\"@type\":\"ListItem\",\"position\":3,\"name\":\"Ensemble de rampes de skate Hudora, 5 pi\u00e8ces\"}]},{\"@type\":\"WebSite\",\"@id\":\"https:\\\/\\\/schweizversand.ch\\\/fr\\\/#website\",\"url\":\"https:\\\/\\\/schweizversand.ch\\\/fr\\\/\",\"name\":\"Schweizer Shop f\u00fcr Sport, Spiel und Freizeit\",\"description\":\"Gratisversand ab 50.- (netto), ab eigenem schweizer Lager, Lieferung innert 48h\",\"publisher\":{\"@id\":\"https:\\\/\\\/schweizversand.ch\\\/fr\\\/#organization\"},\"alternateName\":\"Schweizversand.ch\",\"potentialAction\":[{\"@type\":\"SearchAction\",\"target\":{\"@type\":\"EntryPoint\",\"urlTemplate\":\"https:\\\/\\\/schweizversand.ch\\\/fr\\\/?s={search_term_string}\"},\"query-input\":{\"@type\":\"PropertyValueSpecification\",\"valueRequired\":true,\"valueName\":\"search_term_string\"}}],\"inLanguage\":\"fr-FR\"},{\"@type\":\"Organization\",\"@id\":\"https:\\\/\\\/schweizversand.ch\\\/fr\\\/#organization\",\"name\":\"Schweizversand.ch\",\"url\":\"https:\\\/\\\/schweizversand.ch\\\/fr\\\/\",\"logo\":{\"@type\":\"ImageObject\",\"inLanguage\":\"fr-FR\",\"@id\":\"https:\\\/\\\/schweizversand.ch\\\/fr\\\/#\\\/schema\\\/logo\\\/image\\\/\",\"url\":\"https:\\\/\\\/schweizversand.ch\\\/wp-content\\\/uploads\\\/2026\\\/03\\\/Logo_Rund_Final-1.png\",\"contentUrl\":\"https:\\\/\\\/schweizversand.ch\\\/wp-content\\\/uploads\\\/2026\\\/03\\\/Logo_Rund_Final-1.png\",\"width\":404,\"height\":404,\"caption\":\"Schweizversand.ch\"},\"image\":{\"@id\":\"https:\\\/\\\/schweizversand.ch\\\/fr\\\/#\\\/schema\\\/logo\\\/image\\\/\"},\"sameAs\":[\"https:\\\/\\\/www.facebook.com\\\/Schweizversand\",\"https:\\\/\\\/www.instagram.com\\\/schweizversand.ch\\\/\"]}]}<\/script>\n<!-- \/ Yoast SEO plugin. -->","yoast_head_json":{"title":"Hudora Skater Rampen Set, 5-teilig","description":"HUDORA Skater Rampen Set \u2013 Das modulare Skatepark Set Verwandeln Sie Ihren Garten oder Hof in einen aufregenden Skatepark mit dem vielseitigen HUDORA Skater Ram","robots":{"index":"index","follow":"follow","max-snippet":"max-snippet:-1","max-image-preview":"max-image-preview:large","max-video-preview":"max-video-preview:-1"},"canonical":"https:\/\/schweizversand.ch\/fr\/produkt\/hudora-skater-rampen-set-5-teilig\/","og_locale":"fr_FR","og_type":"article","og_title":"Hudora Skater Rampen Set, 5-teilig","og_description":"HUDORA Skater Rampen Set \u2013 Das modulare Skatepark Set Verwandeln Sie Ihren Garten oder Hof in einen aufregenden Skatepark mit dem vielseitigen HUDORA Skater Ram","og_url":"https:\/\/schweizversand.ch\/fr\/produkt\/hudora-skater-rampen-set-5-teilig\/","og_site_name":"Schweizer Shop f\u00fcr Sport, Spiel und Freizeit","article_publisher":"https:\/\/www.facebook.com\/Schweizversand","article_modified_time":"2026-04-22T13:35:32+00:00","twitter_card":"summary_large_image","twitter_misc":{"Dur\u00e9e de lecture estim\u00e9e":"2 minutes"},"schema":{"@context":"https:\/\/schema.org","@graph":[{"@type":"WebPage","@id":"https:\/\/schweizversand.ch\/fr\/produkt\/hudora-skater-rampen-set-5-teilig\/","url":"https:\/\/schweizversand.ch\/fr\/produkt\/hudora-skater-rampen-set-5-teilig\/","name":"Hudora Skater Rampen Set, 5-teilig","isPartOf":{"@id":"https:\/\/schweizversand.ch\/fr\/#website"},"primaryImageOfPage":{"@id":"https:\/\/schweizversand.ch\/fr\/produkt\/hudora-skater-rampen-set-5-teilig\/#primaryimage"},"image":{"@id":"https:\/\/schweizversand.ch\/fr\/produkt\/hudora-skater-rampen-set-5-teilig\/#primaryimage"},"thumbnailUrl":"https:\/\/schweizversand.ch\/wp-content\/uploads\/2026\/04\/5471484322.jpg","datePublished":"2026-04-15T00:00:39+00:00","dateModified":"2026-04-22T13:35:32+00:00","description":"HUDORA Skater Rampen Set \u2013 Das modulare Skatepark Set Verwandeln Sie Ihren Garten oder Hof in einen aufregenden Skatepark mit dem vielseitigen HUDORA Skater Ram","breadcrumb":{"@id":"https:\/\/schweizversand.ch\/fr\/produkt\/hudora-skater-rampen-set-5-teilig\/#breadcrumb"},"inLanguage":"fr-FR","potentialAction":[{"@type":"ReadAction","target":["https:\/\/schweizversand.ch\/fr\/produkt\/hudora-skater-rampen-set-5-teilig\/"]}]},{"@type":"ImageObject","inLanguage":"fr-FR","@id":"https:\/\/schweizversand.ch\/fr\/produkt\/hudora-skater-rampen-set-5-teilig\/#primaryimage","url":"https:\/\/schweizversand.ch\/wp-content\/uploads\/2026\/04\/5471484322.jpg","contentUrl":"https:\/\/schweizversand.ch\/wp-content\/uploads\/2026\/04\/5471484322.jpg","width":1024,"height":760},{"@type":"BreadcrumbList","@id":"https:\/\/schweizversand.ch\/fr\/produkt\/hudora-skater-rampen-set-5-teilig\/#breadcrumb","itemListElement":[{"@type":"ListItem","position":1,"name":"Startseite","item":"https:\/\/schweizversand.ch\/fr\/home\/"},{"@type":"ListItem","position":2,"name":"Boutique","item":"https:\/\/schweizversand.ch\/fr\/boutique\/"},{"@type":"ListItem","position":3,"name":"Ensemble de rampes de skate Hudora, 5 pi\u00e8ces"}]},{"@type":"WebSite","@id":"https:\/\/schweizversand.ch\/fr\/#website","url":"https:\/\/schweizversand.ch\/fr\/","name":"Schweizer Shop f\u00fcr Sport, Spiel und Freizeit","description":"Gratisversand ab 50.- (netto), ab eigenem schweizer Lager, Lieferung innert 48h","publisher":{"@id":"https:\/\/schweizversand.ch\/fr\/#organization"},"alternateName":"Schweizversand.ch","potentialAction":[{"@type":"SearchAction","target":{"@type":"EntryPoint","urlTemplate":"https:\/\/schweizversand.ch\/fr\/?s={search_term_string}"},"query-input":{"@type":"PropertyValueSpecification","valueRequired":true,"valueName":"search_term_string"}}],"inLanguage":"fr-FR"},{"@type":"Organization","@id":"https:\/\/schweizversand.ch\/fr\/#organization","name":"Schweizversand.ch","url":"https:\/\/schweizversand.ch\/fr\/","logo":{"@type":"ImageObject","inLanguage":"fr-FR","@id":"https:\/\/schweizversand.ch\/fr\/#\/schema\/logo\/image\/","url":"https:\/\/schweizversand.ch\/wp-content\/uploads\/2026\/03\/Logo_Rund_Final-1.png","contentUrl":"https:\/\/schweizversand.ch\/wp-content\/uploads\/2026\/03\/Logo_Rund_Final-1.png","width":404,"height":404,"caption":"Schweizversand.ch"},"image":{"@id":"https:\/\/schweizversand.ch\/fr\/#\/schema\/logo\/image\/"},"sameAs":["https:\/\/www.facebook.com\/Schweizversand","https:\/\/www.instagram.com\/schweizversand.ch\/"]}]}},"jetpack_sharing_enabled":true,"_links":{"self":[{"href":"https:\/\/schweizversand.ch\/fr\/wp-json\/wp\/v2\/product\/267260","targetHints":{"allow":["GET"]}}],"collection":[{"href":"https:\/\/schweizversand.ch\/fr\/wp-json\/wp\/v2\/product"}],"about":[{"href":"https:\/\/schweizversand.ch\/fr\/wp-json\/wp\/v2\/types\/product"}],"replies":[{"embeddable":true,"href":"https:\/\/schweizversand.ch\/fr\/wp-json\/wp\/v2\/comments?post=267260"}],"wp:featuredmedia":[{"embeddable":true,"href":"https:\/\/schweizversand.ch\/fr\/wp-json\/wp\/v2\/media\/267283"}],"wp:attachment":[{"href":"https:\/\/schweizversand.ch\/fr\/wp-json\/wp\/v2\/media?parent=267260"}],"wp:term":[{"taxonomy":"product_brand","embeddable":true,"href":"https:\/\/schweizversand.ch\/fr\/wp-json\/wp\/v2\/product_brand?post=267260"},{"taxonomy":"product_cat","embeddable":true,"href":"https:\/\/schweizversand.ch\/fr\/wp-json\/wp\/v2\/product_cat?post=267260"},{"taxonomy":"product_tag","embeddable":true,"href":"https:\/\/schweizversand.ch\/fr\/wp-json\/wp\/v2\/product_tag?post=267260"}],"curies":[{"name":"wp","href":"https:\/\/api.w.org\/{rel}","templated":true}]}}