{"id":267370,"date":"2026-04-15T15:31:09","date_gmt":"2026-04-15T13:31:09","guid":{"rendered":"https:\/\/schweizversand.ch\/produkt\/hudora-kinderhelm-pandy-2\/"},"modified":"2026-04-16T02:16:43","modified_gmt":"2026-04-16T00:16:43","slug":"hudora-kinderhelm-pandy-2","status":"publish","type":"product","link":"https:\/\/schweizversand.ch\/fr\/produkt\/hudora-kinderhelm-pandy-2\/","title":{"rendered":"Casque pour enfants Hudora Pandy"},"content":{"rendered":"<p>Protection et confort maximum \u2013 Le casque id\u00e9al pour les petits aventuriers !<\/p>\n<\/p>\n<p>S\u00e9curit\u00e9 et confort r\u00e9unis ! Notre casque de haute qualit\u00e9 offre une protection optimale aux enfants qui font du v\u00e9lo draisienne, de la trottinette ou du v\u00e9lo.<\/p>\n<\/p>\n<p>L\u00e9ger et stable \u2013 Construction In-Mold avec rembourrage en mousse EPS<\/p>\n<\/p>\n<p>Ajustement parfait \u2013 R\u00e9glage de la taille par molette et jugulaire ajustable<\/p>\n<\/p>\n<p>S\u00e9curit\u00e9 renforc\u00e9e \u2013 Fermeture magn\u00e9tique et tissu r\u00e9fl\u00e9chissant pour une meilleure visibilit\u00e9<\/p>\n<\/p>\n<p>Respirant et confortable \u2013 9 a\u00e9rations assurent une ventilation optimale<\/p>\n<\/p>\n<p>Taille :<\/p>\n<\/p>\n<p>XXS \u2013 pour un tour de t\u00eate de 44 \u00e0 47 cm<\/p>\n<\/p>\n<p>Commandez d\u00e8s maintenant et partez \u00e0 l&rsquo;aventure en toute s\u00e9curit\u00e9 !<\/p>\n","protected":false},"excerpt":{"rendered":"<p>Hudora Kinderhelm Pandy bietet maximalen Schutz, perfekte Passform mit Drehknopf, magnetischem Verschluss und 9 Air-Vents f\u00fcr sicheren und bequemen Fahrspa\u00df. Jetzt sichern!<\/p>\n","protected":false},"featured_media":47264,"comment_status":"open","ping_status":"closed","template":"","meta":[],"product_brand":[],"product_cat":[38531],"product_tag":[],"class_list":{"0":"post-267370","1":"product","2":"type-product","3":"status-publish","4":"has-post-thumbnail","6":"product_cat-velobekleidung-helme","7":"product_shipping_class-global_methods","9":"first","10":"instock","11":"taxable","12":"shipping-taxable","13":"purchasable","14":"product-type-simple"},"yoast_head":"<!-- This site is optimized with the Yoast SEO plugin v27.4 - https:\/\/yoast.com\/product\/yoast-seo-wordpress\/ -->\n<title>Hudora Kinderhelm Pandy<\/title>\n<meta name=\"description\" content=\"Maximaler Schutz &amp; Komfort \u2013 Der ideale Helm f\u00fcr kleine Abenteurer!\u00a0 Sicherheit trifft auf Tragekomfort! Unser hochwertiger Helm bietet optimalen Schutz f\u00fcr Ki\" \/>\n<meta name=\"robots\" content=\"index, follow, max-snippet:-1, max-image-preview:large, max-video-preview:-1\" \/>\n<link rel=\"canonical\" href=\"https:\/\/schweizversand.ch\/fr\/produkt\/hudora-kinderhelm-pandy-2\/\" \/>\n<meta property=\"og:locale\" content=\"fr_FR\" \/>\n<meta property=\"og:type\" content=\"article\" \/>\n<meta property=\"og:title\" content=\"Hudora Kinderhelm Pandy\" \/>\n<meta property=\"og:description\" content=\"Maximaler Schutz &amp; Komfort \u2013 Der ideale Helm f\u00fcr kleine Abenteurer!\u00a0 Sicherheit trifft auf Tragekomfort! Unser hochwertiger Helm bietet optimalen Schutz f\u00fcr Ki\" \/>\n<meta property=\"og:url\" content=\"https:\/\/schweizversand.ch\/fr\/produkt\/hudora-kinderhelm-pandy-2\/\" \/>\n<meta property=\"og:site_name\" content=\"Schweizer Shop f\u00fcr Sport, Spiel und Freizeit\" \/>\n<meta property=\"article:publisher\" content=\"https:\/\/www.facebook.com\/Schweizversand\" \/>\n<meta property=\"article:modified_time\" content=\"2026-04-16T00:16:43+00:00\" \/>\n<meta name=\"twitter:card\" content=\"summary_large_image\" \/>\n<meta name=\"twitter:label1\" content=\"Dur\u00e9e de lecture estim\u00e9e\" \/>\n\t<meta name=\"twitter:data1\" content=\"1 minute\" \/>\n<script type=\"application\/ld+json\" class=\"yoast-schema-graph\">{\"@context\":\"https:\\\/\\\/schema.org\",\"@graph\":[{\"@type\":\"WebPage\",\"@id\":\"https:\\\/\\\/schweizversand.ch\\\/fr\\\/produkt\\\/hudora-kinderhelm-pandy-2\\\/\",\"url\":\"https:\\\/\\\/schweizversand.ch\\\/fr\\\/produkt\\\/hudora-kinderhelm-pandy-2\\\/\",\"name\":\"Hudora Kinderhelm Pandy\",\"isPartOf\":{\"@id\":\"https:\\\/\\\/schweizversand.ch\\\/fr\\\/#website\"},\"primaryImageOfPage\":{\"@id\":\"https:\\\/\\\/schweizversand.ch\\\/fr\\\/produkt\\\/hudora-kinderhelm-pandy-2\\\/#primaryimage\"},\"image\":{\"@id\":\"https:\\\/\\\/schweizversand.ch\\\/fr\\\/produkt\\\/hudora-kinderhelm-pandy-2\\\/#primaryimage\"},\"thumbnailUrl\":\"https:\\\/\\\/schweizversand.ch\\\/wp-content\\\/uploads\\\/2026\\\/01\\\/5471827860.jpg\",\"datePublished\":\"2026-04-15T13:31:09+00:00\",\"dateModified\":\"2026-04-16T00:16:43+00:00\",\"description\":\"Maximaler Schutz & Komfort \u2013 Der ideale Helm f\u00fcr kleine Abenteurer!\u00a0 Sicherheit trifft auf Tragekomfort! Unser hochwertiger Helm bietet optimalen Schutz f\u00fcr Ki\",\"breadcrumb\":{\"@id\":\"https:\\\/\\\/schweizversand.ch\\\/fr\\\/produkt\\\/hudora-kinderhelm-pandy-2\\\/#breadcrumb\"},\"inLanguage\":\"fr-FR\",\"potentialAction\":[{\"@type\":\"ReadAction\",\"target\":[\"https:\\\/\\\/schweizversand.ch\\\/fr\\\/produkt\\\/hudora-kinderhelm-pandy-2\\\/\"]}]},{\"@type\":\"ImageObject\",\"inLanguage\":\"fr-FR\",\"@id\":\"https:\\\/\\\/schweizversand.ch\\\/fr\\\/produkt\\\/hudora-kinderhelm-pandy-2\\\/#primaryimage\",\"url\":\"https:\\\/\\\/schweizversand.ch\\\/wp-content\\\/uploads\\\/2026\\\/01\\\/5471827860.jpg\",\"contentUrl\":\"https:\\\/\\\/schweizversand.ch\\\/wp-content\\\/uploads\\\/2026\\\/01\\\/5471827860.jpg\",\"width\":1024,\"height\":1024},{\"@type\":\"BreadcrumbList\",\"@id\":\"https:\\\/\\\/schweizversand.ch\\\/fr\\\/produkt\\\/hudora-kinderhelm-pandy-2\\\/#breadcrumb\",\"itemListElement\":[{\"@type\":\"ListItem\",\"position\":1,\"name\":\"Startseite\",\"item\":\"https:\\\/\\\/schweizversand.ch\\\/fr\\\/\"},{\"@type\":\"ListItem\",\"position\":2,\"name\":\"Boutique\",\"item\":\"https:\\\/\\\/schweizversand.ch\\\/fr\\\/boutique\\\/\"},{\"@type\":\"ListItem\",\"position\":3,\"name\":\"Casque pour enfants Hudora Pandy\"}]},{\"@type\":\"WebSite\",\"@id\":\"https:\\\/\\\/schweizversand.ch\\\/fr\\\/#website\",\"url\":\"https:\\\/\\\/schweizversand.ch\\\/fr\\\/\",\"name\":\"Schweizer Shop f\u00fcr Sport, Spiel und Freizeit\",\"description\":\"Gratisversand ab 50.- (netto), ab eigenem schweizer Lager, Lieferung innert 48h\",\"publisher\":{\"@id\":\"https:\\\/\\\/schweizversand.ch\\\/fr\\\/#organization\"},\"alternateName\":\"Schweizversand.ch\",\"potentialAction\":[{\"@type\":\"SearchAction\",\"target\":{\"@type\":\"EntryPoint\",\"urlTemplate\":\"https:\\\/\\\/schweizversand.ch\\\/fr\\\/?s={search_term_string}\"},\"query-input\":{\"@type\":\"PropertyValueSpecification\",\"valueRequired\":true,\"valueName\":\"search_term_string\"}}],\"inLanguage\":\"fr-FR\"},{\"@type\":\"Organization\",\"@id\":\"https:\\\/\\\/schweizversand.ch\\\/fr\\\/#organization\",\"name\":\"Schweizversand.ch\",\"url\":\"https:\\\/\\\/schweizversand.ch\\\/fr\\\/\",\"logo\":{\"@type\":\"ImageObject\",\"inLanguage\":\"fr-FR\",\"@id\":\"https:\\\/\\\/schweizversand.ch\\\/fr\\\/#\\\/schema\\\/logo\\\/image\\\/\",\"url\":\"https:\\\/\\\/schweizversand.ch\\\/wp-content\\\/uploads\\\/2026\\\/03\\\/Logo_Rund_Final-1.png\",\"contentUrl\":\"https:\\\/\\\/schweizversand.ch\\\/wp-content\\\/uploads\\\/2026\\\/03\\\/Logo_Rund_Final-1.png\",\"width\":404,\"height\":404,\"caption\":\"Schweizversand.ch\"},\"image\":{\"@id\":\"https:\\\/\\\/schweizversand.ch\\\/fr\\\/#\\\/schema\\\/logo\\\/image\\\/\"},\"sameAs\":[\"https:\\\/\\\/www.facebook.com\\\/Schweizversand\",\"https:\\\/\\\/www.instagram.com\\\/schweizversand.ch\\\/\"]}]}<\/script>\n<!-- \/ Yoast SEO plugin. -->","yoast_head_json":{"title":"Hudora Kinderhelm Pandy","description":"Maximaler Schutz & Komfort \u2013 Der ideale Helm f\u00fcr kleine Abenteurer!\u00a0 Sicherheit trifft auf Tragekomfort! Unser hochwertiger Helm bietet optimalen Schutz f\u00fcr Ki","robots":{"index":"index","follow":"follow","max-snippet":"max-snippet:-1","max-image-preview":"max-image-preview:large","max-video-preview":"max-video-preview:-1"},"canonical":"https:\/\/schweizversand.ch\/fr\/produkt\/hudora-kinderhelm-pandy-2\/","og_locale":"fr_FR","og_type":"article","og_title":"Hudora Kinderhelm Pandy","og_description":"Maximaler Schutz & Komfort \u2013 Der ideale Helm f\u00fcr kleine Abenteurer!\u00a0 Sicherheit trifft auf Tragekomfort! Unser hochwertiger Helm bietet optimalen Schutz f\u00fcr Ki","og_url":"https:\/\/schweizversand.ch\/fr\/produkt\/hudora-kinderhelm-pandy-2\/","og_site_name":"Schweizer Shop f\u00fcr Sport, Spiel und Freizeit","article_publisher":"https:\/\/www.facebook.com\/Schweizversand","article_modified_time":"2026-04-16T00:16:43+00:00","twitter_card":"summary_large_image","twitter_misc":{"Dur\u00e9e de lecture estim\u00e9e":"1 minute"},"schema":{"@context":"https:\/\/schema.org","@graph":[{"@type":"WebPage","@id":"https:\/\/schweizversand.ch\/fr\/produkt\/hudora-kinderhelm-pandy-2\/","url":"https:\/\/schweizversand.ch\/fr\/produkt\/hudora-kinderhelm-pandy-2\/","name":"Hudora Kinderhelm Pandy","isPartOf":{"@id":"https:\/\/schweizversand.ch\/fr\/#website"},"primaryImageOfPage":{"@id":"https:\/\/schweizversand.ch\/fr\/produkt\/hudora-kinderhelm-pandy-2\/#primaryimage"},"image":{"@id":"https:\/\/schweizversand.ch\/fr\/produkt\/hudora-kinderhelm-pandy-2\/#primaryimage"},"thumbnailUrl":"https:\/\/schweizversand.ch\/wp-content\/uploads\/2026\/01\/5471827860.jpg","datePublished":"2026-04-15T13:31:09+00:00","dateModified":"2026-04-16T00:16:43+00:00","description":"Maximaler Schutz & Komfort \u2013 Der ideale Helm f\u00fcr kleine Abenteurer!\u00a0 Sicherheit trifft auf Tragekomfort! Unser hochwertiger Helm bietet optimalen Schutz f\u00fcr Ki","breadcrumb":{"@id":"https:\/\/schweizversand.ch\/fr\/produkt\/hudora-kinderhelm-pandy-2\/#breadcrumb"},"inLanguage":"fr-FR","potentialAction":[{"@type":"ReadAction","target":["https:\/\/schweizversand.ch\/fr\/produkt\/hudora-kinderhelm-pandy-2\/"]}]},{"@type":"ImageObject","inLanguage":"fr-FR","@id":"https:\/\/schweizversand.ch\/fr\/produkt\/hudora-kinderhelm-pandy-2\/#primaryimage","url":"https:\/\/schweizversand.ch\/wp-content\/uploads\/2026\/01\/5471827860.jpg","contentUrl":"https:\/\/schweizversand.ch\/wp-content\/uploads\/2026\/01\/5471827860.jpg","width":1024,"height":1024},{"@type":"BreadcrumbList","@id":"https:\/\/schweizversand.ch\/fr\/produkt\/hudora-kinderhelm-pandy-2\/#breadcrumb","itemListElement":[{"@type":"ListItem","position":1,"name":"Startseite","item":"https:\/\/schweizversand.ch\/fr\/"},{"@type":"ListItem","position":2,"name":"Boutique","item":"https:\/\/schweizversand.ch\/fr\/boutique\/"},{"@type":"ListItem","position":3,"name":"Casque pour enfants Hudora Pandy"}]},{"@type":"WebSite","@id":"https:\/\/schweizversand.ch\/fr\/#website","url":"https:\/\/schweizversand.ch\/fr\/","name":"Schweizer Shop f\u00fcr Sport, Spiel und Freizeit","description":"Gratisversand ab 50.- (netto), ab eigenem schweizer Lager, Lieferung innert 48h","publisher":{"@id":"https:\/\/schweizversand.ch\/fr\/#organization"},"alternateName":"Schweizversand.ch","potentialAction":[{"@type":"SearchAction","target":{"@type":"EntryPoint","urlTemplate":"https:\/\/schweizversand.ch\/fr\/?s={search_term_string}"},"query-input":{"@type":"PropertyValueSpecification","valueRequired":true,"valueName":"search_term_string"}}],"inLanguage":"fr-FR"},{"@type":"Organization","@id":"https:\/\/schweizversand.ch\/fr\/#organization","name":"Schweizversand.ch","url":"https:\/\/schweizversand.ch\/fr\/","logo":{"@type":"ImageObject","inLanguage":"fr-FR","@id":"https:\/\/schweizversand.ch\/fr\/#\/schema\/logo\/image\/","url":"https:\/\/schweizversand.ch\/wp-content\/uploads\/2026\/03\/Logo_Rund_Final-1.png","contentUrl":"https:\/\/schweizversand.ch\/wp-content\/uploads\/2026\/03\/Logo_Rund_Final-1.png","width":404,"height":404,"caption":"Schweizversand.ch"},"image":{"@id":"https:\/\/schweizversand.ch\/fr\/#\/schema\/logo\/image\/"},"sameAs":["https:\/\/www.facebook.com\/Schweizversand","https:\/\/www.instagram.com\/schweizversand.ch\/"]}]}},"jetpack_sharing_enabled":true,"_links":{"self":[{"href":"https:\/\/schweizversand.ch\/fr\/wp-json\/wp\/v2\/product\/267370","targetHints":{"allow":["GET"]}}],"collection":[{"href":"https:\/\/schweizversand.ch\/fr\/wp-json\/wp\/v2\/product"}],"about":[{"href":"https:\/\/schweizversand.ch\/fr\/wp-json\/wp\/v2\/types\/product"}],"replies":[{"embeddable":true,"href":"https:\/\/schweizversand.ch\/fr\/wp-json\/wp\/v2\/comments?post=267370"}],"wp:featuredmedia":[{"embeddable":true,"href":"https:\/\/schweizversand.ch\/fr\/wp-json\/wp\/v2\/media\/47264"}],"wp:attachment":[{"href":"https:\/\/schweizversand.ch\/fr\/wp-json\/wp\/v2\/media?parent=267370"}],"wp:term":[{"taxonomy":"product_brand","embeddable":true,"href":"https:\/\/schweizversand.ch\/fr\/wp-json\/wp\/v2\/product_brand?post=267370"},{"taxonomy":"product_cat","embeddable":true,"href":"https:\/\/schweizversand.ch\/fr\/wp-json\/wp\/v2\/product_cat?post=267370"},{"taxonomy":"product_tag","embeddable":true,"href":"https:\/\/schweizversand.ch\/fr\/wp-json\/wp\/v2\/product_tag?post=267370"}],"curies":[{"name":"wp","href":"https:\/\/api.w.org\/{rel}","templated":true}]}}