{"id":267372,"date":"2026-04-15T15:31:09","date_gmt":"2026-04-15T13:31:09","guid":{"rendered":"https:\/\/schweizversand.ch\/produkt\/hudora-fussballtor-pro-tect-180\/"},"modified":"2026-04-19T15:36:05","modified_gmt":"2026-04-19T13:36:05","slug":"hudora-fussballtor-pro-tect-180","status":"publish","type":"product","link":"https:\/\/schweizversand.ch\/fr\/produkt\/hudora-fussballtor-pro-tect-180\/","title":{"rendered":"But de football Hudora Pro Tect 180"},"content":{"rendered":"<h1><strong>But de football Hudora Pro Tect 180<\/strong><\/h1>\n<div>Le but de football Hudora Pro Tect 180 est le choix id\u00e9al pour tous les passionn\u00e9s de football qui privil\u00e9gient la s\u00e9curit\u00e9, la robustesse et le plaisir du jeu. Ce but de haute qualit\u00e9 allie des conditions de jeu professionnelles \u00e0 une conception bien pens\u00e9e, ax\u00e9e sur la s\u00e9curit\u00e9.<\/p>\n<\/div>\n<div><strong>S\u00e9curit\u00e9 maximale gr\u00e2ce au rembourrage<\/strong><br \/>Ce but de football robuste a \u00e9t\u00e9 sp\u00e9cialement con\u00e7u pour les matchs intenses. La structure en acier thermolaqu\u00e9 est \u00e9quip\u00e9e d&rsquo;un rembourrage en mousse. Ce rembourrage innovant Pro Tect garantit une s\u00e9curit\u00e9 maximale et minimise les risques de blessures en cas de collision, pour jouer en toute s\u00e9r\u00e9nit\u00e9.<\/p>\n<\/div>\n<div><strong>Caract\u00e9ristiques et dimensions<\/strong><br \/>Le but de football Hudora impressionne par ses dimensions compactes et ergonomiques. Id\u00e9al pour une utilisation dans le jardin, un parc ou sur un terrain de sport.<\/p>\n<\/div>\n<div><strong>D\u00e9tails du but de football Hudora Pro Tect 180<\/strong><br \/>&#8211; Dimensions\u00a0: 180\u00a0cm (largeur) x 120\u00a0cm (hauteur) x 60\u00a0cm (profondeur)<br \/>&#8211; Mat\u00e9riau de la structure\u00a0: Cadre en acier thermolaqu\u00e9<br \/>&#8211; Filet\u00a0: Filet en polyester de haute qualit\u00e9 avec un espacement des n\u0153uds de 45\u00a0mm pour une r\u00e9ception optimale du ballon<br \/>&#8211; Protection\u00a0: B\u00e2che r\u00e9sistante aux intemp\u00e9ries pour une utilisation ext\u00e9rieure durable<br \/>&#8211; Montage\u00a0: Montage facile par simple clic gr\u00e2ce aux poteaux pr\u00e9-\u00e9tiquet\u00e9s<\/p>\n<\/div>\n<div><strong>Stabilit\u00e9 et contenu de la livraison<\/strong><br \/>La stabilit\u00e9 du but est garantie en toutes circonstances. Cinq piquets en forme de U sont inclus, assurant un ancrage s\u00fbr et ferme du but au sol. Procurez-vous le but de football de 180 cm et vivez des moments inoubliables en famille\u00a0!<\/p>\n<\/div>\n<div>Commandez d\u00e8s maintenant le but de football Hudora Pro Tect 180 et profitez d&rsquo;un but durable, s\u00fbr et facile \u00e0 monter pour votre prochain match.<\/p>\n<\/div>\n<div>\n<\/div>\n","protected":false},"excerpt":{"rendered":"<p>Hudora Fussballtor Pro Tect 180 bietet h\u00f6chste Sicherheit mit gepolstertem Stahlrahmen, robuste Qualit\u00e4t und perfekten Spielspa\u00df f\u00fcr intensive Fu\u00dfballmatches \u2013 ideal f\u00fcr Profis und Hobbys&#8230;<\/p>\n","protected":false},"featured_media":165504,"comment_status":"open","ping_status":"closed","template":"","meta":[],"product_brand":[],"product_cat":[39184],"product_tag":[],"class_list":{"0":"post-267372","1":"product","2":"type-product","3":"status-publish","4":"has-post-thumbnail","6":"product_cat-fussball","7":"product_shipping_class-global_methods","9":"first","10":"instock","11":"taxable","12":"shipping-taxable","13":"purchasable","14":"product-type-simple"},"yoast_head":"<!-- This site is optimized with the Yoast SEO plugin v27.4 - https:\/\/yoast.com\/product\/yoast-seo-wordpress\/ -->\n<title>Hudora Fussballtor Pro Tect 180<\/title>\n<meta name=\"description\" content=\"Hudora Fussballtor Pro Tect 180 Das Hudora Fussballtor Pro Tect 180 ist die ideale Wahl f\u00fcr alle Fussballbegeisterten, die Wert auf Sicherheit, Robustheit und s\" \/>\n<meta name=\"robots\" content=\"index, follow, max-snippet:-1, max-image-preview:large, max-video-preview:-1\" \/>\n<link rel=\"canonical\" href=\"https:\/\/schweizversand.ch\/fr\/produkt\/hudora-fussballtor-pro-tect-180\/\" \/>\n<meta property=\"og:locale\" content=\"fr_FR\" \/>\n<meta property=\"og:type\" content=\"article\" \/>\n<meta property=\"og:title\" content=\"Hudora Fussballtor Pro Tect 180\" \/>\n<meta property=\"og:description\" content=\"Hudora Fussballtor Pro Tect 180 Das Hudora Fussballtor Pro Tect 180 ist die ideale Wahl f\u00fcr alle Fussballbegeisterten, die Wert auf Sicherheit, Robustheit und s\" \/>\n<meta property=\"og:url\" content=\"https:\/\/schweizversand.ch\/fr\/produkt\/hudora-fussballtor-pro-tect-180\/\" \/>\n<meta property=\"og:site_name\" content=\"Schweizer Shop f\u00fcr Sport, Spiel und Freizeit\" \/>\n<meta property=\"article:publisher\" content=\"https:\/\/www.facebook.com\/Schweizversand\" \/>\n<meta property=\"article:modified_time\" content=\"2026-04-19T13:36:05+00:00\" \/>\n<meta name=\"twitter:card\" content=\"summary_large_image\" \/>\n<meta name=\"twitter:label1\" content=\"Dur\u00e9e de lecture estim\u00e9e\" \/>\n\t<meta name=\"twitter:data1\" content=\"2 minutes\" \/>\n<script type=\"application\/ld+json\" class=\"yoast-schema-graph\">{\"@context\":\"https:\\\/\\\/schema.org\",\"@graph\":[{\"@type\":\"WebPage\",\"@id\":\"https:\\\/\\\/schweizversand.ch\\\/fr\\\/produkt\\\/hudora-fussballtor-pro-tect-180\\\/\",\"url\":\"https:\\\/\\\/schweizversand.ch\\\/fr\\\/produkt\\\/hudora-fussballtor-pro-tect-180\\\/\",\"name\":\"Hudora Fussballtor Pro Tect 180\",\"isPartOf\":{\"@id\":\"https:\\\/\\\/schweizversand.ch\\\/fr\\\/#website\"},\"primaryImageOfPage\":{\"@id\":\"https:\\\/\\\/schweizversand.ch\\\/fr\\\/produkt\\\/hudora-fussballtor-pro-tect-180\\\/#primaryimage\"},\"image\":{\"@id\":\"https:\\\/\\\/schweizversand.ch\\\/fr\\\/produkt\\\/hudora-fussballtor-pro-tect-180\\\/#primaryimage\"},\"thumbnailUrl\":\"https:\\\/\\\/schweizversand.ch\\\/wp-content\\\/uploads\\\/2026\\\/02\\\/5471492688.png\",\"datePublished\":\"2026-04-15T13:31:09+00:00\",\"dateModified\":\"2026-04-19T13:36:05+00:00\",\"description\":\"Hudora Fussballtor Pro Tect 180 Das Hudora Fussballtor Pro Tect 180 ist die ideale Wahl f\u00fcr alle Fussballbegeisterten, die Wert auf Sicherheit, Robustheit und s\",\"breadcrumb\":{\"@id\":\"https:\\\/\\\/schweizversand.ch\\\/fr\\\/produkt\\\/hudora-fussballtor-pro-tect-180\\\/#breadcrumb\"},\"inLanguage\":\"fr-FR\",\"potentialAction\":[{\"@type\":\"ReadAction\",\"target\":[\"https:\\\/\\\/schweizversand.ch\\\/fr\\\/produkt\\\/hudora-fussballtor-pro-tect-180\\\/\"]}]},{\"@type\":\"ImageObject\",\"inLanguage\":\"fr-FR\",\"@id\":\"https:\\\/\\\/schweizversand.ch\\\/fr\\\/produkt\\\/hudora-fussballtor-pro-tect-180\\\/#primaryimage\",\"url\":\"https:\\\/\\\/schweizversand.ch\\\/wp-content\\\/uploads\\\/2026\\\/02\\\/5471492688.png\",\"contentUrl\":\"https:\\\/\\\/schweizversand.ch\\\/wp-content\\\/uploads\\\/2026\\\/02\\\/5471492688.png\",\"width\":1024,\"height\":720},{\"@type\":\"BreadcrumbList\",\"@id\":\"https:\\\/\\\/schweizversand.ch\\\/fr\\\/produkt\\\/hudora-fussballtor-pro-tect-180\\\/#breadcrumb\",\"itemListElement\":[{\"@type\":\"ListItem\",\"position\":1,\"name\":\"Startseite\",\"item\":\"https:\\\/\\\/schweizversand.ch\\\/fr\\\/home\\\/\"},{\"@type\":\"ListItem\",\"position\":2,\"name\":\"Boutique\",\"item\":\"https:\\\/\\\/schweizversand.ch\\\/fr\\\/boutique\\\/\"},{\"@type\":\"ListItem\",\"position\":3,\"name\":\"But de football Hudora Pro Tect 180\"}]},{\"@type\":\"WebSite\",\"@id\":\"https:\\\/\\\/schweizversand.ch\\\/fr\\\/#website\",\"url\":\"https:\\\/\\\/schweizversand.ch\\\/fr\\\/\",\"name\":\"Schweizer Shop f\u00fcr Sport, Spiel und Freizeit\",\"description\":\"Gratisversand ab 50.- (netto), ab eigenem schweizer Lager, Lieferung innert 48h\",\"publisher\":{\"@id\":\"https:\\\/\\\/schweizversand.ch\\\/fr\\\/#organization\"},\"alternateName\":\"Schweizversand.ch\",\"potentialAction\":[{\"@type\":\"SearchAction\",\"target\":{\"@type\":\"EntryPoint\",\"urlTemplate\":\"https:\\\/\\\/schweizversand.ch\\\/fr\\\/?s={search_term_string}\"},\"query-input\":{\"@type\":\"PropertyValueSpecification\",\"valueRequired\":true,\"valueName\":\"search_term_string\"}}],\"inLanguage\":\"fr-FR\"},{\"@type\":\"Organization\",\"@id\":\"https:\\\/\\\/schweizversand.ch\\\/fr\\\/#organization\",\"name\":\"Schweizversand.ch\",\"url\":\"https:\\\/\\\/schweizversand.ch\\\/fr\\\/\",\"logo\":{\"@type\":\"ImageObject\",\"inLanguage\":\"fr-FR\",\"@id\":\"https:\\\/\\\/schweizversand.ch\\\/fr\\\/#\\\/schema\\\/logo\\\/image\\\/\",\"url\":\"https:\\\/\\\/schweizversand.ch\\\/wp-content\\\/uploads\\\/2026\\\/03\\\/Logo_Rund_Final-1.png\",\"contentUrl\":\"https:\\\/\\\/schweizversand.ch\\\/wp-content\\\/uploads\\\/2026\\\/03\\\/Logo_Rund_Final-1.png\",\"width\":404,\"height\":404,\"caption\":\"Schweizversand.ch\"},\"image\":{\"@id\":\"https:\\\/\\\/schweizversand.ch\\\/fr\\\/#\\\/schema\\\/logo\\\/image\\\/\"},\"sameAs\":[\"https:\\\/\\\/www.facebook.com\\\/Schweizversand\",\"https:\\\/\\\/www.instagram.com\\\/schweizversand.ch\\\/\"]}]}<\/script>\n<!-- \/ Yoast SEO plugin. -->","yoast_head_json":{"title":"Hudora Fussballtor Pro Tect 180","description":"Hudora Fussballtor Pro Tect 180 Das Hudora Fussballtor Pro Tect 180 ist die ideale Wahl f\u00fcr alle Fussballbegeisterten, die Wert auf Sicherheit, Robustheit und s","robots":{"index":"index","follow":"follow","max-snippet":"max-snippet:-1","max-image-preview":"max-image-preview:large","max-video-preview":"max-video-preview:-1"},"canonical":"https:\/\/schweizversand.ch\/fr\/produkt\/hudora-fussballtor-pro-tect-180\/","og_locale":"fr_FR","og_type":"article","og_title":"Hudora Fussballtor Pro Tect 180","og_description":"Hudora Fussballtor Pro Tect 180 Das Hudora Fussballtor Pro Tect 180 ist die ideale Wahl f\u00fcr alle Fussballbegeisterten, die Wert auf Sicherheit, Robustheit und s","og_url":"https:\/\/schweizversand.ch\/fr\/produkt\/hudora-fussballtor-pro-tect-180\/","og_site_name":"Schweizer Shop f\u00fcr Sport, Spiel und Freizeit","article_publisher":"https:\/\/www.facebook.com\/Schweizversand","article_modified_time":"2026-04-19T13:36:05+00:00","twitter_card":"summary_large_image","twitter_misc":{"Dur\u00e9e de lecture estim\u00e9e":"2 minutes"},"schema":{"@context":"https:\/\/schema.org","@graph":[{"@type":"WebPage","@id":"https:\/\/schweizversand.ch\/fr\/produkt\/hudora-fussballtor-pro-tect-180\/","url":"https:\/\/schweizversand.ch\/fr\/produkt\/hudora-fussballtor-pro-tect-180\/","name":"Hudora Fussballtor Pro Tect 180","isPartOf":{"@id":"https:\/\/schweizversand.ch\/fr\/#website"},"primaryImageOfPage":{"@id":"https:\/\/schweizversand.ch\/fr\/produkt\/hudora-fussballtor-pro-tect-180\/#primaryimage"},"image":{"@id":"https:\/\/schweizversand.ch\/fr\/produkt\/hudora-fussballtor-pro-tect-180\/#primaryimage"},"thumbnailUrl":"https:\/\/schweizversand.ch\/wp-content\/uploads\/2026\/02\/5471492688.png","datePublished":"2026-04-15T13:31:09+00:00","dateModified":"2026-04-19T13:36:05+00:00","description":"Hudora Fussballtor Pro Tect 180 Das Hudora Fussballtor Pro Tect 180 ist die ideale Wahl f\u00fcr alle Fussballbegeisterten, die Wert auf Sicherheit, Robustheit und s","breadcrumb":{"@id":"https:\/\/schweizversand.ch\/fr\/produkt\/hudora-fussballtor-pro-tect-180\/#breadcrumb"},"inLanguage":"fr-FR","potentialAction":[{"@type":"ReadAction","target":["https:\/\/schweizversand.ch\/fr\/produkt\/hudora-fussballtor-pro-tect-180\/"]}]},{"@type":"ImageObject","inLanguage":"fr-FR","@id":"https:\/\/schweizversand.ch\/fr\/produkt\/hudora-fussballtor-pro-tect-180\/#primaryimage","url":"https:\/\/schweizversand.ch\/wp-content\/uploads\/2026\/02\/5471492688.png","contentUrl":"https:\/\/schweizversand.ch\/wp-content\/uploads\/2026\/02\/5471492688.png","width":1024,"height":720},{"@type":"BreadcrumbList","@id":"https:\/\/schweizversand.ch\/fr\/produkt\/hudora-fussballtor-pro-tect-180\/#breadcrumb","itemListElement":[{"@type":"ListItem","position":1,"name":"Startseite","item":"https:\/\/schweizversand.ch\/fr\/home\/"},{"@type":"ListItem","position":2,"name":"Boutique","item":"https:\/\/schweizversand.ch\/fr\/boutique\/"},{"@type":"ListItem","position":3,"name":"But de football Hudora Pro Tect 180"}]},{"@type":"WebSite","@id":"https:\/\/schweizversand.ch\/fr\/#website","url":"https:\/\/schweizversand.ch\/fr\/","name":"Schweizer Shop f\u00fcr Sport, Spiel und Freizeit","description":"Gratisversand ab 50.- (netto), ab eigenem schweizer Lager, Lieferung innert 48h","publisher":{"@id":"https:\/\/schweizversand.ch\/fr\/#organization"},"alternateName":"Schweizversand.ch","potentialAction":[{"@type":"SearchAction","target":{"@type":"EntryPoint","urlTemplate":"https:\/\/schweizversand.ch\/fr\/?s={search_term_string}"},"query-input":{"@type":"PropertyValueSpecification","valueRequired":true,"valueName":"search_term_string"}}],"inLanguage":"fr-FR"},{"@type":"Organization","@id":"https:\/\/schweizversand.ch\/fr\/#organization","name":"Schweizversand.ch","url":"https:\/\/schweizversand.ch\/fr\/","logo":{"@type":"ImageObject","inLanguage":"fr-FR","@id":"https:\/\/schweizversand.ch\/fr\/#\/schema\/logo\/image\/","url":"https:\/\/schweizversand.ch\/wp-content\/uploads\/2026\/03\/Logo_Rund_Final-1.png","contentUrl":"https:\/\/schweizversand.ch\/wp-content\/uploads\/2026\/03\/Logo_Rund_Final-1.png","width":404,"height":404,"caption":"Schweizversand.ch"},"image":{"@id":"https:\/\/schweizversand.ch\/fr\/#\/schema\/logo\/image\/"},"sameAs":["https:\/\/www.facebook.com\/Schweizversand","https:\/\/www.instagram.com\/schweizversand.ch\/"]}]}},"jetpack_sharing_enabled":true,"_links":{"self":[{"href":"https:\/\/schweizversand.ch\/fr\/wp-json\/wp\/v2\/product\/267372","targetHints":{"allow":["GET"]}}],"collection":[{"href":"https:\/\/schweizversand.ch\/fr\/wp-json\/wp\/v2\/product"}],"about":[{"href":"https:\/\/schweizversand.ch\/fr\/wp-json\/wp\/v2\/types\/product"}],"replies":[{"embeddable":true,"href":"https:\/\/schweizversand.ch\/fr\/wp-json\/wp\/v2\/comments?post=267372"}],"wp:featuredmedia":[{"embeddable":true,"href":"https:\/\/schweizversand.ch\/fr\/wp-json\/wp\/v2\/media\/165504"}],"wp:attachment":[{"href":"https:\/\/schweizversand.ch\/fr\/wp-json\/wp\/v2\/media?parent=267372"}],"wp:term":[{"taxonomy":"product_brand","embeddable":true,"href":"https:\/\/schweizversand.ch\/fr\/wp-json\/wp\/v2\/product_brand?post=267372"},{"taxonomy":"product_cat","embeddable":true,"href":"https:\/\/schweizversand.ch\/fr\/wp-json\/wp\/v2\/product_cat?post=267372"},{"taxonomy":"product_tag","embeddable":true,"href":"https:\/\/schweizversand.ch\/fr\/wp-json\/wp\/v2\/product_tag?post=267372"}],"curies":[{"name":"wp","href":"https:\/\/api.w.org\/{rel}","templated":true}]}}