{"id":267373,"date":"2026-04-15T15:31:09","date_gmt":"2026-04-15T13:31:09","guid":{"rendered":"https:\/\/schweizversand.ch\/produkt\/hudora-rollschuh-skate-wonders\/"},"modified":"2026-04-18T15:35:11","modified_gmt":"2026-04-18T13:35:11","slug":"hudora-rollschuh-skate-wonders","status":"publish","type":"product","link":"https:\/\/schweizversand.ch\/fr\/produkt\/hudora-rollschuh-skate-wonders\/","title":{"rendered":"Patins \u00e0 roulettes Hudora Skate Wonders"},"content":{"rendered":"<p>Le patin \u00e0 roulettes HUDORA Skate Wonders est un mod\u00e8le sportif, confortable et tendance qui fera chavirer le c\u0153ur de toutes les filles.<\/p>\n<\/p>\n<p>Il est dot\u00e9 de nombreuses caract\u00e9ristiques qui garantissent \u00e0 la fois plaisir et s\u00e9curit\u00e9.<\/p>\n<\/p>\n<p>Le patin \u00e0 roulettes HUDORA Skate Wonders fait partie de la gamme Skate Wonders, une collection color\u00e9e de nouveaux mod\u00e8les qui dynamisent le quotidien et le rendent plus sportif.<\/p>\n<\/p>\n<p>Les patins \u00e0 roulettes, qu&rsquo;ils soient en ligne ou en rollers, connaissent actuellement un regain de popularit\u00e9, notamment aupr\u00e8s des jeunes filles.<\/p>\n<\/p>\n<p>Ces bottes souples en similicuir sont incroyablement confortables et reposent sur un ch\u00e2ssis robuste en polypropyl\u00e8ne (PP) r\u00e9sistant aux chocs, avec un truck en aluminium, des roulements \u00e0 billes ABEC 5 et des roues en polyur\u00e9thane (PU) 82A. Un frein avant en PU assure un arr\u00eat en toute s\u00e9curit\u00e9.<\/p>\n<\/p>\n<p>La semelle int\u00e9rieure est en polyester doux, et le talon et la pointe sont renforc\u00e9s.<\/p>\n<\/p>\n<p>&#8211; Botte en similicuir souple<\/p>\n<\/p>\n<p>&#8211; Ch\u00e2ssis en polypropyl\u00e8ne haute r\u00e9sistance aux chocs avec truck en aluminium<\/p>\n<\/p>\n<p>&#8211; Roues en polyur\u00e9thane moul\u00e9, 82A<\/p>\n<\/p>\n<p>Dimensions des roues\u00a0: 58 x 33 mm<\/p>\n<\/p>\n<p>Roulements \u00e0 billes chrom\u00e9s ABEC 5<\/p>\n<\/p>\n<p>Barri\u00e8re de s\u00e9curit\u00e9 en polyur\u00e9thane<\/p>\n<\/p>\n<p>Semelle int\u00e9rieure confortable en polyester<\/p>\n<\/p>\n<p>Talon et pointe renforc\u00e9s<\/p>\n<\/p>\n<p>Double pointure<\/p>\n","protected":false},"excerpt":{"rendered":"<p>Hudora Rollschuh Skate Wonders bietet M\u00e4dchen bequemen Kunstlederkomfort, sichere PU-Rollen 82A und stabile Aluminiumtrucks f\u00fcr bunten, sportlichen Fahrspa\u00df mit Stopper.<\/p>\n","protected":false},"featured_media":267391,"comment_status":"open","ping_status":"closed","template":"","meta":[],"product_brand":[],"product_cat":[39091],"product_tag":[],"class_list":{"0":"post-267373","1":"product","2":"type-product","3":"status-publish","4":"has-post-thumbnail","6":"product_cat-uncategorized","7":"product_shipping_class-global_methods","9":"first","10":"instock","11":"taxable","12":"shipping-taxable","13":"purchasable","14":"product-type-simple"},"yoast_head":"<!-- This site is optimized with the Yoast SEO plugin v27.4 - https:\/\/yoast.com\/product\/yoast-seo-wordpress\/ -->\n<title>Hudora Rollschuh Skate Wonders<\/title>\n<meta name=\"description\" content=\"Der HUDORA Rollschuh Skate Wonders ist ein sportlicher,\u00a0 \u00a0 \u00a0 bequemer und cooler Rollschuh, der M\u00e4dchenherzen h\u00f6her schlagen l\u00e4sst. \u00a0 Mit vielen Features, die\" \/>\n<meta name=\"robots\" content=\"index, follow, max-snippet:-1, max-image-preview:large, max-video-preview:-1\" \/>\n<link rel=\"canonical\" href=\"https:\/\/schweizversand.ch\/fr\/produkt\/hudora-rollschuh-skate-wonders\/\" \/>\n<meta property=\"og:locale\" content=\"fr_FR\" \/>\n<meta property=\"og:type\" content=\"article\" \/>\n<meta property=\"og:title\" content=\"Hudora Rollschuh Skate Wonders\" \/>\n<meta property=\"og:description\" content=\"Der HUDORA Rollschuh Skate Wonders ist ein sportlicher,\u00a0 \u00a0 \u00a0 bequemer und cooler Rollschuh, der M\u00e4dchenherzen h\u00f6her schlagen l\u00e4sst. \u00a0 Mit vielen Features, die\" \/>\n<meta property=\"og:url\" content=\"https:\/\/schweizversand.ch\/fr\/produkt\/hudora-rollschuh-skate-wonders\/\" \/>\n<meta property=\"og:site_name\" content=\"Schweizer Shop f\u00fcr Sport, Spiel und Freizeit\" \/>\n<meta property=\"article:publisher\" content=\"https:\/\/www.facebook.com\/Schweizversand\" \/>\n<meta property=\"article:modified_time\" content=\"2026-04-18T13:35:11+00:00\" \/>\n<meta name=\"twitter:card\" content=\"summary_large_image\" \/>\n<meta name=\"twitter:label1\" content=\"Dur\u00e9e de lecture estim\u00e9e\" \/>\n\t<meta name=\"twitter:data1\" content=\"1 minute\" \/>\n<script type=\"application\/ld+json\" class=\"yoast-schema-graph\">{\"@context\":\"https:\\\/\\\/schema.org\",\"@graph\":[{\"@type\":\"WebPage\",\"@id\":\"https:\\\/\\\/schweizversand.ch\\\/fr\\\/produkt\\\/hudora-rollschuh-skate-wonders\\\/\",\"url\":\"https:\\\/\\\/schweizversand.ch\\\/fr\\\/produkt\\\/hudora-rollschuh-skate-wonders\\\/\",\"name\":\"Hudora Rollschuh Skate Wonders\",\"isPartOf\":{\"@id\":\"https:\\\/\\\/schweizversand.ch\\\/fr\\\/#website\"},\"primaryImageOfPage\":{\"@id\":\"https:\\\/\\\/schweizversand.ch\\\/fr\\\/produkt\\\/hudora-rollschuh-skate-wonders\\\/#primaryimage\"},\"image\":{\"@id\":\"https:\\\/\\\/schweizversand.ch\\\/fr\\\/produkt\\\/hudora-rollschuh-skate-wonders\\\/#primaryimage\"},\"thumbnailUrl\":\"https:\\\/\\\/schweizversand.ch\\\/wp-content\\\/uploads\\\/2026\\\/04\\\/5471495898.jpg\",\"datePublished\":\"2026-04-15T13:31:09+00:00\",\"dateModified\":\"2026-04-18T13:35:11+00:00\",\"description\":\"Der HUDORA Rollschuh Skate Wonders ist ein sportlicher,\u00a0 \u00a0 \u00a0 bequemer und cooler Rollschuh, der M\u00e4dchenherzen h\u00f6her schlagen l\u00e4sst. \u00a0 Mit vielen Features, die\",\"breadcrumb\":{\"@id\":\"https:\\\/\\\/schweizversand.ch\\\/fr\\\/produkt\\\/hudora-rollschuh-skate-wonders\\\/#breadcrumb\"},\"inLanguage\":\"fr-FR\",\"potentialAction\":[{\"@type\":\"ReadAction\",\"target\":[\"https:\\\/\\\/schweizversand.ch\\\/fr\\\/produkt\\\/hudora-rollschuh-skate-wonders\\\/\"]}]},{\"@type\":\"ImageObject\",\"inLanguage\":\"fr-FR\",\"@id\":\"https:\\\/\\\/schweizversand.ch\\\/fr\\\/produkt\\\/hudora-rollschuh-skate-wonders\\\/#primaryimage\",\"url\":\"https:\\\/\\\/schweizversand.ch\\\/wp-content\\\/uploads\\\/2026\\\/04\\\/5471495898.jpg\",\"contentUrl\":\"https:\\\/\\\/schweizversand.ch\\\/wp-content\\\/uploads\\\/2026\\\/04\\\/5471495898.jpg\",\"width\":932,\"height\":1024},{\"@type\":\"BreadcrumbList\",\"@id\":\"https:\\\/\\\/schweizversand.ch\\\/fr\\\/produkt\\\/hudora-rollschuh-skate-wonders\\\/#breadcrumb\",\"itemListElement\":[{\"@type\":\"ListItem\",\"position\":1,\"name\":\"Startseite\",\"item\":\"https:\\\/\\\/schweizversand.ch\\\/fr\\\/home\\\/\"},{\"@type\":\"ListItem\",\"position\":2,\"name\":\"Boutique\",\"item\":\"https:\\\/\\\/schweizversand.ch\\\/fr\\\/boutique\\\/\"},{\"@type\":\"ListItem\",\"position\":3,\"name\":\"Patins \u00e0 roulettes Hudora Skate Wonders\"}]},{\"@type\":\"WebSite\",\"@id\":\"https:\\\/\\\/schweizversand.ch\\\/fr\\\/#website\",\"url\":\"https:\\\/\\\/schweizversand.ch\\\/fr\\\/\",\"name\":\"Schweizer Shop f\u00fcr Sport, Spiel und Freizeit\",\"description\":\"Gratisversand ab 50.- (netto), ab eigenem schweizer Lager, Lieferung innert 48h\",\"publisher\":{\"@id\":\"https:\\\/\\\/schweizversand.ch\\\/fr\\\/#organization\"},\"alternateName\":\"Schweizversand.ch\",\"potentialAction\":[{\"@type\":\"SearchAction\",\"target\":{\"@type\":\"EntryPoint\",\"urlTemplate\":\"https:\\\/\\\/schweizversand.ch\\\/fr\\\/?s={search_term_string}\"},\"query-input\":{\"@type\":\"PropertyValueSpecification\",\"valueRequired\":true,\"valueName\":\"search_term_string\"}}],\"inLanguage\":\"fr-FR\"},{\"@type\":\"Organization\",\"@id\":\"https:\\\/\\\/schweizversand.ch\\\/fr\\\/#organization\",\"name\":\"Schweizversand.ch\",\"url\":\"https:\\\/\\\/schweizversand.ch\\\/fr\\\/\",\"logo\":{\"@type\":\"ImageObject\",\"inLanguage\":\"fr-FR\",\"@id\":\"https:\\\/\\\/schweizversand.ch\\\/fr\\\/#\\\/schema\\\/logo\\\/image\\\/\",\"url\":\"https:\\\/\\\/schweizversand.ch\\\/wp-content\\\/uploads\\\/2026\\\/03\\\/Logo_Rund_Final-1.png\",\"contentUrl\":\"https:\\\/\\\/schweizversand.ch\\\/wp-content\\\/uploads\\\/2026\\\/03\\\/Logo_Rund_Final-1.png\",\"width\":404,\"height\":404,\"caption\":\"Schweizversand.ch\"},\"image\":{\"@id\":\"https:\\\/\\\/schweizversand.ch\\\/fr\\\/#\\\/schema\\\/logo\\\/image\\\/\"},\"sameAs\":[\"https:\\\/\\\/www.facebook.com\\\/Schweizversand\",\"https:\\\/\\\/www.instagram.com\\\/schweizversand.ch\\\/\"]}]}<\/script>\n<!-- \/ Yoast SEO plugin. -->","yoast_head_json":{"title":"Hudora Rollschuh Skate Wonders","description":"Der HUDORA Rollschuh Skate Wonders ist ein sportlicher,\u00a0 \u00a0 \u00a0 bequemer und cooler Rollschuh, der M\u00e4dchenherzen h\u00f6her schlagen l\u00e4sst. \u00a0 Mit vielen Features, die","robots":{"index":"index","follow":"follow","max-snippet":"max-snippet:-1","max-image-preview":"max-image-preview:large","max-video-preview":"max-video-preview:-1"},"canonical":"https:\/\/schweizversand.ch\/fr\/produkt\/hudora-rollschuh-skate-wonders\/","og_locale":"fr_FR","og_type":"article","og_title":"Hudora Rollschuh Skate Wonders","og_description":"Der HUDORA Rollschuh Skate Wonders ist ein sportlicher,\u00a0 \u00a0 \u00a0 bequemer und cooler Rollschuh, der M\u00e4dchenherzen h\u00f6her schlagen l\u00e4sst. \u00a0 Mit vielen Features, die","og_url":"https:\/\/schweizversand.ch\/fr\/produkt\/hudora-rollschuh-skate-wonders\/","og_site_name":"Schweizer Shop f\u00fcr Sport, Spiel und Freizeit","article_publisher":"https:\/\/www.facebook.com\/Schweizversand","article_modified_time":"2026-04-18T13:35:11+00:00","twitter_card":"summary_large_image","twitter_misc":{"Dur\u00e9e de lecture estim\u00e9e":"1 minute"},"schema":{"@context":"https:\/\/schema.org","@graph":[{"@type":"WebPage","@id":"https:\/\/schweizversand.ch\/fr\/produkt\/hudora-rollschuh-skate-wonders\/","url":"https:\/\/schweizversand.ch\/fr\/produkt\/hudora-rollschuh-skate-wonders\/","name":"Hudora Rollschuh Skate Wonders","isPartOf":{"@id":"https:\/\/schweizversand.ch\/fr\/#website"},"primaryImageOfPage":{"@id":"https:\/\/schweizversand.ch\/fr\/produkt\/hudora-rollschuh-skate-wonders\/#primaryimage"},"image":{"@id":"https:\/\/schweizversand.ch\/fr\/produkt\/hudora-rollschuh-skate-wonders\/#primaryimage"},"thumbnailUrl":"https:\/\/schweizversand.ch\/wp-content\/uploads\/2026\/04\/5471495898.jpg","datePublished":"2026-04-15T13:31:09+00:00","dateModified":"2026-04-18T13:35:11+00:00","description":"Der HUDORA Rollschuh Skate Wonders ist ein sportlicher,\u00a0 \u00a0 \u00a0 bequemer und cooler Rollschuh, der M\u00e4dchenherzen h\u00f6her schlagen l\u00e4sst. \u00a0 Mit vielen Features, die","breadcrumb":{"@id":"https:\/\/schweizversand.ch\/fr\/produkt\/hudora-rollschuh-skate-wonders\/#breadcrumb"},"inLanguage":"fr-FR","potentialAction":[{"@type":"ReadAction","target":["https:\/\/schweizversand.ch\/fr\/produkt\/hudora-rollschuh-skate-wonders\/"]}]},{"@type":"ImageObject","inLanguage":"fr-FR","@id":"https:\/\/schweizversand.ch\/fr\/produkt\/hudora-rollschuh-skate-wonders\/#primaryimage","url":"https:\/\/schweizversand.ch\/wp-content\/uploads\/2026\/04\/5471495898.jpg","contentUrl":"https:\/\/schweizversand.ch\/wp-content\/uploads\/2026\/04\/5471495898.jpg","width":932,"height":1024},{"@type":"BreadcrumbList","@id":"https:\/\/schweizversand.ch\/fr\/produkt\/hudora-rollschuh-skate-wonders\/#breadcrumb","itemListElement":[{"@type":"ListItem","position":1,"name":"Startseite","item":"https:\/\/schweizversand.ch\/fr\/home\/"},{"@type":"ListItem","position":2,"name":"Boutique","item":"https:\/\/schweizversand.ch\/fr\/boutique\/"},{"@type":"ListItem","position":3,"name":"Patins \u00e0 roulettes Hudora Skate Wonders"}]},{"@type":"WebSite","@id":"https:\/\/schweizversand.ch\/fr\/#website","url":"https:\/\/schweizversand.ch\/fr\/","name":"Schweizer Shop f\u00fcr Sport, Spiel und Freizeit","description":"Gratisversand ab 50.- (netto), ab eigenem schweizer Lager, Lieferung innert 48h","publisher":{"@id":"https:\/\/schweizversand.ch\/fr\/#organization"},"alternateName":"Schweizversand.ch","potentialAction":[{"@type":"SearchAction","target":{"@type":"EntryPoint","urlTemplate":"https:\/\/schweizversand.ch\/fr\/?s={search_term_string}"},"query-input":{"@type":"PropertyValueSpecification","valueRequired":true,"valueName":"search_term_string"}}],"inLanguage":"fr-FR"},{"@type":"Organization","@id":"https:\/\/schweizversand.ch\/fr\/#organization","name":"Schweizversand.ch","url":"https:\/\/schweizversand.ch\/fr\/","logo":{"@type":"ImageObject","inLanguage":"fr-FR","@id":"https:\/\/schweizversand.ch\/fr\/#\/schema\/logo\/image\/","url":"https:\/\/schweizversand.ch\/wp-content\/uploads\/2026\/03\/Logo_Rund_Final-1.png","contentUrl":"https:\/\/schweizversand.ch\/wp-content\/uploads\/2026\/03\/Logo_Rund_Final-1.png","width":404,"height":404,"caption":"Schweizversand.ch"},"image":{"@id":"https:\/\/schweizversand.ch\/fr\/#\/schema\/logo\/image\/"},"sameAs":["https:\/\/www.facebook.com\/Schweizversand","https:\/\/www.instagram.com\/schweizversand.ch\/"]}]}},"jetpack_sharing_enabled":true,"_links":{"self":[{"href":"https:\/\/schweizversand.ch\/fr\/wp-json\/wp\/v2\/product\/267373","targetHints":{"allow":["GET"]}}],"collection":[{"href":"https:\/\/schweizversand.ch\/fr\/wp-json\/wp\/v2\/product"}],"about":[{"href":"https:\/\/schweizversand.ch\/fr\/wp-json\/wp\/v2\/types\/product"}],"replies":[{"embeddable":true,"href":"https:\/\/schweizversand.ch\/fr\/wp-json\/wp\/v2\/comments?post=267373"}],"wp:featuredmedia":[{"embeddable":true,"href":"https:\/\/schweizversand.ch\/fr\/wp-json\/wp\/v2\/media\/267391"}],"wp:attachment":[{"href":"https:\/\/schweizversand.ch\/fr\/wp-json\/wp\/v2\/media?parent=267373"}],"wp:term":[{"taxonomy":"product_brand","embeddable":true,"href":"https:\/\/schweizversand.ch\/fr\/wp-json\/wp\/v2\/product_brand?post=267373"},{"taxonomy":"product_cat","embeddable":true,"href":"https:\/\/schweizversand.ch\/fr\/wp-json\/wp\/v2\/product_cat?post=267373"},{"taxonomy":"product_tag","embeddable":true,"href":"https:\/\/schweizversand.ch\/fr\/wp-json\/wp\/v2\/product_tag?post=267373"}],"curies":[{"name":"wp","href":"https:\/\/api.w.org\/{rel}","templated":true}]}}