{"id":267376,"date":"2026-04-15T15:31:10","date_gmt":"2026-04-15T13:31:10","guid":{"rendered":"https:\/\/schweizversand.ch\/produkt\/hudora-scooter-up-200\/"},"modified":"2026-04-17T02:04:56","modified_gmt":"2026-04-17T00:04:56","slug":"hudora-scooter-up-200","status":"publish","type":"product","link":"https:\/\/schweizversand.ch\/fr\/produkt\/hudora-scooter-up-200\/","title":{"rendered":"Scooter Hudora UP 200"},"content":{"rendered":"<h1><strong>Trottinette Hudora UP 200<\/strong><\/h1>\n<div>D\u00e9couvrez l&rsquo;alliance parfaite du confort, du style et de la s\u00e9curit\u00e9 avec la trottinette <strong>Hudora UP 200<\/strong>. Cette trottinette urbaine haut de gamme est id\u00e9ale pour tous ceux qui souhaitent se d\u00e9placer aussi bien en ville qu&rsquo;\u00e0 la campagne sans sacrifier le confort.<\/p>\n<\/div>\n<div><strong>Confort et design<\/strong><br \/>La trottinette <strong>Hudora<\/strong> s\u00e9duit par son ergonomie bien pens\u00e9e. Son guidon extra-large assure une conduite facile et <strong>confortable<\/strong> et vous offre un meilleur contr\u00f4le. Le guidon noir mat et les jantes bicolores conf\u00e8rent \u00e0 cette trottinette adulte un look moderne et \u00e9l\u00e9gant. Les poign\u00e9es en caoutchouc TPU de haute qualit\u00e9 offrent une prise en main ferme et restent confortables m\u00eame lors de longs trajets.<\/p>\n<\/div>\n<div><strong>S\u00e9curit\u00e9 et visibilit\u00e9<\/strong><br \/>Votre s\u00e9curit\u00e9 est notre priorit\u00e9 absolue. Les pneus sont \u00e9quip\u00e9s d&rsquo;impressions r\u00e9fl\u00e9chissantes sur les deux flancs, ce qui am\u00e9liore consid\u00e9rablement la visibilit\u00e9 sur la route. De plus, les fixations \u00e0 fonctionnement fluide garantissent une conduite silencieuse et confortable. Le frein \u00e0 friction arri\u00e8re int\u00e9gr\u00e9 assure un freinage fiable.<\/p>\n<\/div>\n<div><strong>Caract\u00e9ristiques techniques<\/strong><br \/> &#8211; Mat\u00e9riau\u00a0: Aluminium de haute qualit\u00e9, robuste et durable<br \/> &#8211; Roues\u00a0: <strong>Roues de 200\u00a0mm de diam\u00e8tre \u00e0 haut rebond<\/strong> en polyur\u00e9thane moul\u00e9 pour une conduite souple<br \/> &#8211; Roulements \u00e0 billes\u00a0: Roulements \u00e0 billes chrom\u00e9s ABEC\u00a05 pour d&rsquo;excellentes performances<br \/> &#8211; Guidon\u00a0: Hauteur r\u00e9glable de 77\u00a0cm \u00e0 103\u00a0cm pour un ajustement optimal<br \/> &#8211; Frein\u00a0: Frein \u00e0 friction arri\u00e8re efficace<br \/> &#8211; Dimensions\u00a0: Longueur env. 89\u00a0cm<br \/> &#8211; Poids maximal de l&rsquo;utilisateur\u00a0: 100\u00a0kg<\/p>\n<\/div>\n<div>La trottinette est non seulement un moyen de transport pratique, mais aussi un accessoire \u00e9l\u00e9gant. Procurez-vous d\u00e8s maintenant votre scooter Hudora UP 200 et profitez d&rsquo;une mobilit\u00e9 maximale avec style et confort.<\/p>\n<\/div>\n<div><\/div>\n","protected":false},"excerpt":{"rendered":"<p>Hudora Scooter UP 200 bietet Komfort, stilvolles Design und maximale Sicherheit mit extra breitem Lenker, rutschfesten Griffen und reflektierenden Reifen f\u00fcr urbane Mobilit\u00e4t.<\/p>\n","protected":false},"featured_media":47533,"comment_status":"open","ping_status":"closed","template":"","meta":[],"product_brand":[],"product_cat":[38632],"product_tag":[],"class_list":{"0":"post-267376","1":"product","2":"type-product","3":"status-publish","4":"has-post-thumbnail","6":"product_cat-scooter","7":"product_shipping_class-global_methods","9":"first","10":"instock","11":"taxable","12":"shipping-taxable","13":"purchasable","14":"product-type-simple"},"yoast_head":"<!-- This site is optimized with the Yoast SEO plugin v27.4 - https:\/\/yoast.com\/product\/yoast-seo-wordpress\/ -->\n<title>Hudora Scooter UP 200<\/title>\n<meta name=\"description\" content=\"Hudora Scooter UP 200 Erleben Sie den perfekten Mix aus Komfort, Stil und Sicherheit mit dem Hudora Scooter UP 200 . Dieser hochwertige City Roller ist ideal f\u00fc\" \/>\n<meta name=\"robots\" content=\"index, follow, max-snippet:-1, max-image-preview:large, max-video-preview:-1\" \/>\n<link rel=\"canonical\" href=\"https:\/\/schweizversand.ch\/fr\/produkt\/hudora-scooter-up-200\/\" \/>\n<meta property=\"og:locale\" content=\"fr_FR\" \/>\n<meta property=\"og:type\" content=\"article\" \/>\n<meta property=\"og:title\" content=\"Hudora Scooter UP 200\" \/>\n<meta property=\"og:description\" content=\"Hudora Scooter UP 200 Erleben Sie den perfekten Mix aus Komfort, Stil und Sicherheit mit dem Hudora Scooter UP 200 . Dieser hochwertige City Roller ist ideal f\u00fc\" \/>\n<meta property=\"og:url\" content=\"https:\/\/schweizversand.ch\/fr\/produkt\/hudora-scooter-up-200\/\" \/>\n<meta property=\"og:site_name\" content=\"Schweizer Shop f\u00fcr Sport, Spiel und Freizeit\" \/>\n<meta property=\"article:publisher\" content=\"https:\/\/www.facebook.com\/Schweizversand\" \/>\n<meta property=\"article:modified_time\" content=\"2026-04-17T00:04:56+00:00\" \/>\n<meta name=\"twitter:card\" content=\"summary_large_image\" \/>\n<meta name=\"twitter:label1\" content=\"Dur\u00e9e de lecture estim\u00e9e\" \/>\n\t<meta name=\"twitter:data1\" content=\"1 minute\" \/>\n<script type=\"application\/ld+json\" class=\"yoast-schema-graph\">{\"@context\":\"https:\\\/\\\/schema.org\",\"@graph\":[{\"@type\":\"WebPage\",\"@id\":\"https:\\\/\\\/schweizversand.ch\\\/fr\\\/produkt\\\/hudora-scooter-up-200\\\/\",\"url\":\"https:\\\/\\\/schweizversand.ch\\\/fr\\\/produkt\\\/hudora-scooter-up-200\\\/\",\"name\":\"Hudora Scooter UP 200\",\"isPartOf\":{\"@id\":\"https:\\\/\\\/schweizversand.ch\\\/fr\\\/#website\"},\"primaryImageOfPage\":{\"@id\":\"https:\\\/\\\/schweizversand.ch\\\/fr\\\/produkt\\\/hudora-scooter-up-200\\\/#primaryimage\"},\"image\":{\"@id\":\"https:\\\/\\\/schweizversand.ch\\\/fr\\\/produkt\\\/hudora-scooter-up-200\\\/#primaryimage\"},\"thumbnailUrl\":\"https:\\\/\\\/schweizversand.ch\\\/wp-content\\\/uploads\\\/2026\\\/01\\\/5471827183.jpg\",\"datePublished\":\"2026-04-15T13:31:10+00:00\",\"dateModified\":\"2026-04-17T00:04:56+00:00\",\"description\":\"Hudora Scooter UP 200 Erleben Sie den perfekten Mix aus Komfort, Stil und Sicherheit mit dem Hudora Scooter UP 200 . Dieser hochwertige City Roller ist ideal f\u00fc\",\"breadcrumb\":{\"@id\":\"https:\\\/\\\/schweizversand.ch\\\/fr\\\/produkt\\\/hudora-scooter-up-200\\\/#breadcrumb\"},\"inLanguage\":\"fr-FR\",\"potentialAction\":[{\"@type\":\"ReadAction\",\"target\":[\"https:\\\/\\\/schweizversand.ch\\\/fr\\\/produkt\\\/hudora-scooter-up-200\\\/\"]}]},{\"@type\":\"ImageObject\",\"inLanguage\":\"fr-FR\",\"@id\":\"https:\\\/\\\/schweizversand.ch\\\/fr\\\/produkt\\\/hudora-scooter-up-200\\\/#primaryimage\",\"url\":\"https:\\\/\\\/schweizversand.ch\\\/wp-content\\\/uploads\\\/2026\\\/01\\\/5471827183.jpg\",\"contentUrl\":\"https:\\\/\\\/schweizversand.ch\\\/wp-content\\\/uploads\\\/2026\\\/01\\\/5471827183.jpg\",\"width\":1024,\"height\":1024},{\"@type\":\"BreadcrumbList\",\"@id\":\"https:\\\/\\\/schweizversand.ch\\\/fr\\\/produkt\\\/hudora-scooter-up-200\\\/#breadcrumb\",\"itemListElement\":[{\"@type\":\"ListItem\",\"position\":1,\"name\":\"Startseite\",\"item\":\"https:\\\/\\\/schweizversand.ch\\\/fr\\\/\"},{\"@type\":\"ListItem\",\"position\":2,\"name\":\"Boutique\",\"item\":\"https:\\\/\\\/schweizversand.ch\\\/fr\\\/boutique\\\/\"},{\"@type\":\"ListItem\",\"position\":3,\"name\":\"Scooter Hudora UP 200\"}]},{\"@type\":\"WebSite\",\"@id\":\"https:\\\/\\\/schweizversand.ch\\\/fr\\\/#website\",\"url\":\"https:\\\/\\\/schweizversand.ch\\\/fr\\\/\",\"name\":\"Schweizer Shop f\u00fcr Sport, Spiel und Freizeit\",\"description\":\"Gratisversand ab 50.- (netto), ab eigenem schweizer Lager, Lieferung innert 48h\",\"publisher\":{\"@id\":\"https:\\\/\\\/schweizversand.ch\\\/fr\\\/#organization\"},\"alternateName\":\"Schweizversand.ch\",\"potentialAction\":[{\"@type\":\"SearchAction\",\"target\":{\"@type\":\"EntryPoint\",\"urlTemplate\":\"https:\\\/\\\/schweizversand.ch\\\/fr\\\/?s={search_term_string}\"},\"query-input\":{\"@type\":\"PropertyValueSpecification\",\"valueRequired\":true,\"valueName\":\"search_term_string\"}}],\"inLanguage\":\"fr-FR\"},{\"@type\":\"Organization\",\"@id\":\"https:\\\/\\\/schweizversand.ch\\\/fr\\\/#organization\",\"name\":\"Schweizversand.ch\",\"url\":\"https:\\\/\\\/schweizversand.ch\\\/fr\\\/\",\"logo\":{\"@type\":\"ImageObject\",\"inLanguage\":\"fr-FR\",\"@id\":\"https:\\\/\\\/schweizversand.ch\\\/fr\\\/#\\\/schema\\\/logo\\\/image\\\/\",\"url\":\"https:\\\/\\\/schweizversand.ch\\\/wp-content\\\/uploads\\\/2026\\\/03\\\/Logo_Rund_Final-1.png\",\"contentUrl\":\"https:\\\/\\\/schweizversand.ch\\\/wp-content\\\/uploads\\\/2026\\\/03\\\/Logo_Rund_Final-1.png\",\"width\":404,\"height\":404,\"caption\":\"Schweizversand.ch\"},\"image\":{\"@id\":\"https:\\\/\\\/schweizversand.ch\\\/fr\\\/#\\\/schema\\\/logo\\\/image\\\/\"},\"sameAs\":[\"https:\\\/\\\/www.facebook.com\\\/Schweizversand\",\"https:\\\/\\\/www.instagram.com\\\/schweizversand.ch\\\/\"]}]}<\/script>\n<!-- \/ Yoast SEO plugin. -->","yoast_head_json":{"title":"Hudora Scooter UP 200","description":"Hudora Scooter UP 200 Erleben Sie den perfekten Mix aus Komfort, Stil und Sicherheit mit dem Hudora Scooter UP 200 . Dieser hochwertige City Roller ist ideal f\u00fc","robots":{"index":"index","follow":"follow","max-snippet":"max-snippet:-1","max-image-preview":"max-image-preview:large","max-video-preview":"max-video-preview:-1"},"canonical":"https:\/\/schweizversand.ch\/fr\/produkt\/hudora-scooter-up-200\/","og_locale":"fr_FR","og_type":"article","og_title":"Hudora Scooter UP 200","og_description":"Hudora Scooter UP 200 Erleben Sie den perfekten Mix aus Komfort, Stil und Sicherheit mit dem Hudora Scooter UP 200 . Dieser hochwertige City Roller ist ideal f\u00fc","og_url":"https:\/\/schweizversand.ch\/fr\/produkt\/hudora-scooter-up-200\/","og_site_name":"Schweizer Shop f\u00fcr Sport, Spiel und Freizeit","article_publisher":"https:\/\/www.facebook.com\/Schweizversand","article_modified_time":"2026-04-17T00:04:56+00:00","twitter_card":"summary_large_image","twitter_misc":{"Dur\u00e9e de lecture estim\u00e9e":"1 minute"},"schema":{"@context":"https:\/\/schema.org","@graph":[{"@type":"WebPage","@id":"https:\/\/schweizversand.ch\/fr\/produkt\/hudora-scooter-up-200\/","url":"https:\/\/schweizversand.ch\/fr\/produkt\/hudora-scooter-up-200\/","name":"Hudora Scooter UP 200","isPartOf":{"@id":"https:\/\/schweizversand.ch\/fr\/#website"},"primaryImageOfPage":{"@id":"https:\/\/schweizversand.ch\/fr\/produkt\/hudora-scooter-up-200\/#primaryimage"},"image":{"@id":"https:\/\/schweizversand.ch\/fr\/produkt\/hudora-scooter-up-200\/#primaryimage"},"thumbnailUrl":"https:\/\/schweizversand.ch\/wp-content\/uploads\/2026\/01\/5471827183.jpg","datePublished":"2026-04-15T13:31:10+00:00","dateModified":"2026-04-17T00:04:56+00:00","description":"Hudora Scooter UP 200 Erleben Sie den perfekten Mix aus Komfort, Stil und Sicherheit mit dem Hudora Scooter UP 200 . Dieser hochwertige City Roller ist ideal f\u00fc","breadcrumb":{"@id":"https:\/\/schweizversand.ch\/fr\/produkt\/hudora-scooter-up-200\/#breadcrumb"},"inLanguage":"fr-FR","potentialAction":[{"@type":"ReadAction","target":["https:\/\/schweizversand.ch\/fr\/produkt\/hudora-scooter-up-200\/"]}]},{"@type":"ImageObject","inLanguage":"fr-FR","@id":"https:\/\/schweizversand.ch\/fr\/produkt\/hudora-scooter-up-200\/#primaryimage","url":"https:\/\/schweizversand.ch\/wp-content\/uploads\/2026\/01\/5471827183.jpg","contentUrl":"https:\/\/schweizversand.ch\/wp-content\/uploads\/2026\/01\/5471827183.jpg","width":1024,"height":1024},{"@type":"BreadcrumbList","@id":"https:\/\/schweizversand.ch\/fr\/produkt\/hudora-scooter-up-200\/#breadcrumb","itemListElement":[{"@type":"ListItem","position":1,"name":"Startseite","item":"https:\/\/schweizversand.ch\/fr\/"},{"@type":"ListItem","position":2,"name":"Boutique","item":"https:\/\/schweizversand.ch\/fr\/boutique\/"},{"@type":"ListItem","position":3,"name":"Scooter Hudora UP 200"}]},{"@type":"WebSite","@id":"https:\/\/schweizversand.ch\/fr\/#website","url":"https:\/\/schweizversand.ch\/fr\/","name":"Schweizer Shop f\u00fcr Sport, Spiel und Freizeit","description":"Gratisversand ab 50.- (netto), ab eigenem schweizer Lager, Lieferung innert 48h","publisher":{"@id":"https:\/\/schweizversand.ch\/fr\/#organization"},"alternateName":"Schweizversand.ch","potentialAction":[{"@type":"SearchAction","target":{"@type":"EntryPoint","urlTemplate":"https:\/\/schweizversand.ch\/fr\/?s={search_term_string}"},"query-input":{"@type":"PropertyValueSpecification","valueRequired":true,"valueName":"search_term_string"}}],"inLanguage":"fr-FR"},{"@type":"Organization","@id":"https:\/\/schweizversand.ch\/fr\/#organization","name":"Schweizversand.ch","url":"https:\/\/schweizversand.ch\/fr\/","logo":{"@type":"ImageObject","inLanguage":"fr-FR","@id":"https:\/\/schweizversand.ch\/fr\/#\/schema\/logo\/image\/","url":"https:\/\/schweizversand.ch\/wp-content\/uploads\/2026\/03\/Logo_Rund_Final-1.png","contentUrl":"https:\/\/schweizversand.ch\/wp-content\/uploads\/2026\/03\/Logo_Rund_Final-1.png","width":404,"height":404,"caption":"Schweizversand.ch"},"image":{"@id":"https:\/\/schweizversand.ch\/fr\/#\/schema\/logo\/image\/"},"sameAs":["https:\/\/www.facebook.com\/Schweizversand","https:\/\/www.instagram.com\/schweizversand.ch\/"]}]}},"jetpack_sharing_enabled":true,"_links":{"self":[{"href":"https:\/\/schweizversand.ch\/fr\/wp-json\/wp\/v2\/product\/267376","targetHints":{"allow":["GET"]}}],"collection":[{"href":"https:\/\/schweizversand.ch\/fr\/wp-json\/wp\/v2\/product"}],"about":[{"href":"https:\/\/schweizversand.ch\/fr\/wp-json\/wp\/v2\/types\/product"}],"replies":[{"embeddable":true,"href":"https:\/\/schweizversand.ch\/fr\/wp-json\/wp\/v2\/comments?post=267376"}],"wp:featuredmedia":[{"embeddable":true,"href":"https:\/\/schweizversand.ch\/fr\/wp-json\/wp\/v2\/media\/47533"}],"wp:attachment":[{"href":"https:\/\/schweizversand.ch\/fr\/wp-json\/wp\/v2\/media?parent=267376"}],"wp:term":[{"taxonomy":"product_brand","embeddable":true,"href":"https:\/\/schweizversand.ch\/fr\/wp-json\/wp\/v2\/product_brand?post=267376"},{"taxonomy":"product_cat","embeddable":true,"href":"https:\/\/schweizversand.ch\/fr\/wp-json\/wp\/v2\/product_cat?post=267376"},{"taxonomy":"product_tag","embeddable":true,"href":"https:\/\/schweizversand.ch\/fr\/wp-json\/wp\/v2\/product_tag?post=267376"}],"curies":[{"name":"wp","href":"https:\/\/api.w.org\/{rel}","templated":true}]}}