{"id":267379,"date":"2026-04-15T15:31:10","date_gmt":"2026-04-15T13:31:10","guid":{"rendered":"https:\/\/schweizversand.ch\/produkt\/hudora-scooter-up-200-4\/"},"modified":"2026-04-17T02:04:56","modified_gmt":"2026-04-17T00:04:56","slug":"hudora-scooter-up-200-4","status":"publish","type":"product","link":"https:\/\/schweizversand.ch\/fr\/produkt\/hudora-scooter-up-200-4\/","title":{"rendered":"Scooter Hudora UP 200"},"content":{"rendered":"<p>D\u00e9couvrez l&rsquo;alliance parfaite du confort, du style et de la s\u00e9curit\u00e9 avec la trottinette Hudora UP 200. Cette trottinette haut de gamme est id\u00e9ale pour tous ceux qui souhaitent se d\u00e9placer en ville comme \u00e0 la campagne avec style et praticit\u00e9. Confortable et \u00e9l\u00e9gante\u00a0: \u2022 Guidon extra-large\u00a0: Le guidon extra-large assure une conduite souple et confortable, pour un meilleur contr\u00f4le de la trottinette. \u2022 Guidon et poign\u00e9es noir mat\u00a0: Le guidon noir mat et les poign\u00e9es \u00e9l\u00e9gantes conf\u00e8rent \u00e0 la trottinette un look moderne et tendance. \u2022 Poign\u00e9es en caoutchouc de haute qualit\u00e9\u00a0: Les poign\u00e9es en caoutchouc TPU offrent une prise en main ferme et un confort optimal, m\u00eame lors de longs trajets. S\u00e9curit\u00e9 et visibilit\u00e9\u00a0: \u2022 Bandes r\u00e9fl\u00e9chissantes sur les pneus\u00a0: Les pneus sont \u00e9quip\u00e9s de bandes r\u00e9fl\u00e9chissantes sur les deux c\u00f4t\u00e9s, am\u00e9liorant votre visibilit\u00e9 et votre s\u00e9curit\u00e9. \u2022 Fonctionnement silencieux\u00a0: Les poign\u00e9es \u00e0 friction garantissent une conduite silencieuse et confortable. \u2022 Caract\u00e9ristiques techniques\u00a0: \u2022 Mat\u00e9riau\u00a0: Fabriqu\u00e9e en aluminium de haute qualit\u00e9, la trottinette est robuste et durable. \u2022 Frein \u00e0 friction arri\u00e8re\u00a0: Le frein \u00e0 friction arri\u00e8re int\u00e9gr\u00e9 assure un freinage s\u00fbr. \u2022 Guidon r\u00e9glable en hauteur : Le guidon est r\u00e9glable en hauteur de 77 cm \u00e0 103 cm pour s&rsquo;adapter parfaitement \u00e0 la taille de l&rsquo;utilisateur. \u2022 Roues \u00e0 rebond \u00e9lev\u00e9 : \u00c9quip\u00e9e de roues en polyur\u00e9thane moul\u00e9 \u00e0 rebond \u00e9lev\u00e9 de 200 mm de diam\u00e8tre pour une conduite fluide. \u2022 Roulements \u00e0 billes : Dot\u00e9e de roulements \u00e0 billes chrom\u00e9s ABEC 5, la trottinette offre d&rsquo;excellentes performances. \u2022 Poids maximal de l&rsquo;utilisateur : La trottinette supporte jusqu&rsquo;\u00e0 100 kg. \u2022 Jantes bicolores : Apporte une touche d&rsquo;\u00e9l\u00e9gance \u00e0 la trottinette. \u2022 Dimensions : Longueur env. 89 cm. La trottinette Hudora UP 200 est non seulement un moyen de transport pratique, mais aussi un accessoire \u00e9l\u00e9gant qui s\u00e9duit par sa fabrication de haute qualit\u00e9 et ses fonctionnalit\u00e9s bien pens\u00e9es. Id\u00e9ale pour les adolescents et les adultes qui souhaitent rester mobiles tout en privil\u00e9giant le confort et la s\u00e9curit\u00e9.<\/p>\n","protected":false},"excerpt":{"rendered":"<p>Hudora Scooter UP 200 \u00fcberzeugt mit extra breitem Lenker, mattschwarzem Design und reflektierenden Reifenprints f\u00fcr maximalen Komfort, Stil und Sicherheit unterwegs.<\/p>\n","protected":false},"featured_media":47557,"comment_status":"open","ping_status":"closed","template":"","meta":[],"product_brand":[],"product_cat":[38632],"product_tag":[],"class_list":{"0":"post-267379","1":"product","2":"type-product","3":"status-publish","4":"has-post-thumbnail","6":"product_cat-scooter","7":"product_shipping_class-global_methods","9":"first","10":"instock","11":"taxable","12":"shipping-taxable","13":"purchasable","14":"product-type-simple"},"yoast_head":"<!-- This site is optimized with the Yoast SEO plugin v27.4 - https:\/\/yoast.com\/product\/yoast-seo-wordpress\/ -->\n<title>Hudora Scooter UP 200<\/title>\n<meta name=\"description\" content=\"Erleben Sie den perfekten Mix aus Komfort, Stil und Sicherheit mit dem Hudora Scooter UP 200. Dieser hochwertige Scooter ist ideal f\u00fcr alle, die sowohl in der S\" \/>\n<meta name=\"robots\" content=\"index, follow, max-snippet:-1, max-image-preview:large, max-video-preview:-1\" \/>\n<link rel=\"canonical\" href=\"https:\/\/schweizversand.ch\/fr\/produkt\/hudora-scooter-up-200-4\/\" \/>\n<meta property=\"og:locale\" content=\"fr_FR\" \/>\n<meta property=\"og:type\" content=\"article\" \/>\n<meta property=\"og:title\" content=\"Hudora Scooter UP 200\" \/>\n<meta property=\"og:description\" content=\"Erleben Sie den perfekten Mix aus Komfort, Stil und Sicherheit mit dem Hudora Scooter UP 200. Dieser hochwertige Scooter ist ideal f\u00fcr alle, die sowohl in der S\" \/>\n<meta property=\"og:url\" content=\"https:\/\/schweizversand.ch\/fr\/produkt\/hudora-scooter-up-200-4\/\" \/>\n<meta property=\"og:site_name\" content=\"Schweizer Shop f\u00fcr Sport, Spiel und Freizeit\" \/>\n<meta property=\"article:publisher\" content=\"https:\/\/www.facebook.com\/Schweizversand\" \/>\n<meta property=\"article:modified_time\" content=\"2026-04-17T00:04:56+00:00\" \/>\n<meta name=\"twitter:card\" content=\"summary_large_image\" \/>\n<meta name=\"twitter:label1\" content=\"Dur\u00e9e de lecture estim\u00e9e\" \/>\n\t<meta name=\"twitter:data1\" content=\"2 minutes\" \/>\n<script type=\"application\/ld+json\" class=\"yoast-schema-graph\">{\"@context\":\"https:\\\/\\\/schema.org\",\"@graph\":[{\"@type\":\"WebPage\",\"@id\":\"https:\\\/\\\/schweizversand.ch\\\/fr\\\/produkt\\\/hudora-scooter-up-200-4\\\/\",\"url\":\"https:\\\/\\\/schweizversand.ch\\\/fr\\\/produkt\\\/hudora-scooter-up-200-4\\\/\",\"name\":\"Hudora Scooter UP 200\",\"isPartOf\":{\"@id\":\"https:\\\/\\\/schweizversand.ch\\\/fr\\\/#website\"},\"primaryImageOfPage\":{\"@id\":\"https:\\\/\\\/schweizversand.ch\\\/fr\\\/produkt\\\/hudora-scooter-up-200-4\\\/#primaryimage\"},\"image\":{\"@id\":\"https:\\\/\\\/schweizversand.ch\\\/fr\\\/produkt\\\/hudora-scooter-up-200-4\\\/#primaryimage\"},\"thumbnailUrl\":\"https:\\\/\\\/schweizversand.ch\\\/wp-content\\\/uploads\\\/2026\\\/01\\\/5471612756.png\",\"datePublished\":\"2026-04-15T13:31:10+00:00\",\"dateModified\":\"2026-04-17T00:04:56+00:00\",\"description\":\"Erleben Sie den perfekten Mix aus Komfort, Stil und Sicherheit mit dem Hudora Scooter UP 200. Dieser hochwertige Scooter ist ideal f\u00fcr alle, die sowohl in der S\",\"breadcrumb\":{\"@id\":\"https:\\\/\\\/schweizversand.ch\\\/fr\\\/produkt\\\/hudora-scooter-up-200-4\\\/#breadcrumb\"},\"inLanguage\":\"fr-FR\",\"potentialAction\":[{\"@type\":\"ReadAction\",\"target\":[\"https:\\\/\\\/schweizversand.ch\\\/fr\\\/produkt\\\/hudora-scooter-up-200-4\\\/\"]}]},{\"@type\":\"ImageObject\",\"inLanguage\":\"fr-FR\",\"@id\":\"https:\\\/\\\/schweizversand.ch\\\/fr\\\/produkt\\\/hudora-scooter-up-200-4\\\/#primaryimage\",\"url\":\"https:\\\/\\\/schweizversand.ch\\\/wp-content\\\/uploads\\\/2026\\\/01\\\/5471612756.png\",\"contentUrl\":\"https:\\\/\\\/schweizversand.ch\\\/wp-content\\\/uploads\\\/2026\\\/01\\\/5471612756.png\",\"width\":846,\"height\":1024},{\"@type\":\"BreadcrumbList\",\"@id\":\"https:\\\/\\\/schweizversand.ch\\\/fr\\\/produkt\\\/hudora-scooter-up-200-4\\\/#breadcrumb\",\"itemListElement\":[{\"@type\":\"ListItem\",\"position\":1,\"name\":\"Startseite\",\"item\":\"https:\\\/\\\/schweizversand.ch\\\/fr\\\/\"},{\"@type\":\"ListItem\",\"position\":2,\"name\":\"Boutique\",\"item\":\"https:\\\/\\\/schweizversand.ch\\\/fr\\\/boutique\\\/\"},{\"@type\":\"ListItem\",\"position\":3,\"name\":\"Scooter Hudora UP 200\"}]},{\"@type\":\"WebSite\",\"@id\":\"https:\\\/\\\/schweizversand.ch\\\/fr\\\/#website\",\"url\":\"https:\\\/\\\/schweizversand.ch\\\/fr\\\/\",\"name\":\"Schweizer Shop f\u00fcr Sport, Spiel und Freizeit\",\"description\":\"Gratisversand ab 50.- (netto), ab eigenem schweizer Lager, Lieferung innert 48h\",\"publisher\":{\"@id\":\"https:\\\/\\\/schweizversand.ch\\\/fr\\\/#organization\"},\"alternateName\":\"Schweizversand.ch\",\"potentialAction\":[{\"@type\":\"SearchAction\",\"target\":{\"@type\":\"EntryPoint\",\"urlTemplate\":\"https:\\\/\\\/schweizversand.ch\\\/fr\\\/?s={search_term_string}\"},\"query-input\":{\"@type\":\"PropertyValueSpecification\",\"valueRequired\":true,\"valueName\":\"search_term_string\"}}],\"inLanguage\":\"fr-FR\"},{\"@type\":\"Organization\",\"@id\":\"https:\\\/\\\/schweizversand.ch\\\/fr\\\/#organization\",\"name\":\"Schweizversand.ch\",\"url\":\"https:\\\/\\\/schweizversand.ch\\\/fr\\\/\",\"logo\":{\"@type\":\"ImageObject\",\"inLanguage\":\"fr-FR\",\"@id\":\"https:\\\/\\\/schweizversand.ch\\\/fr\\\/#\\\/schema\\\/logo\\\/image\\\/\",\"url\":\"https:\\\/\\\/schweizversand.ch\\\/wp-content\\\/uploads\\\/2026\\\/03\\\/Logo_Rund_Final-1.png\",\"contentUrl\":\"https:\\\/\\\/schweizversand.ch\\\/wp-content\\\/uploads\\\/2026\\\/03\\\/Logo_Rund_Final-1.png\",\"width\":404,\"height\":404,\"caption\":\"Schweizversand.ch\"},\"image\":{\"@id\":\"https:\\\/\\\/schweizversand.ch\\\/fr\\\/#\\\/schema\\\/logo\\\/image\\\/\"},\"sameAs\":[\"https:\\\/\\\/www.facebook.com\\\/Schweizversand\",\"https:\\\/\\\/www.instagram.com\\\/schweizversand.ch\\\/\"]}]}<\/script>\n<!-- \/ Yoast SEO plugin. -->","yoast_head_json":{"title":"Hudora Scooter UP 200","description":"Erleben Sie den perfekten Mix aus Komfort, Stil und Sicherheit mit dem Hudora Scooter UP 200. Dieser hochwertige Scooter ist ideal f\u00fcr alle, die sowohl in der S","robots":{"index":"index","follow":"follow","max-snippet":"max-snippet:-1","max-image-preview":"max-image-preview:large","max-video-preview":"max-video-preview:-1"},"canonical":"https:\/\/schweizversand.ch\/fr\/produkt\/hudora-scooter-up-200-4\/","og_locale":"fr_FR","og_type":"article","og_title":"Hudora Scooter UP 200","og_description":"Erleben Sie den perfekten Mix aus Komfort, Stil und Sicherheit mit dem Hudora Scooter UP 200. Dieser hochwertige Scooter ist ideal f\u00fcr alle, die sowohl in der S","og_url":"https:\/\/schweizversand.ch\/fr\/produkt\/hudora-scooter-up-200-4\/","og_site_name":"Schweizer Shop f\u00fcr Sport, Spiel und Freizeit","article_publisher":"https:\/\/www.facebook.com\/Schweizversand","article_modified_time":"2026-04-17T00:04:56+00:00","twitter_card":"summary_large_image","twitter_misc":{"Dur\u00e9e de lecture estim\u00e9e":"2 minutes"},"schema":{"@context":"https:\/\/schema.org","@graph":[{"@type":"WebPage","@id":"https:\/\/schweizversand.ch\/fr\/produkt\/hudora-scooter-up-200-4\/","url":"https:\/\/schweizversand.ch\/fr\/produkt\/hudora-scooter-up-200-4\/","name":"Hudora Scooter UP 200","isPartOf":{"@id":"https:\/\/schweizversand.ch\/fr\/#website"},"primaryImageOfPage":{"@id":"https:\/\/schweizversand.ch\/fr\/produkt\/hudora-scooter-up-200-4\/#primaryimage"},"image":{"@id":"https:\/\/schweizversand.ch\/fr\/produkt\/hudora-scooter-up-200-4\/#primaryimage"},"thumbnailUrl":"https:\/\/schweizversand.ch\/wp-content\/uploads\/2026\/01\/5471612756.png","datePublished":"2026-04-15T13:31:10+00:00","dateModified":"2026-04-17T00:04:56+00:00","description":"Erleben Sie den perfekten Mix aus Komfort, Stil und Sicherheit mit dem Hudora Scooter UP 200. Dieser hochwertige Scooter ist ideal f\u00fcr alle, die sowohl in der S","breadcrumb":{"@id":"https:\/\/schweizversand.ch\/fr\/produkt\/hudora-scooter-up-200-4\/#breadcrumb"},"inLanguage":"fr-FR","potentialAction":[{"@type":"ReadAction","target":["https:\/\/schweizversand.ch\/fr\/produkt\/hudora-scooter-up-200-4\/"]}]},{"@type":"ImageObject","inLanguage":"fr-FR","@id":"https:\/\/schweizversand.ch\/fr\/produkt\/hudora-scooter-up-200-4\/#primaryimage","url":"https:\/\/schweizversand.ch\/wp-content\/uploads\/2026\/01\/5471612756.png","contentUrl":"https:\/\/schweizversand.ch\/wp-content\/uploads\/2026\/01\/5471612756.png","width":846,"height":1024},{"@type":"BreadcrumbList","@id":"https:\/\/schweizversand.ch\/fr\/produkt\/hudora-scooter-up-200-4\/#breadcrumb","itemListElement":[{"@type":"ListItem","position":1,"name":"Startseite","item":"https:\/\/schweizversand.ch\/fr\/"},{"@type":"ListItem","position":2,"name":"Boutique","item":"https:\/\/schweizversand.ch\/fr\/boutique\/"},{"@type":"ListItem","position":3,"name":"Scooter Hudora UP 200"}]},{"@type":"WebSite","@id":"https:\/\/schweizversand.ch\/fr\/#website","url":"https:\/\/schweizversand.ch\/fr\/","name":"Schweizer Shop f\u00fcr Sport, Spiel und Freizeit","description":"Gratisversand ab 50.- (netto), ab eigenem schweizer Lager, Lieferung innert 48h","publisher":{"@id":"https:\/\/schweizversand.ch\/fr\/#organization"},"alternateName":"Schweizversand.ch","potentialAction":[{"@type":"SearchAction","target":{"@type":"EntryPoint","urlTemplate":"https:\/\/schweizversand.ch\/fr\/?s={search_term_string}"},"query-input":{"@type":"PropertyValueSpecification","valueRequired":true,"valueName":"search_term_string"}}],"inLanguage":"fr-FR"},{"@type":"Organization","@id":"https:\/\/schweizversand.ch\/fr\/#organization","name":"Schweizversand.ch","url":"https:\/\/schweizversand.ch\/fr\/","logo":{"@type":"ImageObject","inLanguage":"fr-FR","@id":"https:\/\/schweizversand.ch\/fr\/#\/schema\/logo\/image\/","url":"https:\/\/schweizversand.ch\/wp-content\/uploads\/2026\/03\/Logo_Rund_Final-1.png","contentUrl":"https:\/\/schweizversand.ch\/wp-content\/uploads\/2026\/03\/Logo_Rund_Final-1.png","width":404,"height":404,"caption":"Schweizversand.ch"},"image":{"@id":"https:\/\/schweizversand.ch\/fr\/#\/schema\/logo\/image\/"},"sameAs":["https:\/\/www.facebook.com\/Schweizversand","https:\/\/www.instagram.com\/schweizversand.ch\/"]}]}},"jetpack_sharing_enabled":true,"_links":{"self":[{"href":"https:\/\/schweizversand.ch\/fr\/wp-json\/wp\/v2\/product\/267379","targetHints":{"allow":["GET"]}}],"collection":[{"href":"https:\/\/schweizversand.ch\/fr\/wp-json\/wp\/v2\/product"}],"about":[{"href":"https:\/\/schweizversand.ch\/fr\/wp-json\/wp\/v2\/types\/product"}],"replies":[{"embeddable":true,"href":"https:\/\/schweizversand.ch\/fr\/wp-json\/wp\/v2\/comments?post=267379"}],"wp:featuredmedia":[{"embeddable":true,"href":"https:\/\/schweizversand.ch\/fr\/wp-json\/wp\/v2\/media\/47557"}],"wp:attachment":[{"href":"https:\/\/schweizversand.ch\/fr\/wp-json\/wp\/v2\/media?parent=267379"}],"wp:term":[{"taxonomy":"product_brand","embeddable":true,"href":"https:\/\/schweizversand.ch\/fr\/wp-json\/wp\/v2\/product_brand?post=267379"},{"taxonomy":"product_cat","embeddable":true,"href":"https:\/\/schweizversand.ch\/fr\/wp-json\/wp\/v2\/product_cat?post=267379"},{"taxonomy":"product_tag","embeddable":true,"href":"https:\/\/schweizversand.ch\/fr\/wp-json\/wp\/v2\/product_tag?post=267379"}],"curies":[{"name":"wp","href":"https:\/\/api.w.org\/{rel}","templated":true}]}}